{"id":32628,"date":"2023-11-16T12:14:10","date_gmt":"2023-11-16T11:14:10","guid":{"rendered":"https:\/\/www.franz-stadlhofer.at\/shop\/?post_type=product&#038;p=32628"},"modified":"2025-10-21T20:44:10","modified_gmt":"2025-10-21T18:44:10","slug":"jaxon-aquarellfarben","status":"publish","type":"product","link":"https:\/\/www.franz-stadlhofer.at\/shop\/produkt\/jaxon-aquarellfarben\/","title":{"rendered":"Jaxon Aquarellfarben"},"content":{"rendered":"<p>Die Schnitzer:innen haben jetzt auch die Farbe entdeckt! Mischt man diese Aquarellfarben zur Wachsbeize hinzu lassen sich ungeahnte Farbkombinationen erstellen, die der fertigen Schnitzerei noch das gewisse &#8222;Etwas&#8220; verleihen kann. Im neuen <a href=\"https:\/\/www.franz-stadlhofer.at\/kursthema\/oberflaechenbehandlung\/\" target=\"_blank\" rel=\"noopener\"><strong>Kursformat &#8222;Kolorieren von Schnitzereien&#8220; mit Marius Fischer<\/strong><\/a> kann man ab jetzt unter fachlicher Anleitung farblich experimentieren.<\/p>\n<p>Dieses <strong>Aquarellfarben Set von JAXON \u00ae<\/strong> besteht aus 24 halben N\u00e4pfen. Viele bevorzugen diese festen Aquarellfarben, da sie sich besser und sparsamer dosieren lassen als Farbe in Tuben.<\/p>\n<p>Schon mit kleinen Mengen Wasser l\u00e4sst sich die Farbe gut anl\u00f6sen. Sie werden mit hochwertigen Pigmenten und Bindemitteln wie Gummi Arabicum hergestellt. Dies ergibt leuchtende und intensive Farben und erm\u00f6glicht einen gleichm\u00e4\u00dfigen Farbverlauf. Die einzelnen Farbt\u00f6ne lassen sich sehr gut untereinander zu vielf\u00e4ltigen Farbnuancen mischen.<\/p>\n<p><strong>Folgende Farben sind im Set enthalten:<\/strong><\/p>\n<table style=\"height: 212px;\" width=\"881\">\n<tbody>\n<tr>\n<td width=\"168\">101 Titan-Deckwei\u00df<\/td>\n<td width=\"163\">308 Permanentrot<\/td>\n<td width=\"145\">412 Preu\u00dfischblau<\/td>\n<td width=\"129\">606 Olivbraun<\/td>\n<\/tr>\n<tr>\n<td width=\"168\">202 Zitronengelb<\/td>\n<td width=\"163\">310 Permanentrosa<\/td>\n<td width=\"145\">502 Malachitgr\u00fcn<\/td>\n<td width=\"129\">608 Sienna gebrannt<\/td>\n<\/tr>\n<tr>\n<td width=\"168\">204 Permanent Gelb<\/td>\n<td width=\"163\">314 Karminrot<\/td>\n<td width=\"145\">506 Brillantgr\u00fcn<\/td>\n<td width=\"129\">612 Rotocker hell<\/td>\n<\/tr>\n<tr>\n<td width=\"168\">210 Neapelgelb<\/td>\n<td width=\"163\">402 Permanent Violett<\/td>\n<td width=\"145\">514 Gelbgr\u00fcn<\/td>\n<td width=\"129\">620 Van Dyck Braun<\/td>\n<\/tr>\n<tr>\n<td width=\"168\">302 Orange<\/td>\n<td width=\"163\">406 Cyan<\/td>\n<td width=\"145\">516 Olivgr\u00fcn<\/td>\n<td width=\"129\">704 Indigo<\/td>\n<\/tr>\n<tr>\n<td width=\"168\">304 Zinnoberrot<\/td>\n<td width=\"163\">410 Ultramarinblau<\/td>\n<td width=\"145\">602 Gelber Ocker<\/td>\n<td width=\"129\">706 Elfenbeinschwarz<\/td>\n<\/tr>\n<\/tbody>\n<\/table>\n","protected":false},"excerpt":{"rendered":"<p>Die Schnitzer:innen haben jetzt auch die Farbe entdeckt! Mischt man diese Aquarellfarben zur Wachsbeize hinzu lassen sich ungeahnte Farbkombinationen erstellen, die der fertigen Schnitzerei noch das gewisse &#8222;Etwas&#8220; verleihen kann. Im neuen Kursformat &#8222;Kolorieren von  [&#8230;]<\/p>\n","protected":false},"featured_media":32645,"template":"","meta":[],"product_brand":[],"product_cat":[791,1188],"product_tag":[1519,1520,1521],"class_list":{"0":"post-32628","1":"product","2":"type-product","3":"status-publish","4":"has-post-thumbnail","6":"product_cat-oberflachenbehandlung","7":"product_cat-drum-herum","8":"product_tag-aquarellfarbe","9":"product_tag-wasserfarbe","10":"product_tag-kuenstlerfarbe","12":"first","13":"instock","14":"taxable","15":"shipping-taxable","16":"purchasable","17":"product-type-simple"},"barcode":null,"atum_controlled":true,"out_stock_date":null,"out_stock_threshold":null,"inheritable":false,"stock_on_hold":0,"sold_today":0,"sales_last_days":0,"reserved_stock":0,"customer_returns":0,"warehouse_damage":0,"lost_in_post":0,"other_logs":0,"out_stock_days":0,"lost_sales":0,"update_date":"2026-05-17T00:11:31","atum_locations":[],"atum_stock_status":"instock","restock_status":false,"low_stock_amount":"","sales_update_date":"2026-05-17T00:11:31","calc_backorders":null,"yoast_head":"<!-- This site is optimized with the Yoast SEO plugin v27.5 - https:\/\/yoast.com\/product\/yoast-seo-wordpress\/ -->\n<title>Jaxon Feine K\u00fcnstler-Aquarellfarben<\/title>\n<meta name=\"description\" content=\"Die Schnitzer:innen haben jetzt auch die Farbe entdeckt! Mischt man diese Aquarellfarben zur Wachsbeize hinzu lassen sich ungeahnte Farbkombinationen erstellen, die der fertigen Schnitzerei noch das gewisse &quot;Etwas&quot; verleihen kann. Schon mit kleinen Mengen Wasser l\u00e4sst sich die Farbe gut anl\u00f6sen. Sie werden mit hochwertigen Pigmenten und Bindemitteln wie Gummi Arabicum hergestellt. Dies ergibt leuchtende und intensive Farben und erm\u00f6glicht einen gleichm\u00e4\u00dfigen Farbverlauf. Die einzelnen Farbt\u00f6ne lassen sich sehr gut untereinander zu vielf\u00e4ltigen Farbnuancen mischen.\" \/>\n<meta name=\"robots\" content=\"index, follow, max-snippet:-1, max-image-preview:large, max-video-preview:-1\" \/>\n<link rel=\"canonical\" href=\"https:\/\/www.franz-stadlhofer.at\/shop\/produkt\/jaxon-aquarellfarben\/\" \/>\n<meta property=\"og:locale\" content=\"de_DE\" \/>\n<meta property=\"og:type\" content=\"article\" \/>\n<meta property=\"og:title\" content=\"Jaxon Feine K\u00fcnstler-Aquarellfarben\" \/>\n<meta property=\"og:description\" content=\"Die Schnitzer:innen haben jetzt auch die Farbe entdeckt! Mischt man diese Aquarellfarben zur Wachsbeize hinzu lassen sich ungeahnte Farbkombinationen erstellen, die der fertigen Schnitzerei noch das gewisse &quot;Etwas&quot; verleihen kann. Schon mit kleinen Mengen Wasser l\u00e4sst sich die Farbe gut anl\u00f6sen. Sie werden mit hochwertigen Pigmenten und Bindemitteln wie Gummi Arabicum hergestellt. Dies ergibt leuchtende und intensive Farben und erm\u00f6glicht einen gleichm\u00e4\u00dfigen Farbverlauf. Die einzelnen Farbt\u00f6ne lassen sich sehr gut untereinander zu vielf\u00e4ltigen Farbnuancen mischen.\" \/>\n<meta property=\"og:url\" content=\"https:\/\/www.franz-stadlhofer.at\/shop\/produkt\/jaxon-aquarellfarben\/\" \/>\n<meta property=\"og:site_name\" content=\"Schnitzstube Stadlhofer Shop\" \/>\n<meta property=\"article:modified_time\" content=\"2025-10-21T18:44:10+00:00\" \/>\n<meta property=\"og:image\" content=\"https:\/\/www.franz-stadlhofer.at\/shop\/wp-content\/uploads\/2023\/11\/Jaxon-Aquarellfarbe-im-Metallkasten-24.jpg\" \/>\n\t<meta property=\"og:image:width\" content=\"945\" \/>\n\t<meta property=\"og:image:height\" content=\"945\" \/>\n\t<meta property=\"og:image:type\" content=\"image\/jpeg\" \/>\n<meta name=\"twitter:card\" content=\"summary_large_image\" \/>\n<meta name=\"twitter:label1\" content=\"Gesch\u00e4tzte Lesezeit\" \/>\n\t<meta name=\"twitter:data1\" content=\"2\u00a0Minuten\" \/>\n<script type=\"application\/ld+json\" class=\"yoast-schema-graph\">{\"@context\":\"https:\\\/\\\/schema.org\",\"@graph\":[{\"@type\":\"WebPage\",\"@id\":\"https:\\\/\\\/www.franz-stadlhofer.at\\\/shop\\\/produkt\\\/jaxon-aquarellfarben\\\/\",\"url\":\"https:\\\/\\\/www.franz-stadlhofer.at\\\/shop\\\/produkt\\\/jaxon-aquarellfarben\\\/\",\"name\":\"Jaxon Feine K\u00fcnstler-Aquarellfarben\",\"isPartOf\":{\"@id\":\"https:\\\/\\\/www.franz-stadlhofer.at\\\/shop\\\/#website\"},\"primaryImageOfPage\":{\"@id\":\"https:\\\/\\\/www.franz-stadlhofer.at\\\/shop\\\/produkt\\\/jaxon-aquarellfarben\\\/#primaryimage\"},\"image\":{\"@id\":\"https:\\\/\\\/www.franz-stadlhofer.at\\\/shop\\\/produkt\\\/jaxon-aquarellfarben\\\/#primaryimage\"},\"thumbnailUrl\":\"https:\\\/\\\/www.franz-stadlhofer.at\\\/shop\\\/wp-content\\\/uploads\\\/2023\\\/11\\\/Jaxon-Aquarellfarbe-im-Metallkasten-24.jpg\",\"datePublished\":\"2023-11-16T11:14:10+00:00\",\"dateModified\":\"2025-10-21T18:44:10+00:00\",\"description\":\"Die Schnitzer:innen haben jetzt auch die Farbe entdeckt! Mischt man diese Aquarellfarben zur Wachsbeize hinzu lassen sich ungeahnte Farbkombinationen erstellen, die der fertigen Schnitzerei noch das gewisse \\\"Etwas\\\" verleihen kann. Schon mit kleinen Mengen Wasser l\u00e4sst sich die Farbe gut anl\u00f6sen. Sie werden mit hochwertigen Pigmenten und Bindemitteln wie Gummi Arabicum hergestellt. Dies ergibt leuchtende und intensive Farben und erm\u00f6glicht einen gleichm\u00e4\u00dfigen Farbverlauf. Die einzelnen Farbt\u00f6ne lassen sich sehr gut untereinander zu vielf\u00e4ltigen Farbnuancen mischen.\",\"breadcrumb\":{\"@id\":\"https:\\\/\\\/www.franz-stadlhofer.at\\\/shop\\\/produkt\\\/jaxon-aquarellfarben\\\/#breadcrumb\"},\"inLanguage\":\"de\",\"potentialAction\":[{\"@type\":\"ReadAction\",\"target\":[\"https:\\\/\\\/www.franz-stadlhofer.at\\\/shop\\\/produkt\\\/jaxon-aquarellfarben\\\/\"]}]},{\"@type\":\"ImageObject\",\"inLanguage\":\"de\",\"@id\":\"https:\\\/\\\/www.franz-stadlhofer.at\\\/shop\\\/produkt\\\/jaxon-aquarellfarben\\\/#primaryimage\",\"url\":\"https:\\\/\\\/www.franz-stadlhofer.at\\\/shop\\\/wp-content\\\/uploads\\\/2023\\\/11\\\/Jaxon-Aquarellfarbe-im-Metallkasten-24.jpg\",\"contentUrl\":\"https:\\\/\\\/www.franz-stadlhofer.at\\\/shop\\\/wp-content\\\/uploads\\\/2023\\\/11\\\/Jaxon-Aquarellfarbe-im-Metallkasten-24.jpg\",\"width\":945,\"height\":945,\"caption\":\"Jaxon Aquarellfarbe mit 24 halben Farbn\u00e4pfen - Schnitzstube Stadlhofer\"},{\"@type\":\"BreadcrumbList\",\"@id\":\"https:\\\/\\\/www.franz-stadlhofer.at\\\/shop\\\/produkt\\\/jaxon-aquarellfarben\\\/#breadcrumb\",\"itemListElement\":[{\"@type\":\"ListItem\",\"position\":1,\"name\":\"Startseite\",\"item\":\"https:\\\/\\\/www.franz-stadlhofer.at\\\/shop\\\/\"},{\"@type\":\"ListItem\",\"position\":2,\"name\":\"Produkte\",\"item\":\"https:\\\/\\\/www.franz-stadlhofer.at\\\/shop\\\/shop\\\/\"},{\"@type\":\"ListItem\",\"position\":3,\"name\":\"Jaxon Aquarellfarben\"}]},{\"@type\":\"WebSite\",\"@id\":\"https:\\\/\\\/www.franz-stadlhofer.at\\\/shop\\\/#website\",\"url\":\"https:\\\/\\\/www.franz-stadlhofer.at\\\/shop\\\/\",\"name\":\"Schnitzstube Stadlhofer Shop\",\"description\":\"Holzschnitzen Onlineshop\",\"publisher\":{\"@id\":\"https:\\\/\\\/www.franz-stadlhofer.at\\\/shop\\\/#organization\"},\"potentialAction\":[{\"@type\":\"SearchAction\",\"target\":{\"@type\":\"EntryPoint\",\"urlTemplate\":\"https:\\\/\\\/www.franz-stadlhofer.at\\\/shop\\\/?s={search_term_string}\"},\"query-input\":{\"@type\":\"PropertyValueSpecification\",\"valueRequired\":true,\"valueName\":\"search_term_string\"}}],\"inLanguage\":\"de\"},{\"@type\":\"Organization\",\"@id\":\"https:\\\/\\\/www.franz-stadlhofer.at\\\/shop\\\/#organization\",\"name\":\"Schnitzstube Stadlhofer Shop\",\"url\":\"https:\\\/\\\/www.franz-stadlhofer.at\\\/shop\\\/\",\"logo\":{\"@type\":\"ImageObject\",\"inLanguage\":\"de\",\"@id\":\"https:\\\/\\\/www.franz-stadlhofer.at\\\/shop\\\/#\\\/schema\\\/logo\\\/image\\\/\",\"url\":\"https:\\\/\\\/www.franz-stadlhofer.at\\\/shop\\\/wp-content\\\/uploads\\\/2019\\\/10\\\/LOGO-2-RETINA.png\",\"contentUrl\":\"https:\\\/\\\/www.franz-stadlhofer.at\\\/shop\\\/wp-content\\\/uploads\\\/2019\\\/10\\\/LOGO-2-RETINA.png\",\"width\":471,\"height\":160,\"caption\":\"Schnitzstube Stadlhofer Shop\"},\"image\":{\"@id\":\"https:\\\/\\\/www.franz-stadlhofer.at\\\/shop\\\/#\\\/schema\\\/logo\\\/image\\\/\"}}]}<\/script>\n<!-- \/ Yoast SEO plugin. -->","yoast_head_json":{"title":"Jaxon Feine K\u00fcnstler-Aquarellfarben","description":"Die Schnitzer:innen haben jetzt auch die Farbe entdeckt! Mischt man diese Aquarellfarben zur Wachsbeize hinzu lassen sich ungeahnte Farbkombinationen erstellen, die der fertigen Schnitzerei noch das gewisse \"Etwas\" verleihen kann. Schon mit kleinen Mengen Wasser l\u00e4sst sich die Farbe gut anl\u00f6sen. Sie werden mit hochwertigen Pigmenten und Bindemitteln wie Gummi Arabicum hergestellt. Dies ergibt leuchtende und intensive Farben und erm\u00f6glicht einen gleichm\u00e4\u00dfigen Farbverlauf. Die einzelnen Farbt\u00f6ne lassen sich sehr gut untereinander zu vielf\u00e4ltigen Farbnuancen mischen.","robots":{"index":"index","follow":"follow","max-snippet":"max-snippet:-1","max-image-preview":"max-image-preview:large","max-video-preview":"max-video-preview:-1"},"canonical":"https:\/\/www.franz-stadlhofer.at\/shop\/produkt\/jaxon-aquarellfarben\/","og_locale":"de_DE","og_type":"article","og_title":"Jaxon Feine K\u00fcnstler-Aquarellfarben","og_description":"Die Schnitzer:innen haben jetzt auch die Farbe entdeckt! Mischt man diese Aquarellfarben zur Wachsbeize hinzu lassen sich ungeahnte Farbkombinationen erstellen, die der fertigen Schnitzerei noch das gewisse \"Etwas\" verleihen kann. Schon mit kleinen Mengen Wasser l\u00e4sst sich die Farbe gut anl\u00f6sen. Sie werden mit hochwertigen Pigmenten und Bindemitteln wie Gummi Arabicum hergestellt. Dies ergibt leuchtende und intensive Farben und erm\u00f6glicht einen gleichm\u00e4\u00dfigen Farbverlauf. Die einzelnen Farbt\u00f6ne lassen sich sehr gut untereinander zu vielf\u00e4ltigen Farbnuancen mischen.","og_url":"https:\/\/www.franz-stadlhofer.at\/shop\/produkt\/jaxon-aquarellfarben\/","og_site_name":"Schnitzstube Stadlhofer Shop","article_modified_time":"2025-10-21T18:44:10+00:00","og_image":[{"width":945,"height":945,"url":"https:\/\/www.franz-stadlhofer.at\/shop\/wp-content\/uploads\/2023\/11\/Jaxon-Aquarellfarbe-im-Metallkasten-24.jpg","type":"image\/jpeg"}],"twitter_card":"summary_large_image","twitter_misc":{"Gesch\u00e4tzte Lesezeit":"2\u00a0Minuten"},"schema":{"@context":"https:\/\/schema.org","@graph":[{"@type":"WebPage","@id":"https:\/\/www.franz-stadlhofer.at\/shop\/produkt\/jaxon-aquarellfarben\/","url":"https:\/\/www.franz-stadlhofer.at\/shop\/produkt\/jaxon-aquarellfarben\/","name":"Jaxon Feine K\u00fcnstler-Aquarellfarben","isPartOf":{"@id":"https:\/\/www.franz-stadlhofer.at\/shop\/#website"},"primaryImageOfPage":{"@id":"https:\/\/www.franz-stadlhofer.at\/shop\/produkt\/jaxon-aquarellfarben\/#primaryimage"},"image":{"@id":"https:\/\/www.franz-stadlhofer.at\/shop\/produkt\/jaxon-aquarellfarben\/#primaryimage"},"thumbnailUrl":"https:\/\/www.franz-stadlhofer.at\/shop\/wp-content\/uploads\/2023\/11\/Jaxon-Aquarellfarbe-im-Metallkasten-24.jpg","datePublished":"2023-11-16T11:14:10+00:00","dateModified":"2025-10-21T18:44:10+00:00","description":"Die Schnitzer:innen haben jetzt auch die Farbe entdeckt! Mischt man diese Aquarellfarben zur Wachsbeize hinzu lassen sich ungeahnte Farbkombinationen erstellen, die der fertigen Schnitzerei noch das gewisse \"Etwas\" verleihen kann. Schon mit kleinen Mengen Wasser l\u00e4sst sich die Farbe gut anl\u00f6sen. Sie werden mit hochwertigen Pigmenten und Bindemitteln wie Gummi Arabicum hergestellt. Dies ergibt leuchtende und intensive Farben und erm\u00f6glicht einen gleichm\u00e4\u00dfigen Farbverlauf. Die einzelnen Farbt\u00f6ne lassen sich sehr gut untereinander zu vielf\u00e4ltigen Farbnuancen mischen.","breadcrumb":{"@id":"https:\/\/www.franz-stadlhofer.at\/shop\/produkt\/jaxon-aquarellfarben\/#breadcrumb"},"inLanguage":"de","potentialAction":[{"@type":"ReadAction","target":["https:\/\/www.franz-stadlhofer.at\/shop\/produkt\/jaxon-aquarellfarben\/"]}]},{"@type":"ImageObject","inLanguage":"de","@id":"https:\/\/www.franz-stadlhofer.at\/shop\/produkt\/jaxon-aquarellfarben\/#primaryimage","url":"https:\/\/www.franz-stadlhofer.at\/shop\/wp-content\/uploads\/2023\/11\/Jaxon-Aquarellfarbe-im-Metallkasten-24.jpg","contentUrl":"https:\/\/www.franz-stadlhofer.at\/shop\/wp-content\/uploads\/2023\/11\/Jaxon-Aquarellfarbe-im-Metallkasten-24.jpg","width":945,"height":945,"caption":"Jaxon Aquarellfarbe mit 24 halben Farbn\u00e4pfen - Schnitzstube Stadlhofer"},{"@type":"BreadcrumbList","@id":"https:\/\/www.franz-stadlhofer.at\/shop\/produkt\/jaxon-aquarellfarben\/#breadcrumb","itemListElement":[{"@type":"ListItem","position":1,"name":"Startseite","item":"https:\/\/www.franz-stadlhofer.at\/shop\/"},{"@type":"ListItem","position":2,"name":"Produkte","item":"https:\/\/www.franz-stadlhofer.at\/shop\/shop\/"},{"@type":"ListItem","position":3,"name":"Jaxon Aquarellfarben"}]},{"@type":"WebSite","@id":"https:\/\/www.franz-stadlhofer.at\/shop\/#website","url":"https:\/\/www.franz-stadlhofer.at\/shop\/","name":"Schnitzstube Stadlhofer Shop","description":"Holzschnitzen Onlineshop","publisher":{"@id":"https:\/\/www.franz-stadlhofer.at\/shop\/#organization"},"potentialAction":[{"@type":"SearchAction","target":{"@type":"EntryPoint","urlTemplate":"https:\/\/www.franz-stadlhofer.at\/shop\/?s={search_term_string}"},"query-input":{"@type":"PropertyValueSpecification","valueRequired":true,"valueName":"search_term_string"}}],"inLanguage":"de"},{"@type":"Organization","@id":"https:\/\/www.franz-stadlhofer.at\/shop\/#organization","name":"Schnitzstube Stadlhofer Shop","url":"https:\/\/www.franz-stadlhofer.at\/shop\/","logo":{"@type":"ImageObject","inLanguage":"de","@id":"https:\/\/www.franz-stadlhofer.at\/shop\/#\/schema\/logo\/image\/","url":"https:\/\/www.franz-stadlhofer.at\/shop\/wp-content\/uploads\/2019\/10\/LOGO-2-RETINA.png","contentUrl":"https:\/\/www.franz-stadlhofer.at\/shop\/wp-content\/uploads\/2019\/10\/LOGO-2-RETINA.png","width":471,"height":160,"caption":"Schnitzstube Stadlhofer Shop"},"image":{"@id":"https:\/\/www.franz-stadlhofer.at\/shop\/#\/schema\/logo\/image\/"}}]}},"_links":{"self":[{"href":"https:\/\/www.franz-stadlhofer.at\/shop\/wp-json\/wp\/v2\/product\/32628","targetHints":{"allow":["GET"]}}],"collection":[{"href":"https:\/\/www.franz-stadlhofer.at\/shop\/wp-json\/wp\/v2\/product"}],"about":[{"href":"https:\/\/www.franz-stadlhofer.at\/shop\/wp-json\/wp\/v2\/types\/product"}],"wp:featuredmedia":[{"embeddable":true,"href":"https:\/\/www.franz-stadlhofer.at\/shop\/wp-json\/wp\/v2\/media\/32645"}],"wp:attachment":[{"href":"https:\/\/www.franz-stadlhofer.at\/shop\/wp-json\/wp\/v2\/media?parent=32628"}],"wp:term":[{"taxonomy":"product_brand","embeddable":true,"href":"https:\/\/www.franz-stadlhofer.at\/shop\/wp-json\/wp\/v2\/product_brand?post=32628"},{"taxonomy":"product_cat","embeddable":true,"href":"https:\/\/www.franz-stadlhofer.at\/shop\/wp-json\/wp\/v2\/product_cat?post=32628"},{"taxonomy":"product_tag","embeddable":true,"href":"https:\/\/www.franz-stadlhofer.at\/shop\/wp-json\/wp\/v2\/product_tag?post=32628"}],"curies":[{"name":"wp","href":"https:\/\/api.w.org\/{rel}","templated":true}]}}