{"id":32472,"date":"2023-07-01T12:21:05","date_gmt":"2023-07-01T10:21:05","guid":{"rendered":"https:\/\/www.franz-stadlhofer.at\/shop\/?post_type=product&#038;p=32472"},"modified":"2025-08-19T19:56:15","modified_gmt":"2025-08-19T17:56:15","slug":"vorlagenheft-11-geschnitzte-blumenmotive-a","status":"publish","type":"product","link":"https:\/\/www.franz-stadlhofer.at\/shop\/produkt\/vorlagenheft-11-geschnitzte-blumenmotive-a\/","title":{"rendered":"Vorlagenheft 11 &#8211; Geschnitzte Blumenmotive A"},"content":{"rendered":"<div class=\"fusion-fullwidth fullwidth-box fusion-builder-row-1 nonhundred-percent-fullwidth non-hundred-percent-height-scrolling\" style=\"--awb-border-radius-top-left:0px;--awb-border-radius-top-right:0px;--awb-border-radius-bottom-right:0px;--awb-border-radius-bottom-left:0px;--awb-flex-wrap:wrap;\" ><div class=\"fusion-builder-row fusion-row\"><div class=\"fusion-layout-column fusion_builder_column fusion-builder-column-0 fusion_builder_column_1_1 1_1 fusion-one-full fusion-column-first fusion-column-last\" style=\"--awb-bg-size:cover;--awb-margin-top:0px;--awb-margin-bottom:0px;\"><div class=\"fusion-column-wrapper fusion-flex-column-wrapper-legacy\"><div class=\"fusion-text fusion-text-1\" style=\"--awb-text-transform:none;\"><p><strong>Blumen sind das L\u00e4cheln dieser Erde.<\/strong><\/p>\n<p>Aus diesem Grund haben wir ihnen ein eigenes Vorlagenheft gewidmet.<br \/>\nEs gibt unz\u00e4hlige Varianten und M\u00f6glichkeiten Blumen im Holz zu verewigen. Vorteil: man muss sie nicht gie\u00dfen, sie verbl\u00fchen nie und bleiben immer frisch!<br \/>\nEinige Exemplare haben wir in verschiedenen Schwierigkeitsgraden ausgesucht und f\u00fcr Euch zusammengestellt.<\/p>\n<p>In bereits bew\u00e4hrter Form: sowohl als Zeichnung, die man beliebig f\u00fcr das Werkst\u00fcck in der Gr\u00f6\u00dfe anpassen kann, als auch das Foto der fertigen Schnitzerei, damit man eine Idee von einer Umsetzungsm\u00f6glichkeit erh\u00e4lt.<\/p>\n<p>36 Seiten<\/p>\n<\/div><div class=\"fusion-clearfix\"><\/div><\/div><\/div><\/div><\/div>\n","protected":false},"excerpt":{"rendered":"","protected":false},"featured_media":32473,"template":"","meta":[],"product_brand":[],"product_cat":[773,1188],"product_tag":[1001,1003,1467,1504,1505,1506],"class_list":{"0":"post-32472","1":"product","2":"type-product","3":"status-publish","4":"has-post-thumbnail","6":"product_cat-lesen-lernen","7":"product_cat-drum-herum","8":"product_tag-heft","9":"product_tag-vorlagen","10":"product_tag-blumen","11":"product_tag-blumenmotive","12":"product_tag-schnitzen","13":"product_tag-schnitzvorlage","15":"first","16":"instock","17":"taxable","18":"shipping-taxable","19":"purchasable","20":"product-type-simple"},"barcode":null,"atum_controlled":true,"out_stock_date":null,"out_stock_threshold":null,"inheritable":false,"stock_on_hold":0,"sold_today":0,"sales_last_days":0,"reserved_stock":0,"customer_returns":0,"warehouse_damage":0,"lost_in_post":0,"other_logs":0,"out_stock_days":0,"lost_sales":0,"update_date":"2026-04-14T00:09:54","atum_locations":[],"atum_stock_status":"instock","restock_status":false,"low_stock_amount":"","sales_update_date":"2026-04-14T00:09:54","calc_backorders":null,"yoast_head":"<!-- This site is optimized with the Yoast SEO plugin v27.3 - https:\/\/yoast.com\/product\/yoast-seo-wordpress\/ -->\n<title>Vorlagenheft 10 - Ostereier A<\/title>\n<meta name=\"description\" content=\"Ein ideales \u00dcbungsheft f\u00fcr alle Kerbschnitzer, auch f\u00fcr Anf\u00e4nger! Auf 12 Seiten finden sich 15 Schnitzideen f\u00fcr Ostereier sowie eine Schnitzvorlage f\u00fcr ein Osterk\u00f6rbchen. Sehr \u00fcbersichtlich sind die Vorlagen wieder sowohl als ausgefertigtes Foto als auch als Musterzeichnung zum leichten Nachmachen abgebildet. Am Besten sind die Vorlagen mittels B\u00fcgelstift aufs Holz zu bringen. Eine kleine Anleitung dazu ist ebenfalls im neuen Heft integriert.\" \/>\n<meta name=\"robots\" content=\"index, follow, max-snippet:-1, max-image-preview:large, max-video-preview:-1\" \/>\n<link rel=\"canonical\" href=\"https:\/\/www.franz-stadlhofer.at\/shop\/produkt\/vorlagenheft-11-geschnitzte-blumenmotive-a\/\" \/>\n<meta property=\"og:locale\" content=\"de_DE\" \/>\n<meta property=\"og:type\" content=\"article\" \/>\n<meta property=\"og:title\" content=\"Vorlagenheft 10 - Ostereier A\" \/>\n<meta property=\"og:description\" content=\"Ein ideales \u00dcbungsheft f\u00fcr alle Kerbschnitzer, auch f\u00fcr Anf\u00e4nger! Auf 12 Seiten finden sich 15 Schnitzideen f\u00fcr Ostereier sowie eine Schnitzvorlage f\u00fcr ein Osterk\u00f6rbchen. Sehr \u00fcbersichtlich sind die Vorlagen wieder sowohl als ausgefertigtes Foto als auch als Musterzeichnung zum leichten Nachmachen abgebildet. Am Besten sind die Vorlagen mittels B\u00fcgelstift aufs Holz zu bringen. Eine kleine Anleitung dazu ist ebenfalls im neuen Heft integriert.\" \/>\n<meta property=\"og:url\" content=\"https:\/\/www.franz-stadlhofer.at\/shop\/produkt\/vorlagenheft-11-geschnitzte-blumenmotive-a\/\" \/>\n<meta property=\"og:site_name\" content=\"Schnitzstube Stadlhofer Shop\" \/>\n<meta property=\"article:modified_time\" content=\"2025-08-19T17:56:15+00:00\" \/>\n<meta property=\"og:image\" content=\"https:\/\/www.franz-stadlhofer.at\/shop\/wp-content\/uploads\/2023\/07\/Vorlagenheft-11-Geschnitzte-Blumenmotive.jpg\" \/>\n\t<meta property=\"og:image:width\" content=\"945\" \/>\n\t<meta property=\"og:image:height\" content=\"945\" \/>\n\t<meta property=\"og:image:type\" content=\"image\/jpeg\" \/>\n<meta name=\"twitter:card\" content=\"summary_large_image\" \/>\n<meta name=\"twitter:label1\" content=\"Gesch\u00e4tzte Lesezeit\" \/>\n\t<meta name=\"twitter:data1\" content=\"2\u00a0Minuten\" \/>\n<script type=\"application\/ld+json\" class=\"yoast-schema-graph\">{\"@context\":\"https:\\\/\\\/schema.org\",\"@graph\":[{\"@type\":\"WebPage\",\"@id\":\"https:\\\/\\\/www.franz-stadlhofer.at\\\/shop\\\/produkt\\\/vorlagenheft-11-geschnitzte-blumenmotive-a\\\/\",\"url\":\"https:\\\/\\\/www.franz-stadlhofer.at\\\/shop\\\/produkt\\\/vorlagenheft-11-geschnitzte-blumenmotive-a\\\/\",\"name\":\"Vorlagenheft 10 - Ostereier A\",\"isPartOf\":{\"@id\":\"https:\\\/\\\/www.franz-stadlhofer.at\\\/shop\\\/#website\"},\"primaryImageOfPage\":{\"@id\":\"https:\\\/\\\/www.franz-stadlhofer.at\\\/shop\\\/produkt\\\/vorlagenheft-11-geschnitzte-blumenmotive-a\\\/#primaryimage\"},\"image\":{\"@id\":\"https:\\\/\\\/www.franz-stadlhofer.at\\\/shop\\\/produkt\\\/vorlagenheft-11-geschnitzte-blumenmotive-a\\\/#primaryimage\"},\"thumbnailUrl\":\"https:\\\/\\\/www.franz-stadlhofer.at\\\/shop\\\/wp-content\\\/uploads\\\/2023\\\/07\\\/Vorlagenheft-11-Geschnitzte-Blumenmotive.jpg\",\"datePublished\":\"2023-07-01T10:21:05+00:00\",\"dateModified\":\"2025-08-19T17:56:15+00:00\",\"description\":\"Ein ideales \u00dcbungsheft f\u00fcr alle Kerbschnitzer, auch f\u00fcr Anf\u00e4nger! Auf 12 Seiten finden sich 15 Schnitzideen f\u00fcr Ostereier sowie eine Schnitzvorlage f\u00fcr ein Osterk\u00f6rbchen. Sehr \u00fcbersichtlich sind die Vorlagen wieder sowohl als ausgefertigtes Foto als auch als Musterzeichnung zum leichten Nachmachen abgebildet. Am Besten sind die Vorlagen mittels B\u00fcgelstift aufs Holz zu bringen. Eine kleine Anleitung dazu ist ebenfalls im neuen Heft integriert.\",\"breadcrumb\":{\"@id\":\"https:\\\/\\\/www.franz-stadlhofer.at\\\/shop\\\/produkt\\\/vorlagenheft-11-geschnitzte-blumenmotive-a\\\/#breadcrumb\"},\"inLanguage\":\"de\",\"potentialAction\":[{\"@type\":\"ReadAction\",\"target\":[\"https:\\\/\\\/www.franz-stadlhofer.at\\\/shop\\\/produkt\\\/vorlagenheft-11-geschnitzte-blumenmotive-a\\\/\"]}]},{\"@type\":\"ImageObject\",\"inLanguage\":\"de\",\"@id\":\"https:\\\/\\\/www.franz-stadlhofer.at\\\/shop\\\/produkt\\\/vorlagenheft-11-geschnitzte-blumenmotive-a\\\/#primaryimage\",\"url\":\"https:\\\/\\\/www.franz-stadlhofer.at\\\/shop\\\/wp-content\\\/uploads\\\/2023\\\/07\\\/Vorlagenheft-11-Geschnitzte-Blumenmotive.jpg\",\"contentUrl\":\"https:\\\/\\\/www.franz-stadlhofer.at\\\/shop\\\/wp-content\\\/uploads\\\/2023\\\/07\\\/Vorlagenheft-11-Geschnitzte-Blumenmotive.jpg\",\"width\":945,\"height\":945,\"caption\":\"Vorlagen geschnitzter Blumenmotive - Schnitzstube Stadlhofer\"},{\"@type\":\"BreadcrumbList\",\"@id\":\"https:\\\/\\\/www.franz-stadlhofer.at\\\/shop\\\/produkt\\\/vorlagenheft-11-geschnitzte-blumenmotive-a\\\/#breadcrumb\",\"itemListElement\":[{\"@type\":\"ListItem\",\"position\":1,\"name\":\"Startseite\",\"item\":\"https:\\\/\\\/www.franz-stadlhofer.at\\\/shop\\\/\"},{\"@type\":\"ListItem\",\"position\":2,\"name\":\"Produkte\",\"item\":\"https:\\\/\\\/www.franz-stadlhofer.at\\\/shop\\\/shop\\\/\"},{\"@type\":\"ListItem\",\"position\":3,\"name\":\"Vorlagenheft 11 &#8211; Geschnitzte Blumenmotive A\"}]},{\"@type\":\"WebSite\",\"@id\":\"https:\\\/\\\/www.franz-stadlhofer.at\\\/shop\\\/#website\",\"url\":\"https:\\\/\\\/www.franz-stadlhofer.at\\\/shop\\\/\",\"name\":\"Schnitzstube Stadlhofer Shop\",\"description\":\"Holzschnitzen Onlineshop\",\"publisher\":{\"@id\":\"https:\\\/\\\/www.franz-stadlhofer.at\\\/shop\\\/#organization\"},\"potentialAction\":[{\"@type\":\"SearchAction\",\"target\":{\"@type\":\"EntryPoint\",\"urlTemplate\":\"https:\\\/\\\/www.franz-stadlhofer.at\\\/shop\\\/?s={search_term_string}\"},\"query-input\":{\"@type\":\"PropertyValueSpecification\",\"valueRequired\":true,\"valueName\":\"search_term_string\"}}],\"inLanguage\":\"de\"},{\"@type\":\"Organization\",\"@id\":\"https:\\\/\\\/www.franz-stadlhofer.at\\\/shop\\\/#organization\",\"name\":\"Schnitzstube Stadlhofer Shop\",\"url\":\"https:\\\/\\\/www.franz-stadlhofer.at\\\/shop\\\/\",\"logo\":{\"@type\":\"ImageObject\",\"inLanguage\":\"de\",\"@id\":\"https:\\\/\\\/www.franz-stadlhofer.at\\\/shop\\\/#\\\/schema\\\/logo\\\/image\\\/\",\"url\":\"https:\\\/\\\/www.franz-stadlhofer.at\\\/shop\\\/wp-content\\\/uploads\\\/2019\\\/10\\\/LOGO-2-RETINA.png\",\"contentUrl\":\"https:\\\/\\\/www.franz-stadlhofer.at\\\/shop\\\/wp-content\\\/uploads\\\/2019\\\/10\\\/LOGO-2-RETINA.png\",\"width\":471,\"height\":160,\"caption\":\"Schnitzstube Stadlhofer Shop\"},\"image\":{\"@id\":\"https:\\\/\\\/www.franz-stadlhofer.at\\\/shop\\\/#\\\/schema\\\/logo\\\/image\\\/\"}}]}<\/script>\n<!-- \/ Yoast SEO plugin. -->","yoast_head_json":{"title":"Vorlagenheft 10 - Ostereier A","description":"Ein ideales \u00dcbungsheft f\u00fcr alle Kerbschnitzer, auch f\u00fcr Anf\u00e4nger! Auf 12 Seiten finden sich 15 Schnitzideen f\u00fcr Ostereier sowie eine Schnitzvorlage f\u00fcr ein Osterk\u00f6rbchen. Sehr \u00fcbersichtlich sind die Vorlagen wieder sowohl als ausgefertigtes Foto als auch als Musterzeichnung zum leichten Nachmachen abgebildet. Am Besten sind die Vorlagen mittels B\u00fcgelstift aufs Holz zu bringen. Eine kleine Anleitung dazu ist ebenfalls im neuen Heft integriert.","robots":{"index":"index","follow":"follow","max-snippet":"max-snippet:-1","max-image-preview":"max-image-preview:large","max-video-preview":"max-video-preview:-1"},"canonical":"https:\/\/www.franz-stadlhofer.at\/shop\/produkt\/vorlagenheft-11-geschnitzte-blumenmotive-a\/","og_locale":"de_DE","og_type":"article","og_title":"Vorlagenheft 10 - Ostereier A","og_description":"Ein ideales \u00dcbungsheft f\u00fcr alle Kerbschnitzer, auch f\u00fcr Anf\u00e4nger! Auf 12 Seiten finden sich 15 Schnitzideen f\u00fcr Ostereier sowie eine Schnitzvorlage f\u00fcr ein Osterk\u00f6rbchen. Sehr \u00fcbersichtlich sind die Vorlagen wieder sowohl als ausgefertigtes Foto als auch als Musterzeichnung zum leichten Nachmachen abgebildet. Am Besten sind die Vorlagen mittels B\u00fcgelstift aufs Holz zu bringen. Eine kleine Anleitung dazu ist ebenfalls im neuen Heft integriert.","og_url":"https:\/\/www.franz-stadlhofer.at\/shop\/produkt\/vorlagenheft-11-geschnitzte-blumenmotive-a\/","og_site_name":"Schnitzstube Stadlhofer Shop","article_modified_time":"2025-08-19T17:56:15+00:00","og_image":[{"width":945,"height":945,"url":"https:\/\/www.franz-stadlhofer.at\/shop\/wp-content\/uploads\/2023\/07\/Vorlagenheft-11-Geschnitzte-Blumenmotive.jpg","type":"image\/jpeg"}],"twitter_card":"summary_large_image","twitter_misc":{"Gesch\u00e4tzte Lesezeit":"2\u00a0Minuten"},"schema":{"@context":"https:\/\/schema.org","@graph":[{"@type":"WebPage","@id":"https:\/\/www.franz-stadlhofer.at\/shop\/produkt\/vorlagenheft-11-geschnitzte-blumenmotive-a\/","url":"https:\/\/www.franz-stadlhofer.at\/shop\/produkt\/vorlagenheft-11-geschnitzte-blumenmotive-a\/","name":"Vorlagenheft 10 - Ostereier A","isPartOf":{"@id":"https:\/\/www.franz-stadlhofer.at\/shop\/#website"},"primaryImageOfPage":{"@id":"https:\/\/www.franz-stadlhofer.at\/shop\/produkt\/vorlagenheft-11-geschnitzte-blumenmotive-a\/#primaryimage"},"image":{"@id":"https:\/\/www.franz-stadlhofer.at\/shop\/produkt\/vorlagenheft-11-geschnitzte-blumenmotive-a\/#primaryimage"},"thumbnailUrl":"https:\/\/www.franz-stadlhofer.at\/shop\/wp-content\/uploads\/2023\/07\/Vorlagenheft-11-Geschnitzte-Blumenmotive.jpg","datePublished":"2023-07-01T10:21:05+00:00","dateModified":"2025-08-19T17:56:15+00:00","description":"Ein ideales \u00dcbungsheft f\u00fcr alle Kerbschnitzer, auch f\u00fcr Anf\u00e4nger! Auf 12 Seiten finden sich 15 Schnitzideen f\u00fcr Ostereier sowie eine Schnitzvorlage f\u00fcr ein Osterk\u00f6rbchen. Sehr \u00fcbersichtlich sind die Vorlagen wieder sowohl als ausgefertigtes Foto als auch als Musterzeichnung zum leichten Nachmachen abgebildet. Am Besten sind die Vorlagen mittels B\u00fcgelstift aufs Holz zu bringen. Eine kleine Anleitung dazu ist ebenfalls im neuen Heft integriert.","breadcrumb":{"@id":"https:\/\/www.franz-stadlhofer.at\/shop\/produkt\/vorlagenheft-11-geschnitzte-blumenmotive-a\/#breadcrumb"},"inLanguage":"de","potentialAction":[{"@type":"ReadAction","target":["https:\/\/www.franz-stadlhofer.at\/shop\/produkt\/vorlagenheft-11-geschnitzte-blumenmotive-a\/"]}]},{"@type":"ImageObject","inLanguage":"de","@id":"https:\/\/www.franz-stadlhofer.at\/shop\/produkt\/vorlagenheft-11-geschnitzte-blumenmotive-a\/#primaryimage","url":"https:\/\/www.franz-stadlhofer.at\/shop\/wp-content\/uploads\/2023\/07\/Vorlagenheft-11-Geschnitzte-Blumenmotive.jpg","contentUrl":"https:\/\/www.franz-stadlhofer.at\/shop\/wp-content\/uploads\/2023\/07\/Vorlagenheft-11-Geschnitzte-Blumenmotive.jpg","width":945,"height":945,"caption":"Vorlagen geschnitzter Blumenmotive - Schnitzstube Stadlhofer"},{"@type":"BreadcrumbList","@id":"https:\/\/www.franz-stadlhofer.at\/shop\/produkt\/vorlagenheft-11-geschnitzte-blumenmotive-a\/#breadcrumb","itemListElement":[{"@type":"ListItem","position":1,"name":"Startseite","item":"https:\/\/www.franz-stadlhofer.at\/shop\/"},{"@type":"ListItem","position":2,"name":"Produkte","item":"https:\/\/www.franz-stadlhofer.at\/shop\/shop\/"},{"@type":"ListItem","position":3,"name":"Vorlagenheft 11 &#8211; Geschnitzte Blumenmotive A"}]},{"@type":"WebSite","@id":"https:\/\/www.franz-stadlhofer.at\/shop\/#website","url":"https:\/\/www.franz-stadlhofer.at\/shop\/","name":"Schnitzstube Stadlhofer Shop","description":"Holzschnitzen Onlineshop","publisher":{"@id":"https:\/\/www.franz-stadlhofer.at\/shop\/#organization"},"potentialAction":[{"@type":"SearchAction","target":{"@type":"EntryPoint","urlTemplate":"https:\/\/www.franz-stadlhofer.at\/shop\/?s={search_term_string}"},"query-input":{"@type":"PropertyValueSpecification","valueRequired":true,"valueName":"search_term_string"}}],"inLanguage":"de"},{"@type":"Organization","@id":"https:\/\/www.franz-stadlhofer.at\/shop\/#organization","name":"Schnitzstube Stadlhofer Shop","url":"https:\/\/www.franz-stadlhofer.at\/shop\/","logo":{"@type":"ImageObject","inLanguage":"de","@id":"https:\/\/www.franz-stadlhofer.at\/shop\/#\/schema\/logo\/image\/","url":"https:\/\/www.franz-stadlhofer.at\/shop\/wp-content\/uploads\/2019\/10\/LOGO-2-RETINA.png","contentUrl":"https:\/\/www.franz-stadlhofer.at\/shop\/wp-content\/uploads\/2019\/10\/LOGO-2-RETINA.png","width":471,"height":160,"caption":"Schnitzstube Stadlhofer Shop"},"image":{"@id":"https:\/\/www.franz-stadlhofer.at\/shop\/#\/schema\/logo\/image\/"}}]}},"_links":{"self":[{"href":"https:\/\/www.franz-stadlhofer.at\/shop\/wp-json\/wp\/v2\/product\/32472","targetHints":{"allow":["GET"]}}],"collection":[{"href":"https:\/\/www.franz-stadlhofer.at\/shop\/wp-json\/wp\/v2\/product"}],"about":[{"href":"https:\/\/www.franz-stadlhofer.at\/shop\/wp-json\/wp\/v2\/types\/product"}],"wp:featuredmedia":[{"embeddable":true,"href":"https:\/\/www.franz-stadlhofer.at\/shop\/wp-json\/wp\/v2\/media\/32473"}],"wp:attachment":[{"href":"https:\/\/www.franz-stadlhofer.at\/shop\/wp-json\/wp\/v2\/media?parent=32472"}],"wp:term":[{"taxonomy":"product_brand","embeddable":true,"href":"https:\/\/www.franz-stadlhofer.at\/shop\/wp-json\/wp\/v2\/product_brand?post=32472"},{"taxonomy":"product_cat","embeddable":true,"href":"https:\/\/www.franz-stadlhofer.at\/shop\/wp-json\/wp\/v2\/product_cat?post=32472"},{"taxonomy":"product_tag","embeddable":true,"href":"https:\/\/www.franz-stadlhofer.at\/shop\/wp-json\/wp\/v2\/product_tag?post=32472"}],"curies":[{"name":"wp","href":"https:\/\/api.w.org\/{rel}","templated":true}]}}