{"id":31888,"date":"2023-03-12T14:40:57","date_gmt":"2023-03-12T13:40:57","guid":{"rendered":"https:\/\/www.franz-stadlhofer.at\/shop\/?post_type=product&#038;p=31888"},"modified":"2026-03-15T17:41:09","modified_gmt":"2026-03-15T16:41:09","slug":"schleifset","status":"publish","type":"product","link":"https:\/\/www.franz-stadlhofer.at\/shop\/produkt\/schleifset\/","title":{"rendered":"Schleifset"},"content":{"rendered":"<div class=\"fusion-fullwidth fullwidth-box fusion-builder-row-1 fusion-flex-container nonhundred-percent-fullwidth non-hundred-percent-height-scrolling\" style=\"--awb-border-radius-top-left:0px;--awb-border-radius-top-right:0px;--awb-border-radius-bottom-right:0px;--awb-border-radius-bottom-left:0px;--awb-flex-wrap:wrap;\" ><div class=\"fusion-builder-row fusion-row fusion-flex-align-items-flex-start fusion-flex-content-wrap\" style=\"max-width:1216.8px;margin-left: calc(-4% \/ 2 );margin-right: calc(-4% \/ 2 );\"><div class=\"fusion-layout-column fusion_builder_column fusion-builder-column-0 fusion_builder_column_1_1 1_1 fusion-flex-column\" style=\"--awb-bg-size:cover;--awb-width-large:100%;--awb-margin-top-large:0px;--awb-spacing-right-large:1.92%;--awb-margin-bottom-large:0px;--awb-spacing-left-large:1.92%;--awb-width-medium:100%;--awb-spacing-right-medium:1.92%;--awb-spacing-left-medium:1.92%;--awb-width-small:100%;--awb-spacing-right-small:1.92%;--awb-spacing-left-small:1.92%;\"><div class=\"fusion-column-wrapper fusion-flex-justify-content-flex-start fusion-content-layout-column\"><div class=\"fusion-text fusion-text-1\"><p>F\u00fcr alle, die zu Hause staubfrei schleifen m\u00f6chten, haben wir ein tolles Set zusammen gepackt:<\/p>\n<p>Der Handschleifblock wurde speziell f\u00fcr das Handschleifen in Kombination mit <strong><a href=\"https:\/\/www.franz-stadlhofer.at\/shop\/produkt\/abranet\/\">Abranet<\/a><\/strong> Netzschliff-Produkten entwickelt. Um ein staubfreies Schleifen zu gew\u00e4hrleisten, wird der Handblock einfach mit dem inkludierten Schlauch an einen Staubsauger angeschlossen. Der konische Schlauchadapter passt in die g\u00e4ngigsten Ger\u00e4te. Dank seiner kleinen Gr\u00f6\u00dfe ist der Handblock ideal f\u00fcr kleine Oberfl\u00e4chen und schwer zu erreichende Fl\u00e4chen. Je ein halber Meter <a href=\"https:\/\/www.franz-stadlhofer.at\/shop\/produkt\/abranet\/\"><strong>Abranet (K\u00f6rnung 180 und 240)<\/strong><\/a>, die bequem auf die passende Gr\u00f6\u00dfe zurechtgeschnitten werden k\u00f6nnen, machen das Set komplett.<\/p>\n<p>Setinhalt:<\/p>\n<ul>\n<li>Handblock: L\u00e4nge: 12,5 mm;\u00a0 Breite: 7,5 cm<\/li>\n<li>Absaugschlauch Kunststoff mit konischem Adapter 20 mm x 4 m<\/li>\n<li>Abranet Schleifnetz je 0,5 m: K\u00f6rnung 180 &amp; 240<\/li>\n<\/ul>\n<\/div><\/div><\/div><\/div><\/div>\n","protected":false},"excerpt":{"rendered":"","protected":false},"featured_media":31902,"template":"","meta":[],"product_brand":[],"product_cat":[791,1224,1188],"product_tag":[],"class_list":{"0":"post-31888","1":"product","2":"type-product","3":"status-publish","4":"has-post-thumbnail","6":"product_cat-oberflachenbehandlung","7":"product_cat-extra-sets","8":"product_cat-drum-herum","10":"first","11":"instock","12":"taxable","13":"shipping-taxable","14":"purchasable","15":"product-type-simple"},"barcode":null,"atum_controlled":true,"out_stock_date":null,"out_stock_threshold":null,"inheritable":false,"stock_on_hold":0,"sold_today":0,"sales_last_days":0,"reserved_stock":0,"customer_returns":0,"warehouse_damage":0,"lost_in_post":0,"other_logs":0,"out_stock_days":0,"lost_sales":0,"update_date":"2026-04-15T00:01:35","atum_locations":[],"atum_stock_status":"instock","restock_status":false,"low_stock_amount":1,"sales_update_date":"2026-04-15T00:01:35","calc_backorders":null,"yoast_head":"<!-- This site is optimized with the Yoast SEO plugin v27.3 - https:\/\/yoast.com\/product\/yoast-seo-wordpress\/ -->\n<title>Staubfreies Schleifset<\/title>\n<meta name=\"description\" content=\"Der Handschleifblock wurde speziell f\u00fcr das Handschleifen in Kombination mit Abranet Netzschliff-Produkten entwickelt. Um ein staubfreies Schleifen zu gew\u00e4hrleisten, wird der Handblock einfach mit dem inkludierten Schlauch an einen Staubsauger angeschlossen. Der konische Schlauchadapter passt in die g\u00e4ngigsten Ger\u00e4te. Je ein halber Meter Abranet (K\u00f6rnung 180 und 240), die bequem auf die passende Gr\u00f6\u00dfe zurechtgeschnitten werden k\u00f6nnen, machen das Set komplett.\" \/>\n<meta name=\"robots\" content=\"index, follow, max-snippet:-1, max-image-preview:large, max-video-preview:-1\" \/>\n<link rel=\"canonical\" href=\"https:\/\/www.franz-stadlhofer.at\/shop\/produkt\/schleifset\/\" \/>\n<meta property=\"og:locale\" content=\"de_DE\" \/>\n<meta property=\"og:type\" content=\"article\" \/>\n<meta property=\"og:title\" content=\"Staubfreies Schleifset\" \/>\n<meta property=\"og:description\" content=\"Der Handschleifblock wurde speziell f\u00fcr das Handschleifen in Kombination mit Abranet Netzschliff-Produkten entwickelt. Um ein staubfreies Schleifen zu gew\u00e4hrleisten, wird der Handblock einfach mit dem inkludierten Schlauch an einen Staubsauger angeschlossen. Der konische Schlauchadapter passt in die g\u00e4ngigsten Ger\u00e4te. Je ein halber Meter Abranet (K\u00f6rnung 180 und 240), die bequem auf die passende Gr\u00f6\u00dfe zurechtgeschnitten werden k\u00f6nnen, machen das Set komplett.\" \/>\n<meta property=\"og:url\" content=\"https:\/\/www.franz-stadlhofer.at\/shop\/produkt\/schleifset\/\" \/>\n<meta property=\"og:site_name\" content=\"Schnitzstube Stadlhofer Shop\" \/>\n<meta property=\"article:modified_time\" content=\"2026-03-15T16:41:09+00:00\" \/>\n<meta property=\"og:image\" content=\"https:\/\/www.franz-stadlhofer.at\/shop\/wp-content\/uploads\/2023\/03\/Schleifset.jpg\" \/>\n\t<meta property=\"og:image:width\" content=\"945\" \/>\n\t<meta property=\"og:image:height\" content=\"945\" \/>\n\t<meta property=\"og:image:type\" content=\"image\/jpeg\" \/>\n<meta name=\"twitter:card\" content=\"summary_large_image\" \/>\n<meta name=\"twitter:label1\" content=\"Gesch\u00e4tzte Lesezeit\" \/>\n\t<meta name=\"twitter:data1\" content=\"2\u00a0Minuten\" \/>\n<script type=\"application\/ld+json\" class=\"yoast-schema-graph\">{\"@context\":\"https:\\\/\\\/schema.org\",\"@graph\":[{\"@type\":\"WebPage\",\"@id\":\"https:\\\/\\\/www.franz-stadlhofer.at\\\/shop\\\/produkt\\\/schleifset\\\/\",\"url\":\"https:\\\/\\\/www.franz-stadlhofer.at\\\/shop\\\/produkt\\\/schleifset\\\/\",\"name\":\"Staubfreies Schleifset\",\"isPartOf\":{\"@id\":\"https:\\\/\\\/www.franz-stadlhofer.at\\\/shop\\\/#website\"},\"primaryImageOfPage\":{\"@id\":\"https:\\\/\\\/www.franz-stadlhofer.at\\\/shop\\\/produkt\\\/schleifset\\\/#primaryimage\"},\"image\":{\"@id\":\"https:\\\/\\\/www.franz-stadlhofer.at\\\/shop\\\/produkt\\\/schleifset\\\/#primaryimage\"},\"thumbnailUrl\":\"https:\\\/\\\/www.franz-stadlhofer.at\\\/shop\\\/wp-content\\\/uploads\\\/2023\\\/03\\\/Schleifset.jpg\",\"datePublished\":\"2023-03-12T13:40:57+00:00\",\"dateModified\":\"2026-03-15T16:41:09+00:00\",\"description\":\"Der Handschleifblock wurde speziell f\u00fcr das Handschleifen in Kombination mit Abranet Netzschliff-Produkten entwickelt. Um ein staubfreies Schleifen zu gew\u00e4hrleisten, wird der Handblock einfach mit dem inkludierten Schlauch an einen Staubsauger angeschlossen. Der konische Schlauchadapter passt in die g\u00e4ngigsten Ger\u00e4te. Je ein halber Meter Abranet (K\u00f6rnung 180 und 240), die bequem auf die passende Gr\u00f6\u00dfe zurechtgeschnitten werden k\u00f6nnen, machen das Set komplett.\",\"breadcrumb\":{\"@id\":\"https:\\\/\\\/www.franz-stadlhofer.at\\\/shop\\\/produkt\\\/schleifset\\\/#breadcrumb\"},\"inLanguage\":\"de\",\"potentialAction\":[{\"@type\":\"ReadAction\",\"target\":[\"https:\\\/\\\/www.franz-stadlhofer.at\\\/shop\\\/produkt\\\/schleifset\\\/\"]}]},{\"@type\":\"ImageObject\",\"inLanguage\":\"de\",\"@id\":\"https:\\\/\\\/www.franz-stadlhofer.at\\\/shop\\\/produkt\\\/schleifset\\\/#primaryimage\",\"url\":\"https:\\\/\\\/www.franz-stadlhofer.at\\\/shop\\\/wp-content\\\/uploads\\\/2023\\\/03\\\/Schleifset.jpg\",\"contentUrl\":\"https:\\\/\\\/www.franz-stadlhofer.at\\\/shop\\\/wp-content\\\/uploads\\\/2023\\\/03\\\/Schleifset.jpg\",\"width\":945,\"height\":945,\"caption\":\"Staubfreies Schleifset Abranet - Schnitzstube Stadlhofer\"},{\"@type\":\"BreadcrumbList\",\"@id\":\"https:\\\/\\\/www.franz-stadlhofer.at\\\/shop\\\/produkt\\\/schleifset\\\/#breadcrumb\",\"itemListElement\":[{\"@type\":\"ListItem\",\"position\":1,\"name\":\"Startseite\",\"item\":\"https:\\\/\\\/www.franz-stadlhofer.at\\\/shop\\\/\"},{\"@type\":\"ListItem\",\"position\":2,\"name\":\"Produkte\",\"item\":\"https:\\\/\\\/www.franz-stadlhofer.at\\\/shop\\\/shop\\\/\"},{\"@type\":\"ListItem\",\"position\":3,\"name\":\"Schleifset\"}]},{\"@type\":\"WebSite\",\"@id\":\"https:\\\/\\\/www.franz-stadlhofer.at\\\/shop\\\/#website\",\"url\":\"https:\\\/\\\/www.franz-stadlhofer.at\\\/shop\\\/\",\"name\":\"Schnitzstube Stadlhofer Shop\",\"description\":\"Holzschnitzen Onlineshop\",\"publisher\":{\"@id\":\"https:\\\/\\\/www.franz-stadlhofer.at\\\/shop\\\/#organization\"},\"potentialAction\":[{\"@type\":\"SearchAction\",\"target\":{\"@type\":\"EntryPoint\",\"urlTemplate\":\"https:\\\/\\\/www.franz-stadlhofer.at\\\/shop\\\/?s={search_term_string}\"},\"query-input\":{\"@type\":\"PropertyValueSpecification\",\"valueRequired\":true,\"valueName\":\"search_term_string\"}}],\"inLanguage\":\"de\"},{\"@type\":\"Organization\",\"@id\":\"https:\\\/\\\/www.franz-stadlhofer.at\\\/shop\\\/#organization\",\"name\":\"Schnitzstube Stadlhofer Shop\",\"url\":\"https:\\\/\\\/www.franz-stadlhofer.at\\\/shop\\\/\",\"logo\":{\"@type\":\"ImageObject\",\"inLanguage\":\"de\",\"@id\":\"https:\\\/\\\/www.franz-stadlhofer.at\\\/shop\\\/#\\\/schema\\\/logo\\\/image\\\/\",\"url\":\"https:\\\/\\\/www.franz-stadlhofer.at\\\/shop\\\/wp-content\\\/uploads\\\/2019\\\/10\\\/LOGO-2-RETINA.png\",\"contentUrl\":\"https:\\\/\\\/www.franz-stadlhofer.at\\\/shop\\\/wp-content\\\/uploads\\\/2019\\\/10\\\/LOGO-2-RETINA.png\",\"width\":471,\"height\":160,\"caption\":\"Schnitzstube Stadlhofer Shop\"},\"image\":{\"@id\":\"https:\\\/\\\/www.franz-stadlhofer.at\\\/shop\\\/#\\\/schema\\\/logo\\\/image\\\/\"}}]}<\/script>\n<!-- \/ Yoast SEO plugin. -->","yoast_head_json":{"title":"Staubfreies Schleifset","description":"Der Handschleifblock wurde speziell f\u00fcr das Handschleifen in Kombination mit Abranet Netzschliff-Produkten entwickelt. Um ein staubfreies Schleifen zu gew\u00e4hrleisten, wird der Handblock einfach mit dem inkludierten Schlauch an einen Staubsauger angeschlossen. Der konische Schlauchadapter passt in die g\u00e4ngigsten Ger\u00e4te. Je ein halber Meter Abranet (K\u00f6rnung 180 und 240), die bequem auf die passende Gr\u00f6\u00dfe zurechtgeschnitten werden k\u00f6nnen, machen das Set komplett.","robots":{"index":"index","follow":"follow","max-snippet":"max-snippet:-1","max-image-preview":"max-image-preview:large","max-video-preview":"max-video-preview:-1"},"canonical":"https:\/\/www.franz-stadlhofer.at\/shop\/produkt\/schleifset\/","og_locale":"de_DE","og_type":"article","og_title":"Staubfreies Schleifset","og_description":"Der Handschleifblock wurde speziell f\u00fcr das Handschleifen in Kombination mit Abranet Netzschliff-Produkten entwickelt. Um ein staubfreies Schleifen zu gew\u00e4hrleisten, wird der Handblock einfach mit dem inkludierten Schlauch an einen Staubsauger angeschlossen. Der konische Schlauchadapter passt in die g\u00e4ngigsten Ger\u00e4te. Je ein halber Meter Abranet (K\u00f6rnung 180 und 240), die bequem auf die passende Gr\u00f6\u00dfe zurechtgeschnitten werden k\u00f6nnen, machen das Set komplett.","og_url":"https:\/\/www.franz-stadlhofer.at\/shop\/produkt\/schleifset\/","og_site_name":"Schnitzstube Stadlhofer Shop","article_modified_time":"2026-03-15T16:41:09+00:00","og_image":[{"width":945,"height":945,"url":"https:\/\/www.franz-stadlhofer.at\/shop\/wp-content\/uploads\/2023\/03\/Schleifset.jpg","type":"image\/jpeg"}],"twitter_card":"summary_large_image","twitter_misc":{"Gesch\u00e4tzte Lesezeit":"2\u00a0Minuten"},"schema":{"@context":"https:\/\/schema.org","@graph":[{"@type":"WebPage","@id":"https:\/\/www.franz-stadlhofer.at\/shop\/produkt\/schleifset\/","url":"https:\/\/www.franz-stadlhofer.at\/shop\/produkt\/schleifset\/","name":"Staubfreies Schleifset","isPartOf":{"@id":"https:\/\/www.franz-stadlhofer.at\/shop\/#website"},"primaryImageOfPage":{"@id":"https:\/\/www.franz-stadlhofer.at\/shop\/produkt\/schleifset\/#primaryimage"},"image":{"@id":"https:\/\/www.franz-stadlhofer.at\/shop\/produkt\/schleifset\/#primaryimage"},"thumbnailUrl":"https:\/\/www.franz-stadlhofer.at\/shop\/wp-content\/uploads\/2023\/03\/Schleifset.jpg","datePublished":"2023-03-12T13:40:57+00:00","dateModified":"2026-03-15T16:41:09+00:00","description":"Der Handschleifblock wurde speziell f\u00fcr das Handschleifen in Kombination mit Abranet Netzschliff-Produkten entwickelt. Um ein staubfreies Schleifen zu gew\u00e4hrleisten, wird der Handblock einfach mit dem inkludierten Schlauch an einen Staubsauger angeschlossen. Der konische Schlauchadapter passt in die g\u00e4ngigsten Ger\u00e4te. Je ein halber Meter Abranet (K\u00f6rnung 180 und 240), die bequem auf die passende Gr\u00f6\u00dfe zurechtgeschnitten werden k\u00f6nnen, machen das Set komplett.","breadcrumb":{"@id":"https:\/\/www.franz-stadlhofer.at\/shop\/produkt\/schleifset\/#breadcrumb"},"inLanguage":"de","potentialAction":[{"@type":"ReadAction","target":["https:\/\/www.franz-stadlhofer.at\/shop\/produkt\/schleifset\/"]}]},{"@type":"ImageObject","inLanguage":"de","@id":"https:\/\/www.franz-stadlhofer.at\/shop\/produkt\/schleifset\/#primaryimage","url":"https:\/\/www.franz-stadlhofer.at\/shop\/wp-content\/uploads\/2023\/03\/Schleifset.jpg","contentUrl":"https:\/\/www.franz-stadlhofer.at\/shop\/wp-content\/uploads\/2023\/03\/Schleifset.jpg","width":945,"height":945,"caption":"Staubfreies Schleifset Abranet - Schnitzstube Stadlhofer"},{"@type":"BreadcrumbList","@id":"https:\/\/www.franz-stadlhofer.at\/shop\/produkt\/schleifset\/#breadcrumb","itemListElement":[{"@type":"ListItem","position":1,"name":"Startseite","item":"https:\/\/www.franz-stadlhofer.at\/shop\/"},{"@type":"ListItem","position":2,"name":"Produkte","item":"https:\/\/www.franz-stadlhofer.at\/shop\/shop\/"},{"@type":"ListItem","position":3,"name":"Schleifset"}]},{"@type":"WebSite","@id":"https:\/\/www.franz-stadlhofer.at\/shop\/#website","url":"https:\/\/www.franz-stadlhofer.at\/shop\/","name":"Schnitzstube Stadlhofer Shop","description":"Holzschnitzen Onlineshop","publisher":{"@id":"https:\/\/www.franz-stadlhofer.at\/shop\/#organization"},"potentialAction":[{"@type":"SearchAction","target":{"@type":"EntryPoint","urlTemplate":"https:\/\/www.franz-stadlhofer.at\/shop\/?s={search_term_string}"},"query-input":{"@type":"PropertyValueSpecification","valueRequired":true,"valueName":"search_term_string"}}],"inLanguage":"de"},{"@type":"Organization","@id":"https:\/\/www.franz-stadlhofer.at\/shop\/#organization","name":"Schnitzstube Stadlhofer Shop","url":"https:\/\/www.franz-stadlhofer.at\/shop\/","logo":{"@type":"ImageObject","inLanguage":"de","@id":"https:\/\/www.franz-stadlhofer.at\/shop\/#\/schema\/logo\/image\/","url":"https:\/\/www.franz-stadlhofer.at\/shop\/wp-content\/uploads\/2019\/10\/LOGO-2-RETINA.png","contentUrl":"https:\/\/www.franz-stadlhofer.at\/shop\/wp-content\/uploads\/2019\/10\/LOGO-2-RETINA.png","width":471,"height":160,"caption":"Schnitzstube Stadlhofer Shop"},"image":{"@id":"https:\/\/www.franz-stadlhofer.at\/shop\/#\/schema\/logo\/image\/"}}]}},"_links":{"self":[{"href":"https:\/\/www.franz-stadlhofer.at\/shop\/wp-json\/wp\/v2\/product\/31888","targetHints":{"allow":["GET"]}}],"collection":[{"href":"https:\/\/www.franz-stadlhofer.at\/shop\/wp-json\/wp\/v2\/product"}],"about":[{"href":"https:\/\/www.franz-stadlhofer.at\/shop\/wp-json\/wp\/v2\/types\/product"}],"wp:featuredmedia":[{"embeddable":true,"href":"https:\/\/www.franz-stadlhofer.at\/shop\/wp-json\/wp\/v2\/media\/31902"}],"wp:attachment":[{"href":"https:\/\/www.franz-stadlhofer.at\/shop\/wp-json\/wp\/v2\/media?parent=31888"}],"wp:term":[{"taxonomy":"product_brand","embeddable":true,"href":"https:\/\/www.franz-stadlhofer.at\/shop\/wp-json\/wp\/v2\/product_brand?post=31888"},{"taxonomy":"product_cat","embeddable":true,"href":"https:\/\/www.franz-stadlhofer.at\/shop\/wp-json\/wp\/v2\/product_cat?post=31888"},{"taxonomy":"product_tag","embeddable":true,"href":"https:\/\/www.franz-stadlhofer.at\/shop\/wp-json\/wp\/v2\/product_tag?post=31888"}],"curies":[{"name":"wp","href":"https:\/\/api.w.org\/{rel}","templated":true}]}}