{"id":31195,"date":"2022-11-29T16:18:49","date_gmt":"2022-11-29T15:18:49","guid":{"rendered":"https:\/\/www.franz-stadlhofer.at\/shop\/?post_type=product&#038;p=31195"},"modified":"2026-02-04T11:30:01","modified_gmt":"2026-02-04T10:30:01","slug":"schatulle-gaby","status":"publish","type":"product","link":"https:\/\/www.franz-stadlhofer.at\/shop\/produkt\/schatulle-gaby\/","title":{"rendered":"Schatulle Gaby"},"content":{"rendered":"<div class=\"fusion-fullwidth fullwidth-box fusion-builder-row-1 nonhundred-percent-fullwidth non-hundred-percent-height-scrolling\" style=\"--awb-border-radius-top-left:0px;--awb-border-radius-top-right:0px;--awb-border-radius-bottom-right:0px;--awb-border-radius-bottom-left:0px;--awb-flex-wrap:wrap;\" ><div class=\"fusion-builder-row fusion-row\"><div class=\"fusion-layout-column fusion_builder_column fusion-builder-column-0 fusion_builder_column_1_1 1_1 fusion-one-full fusion-column-first fusion-column-last\" style=\"--awb-bg-size:cover;--awb-margin-top:0px;--awb-margin-bottom:0px;\"><div class=\"fusion-column-wrapper fusion-flex-column-wrapper-legacy\"><div class=\"fusion-text fusion-text-1\"><p>Bei dieser Schatulle sind Deckel und K\u00f6rper gleich hoch, tief und breit. Diese einfache Schatulle ist ideal f\u00fcr erste Schnitz\u00fcbungen und eine dekorative Aufbewahrungsm\u00f6glichkeit von Kleinteilen &#8211; ideal zum Beispiel f\u00fcr Schreibger\u00e4te.<\/p>\n<p>Die Scharniere sowie ein Schlie\u00dfmechanismus sind schon vormontiert, k\u00f6nnen jedoch nach belieben an den Stil der entstehenden Schatulle angepasst werden.<\/p>\n<p><a href=\"https:\/\/www.franz-stadlhofer.at\/shop\/produkt-kategorie\/drum-herum\/kleinteilsortiment\/\" target=\"_blank\" rel=\"noopener\"><strong>Hier geht es zu den Kleinteilen.<\/strong><\/a><\/p>\n<p>Ma\u00dfe (L x B x H): 240 x 80 x 60 mm<\/p>\n<\/div><div class=\"fusion-clearfix\"><\/div><\/div><\/div><\/div><\/div>\n","protected":false},"excerpt":{"rendered":"","protected":false},"featured_media":31197,"template":"","meta":[],"product_brand":[],"product_cat":[780],"product_tag":[1084,1085,1233,1338,1449,1450],"class_list":{"0":"post-31195","1":"product","2":"type-product","3":"status-publish","4":"has-post-thumbnail","6":"product_cat-schatullen-dosen","7":"product_tag-kassette","8":"product_tag-kisterl","9":"product_tag-lindenholz","10":"product_tag-schatulle","11":"product_tag-federschachtel","12":"product_tag-schnitzholz","14":"first","15":"instock","16":"taxable","17":"shipping-taxable","18":"purchasable","19":"product-type-simple"},"barcode":null,"atum_controlled":true,"out_stock_date":null,"out_stock_threshold":null,"inheritable":false,"stock_on_hold":0,"sold_today":0,"sales_last_days":0,"reserved_stock":0,"customer_returns":0,"warehouse_damage":0,"lost_in_post":0,"other_logs":0,"out_stock_days":0,"lost_sales":0,"update_date":"2026-05-14T00:10:17","atum_locations":[],"atum_stock_status":"instock","restock_status":false,"low_stock_amount":"","sales_update_date":"2026-05-14T00:10:17","calc_backorders":null,"yoast_head":"<!-- This site is optimized with the Yoast SEO plugin v27.5 - https:\/\/yoast.com\/product\/yoast-seo-wordpress\/ -->\n<title>Schatulle Gaby<\/title>\n<meta name=\"description\" content=\"Bei dieser Schatulle sind Deckel und K\u00f6rper gleich hoch, tief und breit. Diese einfache Schatulle ist ideal f\u00fcr erste Schnitz\u00fcbungen und eine dekorative Aufbewahrungsm\u00f6glichkeit von Kleinteilen.Die Scharniere sowie ein Schlie\u00dfmechanismus sind schon vormontiert, k\u00f6nnen jedoch nach belieben an den Stil der entstehenden Schatulle angepasst werden.Hier geht es zu den Kleinteilen.Ma\u00dfe (L x B x H): 240 x 80 x 60 mm\" \/>\n<meta name=\"robots\" content=\"index, follow, max-snippet:-1, max-image-preview:large, max-video-preview:-1\" \/>\n<link rel=\"canonical\" href=\"https:\/\/www.franz-stadlhofer.at\/shop\/produkt\/schatulle-gaby\/\" \/>\n<meta property=\"og:locale\" content=\"de_DE\" \/>\n<meta property=\"og:type\" content=\"article\" \/>\n<meta property=\"og:title\" content=\"Schatulle Gaby\" \/>\n<meta property=\"og:description\" content=\"Bei dieser Schatulle sind Deckel und K\u00f6rper gleich hoch, tief und breit. Diese einfache Schatulle ist ideal f\u00fcr erste Schnitz\u00fcbungen und eine dekorative Aufbewahrungsm\u00f6glichkeit von Kleinteilen.Die Scharniere sowie ein Schlie\u00dfmechanismus sind schon vormontiert, k\u00f6nnen jedoch nach belieben an den Stil der entstehenden Schatulle angepasst werden.Hier geht es zu den Kleinteilen.Ma\u00dfe (L x B x H): 240 x 80 x 60 mm\" \/>\n<meta property=\"og:url\" content=\"https:\/\/www.franz-stadlhofer.at\/shop\/produkt\/schatulle-gaby\/\" \/>\n<meta property=\"og:site_name\" content=\"Schnitzstube Stadlhofer Shop\" \/>\n<meta property=\"article:modified_time\" content=\"2026-02-04T10:30:01+00:00\" \/>\n<meta property=\"og:image\" content=\"https:\/\/www.franz-stadlhofer.at\/shop\/wp-content\/uploads\/2022\/11\/Schatulle-Gaby-1-rot.jpg\" \/>\n\t<meta property=\"og:image:width\" content=\"1182\" \/>\n\t<meta property=\"og:image:height\" content=\"1182\" \/>\n\t<meta property=\"og:image:type\" content=\"image\/jpeg\" \/>\n<meta name=\"twitter:card\" content=\"summary_large_image\" \/>\n<meta name=\"twitter:label1\" content=\"Gesch\u00e4tzte Lesezeit\" \/>\n\t<meta name=\"twitter:data1\" content=\"1\u00a0Minute\" \/>\n<script type=\"application\/ld+json\" class=\"yoast-schema-graph\">{\"@context\":\"https:\\\/\\\/schema.org\",\"@graph\":[{\"@type\":\"WebPage\",\"@id\":\"https:\\\/\\\/www.franz-stadlhofer.at\\\/shop\\\/produkt\\\/schatulle-gaby\\\/\",\"url\":\"https:\\\/\\\/www.franz-stadlhofer.at\\\/shop\\\/produkt\\\/schatulle-gaby\\\/\",\"name\":\"Schatulle Gaby\",\"isPartOf\":{\"@id\":\"https:\\\/\\\/www.franz-stadlhofer.at\\\/shop\\\/#website\"},\"primaryImageOfPage\":{\"@id\":\"https:\\\/\\\/www.franz-stadlhofer.at\\\/shop\\\/produkt\\\/schatulle-gaby\\\/#primaryimage\"},\"image\":{\"@id\":\"https:\\\/\\\/www.franz-stadlhofer.at\\\/shop\\\/produkt\\\/schatulle-gaby\\\/#primaryimage\"},\"thumbnailUrl\":\"https:\\\/\\\/www.franz-stadlhofer.at\\\/shop\\\/wp-content\\\/uploads\\\/2022\\\/11\\\/Schatulle-Gaby-1-rot.jpg\",\"datePublished\":\"2022-11-29T15:18:49+00:00\",\"dateModified\":\"2026-02-04T10:30:01+00:00\",\"description\":\"Bei dieser Schatulle sind Deckel und K\u00f6rper gleich hoch, tief und breit. Diese einfache Schatulle ist ideal f\u00fcr erste Schnitz\u00fcbungen und eine dekorative Aufbewahrungsm\u00f6glichkeit von Kleinteilen.Die Scharniere sowie ein Schlie\u00dfmechanismus sind schon vormontiert, k\u00f6nnen jedoch nach belieben an den Stil der entstehenden Schatulle angepasst werden.Hier geht es zu den Kleinteilen.Ma\u00dfe (L x B x H): 240 x 80 x 60 mm\",\"breadcrumb\":{\"@id\":\"https:\\\/\\\/www.franz-stadlhofer.at\\\/shop\\\/produkt\\\/schatulle-gaby\\\/#breadcrumb\"},\"inLanguage\":\"de\",\"potentialAction\":[{\"@type\":\"ReadAction\",\"target\":[\"https:\\\/\\\/www.franz-stadlhofer.at\\\/shop\\\/produkt\\\/schatulle-gaby\\\/\"]}]},{\"@type\":\"ImageObject\",\"inLanguage\":\"de\",\"@id\":\"https:\\\/\\\/www.franz-stadlhofer.at\\\/shop\\\/produkt\\\/schatulle-gaby\\\/#primaryimage\",\"url\":\"https:\\\/\\\/www.franz-stadlhofer.at\\\/shop\\\/wp-content\\\/uploads\\\/2022\\\/11\\\/Schatulle-Gaby-1-rot.jpg\",\"contentUrl\":\"https:\\\/\\\/www.franz-stadlhofer.at\\\/shop\\\/wp-content\\\/uploads\\\/2022\\\/11\\\/Schatulle-Gaby-1-rot.jpg\",\"width\":1182,\"height\":1182,\"caption\":\"Schatulle Gaby\"},{\"@type\":\"BreadcrumbList\",\"@id\":\"https:\\\/\\\/www.franz-stadlhofer.at\\\/shop\\\/produkt\\\/schatulle-gaby\\\/#breadcrumb\",\"itemListElement\":[{\"@type\":\"ListItem\",\"position\":1,\"name\":\"Startseite\",\"item\":\"https:\\\/\\\/www.franz-stadlhofer.at\\\/shop\\\/\"},{\"@type\":\"ListItem\",\"position\":2,\"name\":\"Produkte\",\"item\":\"https:\\\/\\\/www.franz-stadlhofer.at\\\/shop\\\/shop\\\/\"},{\"@type\":\"ListItem\",\"position\":3,\"name\":\"Schatulle Gaby\"}]},{\"@type\":\"WebSite\",\"@id\":\"https:\\\/\\\/www.franz-stadlhofer.at\\\/shop\\\/#website\",\"url\":\"https:\\\/\\\/www.franz-stadlhofer.at\\\/shop\\\/\",\"name\":\"Schnitzstube Stadlhofer Shop\",\"description\":\"Holzschnitzen Onlineshop\",\"publisher\":{\"@id\":\"https:\\\/\\\/www.franz-stadlhofer.at\\\/shop\\\/#organization\"},\"potentialAction\":[{\"@type\":\"SearchAction\",\"target\":{\"@type\":\"EntryPoint\",\"urlTemplate\":\"https:\\\/\\\/www.franz-stadlhofer.at\\\/shop\\\/?s={search_term_string}\"},\"query-input\":{\"@type\":\"PropertyValueSpecification\",\"valueRequired\":true,\"valueName\":\"search_term_string\"}}],\"inLanguage\":\"de\"},{\"@type\":\"Organization\",\"@id\":\"https:\\\/\\\/www.franz-stadlhofer.at\\\/shop\\\/#organization\",\"name\":\"Schnitzstube Stadlhofer Shop\",\"url\":\"https:\\\/\\\/www.franz-stadlhofer.at\\\/shop\\\/\",\"logo\":{\"@type\":\"ImageObject\",\"inLanguage\":\"de\",\"@id\":\"https:\\\/\\\/www.franz-stadlhofer.at\\\/shop\\\/#\\\/schema\\\/logo\\\/image\\\/\",\"url\":\"https:\\\/\\\/www.franz-stadlhofer.at\\\/shop\\\/wp-content\\\/uploads\\\/2019\\\/10\\\/LOGO-2-RETINA.png\",\"contentUrl\":\"https:\\\/\\\/www.franz-stadlhofer.at\\\/shop\\\/wp-content\\\/uploads\\\/2019\\\/10\\\/LOGO-2-RETINA.png\",\"width\":471,\"height\":160,\"caption\":\"Schnitzstube Stadlhofer Shop\"},\"image\":{\"@id\":\"https:\\\/\\\/www.franz-stadlhofer.at\\\/shop\\\/#\\\/schema\\\/logo\\\/image\\\/\"}}]}<\/script>\n<!-- \/ Yoast SEO plugin. -->","yoast_head_json":{"title":"Schatulle Gaby","description":"Bei dieser Schatulle sind Deckel und K\u00f6rper gleich hoch, tief und breit. Diese einfache Schatulle ist ideal f\u00fcr erste Schnitz\u00fcbungen und eine dekorative Aufbewahrungsm\u00f6glichkeit von Kleinteilen.Die Scharniere sowie ein Schlie\u00dfmechanismus sind schon vormontiert, k\u00f6nnen jedoch nach belieben an den Stil der entstehenden Schatulle angepasst werden.Hier geht es zu den Kleinteilen.Ma\u00dfe (L x B x H): 240 x 80 x 60 mm","robots":{"index":"index","follow":"follow","max-snippet":"max-snippet:-1","max-image-preview":"max-image-preview:large","max-video-preview":"max-video-preview:-1"},"canonical":"https:\/\/www.franz-stadlhofer.at\/shop\/produkt\/schatulle-gaby\/","og_locale":"de_DE","og_type":"article","og_title":"Schatulle Gaby","og_description":"Bei dieser Schatulle sind Deckel und K\u00f6rper gleich hoch, tief und breit. Diese einfache Schatulle ist ideal f\u00fcr erste Schnitz\u00fcbungen und eine dekorative Aufbewahrungsm\u00f6glichkeit von Kleinteilen.Die Scharniere sowie ein Schlie\u00dfmechanismus sind schon vormontiert, k\u00f6nnen jedoch nach belieben an den Stil der entstehenden Schatulle angepasst werden.Hier geht es zu den Kleinteilen.Ma\u00dfe (L x B x H): 240 x 80 x 60 mm","og_url":"https:\/\/www.franz-stadlhofer.at\/shop\/produkt\/schatulle-gaby\/","og_site_name":"Schnitzstube Stadlhofer Shop","article_modified_time":"2026-02-04T10:30:01+00:00","og_image":[{"width":1182,"height":1182,"url":"https:\/\/www.franz-stadlhofer.at\/shop\/wp-content\/uploads\/2022\/11\/Schatulle-Gaby-1-rot.jpg","type":"image\/jpeg"}],"twitter_card":"summary_large_image","twitter_misc":{"Gesch\u00e4tzte Lesezeit":"1\u00a0Minute"},"schema":{"@context":"https:\/\/schema.org","@graph":[{"@type":"WebPage","@id":"https:\/\/www.franz-stadlhofer.at\/shop\/produkt\/schatulle-gaby\/","url":"https:\/\/www.franz-stadlhofer.at\/shop\/produkt\/schatulle-gaby\/","name":"Schatulle Gaby","isPartOf":{"@id":"https:\/\/www.franz-stadlhofer.at\/shop\/#website"},"primaryImageOfPage":{"@id":"https:\/\/www.franz-stadlhofer.at\/shop\/produkt\/schatulle-gaby\/#primaryimage"},"image":{"@id":"https:\/\/www.franz-stadlhofer.at\/shop\/produkt\/schatulle-gaby\/#primaryimage"},"thumbnailUrl":"https:\/\/www.franz-stadlhofer.at\/shop\/wp-content\/uploads\/2022\/11\/Schatulle-Gaby-1-rot.jpg","datePublished":"2022-11-29T15:18:49+00:00","dateModified":"2026-02-04T10:30:01+00:00","description":"Bei dieser Schatulle sind Deckel und K\u00f6rper gleich hoch, tief und breit. Diese einfache Schatulle ist ideal f\u00fcr erste Schnitz\u00fcbungen und eine dekorative Aufbewahrungsm\u00f6glichkeit von Kleinteilen.Die Scharniere sowie ein Schlie\u00dfmechanismus sind schon vormontiert, k\u00f6nnen jedoch nach belieben an den Stil der entstehenden Schatulle angepasst werden.Hier geht es zu den Kleinteilen.Ma\u00dfe (L x B x H): 240 x 80 x 60 mm","breadcrumb":{"@id":"https:\/\/www.franz-stadlhofer.at\/shop\/produkt\/schatulle-gaby\/#breadcrumb"},"inLanguage":"de","potentialAction":[{"@type":"ReadAction","target":["https:\/\/www.franz-stadlhofer.at\/shop\/produkt\/schatulle-gaby\/"]}]},{"@type":"ImageObject","inLanguage":"de","@id":"https:\/\/www.franz-stadlhofer.at\/shop\/produkt\/schatulle-gaby\/#primaryimage","url":"https:\/\/www.franz-stadlhofer.at\/shop\/wp-content\/uploads\/2022\/11\/Schatulle-Gaby-1-rot.jpg","contentUrl":"https:\/\/www.franz-stadlhofer.at\/shop\/wp-content\/uploads\/2022\/11\/Schatulle-Gaby-1-rot.jpg","width":1182,"height":1182,"caption":"Schatulle Gaby"},{"@type":"BreadcrumbList","@id":"https:\/\/www.franz-stadlhofer.at\/shop\/produkt\/schatulle-gaby\/#breadcrumb","itemListElement":[{"@type":"ListItem","position":1,"name":"Startseite","item":"https:\/\/www.franz-stadlhofer.at\/shop\/"},{"@type":"ListItem","position":2,"name":"Produkte","item":"https:\/\/www.franz-stadlhofer.at\/shop\/shop\/"},{"@type":"ListItem","position":3,"name":"Schatulle Gaby"}]},{"@type":"WebSite","@id":"https:\/\/www.franz-stadlhofer.at\/shop\/#website","url":"https:\/\/www.franz-stadlhofer.at\/shop\/","name":"Schnitzstube Stadlhofer Shop","description":"Holzschnitzen Onlineshop","publisher":{"@id":"https:\/\/www.franz-stadlhofer.at\/shop\/#organization"},"potentialAction":[{"@type":"SearchAction","target":{"@type":"EntryPoint","urlTemplate":"https:\/\/www.franz-stadlhofer.at\/shop\/?s={search_term_string}"},"query-input":{"@type":"PropertyValueSpecification","valueRequired":true,"valueName":"search_term_string"}}],"inLanguage":"de"},{"@type":"Organization","@id":"https:\/\/www.franz-stadlhofer.at\/shop\/#organization","name":"Schnitzstube Stadlhofer Shop","url":"https:\/\/www.franz-stadlhofer.at\/shop\/","logo":{"@type":"ImageObject","inLanguage":"de","@id":"https:\/\/www.franz-stadlhofer.at\/shop\/#\/schema\/logo\/image\/","url":"https:\/\/www.franz-stadlhofer.at\/shop\/wp-content\/uploads\/2019\/10\/LOGO-2-RETINA.png","contentUrl":"https:\/\/www.franz-stadlhofer.at\/shop\/wp-content\/uploads\/2019\/10\/LOGO-2-RETINA.png","width":471,"height":160,"caption":"Schnitzstube Stadlhofer Shop"},"image":{"@id":"https:\/\/www.franz-stadlhofer.at\/shop\/#\/schema\/logo\/image\/"}}]}},"_links":{"self":[{"href":"https:\/\/www.franz-stadlhofer.at\/shop\/wp-json\/wp\/v2\/product\/31195","targetHints":{"allow":["GET"]}}],"collection":[{"href":"https:\/\/www.franz-stadlhofer.at\/shop\/wp-json\/wp\/v2\/product"}],"about":[{"href":"https:\/\/www.franz-stadlhofer.at\/shop\/wp-json\/wp\/v2\/types\/product"}],"wp:featuredmedia":[{"embeddable":true,"href":"https:\/\/www.franz-stadlhofer.at\/shop\/wp-json\/wp\/v2\/media\/31197"}],"wp:attachment":[{"href":"https:\/\/www.franz-stadlhofer.at\/shop\/wp-json\/wp\/v2\/media?parent=31195"}],"wp:term":[{"taxonomy":"product_brand","embeddable":true,"href":"https:\/\/www.franz-stadlhofer.at\/shop\/wp-json\/wp\/v2\/product_brand?post=31195"},{"taxonomy":"product_cat","embeddable":true,"href":"https:\/\/www.franz-stadlhofer.at\/shop\/wp-json\/wp\/v2\/product_cat?post=31195"},{"taxonomy":"product_tag","embeddable":true,"href":"https:\/\/www.franz-stadlhofer.at\/shop\/wp-json\/wp\/v2\/product_tag?post=31195"}],"curies":[{"name":"wp","href":"https:\/\/api.w.org\/{rel}","templated":true}]}}