{"id":31190,"date":"2022-11-29T15:15:34","date_gmt":"2022-11-29T14:15:34","guid":{"rendered":"https:\/\/www.franz-stadlhofer.at\/shop\/?post_type=product&#038;p=31190"},"modified":"2026-02-26T18:39:02","modified_gmt":"2026-02-26T17:39:02","slug":"abranet","status":"publish","type":"product","link":"https:\/\/www.franz-stadlhofer.at\/shop\/produkt\/abranet\/","title":{"rendered":"Abranet"},"content":{"rendered":"<div class=\"fusion-fullwidth fullwidth-box fusion-builder-row-1 fusion-flex-container nonhundred-percent-fullwidth non-hundred-percent-height-scrolling\" style=\"--awb-border-radius-top-left:0px;--awb-border-radius-top-right:0px;--awb-border-radius-bottom-right:0px;--awb-border-radius-bottom-left:0px;--awb-flex-wrap:wrap;\" ><div class=\"fusion-builder-row fusion-row fusion-flex-align-items-flex-start fusion-flex-content-wrap\" style=\"max-width:1216.8px;margin-left: calc(-4% \/ 2 );margin-right: calc(-4% \/ 2 );\"><div class=\"fusion-layout-column fusion_builder_column fusion-builder-column-0 fusion_builder_column_1_1 1_1 fusion-flex-column\" style=\"--awb-bg-size:cover;--awb-width-large:100%;--awb-margin-top-large:0px;--awb-spacing-right-large:1.92%;--awb-margin-bottom-large:0px;--awb-spacing-left-large:1.92%;--awb-width-medium:100%;--awb-spacing-right-medium:1.92%;--awb-spacing-left-medium:1.92%;--awb-width-small:100%;--awb-spacing-right-small:1.92%;--awb-spacing-left-small:1.92%;\"><div class=\"fusion-column-wrapper fusion-flex-justify-content-flex-start fusion-content-layout-column\"><div class=\"fusion-text fusion-text-1\"><p>Mit diesem Netzschleifmittel von Mirka geht das Schleifen unseres Lindenholzes einfacher von der Hand. Durch die L\u00f6cher im Netz kann der Staub leicht abgesaugt bzw. ausgebeutelt werden, wodurch sich die Haltbarkeit enorm erh\u00f6ht und ein nahezu staubfreies Schleifen m\u00f6glich wird. Die K\u00f6rnung 180 eignet sich f\u00fcr gr\u00f6bere Arbeiten, die K\u00f6rnung 240 schont die geschnitzte Oberfl\u00e4che besonders und eignet sich speziell z.B. um Bleistift-\/Tonerzeichnungen vom Holz zu entfernen.<\/p>\n<p>L\u00e4nge: 0,5 m;\u00a0 Breite: 7,5 cm<\/p>\n<table class=\"table\">\n<tbody>\n<tr>\n<td>Kornart<\/td>\n<td>Aluminiumoxid<\/td>\n<\/tr>\n<tr>\n<td>Farbe<\/td>\n<td>Br\u00e4unlich<\/td>\n<\/tr>\n<tr>\n<td>Tr\u00e4germaterial<\/td>\n<td>PA Netz<\/td>\n<\/tr>\n<tr>\n<td>Bindemittel<\/td>\n<td>Vollkunstharz<\/td>\n<\/tr>\n<tr>\n<td>K\u00f6rnungen<\/td>\n<td>P180 oder P240<\/td>\n<\/tr>\n<\/tbody>\n<\/table>\n<\/div><\/div><\/div><\/div><\/div>\n","protected":false},"excerpt":{"rendered":"","protected":false},"featured_media":31191,"template":"","meta":[],"product_brand":[],"product_cat":[791,1188],"product_tag":[],"class_list":{"0":"post-31190","1":"product","2":"type-product","3":"status-publish","4":"has-post-thumbnail","6":"product_cat-oberflachenbehandlung","7":"product_cat-drum-herum","9":"first","10":"instock","11":"taxable","12":"shipping-taxable","13":"purchasable","14":"product-type-variable"},"barcode":null,"atum_controlled":true,"out_stock_date":null,"out_stock_threshold":null,"inheritable":true,"stock_on_hold":0,"sold_today":0,"sales_last_days":0,"reserved_stock":0,"customer_returns":0,"warehouse_damage":0,"lost_in_post":0,"other_logs":0,"out_stock_days":0,"lost_sales":0,"update_date":"2026-04-15T00:01:25","atum_locations":[],"atum_stock_status":"instock","restock_status":false,"low_stock_amount":"","sales_update_date":"2026-04-15T00:01:25","calc_backorders":null,"yoast_head":"<!-- This site is optimized with the Yoast SEO plugin v27.3 - https:\/\/yoast.com\/product\/yoast-seo-wordpress\/ -->\n<title>Abranet<\/title>\n<meta name=\"description\" content=\"K\u00f6rnung: 180Korn: Aluminiumoxid L\u00e4nge: 4,5 m Breite: 11,5 cm Mit diesem Netzschleifmittel von Mikra geht das Schleifen einfacher von der Hand. Das Abranet Schleifnetz wurde speziell f\u00fcr weiche Materialien wie beispielsweise unser Lindenholz entwickelt. Kornart Aluminiumoxid\u00a0 \u00a0Farbe Br\u00e4unlich Tr\u00e4germaterial\u00a0 \u00a0 PA Netz Bindemittel Vollkunstharz K\u00f6rnungen 180 oder 240L\u00e4nge: 0,5 m Breite: 7,5 cm\" \/>\n<meta name=\"robots\" content=\"index, follow, max-snippet:-1, max-image-preview:large, max-video-preview:-1\" \/>\n<link rel=\"canonical\" href=\"https:\/\/www.franz-stadlhofer.at\/shop\/produkt\/abranet\/\" \/>\n<meta property=\"og:locale\" content=\"de_DE\" \/>\n<meta property=\"og:type\" content=\"article\" \/>\n<meta property=\"og:title\" content=\"Abranet\" \/>\n<meta property=\"og:description\" content=\"K\u00f6rnung: 180Korn: Aluminiumoxid L\u00e4nge: 4,5 m Breite: 11,5 cm Mit diesem Netzschleifmittel von Mikra geht das Schleifen einfacher von der Hand. Das Abranet Schleifnetz wurde speziell f\u00fcr weiche Materialien wie beispielsweise unser Lindenholz entwickelt. Kornart Aluminiumoxid\u00a0 \u00a0Farbe Br\u00e4unlich Tr\u00e4germaterial\u00a0 \u00a0 PA Netz Bindemittel Vollkunstharz K\u00f6rnungen 180 oder 240L\u00e4nge: 0,5 m Breite: 7,5 cm\" \/>\n<meta property=\"og:url\" content=\"https:\/\/www.franz-stadlhofer.at\/shop\/produkt\/abranet\/\" \/>\n<meta property=\"og:site_name\" content=\"Schnitzstube Stadlhofer Shop\" \/>\n<meta property=\"article:modified_time\" content=\"2026-02-26T17:39:02+00:00\" \/>\n<meta property=\"og:image\" content=\"https:\/\/www.franz-stadlhofer.at\/shop\/wp-content\/uploads\/2022\/11\/Abranet-1-rot.jpg\" \/>\n\t<meta property=\"og:image:width\" content=\"1182\" \/>\n\t<meta property=\"og:image:height\" content=\"1182\" \/>\n\t<meta property=\"og:image:type\" content=\"image\/jpeg\" \/>\n<meta name=\"twitter:card\" content=\"summary_large_image\" \/>\n<meta name=\"twitter:label1\" content=\"Gesch\u00e4tzte Lesezeit\" \/>\n\t<meta name=\"twitter:data1\" content=\"2\u00a0Minuten\" \/>\n<script type=\"application\/ld+json\" class=\"yoast-schema-graph\">{\"@context\":\"https:\\\/\\\/schema.org\",\"@graph\":[{\"@type\":\"WebPage\",\"@id\":\"https:\\\/\\\/www.franz-stadlhofer.at\\\/shop\\\/produkt\\\/abranet\\\/\",\"url\":\"https:\\\/\\\/www.franz-stadlhofer.at\\\/shop\\\/produkt\\\/abranet\\\/\",\"name\":\"Abranet\",\"isPartOf\":{\"@id\":\"https:\\\/\\\/www.franz-stadlhofer.at\\\/shop\\\/#website\"},\"primaryImageOfPage\":{\"@id\":\"https:\\\/\\\/www.franz-stadlhofer.at\\\/shop\\\/produkt\\\/abranet\\\/#primaryimage\"},\"image\":{\"@id\":\"https:\\\/\\\/www.franz-stadlhofer.at\\\/shop\\\/produkt\\\/abranet\\\/#primaryimage\"},\"thumbnailUrl\":\"https:\\\/\\\/www.franz-stadlhofer.at\\\/shop\\\/wp-content\\\/uploads\\\/2022\\\/11\\\/Abranet-1-rot.jpg\",\"datePublished\":\"2022-11-29T14:15:34+00:00\",\"dateModified\":\"2026-02-26T17:39:02+00:00\",\"description\":\"K\u00f6rnung: 180Korn: Aluminiumoxid L\u00e4nge: 4,5 m Breite: 11,5 cm Mit diesem Netzschleifmittel von Mikra geht das Schleifen einfacher von der Hand. Das Abranet Schleifnetz wurde speziell f\u00fcr weiche Materialien wie beispielsweise unser Lindenholz entwickelt. Kornart Aluminiumoxid\u00a0 \u00a0Farbe Br\u00e4unlich Tr\u00e4germaterial\u00a0 \u00a0 PA Netz Bindemittel Vollkunstharz K\u00f6rnungen 180 oder 240L\u00e4nge: 0,5 m Breite: 7,5 cm\",\"breadcrumb\":{\"@id\":\"https:\\\/\\\/www.franz-stadlhofer.at\\\/shop\\\/produkt\\\/abranet\\\/#breadcrumb\"},\"inLanguage\":\"de\",\"potentialAction\":[{\"@type\":\"ReadAction\",\"target\":[\"https:\\\/\\\/www.franz-stadlhofer.at\\\/shop\\\/produkt\\\/abranet\\\/\"]}]},{\"@type\":\"ImageObject\",\"inLanguage\":\"de\",\"@id\":\"https:\\\/\\\/www.franz-stadlhofer.at\\\/shop\\\/produkt\\\/abranet\\\/#primaryimage\",\"url\":\"https:\\\/\\\/www.franz-stadlhofer.at\\\/shop\\\/wp-content\\\/uploads\\\/2022\\\/11\\\/Abranet-1-rot.jpg\",\"contentUrl\":\"https:\\\/\\\/www.franz-stadlhofer.at\\\/shop\\\/wp-content\\\/uploads\\\/2022\\\/11\\\/Abranet-1-rot.jpg\",\"width\":1182,\"height\":1182,\"caption\":\"Abranet\"},{\"@type\":\"BreadcrumbList\",\"@id\":\"https:\\\/\\\/www.franz-stadlhofer.at\\\/shop\\\/produkt\\\/abranet\\\/#breadcrumb\",\"itemListElement\":[{\"@type\":\"ListItem\",\"position\":1,\"name\":\"Startseite\",\"item\":\"https:\\\/\\\/www.franz-stadlhofer.at\\\/shop\\\/\"},{\"@type\":\"ListItem\",\"position\":2,\"name\":\"Produkte\",\"item\":\"https:\\\/\\\/www.franz-stadlhofer.at\\\/shop\\\/shop\\\/\"},{\"@type\":\"ListItem\",\"position\":3,\"name\":\"Abranet\"}]},{\"@type\":\"WebSite\",\"@id\":\"https:\\\/\\\/www.franz-stadlhofer.at\\\/shop\\\/#website\",\"url\":\"https:\\\/\\\/www.franz-stadlhofer.at\\\/shop\\\/\",\"name\":\"Schnitzstube Stadlhofer Shop\",\"description\":\"Holzschnitzen Onlineshop\",\"publisher\":{\"@id\":\"https:\\\/\\\/www.franz-stadlhofer.at\\\/shop\\\/#organization\"},\"potentialAction\":[{\"@type\":\"SearchAction\",\"target\":{\"@type\":\"EntryPoint\",\"urlTemplate\":\"https:\\\/\\\/www.franz-stadlhofer.at\\\/shop\\\/?s={search_term_string}\"},\"query-input\":{\"@type\":\"PropertyValueSpecification\",\"valueRequired\":true,\"valueName\":\"search_term_string\"}}],\"inLanguage\":\"de\"},{\"@type\":\"Organization\",\"@id\":\"https:\\\/\\\/www.franz-stadlhofer.at\\\/shop\\\/#organization\",\"name\":\"Schnitzstube Stadlhofer Shop\",\"url\":\"https:\\\/\\\/www.franz-stadlhofer.at\\\/shop\\\/\",\"logo\":{\"@type\":\"ImageObject\",\"inLanguage\":\"de\",\"@id\":\"https:\\\/\\\/www.franz-stadlhofer.at\\\/shop\\\/#\\\/schema\\\/logo\\\/image\\\/\",\"url\":\"https:\\\/\\\/www.franz-stadlhofer.at\\\/shop\\\/wp-content\\\/uploads\\\/2019\\\/10\\\/LOGO-2-RETINA.png\",\"contentUrl\":\"https:\\\/\\\/www.franz-stadlhofer.at\\\/shop\\\/wp-content\\\/uploads\\\/2019\\\/10\\\/LOGO-2-RETINA.png\",\"width\":471,\"height\":160,\"caption\":\"Schnitzstube Stadlhofer Shop\"},\"image\":{\"@id\":\"https:\\\/\\\/www.franz-stadlhofer.at\\\/shop\\\/#\\\/schema\\\/logo\\\/image\\\/\"}}]}<\/script>\n<!-- \/ Yoast SEO plugin. -->","yoast_head_json":{"title":"Abranet","description":"K\u00f6rnung: 180Korn: Aluminiumoxid L\u00e4nge: 4,5 m Breite: 11,5 cm Mit diesem Netzschleifmittel von Mikra geht das Schleifen einfacher von der Hand. Das Abranet Schleifnetz wurde speziell f\u00fcr weiche Materialien wie beispielsweise unser Lindenholz entwickelt. Kornart Aluminiumoxid\u00a0 \u00a0Farbe Br\u00e4unlich Tr\u00e4germaterial\u00a0 \u00a0 PA Netz Bindemittel Vollkunstharz K\u00f6rnungen 180 oder 240L\u00e4nge: 0,5 m Breite: 7,5 cm","robots":{"index":"index","follow":"follow","max-snippet":"max-snippet:-1","max-image-preview":"max-image-preview:large","max-video-preview":"max-video-preview:-1"},"canonical":"https:\/\/www.franz-stadlhofer.at\/shop\/produkt\/abranet\/","og_locale":"de_DE","og_type":"article","og_title":"Abranet","og_description":"K\u00f6rnung: 180Korn: Aluminiumoxid L\u00e4nge: 4,5 m Breite: 11,5 cm Mit diesem Netzschleifmittel von Mikra geht das Schleifen einfacher von der Hand. Das Abranet Schleifnetz wurde speziell f\u00fcr weiche Materialien wie beispielsweise unser Lindenholz entwickelt. Kornart Aluminiumoxid\u00a0 \u00a0Farbe Br\u00e4unlich Tr\u00e4germaterial\u00a0 \u00a0 PA Netz Bindemittel Vollkunstharz K\u00f6rnungen 180 oder 240L\u00e4nge: 0,5 m Breite: 7,5 cm","og_url":"https:\/\/www.franz-stadlhofer.at\/shop\/produkt\/abranet\/","og_site_name":"Schnitzstube Stadlhofer Shop","article_modified_time":"2026-02-26T17:39:02+00:00","og_image":[{"width":1182,"height":1182,"url":"https:\/\/www.franz-stadlhofer.at\/shop\/wp-content\/uploads\/2022\/11\/Abranet-1-rot.jpg","type":"image\/jpeg"}],"twitter_card":"summary_large_image","twitter_misc":{"Gesch\u00e4tzte Lesezeit":"2\u00a0Minuten"},"schema":{"@context":"https:\/\/schema.org","@graph":[{"@type":"WebPage","@id":"https:\/\/www.franz-stadlhofer.at\/shop\/produkt\/abranet\/","url":"https:\/\/www.franz-stadlhofer.at\/shop\/produkt\/abranet\/","name":"Abranet","isPartOf":{"@id":"https:\/\/www.franz-stadlhofer.at\/shop\/#website"},"primaryImageOfPage":{"@id":"https:\/\/www.franz-stadlhofer.at\/shop\/produkt\/abranet\/#primaryimage"},"image":{"@id":"https:\/\/www.franz-stadlhofer.at\/shop\/produkt\/abranet\/#primaryimage"},"thumbnailUrl":"https:\/\/www.franz-stadlhofer.at\/shop\/wp-content\/uploads\/2022\/11\/Abranet-1-rot.jpg","datePublished":"2022-11-29T14:15:34+00:00","dateModified":"2026-02-26T17:39:02+00:00","description":"K\u00f6rnung: 180Korn: Aluminiumoxid L\u00e4nge: 4,5 m Breite: 11,5 cm Mit diesem Netzschleifmittel von Mikra geht das Schleifen einfacher von der Hand. Das Abranet Schleifnetz wurde speziell f\u00fcr weiche Materialien wie beispielsweise unser Lindenholz entwickelt. Kornart Aluminiumoxid\u00a0 \u00a0Farbe Br\u00e4unlich Tr\u00e4germaterial\u00a0 \u00a0 PA Netz Bindemittel Vollkunstharz K\u00f6rnungen 180 oder 240L\u00e4nge: 0,5 m Breite: 7,5 cm","breadcrumb":{"@id":"https:\/\/www.franz-stadlhofer.at\/shop\/produkt\/abranet\/#breadcrumb"},"inLanguage":"de","potentialAction":[{"@type":"ReadAction","target":["https:\/\/www.franz-stadlhofer.at\/shop\/produkt\/abranet\/"]}]},{"@type":"ImageObject","inLanguage":"de","@id":"https:\/\/www.franz-stadlhofer.at\/shop\/produkt\/abranet\/#primaryimage","url":"https:\/\/www.franz-stadlhofer.at\/shop\/wp-content\/uploads\/2022\/11\/Abranet-1-rot.jpg","contentUrl":"https:\/\/www.franz-stadlhofer.at\/shop\/wp-content\/uploads\/2022\/11\/Abranet-1-rot.jpg","width":1182,"height":1182,"caption":"Abranet"},{"@type":"BreadcrumbList","@id":"https:\/\/www.franz-stadlhofer.at\/shop\/produkt\/abranet\/#breadcrumb","itemListElement":[{"@type":"ListItem","position":1,"name":"Startseite","item":"https:\/\/www.franz-stadlhofer.at\/shop\/"},{"@type":"ListItem","position":2,"name":"Produkte","item":"https:\/\/www.franz-stadlhofer.at\/shop\/shop\/"},{"@type":"ListItem","position":3,"name":"Abranet"}]},{"@type":"WebSite","@id":"https:\/\/www.franz-stadlhofer.at\/shop\/#website","url":"https:\/\/www.franz-stadlhofer.at\/shop\/","name":"Schnitzstube Stadlhofer Shop","description":"Holzschnitzen Onlineshop","publisher":{"@id":"https:\/\/www.franz-stadlhofer.at\/shop\/#organization"},"potentialAction":[{"@type":"SearchAction","target":{"@type":"EntryPoint","urlTemplate":"https:\/\/www.franz-stadlhofer.at\/shop\/?s={search_term_string}"},"query-input":{"@type":"PropertyValueSpecification","valueRequired":true,"valueName":"search_term_string"}}],"inLanguage":"de"},{"@type":"Organization","@id":"https:\/\/www.franz-stadlhofer.at\/shop\/#organization","name":"Schnitzstube Stadlhofer Shop","url":"https:\/\/www.franz-stadlhofer.at\/shop\/","logo":{"@type":"ImageObject","inLanguage":"de","@id":"https:\/\/www.franz-stadlhofer.at\/shop\/#\/schema\/logo\/image\/","url":"https:\/\/www.franz-stadlhofer.at\/shop\/wp-content\/uploads\/2019\/10\/LOGO-2-RETINA.png","contentUrl":"https:\/\/www.franz-stadlhofer.at\/shop\/wp-content\/uploads\/2019\/10\/LOGO-2-RETINA.png","width":471,"height":160,"caption":"Schnitzstube Stadlhofer Shop"},"image":{"@id":"https:\/\/www.franz-stadlhofer.at\/shop\/#\/schema\/logo\/image\/"}}]}},"_links":{"self":[{"href":"https:\/\/www.franz-stadlhofer.at\/shop\/wp-json\/wp\/v2\/product\/31190","targetHints":{"allow":["GET"]}}],"collection":[{"href":"https:\/\/www.franz-stadlhofer.at\/shop\/wp-json\/wp\/v2\/product"}],"about":[{"href":"https:\/\/www.franz-stadlhofer.at\/shop\/wp-json\/wp\/v2\/types\/product"}],"wp:featuredmedia":[{"embeddable":true,"href":"https:\/\/www.franz-stadlhofer.at\/shop\/wp-json\/wp\/v2\/media\/31191"}],"wp:attachment":[{"href":"https:\/\/www.franz-stadlhofer.at\/shop\/wp-json\/wp\/v2\/media?parent=31190"}],"wp:term":[{"taxonomy":"product_brand","embeddable":true,"href":"https:\/\/www.franz-stadlhofer.at\/shop\/wp-json\/wp\/v2\/product_brand?post=31190"},{"taxonomy":"product_cat","embeddable":true,"href":"https:\/\/www.franz-stadlhofer.at\/shop\/wp-json\/wp\/v2\/product_cat?post=31190"},{"taxonomy":"product_tag","embeddable":true,"href":"https:\/\/www.franz-stadlhofer.at\/shop\/wp-json\/wp\/v2\/product_tag?post=31190"}],"curies":[{"name":"wp","href":"https:\/\/api.w.org\/{rel}","templated":true}]}}