{"id":30262,"date":"2024-04-24T18:37:10","date_gmt":"2024-04-24T16:37:10","guid":{"rendered":"https:\/\/www.franz-stadlhofer.at\/shop\/?post_type=product&#038;p=30262"},"modified":"2026-04-20T13:15:50","modified_gmt":"2026-04-20T11:15:50","slug":"set-taschentuecherbox-neu-mit-schnitzvorlage","status":"publish","type":"product","link":"https:\/\/www.franz-stadlhofer.at\/shop\/produkt\/set-taschentuecherbox-neu-mit-schnitzvorlage\/","title":{"rendered":"Set Taschent\u00fccherbox NEU mit Schnitzvorlage"},"content":{"rendered":"<div class=\"fusion-fullwidth fullwidth-box fusion-builder-row-1 fusion-flex-container nonhundred-percent-fullwidth non-hundred-percent-height-scrolling\" style=\"--awb-border-radius-top-left:0px;--awb-border-radius-top-right:0px;--awb-border-radius-bottom-right:0px;--awb-border-radius-bottom-left:0px;--awb-flex-wrap:wrap;\" ><div class=\"fusion-builder-row fusion-row fusion-flex-align-items-flex-start fusion-flex-content-wrap\" style=\"max-width:1216.8px;margin-left: calc(-4% \/ 2 );margin-right: calc(-4% \/ 2 );\"><div class=\"fusion-layout-column fusion_builder_column fusion-builder-column-0 fusion_builder_column_1_1 1_1 fusion-flex-column\" style=\"--awb-bg-size:cover;--awb-width-large:100%;--awb-margin-top-large:0px;--awb-spacing-right-large:1.92%;--awb-margin-bottom-large:0px;--awb-spacing-left-large:1.92%;--awb-width-medium:100%;--awb-spacing-right-medium:1.92%;--awb-spacing-left-medium:1.92%;--awb-width-small:100%;--awb-spacing-right-small:1.92%;--awb-spacing-left-small:1.92%;\"><div class=\"fusion-column-wrapper fusion-flex-justify-content-flex-start fusion-content-layout-column\"><div class=\"fusion-text fusion-text-1\"><p>Endlich gibt es eine Box, in die die gro\u00dfen Taschent\u00fccherboxen problemlos eingelegt werden k\u00f6nnen. Man kann diese ganz nach eigenem Geschmack oder Einrichtung verzieren und so werden diese zum echten &#8222;Hingucker&#8220; und sind das ideale Geschenk, das jede\/r brauchen kann.<\/p>\n<p><span style=\"color: #ff0000;\"><strong>JETZT NEU<\/strong><\/span>! Die Box kann auch mit einer Schnitzvorlage zum leichten Aufb\u00fcgeln mit einem <strong><a href=\"https:\/\/www.franz-stadlhofer.at\/shop\/produkt\/mini-bugeleisen\/\">B\u00fcgelstift<\/a><\/strong> je nach Geschmack und K\u00f6nnen ausgew\u00e4hlt werden.<\/p>\n<p>Die abgebildeten beschnitzen Musterboxen stehen nicht zum Verkauf. Diese dienen lediglich als Gestaltungsbeispiele.<\/p>\n<p>Ma\u00dfe (L x B x H): 25,5 x 13,5 x 8 cm<\/p>\n<\/div><\/div><\/div><\/div><\/div>\n","protected":false},"excerpt":{"rendered":"","protected":false},"featured_media":22811,"template":"","meta":[],"product_brand":[],"product_cat":[1223,759,782],"product_tag":[1536,1347,1348,1349,1350,1450,1516,1518],"class_list":{"0":"post-30262","1":"product","2":"type-product","3":"status-publish","4":"has-post-thumbnail","6":"product_cat-heiss-begehrt","7":"product_cat-rohes-lindenholz","8":"product_cat-kleingegenstande","9":"product_tag-rechteckig","10":"product_tag-taschentuch","11":"product_tag-taschentuchbox","12":"product_tag-taschentuecher","13":"product_tag-taschentuecherbox","14":"product_tag-schnitzholz","15":"product_tag-rohes-lindenholz","16":"product_tag-beschnitzbar","18":"first","19":"instock","20":"taxable","21":"shipping-taxable","22":"purchasable","23":"product-type-variable"},"barcode":null,"atum_controlled":true,"out_stock_date":null,"out_stock_threshold":null,"inheritable":true,"stock_on_hold":0,"sold_today":0,"sales_last_days":0,"reserved_stock":0,"customer_returns":0,"warehouse_damage":0,"lost_in_post":0,"other_logs":0,"out_stock_days":0,"lost_sales":0,"update_date":"2026-05-05T00:06:26","atum_locations":[],"atum_stock_status":"instock","restock_status":false,"low_stock_amount":"","sales_update_date":"2026-05-05T00:06:25","calc_backorders":null,"yoast_head":"<!-- This site is optimized with the Yoast SEO plugin v27.4 - https:\/\/yoast.com\/product\/yoast-seo-wordpress\/ -->\n<title>SET Taschent\u00fccherbox mit Mustervorlag<\/title>\n<meta name=\"description\" content=\"Endlich gibt es eine Box, in die die gro\u00dfen Taschent\u00fccherboxen problemlos eingelegt werden k\u00f6nnen. Man kann diese ganz nach eigenem Geschmack oder Einrichtung verzieren und so werden diese zum echten &quot;Hingucker&quot; und sind das ideale Geschenk, das jede\/r brauchen kann.Die Box kann mit einer Schnitzvorlage je nach Geschmack und K\u00f6nnen ausgew\u00e4hlt werden.Die gezeigten beschnitzen Musterboxen bei den Vorlagenoptionen stehen nicht zum Verkauf. Diese dienen lediglich als Gestaltungsbeispiel.Ma\u00dfe (L x B x H): 25,5 x 13,5 x 8 cm\" \/>\n<meta name=\"robots\" content=\"index, follow, max-snippet:-1, max-image-preview:large, max-video-preview:-1\" \/>\n<link rel=\"canonical\" href=\"https:\/\/www.franz-stadlhofer.at\/shop\/produkt\/set-taschentuecherbox-neu-mit-schnitzvorlage\/\" \/>\n<meta property=\"og:locale\" content=\"de_DE\" \/>\n<meta property=\"og:type\" content=\"article\" \/>\n<meta property=\"og:title\" content=\"SET Taschent\u00fccherbox mit Mustervorlag\" \/>\n<meta property=\"og:description\" content=\"Endlich gibt es eine Box, in die die gro\u00dfen Taschent\u00fccherboxen problemlos eingelegt werden k\u00f6nnen. Man kann diese ganz nach eigenem Geschmack oder Einrichtung verzieren und so werden diese zum echten &quot;Hingucker&quot; und sind das ideale Geschenk, das jede\/r brauchen kann.Die Box kann mit einer Schnitzvorlage je nach Geschmack und K\u00f6nnen ausgew\u00e4hlt werden.Die gezeigten beschnitzen Musterboxen bei den Vorlagenoptionen stehen nicht zum Verkauf. Diese dienen lediglich als Gestaltungsbeispiel.Ma\u00dfe (L x B x H): 25,5 x 13,5 x 8 cm\" \/>\n<meta property=\"og:url\" content=\"https:\/\/www.franz-stadlhofer.at\/shop\/produkt\/set-taschentuecherbox-neu-mit-schnitzvorlage\/\" \/>\n<meta property=\"og:site_name\" content=\"Schnitzstube Stadlhofer Shop\" \/>\n<meta property=\"article:modified_time\" content=\"2026-04-20T11:15:50+00:00\" \/>\n<meta property=\"og:image\" content=\"https:\/\/www.franz-stadlhofer.at\/shop\/wp-content\/uploads\/2018\/10\/products-Taschentuchbox2.jpg\" \/>\n\t<meta property=\"og:image:width\" content=\"945\" \/>\n\t<meta property=\"og:image:height\" content=\"945\" \/>\n\t<meta property=\"og:image:type\" content=\"image\/jpeg\" \/>\n<meta name=\"twitter:card\" content=\"summary_large_image\" \/>\n<meta name=\"twitter:label1\" content=\"Gesch\u00e4tzte Lesezeit\" \/>\n\t<meta name=\"twitter:data1\" content=\"1\u00a0Minute\" \/>\n<script type=\"application\/ld+json\" class=\"yoast-schema-graph\">{\"@context\":\"https:\\\/\\\/schema.org\",\"@graph\":[{\"@type\":\"WebPage\",\"@id\":\"https:\\\/\\\/www.franz-stadlhofer.at\\\/shop\\\/produkt\\\/set-taschentuecherbox-neu-mit-schnitzvorlage\\\/\",\"url\":\"https:\\\/\\\/www.franz-stadlhofer.at\\\/shop\\\/produkt\\\/set-taschentuecherbox-neu-mit-schnitzvorlage\\\/\",\"name\":\"SET Taschent\u00fccherbox mit Mustervorlag\",\"isPartOf\":{\"@id\":\"https:\\\/\\\/www.franz-stadlhofer.at\\\/shop\\\/#website\"},\"primaryImageOfPage\":{\"@id\":\"https:\\\/\\\/www.franz-stadlhofer.at\\\/shop\\\/produkt\\\/set-taschentuecherbox-neu-mit-schnitzvorlage\\\/#primaryimage\"},\"image\":{\"@id\":\"https:\\\/\\\/www.franz-stadlhofer.at\\\/shop\\\/produkt\\\/set-taschentuecherbox-neu-mit-schnitzvorlage\\\/#primaryimage\"},\"thumbnailUrl\":\"https:\\\/\\\/www.franz-stadlhofer.at\\\/shop\\\/wp-content\\\/uploads\\\/2018\\\/10\\\/products-Taschentuchbox2.jpg\",\"datePublished\":\"2024-04-24T16:37:10+00:00\",\"dateModified\":\"2026-04-20T11:15:50+00:00\",\"description\":\"Endlich gibt es eine Box, in die die gro\u00dfen Taschent\u00fccherboxen problemlos eingelegt werden k\u00f6nnen. Man kann diese ganz nach eigenem Geschmack oder Einrichtung verzieren und so werden diese zum echten \\\"Hingucker\\\" und sind das ideale Geschenk, das jede\\\/r brauchen kann.Die Box kann mit einer Schnitzvorlage je nach Geschmack und K\u00f6nnen ausgew\u00e4hlt werden.Die gezeigten beschnitzen Musterboxen bei den Vorlagenoptionen stehen nicht zum Verkauf. Diese dienen lediglich als Gestaltungsbeispiel.Ma\u00dfe (L x B x H): 25,5 x 13,5 x 8 cm\",\"breadcrumb\":{\"@id\":\"https:\\\/\\\/www.franz-stadlhofer.at\\\/shop\\\/produkt\\\/set-taschentuecherbox-neu-mit-schnitzvorlage\\\/#breadcrumb\"},\"inLanguage\":\"de\",\"potentialAction\":[{\"@type\":\"ReadAction\",\"target\":[\"https:\\\/\\\/www.franz-stadlhofer.at\\\/shop\\\/produkt\\\/set-taschentuecherbox-neu-mit-schnitzvorlage\\\/\"]}]},{\"@type\":\"ImageObject\",\"inLanguage\":\"de\",\"@id\":\"https:\\\/\\\/www.franz-stadlhofer.at\\\/shop\\\/produkt\\\/set-taschentuecherbox-neu-mit-schnitzvorlage\\\/#primaryimage\",\"url\":\"https:\\\/\\\/www.franz-stadlhofer.at\\\/shop\\\/wp-content\\\/uploads\\\/2018\\\/10\\\/products-Taschentuchbox2.jpg\",\"contentUrl\":\"https:\\\/\\\/www.franz-stadlhofer.at\\\/shop\\\/wp-content\\\/uploads\\\/2018\\\/10\\\/products-Taschentuchbox2.jpg\",\"width\":\"945\",\"height\":\"945\",\"caption\":\"Taschent\u00fccherbox Lindenholz roh - Schnitzstube Stadlhofer Shop\"},{\"@type\":\"BreadcrumbList\",\"@id\":\"https:\\\/\\\/www.franz-stadlhofer.at\\\/shop\\\/produkt\\\/set-taschentuecherbox-neu-mit-schnitzvorlage\\\/#breadcrumb\",\"itemListElement\":[{\"@type\":\"ListItem\",\"position\":1,\"name\":\"Startseite\",\"item\":\"https:\\\/\\\/www.franz-stadlhofer.at\\\/shop\\\/\"},{\"@type\":\"ListItem\",\"position\":2,\"name\":\"Produkte\",\"item\":\"https:\\\/\\\/www.franz-stadlhofer.at\\\/shop\\\/shop\\\/\"},{\"@type\":\"ListItem\",\"position\":3,\"name\":\"Set Taschent\u00fccherbox NEU mit Schnitzvorlage\"}]},{\"@type\":\"WebSite\",\"@id\":\"https:\\\/\\\/www.franz-stadlhofer.at\\\/shop\\\/#website\",\"url\":\"https:\\\/\\\/www.franz-stadlhofer.at\\\/shop\\\/\",\"name\":\"Schnitzstube Stadlhofer Shop\",\"description\":\"Holzschnitzen Onlineshop\",\"publisher\":{\"@id\":\"https:\\\/\\\/www.franz-stadlhofer.at\\\/shop\\\/#organization\"},\"potentialAction\":[{\"@type\":\"SearchAction\",\"target\":{\"@type\":\"EntryPoint\",\"urlTemplate\":\"https:\\\/\\\/www.franz-stadlhofer.at\\\/shop\\\/?s={search_term_string}\"},\"query-input\":{\"@type\":\"PropertyValueSpecification\",\"valueRequired\":true,\"valueName\":\"search_term_string\"}}],\"inLanguage\":\"de\"},{\"@type\":\"Organization\",\"@id\":\"https:\\\/\\\/www.franz-stadlhofer.at\\\/shop\\\/#organization\",\"name\":\"Schnitzstube Stadlhofer Shop\",\"url\":\"https:\\\/\\\/www.franz-stadlhofer.at\\\/shop\\\/\",\"logo\":{\"@type\":\"ImageObject\",\"inLanguage\":\"de\",\"@id\":\"https:\\\/\\\/www.franz-stadlhofer.at\\\/shop\\\/#\\\/schema\\\/logo\\\/image\\\/\",\"url\":\"https:\\\/\\\/www.franz-stadlhofer.at\\\/shop\\\/wp-content\\\/uploads\\\/2019\\\/10\\\/LOGO-2-RETINA.png\",\"contentUrl\":\"https:\\\/\\\/www.franz-stadlhofer.at\\\/shop\\\/wp-content\\\/uploads\\\/2019\\\/10\\\/LOGO-2-RETINA.png\",\"width\":471,\"height\":160,\"caption\":\"Schnitzstube Stadlhofer Shop\"},\"image\":{\"@id\":\"https:\\\/\\\/www.franz-stadlhofer.at\\\/shop\\\/#\\\/schema\\\/logo\\\/image\\\/\"}}]}<\/script>\n<!-- \/ Yoast SEO plugin. -->","yoast_head_json":{"title":"SET Taschent\u00fccherbox mit Mustervorlag","description":"Endlich gibt es eine Box, in die die gro\u00dfen Taschent\u00fccherboxen problemlos eingelegt werden k\u00f6nnen. Man kann diese ganz nach eigenem Geschmack oder Einrichtung verzieren und so werden diese zum echten \"Hingucker\" und sind das ideale Geschenk, das jede\/r brauchen kann.Die Box kann mit einer Schnitzvorlage je nach Geschmack und K\u00f6nnen ausgew\u00e4hlt werden.Die gezeigten beschnitzen Musterboxen bei den Vorlagenoptionen stehen nicht zum Verkauf. Diese dienen lediglich als Gestaltungsbeispiel.Ma\u00dfe (L x B x H): 25,5 x 13,5 x 8 cm","robots":{"index":"index","follow":"follow","max-snippet":"max-snippet:-1","max-image-preview":"max-image-preview:large","max-video-preview":"max-video-preview:-1"},"canonical":"https:\/\/www.franz-stadlhofer.at\/shop\/produkt\/set-taschentuecherbox-neu-mit-schnitzvorlage\/","og_locale":"de_DE","og_type":"article","og_title":"SET Taschent\u00fccherbox mit Mustervorlag","og_description":"Endlich gibt es eine Box, in die die gro\u00dfen Taschent\u00fccherboxen problemlos eingelegt werden k\u00f6nnen. Man kann diese ganz nach eigenem Geschmack oder Einrichtung verzieren und so werden diese zum echten \"Hingucker\" und sind das ideale Geschenk, das jede\/r brauchen kann.Die Box kann mit einer Schnitzvorlage je nach Geschmack und K\u00f6nnen ausgew\u00e4hlt werden.Die gezeigten beschnitzen Musterboxen bei den Vorlagenoptionen stehen nicht zum Verkauf. Diese dienen lediglich als Gestaltungsbeispiel.Ma\u00dfe (L x B x H): 25,5 x 13,5 x 8 cm","og_url":"https:\/\/www.franz-stadlhofer.at\/shop\/produkt\/set-taschentuecherbox-neu-mit-schnitzvorlage\/","og_site_name":"Schnitzstube Stadlhofer Shop","article_modified_time":"2026-04-20T11:15:50+00:00","og_image":[{"width":945,"height":945,"url":"https:\/\/www.franz-stadlhofer.at\/shop\/wp-content\/uploads\/2018\/10\/products-Taschentuchbox2.jpg","type":"image\/jpeg"}],"twitter_card":"summary_large_image","twitter_misc":{"Gesch\u00e4tzte Lesezeit":"1\u00a0Minute"},"schema":{"@context":"https:\/\/schema.org","@graph":[{"@type":"WebPage","@id":"https:\/\/www.franz-stadlhofer.at\/shop\/produkt\/set-taschentuecherbox-neu-mit-schnitzvorlage\/","url":"https:\/\/www.franz-stadlhofer.at\/shop\/produkt\/set-taschentuecherbox-neu-mit-schnitzvorlage\/","name":"SET Taschent\u00fccherbox mit Mustervorlag","isPartOf":{"@id":"https:\/\/www.franz-stadlhofer.at\/shop\/#website"},"primaryImageOfPage":{"@id":"https:\/\/www.franz-stadlhofer.at\/shop\/produkt\/set-taschentuecherbox-neu-mit-schnitzvorlage\/#primaryimage"},"image":{"@id":"https:\/\/www.franz-stadlhofer.at\/shop\/produkt\/set-taschentuecherbox-neu-mit-schnitzvorlage\/#primaryimage"},"thumbnailUrl":"https:\/\/www.franz-stadlhofer.at\/shop\/wp-content\/uploads\/2018\/10\/products-Taschentuchbox2.jpg","datePublished":"2024-04-24T16:37:10+00:00","dateModified":"2026-04-20T11:15:50+00:00","description":"Endlich gibt es eine Box, in die die gro\u00dfen Taschent\u00fccherboxen problemlos eingelegt werden k\u00f6nnen. Man kann diese ganz nach eigenem Geschmack oder Einrichtung verzieren und so werden diese zum echten \"Hingucker\" und sind das ideale Geschenk, das jede\/r brauchen kann.Die Box kann mit einer Schnitzvorlage je nach Geschmack und K\u00f6nnen ausgew\u00e4hlt werden.Die gezeigten beschnitzen Musterboxen bei den Vorlagenoptionen stehen nicht zum Verkauf. Diese dienen lediglich als Gestaltungsbeispiel.Ma\u00dfe (L x B x H): 25,5 x 13,5 x 8 cm","breadcrumb":{"@id":"https:\/\/www.franz-stadlhofer.at\/shop\/produkt\/set-taschentuecherbox-neu-mit-schnitzvorlage\/#breadcrumb"},"inLanguage":"de","potentialAction":[{"@type":"ReadAction","target":["https:\/\/www.franz-stadlhofer.at\/shop\/produkt\/set-taschentuecherbox-neu-mit-schnitzvorlage\/"]}]},{"@type":"ImageObject","inLanguage":"de","@id":"https:\/\/www.franz-stadlhofer.at\/shop\/produkt\/set-taschentuecherbox-neu-mit-schnitzvorlage\/#primaryimage","url":"https:\/\/www.franz-stadlhofer.at\/shop\/wp-content\/uploads\/2018\/10\/products-Taschentuchbox2.jpg","contentUrl":"https:\/\/www.franz-stadlhofer.at\/shop\/wp-content\/uploads\/2018\/10\/products-Taschentuchbox2.jpg","width":"945","height":"945","caption":"Taschent\u00fccherbox Lindenholz roh - Schnitzstube Stadlhofer Shop"},{"@type":"BreadcrumbList","@id":"https:\/\/www.franz-stadlhofer.at\/shop\/produkt\/set-taschentuecherbox-neu-mit-schnitzvorlage\/#breadcrumb","itemListElement":[{"@type":"ListItem","position":1,"name":"Startseite","item":"https:\/\/www.franz-stadlhofer.at\/shop\/"},{"@type":"ListItem","position":2,"name":"Produkte","item":"https:\/\/www.franz-stadlhofer.at\/shop\/shop\/"},{"@type":"ListItem","position":3,"name":"Set Taschent\u00fccherbox NEU mit Schnitzvorlage"}]},{"@type":"WebSite","@id":"https:\/\/www.franz-stadlhofer.at\/shop\/#website","url":"https:\/\/www.franz-stadlhofer.at\/shop\/","name":"Schnitzstube Stadlhofer Shop","description":"Holzschnitzen Onlineshop","publisher":{"@id":"https:\/\/www.franz-stadlhofer.at\/shop\/#organization"},"potentialAction":[{"@type":"SearchAction","target":{"@type":"EntryPoint","urlTemplate":"https:\/\/www.franz-stadlhofer.at\/shop\/?s={search_term_string}"},"query-input":{"@type":"PropertyValueSpecification","valueRequired":true,"valueName":"search_term_string"}}],"inLanguage":"de"},{"@type":"Organization","@id":"https:\/\/www.franz-stadlhofer.at\/shop\/#organization","name":"Schnitzstube Stadlhofer Shop","url":"https:\/\/www.franz-stadlhofer.at\/shop\/","logo":{"@type":"ImageObject","inLanguage":"de","@id":"https:\/\/www.franz-stadlhofer.at\/shop\/#\/schema\/logo\/image\/","url":"https:\/\/www.franz-stadlhofer.at\/shop\/wp-content\/uploads\/2019\/10\/LOGO-2-RETINA.png","contentUrl":"https:\/\/www.franz-stadlhofer.at\/shop\/wp-content\/uploads\/2019\/10\/LOGO-2-RETINA.png","width":471,"height":160,"caption":"Schnitzstube Stadlhofer Shop"},"image":{"@id":"https:\/\/www.franz-stadlhofer.at\/shop\/#\/schema\/logo\/image\/"}}]}},"_links":{"self":[{"href":"https:\/\/www.franz-stadlhofer.at\/shop\/wp-json\/wp\/v2\/product\/30262","targetHints":{"allow":["GET"]}}],"collection":[{"href":"https:\/\/www.franz-stadlhofer.at\/shop\/wp-json\/wp\/v2\/product"}],"about":[{"href":"https:\/\/www.franz-stadlhofer.at\/shop\/wp-json\/wp\/v2\/types\/product"}],"wp:featuredmedia":[{"embeddable":true,"href":"https:\/\/www.franz-stadlhofer.at\/shop\/wp-json\/wp\/v2\/media\/22811"}],"wp:attachment":[{"href":"https:\/\/www.franz-stadlhofer.at\/shop\/wp-json\/wp\/v2\/media?parent=30262"}],"wp:term":[{"taxonomy":"product_brand","embeddable":true,"href":"https:\/\/www.franz-stadlhofer.at\/shop\/wp-json\/wp\/v2\/product_brand?post=30262"},{"taxonomy":"product_cat","embeddable":true,"href":"https:\/\/www.franz-stadlhofer.at\/shop\/wp-json\/wp\/v2\/product_cat?post=30262"},{"taxonomy":"product_tag","embeddable":true,"href":"https:\/\/www.franz-stadlhofer.at\/shop\/wp-json\/wp\/v2\/product_tag?post=30262"}],"curies":[{"name":"wp","href":"https:\/\/api.w.org\/{rel}","templated":true}]}}