{"id":29044,"date":"2021-12-22T17:39:19","date_gmt":"2021-12-22T16:39:19","guid":{"rendered":"https:\/\/www.franz-stadlhofer.at\/shop\/?post_type=product&#038;p=29044"},"modified":"2026-02-18T11:41:56","modified_gmt":"2026-02-18T10:41:56","slug":"aktion-nassschleifmaschine-t-8-htk-1006","status":"publish","type":"product","link":"https:\/\/www.franz-stadlhofer.at\/shop\/produkt\/aktion-nassschleifmaschine-t-8-htk-1006\/","title":{"rendered":"Set Aktion Nassschleifmaschine T-8 + HTK-1006"},"content":{"rendered":"<div class=\"fusion-fullwidth fullwidth-box fusion-builder-row-1 fusion-flex-container nonhundred-percent-fullwidth non-hundred-percent-height-scrolling\" style=\"--awb-border-radius-top-left:0px;--awb-border-radius-top-right:0px;--awb-border-radius-bottom-right:0px;--awb-border-radius-bottom-left:0px;--awb-flex-wrap:wrap;\" ><div class=\"fusion-builder-row fusion-row fusion-flex-align-items-flex-start fusion-flex-content-wrap\" style=\"max-width:1216.8px;margin-left: calc(-4% \/ 2 );margin-right: calc(-4% \/ 2 );\"><div class=\"fusion-layout-column fusion_builder_column fusion-builder-column-0 fusion_builder_column_1_1 1_1 fusion-flex-column\" style=\"--awb-bg-size:cover;--awb-width-large:100%;--awb-margin-top-large:0px;--awb-spacing-right-large:1.92%;--awb-margin-bottom-large:0px;--awb-spacing-left-large:1.92%;--awb-width-medium:100%;--awb-spacing-right-medium:1.92%;--awb-spacing-left-medium:1.92%;--awb-width-small:100%;--awb-spacing-right-small:1.92%;--awb-spacing-left-small:1.92%;\"><div class=\"fusion-column-wrapper fusion-flex-justify-content-flex-start fusion-content-layout-column\"><div class=\"fusion-text fusion-text-1\" style=\"--awb-text-transform:none;\"><p>In dieser Aktion ist ein <a href=\"https:\/\/www.franz-stadlhofer.at\/shop\/produkt\/nassschleifmaschine-t-8\/\" target=\"_blank\" rel=\"noopener\"><strong>TORMEK T-8 Set<\/strong><\/a> und ein <a href=\"https:\/\/www.franz-stadlhofer.at\/shop\/produkt\/zubehoerpaket-heim-und-haus-htk-1006\/\" target=\"_blank\" rel=\"noopener\"><strong>HTK-1006 Haus-und Heimpaket<\/strong><\/a> enthalten.<\/p>\n<p>Die T-8 liefert h\u00f6chste Pr\u00e4zision dank des aus einem Guss hergestellten revolutio\u00adn\u00e4ren Rahmens, der nur minimalen Freiraum f\u00fcr die Universalst\u00fctze garantiert. Dies\u00a0gibt Ihnen die beste Voraussetzung damit Sie beim Schleifen erfolgreich sind. Tormeks einzigartiges Antriebssystem ist effektiv und beh\u00e4lt eine konstante Dreh\u00adzahl, auch unter hoher Belastung. Der mitgelieferte Tormek Original\u00adschleifstein schleift alle Arten von Stahlsorten, einschlie\u00dflich HSS. Die Maschine verf\u00fcgt \u00fcber viele durchdachte Details, wie z.B. den Schnellverschluss des Steins mit EzyLock, Wasserbeh\u00e4lter mit Hebeanordnung und einem abnehmbaren Magnetschaber f\u00fcr die effektive Reinigung.<\/p>\n<p>Im TORMEK T-8 Set enthalten: Schleifstein, Lederabziehscheibe und Universalst\u00fctze mit Feineinstellung, Schleifvorrichtung, Dreh- und Abrichtwerkzeug, Schneidenmarkierer, Steinpr\u00e4parierer, Winkellehre, Abziehpaste, Drehplatte RB-180, Handbuch<\/p>\n<p><strong><a title=\"Datenblatt T-8\" href=\"https:\/\/www.franz-stadlhofer.at\/shop\/wp-content\/uploads\/2020\/12\/Datenblatt-T8.pdf\">Datenblatt<\/a><\/strong><\/p>\n<p><strong><a title=\"Anwendungsfilm Englisch\" href=\"https:\/\/www.youtube.com\/embed\/1DcjCM_-GDM\">Tormek T-8 Anwendungsfilm (1:16 min &#8211; englisch)<\/a><\/strong><\/p>\n<p>Das Zubeh\u00f6rpaket <a href=\"https:\/\/www.franz-stadlhofer.at\/shop\/produkt\/zubehoerpaket-heim-und-haus-htk-1006\/\" target=\"_blank\" rel=\"noopener\"><strong>HTK-1006<\/strong><\/a> enth\u00e4lt alles, was Sie zum Sch\u00e4rfen Ihrer Messer, Scheren, Zugmesser, \u00c4xte, kurze Werkzeuge und Schnitzwerkzeuge ben\u00f6tigen. Das perfekte Kit f\u00fcr all Ihre Handwerkzeuge.<\/p>\n<p>Besteht aus <strong><a href=\"https:\/\/www.franz-stadlhofer.at\/shop\/produkt\/schleifvorrichtung-fur-kurze-werkzeuge-svs-38\/\">SVS-38<\/a><\/strong>, <a href=\"https:\/\/www.franz-stadlhofer.at\/shop\/produkt\/schleifvorrichtung-fuer-aexte-ax-40\/\"><strong>AX-40<\/strong><\/a>, <a href=\"https:\/\/www.franz-stadlhofer.at\/shop\/produkt\/zentrierende-vorrichtung-fuer-messer-kj-45\/\"><strong>KJ-45<\/strong><\/a>, <a href=\"https:\/\/www.franz-stadlhofer.at\/shop\/produkt\/breite-zentrierende-vorrichtung-fuer-messer-kj-140\/\"><strong>KJ-140<\/strong><\/a>, <strong><a href=\"https:\/\/www.franz-stadlhofer.at\/shop\/produkt\/schleifvorrichtung-fuer-scheren-sc-60\/\">SC-60<\/a><\/strong>, <strong><a href=\"https:\/\/www.franz-stadlhofer.at\/shop\/produkt\/schleifvorrichtung-fur-kleine-messer-svm-00\/\">SVM-00,\u00a0<\/a><\/strong><\/p>\n<p><span style=\"color: #ff0000;\"><strong>Mit TOP-Anleitung zum Spitzen-Schliff: Lernen Sie alle Teile des Tormek-Systems kennen und \u00fcben Sie den optimalen Einsatz in unseren <a style=\"color: #ff0000;\" href=\"https:\/\/www.franz-stadlhofer.at\/kursthema\/schleifen-schaerfen\/\" target=\"_blank\" rel=\"noopener\">SCHLEIFKURSEN<\/a>.<\/strong><\/span><\/p>\n<\/div><\/div><\/div><\/div><\/div>\n","protected":false},"excerpt":{"rendered":"","protected":false},"featured_media":35843,"template":"","meta":[],"product_brand":[],"product_cat":[785,767,1224,758,763],"product_tag":[],"class_list":{"0":"post-29044","1":"product","2":"type-product","3":"status-publish","4":"has-post-thumbnail","6":"product_cat-maschinen-und-zubehorpakete","7":"product_cat-nass-schleifen","8":"product_cat-extra-sets","9":"product_cat-werkzeuge","10":"product_cat-schleifen-scharfen","12":"first","13":"instock","14":"taxable","15":"shipping-taxable","16":"purchasable","17":"product-type-simple"},"barcode":null,"atum_controlled":true,"out_stock_date":null,"out_stock_threshold":null,"inheritable":false,"stock_on_hold":0,"sold_today":0,"sales_last_days":0,"reserved_stock":0,"customer_returns":0,"warehouse_damage":0,"lost_in_post":0,"other_logs":0,"out_stock_days":0,"lost_sales":0,"update_date":"2026-05-05T00:06:06","atum_locations":[],"atum_stock_status":"instock","restock_status":false,"low_stock_amount":"","sales_update_date":"2026-05-05T00:06:06","calc_backorders":null,"yoast_head":"<!-- This site is optimized with the Yoast SEO plugin v27.4 - https:\/\/yoast.com\/product\/yoast-seo-wordpress\/ -->\n<title>Aktion Nassschleifmaschine T-8 +HTK-1006<\/title>\n<meta name=\"description\" content=\"In dieser Aktion ist ein TORMEK T-8 Set und ein HTK-1006 Aus-und Heimpaket enthalten.Die T-8 liefert h\u00f6chste Pr\u00e4zision dank des aus einem Guss hergestellten revolutio\u00adn\u00e4ren Rahmens, der nur minimalen Freiraum f\u00fcr die Universalst\u00fctze garantiert. Dies\u00a0gibt Ihnen die beste Voraussetzung damit Sie beim Schleifen erfolgreich sind. Tormeks einzigartiges Antriebssystem ist effektiv und beh\u00e4lt eine konstante Dreh\u00adzahl, auch unter hoher Belastung. Der mitgelieferte Tormek Original\u00adschleifstein schleift alle Arten von Stahlsorten, einschlie\u00dflich HSS. Die Maschine verf\u00fcgt \u00fcber viele durchdachte Details, wie z.B. den Schnellverschluss des Steins mit EzyLock, Wasserbeh\u00e4lter mit Hebeanordnung und einem abnehmbaren Magnetschaber f\u00fcr die effektive Reinigung.Im TORMEK T-8 Set enthalten: Schleifstein, Lederabziehscheibe und Universalst\u00fctze mit Feineinstellung, Schleifvorrichtung, Dreh- und Abrichtwerkzeug, Tormek DVD, Steinpr\u00e4parierer, Winkellehre, Abziehpaste, HandbuchDatenblattTormek T-8 Anwendungsfilm (1:16 min - englisch)Das Zubeh\u00f6rpaket HTK-906 enth\u00e4lt alles, was Sie zum Sch\u00e4rfen Ihrer Messer, Scheren, Zugmesser, \u00c4xte, kurze Werkzeuge und Schnitzwerkzeuge ben\u00f6tigen. Das perfekte Kit f\u00fcr all Ihre Handwerkzeuge.Besteht aus SVS-38, AX-40, SVM-45, SVM-140, SC-60, SVM-00\" \/>\n<meta name=\"robots\" content=\"index, follow, max-snippet:-1, max-image-preview:large, max-video-preview:-1\" \/>\n<link rel=\"canonical\" href=\"https:\/\/www.franz-stadlhofer.at\/shop\/produkt\/aktion-nassschleifmaschine-t-8-htk-1006\/\" \/>\n<meta property=\"og:locale\" content=\"de_DE\" \/>\n<meta property=\"og:type\" content=\"article\" \/>\n<meta property=\"og:title\" content=\"Aktion Nassschleifmaschine T-8 +HTK-1006\" \/>\n<meta property=\"og:description\" content=\"In dieser Aktion ist ein TORMEK T-8 Set und ein HTK-1006 Aus-und Heimpaket enthalten.Die T-8 liefert h\u00f6chste Pr\u00e4zision dank des aus einem Guss hergestellten revolutio\u00adn\u00e4ren Rahmens, der nur minimalen Freiraum f\u00fcr die Universalst\u00fctze garantiert. Dies\u00a0gibt Ihnen die beste Voraussetzung damit Sie beim Schleifen erfolgreich sind. Tormeks einzigartiges Antriebssystem ist effektiv und beh\u00e4lt eine konstante Dreh\u00adzahl, auch unter hoher Belastung. Der mitgelieferte Tormek Original\u00adschleifstein schleift alle Arten von Stahlsorten, einschlie\u00dflich HSS. Die Maschine verf\u00fcgt \u00fcber viele durchdachte Details, wie z.B. den Schnellverschluss des Steins mit EzyLock, Wasserbeh\u00e4lter mit Hebeanordnung und einem abnehmbaren Magnetschaber f\u00fcr die effektive Reinigung.Im TORMEK T-8 Set enthalten: Schleifstein, Lederabziehscheibe und Universalst\u00fctze mit Feineinstellung, Schleifvorrichtung, Dreh- und Abrichtwerkzeug, Tormek DVD, Steinpr\u00e4parierer, Winkellehre, Abziehpaste, HandbuchDatenblattTormek T-8 Anwendungsfilm (1:16 min - englisch)Das Zubeh\u00f6rpaket HTK-906 enth\u00e4lt alles, was Sie zum Sch\u00e4rfen Ihrer Messer, Scheren, Zugmesser, \u00c4xte, kurze Werkzeuge und Schnitzwerkzeuge ben\u00f6tigen. Das perfekte Kit f\u00fcr all Ihre Handwerkzeuge.Besteht aus SVS-38, AX-40, SVM-45, SVM-140, SC-60, SVM-00\" \/>\n<meta property=\"og:url\" content=\"https:\/\/www.franz-stadlhofer.at\/shop\/produkt\/aktion-nassschleifmaschine-t-8-htk-1006\/\" \/>\n<meta property=\"og:site_name\" content=\"Schnitzstube Stadlhofer Shop\" \/>\n<meta property=\"article:modified_time\" content=\"2026-02-18T10:41:56+00:00\" \/>\n<meta property=\"og:image\" content=\"https:\/\/www.franz-stadlhofer.at\/shop\/wp-content\/uploads\/2025\/02\/Tormek-Sets_1-1.webp\" \/>\n\t<meta property=\"og:image:width\" content=\"945\" \/>\n\t<meta property=\"og:image:height\" content=\"945\" \/>\n\t<meta property=\"og:image:type\" content=\"image\/webp\" \/>\n<meta name=\"twitter:card\" content=\"summary_large_image\" \/>\n<meta name=\"twitter:label1\" content=\"Gesch\u00e4tzte Lesezeit\" \/>\n\t<meta name=\"twitter:data1\" content=\"2\u00a0Minuten\" \/>\n<script type=\"application\/ld+json\" class=\"yoast-schema-graph\">{\"@context\":\"https:\\\/\\\/schema.org\",\"@graph\":[{\"@type\":\"WebPage\",\"@id\":\"https:\\\/\\\/www.franz-stadlhofer.at\\\/shop\\\/produkt\\\/aktion-nassschleifmaschine-t-8-htk-1006\\\/\",\"url\":\"https:\\\/\\\/www.franz-stadlhofer.at\\\/shop\\\/produkt\\\/aktion-nassschleifmaschine-t-8-htk-1006\\\/\",\"name\":\"Aktion Nassschleifmaschine T-8 +HTK-1006\",\"isPartOf\":{\"@id\":\"https:\\\/\\\/www.franz-stadlhofer.at\\\/shop\\\/#website\"},\"primaryImageOfPage\":{\"@id\":\"https:\\\/\\\/www.franz-stadlhofer.at\\\/shop\\\/produkt\\\/aktion-nassschleifmaschine-t-8-htk-1006\\\/#primaryimage\"},\"image\":{\"@id\":\"https:\\\/\\\/www.franz-stadlhofer.at\\\/shop\\\/produkt\\\/aktion-nassschleifmaschine-t-8-htk-1006\\\/#primaryimage\"},\"thumbnailUrl\":\"https:\\\/\\\/www.franz-stadlhofer.at\\\/shop\\\/wp-content\\\/uploads\\\/2025\\\/02\\\/Tormek-Sets_1-1.webp\",\"datePublished\":\"2021-12-22T16:39:19+00:00\",\"dateModified\":\"2026-02-18T10:41:56+00:00\",\"description\":\"In dieser Aktion ist ein TORMEK T-8 Set und ein HTK-1006 Aus-und Heimpaket enthalten.Die T-8 liefert h\u00f6chste Pr\u00e4zision dank des aus einem Guss hergestellten revolutio\u00adn\u00e4ren Rahmens, der nur minimalen Freiraum f\u00fcr die Universalst\u00fctze garantiert. Dies\u00a0gibt Ihnen die beste Voraussetzung damit Sie beim Schleifen erfolgreich sind. Tormeks einzigartiges Antriebssystem ist effektiv und beh\u00e4lt eine konstante Dreh\u00adzahl, auch unter hoher Belastung. Der mitgelieferte Tormek Original\u00adschleifstein schleift alle Arten von Stahlsorten, einschlie\u00dflich HSS. Die Maschine verf\u00fcgt \u00fcber viele durchdachte Details, wie z.B. den Schnellverschluss des Steins mit EzyLock, Wasserbeh\u00e4lter mit Hebeanordnung und einem abnehmbaren Magnetschaber f\u00fcr die effektive Reinigung.Im TORMEK T-8 Set enthalten: Schleifstein, Lederabziehscheibe und Universalst\u00fctze mit Feineinstellung, Schleifvorrichtung, Dreh- und Abrichtwerkzeug, Tormek DVD, Steinpr\u00e4parierer, Winkellehre, Abziehpaste, HandbuchDatenblattTormek T-8 Anwendungsfilm (1:16 min - englisch)Das Zubeh\u00f6rpaket HTK-906 enth\u00e4lt alles, was Sie zum Sch\u00e4rfen Ihrer Messer, Scheren, Zugmesser, \u00c4xte, kurze Werkzeuge und Schnitzwerkzeuge ben\u00f6tigen. Das perfekte Kit f\u00fcr all Ihre Handwerkzeuge.Besteht aus SVS-38, AX-40, SVM-45, SVM-140, SC-60, SVM-00\",\"breadcrumb\":{\"@id\":\"https:\\\/\\\/www.franz-stadlhofer.at\\\/shop\\\/produkt\\\/aktion-nassschleifmaschine-t-8-htk-1006\\\/#breadcrumb\"},\"inLanguage\":\"de\",\"potentialAction\":[{\"@type\":\"ReadAction\",\"target\":[\"https:\\\/\\\/www.franz-stadlhofer.at\\\/shop\\\/produkt\\\/aktion-nassschleifmaschine-t-8-htk-1006\\\/\"]}]},{\"@type\":\"ImageObject\",\"inLanguage\":\"de\",\"@id\":\"https:\\\/\\\/www.franz-stadlhofer.at\\\/shop\\\/produkt\\\/aktion-nassschleifmaschine-t-8-htk-1006\\\/#primaryimage\",\"url\":\"https:\\\/\\\/www.franz-stadlhofer.at\\\/shop\\\/wp-content\\\/uploads\\\/2025\\\/02\\\/Tormek-Sets_1-1.webp\",\"contentUrl\":\"https:\\\/\\\/www.franz-stadlhofer.at\\\/shop\\\/wp-content\\\/uploads\\\/2025\\\/02\\\/Tormek-Sets_1-1.webp\",\"width\":945,\"height\":945,\"caption\":\"Tormek Set T-8 Schleifmaschine mit Zubeh\u00f6rpaketen HTK-906 inkl. Drehplatte RB-180\"},{\"@type\":\"BreadcrumbList\",\"@id\":\"https:\\\/\\\/www.franz-stadlhofer.at\\\/shop\\\/produkt\\\/aktion-nassschleifmaschine-t-8-htk-1006\\\/#breadcrumb\",\"itemListElement\":[{\"@type\":\"ListItem\",\"position\":1,\"name\":\"Startseite\",\"item\":\"https:\\\/\\\/www.franz-stadlhofer.at\\\/shop\\\/\"},{\"@type\":\"ListItem\",\"position\":2,\"name\":\"Produkte\",\"item\":\"https:\\\/\\\/www.franz-stadlhofer.at\\\/shop\\\/shop\\\/\"},{\"@type\":\"ListItem\",\"position\":3,\"name\":\"Set Aktion Nassschleifmaschine T-8 + HTK-1006\"}]},{\"@type\":\"WebSite\",\"@id\":\"https:\\\/\\\/www.franz-stadlhofer.at\\\/shop\\\/#website\",\"url\":\"https:\\\/\\\/www.franz-stadlhofer.at\\\/shop\\\/\",\"name\":\"Schnitzstube Stadlhofer Shop\",\"description\":\"Holzschnitzen Onlineshop\",\"publisher\":{\"@id\":\"https:\\\/\\\/www.franz-stadlhofer.at\\\/shop\\\/#organization\"},\"potentialAction\":[{\"@type\":\"SearchAction\",\"target\":{\"@type\":\"EntryPoint\",\"urlTemplate\":\"https:\\\/\\\/www.franz-stadlhofer.at\\\/shop\\\/?s={search_term_string}\"},\"query-input\":{\"@type\":\"PropertyValueSpecification\",\"valueRequired\":true,\"valueName\":\"search_term_string\"}}],\"inLanguage\":\"de\"},{\"@type\":\"Organization\",\"@id\":\"https:\\\/\\\/www.franz-stadlhofer.at\\\/shop\\\/#organization\",\"name\":\"Schnitzstube Stadlhofer Shop\",\"url\":\"https:\\\/\\\/www.franz-stadlhofer.at\\\/shop\\\/\",\"logo\":{\"@type\":\"ImageObject\",\"inLanguage\":\"de\",\"@id\":\"https:\\\/\\\/www.franz-stadlhofer.at\\\/shop\\\/#\\\/schema\\\/logo\\\/image\\\/\",\"url\":\"https:\\\/\\\/www.franz-stadlhofer.at\\\/shop\\\/wp-content\\\/uploads\\\/2019\\\/10\\\/LOGO-2-RETINA.png\",\"contentUrl\":\"https:\\\/\\\/www.franz-stadlhofer.at\\\/shop\\\/wp-content\\\/uploads\\\/2019\\\/10\\\/LOGO-2-RETINA.png\",\"width\":471,\"height\":160,\"caption\":\"Schnitzstube Stadlhofer Shop\"},\"image\":{\"@id\":\"https:\\\/\\\/www.franz-stadlhofer.at\\\/shop\\\/#\\\/schema\\\/logo\\\/image\\\/\"}}]}<\/script>\n<!-- \/ Yoast SEO plugin. -->","yoast_head_json":{"title":"Aktion Nassschleifmaschine T-8 +HTK-1006","description":"In dieser Aktion ist ein TORMEK T-8 Set und ein HTK-1006 Aus-und Heimpaket enthalten.Die T-8 liefert h\u00f6chste Pr\u00e4zision dank des aus einem Guss hergestellten revolutio\u00adn\u00e4ren Rahmens, der nur minimalen Freiraum f\u00fcr die Universalst\u00fctze garantiert. Dies\u00a0gibt Ihnen die beste Voraussetzung damit Sie beim Schleifen erfolgreich sind. Tormeks einzigartiges Antriebssystem ist effektiv und beh\u00e4lt eine konstante Dreh\u00adzahl, auch unter hoher Belastung. Der mitgelieferte Tormek Original\u00adschleifstein schleift alle Arten von Stahlsorten, einschlie\u00dflich HSS. Die Maschine verf\u00fcgt \u00fcber viele durchdachte Details, wie z.B. den Schnellverschluss des Steins mit EzyLock, Wasserbeh\u00e4lter mit Hebeanordnung und einem abnehmbaren Magnetschaber f\u00fcr die effektive Reinigung.Im TORMEK T-8 Set enthalten: Schleifstein, Lederabziehscheibe und Universalst\u00fctze mit Feineinstellung, Schleifvorrichtung, Dreh- und Abrichtwerkzeug, Tormek DVD, Steinpr\u00e4parierer, Winkellehre, Abziehpaste, HandbuchDatenblattTormek T-8 Anwendungsfilm (1:16 min - englisch)Das Zubeh\u00f6rpaket HTK-906 enth\u00e4lt alles, was Sie zum Sch\u00e4rfen Ihrer Messer, Scheren, Zugmesser, \u00c4xte, kurze Werkzeuge und Schnitzwerkzeuge ben\u00f6tigen. Das perfekte Kit f\u00fcr all Ihre Handwerkzeuge.Besteht aus SVS-38, AX-40, SVM-45, SVM-140, SC-60, SVM-00","robots":{"index":"index","follow":"follow","max-snippet":"max-snippet:-1","max-image-preview":"max-image-preview:large","max-video-preview":"max-video-preview:-1"},"canonical":"https:\/\/www.franz-stadlhofer.at\/shop\/produkt\/aktion-nassschleifmaschine-t-8-htk-1006\/","og_locale":"de_DE","og_type":"article","og_title":"Aktion Nassschleifmaschine T-8 +HTK-1006","og_description":"In dieser Aktion ist ein TORMEK T-8 Set und ein HTK-1006 Aus-und Heimpaket enthalten.Die T-8 liefert h\u00f6chste Pr\u00e4zision dank des aus einem Guss hergestellten revolutio\u00adn\u00e4ren Rahmens, der nur minimalen Freiraum f\u00fcr die Universalst\u00fctze garantiert. Dies\u00a0gibt Ihnen die beste Voraussetzung damit Sie beim Schleifen erfolgreich sind. Tormeks einzigartiges Antriebssystem ist effektiv und beh\u00e4lt eine konstante Dreh\u00adzahl, auch unter hoher Belastung. Der mitgelieferte Tormek Original\u00adschleifstein schleift alle Arten von Stahlsorten, einschlie\u00dflich HSS. Die Maschine verf\u00fcgt \u00fcber viele durchdachte Details, wie z.B. den Schnellverschluss des Steins mit EzyLock, Wasserbeh\u00e4lter mit Hebeanordnung und einem abnehmbaren Magnetschaber f\u00fcr die effektive Reinigung.Im TORMEK T-8 Set enthalten: Schleifstein, Lederabziehscheibe und Universalst\u00fctze mit Feineinstellung, Schleifvorrichtung, Dreh- und Abrichtwerkzeug, Tormek DVD, Steinpr\u00e4parierer, Winkellehre, Abziehpaste, HandbuchDatenblattTormek T-8 Anwendungsfilm (1:16 min - englisch)Das Zubeh\u00f6rpaket HTK-906 enth\u00e4lt alles, was Sie zum Sch\u00e4rfen Ihrer Messer, Scheren, Zugmesser, \u00c4xte, kurze Werkzeuge und Schnitzwerkzeuge ben\u00f6tigen. Das perfekte Kit f\u00fcr all Ihre Handwerkzeuge.Besteht aus SVS-38, AX-40, SVM-45, SVM-140, SC-60, SVM-00","og_url":"https:\/\/www.franz-stadlhofer.at\/shop\/produkt\/aktion-nassschleifmaschine-t-8-htk-1006\/","og_site_name":"Schnitzstube Stadlhofer Shop","article_modified_time":"2026-02-18T10:41:56+00:00","og_image":[{"width":945,"height":945,"url":"https:\/\/www.franz-stadlhofer.at\/shop\/wp-content\/uploads\/2025\/02\/Tormek-Sets_1-1.webp","type":"image\/webp"}],"twitter_card":"summary_large_image","twitter_misc":{"Gesch\u00e4tzte Lesezeit":"2\u00a0Minuten"},"schema":{"@context":"https:\/\/schema.org","@graph":[{"@type":"WebPage","@id":"https:\/\/www.franz-stadlhofer.at\/shop\/produkt\/aktion-nassschleifmaschine-t-8-htk-1006\/","url":"https:\/\/www.franz-stadlhofer.at\/shop\/produkt\/aktion-nassschleifmaschine-t-8-htk-1006\/","name":"Aktion Nassschleifmaschine T-8 +HTK-1006","isPartOf":{"@id":"https:\/\/www.franz-stadlhofer.at\/shop\/#website"},"primaryImageOfPage":{"@id":"https:\/\/www.franz-stadlhofer.at\/shop\/produkt\/aktion-nassschleifmaschine-t-8-htk-1006\/#primaryimage"},"image":{"@id":"https:\/\/www.franz-stadlhofer.at\/shop\/produkt\/aktion-nassschleifmaschine-t-8-htk-1006\/#primaryimage"},"thumbnailUrl":"https:\/\/www.franz-stadlhofer.at\/shop\/wp-content\/uploads\/2025\/02\/Tormek-Sets_1-1.webp","datePublished":"2021-12-22T16:39:19+00:00","dateModified":"2026-02-18T10:41:56+00:00","description":"In dieser Aktion ist ein TORMEK T-8 Set und ein HTK-1006 Aus-und Heimpaket enthalten.Die T-8 liefert h\u00f6chste Pr\u00e4zision dank des aus einem Guss hergestellten revolutio\u00adn\u00e4ren Rahmens, der nur minimalen Freiraum f\u00fcr die Universalst\u00fctze garantiert. Dies\u00a0gibt Ihnen die beste Voraussetzung damit Sie beim Schleifen erfolgreich sind. Tormeks einzigartiges Antriebssystem ist effektiv und beh\u00e4lt eine konstante Dreh\u00adzahl, auch unter hoher Belastung. Der mitgelieferte Tormek Original\u00adschleifstein schleift alle Arten von Stahlsorten, einschlie\u00dflich HSS. Die Maschine verf\u00fcgt \u00fcber viele durchdachte Details, wie z.B. den Schnellverschluss des Steins mit EzyLock, Wasserbeh\u00e4lter mit Hebeanordnung und einem abnehmbaren Magnetschaber f\u00fcr die effektive Reinigung.Im TORMEK T-8 Set enthalten: Schleifstein, Lederabziehscheibe und Universalst\u00fctze mit Feineinstellung, Schleifvorrichtung, Dreh- und Abrichtwerkzeug, Tormek DVD, Steinpr\u00e4parierer, Winkellehre, Abziehpaste, HandbuchDatenblattTormek T-8 Anwendungsfilm (1:16 min - englisch)Das Zubeh\u00f6rpaket HTK-906 enth\u00e4lt alles, was Sie zum Sch\u00e4rfen Ihrer Messer, Scheren, Zugmesser, \u00c4xte, kurze Werkzeuge und Schnitzwerkzeuge ben\u00f6tigen. Das perfekte Kit f\u00fcr all Ihre Handwerkzeuge.Besteht aus SVS-38, AX-40, SVM-45, SVM-140, SC-60, SVM-00","breadcrumb":{"@id":"https:\/\/www.franz-stadlhofer.at\/shop\/produkt\/aktion-nassschleifmaschine-t-8-htk-1006\/#breadcrumb"},"inLanguage":"de","potentialAction":[{"@type":"ReadAction","target":["https:\/\/www.franz-stadlhofer.at\/shop\/produkt\/aktion-nassschleifmaschine-t-8-htk-1006\/"]}]},{"@type":"ImageObject","inLanguage":"de","@id":"https:\/\/www.franz-stadlhofer.at\/shop\/produkt\/aktion-nassschleifmaschine-t-8-htk-1006\/#primaryimage","url":"https:\/\/www.franz-stadlhofer.at\/shop\/wp-content\/uploads\/2025\/02\/Tormek-Sets_1-1.webp","contentUrl":"https:\/\/www.franz-stadlhofer.at\/shop\/wp-content\/uploads\/2025\/02\/Tormek-Sets_1-1.webp","width":945,"height":945,"caption":"Tormek Set T-8 Schleifmaschine mit Zubeh\u00f6rpaketen HTK-906 inkl. Drehplatte RB-180"},{"@type":"BreadcrumbList","@id":"https:\/\/www.franz-stadlhofer.at\/shop\/produkt\/aktion-nassschleifmaschine-t-8-htk-1006\/#breadcrumb","itemListElement":[{"@type":"ListItem","position":1,"name":"Startseite","item":"https:\/\/www.franz-stadlhofer.at\/shop\/"},{"@type":"ListItem","position":2,"name":"Produkte","item":"https:\/\/www.franz-stadlhofer.at\/shop\/shop\/"},{"@type":"ListItem","position":3,"name":"Set Aktion Nassschleifmaschine T-8 + HTK-1006"}]},{"@type":"WebSite","@id":"https:\/\/www.franz-stadlhofer.at\/shop\/#website","url":"https:\/\/www.franz-stadlhofer.at\/shop\/","name":"Schnitzstube Stadlhofer Shop","description":"Holzschnitzen Onlineshop","publisher":{"@id":"https:\/\/www.franz-stadlhofer.at\/shop\/#organization"},"potentialAction":[{"@type":"SearchAction","target":{"@type":"EntryPoint","urlTemplate":"https:\/\/www.franz-stadlhofer.at\/shop\/?s={search_term_string}"},"query-input":{"@type":"PropertyValueSpecification","valueRequired":true,"valueName":"search_term_string"}}],"inLanguage":"de"},{"@type":"Organization","@id":"https:\/\/www.franz-stadlhofer.at\/shop\/#organization","name":"Schnitzstube Stadlhofer Shop","url":"https:\/\/www.franz-stadlhofer.at\/shop\/","logo":{"@type":"ImageObject","inLanguage":"de","@id":"https:\/\/www.franz-stadlhofer.at\/shop\/#\/schema\/logo\/image\/","url":"https:\/\/www.franz-stadlhofer.at\/shop\/wp-content\/uploads\/2019\/10\/LOGO-2-RETINA.png","contentUrl":"https:\/\/www.franz-stadlhofer.at\/shop\/wp-content\/uploads\/2019\/10\/LOGO-2-RETINA.png","width":471,"height":160,"caption":"Schnitzstube Stadlhofer Shop"},"image":{"@id":"https:\/\/www.franz-stadlhofer.at\/shop\/#\/schema\/logo\/image\/"}}]}},"_links":{"self":[{"href":"https:\/\/www.franz-stadlhofer.at\/shop\/wp-json\/wp\/v2\/product\/29044","targetHints":{"allow":["GET"]}}],"collection":[{"href":"https:\/\/www.franz-stadlhofer.at\/shop\/wp-json\/wp\/v2\/product"}],"about":[{"href":"https:\/\/www.franz-stadlhofer.at\/shop\/wp-json\/wp\/v2\/types\/product"}],"wp:featuredmedia":[{"embeddable":true,"href":"https:\/\/www.franz-stadlhofer.at\/shop\/wp-json\/wp\/v2\/media\/35843"}],"wp:attachment":[{"href":"https:\/\/www.franz-stadlhofer.at\/shop\/wp-json\/wp\/v2\/media?parent=29044"}],"wp:term":[{"taxonomy":"product_brand","embeddable":true,"href":"https:\/\/www.franz-stadlhofer.at\/shop\/wp-json\/wp\/v2\/product_brand?post=29044"},{"taxonomy":"product_cat","embeddable":true,"href":"https:\/\/www.franz-stadlhofer.at\/shop\/wp-json\/wp\/v2\/product_cat?post=29044"},{"taxonomy":"product_tag","embeddable":true,"href":"https:\/\/www.franz-stadlhofer.at\/shop\/wp-json\/wp\/v2\/product_tag?post=29044"}],"curies":[{"name":"wp","href":"https:\/\/api.w.org\/{rel}","templated":true}]}}