{"id":29036,"date":"2021-12-22T16:03:15","date_gmt":"2021-12-22T15:03:15","guid":{"rendered":"https:\/\/www.franz-stadlhofer.at\/shop\/?post_type=product&#038;p=29036"},"modified":"2026-02-25T11:22:00","modified_gmt":"2026-02-25T10:22:00","slug":"diamant-schleifscheibe-dwc-200-dwf-200-dwe-200","status":"publish","type":"product","link":"https:\/\/www.franz-stadlhofer.at\/shop\/produkt\/diamant-schleifscheibe-dwc-200-dwf-200-dwe-200\/","title":{"rendered":"Diamant Schleifscheiben f\u00fcr T-2"},"content":{"rendered":"<div class=\"fusion-fullwidth fullwidth-box fusion-builder-row-1 fusion-flex-container nonhundred-percent-fullwidth non-hundred-percent-height-scrolling\" style=\"--awb-border-radius-top-left:0px;--awb-border-radius-top-right:0px;--awb-border-radius-bottom-right:0px;--awb-border-radius-bottom-left:0px;--awb-flex-wrap:wrap;\" ><div class=\"fusion-builder-row fusion-row fusion-flex-align-items-flex-start fusion-flex-content-wrap\" style=\"max-width:1216.8px;margin-left: calc(-4% \/ 2 );margin-right: calc(-4% \/ 2 );\"><div class=\"fusion-layout-column fusion_builder_column fusion-builder-column-0 fusion_builder_column_1_1 1_1 fusion-flex-column\" style=\"--awb-bg-size:cover;--awb-width-large:100%;--awb-margin-top-large:0px;--awb-spacing-right-large:1.92%;--awb-margin-bottom-large:0px;--awb-spacing-left-large:1.92%;--awb-width-medium:100%;--awb-spacing-right-medium:1.92%;--awb-spacing-left-medium:1.92%;--awb-width-small:100%;--awb-spacing-right-small:1.92%;--awb-spacing-left-small:1.92%;\"><div class=\"fusion-column-wrapper fusion-flex-justify-content-flex-start fusion-content-layout-column\"><div class=\"fusion-text fusion-text-1\" style=\"--awb-text-transform:none;\"><p>Diese Diamant-Schleifscheiben f\u00fcr die Tormek Maschine T-2 sind in drei K\u00f6rnungen erh\u00e4ltlich: grob, fein und extrafein.<\/p>\n<p><strong>&#8211; DWC-200, grob<\/strong>: mit der K\u00f6rnung 360 kann eine stumpfe oder besch\u00e4digte Schneide effizient repariert werden.<br \/>\n<strong>&#8211; DWF-200, fein <\/strong>(Standardausstattung): die K\u00f6rnung 600 vereint einen effektiven Abtrag und eine feine Schleiffl\u00e4che.<br \/>\n<strong>&#8211; DWE-200, extra fein<\/strong>: mit der K\u00f6rnung 1200 erzielt man eine sehr feine Schleiffl\u00e4che.<\/p>\n<p><a title=\"Datenblatt DC-250, DF-250 und DE-250\" href=\"https:\/\/www.franz-stadlhofer.at\/shop\/wp-content\/uploads\/2022\/01\/T-2_Folder_2022.pdf\"><strong>Folder<\/strong><\/a><\/p>\n<p><strong><a title=\"Tormek Diamant Schleifstein und MB-100\" href=\"https:\/\/www.youtube.com\/embed\/AhA4uG9MUPU?ecver=2\" target=\"_blank\" rel=\"noopener noreferrer\">Video<\/a><\/strong><\/p>\n<p><a href=\"https:\/\/www.franz-stadlhofer.at\/shop\/wp-content\/uploads\/2022\/01\/instruktion-t-2-de.pdf\"><strong>Datenblatt<\/strong><\/a><\/p>\n<p><span style=\"color: #ff0000;\"><strong>Mit TOP-Anleitung zum Spitzen-Schliff: Lernen Sie alle Teile des Tormek-Systems kennen und \u00fcben Sie den optimalen Einsatz in unseren <a style=\"color: #ff0000;\" href=\"https:\/\/www.franz-stadlhofer.at\/kursthema\/schleifen-schaerfen\/\" target=\"_blank\" rel=\"noopener\">SCHLEIFKURSEN<\/a>.<\/strong><\/span><\/p>\n<\/div><\/div><\/div><\/div><\/div>\n","protected":false},"excerpt":{"rendered":"","protected":false},"featured_media":29111,"template":"","meta":[],"product_brand":[],"product_cat":[767,787,758,763],"product_tag":[1379,1380,1381,1055,1359],"class_list":{"0":"post-29036","1":"product","2":"type-product","3":"status-publish","4":"has-post-thumbnail","6":"product_cat-nass-schleifen","7":"product_cat-schleifsteine","8":"product_cat-werkzeuge","9":"product_cat-schleifen-scharfen","10":"product_tag-dwf-200","11":"product_tag-dwc-200","12":"product_tag-dwe-200","13":"product_tag-schleifscheibe","14":"product_tag-diamantscheibe","15":"pa_kornung-dwf-200-fein-600","16":"pa_kornung-dwe-200-extra-fein-1200","17":"pa_kornung-dc-200-grob-360","18":"pa_kornung-de-200-extra-fein-1200","19":"pa_kornung-df-200-fein-600","20":"pa_kornung-dwc-200-grob-360","22":"first","23":"instock","24":"sale","25":"taxable","26":"shipping-taxable","27":"purchasable","28":"product-type-variable"},"barcode":null,"atum_controlled":true,"out_stock_date":null,"out_stock_threshold":null,"inheritable":true,"stock_on_hold":0,"sold_today":0,"sales_last_days":0,"reserved_stock":0,"customer_returns":0,"warehouse_damage":0,"lost_in_post":0,"other_logs":0,"out_stock_days":0,"lost_sales":0,"update_date":"2026-05-09T00:01:53","atum_locations":[],"atum_stock_status":"instock","restock_status":false,"low_stock_amount":"","sales_update_date":"2026-05-09T00:01:53","calc_backorders":0,"yoast_head":"<!-- This site is optimized with the Yoast SEO plugin v27.5 - https:\/\/yoast.com\/product\/yoast-seo-wordpress\/ -->\n<title>Diamant Schleifscheibe (DWC-200, DWF-200, DWE-200)<\/title>\n<meta name=\"description\" content=\"Diese Diamant-Schleifscheiben f\u00fcr die Tormek Maschine T-2 sind in drei K\u00f6rnungen erh\u00e4ltlich: grob, fein und extrafein.- DWC-200, grob: mit der K\u00f6rnung 360 kann eine stumpfe oder besch\u00e4digte Schneide effizient repariert werden.- DWF-200, fein (Standardausstattung): die K\u00f6rnung 600 vereint einen effektiven Abtrag und eine feine Schleiffl\u00e4che.- DWE-200, extra fein: mit der K\u00f6rnung 1200 erzielt man eine sehr feine Schleiffl\u00e4che.\" \/>\n<meta name=\"robots\" content=\"index, follow, max-snippet:-1, max-image-preview:large, max-video-preview:-1\" \/>\n<link rel=\"canonical\" href=\"https:\/\/www.franz-stadlhofer.at\/shop\/produkt\/diamant-schleifscheibe-dwc-200-dwf-200-dwe-200\/\" \/>\n<meta property=\"og:locale\" content=\"de_DE\" \/>\n<meta property=\"og:type\" content=\"article\" \/>\n<meta property=\"og:title\" content=\"Diamant Schleifscheibe (DWC-200, DWF-200, DWE-200)\" \/>\n<meta property=\"og:description\" content=\"Diese Diamant-Schleifscheiben f\u00fcr die Tormek Maschine T-2 sind in drei K\u00f6rnungen erh\u00e4ltlich: grob, fein und extrafein.- DWC-200, grob: mit der K\u00f6rnung 360 kann eine stumpfe oder besch\u00e4digte Schneide effizient repariert werden.- DWF-200, fein (Standardausstattung): die K\u00f6rnung 600 vereint einen effektiven Abtrag und eine feine Schleiffl\u00e4che.- DWE-200, extra fein: mit der K\u00f6rnung 1200 erzielt man eine sehr feine Schleiffl\u00e4che.\" \/>\n<meta property=\"og:url\" content=\"https:\/\/www.franz-stadlhofer.at\/shop\/produkt\/diamant-schleifscheibe-dwc-200-dwf-200-dwe-200\/\" \/>\n<meta property=\"og:site_name\" content=\"Schnitzstube Stadlhofer Shop\" \/>\n<meta property=\"article:modified_time\" content=\"2026-02-25T10:22:00+00:00\" \/>\n<meta property=\"og:image\" content=\"https:\/\/www.franz-stadlhofer.at\/shop\/wp-content\/uploads\/2022\/01\/DWC-200.jpg\" \/>\n\t<meta property=\"og:image:width\" content=\"945\" \/>\n\t<meta property=\"og:image:height\" content=\"945\" \/>\n\t<meta property=\"og:image:type\" content=\"image\/jpeg\" \/>\n<meta name=\"twitter:card\" content=\"summary_large_image\" \/>\n<meta name=\"twitter:label1\" content=\"Gesch\u00e4tzte Lesezeit\" \/>\n\t<meta name=\"twitter:data1\" content=\"1\u00a0Minute\" \/>\n<script type=\"application\/ld+json\" class=\"yoast-schema-graph\">{\"@context\":\"https:\\\/\\\/schema.org\",\"@graph\":[{\"@type\":\"WebPage\",\"@id\":\"https:\\\/\\\/www.franz-stadlhofer.at\\\/shop\\\/produkt\\\/diamant-schleifscheibe-dwc-200-dwf-200-dwe-200\\\/\",\"url\":\"https:\\\/\\\/www.franz-stadlhofer.at\\\/shop\\\/produkt\\\/diamant-schleifscheibe-dwc-200-dwf-200-dwe-200\\\/\",\"name\":\"Diamant Schleifscheibe (DWC-200, DWF-200, DWE-200)\",\"isPartOf\":{\"@id\":\"https:\\\/\\\/www.franz-stadlhofer.at\\\/shop\\\/#website\"},\"primaryImageOfPage\":{\"@id\":\"https:\\\/\\\/www.franz-stadlhofer.at\\\/shop\\\/produkt\\\/diamant-schleifscheibe-dwc-200-dwf-200-dwe-200\\\/#primaryimage\"},\"image\":{\"@id\":\"https:\\\/\\\/www.franz-stadlhofer.at\\\/shop\\\/produkt\\\/diamant-schleifscheibe-dwc-200-dwf-200-dwe-200\\\/#primaryimage\"},\"thumbnailUrl\":\"https:\\\/\\\/www.franz-stadlhofer.at\\\/shop\\\/wp-content\\\/uploads\\\/2022\\\/01\\\/DWC-200.jpg\",\"datePublished\":\"2021-12-22T15:03:15+00:00\",\"dateModified\":\"2026-02-25T10:22:00+00:00\",\"description\":\"Diese Diamant-Schleifscheiben f\u00fcr die Tormek Maschine T-2 sind in drei K\u00f6rnungen erh\u00e4ltlich: grob, fein und extrafein.- DWC-200, grob: mit der K\u00f6rnung 360 kann eine stumpfe oder besch\u00e4digte Schneide effizient repariert werden.- DWF-200, fein (Standardausstattung): die K\u00f6rnung 600 vereint einen effektiven Abtrag und eine feine Schleiffl\u00e4che.- DWE-200, extra fein: mit der K\u00f6rnung 1200 erzielt man eine sehr feine Schleiffl\u00e4che.\",\"breadcrumb\":{\"@id\":\"https:\\\/\\\/www.franz-stadlhofer.at\\\/shop\\\/produkt\\\/diamant-schleifscheibe-dwc-200-dwf-200-dwe-200\\\/#breadcrumb\"},\"inLanguage\":\"de\",\"potentialAction\":[{\"@type\":\"ReadAction\",\"target\":[\"https:\\\/\\\/www.franz-stadlhofer.at\\\/shop\\\/produkt\\\/diamant-schleifscheibe-dwc-200-dwf-200-dwe-200\\\/\"]}]},{\"@type\":\"ImageObject\",\"inLanguage\":\"de\",\"@id\":\"https:\\\/\\\/www.franz-stadlhofer.at\\\/shop\\\/produkt\\\/diamant-schleifscheibe-dwc-200-dwf-200-dwe-200\\\/#primaryimage\",\"url\":\"https:\\\/\\\/www.franz-stadlhofer.at\\\/shop\\\/wp-content\\\/uploads\\\/2022\\\/01\\\/DWC-200.jpg\",\"contentUrl\":\"https:\\\/\\\/www.franz-stadlhofer.at\\\/shop\\\/wp-content\\\/uploads\\\/2022\\\/01\\\/DWC-200.jpg\",\"width\":945,\"height\":945,\"caption\":\"Diamant-Schleifscheibe f\u00fcr T-2 - Schnitzstube Stadlhofer\"},{\"@type\":\"BreadcrumbList\",\"@id\":\"https:\\\/\\\/www.franz-stadlhofer.at\\\/shop\\\/produkt\\\/diamant-schleifscheibe-dwc-200-dwf-200-dwe-200\\\/#breadcrumb\",\"itemListElement\":[{\"@type\":\"ListItem\",\"position\":1,\"name\":\"Startseite\",\"item\":\"https:\\\/\\\/www.franz-stadlhofer.at\\\/shop\\\/\"},{\"@type\":\"ListItem\",\"position\":2,\"name\":\"Produkte\",\"item\":\"https:\\\/\\\/www.franz-stadlhofer.at\\\/shop\\\/shop\\\/\"},{\"@type\":\"ListItem\",\"position\":3,\"name\":\"Diamant Schleifscheiben f\u00fcr T-2\"}]},{\"@type\":\"WebSite\",\"@id\":\"https:\\\/\\\/www.franz-stadlhofer.at\\\/shop\\\/#website\",\"url\":\"https:\\\/\\\/www.franz-stadlhofer.at\\\/shop\\\/\",\"name\":\"Schnitzstube Stadlhofer Shop\",\"description\":\"Holzschnitzen Onlineshop\",\"publisher\":{\"@id\":\"https:\\\/\\\/www.franz-stadlhofer.at\\\/shop\\\/#organization\"},\"potentialAction\":[{\"@type\":\"SearchAction\",\"target\":{\"@type\":\"EntryPoint\",\"urlTemplate\":\"https:\\\/\\\/www.franz-stadlhofer.at\\\/shop\\\/?s={search_term_string}\"},\"query-input\":{\"@type\":\"PropertyValueSpecification\",\"valueRequired\":true,\"valueName\":\"search_term_string\"}}],\"inLanguage\":\"de\"},{\"@type\":\"Organization\",\"@id\":\"https:\\\/\\\/www.franz-stadlhofer.at\\\/shop\\\/#organization\",\"name\":\"Schnitzstube Stadlhofer Shop\",\"url\":\"https:\\\/\\\/www.franz-stadlhofer.at\\\/shop\\\/\",\"logo\":{\"@type\":\"ImageObject\",\"inLanguage\":\"de\",\"@id\":\"https:\\\/\\\/www.franz-stadlhofer.at\\\/shop\\\/#\\\/schema\\\/logo\\\/image\\\/\",\"url\":\"https:\\\/\\\/www.franz-stadlhofer.at\\\/shop\\\/wp-content\\\/uploads\\\/2019\\\/10\\\/LOGO-2-RETINA.png\",\"contentUrl\":\"https:\\\/\\\/www.franz-stadlhofer.at\\\/shop\\\/wp-content\\\/uploads\\\/2019\\\/10\\\/LOGO-2-RETINA.png\",\"width\":471,\"height\":160,\"caption\":\"Schnitzstube Stadlhofer Shop\"},\"image\":{\"@id\":\"https:\\\/\\\/www.franz-stadlhofer.at\\\/shop\\\/#\\\/schema\\\/logo\\\/image\\\/\"}}]}<\/script>\n<!-- \/ Yoast SEO plugin. -->","yoast_head_json":{"title":"Diamant Schleifscheibe (DWC-200, DWF-200, DWE-200)","description":"Diese Diamant-Schleifscheiben f\u00fcr die Tormek Maschine T-2 sind in drei K\u00f6rnungen erh\u00e4ltlich: grob, fein und extrafein.- DWC-200, grob: mit der K\u00f6rnung 360 kann eine stumpfe oder besch\u00e4digte Schneide effizient repariert werden.- DWF-200, fein (Standardausstattung): die K\u00f6rnung 600 vereint einen effektiven Abtrag und eine feine Schleiffl\u00e4che.- DWE-200, extra fein: mit der K\u00f6rnung 1200 erzielt man eine sehr feine Schleiffl\u00e4che.","robots":{"index":"index","follow":"follow","max-snippet":"max-snippet:-1","max-image-preview":"max-image-preview:large","max-video-preview":"max-video-preview:-1"},"canonical":"https:\/\/www.franz-stadlhofer.at\/shop\/produkt\/diamant-schleifscheibe-dwc-200-dwf-200-dwe-200\/","og_locale":"de_DE","og_type":"article","og_title":"Diamant Schleifscheibe (DWC-200, DWF-200, DWE-200)","og_description":"Diese Diamant-Schleifscheiben f\u00fcr die Tormek Maschine T-2 sind in drei K\u00f6rnungen erh\u00e4ltlich: grob, fein und extrafein.- DWC-200, grob: mit der K\u00f6rnung 360 kann eine stumpfe oder besch\u00e4digte Schneide effizient repariert werden.- DWF-200, fein (Standardausstattung): die K\u00f6rnung 600 vereint einen effektiven Abtrag und eine feine Schleiffl\u00e4che.- DWE-200, extra fein: mit der K\u00f6rnung 1200 erzielt man eine sehr feine Schleiffl\u00e4che.","og_url":"https:\/\/www.franz-stadlhofer.at\/shop\/produkt\/diamant-schleifscheibe-dwc-200-dwf-200-dwe-200\/","og_site_name":"Schnitzstube Stadlhofer Shop","article_modified_time":"2026-02-25T10:22:00+00:00","og_image":[{"width":945,"height":945,"url":"https:\/\/www.franz-stadlhofer.at\/shop\/wp-content\/uploads\/2022\/01\/DWC-200.jpg","type":"image\/jpeg"}],"twitter_card":"summary_large_image","twitter_misc":{"Gesch\u00e4tzte Lesezeit":"1\u00a0Minute"},"schema":{"@context":"https:\/\/schema.org","@graph":[{"@type":"WebPage","@id":"https:\/\/www.franz-stadlhofer.at\/shop\/produkt\/diamant-schleifscheibe-dwc-200-dwf-200-dwe-200\/","url":"https:\/\/www.franz-stadlhofer.at\/shop\/produkt\/diamant-schleifscheibe-dwc-200-dwf-200-dwe-200\/","name":"Diamant Schleifscheibe (DWC-200, DWF-200, DWE-200)","isPartOf":{"@id":"https:\/\/www.franz-stadlhofer.at\/shop\/#website"},"primaryImageOfPage":{"@id":"https:\/\/www.franz-stadlhofer.at\/shop\/produkt\/diamant-schleifscheibe-dwc-200-dwf-200-dwe-200\/#primaryimage"},"image":{"@id":"https:\/\/www.franz-stadlhofer.at\/shop\/produkt\/diamant-schleifscheibe-dwc-200-dwf-200-dwe-200\/#primaryimage"},"thumbnailUrl":"https:\/\/www.franz-stadlhofer.at\/shop\/wp-content\/uploads\/2022\/01\/DWC-200.jpg","datePublished":"2021-12-22T15:03:15+00:00","dateModified":"2026-02-25T10:22:00+00:00","description":"Diese Diamant-Schleifscheiben f\u00fcr die Tormek Maschine T-2 sind in drei K\u00f6rnungen erh\u00e4ltlich: grob, fein und extrafein.- DWC-200, grob: mit der K\u00f6rnung 360 kann eine stumpfe oder besch\u00e4digte Schneide effizient repariert werden.- DWF-200, fein (Standardausstattung): die K\u00f6rnung 600 vereint einen effektiven Abtrag und eine feine Schleiffl\u00e4che.- DWE-200, extra fein: mit der K\u00f6rnung 1200 erzielt man eine sehr feine Schleiffl\u00e4che.","breadcrumb":{"@id":"https:\/\/www.franz-stadlhofer.at\/shop\/produkt\/diamant-schleifscheibe-dwc-200-dwf-200-dwe-200\/#breadcrumb"},"inLanguage":"de","potentialAction":[{"@type":"ReadAction","target":["https:\/\/www.franz-stadlhofer.at\/shop\/produkt\/diamant-schleifscheibe-dwc-200-dwf-200-dwe-200\/"]}]},{"@type":"ImageObject","inLanguage":"de","@id":"https:\/\/www.franz-stadlhofer.at\/shop\/produkt\/diamant-schleifscheibe-dwc-200-dwf-200-dwe-200\/#primaryimage","url":"https:\/\/www.franz-stadlhofer.at\/shop\/wp-content\/uploads\/2022\/01\/DWC-200.jpg","contentUrl":"https:\/\/www.franz-stadlhofer.at\/shop\/wp-content\/uploads\/2022\/01\/DWC-200.jpg","width":945,"height":945,"caption":"Diamant-Schleifscheibe f\u00fcr T-2 - Schnitzstube Stadlhofer"},{"@type":"BreadcrumbList","@id":"https:\/\/www.franz-stadlhofer.at\/shop\/produkt\/diamant-schleifscheibe-dwc-200-dwf-200-dwe-200\/#breadcrumb","itemListElement":[{"@type":"ListItem","position":1,"name":"Startseite","item":"https:\/\/www.franz-stadlhofer.at\/shop\/"},{"@type":"ListItem","position":2,"name":"Produkte","item":"https:\/\/www.franz-stadlhofer.at\/shop\/shop\/"},{"@type":"ListItem","position":3,"name":"Diamant Schleifscheiben f\u00fcr T-2"}]},{"@type":"WebSite","@id":"https:\/\/www.franz-stadlhofer.at\/shop\/#website","url":"https:\/\/www.franz-stadlhofer.at\/shop\/","name":"Schnitzstube Stadlhofer Shop","description":"Holzschnitzen Onlineshop","publisher":{"@id":"https:\/\/www.franz-stadlhofer.at\/shop\/#organization"},"potentialAction":[{"@type":"SearchAction","target":{"@type":"EntryPoint","urlTemplate":"https:\/\/www.franz-stadlhofer.at\/shop\/?s={search_term_string}"},"query-input":{"@type":"PropertyValueSpecification","valueRequired":true,"valueName":"search_term_string"}}],"inLanguage":"de"},{"@type":"Organization","@id":"https:\/\/www.franz-stadlhofer.at\/shop\/#organization","name":"Schnitzstube Stadlhofer Shop","url":"https:\/\/www.franz-stadlhofer.at\/shop\/","logo":{"@type":"ImageObject","inLanguage":"de","@id":"https:\/\/www.franz-stadlhofer.at\/shop\/#\/schema\/logo\/image\/","url":"https:\/\/www.franz-stadlhofer.at\/shop\/wp-content\/uploads\/2019\/10\/LOGO-2-RETINA.png","contentUrl":"https:\/\/www.franz-stadlhofer.at\/shop\/wp-content\/uploads\/2019\/10\/LOGO-2-RETINA.png","width":471,"height":160,"caption":"Schnitzstube Stadlhofer Shop"},"image":{"@id":"https:\/\/www.franz-stadlhofer.at\/shop\/#\/schema\/logo\/image\/"}}]}},"_links":{"self":[{"href":"https:\/\/www.franz-stadlhofer.at\/shop\/wp-json\/wp\/v2\/product\/29036","targetHints":{"allow":["GET"]}}],"collection":[{"href":"https:\/\/www.franz-stadlhofer.at\/shop\/wp-json\/wp\/v2\/product"}],"about":[{"href":"https:\/\/www.franz-stadlhofer.at\/shop\/wp-json\/wp\/v2\/types\/product"}],"wp:featuredmedia":[{"embeddable":true,"href":"https:\/\/www.franz-stadlhofer.at\/shop\/wp-json\/wp\/v2\/media\/29111"}],"wp:attachment":[{"href":"https:\/\/www.franz-stadlhofer.at\/shop\/wp-json\/wp\/v2\/media?parent=29036"}],"wp:term":[{"taxonomy":"product_brand","embeddable":true,"href":"https:\/\/www.franz-stadlhofer.at\/shop\/wp-json\/wp\/v2\/product_brand?post=29036"},{"taxonomy":"product_cat","embeddable":true,"href":"https:\/\/www.franz-stadlhofer.at\/shop\/wp-json\/wp\/v2\/product_cat?post=29036"},{"taxonomy":"product_tag","embeddable":true,"href":"https:\/\/www.franz-stadlhofer.at\/shop\/wp-json\/wp\/v2\/product_tag?post=29036"}],"curies":[{"name":"wp","href":"https:\/\/api.w.org\/{rel}","templated":true}]}}