{"id":28204,"date":"2021-10-29T12:53:02","date_gmt":"2021-10-29T10:53:02","guid":{"rendered":"https:\/\/www.franz-stadlhofer.at\/shop\/?post_type=product&#038;p=28204"},"modified":"2025-02-10T12:32:45","modified_gmt":"2025-02-10T11:32:45","slug":"diamant-schleifscheibe-dc-200-df-200-de-200","status":"publish","type":"product","link":"https:\/\/www.franz-stadlhofer.at\/shop\/produkt\/diamant-schleifscheibe-dc-200-df-200-de-200\/","title":{"rendered":"Diamant Schleifscheiben f\u00fcr T-4"},"content":{"rendered":"<p>Endlich gibt es die <strong>Diamantschleifscheiben<\/strong> nun auch f\u00fcr die<strong> T-4 Modelle<\/strong> (sowie alle Vorg\u00e4ngermodelle mit Steindurchmesser 200 mm)<\/p>\n<p>Diamant ist der h\u00e4rteste nat\u00fcrliche Werkstoff. Er ist fast doppelt so hart wie Bornitrid (CBN), ein anderes h\u00e4ufig verwendetes Schleifmittel. Seine extreme H\u00e4rte und Langlebigkeit machen Diamant zum optimalen Schleifmaterial.<\/p>\n<p><strong>Vorteile<\/strong> der Diamant Schleifscheibe:<\/p>\n<p style=\"padding-left: 30px;\"><strong>&#8211; gleichbleibender Durchmesser<\/strong> (kein Abziehen des Steins mehr n\u00f6tig)<br \/>\n<strong>&#8211; seitliche Diamantbeschichtung<\/strong>: dadurch vollst\u00e4ndig glatte Fase (ohne Hohlschliff) bei seitlichem Schleifen (perfekt f\u00fcr kleine Schnitzwerkzeuge wie Hohleisen und Gei\u00dff\u00fc\u00dfe sowie Hobelmesser, Holzmei\u00dfeln und Messer)<br \/>\n<strong>&#8211; wahlweise mit oder ohne Wasser schleifen<\/strong> (Tormek empfiehlt jedoch immer das Sch\u00e4rfen mit Wasser, da dies die Lebensdauer der Scheibe verl\u00e4ngert und bessere Ergebnisse liefert.)<br \/>\n<strong>&#8211; entwickelt auch bei Trockenschliff keine Reibungshitze <\/strong>(durch geringe Drehzahl)<br \/>\n<strong>&#8211; Sch\u00e4rfen von unterschiedlichen Materialien<\/strong> wie bspw. Stahl, Keramik und Hartmetall<\/p>\n<p>Die Diamant-Schleifscheiben von Tormek sind in drei K\u00f6rnungen erh\u00e4ltlich: grob, fein und extrafein.<\/p>\n<p><strong>&#8211; DC-200, grob<\/strong>: mit der K\u00f6rnung 360 kann eine stumpfe oder besch\u00e4digte Schneide effizient repariert werden.<br \/>\n<strong>&#8211; DF-200, fein<\/strong>: die K\u00f6rnung 600 vereint einen effektiven Abtrag und eine feine Schleiffl\u00e4che.<br \/>\n<strong>&#8211; DE-200, extra fein<\/strong>: mit der K\u00f6rnung 1200 erzielt man eine sehr feine Schleiffl\u00e4che. Diese ist ideal f\u00fcr Schnitzeisen und Messer, die nur einen geringen Abtrag ben\u00f6tigen.<\/p>\n<p><strong>Passend f\u00fcr Tormek T-4, Tormek T-3 und Vorg\u00e4ngermodelle mit Steindurchmesser 200 mm.<\/strong><\/p>\n<p><a title=\"Datenblatt DC-250, DF-250 und DE-250\" href=\"https:\/\/www.franz-stadlhofer.at\/shop\/wp-content\/uploads\/2020\/12\/information-tormek-diamant-schleifscheiben-de.pdf\"><strong>Datenblatt<\/strong><\/a><\/p>\n<p><strong><a title=\"Tormek Diamant Schleifstein und MB-100\" href=\"https:\/\/www.youtube.com\/watch?v=ik6c5RI4dxE\" target=\"_blank\" rel=\"noopener noreferrer\">Video<\/a><\/strong><\/p>\n<p>F\u00fcr das Sch\u00e4rfen an der Seite der Diamant-Schleifscheiben empfehlen wir den <a title=\"zum Multihalter MB-100\" href=\"https:\/\/www.franz-stadlhofer.at\/shop\/wp-content\/uploads\/2020\/12\/hb-10-de-v104-mb-1001.pdf\"><strong>Tormek Multihalter MB-100<\/strong><\/a> mit der passenden Schleifvorrichtung f\u00fcr das betreffende Werkzeug.<\/p>\n<p><span style=\"color: #ff0000;\"><strong>Mit TOP-Anleitung zum Spitzen-Schliff: Lernen Sie alle Teile des Tormek-Systems kennen und \u00fcben Sie den optimalen Einsatz in unseren <a style=\"color: #ff0000;\" href=\"https:\/\/www.franz-stadlhofer.at\/kursthema\/schleifen-schaerfen\/\" target=\"_blank\" rel=\"noopener\">SCHLEIFKURSEN<\/a>.<\/strong><\/span><\/p>\n","protected":false},"excerpt":{"rendered":"<p>Endlich gibt es die Diamantschleifscheiben nun auch f\u00fcr die T-4 Modelle (sowie alle Vorg\u00e4ngermodelle mit Steindurchmesser 200 mm) Diamant ist der h\u00e4rteste nat\u00fcrliche Werkstoff. Er ist fast doppelt so hart wie Bornitrid (CBN), ein anderes  [&#8230;]<\/p>\n","protected":false},"featured_media":28211,"template":"","meta":[],"product_brand":[],"product_cat":[767,787,758,763],"product_tag":[1377,1378,1055,1359,1376],"class_list":{"0":"post-28204","1":"product","2":"type-product","3":"status-publish","4":"has-post-thumbnail","6":"product_cat-nass-schleifen","7":"product_cat-schleifsteine","8":"product_cat-werkzeuge","9":"product_cat-schleifen-scharfen","10":"product_tag-df-200","11":"product_tag-de-200","12":"product_tag-schleifscheibe","13":"product_tag-diamantscheibe","14":"product_tag-dc-200","15":"pa_kornung-dc-200-grob-360","16":"pa_kornung-de-200-extra-fein-1200","17":"pa_kornung-df-200-fein-600","19":"first","20":"instock","21":"sale","22":"taxable","23":"shipping-taxable","24":"purchasable","25":"product-type-variable"},"barcode":null,"atum_controlled":true,"out_stock_date":null,"out_stock_threshold":null,"inheritable":true,"stock_on_hold":0,"sold_today":0,"sales_last_days":0,"reserved_stock":0,"customer_returns":0,"warehouse_damage":0,"lost_in_post":0,"other_logs":0,"out_stock_days":0,"lost_sales":0,"update_date":"2026-04-05T00:03:26","atum_locations":[],"atum_stock_status":"instock","restock_status":false,"low_stock_amount":"","sales_update_date":"2026-04-05T00:03:26","calc_backorders":0,"yoast_head":"<!-- This site is optimized with the Yoast SEO plugin v27.3 - https:\/\/yoast.com\/product\/yoast-seo-wordpress\/ -->\n<title>Diamant Schleifscheibe (DC-200, DF-200, DE-200)<\/title>\n<meta name=\"description\" content=\"Endlich gibt es die Diamantschleifscheiben nun auch f\u00fcr die T-4 Modelle (sowie alle Vorg\u00e4ngermodelle mit Steindurchmesser 200 mm). Diamant ist der h\u00e4rteste nat\u00fcrliche Werkstoff. Er ist fast doppelt so hart wie Bornitrid (CBN), ein anderes h\u00e4ufig verwendetes Schleifmittel. Seine extreme H\u00e4rte und Langlebigkeit machen Diamant zum optimalen Schleifmaterial. Vorteile der Diamant Schleifscheibe: - gleichbleibender Durchmesser (kein Abziehen des Steins mehr n\u00f6tig)- seitliche Diamantbeschichtung: dadurch vollst\u00e4ndig glatte Fase (ohne Hohlschliff) bei seitlichem Schleifen (perfekt f\u00fcr kleine Schnitzwerkzeuge wie Hohleisen und Gei\u00dff\u00fc\u00dfe sowie Hobelmesser, Holzmei\u00dfeln und Messer)- wahlweise mit oder ohne Wasser schleifen (Tormek empfiehlt jedoch immer das Sch\u00e4rfen mit Wasser, da dies die Lebensdauer der Scheibe verl\u00e4ngert und bessere Ergebnisse liefert.)- entwickelt auch bei Trockenschliff keine Reibungshitze (durch geringe Drehzahl)- Sch\u00e4rfen von unterschiedlichen Materialien wie bspw. Stahl, Keramik und Hartmetall Die neuen Diamant-Schleifscheiben von Tormek sind in drei K\u00f6rnungen erh\u00e4ltlich: grob, fein und extrafein. - DC-200, grob: mit der K\u00f6rnung 360 kann eine stumpfe oder besch\u00e4digte Schneide effizient repariert werden.- DF-200, fein: die K\u00f6rnung 600 vereint einen effektiven Abtrag und eine feine Schleiffl\u00e4che.- DE-200, extra fein: mit der K\u00f6rnung 1200 erzielt man eine sehr feine Schleiffl\u00e4che. Diese ist ideal f\u00fcr Schnitzeisen und Messer, die nur einen geringen Abtrag ben\u00f6tigen. Passend f\u00fcr Tormek T-4, Tormek T-3 und Vorg\u00e4ngermodelle mit Steindurchmesser 200 mm. F\u00fcr das Sch\u00e4rfen an der Seite der Diamant-Schleifscheiben empfehlen wir den Tormek Multihalter MB-100 mit der passenden Schleifvorrichtung f\u00fcr dasbetreffende Werkzeug.\" \/>\n<meta name=\"robots\" content=\"index, follow, max-snippet:-1, max-image-preview:large, max-video-preview:-1\" \/>\n<link rel=\"canonical\" href=\"https:\/\/www.franz-stadlhofer.at\/shop\/produkt\/diamant-schleifscheibe-dc-200-df-200-de-200\/\" \/>\n<meta property=\"og:locale\" content=\"de_DE\" \/>\n<meta property=\"og:type\" content=\"article\" \/>\n<meta property=\"og:title\" content=\"Diamant Schleifscheibe (DC-200, DF-200, DE-200)\" \/>\n<meta property=\"og:description\" content=\"Endlich gibt es die Diamantschleifscheiben nun auch f\u00fcr die T-4 Modelle (sowie alle Vorg\u00e4ngermodelle mit Steindurchmesser 200 mm). Diamant ist der h\u00e4rteste nat\u00fcrliche Werkstoff. Er ist fast doppelt so hart wie Bornitrid (CBN), ein anderes h\u00e4ufig verwendetes Schleifmittel. Seine extreme H\u00e4rte und Langlebigkeit machen Diamant zum optimalen Schleifmaterial. Vorteile der Diamant Schleifscheibe: - gleichbleibender Durchmesser (kein Abziehen des Steins mehr n\u00f6tig)- seitliche Diamantbeschichtung: dadurch vollst\u00e4ndig glatte Fase (ohne Hohlschliff) bei seitlichem Schleifen (perfekt f\u00fcr kleine Schnitzwerkzeuge wie Hohleisen und Gei\u00dff\u00fc\u00dfe sowie Hobelmesser, Holzmei\u00dfeln und Messer)- wahlweise mit oder ohne Wasser schleifen (Tormek empfiehlt jedoch immer das Sch\u00e4rfen mit Wasser, da dies die Lebensdauer der Scheibe verl\u00e4ngert und bessere Ergebnisse liefert.)- entwickelt auch bei Trockenschliff keine Reibungshitze (durch geringe Drehzahl)- Sch\u00e4rfen von unterschiedlichen Materialien wie bspw. Stahl, Keramik und Hartmetall Die neuen Diamant-Schleifscheiben von Tormek sind in drei K\u00f6rnungen erh\u00e4ltlich: grob, fein und extrafein. - DC-200, grob: mit der K\u00f6rnung 360 kann eine stumpfe oder besch\u00e4digte Schneide effizient repariert werden.- DF-200, fein: die K\u00f6rnung 600 vereint einen effektiven Abtrag und eine feine Schleiffl\u00e4che.- DE-200, extra fein: mit der K\u00f6rnung 1200 erzielt man eine sehr feine Schleiffl\u00e4che. Diese ist ideal f\u00fcr Schnitzeisen und Messer, die nur einen geringen Abtrag ben\u00f6tigen. Passend f\u00fcr Tormek T-4, Tormek T-3 und Vorg\u00e4ngermodelle mit Steindurchmesser 200 mm. F\u00fcr das Sch\u00e4rfen an der Seite der Diamant-Schleifscheiben empfehlen wir den Tormek Multihalter MB-100 mit der passenden Schleifvorrichtung f\u00fcr dasbetreffende Werkzeug.\" \/>\n<meta property=\"og:url\" content=\"https:\/\/www.franz-stadlhofer.at\/shop\/produkt\/diamant-schleifscheibe-dc-200-df-200-de-200\/\" \/>\n<meta property=\"og:site_name\" content=\"Schnitzstube Stadlhofer Shop\" \/>\n<meta property=\"article:modified_time\" content=\"2025-02-10T11:32:45+00:00\" \/>\n<meta property=\"og:image\" content=\"https:\/\/www.franz-stadlhofer.at\/shop\/wp-content\/uploads\/2021\/10\/dc-200.jpg\" \/>\n\t<meta property=\"og:image:width\" content=\"984\" \/>\n\t<meta property=\"og:image:height\" content=\"984\" \/>\n\t<meta property=\"og:image:type\" content=\"image\/jpeg\" \/>\n<meta name=\"twitter:card\" content=\"summary_large_image\" \/>\n<meta name=\"twitter:label1\" content=\"Gesch\u00e4tzte Lesezeit\" \/>\n\t<meta name=\"twitter:data1\" content=\"2\u00a0Minuten\" \/>\n<script type=\"application\/ld+json\" class=\"yoast-schema-graph\">{\"@context\":\"https:\\\/\\\/schema.org\",\"@graph\":[{\"@type\":\"WebPage\",\"@id\":\"https:\\\/\\\/www.franz-stadlhofer.at\\\/shop\\\/produkt\\\/diamant-schleifscheibe-dc-200-df-200-de-200\\\/\",\"url\":\"https:\\\/\\\/www.franz-stadlhofer.at\\\/shop\\\/produkt\\\/diamant-schleifscheibe-dc-200-df-200-de-200\\\/\",\"name\":\"Diamant Schleifscheibe (DC-200, DF-200, DE-200)\",\"isPartOf\":{\"@id\":\"https:\\\/\\\/www.franz-stadlhofer.at\\\/shop\\\/#website\"},\"primaryImageOfPage\":{\"@id\":\"https:\\\/\\\/www.franz-stadlhofer.at\\\/shop\\\/produkt\\\/diamant-schleifscheibe-dc-200-df-200-de-200\\\/#primaryimage\"},\"image\":{\"@id\":\"https:\\\/\\\/www.franz-stadlhofer.at\\\/shop\\\/produkt\\\/diamant-schleifscheibe-dc-200-df-200-de-200\\\/#primaryimage\"},\"thumbnailUrl\":\"https:\\\/\\\/www.franz-stadlhofer.at\\\/shop\\\/wp-content\\\/uploads\\\/2021\\\/10\\\/dc-200.jpg\",\"datePublished\":\"2021-10-29T10:53:02+00:00\",\"dateModified\":\"2025-02-10T11:32:45+00:00\",\"description\":\"Endlich gibt es die Diamantschleifscheiben nun auch f\u00fcr die T-4 Modelle (sowie alle Vorg\u00e4ngermodelle mit Steindurchmesser 200 mm). Diamant ist der h\u00e4rteste nat\u00fcrliche Werkstoff. Er ist fast doppelt so hart wie Bornitrid (CBN), ein anderes h\u00e4ufig verwendetes Schleifmittel. Seine extreme H\u00e4rte und Langlebigkeit machen Diamant zum optimalen Schleifmaterial. Vorteile der Diamant Schleifscheibe: - gleichbleibender Durchmesser (kein Abziehen des Steins mehr n\u00f6tig)- seitliche Diamantbeschichtung: dadurch vollst\u00e4ndig glatte Fase (ohne Hohlschliff) bei seitlichem Schleifen (perfekt f\u00fcr kleine Schnitzwerkzeuge wie Hohleisen und Gei\u00dff\u00fc\u00dfe sowie Hobelmesser, Holzmei\u00dfeln und Messer)- wahlweise mit oder ohne Wasser schleifen (Tormek empfiehlt jedoch immer das Sch\u00e4rfen mit Wasser, da dies die Lebensdauer der Scheibe verl\u00e4ngert und bessere Ergebnisse liefert.)- entwickelt auch bei Trockenschliff keine Reibungshitze (durch geringe Drehzahl)- Sch\u00e4rfen von unterschiedlichen Materialien wie bspw. Stahl, Keramik und Hartmetall Die neuen Diamant-Schleifscheiben von Tormek sind in drei K\u00f6rnungen erh\u00e4ltlich: grob, fein und extrafein. - DC-200, grob: mit der K\u00f6rnung 360 kann eine stumpfe oder besch\u00e4digte Schneide effizient repariert werden.- DF-200, fein: die K\u00f6rnung 600 vereint einen effektiven Abtrag und eine feine Schleiffl\u00e4che.- DE-200, extra fein: mit der K\u00f6rnung 1200 erzielt man eine sehr feine Schleiffl\u00e4che. Diese ist ideal f\u00fcr Schnitzeisen und Messer, die nur einen geringen Abtrag ben\u00f6tigen. Passend f\u00fcr Tormek T-4, Tormek T-3 und Vorg\u00e4ngermodelle mit Steindurchmesser 200 mm. F\u00fcr das Sch\u00e4rfen an der Seite der Diamant-Schleifscheiben empfehlen wir den Tormek Multihalter MB-100 mit der passenden Schleifvorrichtung f\u00fcr dasbetreffende Werkzeug.\",\"breadcrumb\":{\"@id\":\"https:\\\/\\\/www.franz-stadlhofer.at\\\/shop\\\/produkt\\\/diamant-schleifscheibe-dc-200-df-200-de-200\\\/#breadcrumb\"},\"inLanguage\":\"de\",\"potentialAction\":[{\"@type\":\"ReadAction\",\"target\":[\"https:\\\/\\\/www.franz-stadlhofer.at\\\/shop\\\/produkt\\\/diamant-schleifscheibe-dc-200-df-200-de-200\\\/\"]}]},{\"@type\":\"ImageObject\",\"inLanguage\":\"de\",\"@id\":\"https:\\\/\\\/www.franz-stadlhofer.at\\\/shop\\\/produkt\\\/diamant-schleifscheibe-dc-200-df-200-de-200\\\/#primaryimage\",\"url\":\"https:\\\/\\\/www.franz-stadlhofer.at\\\/shop\\\/wp-content\\\/uploads\\\/2021\\\/10\\\/dc-200.jpg\",\"contentUrl\":\"https:\\\/\\\/www.franz-stadlhofer.at\\\/shop\\\/wp-content\\\/uploads\\\/2021\\\/10\\\/dc-200.jpg\",\"width\":984,\"height\":984},{\"@type\":\"BreadcrumbList\",\"@id\":\"https:\\\/\\\/www.franz-stadlhofer.at\\\/shop\\\/produkt\\\/diamant-schleifscheibe-dc-200-df-200-de-200\\\/#breadcrumb\",\"itemListElement\":[{\"@type\":\"ListItem\",\"position\":1,\"name\":\"Startseite\",\"item\":\"https:\\\/\\\/www.franz-stadlhofer.at\\\/shop\\\/\"},{\"@type\":\"ListItem\",\"position\":2,\"name\":\"Produkte\",\"item\":\"https:\\\/\\\/www.franz-stadlhofer.at\\\/shop\\\/shop\\\/\"},{\"@type\":\"ListItem\",\"position\":3,\"name\":\"Diamant Schleifscheiben f\u00fcr T-4\"}]},{\"@type\":\"WebSite\",\"@id\":\"https:\\\/\\\/www.franz-stadlhofer.at\\\/shop\\\/#website\",\"url\":\"https:\\\/\\\/www.franz-stadlhofer.at\\\/shop\\\/\",\"name\":\"Schnitzstube Stadlhofer Shop\",\"description\":\"Holzschnitzen Onlineshop\",\"publisher\":{\"@id\":\"https:\\\/\\\/www.franz-stadlhofer.at\\\/shop\\\/#organization\"},\"potentialAction\":[{\"@type\":\"SearchAction\",\"target\":{\"@type\":\"EntryPoint\",\"urlTemplate\":\"https:\\\/\\\/www.franz-stadlhofer.at\\\/shop\\\/?s={search_term_string}\"},\"query-input\":{\"@type\":\"PropertyValueSpecification\",\"valueRequired\":true,\"valueName\":\"search_term_string\"}}],\"inLanguage\":\"de\"},{\"@type\":\"Organization\",\"@id\":\"https:\\\/\\\/www.franz-stadlhofer.at\\\/shop\\\/#organization\",\"name\":\"Schnitzstube Stadlhofer Shop\",\"url\":\"https:\\\/\\\/www.franz-stadlhofer.at\\\/shop\\\/\",\"logo\":{\"@type\":\"ImageObject\",\"inLanguage\":\"de\",\"@id\":\"https:\\\/\\\/www.franz-stadlhofer.at\\\/shop\\\/#\\\/schema\\\/logo\\\/image\\\/\",\"url\":\"https:\\\/\\\/www.franz-stadlhofer.at\\\/shop\\\/wp-content\\\/uploads\\\/2019\\\/10\\\/LOGO-2-RETINA.png\",\"contentUrl\":\"https:\\\/\\\/www.franz-stadlhofer.at\\\/shop\\\/wp-content\\\/uploads\\\/2019\\\/10\\\/LOGO-2-RETINA.png\",\"width\":471,\"height\":160,\"caption\":\"Schnitzstube Stadlhofer Shop\"},\"image\":{\"@id\":\"https:\\\/\\\/www.franz-stadlhofer.at\\\/shop\\\/#\\\/schema\\\/logo\\\/image\\\/\"}}]}<\/script>\n<!-- \/ Yoast SEO plugin. -->","yoast_head_json":{"title":"Diamant Schleifscheibe (DC-200, DF-200, DE-200)","description":"Endlich gibt es die Diamantschleifscheiben nun auch f\u00fcr die T-4 Modelle (sowie alle Vorg\u00e4ngermodelle mit Steindurchmesser 200 mm). Diamant ist der h\u00e4rteste nat\u00fcrliche Werkstoff. Er ist fast doppelt so hart wie Bornitrid (CBN), ein anderes h\u00e4ufig verwendetes Schleifmittel. Seine extreme H\u00e4rte und Langlebigkeit machen Diamant zum optimalen Schleifmaterial. Vorteile der Diamant Schleifscheibe: - gleichbleibender Durchmesser (kein Abziehen des Steins mehr n\u00f6tig)- seitliche Diamantbeschichtung: dadurch vollst\u00e4ndig glatte Fase (ohne Hohlschliff) bei seitlichem Schleifen (perfekt f\u00fcr kleine Schnitzwerkzeuge wie Hohleisen und Gei\u00dff\u00fc\u00dfe sowie Hobelmesser, Holzmei\u00dfeln und Messer)- wahlweise mit oder ohne Wasser schleifen (Tormek empfiehlt jedoch immer das Sch\u00e4rfen mit Wasser, da dies die Lebensdauer der Scheibe verl\u00e4ngert und bessere Ergebnisse liefert.)- entwickelt auch bei Trockenschliff keine Reibungshitze (durch geringe Drehzahl)- Sch\u00e4rfen von unterschiedlichen Materialien wie bspw. Stahl, Keramik und Hartmetall Die neuen Diamant-Schleifscheiben von Tormek sind in drei K\u00f6rnungen erh\u00e4ltlich: grob, fein und extrafein. - DC-200, grob: mit der K\u00f6rnung 360 kann eine stumpfe oder besch\u00e4digte Schneide effizient repariert werden.- DF-200, fein: die K\u00f6rnung 600 vereint einen effektiven Abtrag und eine feine Schleiffl\u00e4che.- DE-200, extra fein: mit der K\u00f6rnung 1200 erzielt man eine sehr feine Schleiffl\u00e4che. Diese ist ideal f\u00fcr Schnitzeisen und Messer, die nur einen geringen Abtrag ben\u00f6tigen. Passend f\u00fcr Tormek T-4, Tormek T-3 und Vorg\u00e4ngermodelle mit Steindurchmesser 200 mm. F\u00fcr das Sch\u00e4rfen an der Seite der Diamant-Schleifscheiben empfehlen wir den Tormek Multihalter MB-100 mit der passenden Schleifvorrichtung f\u00fcr dasbetreffende Werkzeug.","robots":{"index":"index","follow":"follow","max-snippet":"max-snippet:-1","max-image-preview":"max-image-preview:large","max-video-preview":"max-video-preview:-1"},"canonical":"https:\/\/www.franz-stadlhofer.at\/shop\/produkt\/diamant-schleifscheibe-dc-200-df-200-de-200\/","og_locale":"de_DE","og_type":"article","og_title":"Diamant Schleifscheibe (DC-200, DF-200, DE-200)","og_description":"Endlich gibt es die Diamantschleifscheiben nun auch f\u00fcr die T-4 Modelle (sowie alle Vorg\u00e4ngermodelle mit Steindurchmesser 200 mm). Diamant ist der h\u00e4rteste nat\u00fcrliche Werkstoff. Er ist fast doppelt so hart wie Bornitrid (CBN), ein anderes h\u00e4ufig verwendetes Schleifmittel. Seine extreme H\u00e4rte und Langlebigkeit machen Diamant zum optimalen Schleifmaterial. Vorteile der Diamant Schleifscheibe: - gleichbleibender Durchmesser (kein Abziehen des Steins mehr n\u00f6tig)- seitliche Diamantbeschichtung: dadurch vollst\u00e4ndig glatte Fase (ohne Hohlschliff) bei seitlichem Schleifen (perfekt f\u00fcr kleine Schnitzwerkzeuge wie Hohleisen und Gei\u00dff\u00fc\u00dfe sowie Hobelmesser, Holzmei\u00dfeln und Messer)- wahlweise mit oder ohne Wasser schleifen (Tormek empfiehlt jedoch immer das Sch\u00e4rfen mit Wasser, da dies die Lebensdauer der Scheibe verl\u00e4ngert und bessere Ergebnisse liefert.)- entwickelt auch bei Trockenschliff keine Reibungshitze (durch geringe Drehzahl)- Sch\u00e4rfen von unterschiedlichen Materialien wie bspw. Stahl, Keramik und Hartmetall Die neuen Diamant-Schleifscheiben von Tormek sind in drei K\u00f6rnungen erh\u00e4ltlich: grob, fein und extrafein. - DC-200, grob: mit der K\u00f6rnung 360 kann eine stumpfe oder besch\u00e4digte Schneide effizient repariert werden.- DF-200, fein: die K\u00f6rnung 600 vereint einen effektiven Abtrag und eine feine Schleiffl\u00e4che.- DE-200, extra fein: mit der K\u00f6rnung 1200 erzielt man eine sehr feine Schleiffl\u00e4che. Diese ist ideal f\u00fcr Schnitzeisen und Messer, die nur einen geringen Abtrag ben\u00f6tigen. Passend f\u00fcr Tormek T-4, Tormek T-3 und Vorg\u00e4ngermodelle mit Steindurchmesser 200 mm. F\u00fcr das Sch\u00e4rfen an der Seite der Diamant-Schleifscheiben empfehlen wir den Tormek Multihalter MB-100 mit der passenden Schleifvorrichtung f\u00fcr dasbetreffende Werkzeug.","og_url":"https:\/\/www.franz-stadlhofer.at\/shop\/produkt\/diamant-schleifscheibe-dc-200-df-200-de-200\/","og_site_name":"Schnitzstube Stadlhofer Shop","article_modified_time":"2025-02-10T11:32:45+00:00","og_image":[{"width":984,"height":984,"url":"https:\/\/www.franz-stadlhofer.at\/shop\/wp-content\/uploads\/2021\/10\/dc-200.jpg","type":"image\/jpeg"}],"twitter_card":"summary_large_image","twitter_misc":{"Gesch\u00e4tzte Lesezeit":"2\u00a0Minuten"},"schema":{"@context":"https:\/\/schema.org","@graph":[{"@type":"WebPage","@id":"https:\/\/www.franz-stadlhofer.at\/shop\/produkt\/diamant-schleifscheibe-dc-200-df-200-de-200\/","url":"https:\/\/www.franz-stadlhofer.at\/shop\/produkt\/diamant-schleifscheibe-dc-200-df-200-de-200\/","name":"Diamant Schleifscheibe (DC-200, DF-200, DE-200)","isPartOf":{"@id":"https:\/\/www.franz-stadlhofer.at\/shop\/#website"},"primaryImageOfPage":{"@id":"https:\/\/www.franz-stadlhofer.at\/shop\/produkt\/diamant-schleifscheibe-dc-200-df-200-de-200\/#primaryimage"},"image":{"@id":"https:\/\/www.franz-stadlhofer.at\/shop\/produkt\/diamant-schleifscheibe-dc-200-df-200-de-200\/#primaryimage"},"thumbnailUrl":"https:\/\/www.franz-stadlhofer.at\/shop\/wp-content\/uploads\/2021\/10\/dc-200.jpg","datePublished":"2021-10-29T10:53:02+00:00","dateModified":"2025-02-10T11:32:45+00:00","description":"Endlich gibt es die Diamantschleifscheiben nun auch f\u00fcr die T-4 Modelle (sowie alle Vorg\u00e4ngermodelle mit Steindurchmesser 200 mm). Diamant ist der h\u00e4rteste nat\u00fcrliche Werkstoff. Er ist fast doppelt so hart wie Bornitrid (CBN), ein anderes h\u00e4ufig verwendetes Schleifmittel. Seine extreme H\u00e4rte und Langlebigkeit machen Diamant zum optimalen Schleifmaterial. Vorteile der Diamant Schleifscheibe: - gleichbleibender Durchmesser (kein Abziehen des Steins mehr n\u00f6tig)- seitliche Diamantbeschichtung: dadurch vollst\u00e4ndig glatte Fase (ohne Hohlschliff) bei seitlichem Schleifen (perfekt f\u00fcr kleine Schnitzwerkzeuge wie Hohleisen und Gei\u00dff\u00fc\u00dfe sowie Hobelmesser, Holzmei\u00dfeln und Messer)- wahlweise mit oder ohne Wasser schleifen (Tormek empfiehlt jedoch immer das Sch\u00e4rfen mit Wasser, da dies die Lebensdauer der Scheibe verl\u00e4ngert und bessere Ergebnisse liefert.)- entwickelt auch bei Trockenschliff keine Reibungshitze (durch geringe Drehzahl)- Sch\u00e4rfen von unterschiedlichen Materialien wie bspw. Stahl, Keramik und Hartmetall Die neuen Diamant-Schleifscheiben von Tormek sind in drei K\u00f6rnungen erh\u00e4ltlich: grob, fein und extrafein. - DC-200, grob: mit der K\u00f6rnung 360 kann eine stumpfe oder besch\u00e4digte Schneide effizient repariert werden.- DF-200, fein: die K\u00f6rnung 600 vereint einen effektiven Abtrag und eine feine Schleiffl\u00e4che.- DE-200, extra fein: mit der K\u00f6rnung 1200 erzielt man eine sehr feine Schleiffl\u00e4che. Diese ist ideal f\u00fcr Schnitzeisen und Messer, die nur einen geringen Abtrag ben\u00f6tigen. Passend f\u00fcr Tormek T-4, Tormek T-3 und Vorg\u00e4ngermodelle mit Steindurchmesser 200 mm. F\u00fcr das Sch\u00e4rfen an der Seite der Diamant-Schleifscheiben empfehlen wir den Tormek Multihalter MB-100 mit der passenden Schleifvorrichtung f\u00fcr dasbetreffende Werkzeug.","breadcrumb":{"@id":"https:\/\/www.franz-stadlhofer.at\/shop\/produkt\/diamant-schleifscheibe-dc-200-df-200-de-200\/#breadcrumb"},"inLanguage":"de","potentialAction":[{"@type":"ReadAction","target":["https:\/\/www.franz-stadlhofer.at\/shop\/produkt\/diamant-schleifscheibe-dc-200-df-200-de-200\/"]}]},{"@type":"ImageObject","inLanguage":"de","@id":"https:\/\/www.franz-stadlhofer.at\/shop\/produkt\/diamant-schleifscheibe-dc-200-df-200-de-200\/#primaryimage","url":"https:\/\/www.franz-stadlhofer.at\/shop\/wp-content\/uploads\/2021\/10\/dc-200.jpg","contentUrl":"https:\/\/www.franz-stadlhofer.at\/shop\/wp-content\/uploads\/2021\/10\/dc-200.jpg","width":984,"height":984},{"@type":"BreadcrumbList","@id":"https:\/\/www.franz-stadlhofer.at\/shop\/produkt\/diamant-schleifscheibe-dc-200-df-200-de-200\/#breadcrumb","itemListElement":[{"@type":"ListItem","position":1,"name":"Startseite","item":"https:\/\/www.franz-stadlhofer.at\/shop\/"},{"@type":"ListItem","position":2,"name":"Produkte","item":"https:\/\/www.franz-stadlhofer.at\/shop\/shop\/"},{"@type":"ListItem","position":3,"name":"Diamant Schleifscheiben f\u00fcr T-4"}]},{"@type":"WebSite","@id":"https:\/\/www.franz-stadlhofer.at\/shop\/#website","url":"https:\/\/www.franz-stadlhofer.at\/shop\/","name":"Schnitzstube Stadlhofer Shop","description":"Holzschnitzen Onlineshop","publisher":{"@id":"https:\/\/www.franz-stadlhofer.at\/shop\/#organization"},"potentialAction":[{"@type":"SearchAction","target":{"@type":"EntryPoint","urlTemplate":"https:\/\/www.franz-stadlhofer.at\/shop\/?s={search_term_string}"},"query-input":{"@type":"PropertyValueSpecification","valueRequired":true,"valueName":"search_term_string"}}],"inLanguage":"de"},{"@type":"Organization","@id":"https:\/\/www.franz-stadlhofer.at\/shop\/#organization","name":"Schnitzstube Stadlhofer Shop","url":"https:\/\/www.franz-stadlhofer.at\/shop\/","logo":{"@type":"ImageObject","inLanguage":"de","@id":"https:\/\/www.franz-stadlhofer.at\/shop\/#\/schema\/logo\/image\/","url":"https:\/\/www.franz-stadlhofer.at\/shop\/wp-content\/uploads\/2019\/10\/LOGO-2-RETINA.png","contentUrl":"https:\/\/www.franz-stadlhofer.at\/shop\/wp-content\/uploads\/2019\/10\/LOGO-2-RETINA.png","width":471,"height":160,"caption":"Schnitzstube Stadlhofer Shop"},"image":{"@id":"https:\/\/www.franz-stadlhofer.at\/shop\/#\/schema\/logo\/image\/"}}]}},"_links":{"self":[{"href":"https:\/\/www.franz-stadlhofer.at\/shop\/wp-json\/wp\/v2\/product\/28204","targetHints":{"allow":["GET"]}}],"collection":[{"href":"https:\/\/www.franz-stadlhofer.at\/shop\/wp-json\/wp\/v2\/product"}],"about":[{"href":"https:\/\/www.franz-stadlhofer.at\/shop\/wp-json\/wp\/v2\/types\/product"}],"wp:featuredmedia":[{"embeddable":true,"href":"https:\/\/www.franz-stadlhofer.at\/shop\/wp-json\/wp\/v2\/media\/28211"}],"wp:attachment":[{"href":"https:\/\/www.franz-stadlhofer.at\/shop\/wp-json\/wp\/v2\/media?parent=28204"}],"wp:term":[{"taxonomy":"product_brand","embeddable":true,"href":"https:\/\/www.franz-stadlhofer.at\/shop\/wp-json\/wp\/v2\/product_brand?post=28204"},{"taxonomy":"product_cat","embeddable":true,"href":"https:\/\/www.franz-stadlhofer.at\/shop\/wp-json\/wp\/v2\/product_cat?post=28204"},{"taxonomy":"product_tag","embeddable":true,"href":"https:\/\/www.franz-stadlhofer.at\/shop\/wp-json\/wp\/v2\/product_tag?post=28204"}],"curies":[{"name":"wp","href":"https:\/\/api.w.org\/{rel}","templated":true}]}}