{"id":28175,"date":"2021-10-27T16:33:05","date_gmt":"2021-10-27T14:33:05","guid":{"rendered":"https:\/\/www.franz-stadlhofer.at\/shop\/?post_type=product&#038;p=28175"},"modified":"2025-08-25T09:02:57","modified_gmt":"2025-08-25T07:02:57","slug":"vorlagenheft-10-ostereier-a","status":"publish","type":"product","link":"https:\/\/www.franz-stadlhofer.at\/shop\/produkt\/vorlagenheft-10-ostereier-a\/","title":{"rendered":"Vorlagenheft 10 &#8211; Ostereier A"},"content":{"rendered":"<div class=\"fusion-fullwidth fullwidth-box fusion-builder-row-1 nonhundred-percent-fullwidth non-hundred-percent-height-scrolling\" style=\"--awb-border-radius-top-left:0px;--awb-border-radius-top-right:0px;--awb-border-radius-bottom-right:0px;--awb-border-radius-bottom-left:0px;--awb-flex-wrap:wrap;\" ><div class=\"fusion-builder-row fusion-row\"><div class=\"fusion-layout-column fusion_builder_column fusion-builder-column-0 fusion_builder_column_1_1 1_1 fusion-one-full fusion-column-first fusion-column-last\" style=\"--awb-bg-size:cover;--awb-margin-top:0px;--awb-margin-bottom:0px;\"><div class=\"fusion-column-wrapper fusion-flex-column-wrapper-legacy\"><div class=\"fusion-text fusion-text-1\" style=\"--awb-text-transform:none;\"><p class=\"fusion-responsive-typography-calculated\" data-fontsize=\"26\" data-lineheight=\"28.6px\"><strong>Ein ideales \u00dcbungsheft f\u00fcr alle Kerbschnitzer, auch f\u00fcr Anf\u00e4nger!<\/strong><\/p>\n<div class=\"fusion-text fusion-text-5\">\n<div class=\"fusion-text fusion-text-7\">\n<p>Auf 12 Seiten finden sich 21 Schnitzideen f\u00fcr <a href=\"https:\/\/www.franz-stadlhofer.at\/shop\/produkt\/eierplatte\/\" target=\"_blank\" rel=\"noopener\"><strong>Ostereier<\/strong><\/a> sowie eine Schnitzvorlage f\u00fcr ein <a href=\"https:\/\/www.franz-stadlhofer.at\/shop\/produkt\/einkaufskorb\/\" target=\"_blank\" rel=\"noopener\"><strong>Osterk\u00f6rbchen<\/strong>.<\/a><\/p>\n<p>Sehr \u00fcbersichtlich sind die Vorlagen wieder sowohl als ausgefertigtes Foto als auch als Musterzeichnung zum leichten Nachmachen abgebildet.<\/p>\n<p>Am Besten sind die Vorlagen mittels <a href=\"https:\/\/www.franz-stadlhofer.at\/shop\/produkt\/mini-bugeleisen\/\" target=\"_blank\" rel=\"noopener\"><strong>B\u00fcgelstift<\/strong><\/a> aufs Holz zu bringen. Eine kleine Anleitung dazu ist ebenfalls im neuen Heft integriert.<\/p>\n<\/div>\n<\/div>\n<\/div><div class=\"fusion-clearfix\"><\/div><\/div><\/div><\/div><\/div>\n","protected":false},"excerpt":{"rendered":"","protected":false},"featured_media":28176,"template":"","meta":[],"product_brand":[],"product_cat":[773,1188],"product_tag":[1001,1002,1003,1339,1340,1353,1354,1355],"class_list":{"0":"post-28175","1":"product","2":"type-product","3":"status-publish","4":"has-post-thumbnail","6":"product_cat-lesen-lernen","7":"product_cat-drum-herum","8":"product_tag-heft","9":"product_tag-muster","10":"product_tag-vorlagen","11":"product_tag-eier","12":"product_tag-ostereier","13":"product_tag-ostern","14":"product_tag-strauch","15":"product_tag-osterstrauch","17":"first","18":"instock","19":"taxable","20":"shipping-taxable","21":"purchasable","22":"product-type-simple"},"barcode":null,"atum_controlled":true,"out_stock_date":null,"out_stock_threshold":null,"inheritable":false,"stock_on_hold":0,"sold_today":0,"sales_last_days":0,"reserved_stock":0,"customer_returns":0,"warehouse_damage":0,"lost_in_post":0,"other_logs":0,"out_stock_days":0,"lost_sales":0,"update_date":"2026-05-17T00:11:16","atum_locations":[],"atum_stock_status":"instock","restock_status":false,"low_stock_amount":"","sales_update_date":"2026-05-17T00:11:16","calc_backorders":null,"yoast_head":"<!-- This site is optimized with the Yoast SEO plugin v27.5 - https:\/\/yoast.com\/product\/yoast-seo-wordpress\/ -->\n<title>Vorlagenheft 10 - Ostereier A<\/title>\n<meta name=\"description\" content=\"Ein ideales \u00dcbungsheft f\u00fcr alle Kerbschnitzer, auch f\u00fcr Anf\u00e4nger! Auf 12 Seiten finden sich 15 Schnitzideen f\u00fcr Ostereier sowie eine Schnitzvorlage f\u00fcr ein Osterk\u00f6rbchen. Sehr \u00fcbersichtlich sind die Vorlagen wieder sowohl als ausgefertigtes Foto als auch als Musterzeichnung zum leichten Nachmachen abgebildet. Am Besten sind die Vorlagen mittels B\u00fcgelstift aufs Holz zu bringen. Eine kleine Anleitung dazu ist ebenfalls im neuen Heft integriert.\" \/>\n<meta name=\"robots\" content=\"index, follow, max-snippet:-1, max-image-preview:large, max-video-preview:-1\" \/>\n<link rel=\"canonical\" href=\"https:\/\/www.franz-stadlhofer.at\/shop\/produkt\/vorlagenheft-10-ostereier-a\/\" \/>\n<meta property=\"og:locale\" content=\"de_DE\" \/>\n<meta property=\"og:type\" content=\"article\" \/>\n<meta property=\"og:title\" content=\"Vorlagenheft 10 - Ostereier A\" \/>\n<meta property=\"og:description\" content=\"Ein ideales \u00dcbungsheft f\u00fcr alle Kerbschnitzer, auch f\u00fcr Anf\u00e4nger! Auf 12 Seiten finden sich 15 Schnitzideen f\u00fcr Ostereier sowie eine Schnitzvorlage f\u00fcr ein Osterk\u00f6rbchen. Sehr \u00fcbersichtlich sind die Vorlagen wieder sowohl als ausgefertigtes Foto als auch als Musterzeichnung zum leichten Nachmachen abgebildet. Am Besten sind die Vorlagen mittels B\u00fcgelstift aufs Holz zu bringen. Eine kleine Anleitung dazu ist ebenfalls im neuen Heft integriert.\" \/>\n<meta property=\"og:url\" content=\"https:\/\/www.franz-stadlhofer.at\/shop\/produkt\/vorlagenheft-10-ostereier-a\/\" \/>\n<meta property=\"og:site_name\" content=\"Schnitzstube Stadlhofer Shop\" \/>\n<meta property=\"article:modified_time\" content=\"2025-08-25T07:02:57+00:00\" \/>\n<meta property=\"og:image\" content=\"https:\/\/www.franz-stadlhofer.at\/shop\/wp-content\/uploads\/2021\/10\/Heft-10-Ostereier-A.jpg\" \/>\n\t<meta property=\"og:image:width\" content=\"591\" \/>\n\t<meta property=\"og:image:height\" content=\"591\" \/>\n\t<meta property=\"og:image:type\" content=\"image\/jpeg\" \/>\n<meta name=\"twitter:card\" content=\"summary_large_image\" \/>\n<meta name=\"twitter:label1\" content=\"Gesch\u00e4tzte Lesezeit\" \/>\n\t<meta name=\"twitter:data1\" content=\"1\u00a0Minute\" \/>\n<script type=\"application\/ld+json\" class=\"yoast-schema-graph\">{\"@context\":\"https:\\\/\\\/schema.org\",\"@graph\":[{\"@type\":\"WebPage\",\"@id\":\"https:\\\/\\\/www.franz-stadlhofer.at\\\/shop\\\/produkt\\\/vorlagenheft-10-ostereier-a\\\/\",\"url\":\"https:\\\/\\\/www.franz-stadlhofer.at\\\/shop\\\/produkt\\\/vorlagenheft-10-ostereier-a\\\/\",\"name\":\"Vorlagenheft 10 - Ostereier A\",\"isPartOf\":{\"@id\":\"https:\\\/\\\/www.franz-stadlhofer.at\\\/shop\\\/#website\"},\"primaryImageOfPage\":{\"@id\":\"https:\\\/\\\/www.franz-stadlhofer.at\\\/shop\\\/produkt\\\/vorlagenheft-10-ostereier-a\\\/#primaryimage\"},\"image\":{\"@id\":\"https:\\\/\\\/www.franz-stadlhofer.at\\\/shop\\\/produkt\\\/vorlagenheft-10-ostereier-a\\\/#primaryimage\"},\"thumbnailUrl\":\"https:\\\/\\\/www.franz-stadlhofer.at\\\/shop\\\/wp-content\\\/uploads\\\/2021\\\/10\\\/Heft-10-Ostereier-A.jpg\",\"datePublished\":\"2021-10-27T14:33:05+00:00\",\"dateModified\":\"2025-08-25T07:02:57+00:00\",\"description\":\"Ein ideales \u00dcbungsheft f\u00fcr alle Kerbschnitzer, auch f\u00fcr Anf\u00e4nger! Auf 12 Seiten finden sich 15 Schnitzideen f\u00fcr Ostereier sowie eine Schnitzvorlage f\u00fcr ein Osterk\u00f6rbchen. Sehr \u00fcbersichtlich sind die Vorlagen wieder sowohl als ausgefertigtes Foto als auch als Musterzeichnung zum leichten Nachmachen abgebildet. Am Besten sind die Vorlagen mittels B\u00fcgelstift aufs Holz zu bringen. Eine kleine Anleitung dazu ist ebenfalls im neuen Heft integriert.\",\"breadcrumb\":{\"@id\":\"https:\\\/\\\/www.franz-stadlhofer.at\\\/shop\\\/produkt\\\/vorlagenheft-10-ostereier-a\\\/#breadcrumb\"},\"inLanguage\":\"de\",\"potentialAction\":[{\"@type\":\"ReadAction\",\"target\":[\"https:\\\/\\\/www.franz-stadlhofer.at\\\/shop\\\/produkt\\\/vorlagenheft-10-ostereier-a\\\/\"]}]},{\"@type\":\"ImageObject\",\"inLanguage\":\"de\",\"@id\":\"https:\\\/\\\/www.franz-stadlhofer.at\\\/shop\\\/produkt\\\/vorlagenheft-10-ostereier-a\\\/#primaryimage\",\"url\":\"https:\\\/\\\/www.franz-stadlhofer.at\\\/shop\\\/wp-content\\\/uploads\\\/2021\\\/10\\\/Heft-10-Ostereier-A.jpg\",\"contentUrl\":\"https:\\\/\\\/www.franz-stadlhofer.at\\\/shop\\\/wp-content\\\/uploads\\\/2021\\\/10\\\/Heft-10-Ostereier-A.jpg\",\"width\":591,\"height\":591},{\"@type\":\"BreadcrumbList\",\"@id\":\"https:\\\/\\\/www.franz-stadlhofer.at\\\/shop\\\/produkt\\\/vorlagenheft-10-ostereier-a\\\/#breadcrumb\",\"itemListElement\":[{\"@type\":\"ListItem\",\"position\":1,\"name\":\"Startseite\",\"item\":\"https:\\\/\\\/www.franz-stadlhofer.at\\\/shop\\\/\"},{\"@type\":\"ListItem\",\"position\":2,\"name\":\"Produkte\",\"item\":\"https:\\\/\\\/www.franz-stadlhofer.at\\\/shop\\\/shop\\\/\"},{\"@type\":\"ListItem\",\"position\":3,\"name\":\"Vorlagenheft 10 &#8211; Ostereier A\"}]},{\"@type\":\"WebSite\",\"@id\":\"https:\\\/\\\/www.franz-stadlhofer.at\\\/shop\\\/#website\",\"url\":\"https:\\\/\\\/www.franz-stadlhofer.at\\\/shop\\\/\",\"name\":\"Schnitzstube Stadlhofer Shop\",\"description\":\"Holzschnitzen Onlineshop\",\"publisher\":{\"@id\":\"https:\\\/\\\/www.franz-stadlhofer.at\\\/shop\\\/#organization\"},\"potentialAction\":[{\"@type\":\"SearchAction\",\"target\":{\"@type\":\"EntryPoint\",\"urlTemplate\":\"https:\\\/\\\/www.franz-stadlhofer.at\\\/shop\\\/?s={search_term_string}\"},\"query-input\":{\"@type\":\"PropertyValueSpecification\",\"valueRequired\":true,\"valueName\":\"search_term_string\"}}],\"inLanguage\":\"de\"},{\"@type\":\"Organization\",\"@id\":\"https:\\\/\\\/www.franz-stadlhofer.at\\\/shop\\\/#organization\",\"name\":\"Schnitzstube Stadlhofer Shop\",\"url\":\"https:\\\/\\\/www.franz-stadlhofer.at\\\/shop\\\/\",\"logo\":{\"@type\":\"ImageObject\",\"inLanguage\":\"de\",\"@id\":\"https:\\\/\\\/www.franz-stadlhofer.at\\\/shop\\\/#\\\/schema\\\/logo\\\/image\\\/\",\"url\":\"https:\\\/\\\/www.franz-stadlhofer.at\\\/shop\\\/wp-content\\\/uploads\\\/2019\\\/10\\\/LOGO-2-RETINA.png\",\"contentUrl\":\"https:\\\/\\\/www.franz-stadlhofer.at\\\/shop\\\/wp-content\\\/uploads\\\/2019\\\/10\\\/LOGO-2-RETINA.png\",\"width\":471,\"height\":160,\"caption\":\"Schnitzstube Stadlhofer Shop\"},\"image\":{\"@id\":\"https:\\\/\\\/www.franz-stadlhofer.at\\\/shop\\\/#\\\/schema\\\/logo\\\/image\\\/\"}}]}<\/script>\n<!-- \/ Yoast SEO plugin. -->","yoast_head_json":{"title":"Vorlagenheft 10 - Ostereier A","description":"Ein ideales \u00dcbungsheft f\u00fcr alle Kerbschnitzer, auch f\u00fcr Anf\u00e4nger! Auf 12 Seiten finden sich 15 Schnitzideen f\u00fcr Ostereier sowie eine Schnitzvorlage f\u00fcr ein Osterk\u00f6rbchen. Sehr \u00fcbersichtlich sind die Vorlagen wieder sowohl als ausgefertigtes Foto als auch als Musterzeichnung zum leichten Nachmachen abgebildet. Am Besten sind die Vorlagen mittels B\u00fcgelstift aufs Holz zu bringen. Eine kleine Anleitung dazu ist ebenfalls im neuen Heft integriert.","robots":{"index":"index","follow":"follow","max-snippet":"max-snippet:-1","max-image-preview":"max-image-preview:large","max-video-preview":"max-video-preview:-1"},"canonical":"https:\/\/www.franz-stadlhofer.at\/shop\/produkt\/vorlagenheft-10-ostereier-a\/","og_locale":"de_DE","og_type":"article","og_title":"Vorlagenheft 10 - Ostereier A","og_description":"Ein ideales \u00dcbungsheft f\u00fcr alle Kerbschnitzer, auch f\u00fcr Anf\u00e4nger! Auf 12 Seiten finden sich 15 Schnitzideen f\u00fcr Ostereier sowie eine Schnitzvorlage f\u00fcr ein Osterk\u00f6rbchen. Sehr \u00fcbersichtlich sind die Vorlagen wieder sowohl als ausgefertigtes Foto als auch als Musterzeichnung zum leichten Nachmachen abgebildet. Am Besten sind die Vorlagen mittels B\u00fcgelstift aufs Holz zu bringen. Eine kleine Anleitung dazu ist ebenfalls im neuen Heft integriert.","og_url":"https:\/\/www.franz-stadlhofer.at\/shop\/produkt\/vorlagenheft-10-ostereier-a\/","og_site_name":"Schnitzstube Stadlhofer Shop","article_modified_time":"2025-08-25T07:02:57+00:00","og_image":[{"width":591,"height":591,"url":"https:\/\/www.franz-stadlhofer.at\/shop\/wp-content\/uploads\/2021\/10\/Heft-10-Ostereier-A.jpg","type":"image\/jpeg"}],"twitter_card":"summary_large_image","twitter_misc":{"Gesch\u00e4tzte Lesezeit":"1\u00a0Minute"},"schema":{"@context":"https:\/\/schema.org","@graph":[{"@type":"WebPage","@id":"https:\/\/www.franz-stadlhofer.at\/shop\/produkt\/vorlagenheft-10-ostereier-a\/","url":"https:\/\/www.franz-stadlhofer.at\/shop\/produkt\/vorlagenheft-10-ostereier-a\/","name":"Vorlagenheft 10 - Ostereier A","isPartOf":{"@id":"https:\/\/www.franz-stadlhofer.at\/shop\/#website"},"primaryImageOfPage":{"@id":"https:\/\/www.franz-stadlhofer.at\/shop\/produkt\/vorlagenheft-10-ostereier-a\/#primaryimage"},"image":{"@id":"https:\/\/www.franz-stadlhofer.at\/shop\/produkt\/vorlagenheft-10-ostereier-a\/#primaryimage"},"thumbnailUrl":"https:\/\/www.franz-stadlhofer.at\/shop\/wp-content\/uploads\/2021\/10\/Heft-10-Ostereier-A.jpg","datePublished":"2021-10-27T14:33:05+00:00","dateModified":"2025-08-25T07:02:57+00:00","description":"Ein ideales \u00dcbungsheft f\u00fcr alle Kerbschnitzer, auch f\u00fcr Anf\u00e4nger! Auf 12 Seiten finden sich 15 Schnitzideen f\u00fcr Ostereier sowie eine Schnitzvorlage f\u00fcr ein Osterk\u00f6rbchen. Sehr \u00fcbersichtlich sind die Vorlagen wieder sowohl als ausgefertigtes Foto als auch als Musterzeichnung zum leichten Nachmachen abgebildet. Am Besten sind die Vorlagen mittels B\u00fcgelstift aufs Holz zu bringen. Eine kleine Anleitung dazu ist ebenfalls im neuen Heft integriert.","breadcrumb":{"@id":"https:\/\/www.franz-stadlhofer.at\/shop\/produkt\/vorlagenheft-10-ostereier-a\/#breadcrumb"},"inLanguage":"de","potentialAction":[{"@type":"ReadAction","target":["https:\/\/www.franz-stadlhofer.at\/shop\/produkt\/vorlagenheft-10-ostereier-a\/"]}]},{"@type":"ImageObject","inLanguage":"de","@id":"https:\/\/www.franz-stadlhofer.at\/shop\/produkt\/vorlagenheft-10-ostereier-a\/#primaryimage","url":"https:\/\/www.franz-stadlhofer.at\/shop\/wp-content\/uploads\/2021\/10\/Heft-10-Ostereier-A.jpg","contentUrl":"https:\/\/www.franz-stadlhofer.at\/shop\/wp-content\/uploads\/2021\/10\/Heft-10-Ostereier-A.jpg","width":591,"height":591},{"@type":"BreadcrumbList","@id":"https:\/\/www.franz-stadlhofer.at\/shop\/produkt\/vorlagenheft-10-ostereier-a\/#breadcrumb","itemListElement":[{"@type":"ListItem","position":1,"name":"Startseite","item":"https:\/\/www.franz-stadlhofer.at\/shop\/"},{"@type":"ListItem","position":2,"name":"Produkte","item":"https:\/\/www.franz-stadlhofer.at\/shop\/shop\/"},{"@type":"ListItem","position":3,"name":"Vorlagenheft 10 &#8211; Ostereier A"}]},{"@type":"WebSite","@id":"https:\/\/www.franz-stadlhofer.at\/shop\/#website","url":"https:\/\/www.franz-stadlhofer.at\/shop\/","name":"Schnitzstube Stadlhofer Shop","description":"Holzschnitzen Onlineshop","publisher":{"@id":"https:\/\/www.franz-stadlhofer.at\/shop\/#organization"},"potentialAction":[{"@type":"SearchAction","target":{"@type":"EntryPoint","urlTemplate":"https:\/\/www.franz-stadlhofer.at\/shop\/?s={search_term_string}"},"query-input":{"@type":"PropertyValueSpecification","valueRequired":true,"valueName":"search_term_string"}}],"inLanguage":"de"},{"@type":"Organization","@id":"https:\/\/www.franz-stadlhofer.at\/shop\/#organization","name":"Schnitzstube Stadlhofer Shop","url":"https:\/\/www.franz-stadlhofer.at\/shop\/","logo":{"@type":"ImageObject","inLanguage":"de","@id":"https:\/\/www.franz-stadlhofer.at\/shop\/#\/schema\/logo\/image\/","url":"https:\/\/www.franz-stadlhofer.at\/shop\/wp-content\/uploads\/2019\/10\/LOGO-2-RETINA.png","contentUrl":"https:\/\/www.franz-stadlhofer.at\/shop\/wp-content\/uploads\/2019\/10\/LOGO-2-RETINA.png","width":471,"height":160,"caption":"Schnitzstube Stadlhofer Shop"},"image":{"@id":"https:\/\/www.franz-stadlhofer.at\/shop\/#\/schema\/logo\/image\/"}}]}},"_links":{"self":[{"href":"https:\/\/www.franz-stadlhofer.at\/shop\/wp-json\/wp\/v2\/product\/28175","targetHints":{"allow":["GET"]}}],"collection":[{"href":"https:\/\/www.franz-stadlhofer.at\/shop\/wp-json\/wp\/v2\/product"}],"about":[{"href":"https:\/\/www.franz-stadlhofer.at\/shop\/wp-json\/wp\/v2\/types\/product"}],"wp:featuredmedia":[{"embeddable":true,"href":"https:\/\/www.franz-stadlhofer.at\/shop\/wp-json\/wp\/v2\/media\/28176"}],"wp:attachment":[{"href":"https:\/\/www.franz-stadlhofer.at\/shop\/wp-json\/wp\/v2\/media?parent=28175"}],"wp:term":[{"taxonomy":"product_brand","embeddable":true,"href":"https:\/\/www.franz-stadlhofer.at\/shop\/wp-json\/wp\/v2\/product_brand?post=28175"},{"taxonomy":"product_cat","embeddable":true,"href":"https:\/\/www.franz-stadlhofer.at\/shop\/wp-json\/wp\/v2\/product_cat?post=28175"},{"taxonomy":"product_tag","embeddable":true,"href":"https:\/\/www.franz-stadlhofer.at\/shop\/wp-json\/wp\/v2\/product_tag?post=28175"}],"curies":[{"name":"wp","href":"https:\/\/api.w.org\/{rel}","templated":true}]}}