{"id":27667,"date":"2024-04-24T18:37:10","date_gmt":"2024-04-24T16:37:10","guid":{"rendered":"https:\/\/www.franz-stadlhofer.at\/shop\/?post_type=product&#038;p=27667"},"modified":"2025-01-26T15:52:26","modified_gmt":"2025-01-26T14:52:26","slug":"christbaumspitz","status":"publish","type":"product","link":"https:\/\/www.franz-stadlhofer.at\/shop\/produkt\/christbaumspitz\/","title":{"rendered":"Christbaumspitz"},"content":{"rendered":"<div class=\"fusion-fullwidth fullwidth-box fusion-builder-row-1 fusion-flex-container nonhundred-percent-fullwidth non-hundred-percent-height-scrolling\" style=\"--awb-border-radius-top-left:0px;--awb-border-radius-top-right:0px;--awb-border-radius-bottom-right:0px;--awb-border-radius-bottom-left:0px;--awb-flex-wrap:wrap;\" ><div class=\"fusion-builder-row fusion-row fusion-flex-align-items-flex-start fusion-flex-content-wrap\" style=\"max-width:1216.8px;margin-left: calc(-4% \/ 2 );margin-right: calc(-4% \/ 2 );\"><div class=\"fusion-layout-column fusion_builder_column fusion-builder-column-0 fusion_builder_column_1_1 1_1 fusion-flex-column\" style=\"--awb-bg-size:cover;--awb-width-large:100%;--awb-margin-top-large:0px;--awb-spacing-right-large:1.92%;--awb-margin-bottom-large:0px;--awb-spacing-left-large:1.92%;--awb-width-medium:100%;--awb-spacing-right-medium:1.92%;--awb-spacing-left-medium:1.92%;--awb-width-small:100%;--awb-spacing-right-small:1.92%;--awb-spacing-left-small:1.92%;\"><div class=\"fusion-column-wrapper fusion-flex-justify-content-flex-start fusion-content-layout-column\"><div class=\"fusion-text fusion-text-1\" style=\"--awb-text-transform:none;\"><p>Das n\u00e4chste Weihnachtsfest kommt bestimmt. Schnitzen Sie Ihren Christbaumschmuck jetzt selbst und verleihen Sie Ihrem Baum eine ganz pers\u00f6nliche Note oder bereiten Sie anderen Menschen mit diesen selbstgemachten Besonderheiten eine Freude.<\/p>\n<p>Auf diesen beiden 5 mm starken Lindenholzplatten sind die Bestandteile des Christbaumspitzes bereits vorgelasert. Wenn Sie mit der Bearbeitung fertig sind, k\u00f6nnen Sie diese einfach mit drei kleinen Schnitten aus der Form herausl\u00f6sen, zusammenbauen und leimen. F\u00fcr den optimalen Halt auf der Spitze Ihres Baumes ist noch eine 10 x 2 cm\u00a0 Plexiglasr\u00f6hre mit dabei.<\/p>\n<p>Anregungen, mit welchen Mustern Sie Ihren Spitz beschnitzen k\u00f6nnen, finden Sie in unserem <a href=\"https:\/\/www.franz-stadlhofer.at\/shop\/produkt\/vorlagenhefte-weihnachtssterne\/\" target=\"_blank\" rel=\"noopener\"><strong>Vorlagenheft 9 &#8211; Weihnachtssterne D<\/strong><\/a><strong>. <\/strong>Darin ist im Verh\u00e4ltnis 1:1 eine Schnitzidee f\u00fcr diesen Spitz sowie 15 weiter Sternvorlagen abgebildet &#8211; sowohl als Foto als auch als Zeichnung. Sie k\u00f6nnen diese entweder abzeichnen oder mittels <a title=\"B\u00fcgelstift\" href=\"https:\/\/www.franz-stadlhofer.at\/shop\/produkt\/mini-bugeleisen\/\"><strong>B\u00fcgelstift<\/strong><\/a> aufpausen.<\/p>\n<p>Ma\u00dfe der Platte (L x B x H): 325 x 90 x 5 mm<\/p>\n<p>Ma\u00dfe des Christbaumspitz (L x B x H): 230 x 170 x 170 mm<\/p>\n<\/div><\/div><\/div><\/div><\/div>\n","protected":false},"excerpt":{"rendered":"","protected":false},"featured_media":27670,"template":"","meta":[],"product_brand":[],"product_cat":[759,782],"product_tag":[1172,1334,1341,1342,1343,1516,1518],"class_list":{"0":"post-27667","1":"product","2":"type-product","3":"status-publish","4":"has-post-thumbnail","6":"product_cat-rohes-lindenholz","7":"product_cat-kleingegenstande","8":"product_tag-weihnachten","9":"product_tag-deko","10":"product_tag-baum","11":"product_tag-spitze","12":"product_tag-christbaum","13":"product_tag-rohes-lindenholz","14":"product_tag-beschnitzbar","16":"first","17":"instock","18":"taxable","19":"shipping-taxable","20":"purchasable","21":"product-type-simple"},"barcode":null,"atum_controlled":true,"out_stock_date":null,"out_stock_threshold":null,"inheritable":false,"stock_on_hold":0,"sold_today":0,"sales_last_days":0,"reserved_stock":0,"customer_returns":0,"warehouse_damage":0,"lost_in_post":0,"other_logs":0,"out_stock_days":0,"lost_sales":0,"update_date":"2026-04-27T00:05:32","atum_locations":[],"atum_stock_status":"instock","restock_status":false,"low_stock_amount":10,"sales_update_date":"2026-04-27T00:05:32","calc_backorders":null,"yoast_head":"<!-- This site is optimized with the Yoast SEO plugin v27.4 - https:\/\/yoast.com\/product\/yoast-seo-wordpress\/ -->\n<title>Christbaumspitz<\/title>\n<meta name=\"description\" content=\"Das n\u00e4chste Weihnachtsfest kommt bestimmt. Schnitzen Sie Ihren Christbaumschmuck jetzt selbst und verleihen Sie Ihrem Baum eine ganz pers\u00f6nliche Note oder bereiten Sie anderen Menschen mit diesen selbstgemachten Besonderheiten eine Freude.Auf dieser zwei 5 mm starken Lindenholzplatte sind die Bestandteile des Christbaumspitzes bereits vorgelasert. Wenn Sie mit der Bearbeitung fertig sind, k\u00f6nnen Sie diese einfach mit 3 kleinen Schnitten aus der Form herausl\u00f6sen, zusammenbauen und leimen.\" \/>\n<meta name=\"robots\" content=\"index, follow, max-snippet:-1, max-image-preview:large, max-video-preview:-1\" \/>\n<link rel=\"canonical\" href=\"https:\/\/www.franz-stadlhofer.at\/shop\/produkt\/christbaumspitz\/\" \/>\n<meta property=\"og:locale\" content=\"de_DE\" \/>\n<meta property=\"og:type\" content=\"article\" \/>\n<meta property=\"og:title\" content=\"Christbaumspitz\" \/>\n<meta property=\"og:description\" content=\"Das n\u00e4chste Weihnachtsfest kommt bestimmt. Schnitzen Sie Ihren Christbaumschmuck jetzt selbst und verleihen Sie Ihrem Baum eine ganz pers\u00f6nliche Note oder bereiten Sie anderen Menschen mit diesen selbstgemachten Besonderheiten eine Freude.Auf dieser zwei 5 mm starken Lindenholzplatte sind die Bestandteile des Christbaumspitzes bereits vorgelasert. Wenn Sie mit der Bearbeitung fertig sind, k\u00f6nnen Sie diese einfach mit 3 kleinen Schnitten aus der Form herausl\u00f6sen, zusammenbauen und leimen.\" \/>\n<meta property=\"og:url\" content=\"https:\/\/www.franz-stadlhofer.at\/shop\/produkt\/christbaumspitz\/\" \/>\n<meta property=\"og:site_name\" content=\"Schnitzstube Stadlhofer Shop\" \/>\n<meta property=\"article:modified_time\" content=\"2025-01-26T14:52:26+00:00\" \/>\n<meta property=\"og:image\" content=\"https:\/\/www.franz-stadlhofer.at\/shop\/wp-content\/uploads\/2021\/08\/Christbaumspitz.jpg\" \/>\n\t<meta property=\"og:image:width\" content=\"945\" \/>\n\t<meta property=\"og:image:height\" content=\"945\" \/>\n\t<meta property=\"og:image:type\" content=\"image\/jpeg\" \/>\n<meta name=\"twitter:card\" content=\"summary_large_image\" \/>\n<meta name=\"twitter:label1\" content=\"Gesch\u00e4tzte Lesezeit\" \/>\n\t<meta name=\"twitter:data1\" content=\"1\u00a0Minute\" \/>\n<script type=\"application\/ld+json\" class=\"yoast-schema-graph\">{\"@context\":\"https:\\\/\\\/schema.org\",\"@graph\":[{\"@type\":\"WebPage\",\"@id\":\"https:\\\/\\\/www.franz-stadlhofer.at\\\/shop\\\/produkt\\\/christbaumspitz\\\/\",\"url\":\"https:\\\/\\\/www.franz-stadlhofer.at\\\/shop\\\/produkt\\\/christbaumspitz\\\/\",\"name\":\"Christbaumspitz\",\"isPartOf\":{\"@id\":\"https:\\\/\\\/www.franz-stadlhofer.at\\\/shop\\\/#website\"},\"primaryImageOfPage\":{\"@id\":\"https:\\\/\\\/www.franz-stadlhofer.at\\\/shop\\\/produkt\\\/christbaumspitz\\\/#primaryimage\"},\"image\":{\"@id\":\"https:\\\/\\\/www.franz-stadlhofer.at\\\/shop\\\/produkt\\\/christbaumspitz\\\/#primaryimage\"},\"thumbnailUrl\":\"https:\\\/\\\/www.franz-stadlhofer.at\\\/shop\\\/wp-content\\\/uploads\\\/2021\\\/08\\\/Christbaumspitz.jpg\",\"datePublished\":\"2024-04-24T16:37:10+00:00\",\"dateModified\":\"2025-01-26T14:52:26+00:00\",\"description\":\"Das n\u00e4chste Weihnachtsfest kommt bestimmt. Schnitzen Sie Ihren Christbaumschmuck jetzt selbst und verleihen Sie Ihrem Baum eine ganz pers\u00f6nliche Note oder bereiten Sie anderen Menschen mit diesen selbstgemachten Besonderheiten eine Freude.Auf dieser zwei 5 mm starken Lindenholzplatte sind die Bestandteile des Christbaumspitzes bereits vorgelasert. Wenn Sie mit der Bearbeitung fertig sind, k\u00f6nnen Sie diese einfach mit 3 kleinen Schnitten aus der Form herausl\u00f6sen, zusammenbauen und leimen.\",\"breadcrumb\":{\"@id\":\"https:\\\/\\\/www.franz-stadlhofer.at\\\/shop\\\/produkt\\\/christbaumspitz\\\/#breadcrumb\"},\"inLanguage\":\"de\",\"potentialAction\":[{\"@type\":\"ReadAction\",\"target\":[\"https:\\\/\\\/www.franz-stadlhofer.at\\\/shop\\\/produkt\\\/christbaumspitz\\\/\"]}]},{\"@type\":\"ImageObject\",\"inLanguage\":\"de\",\"@id\":\"https:\\\/\\\/www.franz-stadlhofer.at\\\/shop\\\/produkt\\\/christbaumspitz\\\/#primaryimage\",\"url\":\"https:\\\/\\\/www.franz-stadlhofer.at\\\/shop\\\/wp-content\\\/uploads\\\/2021\\\/08\\\/Christbaumspitz.jpg\",\"contentUrl\":\"https:\\\/\\\/www.franz-stadlhofer.at\\\/shop\\\/wp-content\\\/uploads\\\/2021\\\/08\\\/Christbaumspitz.jpg\",\"width\":945,\"height\":945},{\"@type\":\"BreadcrumbList\",\"@id\":\"https:\\\/\\\/www.franz-stadlhofer.at\\\/shop\\\/produkt\\\/christbaumspitz\\\/#breadcrumb\",\"itemListElement\":[{\"@type\":\"ListItem\",\"position\":1,\"name\":\"Startseite\",\"item\":\"https:\\\/\\\/www.franz-stadlhofer.at\\\/shop\\\/\"},{\"@type\":\"ListItem\",\"position\":2,\"name\":\"Produkte\",\"item\":\"https:\\\/\\\/www.franz-stadlhofer.at\\\/shop\\\/shop\\\/\"},{\"@type\":\"ListItem\",\"position\":3,\"name\":\"Christbaumspitz\"}]},{\"@type\":\"WebSite\",\"@id\":\"https:\\\/\\\/www.franz-stadlhofer.at\\\/shop\\\/#website\",\"url\":\"https:\\\/\\\/www.franz-stadlhofer.at\\\/shop\\\/\",\"name\":\"Schnitzstube Stadlhofer Shop\",\"description\":\"Holzschnitzen Onlineshop\",\"publisher\":{\"@id\":\"https:\\\/\\\/www.franz-stadlhofer.at\\\/shop\\\/#organization\"},\"potentialAction\":[{\"@type\":\"SearchAction\",\"target\":{\"@type\":\"EntryPoint\",\"urlTemplate\":\"https:\\\/\\\/www.franz-stadlhofer.at\\\/shop\\\/?s={search_term_string}\"},\"query-input\":{\"@type\":\"PropertyValueSpecification\",\"valueRequired\":true,\"valueName\":\"search_term_string\"}}],\"inLanguage\":\"de\"},{\"@type\":\"Organization\",\"@id\":\"https:\\\/\\\/www.franz-stadlhofer.at\\\/shop\\\/#organization\",\"name\":\"Schnitzstube Stadlhofer Shop\",\"url\":\"https:\\\/\\\/www.franz-stadlhofer.at\\\/shop\\\/\",\"logo\":{\"@type\":\"ImageObject\",\"inLanguage\":\"de\",\"@id\":\"https:\\\/\\\/www.franz-stadlhofer.at\\\/shop\\\/#\\\/schema\\\/logo\\\/image\\\/\",\"url\":\"https:\\\/\\\/www.franz-stadlhofer.at\\\/shop\\\/wp-content\\\/uploads\\\/2019\\\/10\\\/LOGO-2-RETINA.png\",\"contentUrl\":\"https:\\\/\\\/www.franz-stadlhofer.at\\\/shop\\\/wp-content\\\/uploads\\\/2019\\\/10\\\/LOGO-2-RETINA.png\",\"width\":471,\"height\":160,\"caption\":\"Schnitzstube Stadlhofer Shop\"},\"image\":{\"@id\":\"https:\\\/\\\/www.franz-stadlhofer.at\\\/shop\\\/#\\\/schema\\\/logo\\\/image\\\/\"}}]}<\/script>\n<!-- \/ Yoast SEO plugin. -->","yoast_head_json":{"title":"Christbaumspitz","description":"Das n\u00e4chste Weihnachtsfest kommt bestimmt. Schnitzen Sie Ihren Christbaumschmuck jetzt selbst und verleihen Sie Ihrem Baum eine ganz pers\u00f6nliche Note oder bereiten Sie anderen Menschen mit diesen selbstgemachten Besonderheiten eine Freude.Auf dieser zwei 5 mm starken Lindenholzplatte sind die Bestandteile des Christbaumspitzes bereits vorgelasert. Wenn Sie mit der Bearbeitung fertig sind, k\u00f6nnen Sie diese einfach mit 3 kleinen Schnitten aus der Form herausl\u00f6sen, zusammenbauen und leimen.","robots":{"index":"index","follow":"follow","max-snippet":"max-snippet:-1","max-image-preview":"max-image-preview:large","max-video-preview":"max-video-preview:-1"},"canonical":"https:\/\/www.franz-stadlhofer.at\/shop\/produkt\/christbaumspitz\/","og_locale":"de_DE","og_type":"article","og_title":"Christbaumspitz","og_description":"Das n\u00e4chste Weihnachtsfest kommt bestimmt. Schnitzen Sie Ihren Christbaumschmuck jetzt selbst und verleihen Sie Ihrem Baum eine ganz pers\u00f6nliche Note oder bereiten Sie anderen Menschen mit diesen selbstgemachten Besonderheiten eine Freude.Auf dieser zwei 5 mm starken Lindenholzplatte sind die Bestandteile des Christbaumspitzes bereits vorgelasert. Wenn Sie mit der Bearbeitung fertig sind, k\u00f6nnen Sie diese einfach mit 3 kleinen Schnitten aus der Form herausl\u00f6sen, zusammenbauen und leimen.","og_url":"https:\/\/www.franz-stadlhofer.at\/shop\/produkt\/christbaumspitz\/","og_site_name":"Schnitzstube Stadlhofer Shop","article_modified_time":"2025-01-26T14:52:26+00:00","og_image":[{"width":945,"height":945,"url":"https:\/\/www.franz-stadlhofer.at\/shop\/wp-content\/uploads\/2021\/08\/Christbaumspitz.jpg","type":"image\/jpeg"}],"twitter_card":"summary_large_image","twitter_misc":{"Gesch\u00e4tzte Lesezeit":"1\u00a0Minute"},"schema":{"@context":"https:\/\/schema.org","@graph":[{"@type":"WebPage","@id":"https:\/\/www.franz-stadlhofer.at\/shop\/produkt\/christbaumspitz\/","url":"https:\/\/www.franz-stadlhofer.at\/shop\/produkt\/christbaumspitz\/","name":"Christbaumspitz","isPartOf":{"@id":"https:\/\/www.franz-stadlhofer.at\/shop\/#website"},"primaryImageOfPage":{"@id":"https:\/\/www.franz-stadlhofer.at\/shop\/produkt\/christbaumspitz\/#primaryimage"},"image":{"@id":"https:\/\/www.franz-stadlhofer.at\/shop\/produkt\/christbaumspitz\/#primaryimage"},"thumbnailUrl":"https:\/\/www.franz-stadlhofer.at\/shop\/wp-content\/uploads\/2021\/08\/Christbaumspitz.jpg","datePublished":"2024-04-24T16:37:10+00:00","dateModified":"2025-01-26T14:52:26+00:00","description":"Das n\u00e4chste Weihnachtsfest kommt bestimmt. Schnitzen Sie Ihren Christbaumschmuck jetzt selbst und verleihen Sie Ihrem Baum eine ganz pers\u00f6nliche Note oder bereiten Sie anderen Menschen mit diesen selbstgemachten Besonderheiten eine Freude.Auf dieser zwei 5 mm starken Lindenholzplatte sind die Bestandteile des Christbaumspitzes bereits vorgelasert. Wenn Sie mit der Bearbeitung fertig sind, k\u00f6nnen Sie diese einfach mit 3 kleinen Schnitten aus der Form herausl\u00f6sen, zusammenbauen und leimen.","breadcrumb":{"@id":"https:\/\/www.franz-stadlhofer.at\/shop\/produkt\/christbaumspitz\/#breadcrumb"},"inLanguage":"de","potentialAction":[{"@type":"ReadAction","target":["https:\/\/www.franz-stadlhofer.at\/shop\/produkt\/christbaumspitz\/"]}]},{"@type":"ImageObject","inLanguage":"de","@id":"https:\/\/www.franz-stadlhofer.at\/shop\/produkt\/christbaumspitz\/#primaryimage","url":"https:\/\/www.franz-stadlhofer.at\/shop\/wp-content\/uploads\/2021\/08\/Christbaumspitz.jpg","contentUrl":"https:\/\/www.franz-stadlhofer.at\/shop\/wp-content\/uploads\/2021\/08\/Christbaumspitz.jpg","width":945,"height":945},{"@type":"BreadcrumbList","@id":"https:\/\/www.franz-stadlhofer.at\/shop\/produkt\/christbaumspitz\/#breadcrumb","itemListElement":[{"@type":"ListItem","position":1,"name":"Startseite","item":"https:\/\/www.franz-stadlhofer.at\/shop\/"},{"@type":"ListItem","position":2,"name":"Produkte","item":"https:\/\/www.franz-stadlhofer.at\/shop\/shop\/"},{"@type":"ListItem","position":3,"name":"Christbaumspitz"}]},{"@type":"WebSite","@id":"https:\/\/www.franz-stadlhofer.at\/shop\/#website","url":"https:\/\/www.franz-stadlhofer.at\/shop\/","name":"Schnitzstube Stadlhofer Shop","description":"Holzschnitzen Onlineshop","publisher":{"@id":"https:\/\/www.franz-stadlhofer.at\/shop\/#organization"},"potentialAction":[{"@type":"SearchAction","target":{"@type":"EntryPoint","urlTemplate":"https:\/\/www.franz-stadlhofer.at\/shop\/?s={search_term_string}"},"query-input":{"@type":"PropertyValueSpecification","valueRequired":true,"valueName":"search_term_string"}}],"inLanguage":"de"},{"@type":"Organization","@id":"https:\/\/www.franz-stadlhofer.at\/shop\/#organization","name":"Schnitzstube Stadlhofer Shop","url":"https:\/\/www.franz-stadlhofer.at\/shop\/","logo":{"@type":"ImageObject","inLanguage":"de","@id":"https:\/\/www.franz-stadlhofer.at\/shop\/#\/schema\/logo\/image\/","url":"https:\/\/www.franz-stadlhofer.at\/shop\/wp-content\/uploads\/2019\/10\/LOGO-2-RETINA.png","contentUrl":"https:\/\/www.franz-stadlhofer.at\/shop\/wp-content\/uploads\/2019\/10\/LOGO-2-RETINA.png","width":471,"height":160,"caption":"Schnitzstube Stadlhofer Shop"},"image":{"@id":"https:\/\/www.franz-stadlhofer.at\/shop\/#\/schema\/logo\/image\/"}}]}},"_links":{"self":[{"href":"https:\/\/www.franz-stadlhofer.at\/shop\/wp-json\/wp\/v2\/product\/27667","targetHints":{"allow":["GET"]}}],"collection":[{"href":"https:\/\/www.franz-stadlhofer.at\/shop\/wp-json\/wp\/v2\/product"}],"about":[{"href":"https:\/\/www.franz-stadlhofer.at\/shop\/wp-json\/wp\/v2\/types\/product"}],"wp:featuredmedia":[{"embeddable":true,"href":"https:\/\/www.franz-stadlhofer.at\/shop\/wp-json\/wp\/v2\/media\/27670"}],"wp:attachment":[{"href":"https:\/\/www.franz-stadlhofer.at\/shop\/wp-json\/wp\/v2\/media?parent=27667"}],"wp:term":[{"taxonomy":"product_brand","embeddable":true,"href":"https:\/\/www.franz-stadlhofer.at\/shop\/wp-json\/wp\/v2\/product_brand?post=27667"},{"taxonomy":"product_cat","embeddable":true,"href":"https:\/\/www.franz-stadlhofer.at\/shop\/wp-json\/wp\/v2\/product_cat?post=27667"},{"taxonomy":"product_tag","embeddable":true,"href":"https:\/\/www.franz-stadlhofer.at\/shop\/wp-json\/wp\/v2\/product_tag?post=27667"}],"curies":[{"name":"wp","href":"https:\/\/api.w.org\/{rel}","templated":true}]}}