{"id":27450,"date":"2024-04-24T18:37:10","date_gmt":"2024-04-24T16:37:10","guid":{"rendered":"https:\/\/www.franz-stadlhofer.at\/shop\/?post_type=product&#038;p=27450"},"modified":"2026-02-10T20:24:37","modified_gmt":"2026-02-10T19:24:37","slug":"eierplatte","status":"publish","type":"product","link":"https:\/\/www.franz-stadlhofer.at\/shop\/produkt\/eierplatte\/","title":{"rendered":"Eierplatte"},"content":{"rendered":"<div class=\"fusion-fullwidth fullwidth-box fusion-builder-row-1 fusion-flex-container nonhundred-percent-fullwidth non-hundred-percent-height-scrolling\" style=\"--awb-border-radius-top-left:0px;--awb-border-radius-top-right:0px;--awb-border-radius-bottom-right:0px;--awb-border-radius-bottom-left:0px;--awb-flex-wrap:wrap;\" ><div class=\"fusion-builder-row fusion-row fusion-flex-align-items-flex-start fusion-flex-content-wrap\" style=\"max-width:1216.8px;margin-left: calc(-4% \/ 2 );margin-right: calc(-4% \/ 2 );\"><div class=\"fusion-layout-column fusion_builder_column fusion-builder-column-0 fusion_builder_column_1_1 1_1 fusion-flex-column\" style=\"--awb-bg-size:cover;--awb-width-large:100%;--awb-margin-top-large:0px;--awb-spacing-right-large:1.92%;--awb-margin-bottom-large:0px;--awb-spacing-left-large:1.92%;--awb-width-medium:100%;--awb-spacing-right-medium:1.92%;--awb-spacing-left-medium:1.92%;--awb-width-small:100%;--awb-spacing-right-small:1.92%;--awb-spacing-left-small:1.92%;\"><div class=\"fusion-column-wrapper fusion-flex-justify-content-flex-start fusion-content-layout-column\"><div class=\"fusion-text fusion-text-1\" style=\"--awb-text-transform:none;\"><p>Das n\u00e4chste Osterfest kommt bestimmt. Schnitzen Sie Ihren Osterschmuck jetzt selbst und verleihen Sie Ihrem Strauch oder Fenster damit eine ganz pers\u00f6nliche Note oder bereiten Sie anderen Menschen mit diesen selbstgemachten Besonderheiten eine Freude.<\/p>\n<p>Auf dieser 5 mm starken Lindenholzplatte sind jeweils 2 oder 4 Ostereier bereits vorgelasert. Wenn Sie mit der Bearbeitung eines Ei&#8217;s fertig sind, k\u00f6nnen Sie diesen einfach mit 3 kleinen Schnitten aus der Form herausl\u00f6sen.<\/p>\n<p>Anregungen, mit welchen Mustern Sie Ihre\u00a0 Eier beschnitzen k\u00f6nnen, finden Sie bald in unserem<a href=\"https:\/\/www.franz-stadlhofer.at\/shop\/produkt\/vorlagenheft-10-ostereier-a\/\" target=\"_blank\" rel=\"noopener\"> <strong>Vorlagenheften Nr. 10 &#8211; Ostereier A<\/strong><\/a><strong>. <\/strong>Darin sind 15 Eivorlagen im Ma\u00dfstab 1:1 und ein Osterk\u00f6rbchen im Ma\u00dfstab 1:2 abgebildet &#8211; sowohl als Foto als auch als Zeichnung. Sie k\u00f6nnen diese entweder abzeichnen oder mittels <a title=\"B\u00fcgelstift\" href=\"https:\/\/www.franz-stadlhofer.at\/shop\/produkt\/mini-bugeleisen\/\"><strong>B\u00fcgelstift<\/strong><\/a> aufpausen.<\/p>\n<p>Ma\u00dfe der 4er-Platte (L x B x H): 325 x 90 x 5 mm<\/p>\n<p>Ma\u00dfe der 2er-Platte (L x B x H): 170 x 90 x 5 mm<\/p>\n<p>Ma\u00dfe Osterei (L x B x H): 74 x 56 x 5 mm<\/p>\n<\/div><\/div><\/div><\/div><\/div>\n","protected":false},"excerpt":{"rendered":"","protected":false},"featured_media":27455,"template":"","meta":[],"product_brand":[],"product_cat":[759,782],"product_tag":[1334,1339,1340,1450,1516,1518],"class_list":{"0":"post-27450","1":"product","2":"type-product","3":"status-publish","4":"has-post-thumbnail","6":"product_cat-rohes-lindenholz","7":"product_cat-kleingegenstande","8":"product_tag-deko","9":"product_tag-eier","10":"product_tag-ostereier","11":"product_tag-schnitzholz","12":"product_tag-rohes-lindenholz","13":"product_tag-beschnitzbar","15":"first","16":"instock","17":"taxable","18":"shipping-taxable","19":"purchasable","20":"product-type-variable"},"barcode":null,"atum_controlled":true,"out_stock_date":null,"out_stock_threshold":null,"inheritable":true,"stock_on_hold":0,"sold_today":0,"sales_last_days":0,"reserved_stock":0,"customer_returns":0,"warehouse_damage":0,"lost_in_post":0,"other_logs":0,"out_stock_days":0,"lost_sales":0,"update_date":"2026-05-17T00:11:15","atum_locations":[],"atum_stock_status":"instock","restock_status":false,"low_stock_amount":10,"sales_update_date":"2026-05-17T00:11:15","calc_backorders":null,"yoast_head":"<!-- This site is optimized with the Yoast SEO plugin v27.5 - https:\/\/yoast.com\/product\/yoast-seo-wordpress\/ -->\n<title>Ostereier<\/title>\n<meta name=\"description\" content=\"Das n\u00e4chste Osterfest kommt bestimmt. Schnitzen Sie Ihren Osterschmuck jetzt selbst und verleihen Sie IhremStrauch oder Fenster damit eine ganz pers\u00f6nliche Note oder bereiten Sie anderen Menschen mit diesen selbstgemachten Besonderheiten eine Freude.Auf dieser 5 mm starken Lindenholzplatte sind jeweils 4 Ostereier bereits vorgelasert. Wenn Sie mit der Bearbeitung eines Osterei&#039;s fertig sind, k\u00f6nnen Sie diesen einfach mit 3 kleinen Schnitten aus der Form herausl\u00f6sen.Anregungen, mit welchen Mustern Sie Ihre\u00a0 Ostereier beschnitzen k\u00f6nnen, finden Sie in unseren bald in unserem Vorlagenheften Nr. 9. Darin sind 15 Eivorlagen im Verh\u00e4ltnis 1:1 abgebildet - sowohl als Foto als auch als Zeichnung. Sie k\u00f6nnen diese entweder abzeichnen oder mittels B\u00fcgelstift aufpausen.\" \/>\n<meta name=\"robots\" content=\"index, follow, max-snippet:-1, max-image-preview:large, max-video-preview:-1\" \/>\n<link rel=\"canonical\" href=\"https:\/\/www.franz-stadlhofer.at\/shop\/produkt\/eierplatte\/\" \/>\n<meta property=\"og:locale\" content=\"de_DE\" \/>\n<meta property=\"og:type\" content=\"article\" \/>\n<meta property=\"og:title\" content=\"Ostereier\" \/>\n<meta property=\"og:description\" content=\"Das n\u00e4chste Osterfest kommt bestimmt. Schnitzen Sie Ihren Osterschmuck jetzt selbst und verleihen Sie IhremStrauch oder Fenster damit eine ganz pers\u00f6nliche Note oder bereiten Sie anderen Menschen mit diesen selbstgemachten Besonderheiten eine Freude.Auf dieser 5 mm starken Lindenholzplatte sind jeweils 4 Ostereier bereits vorgelasert. Wenn Sie mit der Bearbeitung eines Osterei&#039;s fertig sind, k\u00f6nnen Sie diesen einfach mit 3 kleinen Schnitten aus der Form herausl\u00f6sen.Anregungen, mit welchen Mustern Sie Ihre\u00a0 Ostereier beschnitzen k\u00f6nnen, finden Sie in unseren bald in unserem Vorlagenheften Nr. 9. Darin sind 15 Eivorlagen im Verh\u00e4ltnis 1:1 abgebildet - sowohl als Foto als auch als Zeichnung. Sie k\u00f6nnen diese entweder abzeichnen oder mittels B\u00fcgelstift aufpausen.\" \/>\n<meta property=\"og:url\" content=\"https:\/\/www.franz-stadlhofer.at\/shop\/produkt\/eierplatte\/\" \/>\n<meta property=\"og:site_name\" content=\"Schnitzstube Stadlhofer Shop\" \/>\n<meta property=\"article:modified_time\" content=\"2026-02-10T19:24:37+00:00\" \/>\n<meta property=\"og:image\" content=\"https:\/\/www.franz-stadlhofer.at\/shop\/wp-content\/uploads\/2021\/06\/Ostereierplatte-4er.jpg\" \/>\n\t<meta property=\"og:image:width\" content=\"945\" \/>\n\t<meta property=\"og:image:height\" content=\"945\" \/>\n\t<meta property=\"og:image:type\" content=\"image\/jpeg\" \/>\n<meta name=\"twitter:card\" content=\"summary_large_image\" \/>\n<meta name=\"twitter:label1\" content=\"Gesch\u00e4tzte Lesezeit\" \/>\n\t<meta name=\"twitter:data1\" content=\"1\u00a0Minute\" \/>\n<script type=\"application\/ld+json\" class=\"yoast-schema-graph\">{\"@context\":\"https:\\\/\\\/schema.org\",\"@graph\":[{\"@type\":\"WebPage\",\"@id\":\"https:\\\/\\\/www.franz-stadlhofer.at\\\/shop\\\/produkt\\\/eierplatte\\\/\",\"url\":\"https:\\\/\\\/www.franz-stadlhofer.at\\\/shop\\\/produkt\\\/eierplatte\\\/\",\"name\":\"Ostereier\",\"isPartOf\":{\"@id\":\"https:\\\/\\\/www.franz-stadlhofer.at\\\/shop\\\/#website\"},\"primaryImageOfPage\":{\"@id\":\"https:\\\/\\\/www.franz-stadlhofer.at\\\/shop\\\/produkt\\\/eierplatte\\\/#primaryimage\"},\"image\":{\"@id\":\"https:\\\/\\\/www.franz-stadlhofer.at\\\/shop\\\/produkt\\\/eierplatte\\\/#primaryimage\"},\"thumbnailUrl\":\"https:\\\/\\\/www.franz-stadlhofer.at\\\/shop\\\/wp-content\\\/uploads\\\/2021\\\/06\\\/Ostereierplatte-4er.jpg\",\"datePublished\":\"2024-04-24T16:37:10+00:00\",\"dateModified\":\"2026-02-10T19:24:37+00:00\",\"description\":\"Das n\u00e4chste Osterfest kommt bestimmt. Schnitzen Sie Ihren Osterschmuck jetzt selbst und verleihen Sie IhremStrauch oder Fenster damit eine ganz pers\u00f6nliche Note oder bereiten Sie anderen Menschen mit diesen selbstgemachten Besonderheiten eine Freude.Auf dieser 5 mm starken Lindenholzplatte sind jeweils 4 Ostereier bereits vorgelasert. Wenn Sie mit der Bearbeitung eines Osterei's fertig sind, k\u00f6nnen Sie diesen einfach mit 3 kleinen Schnitten aus der Form herausl\u00f6sen.Anregungen, mit welchen Mustern Sie Ihre\u00a0 Ostereier beschnitzen k\u00f6nnen, finden Sie in unseren bald in unserem Vorlagenheften Nr. 9. Darin sind 15 Eivorlagen im Verh\u00e4ltnis 1:1 abgebildet - sowohl als Foto als auch als Zeichnung. Sie k\u00f6nnen diese entweder abzeichnen oder mittels B\u00fcgelstift aufpausen.\",\"breadcrumb\":{\"@id\":\"https:\\\/\\\/www.franz-stadlhofer.at\\\/shop\\\/produkt\\\/eierplatte\\\/#breadcrumb\"},\"inLanguage\":\"de\",\"potentialAction\":[{\"@type\":\"ReadAction\",\"target\":[\"https:\\\/\\\/www.franz-stadlhofer.at\\\/shop\\\/produkt\\\/eierplatte\\\/\"]}]},{\"@type\":\"ImageObject\",\"inLanguage\":\"de\",\"@id\":\"https:\\\/\\\/www.franz-stadlhofer.at\\\/shop\\\/produkt\\\/eierplatte\\\/#primaryimage\",\"url\":\"https:\\\/\\\/www.franz-stadlhofer.at\\\/shop\\\/wp-content\\\/uploads\\\/2021\\\/06\\\/Ostereierplatte-4er.jpg\",\"contentUrl\":\"https:\\\/\\\/www.franz-stadlhofer.at\\\/shop\\\/wp-content\\\/uploads\\\/2021\\\/06\\\/Ostereierplatte-4er.jpg\",\"width\":945,\"height\":945},{\"@type\":\"BreadcrumbList\",\"@id\":\"https:\\\/\\\/www.franz-stadlhofer.at\\\/shop\\\/produkt\\\/eierplatte\\\/#breadcrumb\",\"itemListElement\":[{\"@type\":\"ListItem\",\"position\":1,\"name\":\"Startseite\",\"item\":\"https:\\\/\\\/www.franz-stadlhofer.at\\\/shop\\\/\"},{\"@type\":\"ListItem\",\"position\":2,\"name\":\"Produkte\",\"item\":\"https:\\\/\\\/www.franz-stadlhofer.at\\\/shop\\\/shop\\\/\"},{\"@type\":\"ListItem\",\"position\":3,\"name\":\"Eierplatte\"}]},{\"@type\":\"WebSite\",\"@id\":\"https:\\\/\\\/www.franz-stadlhofer.at\\\/shop\\\/#website\",\"url\":\"https:\\\/\\\/www.franz-stadlhofer.at\\\/shop\\\/\",\"name\":\"Schnitzstube Stadlhofer Shop\",\"description\":\"Holzschnitzen Onlineshop\",\"publisher\":{\"@id\":\"https:\\\/\\\/www.franz-stadlhofer.at\\\/shop\\\/#organization\"},\"potentialAction\":[{\"@type\":\"SearchAction\",\"target\":{\"@type\":\"EntryPoint\",\"urlTemplate\":\"https:\\\/\\\/www.franz-stadlhofer.at\\\/shop\\\/?s={search_term_string}\"},\"query-input\":{\"@type\":\"PropertyValueSpecification\",\"valueRequired\":true,\"valueName\":\"search_term_string\"}}],\"inLanguage\":\"de\"},{\"@type\":\"Organization\",\"@id\":\"https:\\\/\\\/www.franz-stadlhofer.at\\\/shop\\\/#organization\",\"name\":\"Schnitzstube Stadlhofer Shop\",\"url\":\"https:\\\/\\\/www.franz-stadlhofer.at\\\/shop\\\/\",\"logo\":{\"@type\":\"ImageObject\",\"inLanguage\":\"de\",\"@id\":\"https:\\\/\\\/www.franz-stadlhofer.at\\\/shop\\\/#\\\/schema\\\/logo\\\/image\\\/\",\"url\":\"https:\\\/\\\/www.franz-stadlhofer.at\\\/shop\\\/wp-content\\\/uploads\\\/2019\\\/10\\\/LOGO-2-RETINA.png\",\"contentUrl\":\"https:\\\/\\\/www.franz-stadlhofer.at\\\/shop\\\/wp-content\\\/uploads\\\/2019\\\/10\\\/LOGO-2-RETINA.png\",\"width\":471,\"height\":160,\"caption\":\"Schnitzstube Stadlhofer Shop\"},\"image\":{\"@id\":\"https:\\\/\\\/www.franz-stadlhofer.at\\\/shop\\\/#\\\/schema\\\/logo\\\/image\\\/\"}}]}<\/script>\n<!-- \/ Yoast SEO plugin. -->","yoast_head_json":{"title":"Ostereier","description":"Das n\u00e4chste Osterfest kommt bestimmt. Schnitzen Sie Ihren Osterschmuck jetzt selbst und verleihen Sie IhremStrauch oder Fenster damit eine ganz pers\u00f6nliche Note oder bereiten Sie anderen Menschen mit diesen selbstgemachten Besonderheiten eine Freude.Auf dieser 5 mm starken Lindenholzplatte sind jeweils 4 Ostereier bereits vorgelasert. Wenn Sie mit der Bearbeitung eines Osterei's fertig sind, k\u00f6nnen Sie diesen einfach mit 3 kleinen Schnitten aus der Form herausl\u00f6sen.Anregungen, mit welchen Mustern Sie Ihre\u00a0 Ostereier beschnitzen k\u00f6nnen, finden Sie in unseren bald in unserem Vorlagenheften Nr. 9. Darin sind 15 Eivorlagen im Verh\u00e4ltnis 1:1 abgebildet - sowohl als Foto als auch als Zeichnung. Sie k\u00f6nnen diese entweder abzeichnen oder mittels B\u00fcgelstift aufpausen.","robots":{"index":"index","follow":"follow","max-snippet":"max-snippet:-1","max-image-preview":"max-image-preview:large","max-video-preview":"max-video-preview:-1"},"canonical":"https:\/\/www.franz-stadlhofer.at\/shop\/produkt\/eierplatte\/","og_locale":"de_DE","og_type":"article","og_title":"Ostereier","og_description":"Das n\u00e4chste Osterfest kommt bestimmt. Schnitzen Sie Ihren Osterschmuck jetzt selbst und verleihen Sie IhremStrauch oder Fenster damit eine ganz pers\u00f6nliche Note oder bereiten Sie anderen Menschen mit diesen selbstgemachten Besonderheiten eine Freude.Auf dieser 5 mm starken Lindenholzplatte sind jeweils 4 Ostereier bereits vorgelasert. Wenn Sie mit der Bearbeitung eines Osterei's fertig sind, k\u00f6nnen Sie diesen einfach mit 3 kleinen Schnitten aus der Form herausl\u00f6sen.Anregungen, mit welchen Mustern Sie Ihre\u00a0 Ostereier beschnitzen k\u00f6nnen, finden Sie in unseren bald in unserem Vorlagenheften Nr. 9. Darin sind 15 Eivorlagen im Verh\u00e4ltnis 1:1 abgebildet - sowohl als Foto als auch als Zeichnung. Sie k\u00f6nnen diese entweder abzeichnen oder mittels B\u00fcgelstift aufpausen.","og_url":"https:\/\/www.franz-stadlhofer.at\/shop\/produkt\/eierplatte\/","og_site_name":"Schnitzstube Stadlhofer Shop","article_modified_time":"2026-02-10T19:24:37+00:00","og_image":[{"width":945,"height":945,"url":"https:\/\/www.franz-stadlhofer.at\/shop\/wp-content\/uploads\/2021\/06\/Ostereierplatte-4er.jpg","type":"image\/jpeg"}],"twitter_card":"summary_large_image","twitter_misc":{"Gesch\u00e4tzte Lesezeit":"1\u00a0Minute"},"schema":{"@context":"https:\/\/schema.org","@graph":[{"@type":"WebPage","@id":"https:\/\/www.franz-stadlhofer.at\/shop\/produkt\/eierplatte\/","url":"https:\/\/www.franz-stadlhofer.at\/shop\/produkt\/eierplatte\/","name":"Ostereier","isPartOf":{"@id":"https:\/\/www.franz-stadlhofer.at\/shop\/#website"},"primaryImageOfPage":{"@id":"https:\/\/www.franz-stadlhofer.at\/shop\/produkt\/eierplatte\/#primaryimage"},"image":{"@id":"https:\/\/www.franz-stadlhofer.at\/shop\/produkt\/eierplatte\/#primaryimage"},"thumbnailUrl":"https:\/\/www.franz-stadlhofer.at\/shop\/wp-content\/uploads\/2021\/06\/Ostereierplatte-4er.jpg","datePublished":"2024-04-24T16:37:10+00:00","dateModified":"2026-02-10T19:24:37+00:00","description":"Das n\u00e4chste Osterfest kommt bestimmt. Schnitzen Sie Ihren Osterschmuck jetzt selbst und verleihen Sie IhremStrauch oder Fenster damit eine ganz pers\u00f6nliche Note oder bereiten Sie anderen Menschen mit diesen selbstgemachten Besonderheiten eine Freude.Auf dieser 5 mm starken Lindenholzplatte sind jeweils 4 Ostereier bereits vorgelasert. Wenn Sie mit der Bearbeitung eines Osterei's fertig sind, k\u00f6nnen Sie diesen einfach mit 3 kleinen Schnitten aus der Form herausl\u00f6sen.Anregungen, mit welchen Mustern Sie Ihre\u00a0 Ostereier beschnitzen k\u00f6nnen, finden Sie in unseren bald in unserem Vorlagenheften Nr. 9. Darin sind 15 Eivorlagen im Verh\u00e4ltnis 1:1 abgebildet - sowohl als Foto als auch als Zeichnung. Sie k\u00f6nnen diese entweder abzeichnen oder mittels B\u00fcgelstift aufpausen.","breadcrumb":{"@id":"https:\/\/www.franz-stadlhofer.at\/shop\/produkt\/eierplatte\/#breadcrumb"},"inLanguage":"de","potentialAction":[{"@type":"ReadAction","target":["https:\/\/www.franz-stadlhofer.at\/shop\/produkt\/eierplatte\/"]}]},{"@type":"ImageObject","inLanguage":"de","@id":"https:\/\/www.franz-stadlhofer.at\/shop\/produkt\/eierplatte\/#primaryimage","url":"https:\/\/www.franz-stadlhofer.at\/shop\/wp-content\/uploads\/2021\/06\/Ostereierplatte-4er.jpg","contentUrl":"https:\/\/www.franz-stadlhofer.at\/shop\/wp-content\/uploads\/2021\/06\/Ostereierplatte-4er.jpg","width":945,"height":945},{"@type":"BreadcrumbList","@id":"https:\/\/www.franz-stadlhofer.at\/shop\/produkt\/eierplatte\/#breadcrumb","itemListElement":[{"@type":"ListItem","position":1,"name":"Startseite","item":"https:\/\/www.franz-stadlhofer.at\/shop\/"},{"@type":"ListItem","position":2,"name":"Produkte","item":"https:\/\/www.franz-stadlhofer.at\/shop\/shop\/"},{"@type":"ListItem","position":3,"name":"Eierplatte"}]},{"@type":"WebSite","@id":"https:\/\/www.franz-stadlhofer.at\/shop\/#website","url":"https:\/\/www.franz-stadlhofer.at\/shop\/","name":"Schnitzstube Stadlhofer Shop","description":"Holzschnitzen Onlineshop","publisher":{"@id":"https:\/\/www.franz-stadlhofer.at\/shop\/#organization"},"potentialAction":[{"@type":"SearchAction","target":{"@type":"EntryPoint","urlTemplate":"https:\/\/www.franz-stadlhofer.at\/shop\/?s={search_term_string}"},"query-input":{"@type":"PropertyValueSpecification","valueRequired":true,"valueName":"search_term_string"}}],"inLanguage":"de"},{"@type":"Organization","@id":"https:\/\/www.franz-stadlhofer.at\/shop\/#organization","name":"Schnitzstube Stadlhofer Shop","url":"https:\/\/www.franz-stadlhofer.at\/shop\/","logo":{"@type":"ImageObject","inLanguage":"de","@id":"https:\/\/www.franz-stadlhofer.at\/shop\/#\/schema\/logo\/image\/","url":"https:\/\/www.franz-stadlhofer.at\/shop\/wp-content\/uploads\/2019\/10\/LOGO-2-RETINA.png","contentUrl":"https:\/\/www.franz-stadlhofer.at\/shop\/wp-content\/uploads\/2019\/10\/LOGO-2-RETINA.png","width":471,"height":160,"caption":"Schnitzstube Stadlhofer Shop"},"image":{"@id":"https:\/\/www.franz-stadlhofer.at\/shop\/#\/schema\/logo\/image\/"}}]}},"_links":{"self":[{"href":"https:\/\/www.franz-stadlhofer.at\/shop\/wp-json\/wp\/v2\/product\/27450","targetHints":{"allow":["GET"]}}],"collection":[{"href":"https:\/\/www.franz-stadlhofer.at\/shop\/wp-json\/wp\/v2\/product"}],"about":[{"href":"https:\/\/www.franz-stadlhofer.at\/shop\/wp-json\/wp\/v2\/types\/product"}],"wp:featuredmedia":[{"embeddable":true,"href":"https:\/\/www.franz-stadlhofer.at\/shop\/wp-json\/wp\/v2\/media\/27455"}],"wp:attachment":[{"href":"https:\/\/www.franz-stadlhofer.at\/shop\/wp-json\/wp\/v2\/media?parent=27450"}],"wp:term":[{"taxonomy":"product_brand","embeddable":true,"href":"https:\/\/www.franz-stadlhofer.at\/shop\/wp-json\/wp\/v2\/product_brand?post=27450"},{"taxonomy":"product_cat","embeddable":true,"href":"https:\/\/www.franz-stadlhofer.at\/shop\/wp-json\/wp\/v2\/product_cat?post=27450"},{"taxonomy":"product_tag","embeddable":true,"href":"https:\/\/www.franz-stadlhofer.at\/shop\/wp-json\/wp\/v2\/product_tag?post=27450"}],"curies":[{"name":"wp","href":"https:\/\/api.w.org\/{rel}","templated":true}]}}