{"id":26451,"date":"2021-03-12T16:30:35","date_gmt":"2021-03-12T15:30:35","guid":{"rendered":"https:\/\/www.franz-stadlhofer.at\/shop\/?post_type=product&#038;p=26451"},"modified":"2025-07-14T08:40:12","modified_gmt":"2025-07-14T06:40:12","slug":"zahlensatz-roemisch-weisses-oval-mit-goldrand","status":"publish","type":"product","link":"https:\/\/www.franz-stadlhofer.at\/shop\/produkt\/zahlensatz-roemisch-weisses-oval-mit-goldrand\/","title":{"rendered":"Zahlensatz r\u00f6misch wei\u00dfes Oval mit Goldrand"},"content":{"rendered":"<div class=\"fusion-fullwidth fullwidth-box fusion-builder-row-1 nonhundred-percent-fullwidth non-hundred-percent-height-scrolling\" style=\"--awb-border-radius-top-left:0px;--awb-border-radius-top-right:0px;--awb-border-radius-bottom-right:0px;--awb-border-radius-bottom-left:0px;--awb-flex-wrap:wrap;\" ><div class=\"fusion-builder-row fusion-row\"><div class=\"fusion-layout-column fusion_builder_column fusion-builder-column-0 fusion_builder_column_1_1 1_1 fusion-one-full fusion-column-first fusion-column-last\" style=\"--awb-bg-size:cover;--awb-margin-top:0px;--awb-margin-bottom:0px;\"><div class=\"fusion-column-wrapper fusion-flex-column-wrapper-legacy\"><div class=\"fusion-text fusion-text-1\"><p>Dieser r\u00f6mische Zahlensatz aus Messing verleiht Ihren Uhren eine besonders klassische Abrundung.<\/p>\n<p>Zum Finden der optimalen Position der Zahlen auf Ihrer Uhr (gleicher Abstand von der Mitte und zueinander) empfehlen wir den Einsatz einer <a title=\"Ziffernblattschablone\" href=\"https:\/\/www.franz-stadlhofer.at\/shop\/produkt\/ziffernblattschablonen\/\"><strong>Ziffernblattschablone<\/strong><\/a>.<\/p>\n<p>Gr\u00f6\u00dfe: 21 x 25 mm<\/p>\n<p><a href=\"https:\/\/www.franz-stadlhofer.at\/shop\/produkt\/set-schlingenuhr\/\" target=\"_blank\" rel=\"noopener\"><strong>Beispieluhr<\/strong><\/a><\/p>\n<\/div><div class=\"fusion-clearfix\"><\/div><\/div><\/div><\/div><\/div>\n","protected":false},"excerpt":{"rendered":"","protected":false},"featured_media":26434,"template":"","meta":[],"product_brand":[],"product_cat":[768,796,1188],"product_tag":[],"class_list":{"0":"post-26451","1":"product","2":"type-product","3":"status-publish","4":"has-post-thumbnail","6":"product_cat-uhrenbestandteile","7":"product_cat-ziffern","8":"product_cat-drum-herum","10":"first","11":"instock","12":"taxable","13":"shipping-taxable","14":"purchasable","15":"product-type-simple"},"barcode":null,"atum_controlled":true,"out_stock_date":null,"out_stock_threshold":null,"inheritable":false,"stock_on_hold":0,"sold_today":0,"sales_last_days":0,"reserved_stock":0,"customer_returns":0,"warehouse_damage":0,"lost_in_post":0,"other_logs":0,"out_stock_days":0,"lost_sales":0,"update_date":"2026-05-11T00:02:02","atum_locations":[],"atum_stock_status":"instock","restock_status":false,"low_stock_amount":"","sales_update_date":"2026-05-11T00:02:02","calc_backorders":null,"yoast_head":"<!-- This site is optimized with the Yoast SEO plugin v27.5 - https:\/\/yoast.com\/product\/yoast-seo-wordpress\/ -->\n<title>Zahlensatz, r\u00f6misch, wei\u00dfes Oval mit Goldrand<\/title>\n<meta name=\"description\" content=\"Dieser r\u00f6mische Zahlensatz aus Messing verleiht Ihren Uhren eine besonders klassische Abrundung.Zum Finden der optimalen Position der Zahlen auf Ihrer Uhr (gleicher Abstand von der Mitte und zueinander) empfehlen wir den Einsatz einer Ziffernblattschablone.Gr\u00f6\u00dfe: 21 x 25 mm\" \/>\n<meta name=\"robots\" content=\"index, follow, max-snippet:-1, max-image-preview:large, max-video-preview:-1\" \/>\n<link rel=\"canonical\" href=\"https:\/\/www.franz-stadlhofer.at\/shop\/produkt\/zahlensatz-roemisch-weisses-oval-mit-goldrand\/\" \/>\n<meta property=\"og:locale\" content=\"de_DE\" \/>\n<meta property=\"og:type\" content=\"article\" \/>\n<meta property=\"og:title\" content=\"Zahlensatz, r\u00f6misch, wei\u00dfes Oval mit Goldrand\" \/>\n<meta property=\"og:description\" content=\"Dieser r\u00f6mische Zahlensatz aus Messing verleiht Ihren Uhren eine besonders klassische Abrundung.Zum Finden der optimalen Position der Zahlen auf Ihrer Uhr (gleicher Abstand von der Mitte und zueinander) empfehlen wir den Einsatz einer Ziffernblattschablone.Gr\u00f6\u00dfe: 21 x 25 mm\" \/>\n<meta property=\"og:url\" content=\"https:\/\/www.franz-stadlhofer.at\/shop\/produkt\/zahlensatz-roemisch-weisses-oval-mit-goldrand\/\" \/>\n<meta property=\"og:site_name\" content=\"Schnitzstube Stadlhofer Shop\" \/>\n<meta property=\"article:modified_time\" content=\"2025-07-14T06:40:12+00:00\" \/>\n<meta property=\"og:image\" content=\"https:\/\/www.franz-stadlhofer.at\/shop\/wp-content\/uploads\/2021\/03\/UZ-6132-Zahlensatz-Kunststoff-weiss-oval.jpg\" \/>\n\t<meta property=\"og:image:width\" content=\"945\" \/>\n\t<meta property=\"og:image:height\" content=\"945\" \/>\n\t<meta property=\"og:image:type\" content=\"image\/jpeg\" \/>\n<meta name=\"twitter:card\" content=\"summary_large_image\" \/>\n<meta name=\"twitter:label1\" content=\"Gesch\u00e4tzte Lesezeit\" \/>\n\t<meta name=\"twitter:data1\" content=\"1\u00a0Minute\" \/>\n<script type=\"application\/ld+json\" class=\"yoast-schema-graph\">{\"@context\":\"https:\\\/\\\/schema.org\",\"@graph\":[{\"@type\":\"WebPage\",\"@id\":\"https:\\\/\\\/www.franz-stadlhofer.at\\\/shop\\\/produkt\\\/zahlensatz-roemisch-weisses-oval-mit-goldrand\\\/\",\"url\":\"https:\\\/\\\/www.franz-stadlhofer.at\\\/shop\\\/produkt\\\/zahlensatz-roemisch-weisses-oval-mit-goldrand\\\/\",\"name\":\"Zahlensatz, r\u00f6misch, wei\u00dfes Oval mit Goldrand\",\"isPartOf\":{\"@id\":\"https:\\\/\\\/www.franz-stadlhofer.at\\\/shop\\\/#website\"},\"primaryImageOfPage\":{\"@id\":\"https:\\\/\\\/www.franz-stadlhofer.at\\\/shop\\\/produkt\\\/zahlensatz-roemisch-weisses-oval-mit-goldrand\\\/#primaryimage\"},\"image\":{\"@id\":\"https:\\\/\\\/www.franz-stadlhofer.at\\\/shop\\\/produkt\\\/zahlensatz-roemisch-weisses-oval-mit-goldrand\\\/#primaryimage\"},\"thumbnailUrl\":\"https:\\\/\\\/www.franz-stadlhofer.at\\\/shop\\\/wp-content\\\/uploads\\\/2021\\\/03\\\/UZ-6132-Zahlensatz-Kunststoff-weiss-oval.jpg\",\"datePublished\":\"2021-03-12T15:30:35+00:00\",\"dateModified\":\"2025-07-14T06:40:12+00:00\",\"description\":\"Dieser r\u00f6mische Zahlensatz aus Messing verleiht Ihren Uhren eine besonders klassische Abrundung.Zum Finden der optimalen Position der Zahlen auf Ihrer Uhr (gleicher Abstand von der Mitte und zueinander) empfehlen wir den Einsatz einer Ziffernblattschablone.Gr\u00f6\u00dfe: 21 x 25 mm\",\"breadcrumb\":{\"@id\":\"https:\\\/\\\/www.franz-stadlhofer.at\\\/shop\\\/produkt\\\/zahlensatz-roemisch-weisses-oval-mit-goldrand\\\/#breadcrumb\"},\"inLanguage\":\"de\",\"potentialAction\":[{\"@type\":\"ReadAction\",\"target\":[\"https:\\\/\\\/www.franz-stadlhofer.at\\\/shop\\\/produkt\\\/zahlensatz-roemisch-weisses-oval-mit-goldrand\\\/\"]}]},{\"@type\":\"ImageObject\",\"inLanguage\":\"de\",\"@id\":\"https:\\\/\\\/www.franz-stadlhofer.at\\\/shop\\\/produkt\\\/zahlensatz-roemisch-weisses-oval-mit-goldrand\\\/#primaryimage\",\"url\":\"https:\\\/\\\/www.franz-stadlhofer.at\\\/shop\\\/wp-content\\\/uploads\\\/2021\\\/03\\\/UZ-6132-Zahlensatz-Kunststoff-weiss-oval.jpg\",\"contentUrl\":\"https:\\\/\\\/www.franz-stadlhofer.at\\\/shop\\\/wp-content\\\/uploads\\\/2021\\\/03\\\/UZ-6132-Zahlensatz-Kunststoff-weiss-oval.jpg\",\"width\":945,\"height\":945},{\"@type\":\"BreadcrumbList\",\"@id\":\"https:\\\/\\\/www.franz-stadlhofer.at\\\/shop\\\/produkt\\\/zahlensatz-roemisch-weisses-oval-mit-goldrand\\\/#breadcrumb\",\"itemListElement\":[{\"@type\":\"ListItem\",\"position\":1,\"name\":\"Startseite\",\"item\":\"https:\\\/\\\/www.franz-stadlhofer.at\\\/shop\\\/\"},{\"@type\":\"ListItem\",\"position\":2,\"name\":\"Produkte\",\"item\":\"https:\\\/\\\/www.franz-stadlhofer.at\\\/shop\\\/shop\\\/\"},{\"@type\":\"ListItem\",\"position\":3,\"name\":\"Zahlensatz r\u00f6misch wei\u00dfes Oval mit Goldrand\"}]},{\"@type\":\"WebSite\",\"@id\":\"https:\\\/\\\/www.franz-stadlhofer.at\\\/shop\\\/#website\",\"url\":\"https:\\\/\\\/www.franz-stadlhofer.at\\\/shop\\\/\",\"name\":\"Schnitzstube Stadlhofer Shop\",\"description\":\"Holzschnitzen Onlineshop\",\"publisher\":{\"@id\":\"https:\\\/\\\/www.franz-stadlhofer.at\\\/shop\\\/#organization\"},\"potentialAction\":[{\"@type\":\"SearchAction\",\"target\":{\"@type\":\"EntryPoint\",\"urlTemplate\":\"https:\\\/\\\/www.franz-stadlhofer.at\\\/shop\\\/?s={search_term_string}\"},\"query-input\":{\"@type\":\"PropertyValueSpecification\",\"valueRequired\":true,\"valueName\":\"search_term_string\"}}],\"inLanguage\":\"de\"},{\"@type\":\"Organization\",\"@id\":\"https:\\\/\\\/www.franz-stadlhofer.at\\\/shop\\\/#organization\",\"name\":\"Schnitzstube Stadlhofer Shop\",\"url\":\"https:\\\/\\\/www.franz-stadlhofer.at\\\/shop\\\/\",\"logo\":{\"@type\":\"ImageObject\",\"inLanguage\":\"de\",\"@id\":\"https:\\\/\\\/www.franz-stadlhofer.at\\\/shop\\\/#\\\/schema\\\/logo\\\/image\\\/\",\"url\":\"https:\\\/\\\/www.franz-stadlhofer.at\\\/shop\\\/wp-content\\\/uploads\\\/2019\\\/10\\\/LOGO-2-RETINA.png\",\"contentUrl\":\"https:\\\/\\\/www.franz-stadlhofer.at\\\/shop\\\/wp-content\\\/uploads\\\/2019\\\/10\\\/LOGO-2-RETINA.png\",\"width\":471,\"height\":160,\"caption\":\"Schnitzstube Stadlhofer Shop\"},\"image\":{\"@id\":\"https:\\\/\\\/www.franz-stadlhofer.at\\\/shop\\\/#\\\/schema\\\/logo\\\/image\\\/\"}}]}<\/script>\n<!-- \/ Yoast SEO plugin. -->","yoast_head_json":{"title":"Zahlensatz, r\u00f6misch, wei\u00dfes Oval mit Goldrand","description":"Dieser r\u00f6mische Zahlensatz aus Messing verleiht Ihren Uhren eine besonders klassische Abrundung.Zum Finden der optimalen Position der Zahlen auf Ihrer Uhr (gleicher Abstand von der Mitte und zueinander) empfehlen wir den Einsatz einer Ziffernblattschablone.Gr\u00f6\u00dfe: 21 x 25 mm","robots":{"index":"index","follow":"follow","max-snippet":"max-snippet:-1","max-image-preview":"max-image-preview:large","max-video-preview":"max-video-preview:-1"},"canonical":"https:\/\/www.franz-stadlhofer.at\/shop\/produkt\/zahlensatz-roemisch-weisses-oval-mit-goldrand\/","og_locale":"de_DE","og_type":"article","og_title":"Zahlensatz, r\u00f6misch, wei\u00dfes Oval mit Goldrand","og_description":"Dieser r\u00f6mische Zahlensatz aus Messing verleiht Ihren Uhren eine besonders klassische Abrundung.Zum Finden der optimalen Position der Zahlen auf Ihrer Uhr (gleicher Abstand von der Mitte und zueinander) empfehlen wir den Einsatz einer Ziffernblattschablone.Gr\u00f6\u00dfe: 21 x 25 mm","og_url":"https:\/\/www.franz-stadlhofer.at\/shop\/produkt\/zahlensatz-roemisch-weisses-oval-mit-goldrand\/","og_site_name":"Schnitzstube Stadlhofer Shop","article_modified_time":"2025-07-14T06:40:12+00:00","og_image":[{"width":945,"height":945,"url":"https:\/\/www.franz-stadlhofer.at\/shop\/wp-content\/uploads\/2021\/03\/UZ-6132-Zahlensatz-Kunststoff-weiss-oval.jpg","type":"image\/jpeg"}],"twitter_card":"summary_large_image","twitter_misc":{"Gesch\u00e4tzte Lesezeit":"1\u00a0Minute"},"schema":{"@context":"https:\/\/schema.org","@graph":[{"@type":"WebPage","@id":"https:\/\/www.franz-stadlhofer.at\/shop\/produkt\/zahlensatz-roemisch-weisses-oval-mit-goldrand\/","url":"https:\/\/www.franz-stadlhofer.at\/shop\/produkt\/zahlensatz-roemisch-weisses-oval-mit-goldrand\/","name":"Zahlensatz, r\u00f6misch, wei\u00dfes Oval mit Goldrand","isPartOf":{"@id":"https:\/\/www.franz-stadlhofer.at\/shop\/#website"},"primaryImageOfPage":{"@id":"https:\/\/www.franz-stadlhofer.at\/shop\/produkt\/zahlensatz-roemisch-weisses-oval-mit-goldrand\/#primaryimage"},"image":{"@id":"https:\/\/www.franz-stadlhofer.at\/shop\/produkt\/zahlensatz-roemisch-weisses-oval-mit-goldrand\/#primaryimage"},"thumbnailUrl":"https:\/\/www.franz-stadlhofer.at\/shop\/wp-content\/uploads\/2021\/03\/UZ-6132-Zahlensatz-Kunststoff-weiss-oval.jpg","datePublished":"2021-03-12T15:30:35+00:00","dateModified":"2025-07-14T06:40:12+00:00","description":"Dieser r\u00f6mische Zahlensatz aus Messing verleiht Ihren Uhren eine besonders klassische Abrundung.Zum Finden der optimalen Position der Zahlen auf Ihrer Uhr (gleicher Abstand von der Mitte und zueinander) empfehlen wir den Einsatz einer Ziffernblattschablone.Gr\u00f6\u00dfe: 21 x 25 mm","breadcrumb":{"@id":"https:\/\/www.franz-stadlhofer.at\/shop\/produkt\/zahlensatz-roemisch-weisses-oval-mit-goldrand\/#breadcrumb"},"inLanguage":"de","potentialAction":[{"@type":"ReadAction","target":["https:\/\/www.franz-stadlhofer.at\/shop\/produkt\/zahlensatz-roemisch-weisses-oval-mit-goldrand\/"]}]},{"@type":"ImageObject","inLanguage":"de","@id":"https:\/\/www.franz-stadlhofer.at\/shop\/produkt\/zahlensatz-roemisch-weisses-oval-mit-goldrand\/#primaryimage","url":"https:\/\/www.franz-stadlhofer.at\/shop\/wp-content\/uploads\/2021\/03\/UZ-6132-Zahlensatz-Kunststoff-weiss-oval.jpg","contentUrl":"https:\/\/www.franz-stadlhofer.at\/shop\/wp-content\/uploads\/2021\/03\/UZ-6132-Zahlensatz-Kunststoff-weiss-oval.jpg","width":945,"height":945},{"@type":"BreadcrumbList","@id":"https:\/\/www.franz-stadlhofer.at\/shop\/produkt\/zahlensatz-roemisch-weisses-oval-mit-goldrand\/#breadcrumb","itemListElement":[{"@type":"ListItem","position":1,"name":"Startseite","item":"https:\/\/www.franz-stadlhofer.at\/shop\/"},{"@type":"ListItem","position":2,"name":"Produkte","item":"https:\/\/www.franz-stadlhofer.at\/shop\/shop\/"},{"@type":"ListItem","position":3,"name":"Zahlensatz r\u00f6misch wei\u00dfes Oval mit Goldrand"}]},{"@type":"WebSite","@id":"https:\/\/www.franz-stadlhofer.at\/shop\/#website","url":"https:\/\/www.franz-stadlhofer.at\/shop\/","name":"Schnitzstube Stadlhofer Shop","description":"Holzschnitzen Onlineshop","publisher":{"@id":"https:\/\/www.franz-stadlhofer.at\/shop\/#organization"},"potentialAction":[{"@type":"SearchAction","target":{"@type":"EntryPoint","urlTemplate":"https:\/\/www.franz-stadlhofer.at\/shop\/?s={search_term_string}"},"query-input":{"@type":"PropertyValueSpecification","valueRequired":true,"valueName":"search_term_string"}}],"inLanguage":"de"},{"@type":"Organization","@id":"https:\/\/www.franz-stadlhofer.at\/shop\/#organization","name":"Schnitzstube Stadlhofer Shop","url":"https:\/\/www.franz-stadlhofer.at\/shop\/","logo":{"@type":"ImageObject","inLanguage":"de","@id":"https:\/\/www.franz-stadlhofer.at\/shop\/#\/schema\/logo\/image\/","url":"https:\/\/www.franz-stadlhofer.at\/shop\/wp-content\/uploads\/2019\/10\/LOGO-2-RETINA.png","contentUrl":"https:\/\/www.franz-stadlhofer.at\/shop\/wp-content\/uploads\/2019\/10\/LOGO-2-RETINA.png","width":471,"height":160,"caption":"Schnitzstube Stadlhofer Shop"},"image":{"@id":"https:\/\/www.franz-stadlhofer.at\/shop\/#\/schema\/logo\/image\/"}}]}},"_links":{"self":[{"href":"https:\/\/www.franz-stadlhofer.at\/shop\/wp-json\/wp\/v2\/product\/26451","targetHints":{"allow":["GET"]}}],"collection":[{"href":"https:\/\/www.franz-stadlhofer.at\/shop\/wp-json\/wp\/v2\/product"}],"about":[{"href":"https:\/\/www.franz-stadlhofer.at\/shop\/wp-json\/wp\/v2\/types\/product"}],"wp:featuredmedia":[{"embeddable":true,"href":"https:\/\/www.franz-stadlhofer.at\/shop\/wp-json\/wp\/v2\/media\/26434"}],"wp:attachment":[{"href":"https:\/\/www.franz-stadlhofer.at\/shop\/wp-json\/wp\/v2\/media?parent=26451"}],"wp:term":[{"taxonomy":"product_brand","embeddable":true,"href":"https:\/\/www.franz-stadlhofer.at\/shop\/wp-json\/wp\/v2\/product_brand?post=26451"},{"taxonomy":"product_cat","embeddable":true,"href":"https:\/\/www.franz-stadlhofer.at\/shop\/wp-json\/wp\/v2\/product_cat?post=26451"},{"taxonomy":"product_tag","embeddable":true,"href":"https:\/\/www.franz-stadlhofer.at\/shop\/wp-json\/wp\/v2\/product_tag?post=26451"}],"curies":[{"name":"wp","href":"https:\/\/api.w.org\/{rel}","templated":true}]}}