{"id":26393,"date":"2024-04-24T18:37:10","date_gmt":"2024-04-24T16:37:10","guid":{"rendered":"https:\/\/www.franz-stadlhofer.at\/shop\/?post_type=product&#038;p=26393"},"modified":"2024-04-24T23:34:42","modified_gmt":"2024-04-24T21:34:42","slug":"taschentuecherbox-zum-haengen","status":"publish","type":"product","link":"https:\/\/www.franz-stadlhofer.at\/shop\/produkt\/taschentuecherbox-zum-haengen\/","title":{"rendered":"Taschent\u00fccherbox zum H\u00e4ngen"},"content":{"rendered":"<div class=\"fusion-fullwidth fullwidth-box fusion-builder-row-1 nonhundred-percent-fullwidth non-hundred-percent-height-scrolling\" style=\"--awb-border-radius-top-left:0px;--awb-border-radius-top-right:0px;--awb-border-radius-bottom-right:0px;--awb-border-radius-bottom-left:0px;--awb-flex-wrap:wrap;\" ><div class=\"fusion-builder-row fusion-row\"><div class=\"fusion-layout-column fusion_builder_column fusion-builder-column-0 fusion_builder_column_1_1 1_1 fusion-one-full fusion-column-first fusion-column-last\" style=\"--awb-bg-size:cover;--awb-margin-top:0px;--awb-margin-bottom:0px;\"><div class=\"fusion-column-wrapper fusion-flex-column-wrapper-legacy\"><div class=\"fusion-text fusion-text-1\"><p>Endlich gibt es eine Box, in der die gro\u00dfen Taschent\u00fccherboxen jetzt auch platzsparend an der Wand befestigt werden k\u00f6nnen, bestehend aus einer Box und einer Grundplatte. Besonders praktisch sind diese z.B. \u00fcber\/neben dem Bett oder im Bad f\u00fcr Kosmetikt\u00fccher. Somit verstellt sie nicht den begrenzten Platz z.B. am Nachtkasterl. Wahlweise kann sie waagrecht oder senkrecht montiert werden.<\/p>\n<p>F\u00fcr alle, die gleich ein Komplett-Set (inkl. Scharniere, Verschl\u00fcsse, Aufh\u00e4nger und Vorlage) wollen, liegen mit unserem dekorativen <a href=\"https:\/\/www.franz-stadlhofer.at\/shop\/produkt\/set-taschentuecherbox-zum-haengen\/\" target=\"_blank\" rel=\"noopener\"><strong>Set<\/strong><\/a> mit Sternen und Quadraten ganz richtig. Wer sich das Zubeh\u00f6r gerne selbst aussucht, wird in unserem <strong><a href=\"https:\/\/www.franz-stadlhofer.at\/shop\/produkt-kategorie\/drum-herum\/kleinteilsortiment\/\" target=\"_blank\" rel=\"noopener\">Kleinteilsortiment<\/a><\/strong> f\u00fcndig.<\/p>\n<p>Ma\u00dfe (L x B x H): Box inkl. Platte 34 x 18 x 8 cm<\/p>\n<p><!--more--><\/p>\n<\/div><div class=\"fusion-clearfix\"><\/div><\/div><\/div><\/div><\/div>\n","protected":false},"excerpt":{"rendered":"<p>Endlich gibt es eine Box, in der die gro\u00dfen Taschent\u00fccherboxen jetzt auch platzsparend an der Wand befestigt werden k\u00f6nnen, bestehend aus einer Box und einer Grundplatte. Besonders praktisch sind diese z.B. \u00fcber\/neben dem Bett oder  [&#8230;]<\/p>\n","protected":false},"featured_media":26391,"template":"","meta":[],"product_brand":[],"product_cat":[759,782],"product_tag":[1610,1347,1348,1349,1350,1450,1516,1518,1536],"class_list":{"0":"post-26393","1":"product","2":"type-product","3":"status-publish","4":"has-post-thumbnail","6":"product_cat-rohes-lindenholz","7":"product_cat-kleingegenstande","8":"product_tag-zum-haengen","9":"product_tag-taschentuch","10":"product_tag-taschentuchbox","11":"product_tag-taschentuecher","12":"product_tag-taschentuecherbox","13":"product_tag-schnitzholz","14":"product_tag-rohes-lindenholz","15":"product_tag-beschnitzbar","16":"product_tag-rechteckig","18":"first","19":"instock","20":"taxable","21":"shipping-taxable","22":"purchasable","23":"product-type-simple"},"barcode":null,"atum_controlled":true,"out_stock_date":null,"out_stock_threshold":null,"inheritable":false,"stock_on_hold":0,"sold_today":0,"sales_last_days":0,"reserved_stock":0,"customer_returns":0,"warehouse_damage":0,"lost_in_post":0,"other_logs":0,"out_stock_days":0,"lost_sales":0,"update_date":"2026-04-21T00:14:13","atum_locations":[],"atum_stock_status":"instock","restock_status":false,"low_stock_amount":"","sales_update_date":"2026-04-21T00:14:13","calc_backorders":null,"yoast_head":"<!-- This site is optimized with the Yoast SEO plugin v27.4 - https:\/\/yoast.com\/product\/yoast-seo-wordpress\/ -->\n<title>Taschent\u00fccherbox zum H\u00e4ngen<\/title>\n<meta name=\"description\" content=\"Endlich gibt es eine Box, in der die gro\u00dfen Taschent\u00fccherboxen jetzt auch platzsparend an der Wand befestigt werden k\u00f6nnen. Besonders praktisch z.B. \u00fcber\/neben dem Bett oder im Bad f\u00fcr Kosmetikt\u00fccher. Somit verstellen sie nicht den begrenzten Platz z.B. am Nachtkasterl. Wahlweise kann sie waagrecht oder senkrecht montiert werden.\" \/>\n<meta name=\"robots\" content=\"index, follow, max-snippet:-1, max-image-preview:large, max-video-preview:-1\" \/>\n<link rel=\"canonical\" href=\"https:\/\/www.franz-stadlhofer.at\/shop\/produkt\/taschentuecherbox-zum-haengen\/\" \/>\n<meta property=\"og:locale\" content=\"de_DE\" \/>\n<meta property=\"og:type\" content=\"article\" \/>\n<meta property=\"og:title\" content=\"Taschent\u00fccherbox zum H\u00e4ngen\" \/>\n<meta property=\"og:description\" content=\"Endlich gibt es eine Box, in der die gro\u00dfen Taschent\u00fccherboxen jetzt auch platzsparend an der Wand befestigt werden k\u00f6nnen. Besonders praktisch z.B. \u00fcber\/neben dem Bett oder im Bad f\u00fcr Kosmetikt\u00fccher. Somit verstellen sie nicht den begrenzten Platz z.B. am Nachtkasterl. Wahlweise kann sie waagrecht oder senkrecht montiert werden.\" \/>\n<meta property=\"og:url\" content=\"https:\/\/www.franz-stadlhofer.at\/shop\/produkt\/taschentuecherbox-zum-haengen\/\" \/>\n<meta property=\"og:site_name\" content=\"Schnitzstube Stadlhofer Shop\" \/>\n<meta property=\"article:modified_time\" content=\"2024-04-24T21:34:42+00:00\" \/>\n<meta property=\"og:image\" content=\"https:\/\/www.franz-stadlhofer.at\/shop\/wp-content\/uploads\/2021\/03\/Taschentuecherbox-zum-Haengen.jpg\" \/>\n\t<meta property=\"og:image:width\" content=\"986\" \/>\n\t<meta property=\"og:image:height\" content=\"985\" \/>\n\t<meta property=\"og:image:type\" content=\"image\/jpeg\" \/>\n<meta name=\"twitter:card\" content=\"summary_large_image\" \/>\n<meta name=\"twitter:label1\" content=\"Gesch\u00e4tzte Lesezeit\" \/>\n\t<meta name=\"twitter:data1\" content=\"1\u00a0Minute\" \/>\n<script type=\"application\/ld+json\" class=\"yoast-schema-graph\">{\"@context\":\"https:\\\/\\\/schema.org\",\"@graph\":[{\"@type\":\"WebPage\",\"@id\":\"https:\\\/\\\/www.franz-stadlhofer.at\\\/shop\\\/produkt\\\/taschentuecherbox-zum-haengen\\\/\",\"url\":\"https:\\\/\\\/www.franz-stadlhofer.at\\\/shop\\\/produkt\\\/taschentuecherbox-zum-haengen\\\/\",\"name\":\"Taschent\u00fccherbox zum H\u00e4ngen\",\"isPartOf\":{\"@id\":\"https:\\\/\\\/www.franz-stadlhofer.at\\\/shop\\\/#website\"},\"primaryImageOfPage\":{\"@id\":\"https:\\\/\\\/www.franz-stadlhofer.at\\\/shop\\\/produkt\\\/taschentuecherbox-zum-haengen\\\/#primaryimage\"},\"image\":{\"@id\":\"https:\\\/\\\/www.franz-stadlhofer.at\\\/shop\\\/produkt\\\/taschentuecherbox-zum-haengen\\\/#primaryimage\"},\"thumbnailUrl\":\"https:\\\/\\\/www.franz-stadlhofer.at\\\/shop\\\/wp-content\\\/uploads\\\/2021\\\/03\\\/Taschentuecherbox-zum-Haengen.jpg\",\"datePublished\":\"2024-04-24T16:37:10+00:00\",\"dateModified\":\"2024-04-24T21:34:42+00:00\",\"description\":\"Endlich gibt es eine Box, in der die gro\u00dfen Taschent\u00fccherboxen jetzt auch platzsparend an der Wand befestigt werden k\u00f6nnen. Besonders praktisch z.B. \u00fcber\\\/neben dem Bett oder im Bad f\u00fcr Kosmetikt\u00fccher. Somit verstellen sie nicht den begrenzten Platz z.B. am Nachtkasterl. Wahlweise kann sie waagrecht oder senkrecht montiert werden.\",\"breadcrumb\":{\"@id\":\"https:\\\/\\\/www.franz-stadlhofer.at\\\/shop\\\/produkt\\\/taschentuecherbox-zum-haengen\\\/#breadcrumb\"},\"inLanguage\":\"de\",\"potentialAction\":[{\"@type\":\"ReadAction\",\"target\":[\"https:\\\/\\\/www.franz-stadlhofer.at\\\/shop\\\/produkt\\\/taschentuecherbox-zum-haengen\\\/\"]}]},{\"@type\":\"ImageObject\",\"inLanguage\":\"de\",\"@id\":\"https:\\\/\\\/www.franz-stadlhofer.at\\\/shop\\\/produkt\\\/taschentuecherbox-zum-haengen\\\/#primaryimage\",\"url\":\"https:\\\/\\\/www.franz-stadlhofer.at\\\/shop\\\/wp-content\\\/uploads\\\/2021\\\/03\\\/Taschentuecherbox-zum-Haengen.jpg\",\"contentUrl\":\"https:\\\/\\\/www.franz-stadlhofer.at\\\/shop\\\/wp-content\\\/uploads\\\/2021\\\/03\\\/Taschentuecherbox-zum-Haengen.jpg\",\"width\":986,\"height\":985,\"caption\":\"Lindenholz, Taschent\u00fccherbox zum H\u00e4ngen - Schnitzstube Stadlhofer\"},{\"@type\":\"BreadcrumbList\",\"@id\":\"https:\\\/\\\/www.franz-stadlhofer.at\\\/shop\\\/produkt\\\/taschentuecherbox-zum-haengen\\\/#breadcrumb\",\"itemListElement\":[{\"@type\":\"ListItem\",\"position\":1,\"name\":\"Startseite\",\"item\":\"https:\\\/\\\/www.franz-stadlhofer.at\\\/shop\\\/\"},{\"@type\":\"ListItem\",\"position\":2,\"name\":\"Produkte\",\"item\":\"https:\\\/\\\/www.franz-stadlhofer.at\\\/shop\\\/shop\\\/\"},{\"@type\":\"ListItem\",\"position\":3,\"name\":\"Taschent\u00fccherbox zum H\u00e4ngen\"}]},{\"@type\":\"WebSite\",\"@id\":\"https:\\\/\\\/www.franz-stadlhofer.at\\\/shop\\\/#website\",\"url\":\"https:\\\/\\\/www.franz-stadlhofer.at\\\/shop\\\/\",\"name\":\"Schnitzstube Stadlhofer Shop\",\"description\":\"Holzschnitzen Onlineshop\",\"publisher\":{\"@id\":\"https:\\\/\\\/www.franz-stadlhofer.at\\\/shop\\\/#organization\"},\"potentialAction\":[{\"@type\":\"SearchAction\",\"target\":{\"@type\":\"EntryPoint\",\"urlTemplate\":\"https:\\\/\\\/www.franz-stadlhofer.at\\\/shop\\\/?s={search_term_string}\"},\"query-input\":{\"@type\":\"PropertyValueSpecification\",\"valueRequired\":true,\"valueName\":\"search_term_string\"}}],\"inLanguage\":\"de\"},{\"@type\":\"Organization\",\"@id\":\"https:\\\/\\\/www.franz-stadlhofer.at\\\/shop\\\/#organization\",\"name\":\"Schnitzstube Stadlhofer Shop\",\"url\":\"https:\\\/\\\/www.franz-stadlhofer.at\\\/shop\\\/\",\"logo\":{\"@type\":\"ImageObject\",\"inLanguage\":\"de\",\"@id\":\"https:\\\/\\\/www.franz-stadlhofer.at\\\/shop\\\/#\\\/schema\\\/logo\\\/image\\\/\",\"url\":\"https:\\\/\\\/www.franz-stadlhofer.at\\\/shop\\\/wp-content\\\/uploads\\\/2019\\\/10\\\/LOGO-2-RETINA.png\",\"contentUrl\":\"https:\\\/\\\/www.franz-stadlhofer.at\\\/shop\\\/wp-content\\\/uploads\\\/2019\\\/10\\\/LOGO-2-RETINA.png\",\"width\":471,\"height\":160,\"caption\":\"Schnitzstube Stadlhofer Shop\"},\"image\":{\"@id\":\"https:\\\/\\\/www.franz-stadlhofer.at\\\/shop\\\/#\\\/schema\\\/logo\\\/image\\\/\"}}]}<\/script>\n<!-- \/ Yoast SEO plugin. -->","yoast_head_json":{"title":"Taschent\u00fccherbox zum H\u00e4ngen","description":"Endlich gibt es eine Box, in der die gro\u00dfen Taschent\u00fccherboxen jetzt auch platzsparend an der Wand befestigt werden k\u00f6nnen. Besonders praktisch z.B. \u00fcber\/neben dem Bett oder im Bad f\u00fcr Kosmetikt\u00fccher. Somit verstellen sie nicht den begrenzten Platz z.B. am Nachtkasterl. Wahlweise kann sie waagrecht oder senkrecht montiert werden.","robots":{"index":"index","follow":"follow","max-snippet":"max-snippet:-1","max-image-preview":"max-image-preview:large","max-video-preview":"max-video-preview:-1"},"canonical":"https:\/\/www.franz-stadlhofer.at\/shop\/produkt\/taschentuecherbox-zum-haengen\/","og_locale":"de_DE","og_type":"article","og_title":"Taschent\u00fccherbox zum H\u00e4ngen","og_description":"Endlich gibt es eine Box, in der die gro\u00dfen Taschent\u00fccherboxen jetzt auch platzsparend an der Wand befestigt werden k\u00f6nnen. Besonders praktisch z.B. \u00fcber\/neben dem Bett oder im Bad f\u00fcr Kosmetikt\u00fccher. Somit verstellen sie nicht den begrenzten Platz z.B. am Nachtkasterl. Wahlweise kann sie waagrecht oder senkrecht montiert werden.","og_url":"https:\/\/www.franz-stadlhofer.at\/shop\/produkt\/taschentuecherbox-zum-haengen\/","og_site_name":"Schnitzstube Stadlhofer Shop","article_modified_time":"2024-04-24T21:34:42+00:00","og_image":[{"width":986,"height":985,"url":"https:\/\/www.franz-stadlhofer.at\/shop\/wp-content\/uploads\/2021\/03\/Taschentuecherbox-zum-Haengen.jpg","type":"image\/jpeg"}],"twitter_card":"summary_large_image","twitter_misc":{"Gesch\u00e4tzte Lesezeit":"1\u00a0Minute"},"schema":{"@context":"https:\/\/schema.org","@graph":[{"@type":"WebPage","@id":"https:\/\/www.franz-stadlhofer.at\/shop\/produkt\/taschentuecherbox-zum-haengen\/","url":"https:\/\/www.franz-stadlhofer.at\/shop\/produkt\/taschentuecherbox-zum-haengen\/","name":"Taschent\u00fccherbox zum H\u00e4ngen","isPartOf":{"@id":"https:\/\/www.franz-stadlhofer.at\/shop\/#website"},"primaryImageOfPage":{"@id":"https:\/\/www.franz-stadlhofer.at\/shop\/produkt\/taschentuecherbox-zum-haengen\/#primaryimage"},"image":{"@id":"https:\/\/www.franz-stadlhofer.at\/shop\/produkt\/taschentuecherbox-zum-haengen\/#primaryimage"},"thumbnailUrl":"https:\/\/www.franz-stadlhofer.at\/shop\/wp-content\/uploads\/2021\/03\/Taschentuecherbox-zum-Haengen.jpg","datePublished":"2024-04-24T16:37:10+00:00","dateModified":"2024-04-24T21:34:42+00:00","description":"Endlich gibt es eine Box, in der die gro\u00dfen Taschent\u00fccherboxen jetzt auch platzsparend an der Wand befestigt werden k\u00f6nnen. Besonders praktisch z.B. \u00fcber\/neben dem Bett oder im Bad f\u00fcr Kosmetikt\u00fccher. Somit verstellen sie nicht den begrenzten Platz z.B. am Nachtkasterl. Wahlweise kann sie waagrecht oder senkrecht montiert werden.","breadcrumb":{"@id":"https:\/\/www.franz-stadlhofer.at\/shop\/produkt\/taschentuecherbox-zum-haengen\/#breadcrumb"},"inLanguage":"de","potentialAction":[{"@type":"ReadAction","target":["https:\/\/www.franz-stadlhofer.at\/shop\/produkt\/taschentuecherbox-zum-haengen\/"]}]},{"@type":"ImageObject","inLanguage":"de","@id":"https:\/\/www.franz-stadlhofer.at\/shop\/produkt\/taschentuecherbox-zum-haengen\/#primaryimage","url":"https:\/\/www.franz-stadlhofer.at\/shop\/wp-content\/uploads\/2021\/03\/Taschentuecherbox-zum-Haengen.jpg","contentUrl":"https:\/\/www.franz-stadlhofer.at\/shop\/wp-content\/uploads\/2021\/03\/Taschentuecherbox-zum-Haengen.jpg","width":986,"height":985,"caption":"Lindenholz, Taschent\u00fccherbox zum H\u00e4ngen - Schnitzstube Stadlhofer"},{"@type":"BreadcrumbList","@id":"https:\/\/www.franz-stadlhofer.at\/shop\/produkt\/taschentuecherbox-zum-haengen\/#breadcrumb","itemListElement":[{"@type":"ListItem","position":1,"name":"Startseite","item":"https:\/\/www.franz-stadlhofer.at\/shop\/"},{"@type":"ListItem","position":2,"name":"Produkte","item":"https:\/\/www.franz-stadlhofer.at\/shop\/shop\/"},{"@type":"ListItem","position":3,"name":"Taschent\u00fccherbox zum H\u00e4ngen"}]},{"@type":"WebSite","@id":"https:\/\/www.franz-stadlhofer.at\/shop\/#website","url":"https:\/\/www.franz-stadlhofer.at\/shop\/","name":"Schnitzstube Stadlhofer Shop","description":"Holzschnitzen Onlineshop","publisher":{"@id":"https:\/\/www.franz-stadlhofer.at\/shop\/#organization"},"potentialAction":[{"@type":"SearchAction","target":{"@type":"EntryPoint","urlTemplate":"https:\/\/www.franz-stadlhofer.at\/shop\/?s={search_term_string}"},"query-input":{"@type":"PropertyValueSpecification","valueRequired":true,"valueName":"search_term_string"}}],"inLanguage":"de"},{"@type":"Organization","@id":"https:\/\/www.franz-stadlhofer.at\/shop\/#organization","name":"Schnitzstube Stadlhofer Shop","url":"https:\/\/www.franz-stadlhofer.at\/shop\/","logo":{"@type":"ImageObject","inLanguage":"de","@id":"https:\/\/www.franz-stadlhofer.at\/shop\/#\/schema\/logo\/image\/","url":"https:\/\/www.franz-stadlhofer.at\/shop\/wp-content\/uploads\/2019\/10\/LOGO-2-RETINA.png","contentUrl":"https:\/\/www.franz-stadlhofer.at\/shop\/wp-content\/uploads\/2019\/10\/LOGO-2-RETINA.png","width":471,"height":160,"caption":"Schnitzstube Stadlhofer Shop"},"image":{"@id":"https:\/\/www.franz-stadlhofer.at\/shop\/#\/schema\/logo\/image\/"}}]}},"_links":{"self":[{"href":"https:\/\/www.franz-stadlhofer.at\/shop\/wp-json\/wp\/v2\/product\/26393","targetHints":{"allow":["GET"]}}],"collection":[{"href":"https:\/\/www.franz-stadlhofer.at\/shop\/wp-json\/wp\/v2\/product"}],"about":[{"href":"https:\/\/www.franz-stadlhofer.at\/shop\/wp-json\/wp\/v2\/types\/product"}],"wp:featuredmedia":[{"embeddable":true,"href":"https:\/\/www.franz-stadlhofer.at\/shop\/wp-json\/wp\/v2\/media\/26391"}],"wp:attachment":[{"href":"https:\/\/www.franz-stadlhofer.at\/shop\/wp-json\/wp\/v2\/media?parent=26393"}],"wp:term":[{"taxonomy":"product_brand","embeddable":true,"href":"https:\/\/www.franz-stadlhofer.at\/shop\/wp-json\/wp\/v2\/product_brand?post=26393"},{"taxonomy":"product_cat","embeddable":true,"href":"https:\/\/www.franz-stadlhofer.at\/shop\/wp-json\/wp\/v2\/product_cat?post=26393"},{"taxonomy":"product_tag","embeddable":true,"href":"https:\/\/www.franz-stadlhofer.at\/shop\/wp-json\/wp\/v2\/product_tag?post=26393"}],"curies":[{"name":"wp","href":"https:\/\/api.w.org\/{rel}","templated":true}]}}