{"id":25852,"date":"2021-01-22T10:21:50","date_gmt":"2021-01-22T09:21:50","guid":{"rendered":"https:\/\/www.franz-stadlhofer.at\/shop\/?post_type=product&#038;p=25852"},"modified":"2025-11-12T14:19:42","modified_gmt":"2025-11-12T13:19:42","slug":"vorlagenheft-8-geschnitzte-uhren","status":"publish","type":"product","link":"https:\/\/www.franz-stadlhofer.at\/shop\/produkt\/vorlagenheft-8-geschnitzte-uhren\/","title":{"rendered":"Vorlagenheft 8 &#8211; Geschnitzte Uhren"},"content":{"rendered":"<div class=\"fusion-fullwidth fullwidth-box fusion-builder-row-1 nonhundred-percent-fullwidth non-hundred-percent-height-scrolling\" style=\"--awb-border-radius-top-left:0px;--awb-border-radius-top-right:0px;--awb-border-radius-bottom-right:0px;--awb-border-radius-bottom-left:0px;--awb-flex-wrap:wrap;\" ><div class=\"fusion-builder-row fusion-row\"><div class=\"fusion-layout-column fusion_builder_column fusion-builder-column-0 fusion_builder_column_1_1 1_1 fusion-one-full fusion-column-first fusion-column-last\" style=\"--awb-bg-size:cover;--awb-margin-top:0px;--awb-margin-bottom:0px;\"><div class=\"fusion-column-wrapper fusion-flex-column-wrapper-legacy\"><div class=\"fusion-text fusion-text-1\"><p><strong>In diesem Heft dreht sich alles ums Thema \u201cGeschnitze Uhren\u201d<\/strong>.<\/p>\n<p>Eine bunte Zusammenstellung aus allen Techniken<strong>\u00a0(Kerb-, Flach- und Reliefschnitt)<\/strong>, in allen Schwierigkeitesgraden (<strong>vom Anf\u00e4nger bis zum Profi<\/strong>) und sehr\u00a0<strong>vielen Muster-Stilen<\/strong>\u00a0haben wir in diesem Heft auf 36 Seiten zusammengefasst.<br \/>\nDabei sind wie immer ein\u00a0<strong>Detailfoto<\/strong>\u00a0sowie die dazugeh\u00f6rige\u00a0<strong>Vorlagenzeichnung<\/strong>\u00a0abgebildet. Diese lassen sich durch Anpassungen beim Kopieren in die jeweils gew\u00fcnschte Gr\u00f6\u00dfe richten.<br \/>\nF\u00fcr alle, denen nicht das passende Material zur Verf\u00fcgung steht, haben wir f\u00fcr alle\u00a0<strong>17 Uhren<\/strong> ein passendes Material Set zusammengestellt, das man auch in unserem Web-Shop erstehen kann.<\/p>\n<p><a href=\"https:\/\/www.franz-stadlhofer.at\/shop\/?s=uhren+set&amp;post_type=product&amp;type_aws=true\" target=\"_blank\" rel=\"noopener\"><strong>Weiter zu den Uhrensets<\/strong><\/a><\/p>\n<\/div><div class=\"fusion-clearfix\"><\/div><\/div><\/div><\/div><\/div>\n","protected":false},"excerpt":{"rendered":"","protected":false},"featured_media":24658,"template":"","meta":[],"product_brand":[],"product_cat":[773,1188],"product_tag":[955,991,1001,1002,1003],"class_list":{"0":"post-25852","1":"product","2":"type-product","3":"status-publish","4":"has-post-thumbnail","6":"product_cat-lesen-lernen","7":"product_cat-drum-herum","8":"product_tag-uhren","9":"product_tag-sterne","10":"product_tag-heft","11":"product_tag-muster","12":"product_tag-vorlagen","14":"first","15":"instock","16":"taxable","17":"shipping-taxable","18":"purchasable","19":"product-type-simple"},"barcode":null,"atum_controlled":true,"out_stock_date":null,"out_stock_threshold":null,"inheritable":false,"stock_on_hold":0,"sold_today":0,"sales_last_days":0,"reserved_stock":0,"customer_returns":0,"warehouse_damage":0,"lost_in_post":0,"other_logs":0,"out_stock_days":0,"lost_sales":0,"update_date":"2026-04-16T00:02:12","atum_locations":[],"atum_stock_status":"instock","restock_status":false,"low_stock_amount":"","sales_update_date":"2026-04-16T00:02:12","calc_backorders":null,"yoast_head":"<!-- This site is optimized with the Yoast SEO plugin v27.3 - https:\/\/yoast.com\/product\/yoast-seo-wordpress\/ -->\n<title>Vorlagenheft 8 - Geschnitzte Uhren<\/title>\n<meta name=\"description\" content=\"In diesem Heft dreht sich alles ums Thema \u201cGeschnitze Uhren\u201d.Eine bunte Zusammenstellung aus allen Techniken\u00a0(Kerb-, Flach- und Reliefschnitt), in allen Schwierigkeitesgraden (vom Anf\u00e4nger bis zum Profi) und sehr\u00a0vielen Muster-Stilen\u00a0haben wir in diesem Heft auf 36 Seiten zusammengefasst.\" \/>\n<meta name=\"robots\" content=\"index, follow, max-snippet:-1, max-image-preview:large, max-video-preview:-1\" \/>\n<link rel=\"canonical\" href=\"https:\/\/www.franz-stadlhofer.at\/shop\/produkt\/vorlagenheft-8-geschnitzte-uhren\/\" \/>\n<meta property=\"og:locale\" content=\"de_DE\" \/>\n<meta property=\"og:type\" content=\"article\" \/>\n<meta property=\"og:title\" content=\"Vorlagenheft 8 - Geschnitzte Uhren\" \/>\n<meta property=\"og:description\" content=\"In diesem Heft dreht sich alles ums Thema \u201cGeschnitze Uhren\u201d.Eine bunte Zusammenstellung aus allen Techniken\u00a0(Kerb-, Flach- und Reliefschnitt), in allen Schwierigkeitesgraden (vom Anf\u00e4nger bis zum Profi) und sehr\u00a0vielen Muster-Stilen\u00a0haben wir in diesem Heft auf 36 Seiten zusammengefasst.\" \/>\n<meta property=\"og:url\" content=\"https:\/\/www.franz-stadlhofer.at\/shop\/produkt\/vorlagenheft-8-geschnitzte-uhren\/\" \/>\n<meta property=\"og:site_name\" content=\"Schnitzstube Stadlhofer Shop\" \/>\n<meta property=\"article:modified_time\" content=\"2025-11-12T13:19:42+00:00\" \/>\n<meta property=\"og:image\" content=\"https:\/\/www.franz-stadlhofer.at\/shop\/wp-content\/uploads\/2020\/12\/Heft-8-Geschnitzte-Uhren.jpg\" \/>\n\t<meta property=\"og:image:width\" content=\"945\" \/>\n\t<meta property=\"og:image:height\" content=\"945\" \/>\n\t<meta property=\"og:image:type\" content=\"image\/jpeg\" \/>\n<meta name=\"twitter:card\" content=\"summary_large_image\" \/>\n<meta name=\"twitter:label1\" content=\"Gesch\u00e4tzte Lesezeit\" \/>\n\t<meta name=\"twitter:data1\" content=\"1\u00a0Minute\" \/>\n<script type=\"application\/ld+json\" class=\"yoast-schema-graph\">{\"@context\":\"https:\\\/\\\/schema.org\",\"@graph\":[{\"@type\":\"WebPage\",\"@id\":\"https:\\\/\\\/www.franz-stadlhofer.at\\\/shop\\\/produkt\\\/vorlagenheft-8-geschnitzte-uhren\\\/\",\"url\":\"https:\\\/\\\/www.franz-stadlhofer.at\\\/shop\\\/produkt\\\/vorlagenheft-8-geschnitzte-uhren\\\/\",\"name\":\"Vorlagenheft 8 - Geschnitzte Uhren\",\"isPartOf\":{\"@id\":\"https:\\\/\\\/www.franz-stadlhofer.at\\\/shop\\\/#website\"},\"primaryImageOfPage\":{\"@id\":\"https:\\\/\\\/www.franz-stadlhofer.at\\\/shop\\\/produkt\\\/vorlagenheft-8-geschnitzte-uhren\\\/#primaryimage\"},\"image\":{\"@id\":\"https:\\\/\\\/www.franz-stadlhofer.at\\\/shop\\\/produkt\\\/vorlagenheft-8-geschnitzte-uhren\\\/#primaryimage\"},\"thumbnailUrl\":\"https:\\\/\\\/www.franz-stadlhofer.at\\\/shop\\\/wp-content\\\/uploads\\\/2020\\\/12\\\/Heft-8-Geschnitzte-Uhren.jpg\",\"datePublished\":\"2021-01-22T09:21:50+00:00\",\"dateModified\":\"2025-11-12T13:19:42+00:00\",\"description\":\"In diesem Heft dreht sich alles ums Thema \u201cGeschnitze Uhren\u201d.Eine bunte Zusammenstellung aus allen Techniken\u00a0(Kerb-, Flach- und Reliefschnitt), in allen Schwierigkeitesgraden (vom Anf\u00e4nger bis zum Profi) und sehr\u00a0vielen Muster-Stilen\u00a0haben wir in diesem Heft auf 36 Seiten zusammengefasst.\",\"breadcrumb\":{\"@id\":\"https:\\\/\\\/www.franz-stadlhofer.at\\\/shop\\\/produkt\\\/vorlagenheft-8-geschnitzte-uhren\\\/#breadcrumb\"},\"inLanguage\":\"de\",\"potentialAction\":[{\"@type\":\"ReadAction\",\"target\":[\"https:\\\/\\\/www.franz-stadlhofer.at\\\/shop\\\/produkt\\\/vorlagenheft-8-geschnitzte-uhren\\\/\"]}]},{\"@type\":\"ImageObject\",\"inLanguage\":\"de\",\"@id\":\"https:\\\/\\\/www.franz-stadlhofer.at\\\/shop\\\/produkt\\\/vorlagenheft-8-geschnitzte-uhren\\\/#primaryimage\",\"url\":\"https:\\\/\\\/www.franz-stadlhofer.at\\\/shop\\\/wp-content\\\/uploads\\\/2020\\\/12\\\/Heft-8-Geschnitzte-Uhren.jpg\",\"contentUrl\":\"https:\\\/\\\/www.franz-stadlhofer.at\\\/shop\\\/wp-content\\\/uploads\\\/2020\\\/12\\\/Heft-8-Geschnitzte-Uhren.jpg\",\"width\":945,\"height\":945,\"caption\":\"Vorlagenheft 8 Geschnitzte Uhren - Schnitzstube Stadlhofer\"},{\"@type\":\"BreadcrumbList\",\"@id\":\"https:\\\/\\\/www.franz-stadlhofer.at\\\/shop\\\/produkt\\\/vorlagenheft-8-geschnitzte-uhren\\\/#breadcrumb\",\"itemListElement\":[{\"@type\":\"ListItem\",\"position\":1,\"name\":\"Startseite\",\"item\":\"https:\\\/\\\/www.franz-stadlhofer.at\\\/shop\\\/\"},{\"@type\":\"ListItem\",\"position\":2,\"name\":\"Produkte\",\"item\":\"https:\\\/\\\/www.franz-stadlhofer.at\\\/shop\\\/shop\\\/\"},{\"@type\":\"ListItem\",\"position\":3,\"name\":\"Vorlagenheft 8 &#8211; Geschnitzte Uhren\"}]},{\"@type\":\"WebSite\",\"@id\":\"https:\\\/\\\/www.franz-stadlhofer.at\\\/shop\\\/#website\",\"url\":\"https:\\\/\\\/www.franz-stadlhofer.at\\\/shop\\\/\",\"name\":\"Schnitzstube Stadlhofer Shop\",\"description\":\"Holzschnitzen Onlineshop\",\"publisher\":{\"@id\":\"https:\\\/\\\/www.franz-stadlhofer.at\\\/shop\\\/#organization\"},\"potentialAction\":[{\"@type\":\"SearchAction\",\"target\":{\"@type\":\"EntryPoint\",\"urlTemplate\":\"https:\\\/\\\/www.franz-stadlhofer.at\\\/shop\\\/?s={search_term_string}\"},\"query-input\":{\"@type\":\"PropertyValueSpecification\",\"valueRequired\":true,\"valueName\":\"search_term_string\"}}],\"inLanguage\":\"de\"},{\"@type\":\"Organization\",\"@id\":\"https:\\\/\\\/www.franz-stadlhofer.at\\\/shop\\\/#organization\",\"name\":\"Schnitzstube Stadlhofer Shop\",\"url\":\"https:\\\/\\\/www.franz-stadlhofer.at\\\/shop\\\/\",\"logo\":{\"@type\":\"ImageObject\",\"inLanguage\":\"de\",\"@id\":\"https:\\\/\\\/www.franz-stadlhofer.at\\\/shop\\\/#\\\/schema\\\/logo\\\/image\\\/\",\"url\":\"https:\\\/\\\/www.franz-stadlhofer.at\\\/shop\\\/wp-content\\\/uploads\\\/2019\\\/10\\\/LOGO-2-RETINA.png\",\"contentUrl\":\"https:\\\/\\\/www.franz-stadlhofer.at\\\/shop\\\/wp-content\\\/uploads\\\/2019\\\/10\\\/LOGO-2-RETINA.png\",\"width\":471,\"height\":160,\"caption\":\"Schnitzstube Stadlhofer Shop\"},\"image\":{\"@id\":\"https:\\\/\\\/www.franz-stadlhofer.at\\\/shop\\\/#\\\/schema\\\/logo\\\/image\\\/\"}}]}<\/script>\n<!-- \/ Yoast SEO plugin. -->","yoast_head_json":{"title":"Vorlagenheft 8 - Geschnitzte Uhren","description":"In diesem Heft dreht sich alles ums Thema \u201cGeschnitze Uhren\u201d.Eine bunte Zusammenstellung aus allen Techniken\u00a0(Kerb-, Flach- und Reliefschnitt), in allen Schwierigkeitesgraden (vom Anf\u00e4nger bis zum Profi) und sehr\u00a0vielen Muster-Stilen\u00a0haben wir in diesem Heft auf 36 Seiten zusammengefasst.","robots":{"index":"index","follow":"follow","max-snippet":"max-snippet:-1","max-image-preview":"max-image-preview:large","max-video-preview":"max-video-preview:-1"},"canonical":"https:\/\/www.franz-stadlhofer.at\/shop\/produkt\/vorlagenheft-8-geschnitzte-uhren\/","og_locale":"de_DE","og_type":"article","og_title":"Vorlagenheft 8 - Geschnitzte Uhren","og_description":"In diesem Heft dreht sich alles ums Thema \u201cGeschnitze Uhren\u201d.Eine bunte Zusammenstellung aus allen Techniken\u00a0(Kerb-, Flach- und Reliefschnitt), in allen Schwierigkeitesgraden (vom Anf\u00e4nger bis zum Profi) und sehr\u00a0vielen Muster-Stilen\u00a0haben wir in diesem Heft auf 36 Seiten zusammengefasst.","og_url":"https:\/\/www.franz-stadlhofer.at\/shop\/produkt\/vorlagenheft-8-geschnitzte-uhren\/","og_site_name":"Schnitzstube Stadlhofer Shop","article_modified_time":"2025-11-12T13:19:42+00:00","og_image":[{"width":945,"height":945,"url":"https:\/\/www.franz-stadlhofer.at\/shop\/wp-content\/uploads\/2020\/12\/Heft-8-Geschnitzte-Uhren.jpg","type":"image\/jpeg"}],"twitter_card":"summary_large_image","twitter_misc":{"Gesch\u00e4tzte Lesezeit":"1\u00a0Minute"},"schema":{"@context":"https:\/\/schema.org","@graph":[{"@type":"WebPage","@id":"https:\/\/www.franz-stadlhofer.at\/shop\/produkt\/vorlagenheft-8-geschnitzte-uhren\/","url":"https:\/\/www.franz-stadlhofer.at\/shop\/produkt\/vorlagenheft-8-geschnitzte-uhren\/","name":"Vorlagenheft 8 - Geschnitzte Uhren","isPartOf":{"@id":"https:\/\/www.franz-stadlhofer.at\/shop\/#website"},"primaryImageOfPage":{"@id":"https:\/\/www.franz-stadlhofer.at\/shop\/produkt\/vorlagenheft-8-geschnitzte-uhren\/#primaryimage"},"image":{"@id":"https:\/\/www.franz-stadlhofer.at\/shop\/produkt\/vorlagenheft-8-geschnitzte-uhren\/#primaryimage"},"thumbnailUrl":"https:\/\/www.franz-stadlhofer.at\/shop\/wp-content\/uploads\/2020\/12\/Heft-8-Geschnitzte-Uhren.jpg","datePublished":"2021-01-22T09:21:50+00:00","dateModified":"2025-11-12T13:19:42+00:00","description":"In diesem Heft dreht sich alles ums Thema \u201cGeschnitze Uhren\u201d.Eine bunte Zusammenstellung aus allen Techniken\u00a0(Kerb-, Flach- und Reliefschnitt), in allen Schwierigkeitesgraden (vom Anf\u00e4nger bis zum Profi) und sehr\u00a0vielen Muster-Stilen\u00a0haben wir in diesem Heft auf 36 Seiten zusammengefasst.","breadcrumb":{"@id":"https:\/\/www.franz-stadlhofer.at\/shop\/produkt\/vorlagenheft-8-geschnitzte-uhren\/#breadcrumb"},"inLanguage":"de","potentialAction":[{"@type":"ReadAction","target":["https:\/\/www.franz-stadlhofer.at\/shop\/produkt\/vorlagenheft-8-geschnitzte-uhren\/"]}]},{"@type":"ImageObject","inLanguage":"de","@id":"https:\/\/www.franz-stadlhofer.at\/shop\/produkt\/vorlagenheft-8-geschnitzte-uhren\/#primaryimage","url":"https:\/\/www.franz-stadlhofer.at\/shop\/wp-content\/uploads\/2020\/12\/Heft-8-Geschnitzte-Uhren.jpg","contentUrl":"https:\/\/www.franz-stadlhofer.at\/shop\/wp-content\/uploads\/2020\/12\/Heft-8-Geschnitzte-Uhren.jpg","width":945,"height":945,"caption":"Vorlagenheft 8 Geschnitzte Uhren - Schnitzstube Stadlhofer"},{"@type":"BreadcrumbList","@id":"https:\/\/www.franz-stadlhofer.at\/shop\/produkt\/vorlagenheft-8-geschnitzte-uhren\/#breadcrumb","itemListElement":[{"@type":"ListItem","position":1,"name":"Startseite","item":"https:\/\/www.franz-stadlhofer.at\/shop\/"},{"@type":"ListItem","position":2,"name":"Produkte","item":"https:\/\/www.franz-stadlhofer.at\/shop\/shop\/"},{"@type":"ListItem","position":3,"name":"Vorlagenheft 8 &#8211; Geschnitzte Uhren"}]},{"@type":"WebSite","@id":"https:\/\/www.franz-stadlhofer.at\/shop\/#website","url":"https:\/\/www.franz-stadlhofer.at\/shop\/","name":"Schnitzstube Stadlhofer Shop","description":"Holzschnitzen Onlineshop","publisher":{"@id":"https:\/\/www.franz-stadlhofer.at\/shop\/#organization"},"potentialAction":[{"@type":"SearchAction","target":{"@type":"EntryPoint","urlTemplate":"https:\/\/www.franz-stadlhofer.at\/shop\/?s={search_term_string}"},"query-input":{"@type":"PropertyValueSpecification","valueRequired":true,"valueName":"search_term_string"}}],"inLanguage":"de"},{"@type":"Organization","@id":"https:\/\/www.franz-stadlhofer.at\/shop\/#organization","name":"Schnitzstube Stadlhofer Shop","url":"https:\/\/www.franz-stadlhofer.at\/shop\/","logo":{"@type":"ImageObject","inLanguage":"de","@id":"https:\/\/www.franz-stadlhofer.at\/shop\/#\/schema\/logo\/image\/","url":"https:\/\/www.franz-stadlhofer.at\/shop\/wp-content\/uploads\/2019\/10\/LOGO-2-RETINA.png","contentUrl":"https:\/\/www.franz-stadlhofer.at\/shop\/wp-content\/uploads\/2019\/10\/LOGO-2-RETINA.png","width":471,"height":160,"caption":"Schnitzstube Stadlhofer Shop"},"image":{"@id":"https:\/\/www.franz-stadlhofer.at\/shop\/#\/schema\/logo\/image\/"}}]}},"_links":{"self":[{"href":"https:\/\/www.franz-stadlhofer.at\/shop\/wp-json\/wp\/v2\/product\/25852","targetHints":{"allow":["GET"]}}],"collection":[{"href":"https:\/\/www.franz-stadlhofer.at\/shop\/wp-json\/wp\/v2\/product"}],"about":[{"href":"https:\/\/www.franz-stadlhofer.at\/shop\/wp-json\/wp\/v2\/types\/product"}],"wp:featuredmedia":[{"embeddable":true,"href":"https:\/\/www.franz-stadlhofer.at\/shop\/wp-json\/wp\/v2\/media\/24658"}],"wp:attachment":[{"href":"https:\/\/www.franz-stadlhofer.at\/shop\/wp-json\/wp\/v2\/media?parent=25852"}],"wp:term":[{"taxonomy":"product_brand","embeddable":true,"href":"https:\/\/www.franz-stadlhofer.at\/shop\/wp-json\/wp\/v2\/product_brand?post=25852"},{"taxonomy":"product_cat","embeddable":true,"href":"https:\/\/www.franz-stadlhofer.at\/shop\/wp-json\/wp\/v2\/product_cat?post=25852"},{"taxonomy":"product_tag","embeddable":true,"href":"https:\/\/www.franz-stadlhofer.at\/shop\/wp-json\/wp\/v2\/product_tag?post=25852"}],"curies":[{"name":"wp","href":"https:\/\/api.w.org\/{rel}","templated":true}]}}