{"id":25843,"date":"2021-01-22T10:20:12","date_gmt":"2021-01-22T09:20:12","guid":{"rendered":"https:\/\/www.franz-stadlhofer.at\/shop\/?post_type=product&#038;p=25843"},"modified":"2026-02-19T09:44:22","modified_gmt":"2026-02-19T08:44:22","slug":"vorlagenheft-4-uebungsheft-kerbschnitt-i","status":"publish","type":"product","link":"https:\/\/www.franz-stadlhofer.at\/shop\/produkt\/vorlagenheft-4-uebungsheft-kerbschnitt-i\/","title":{"rendered":"Vorlagenheft 4 &#8211; \u00dcbungsheft Kerbschnitt I"},"content":{"rendered":"<div class=\"fusion-fullwidth fullwidth-box fusion-builder-row-1 nonhundred-percent-fullwidth non-hundred-percent-height-scrolling\" style=\"--awb-border-radius-top-left:0px;--awb-border-radius-top-right:0px;--awb-border-radius-bottom-right:0px;--awb-border-radius-bottom-left:0px;--awb-flex-wrap:wrap;\" ><div class=\"fusion-builder-row fusion-row\"><div class=\"fusion-layout-column fusion_builder_column fusion-builder-column-0 fusion_builder_column_1_1 1_1 fusion-one-full fusion-column-first fusion-column-last\" style=\"--awb-bg-size:cover;--awb-margin-top:0px;--awb-margin-bottom:0px;\"><div class=\"fusion-column-wrapper fusion-flex-column-wrapper-legacy\"><div class=\"fusion-text fusion-text-1\"><h4 class=\"fusion-responsive-typography-calculated\" data-fontsize=\"26\" data-lineheight=\"28.6px\"><strong>Ein ideales \u00dcbungsheft f\u00fcr alle Kerbschnitzer, vor allem f\u00fcr Anf\u00e4nger!<\/strong><\/h4>\n<div class=\"fusion-text fusion-text-3\">\n<p>2001 erschien die erste Auflage des Buches\u00a0<b>\u201eOrnamentales Schnitzen\u201c<\/b>\u00a0\u2013 ein Musterbuch von Franz Stadlhofer, Franz Leeb &amp; Josef Mader. Darin fanden sich neben zahlreichen Kerbschnitt-Bandmustern auch eine gro\u00dfe Auswahl an Reliefschnitzereien.<\/p>\n<\/div>\n<div class=\"fusion-text fusion-text-4\">\n<p>Nach der vierten Auflage beschlossen der Verlag und Franz Stadlhofer keine weitere mehr zu produzieren.\u00a0 Au\u00dfer im Antiquariat ist dieses Buch somit nicht mehr erh\u00e4ltlich.<\/p>\n<\/div>\n<div class=\"fusion-text fusion-text-5\">\n<p>Damit jedoch all die Muster und Anschauungsbeispiele nicht verloren gehen, arbeiten wir den gesamten Inhalt des Buches neu in unseren Vorlagenheften auf.<\/p>\n<div class=\"fusion-text fusion-text-6\">\n<p>Je nach Schwierigkeitsgrad \u2013 vom Anf\u00e4nger bis zum Fortgeschrittenen, vom Kerbschnitt bis zum Reliefschnitt \u2013 erscheinen die jeweiligen Hefte. Dabei ist uns auch wichtig, die Inhalte des Buches weiter zu optimieren: so haben wir die konstruierten\u00a0<b>Zeichnungen direkt den geschnitzten Mustern gegen\u00fcbergestellt<\/b>\u00a0und auch m\u00f6glichst viele konkrete \u2013 auch neue \u2013 Anschauungsbeispiele dazugef\u00fcgt.<\/p>\n<\/div>\n<div class=\"fusion-text fusion-text-7\">\n<p>Das erste Heft soll vor allem den Kerbschnitt-Anf\u00e4ngern dienen, das im Kurs Erlernte weiter zu festigen und zu vertiefen.<\/p>\n<p>Um das Nacharbeiten zu erleichtern, haben wir die Artikelnummern des passenden Rohmaterials bei den jeweiligen Werkst\u00fccken erg\u00e4nzt. Dieses ist direkt bei uns im Kurs, im Shop erh\u00e4ltlich.<\/p>\n<p>32 Seiten<\/p>\n<\/div>\n<\/div>\n<\/div><div class=\"fusion-clearfix\"><\/div><\/div><\/div><\/div><\/div>\n","protected":false},"excerpt":{"rendered":"","protected":false},"featured_media":22415,"template":"","meta":[],"product_brand":[],"product_cat":[773,1188],"product_tag":[955,991,1001,1002,1003],"class_list":{"0":"post-25843","1":"product","2":"type-product","3":"status-publish","4":"has-post-thumbnail","6":"product_cat-lesen-lernen","7":"product_cat-drum-herum","8":"product_tag-uhren","9":"product_tag-sterne","10":"product_tag-heft","11":"product_tag-muster","12":"product_tag-vorlagen","14":"first","15":"instock","16":"taxable","17":"shipping-taxable","18":"purchasable","19":"product-type-simple"},"barcode":null,"atum_controlled":true,"out_stock_date":null,"out_stock_threshold":null,"inheritable":false,"stock_on_hold":0,"sold_today":0,"sales_last_days":0,"reserved_stock":0,"customer_returns":0,"warehouse_damage":0,"lost_in_post":0,"other_logs":0,"out_stock_days":0,"lost_sales":0,"update_date":"2026-04-14T00:09:40","atum_locations":[],"atum_stock_status":"instock","restock_status":false,"low_stock_amount":"","sales_update_date":"2026-04-14T00:09:40","calc_backorders":null,"yoast_head":"<!-- This site is optimized with the Yoast SEO plugin v27.3 - https:\/\/yoast.com\/product\/yoast-seo-wordpress\/ -->\n<title>Vorlagenheft 4 - \u00dcbungsheft Kerbschnitt I<\/title>\n<meta name=\"description\" content=\"Ein ideales \u00dcbungsheft f\u00fcr alle Kerbschnitzer, vor allem f\u00fcr Anf\u00e4nger! Um das Nacharbeiten zu erleichtern, haben wir die Artikelnummern des passenden Rohmaterials bei den jeweiligen Werkst\u00fccken erg\u00e4nzt. Dieses ist direkt bei uns im Kurs, im Shop erh\u00e4ltlich.\" \/>\n<meta name=\"robots\" content=\"index, follow, max-snippet:-1, max-image-preview:large, max-video-preview:-1\" \/>\n<link rel=\"canonical\" href=\"https:\/\/www.franz-stadlhofer.at\/shop\/produkt\/vorlagenheft-4-uebungsheft-kerbschnitt-i\/\" \/>\n<meta property=\"og:locale\" content=\"de_DE\" \/>\n<meta property=\"og:type\" content=\"article\" \/>\n<meta property=\"og:title\" content=\"Vorlagenheft 4 - \u00dcbungsheft Kerbschnitt I\" \/>\n<meta property=\"og:description\" content=\"Ein ideales \u00dcbungsheft f\u00fcr alle Kerbschnitzer, vor allem f\u00fcr Anf\u00e4nger! Um das Nacharbeiten zu erleichtern, haben wir die Artikelnummern des passenden Rohmaterials bei den jeweiligen Werkst\u00fccken erg\u00e4nzt. Dieses ist direkt bei uns im Kurs, im Shop erh\u00e4ltlich.\" \/>\n<meta property=\"og:url\" content=\"https:\/\/www.franz-stadlhofer.at\/shop\/produkt\/vorlagenheft-4-uebungsheft-kerbschnitt-i\/\" \/>\n<meta property=\"og:site_name\" content=\"Schnitzstube Stadlhofer Shop\" \/>\n<meta property=\"article:modified_time\" content=\"2026-02-19T08:44:22+00:00\" \/>\n<meta property=\"og:image\" content=\"https:\/\/www.franz-stadlhofer.at\/shop\/wp-content\/uploads\/2017\/09\/products-Heft_4_-_Ubungsheft_I.jpg\" \/>\n\t<meta property=\"og:image:width\" content=\"591\" \/>\n\t<meta property=\"og:image:height\" content=\"591\" \/>\n\t<meta property=\"og:image:type\" content=\"image\/jpeg\" \/>\n<meta name=\"twitter:card\" content=\"summary_large_image\" \/>\n<meta name=\"twitter:label1\" content=\"Gesch\u00e4tzte Lesezeit\" \/>\n\t<meta name=\"twitter:data1\" content=\"2\u00a0Minuten\" \/>\n<script type=\"application\/ld+json\" class=\"yoast-schema-graph\">{\"@context\":\"https:\\\/\\\/schema.org\",\"@graph\":[{\"@type\":\"WebPage\",\"@id\":\"https:\\\/\\\/www.franz-stadlhofer.at\\\/shop\\\/produkt\\\/vorlagenheft-4-uebungsheft-kerbschnitt-i\\\/\",\"url\":\"https:\\\/\\\/www.franz-stadlhofer.at\\\/shop\\\/produkt\\\/vorlagenheft-4-uebungsheft-kerbschnitt-i\\\/\",\"name\":\"Vorlagenheft 4 - \u00dcbungsheft Kerbschnitt I\",\"isPartOf\":{\"@id\":\"https:\\\/\\\/www.franz-stadlhofer.at\\\/shop\\\/#website\"},\"primaryImageOfPage\":{\"@id\":\"https:\\\/\\\/www.franz-stadlhofer.at\\\/shop\\\/produkt\\\/vorlagenheft-4-uebungsheft-kerbschnitt-i\\\/#primaryimage\"},\"image\":{\"@id\":\"https:\\\/\\\/www.franz-stadlhofer.at\\\/shop\\\/produkt\\\/vorlagenheft-4-uebungsheft-kerbschnitt-i\\\/#primaryimage\"},\"thumbnailUrl\":\"https:\\\/\\\/www.franz-stadlhofer.at\\\/shop\\\/wp-content\\\/uploads\\\/2017\\\/09\\\/products-Heft_4_-_Ubungsheft_I.jpg\",\"datePublished\":\"2021-01-22T09:20:12+00:00\",\"dateModified\":\"2026-02-19T08:44:22+00:00\",\"description\":\"Ein ideales \u00dcbungsheft f\u00fcr alle Kerbschnitzer, vor allem f\u00fcr Anf\u00e4nger! Um das Nacharbeiten zu erleichtern, haben wir die Artikelnummern des passenden Rohmaterials bei den jeweiligen Werkst\u00fccken erg\u00e4nzt. Dieses ist direkt bei uns im Kurs, im Shop erh\u00e4ltlich.\",\"breadcrumb\":{\"@id\":\"https:\\\/\\\/www.franz-stadlhofer.at\\\/shop\\\/produkt\\\/vorlagenheft-4-uebungsheft-kerbschnitt-i\\\/#breadcrumb\"},\"inLanguage\":\"de\",\"potentialAction\":[{\"@type\":\"ReadAction\",\"target\":[\"https:\\\/\\\/www.franz-stadlhofer.at\\\/shop\\\/produkt\\\/vorlagenheft-4-uebungsheft-kerbschnitt-i\\\/\"]}]},{\"@type\":\"ImageObject\",\"inLanguage\":\"de\",\"@id\":\"https:\\\/\\\/www.franz-stadlhofer.at\\\/shop\\\/produkt\\\/vorlagenheft-4-uebungsheft-kerbschnitt-i\\\/#primaryimage\",\"url\":\"https:\\\/\\\/www.franz-stadlhofer.at\\\/shop\\\/wp-content\\\/uploads\\\/2017\\\/09\\\/products-Heft_4_-_Ubungsheft_I.jpg\",\"contentUrl\":\"https:\\\/\\\/www.franz-stadlhofer.at\\\/shop\\\/wp-content\\\/uploads\\\/2017\\\/09\\\/products-Heft_4_-_Ubungsheft_I.jpg\",\"width\":\"591\",\"height\":\"591\",\"caption\":\"Vorlagenhefte - Schnitzstube Stadlhofer Shop\"},{\"@type\":\"BreadcrumbList\",\"@id\":\"https:\\\/\\\/www.franz-stadlhofer.at\\\/shop\\\/produkt\\\/vorlagenheft-4-uebungsheft-kerbschnitt-i\\\/#breadcrumb\",\"itemListElement\":[{\"@type\":\"ListItem\",\"position\":1,\"name\":\"Startseite\",\"item\":\"https:\\\/\\\/www.franz-stadlhofer.at\\\/shop\\\/\"},{\"@type\":\"ListItem\",\"position\":2,\"name\":\"Produkte\",\"item\":\"https:\\\/\\\/www.franz-stadlhofer.at\\\/shop\\\/shop\\\/\"},{\"@type\":\"ListItem\",\"position\":3,\"name\":\"Vorlagenheft 4 &#8211; \u00dcbungsheft Kerbschnitt I\"}]},{\"@type\":\"WebSite\",\"@id\":\"https:\\\/\\\/www.franz-stadlhofer.at\\\/shop\\\/#website\",\"url\":\"https:\\\/\\\/www.franz-stadlhofer.at\\\/shop\\\/\",\"name\":\"Schnitzstube Stadlhofer Shop\",\"description\":\"Holzschnitzen Onlineshop\",\"publisher\":{\"@id\":\"https:\\\/\\\/www.franz-stadlhofer.at\\\/shop\\\/#organization\"},\"potentialAction\":[{\"@type\":\"SearchAction\",\"target\":{\"@type\":\"EntryPoint\",\"urlTemplate\":\"https:\\\/\\\/www.franz-stadlhofer.at\\\/shop\\\/?s={search_term_string}\"},\"query-input\":{\"@type\":\"PropertyValueSpecification\",\"valueRequired\":true,\"valueName\":\"search_term_string\"}}],\"inLanguage\":\"de\"},{\"@type\":\"Organization\",\"@id\":\"https:\\\/\\\/www.franz-stadlhofer.at\\\/shop\\\/#organization\",\"name\":\"Schnitzstube Stadlhofer Shop\",\"url\":\"https:\\\/\\\/www.franz-stadlhofer.at\\\/shop\\\/\",\"logo\":{\"@type\":\"ImageObject\",\"inLanguage\":\"de\",\"@id\":\"https:\\\/\\\/www.franz-stadlhofer.at\\\/shop\\\/#\\\/schema\\\/logo\\\/image\\\/\",\"url\":\"https:\\\/\\\/www.franz-stadlhofer.at\\\/shop\\\/wp-content\\\/uploads\\\/2019\\\/10\\\/LOGO-2-RETINA.png\",\"contentUrl\":\"https:\\\/\\\/www.franz-stadlhofer.at\\\/shop\\\/wp-content\\\/uploads\\\/2019\\\/10\\\/LOGO-2-RETINA.png\",\"width\":471,\"height\":160,\"caption\":\"Schnitzstube Stadlhofer Shop\"},\"image\":{\"@id\":\"https:\\\/\\\/www.franz-stadlhofer.at\\\/shop\\\/#\\\/schema\\\/logo\\\/image\\\/\"}}]}<\/script>\n<!-- \/ Yoast SEO plugin. -->","yoast_head_json":{"title":"Vorlagenheft 4 - \u00dcbungsheft Kerbschnitt I","description":"Ein ideales \u00dcbungsheft f\u00fcr alle Kerbschnitzer, vor allem f\u00fcr Anf\u00e4nger! Um das Nacharbeiten zu erleichtern, haben wir die Artikelnummern des passenden Rohmaterials bei den jeweiligen Werkst\u00fccken erg\u00e4nzt. Dieses ist direkt bei uns im Kurs, im Shop erh\u00e4ltlich.","robots":{"index":"index","follow":"follow","max-snippet":"max-snippet:-1","max-image-preview":"max-image-preview:large","max-video-preview":"max-video-preview:-1"},"canonical":"https:\/\/www.franz-stadlhofer.at\/shop\/produkt\/vorlagenheft-4-uebungsheft-kerbschnitt-i\/","og_locale":"de_DE","og_type":"article","og_title":"Vorlagenheft 4 - \u00dcbungsheft Kerbschnitt I","og_description":"Ein ideales \u00dcbungsheft f\u00fcr alle Kerbschnitzer, vor allem f\u00fcr Anf\u00e4nger! Um das Nacharbeiten zu erleichtern, haben wir die Artikelnummern des passenden Rohmaterials bei den jeweiligen Werkst\u00fccken erg\u00e4nzt. Dieses ist direkt bei uns im Kurs, im Shop erh\u00e4ltlich.","og_url":"https:\/\/www.franz-stadlhofer.at\/shop\/produkt\/vorlagenheft-4-uebungsheft-kerbschnitt-i\/","og_site_name":"Schnitzstube Stadlhofer Shop","article_modified_time":"2026-02-19T08:44:22+00:00","og_image":[{"width":591,"height":591,"url":"https:\/\/www.franz-stadlhofer.at\/shop\/wp-content\/uploads\/2017\/09\/products-Heft_4_-_Ubungsheft_I.jpg","type":"image\/jpeg"}],"twitter_card":"summary_large_image","twitter_misc":{"Gesch\u00e4tzte Lesezeit":"2\u00a0Minuten"},"schema":{"@context":"https:\/\/schema.org","@graph":[{"@type":"WebPage","@id":"https:\/\/www.franz-stadlhofer.at\/shop\/produkt\/vorlagenheft-4-uebungsheft-kerbschnitt-i\/","url":"https:\/\/www.franz-stadlhofer.at\/shop\/produkt\/vorlagenheft-4-uebungsheft-kerbschnitt-i\/","name":"Vorlagenheft 4 - \u00dcbungsheft Kerbschnitt I","isPartOf":{"@id":"https:\/\/www.franz-stadlhofer.at\/shop\/#website"},"primaryImageOfPage":{"@id":"https:\/\/www.franz-stadlhofer.at\/shop\/produkt\/vorlagenheft-4-uebungsheft-kerbschnitt-i\/#primaryimage"},"image":{"@id":"https:\/\/www.franz-stadlhofer.at\/shop\/produkt\/vorlagenheft-4-uebungsheft-kerbschnitt-i\/#primaryimage"},"thumbnailUrl":"https:\/\/www.franz-stadlhofer.at\/shop\/wp-content\/uploads\/2017\/09\/products-Heft_4_-_Ubungsheft_I.jpg","datePublished":"2021-01-22T09:20:12+00:00","dateModified":"2026-02-19T08:44:22+00:00","description":"Ein ideales \u00dcbungsheft f\u00fcr alle Kerbschnitzer, vor allem f\u00fcr Anf\u00e4nger! Um das Nacharbeiten zu erleichtern, haben wir die Artikelnummern des passenden Rohmaterials bei den jeweiligen Werkst\u00fccken erg\u00e4nzt. Dieses ist direkt bei uns im Kurs, im Shop erh\u00e4ltlich.","breadcrumb":{"@id":"https:\/\/www.franz-stadlhofer.at\/shop\/produkt\/vorlagenheft-4-uebungsheft-kerbschnitt-i\/#breadcrumb"},"inLanguage":"de","potentialAction":[{"@type":"ReadAction","target":["https:\/\/www.franz-stadlhofer.at\/shop\/produkt\/vorlagenheft-4-uebungsheft-kerbschnitt-i\/"]}]},{"@type":"ImageObject","inLanguage":"de","@id":"https:\/\/www.franz-stadlhofer.at\/shop\/produkt\/vorlagenheft-4-uebungsheft-kerbschnitt-i\/#primaryimage","url":"https:\/\/www.franz-stadlhofer.at\/shop\/wp-content\/uploads\/2017\/09\/products-Heft_4_-_Ubungsheft_I.jpg","contentUrl":"https:\/\/www.franz-stadlhofer.at\/shop\/wp-content\/uploads\/2017\/09\/products-Heft_4_-_Ubungsheft_I.jpg","width":"591","height":"591","caption":"Vorlagenhefte - Schnitzstube Stadlhofer Shop"},{"@type":"BreadcrumbList","@id":"https:\/\/www.franz-stadlhofer.at\/shop\/produkt\/vorlagenheft-4-uebungsheft-kerbschnitt-i\/#breadcrumb","itemListElement":[{"@type":"ListItem","position":1,"name":"Startseite","item":"https:\/\/www.franz-stadlhofer.at\/shop\/"},{"@type":"ListItem","position":2,"name":"Produkte","item":"https:\/\/www.franz-stadlhofer.at\/shop\/shop\/"},{"@type":"ListItem","position":3,"name":"Vorlagenheft 4 &#8211; \u00dcbungsheft Kerbschnitt I"}]},{"@type":"WebSite","@id":"https:\/\/www.franz-stadlhofer.at\/shop\/#website","url":"https:\/\/www.franz-stadlhofer.at\/shop\/","name":"Schnitzstube Stadlhofer Shop","description":"Holzschnitzen Onlineshop","publisher":{"@id":"https:\/\/www.franz-stadlhofer.at\/shop\/#organization"},"potentialAction":[{"@type":"SearchAction","target":{"@type":"EntryPoint","urlTemplate":"https:\/\/www.franz-stadlhofer.at\/shop\/?s={search_term_string}"},"query-input":{"@type":"PropertyValueSpecification","valueRequired":true,"valueName":"search_term_string"}}],"inLanguage":"de"},{"@type":"Organization","@id":"https:\/\/www.franz-stadlhofer.at\/shop\/#organization","name":"Schnitzstube Stadlhofer Shop","url":"https:\/\/www.franz-stadlhofer.at\/shop\/","logo":{"@type":"ImageObject","inLanguage":"de","@id":"https:\/\/www.franz-stadlhofer.at\/shop\/#\/schema\/logo\/image\/","url":"https:\/\/www.franz-stadlhofer.at\/shop\/wp-content\/uploads\/2019\/10\/LOGO-2-RETINA.png","contentUrl":"https:\/\/www.franz-stadlhofer.at\/shop\/wp-content\/uploads\/2019\/10\/LOGO-2-RETINA.png","width":471,"height":160,"caption":"Schnitzstube Stadlhofer Shop"},"image":{"@id":"https:\/\/www.franz-stadlhofer.at\/shop\/#\/schema\/logo\/image\/"}}]}},"_links":{"self":[{"href":"https:\/\/www.franz-stadlhofer.at\/shop\/wp-json\/wp\/v2\/product\/25843","targetHints":{"allow":["GET"]}}],"collection":[{"href":"https:\/\/www.franz-stadlhofer.at\/shop\/wp-json\/wp\/v2\/product"}],"about":[{"href":"https:\/\/www.franz-stadlhofer.at\/shop\/wp-json\/wp\/v2\/types\/product"}],"wp:featuredmedia":[{"embeddable":true,"href":"https:\/\/www.franz-stadlhofer.at\/shop\/wp-json\/wp\/v2\/media\/22415"}],"wp:attachment":[{"href":"https:\/\/www.franz-stadlhofer.at\/shop\/wp-json\/wp\/v2\/media?parent=25843"}],"wp:term":[{"taxonomy":"product_brand","embeddable":true,"href":"https:\/\/www.franz-stadlhofer.at\/shop\/wp-json\/wp\/v2\/product_brand?post=25843"},{"taxonomy":"product_cat","embeddable":true,"href":"https:\/\/www.franz-stadlhofer.at\/shop\/wp-json\/wp\/v2\/product_cat?post=25843"},{"taxonomy":"product_tag","embeddable":true,"href":"https:\/\/www.franz-stadlhofer.at\/shop\/wp-json\/wp\/v2\/product_tag?post=25843"}],"curies":[{"name":"wp","href":"https:\/\/api.w.org\/{rel}","templated":true}]}}