{"id":25825,"date":"2021-01-22T10:11:16","date_gmt":"2021-01-22T09:11:16","guid":{"rendered":"https:\/\/www.franz-stadlhofer.at\/shop\/?post_type=product&#038;p=25825"},"modified":"2026-02-19T09:44:22","modified_gmt":"2026-02-19T08:44:22","slug":"vorlagenheft-7-kerbschnitt-fuer-fortgeschrittene","status":"publish","type":"product","link":"https:\/\/www.franz-stadlhofer.at\/shop\/produkt\/vorlagenheft-7-kerbschnitt-fuer-fortgeschrittene\/","title":{"rendered":"Vorlagenheft 7 &#8211; Kerbschnitt f\u00fcr Fortgeschrittene"},"content":{"rendered":"<div class=\"fusion-fullwidth fullwidth-box fusion-builder-row-1 nonhundred-percent-fullwidth non-hundred-percent-height-scrolling\" style=\"--awb-border-radius-top-left:0px;--awb-border-radius-top-right:0px;--awb-border-radius-bottom-right:0px;--awb-border-radius-bottom-left:0px;--awb-flex-wrap:wrap;\" ><div class=\"fusion-builder-row fusion-row\"><div class=\"fusion-layout-column fusion_builder_column fusion-builder-column-0 fusion_builder_column_1_1 1_1 fusion-one-full fusion-column-first fusion-column-last\" style=\"--awb-bg-size:cover;--awb-margin-top:0px;--awb-margin-bottom:0px;\"><div class=\"fusion-column-wrapper fusion-flex-column-wrapper-legacy\"><div class=\"fusion-text fusion-text-1\"><p>Als Fortsetzung f\u00fcr das Heft Nr. 4 \u201c\u00dcbungsheft Kerbschnitt I\u201d haben wir in diesem Heft Nr. 7 wieder\u00a0<strong>zahlreiche Bandmuster<\/strong>\u00a0aus dem nicht mehr aufgelegten Buch \u201cOrnamentales Schnitzen\u201d aufgegriffen und mit vielen (teilweise auch ganz neuen) Anschauungsbeispielen best\u00fcckt.<\/p>\n<p>Die abwechslungsreiche Auswahl geht von beschnitzten Teelichtern, Vasen, Rahmen, Uhren, Tellern, Kassetten bis hin zu Taschentuchboxen, Haarspangen und Kreuzen.<\/p>\n<p>Die\u00a0<strong>zum Teil durchaus herausfordernden Kerbschnittmuster<\/strong>\u00a0bed\u00fcrfen bereits ge\u00fcbter Schnitzh\u00e4nde, sind aber ebenso eine ausgezeichnete \u00dcbung f\u00fcr leicht forgeschrittene SchnitzerInnen.<\/p>\n<p>Die enthaltenen\u00a0<strong>Zeichnungen<\/strong>\u00a0k\u00f6nnen leicht\u00a0<strong>auf die passende Gr\u00f6\u00dfe kopiert<\/strong>\u00a0werden oder als Anregung f\u00fcr eigene Ideen dienen. Wer genau unsere Beispiele nacharbeiten m\u00f6chte, kann\u00a0<strong>\u00fcber unseren Webshop das passende Material(-Set) gleich mitbestellen.<\/strong><\/p>\n<p>32 Seiten<\/p>\n<\/div><div class=\"fusion-clearfix\"><\/div><\/div><\/div><\/div><\/div>\n","protected":false},"excerpt":{"rendered":"","protected":false},"featured_media":22409,"template":"","meta":[],"product_brand":[],"product_cat":[773,1188],"product_tag":[955,991,1001,1002,1003],"class_list":{"0":"post-25825","1":"product","2":"type-product","3":"status-publish","4":"has-post-thumbnail","6":"product_cat-lesen-lernen","7":"product_cat-drum-herum","8":"product_tag-uhren","9":"product_tag-sterne","10":"product_tag-heft","11":"product_tag-muster","12":"product_tag-vorlagen","14":"first","15":"instock","16":"taxable","17":"shipping-taxable","18":"purchasable","19":"product-type-simple"},"barcode":null,"atum_controlled":true,"out_stock_date":null,"out_stock_threshold":null,"inheritable":false,"stock_on_hold":0,"sold_today":0,"sales_last_days":0,"reserved_stock":0,"customer_returns":0,"warehouse_damage":0,"lost_in_post":0,"other_logs":0,"out_stock_days":0,"lost_sales":0,"update_date":"2026-04-29T00:06:15","atum_locations":[],"atum_stock_status":"instock","restock_status":false,"low_stock_amount":"","sales_update_date":"2026-04-29T00:06:15","calc_backorders":null,"yoast_head":"<!-- This site is optimized with the Yoast SEO plugin v27.4 - https:\/\/yoast.com\/product\/yoast-seo-wordpress\/ -->\n<title>Vorlagenheft 7 - Kerbschnitt f\u00fcr Fortgeschrittene<\/title>\n<meta name=\"description\" content=\"Als Fortsetzung f\u00fcr das Heft Nr. 4 \u201c\u00dcbungsheft Kerbschnitt I\u201d haben wir in diesem Heft Nr. 7 wieder\u00a0zahlreiche Bandmuster\u00a0aus dem nicht mehr aufgelegten Buch \u201cOrnamentales Schnitzen\u201d aufgegriffen und mit vielen (teilweise auch ganz neuen) Anschauungsbeispielen best\u00fcckt. Die abwechslungsreiche Auswahl geht von beschnitzten Teelichtern, Vasen, Rahmen, Uhren, Tellern, Kassetten bis hin zu Taschentuchboxen, Haarspangen und Kreuzen.\" \/>\n<meta name=\"robots\" content=\"index, follow, max-snippet:-1, max-image-preview:large, max-video-preview:-1\" \/>\n<link rel=\"canonical\" href=\"https:\/\/www.franz-stadlhofer.at\/shop\/produkt\/vorlagenheft-7-kerbschnitt-fuer-fortgeschrittene\/\" \/>\n<meta property=\"og:locale\" content=\"de_DE\" \/>\n<meta property=\"og:type\" content=\"article\" \/>\n<meta property=\"og:title\" content=\"Vorlagenheft 7 - Kerbschnitt f\u00fcr Fortgeschrittene\" \/>\n<meta property=\"og:description\" content=\"Als Fortsetzung f\u00fcr das Heft Nr. 4 \u201c\u00dcbungsheft Kerbschnitt I\u201d haben wir in diesem Heft Nr. 7 wieder\u00a0zahlreiche Bandmuster\u00a0aus dem nicht mehr aufgelegten Buch \u201cOrnamentales Schnitzen\u201d aufgegriffen und mit vielen (teilweise auch ganz neuen) Anschauungsbeispielen best\u00fcckt. Die abwechslungsreiche Auswahl geht von beschnitzten Teelichtern, Vasen, Rahmen, Uhren, Tellern, Kassetten bis hin zu Taschentuchboxen, Haarspangen und Kreuzen.\" \/>\n<meta property=\"og:url\" content=\"https:\/\/www.franz-stadlhofer.at\/shop\/produkt\/vorlagenheft-7-kerbschnitt-fuer-fortgeschrittene\/\" \/>\n<meta property=\"og:site_name\" content=\"Schnitzstube Stadlhofer Shop\" \/>\n<meta property=\"article:modified_time\" content=\"2026-02-19T08:44:22+00:00\" \/>\n<meta property=\"og:image\" content=\"https:\/\/www.franz-stadlhofer.at\/shop\/wp-content\/uploads\/2020\/06\/products-Vorlagenheft7-KerbschnittfuerFortgeschrittene.jpg\" \/>\n\t<meta property=\"og:image:width\" content=\"1182\" \/>\n\t<meta property=\"og:image:height\" content=\"1182\" \/>\n\t<meta property=\"og:image:type\" content=\"image\/jpeg\" \/>\n<meta name=\"twitter:card\" content=\"summary_large_image\" \/>\n<meta name=\"twitter:label1\" content=\"Gesch\u00e4tzte Lesezeit\" \/>\n\t<meta name=\"twitter:data1\" content=\"1\u00a0Minute\" \/>\n<script type=\"application\/ld+json\" class=\"yoast-schema-graph\">{\"@context\":\"https:\\\/\\\/schema.org\",\"@graph\":[{\"@type\":\"WebPage\",\"@id\":\"https:\\\/\\\/www.franz-stadlhofer.at\\\/shop\\\/produkt\\\/vorlagenheft-7-kerbschnitt-fuer-fortgeschrittene\\\/\",\"url\":\"https:\\\/\\\/www.franz-stadlhofer.at\\\/shop\\\/produkt\\\/vorlagenheft-7-kerbschnitt-fuer-fortgeschrittene\\\/\",\"name\":\"Vorlagenheft 7 - Kerbschnitt f\u00fcr Fortgeschrittene\",\"isPartOf\":{\"@id\":\"https:\\\/\\\/www.franz-stadlhofer.at\\\/shop\\\/#website\"},\"primaryImageOfPage\":{\"@id\":\"https:\\\/\\\/www.franz-stadlhofer.at\\\/shop\\\/produkt\\\/vorlagenheft-7-kerbschnitt-fuer-fortgeschrittene\\\/#primaryimage\"},\"image\":{\"@id\":\"https:\\\/\\\/www.franz-stadlhofer.at\\\/shop\\\/produkt\\\/vorlagenheft-7-kerbschnitt-fuer-fortgeschrittene\\\/#primaryimage\"},\"thumbnailUrl\":\"https:\\\/\\\/www.franz-stadlhofer.at\\\/shop\\\/wp-content\\\/uploads\\\/2020\\\/06\\\/products-Vorlagenheft7-KerbschnittfuerFortgeschrittene.jpg\",\"datePublished\":\"2021-01-22T09:11:16+00:00\",\"dateModified\":\"2026-02-19T08:44:22+00:00\",\"description\":\"Als Fortsetzung f\u00fcr das Heft Nr. 4 \u201c\u00dcbungsheft Kerbschnitt I\u201d haben wir in diesem Heft Nr. 7 wieder\u00a0zahlreiche Bandmuster\u00a0aus dem nicht mehr aufgelegten Buch \u201cOrnamentales Schnitzen\u201d aufgegriffen und mit vielen (teilweise auch ganz neuen) Anschauungsbeispielen best\u00fcckt. Die abwechslungsreiche Auswahl geht von beschnitzten Teelichtern, Vasen, Rahmen, Uhren, Tellern, Kassetten bis hin zu Taschentuchboxen, Haarspangen und Kreuzen.\",\"breadcrumb\":{\"@id\":\"https:\\\/\\\/www.franz-stadlhofer.at\\\/shop\\\/produkt\\\/vorlagenheft-7-kerbschnitt-fuer-fortgeschrittene\\\/#breadcrumb\"},\"inLanguage\":\"de\",\"potentialAction\":[{\"@type\":\"ReadAction\",\"target\":[\"https:\\\/\\\/www.franz-stadlhofer.at\\\/shop\\\/produkt\\\/vorlagenheft-7-kerbschnitt-fuer-fortgeschrittene\\\/\"]}]},{\"@type\":\"ImageObject\",\"inLanguage\":\"de\",\"@id\":\"https:\\\/\\\/www.franz-stadlhofer.at\\\/shop\\\/produkt\\\/vorlagenheft-7-kerbschnitt-fuer-fortgeschrittene\\\/#primaryimage\",\"url\":\"https:\\\/\\\/www.franz-stadlhofer.at\\\/shop\\\/wp-content\\\/uploads\\\/2020\\\/06\\\/products-Vorlagenheft7-KerbschnittfuerFortgeschrittene.jpg\",\"contentUrl\":\"https:\\\/\\\/www.franz-stadlhofer.at\\\/shop\\\/wp-content\\\/uploads\\\/2020\\\/06\\\/products-Vorlagenheft7-KerbschnittfuerFortgeschrittene.jpg\",\"width\":\"1182\",\"height\":\"1182\",\"caption\":\"Vorlagenhefte - Schnitzstube Stadlhofer Shop\"},{\"@type\":\"BreadcrumbList\",\"@id\":\"https:\\\/\\\/www.franz-stadlhofer.at\\\/shop\\\/produkt\\\/vorlagenheft-7-kerbschnitt-fuer-fortgeschrittene\\\/#breadcrumb\",\"itemListElement\":[{\"@type\":\"ListItem\",\"position\":1,\"name\":\"Startseite\",\"item\":\"https:\\\/\\\/www.franz-stadlhofer.at\\\/shop\\\/\"},{\"@type\":\"ListItem\",\"position\":2,\"name\":\"Produkte\",\"item\":\"https:\\\/\\\/www.franz-stadlhofer.at\\\/shop\\\/shop\\\/\"},{\"@type\":\"ListItem\",\"position\":3,\"name\":\"Vorlagenheft 7 &#8211; Kerbschnitt f\u00fcr Fortgeschrittene\"}]},{\"@type\":\"WebSite\",\"@id\":\"https:\\\/\\\/www.franz-stadlhofer.at\\\/shop\\\/#website\",\"url\":\"https:\\\/\\\/www.franz-stadlhofer.at\\\/shop\\\/\",\"name\":\"Schnitzstube Stadlhofer Shop\",\"description\":\"Holzschnitzen Onlineshop\",\"publisher\":{\"@id\":\"https:\\\/\\\/www.franz-stadlhofer.at\\\/shop\\\/#organization\"},\"potentialAction\":[{\"@type\":\"SearchAction\",\"target\":{\"@type\":\"EntryPoint\",\"urlTemplate\":\"https:\\\/\\\/www.franz-stadlhofer.at\\\/shop\\\/?s={search_term_string}\"},\"query-input\":{\"@type\":\"PropertyValueSpecification\",\"valueRequired\":true,\"valueName\":\"search_term_string\"}}],\"inLanguage\":\"de\"},{\"@type\":\"Organization\",\"@id\":\"https:\\\/\\\/www.franz-stadlhofer.at\\\/shop\\\/#organization\",\"name\":\"Schnitzstube Stadlhofer Shop\",\"url\":\"https:\\\/\\\/www.franz-stadlhofer.at\\\/shop\\\/\",\"logo\":{\"@type\":\"ImageObject\",\"inLanguage\":\"de\",\"@id\":\"https:\\\/\\\/www.franz-stadlhofer.at\\\/shop\\\/#\\\/schema\\\/logo\\\/image\\\/\",\"url\":\"https:\\\/\\\/www.franz-stadlhofer.at\\\/shop\\\/wp-content\\\/uploads\\\/2019\\\/10\\\/LOGO-2-RETINA.png\",\"contentUrl\":\"https:\\\/\\\/www.franz-stadlhofer.at\\\/shop\\\/wp-content\\\/uploads\\\/2019\\\/10\\\/LOGO-2-RETINA.png\",\"width\":471,\"height\":160,\"caption\":\"Schnitzstube Stadlhofer Shop\"},\"image\":{\"@id\":\"https:\\\/\\\/www.franz-stadlhofer.at\\\/shop\\\/#\\\/schema\\\/logo\\\/image\\\/\"}}]}<\/script>\n<!-- \/ Yoast SEO plugin. -->","yoast_head_json":{"title":"Vorlagenheft 7 - Kerbschnitt f\u00fcr Fortgeschrittene","description":"Als Fortsetzung f\u00fcr das Heft Nr. 4 \u201c\u00dcbungsheft Kerbschnitt I\u201d haben wir in diesem Heft Nr. 7 wieder\u00a0zahlreiche Bandmuster\u00a0aus dem nicht mehr aufgelegten Buch \u201cOrnamentales Schnitzen\u201d aufgegriffen und mit vielen (teilweise auch ganz neuen) Anschauungsbeispielen best\u00fcckt. Die abwechslungsreiche Auswahl geht von beschnitzten Teelichtern, Vasen, Rahmen, Uhren, Tellern, Kassetten bis hin zu Taschentuchboxen, Haarspangen und Kreuzen.","robots":{"index":"index","follow":"follow","max-snippet":"max-snippet:-1","max-image-preview":"max-image-preview:large","max-video-preview":"max-video-preview:-1"},"canonical":"https:\/\/www.franz-stadlhofer.at\/shop\/produkt\/vorlagenheft-7-kerbschnitt-fuer-fortgeschrittene\/","og_locale":"de_DE","og_type":"article","og_title":"Vorlagenheft 7 - Kerbschnitt f\u00fcr Fortgeschrittene","og_description":"Als Fortsetzung f\u00fcr das Heft Nr. 4 \u201c\u00dcbungsheft Kerbschnitt I\u201d haben wir in diesem Heft Nr. 7 wieder\u00a0zahlreiche Bandmuster\u00a0aus dem nicht mehr aufgelegten Buch \u201cOrnamentales Schnitzen\u201d aufgegriffen und mit vielen (teilweise auch ganz neuen) Anschauungsbeispielen best\u00fcckt. Die abwechslungsreiche Auswahl geht von beschnitzten Teelichtern, Vasen, Rahmen, Uhren, Tellern, Kassetten bis hin zu Taschentuchboxen, Haarspangen und Kreuzen.","og_url":"https:\/\/www.franz-stadlhofer.at\/shop\/produkt\/vorlagenheft-7-kerbschnitt-fuer-fortgeschrittene\/","og_site_name":"Schnitzstube Stadlhofer Shop","article_modified_time":"2026-02-19T08:44:22+00:00","og_image":[{"width":1182,"height":1182,"url":"https:\/\/www.franz-stadlhofer.at\/shop\/wp-content\/uploads\/2020\/06\/products-Vorlagenheft7-KerbschnittfuerFortgeschrittene.jpg","type":"image\/jpeg"}],"twitter_card":"summary_large_image","twitter_misc":{"Gesch\u00e4tzte Lesezeit":"1\u00a0Minute"},"schema":{"@context":"https:\/\/schema.org","@graph":[{"@type":"WebPage","@id":"https:\/\/www.franz-stadlhofer.at\/shop\/produkt\/vorlagenheft-7-kerbschnitt-fuer-fortgeschrittene\/","url":"https:\/\/www.franz-stadlhofer.at\/shop\/produkt\/vorlagenheft-7-kerbschnitt-fuer-fortgeschrittene\/","name":"Vorlagenheft 7 - Kerbschnitt f\u00fcr Fortgeschrittene","isPartOf":{"@id":"https:\/\/www.franz-stadlhofer.at\/shop\/#website"},"primaryImageOfPage":{"@id":"https:\/\/www.franz-stadlhofer.at\/shop\/produkt\/vorlagenheft-7-kerbschnitt-fuer-fortgeschrittene\/#primaryimage"},"image":{"@id":"https:\/\/www.franz-stadlhofer.at\/shop\/produkt\/vorlagenheft-7-kerbschnitt-fuer-fortgeschrittene\/#primaryimage"},"thumbnailUrl":"https:\/\/www.franz-stadlhofer.at\/shop\/wp-content\/uploads\/2020\/06\/products-Vorlagenheft7-KerbschnittfuerFortgeschrittene.jpg","datePublished":"2021-01-22T09:11:16+00:00","dateModified":"2026-02-19T08:44:22+00:00","description":"Als Fortsetzung f\u00fcr das Heft Nr. 4 \u201c\u00dcbungsheft Kerbschnitt I\u201d haben wir in diesem Heft Nr. 7 wieder\u00a0zahlreiche Bandmuster\u00a0aus dem nicht mehr aufgelegten Buch \u201cOrnamentales Schnitzen\u201d aufgegriffen und mit vielen (teilweise auch ganz neuen) Anschauungsbeispielen best\u00fcckt. Die abwechslungsreiche Auswahl geht von beschnitzten Teelichtern, Vasen, Rahmen, Uhren, Tellern, Kassetten bis hin zu Taschentuchboxen, Haarspangen und Kreuzen.","breadcrumb":{"@id":"https:\/\/www.franz-stadlhofer.at\/shop\/produkt\/vorlagenheft-7-kerbschnitt-fuer-fortgeschrittene\/#breadcrumb"},"inLanguage":"de","potentialAction":[{"@type":"ReadAction","target":["https:\/\/www.franz-stadlhofer.at\/shop\/produkt\/vorlagenheft-7-kerbschnitt-fuer-fortgeschrittene\/"]}]},{"@type":"ImageObject","inLanguage":"de","@id":"https:\/\/www.franz-stadlhofer.at\/shop\/produkt\/vorlagenheft-7-kerbschnitt-fuer-fortgeschrittene\/#primaryimage","url":"https:\/\/www.franz-stadlhofer.at\/shop\/wp-content\/uploads\/2020\/06\/products-Vorlagenheft7-KerbschnittfuerFortgeschrittene.jpg","contentUrl":"https:\/\/www.franz-stadlhofer.at\/shop\/wp-content\/uploads\/2020\/06\/products-Vorlagenheft7-KerbschnittfuerFortgeschrittene.jpg","width":"1182","height":"1182","caption":"Vorlagenhefte - Schnitzstube Stadlhofer Shop"},{"@type":"BreadcrumbList","@id":"https:\/\/www.franz-stadlhofer.at\/shop\/produkt\/vorlagenheft-7-kerbschnitt-fuer-fortgeschrittene\/#breadcrumb","itemListElement":[{"@type":"ListItem","position":1,"name":"Startseite","item":"https:\/\/www.franz-stadlhofer.at\/shop\/"},{"@type":"ListItem","position":2,"name":"Produkte","item":"https:\/\/www.franz-stadlhofer.at\/shop\/shop\/"},{"@type":"ListItem","position":3,"name":"Vorlagenheft 7 &#8211; Kerbschnitt f\u00fcr Fortgeschrittene"}]},{"@type":"WebSite","@id":"https:\/\/www.franz-stadlhofer.at\/shop\/#website","url":"https:\/\/www.franz-stadlhofer.at\/shop\/","name":"Schnitzstube Stadlhofer Shop","description":"Holzschnitzen Onlineshop","publisher":{"@id":"https:\/\/www.franz-stadlhofer.at\/shop\/#organization"},"potentialAction":[{"@type":"SearchAction","target":{"@type":"EntryPoint","urlTemplate":"https:\/\/www.franz-stadlhofer.at\/shop\/?s={search_term_string}"},"query-input":{"@type":"PropertyValueSpecification","valueRequired":true,"valueName":"search_term_string"}}],"inLanguage":"de"},{"@type":"Organization","@id":"https:\/\/www.franz-stadlhofer.at\/shop\/#organization","name":"Schnitzstube Stadlhofer Shop","url":"https:\/\/www.franz-stadlhofer.at\/shop\/","logo":{"@type":"ImageObject","inLanguage":"de","@id":"https:\/\/www.franz-stadlhofer.at\/shop\/#\/schema\/logo\/image\/","url":"https:\/\/www.franz-stadlhofer.at\/shop\/wp-content\/uploads\/2019\/10\/LOGO-2-RETINA.png","contentUrl":"https:\/\/www.franz-stadlhofer.at\/shop\/wp-content\/uploads\/2019\/10\/LOGO-2-RETINA.png","width":471,"height":160,"caption":"Schnitzstube Stadlhofer Shop"},"image":{"@id":"https:\/\/www.franz-stadlhofer.at\/shop\/#\/schema\/logo\/image\/"}}]}},"_links":{"self":[{"href":"https:\/\/www.franz-stadlhofer.at\/shop\/wp-json\/wp\/v2\/product\/25825","targetHints":{"allow":["GET"]}}],"collection":[{"href":"https:\/\/www.franz-stadlhofer.at\/shop\/wp-json\/wp\/v2\/product"}],"about":[{"href":"https:\/\/www.franz-stadlhofer.at\/shop\/wp-json\/wp\/v2\/types\/product"}],"wp:featuredmedia":[{"embeddable":true,"href":"https:\/\/www.franz-stadlhofer.at\/shop\/wp-json\/wp\/v2\/media\/22409"}],"wp:attachment":[{"href":"https:\/\/www.franz-stadlhofer.at\/shop\/wp-json\/wp\/v2\/media?parent=25825"}],"wp:term":[{"taxonomy":"product_brand","embeddable":true,"href":"https:\/\/www.franz-stadlhofer.at\/shop\/wp-json\/wp\/v2\/product_brand?post=25825"},{"taxonomy":"product_cat","embeddable":true,"href":"https:\/\/www.franz-stadlhofer.at\/shop\/wp-json\/wp\/v2\/product_cat?post=25825"},{"taxonomy":"product_tag","embeddable":true,"href":"https:\/\/www.franz-stadlhofer.at\/shop\/wp-json\/wp\/v2\/product_tag?post=25825"}],"curies":[{"name":"wp","href":"https:\/\/api.w.org\/{rel}","templated":true}]}}