{"id":25807,"date":"2021-01-22T09:43:44","date_gmt":"2021-01-22T08:43:44","guid":{"rendered":"https:\/\/www.franz-stadlhofer.at\/shop\/?post_type=product&#038;p=25807"},"modified":"2025-12-27T16:14:44","modified_gmt":"2025-12-27T15:14:44","slug":"vorlagenhefte-weihnachtssterne","status":"publish","type":"product","link":"https:\/\/www.franz-stadlhofer.at\/shop\/produkt\/vorlagenhefte-weihnachtssterne\/","title":{"rendered":"Vorlagenhefte &#8211; Weihnachtssterne"},"content":{"rendered":"<div class=\"fusion-fullwidth fullwidth-box fusion-builder-row-1 nonhundred-percent-fullwidth non-hundred-percent-height-scrolling\" style=\"--awb-border-radius-top-left:0px;--awb-border-radius-top-right:0px;--awb-border-radius-bottom-right:0px;--awb-border-radius-bottom-left:0px;--awb-flex-wrap:wrap;\" ><div class=\"fusion-builder-row fusion-row\"><div class=\"fusion-layout-column fusion_builder_column fusion-builder-column-0 fusion_builder_column_1_1 1_1 fusion-one-full fusion-column-first fusion-column-last\" style=\"--awb-bg-size:cover;--awb-margin-top:0px;--awb-margin-bottom:0px;\"><div class=\"fusion-column-wrapper fusion-flex-column-wrapper-legacy\"><div class=\"fusion-text fusion-text-1\"><p>In jedem Heft finden sich 15-16 kreative neue <b><\/b>Muster f\u00fcr Ihre\u00a0<a href=\"https:\/\/www.franz-stadlhofer.at\/shop\/produkt\/sterne-set-1\/\" target=\"_blank\" rel=\"noopener\"><b>Weihnachtssterne<\/b><\/a>. Von einfach bis filigran ist f\u00fcr jeden Geschmack und jedes K\u00f6nnen etwas dabei.<br \/>\nSehr \u00fcbersichtlich sind die Vorlagen wieder sowohl als ausgefertigtes Foto als auch als Musterzeichnung zum leichten Nachmachen abgebildet.<\/p>\n<p>In <strong>Heft 9<\/strong> findet sich auch ein au\u00dfergew\u00f6hnlicher <strong><a href=\"https:\/\/www.franz-stadlhofer.at\/shop\/produkt\/christbaumspitz\/\" target=\"_blank\" rel=\"noopener\">Christbaumspitz<\/a><\/strong>, welcher zwar ein wenig mehr Zeit in Anspruch nimmt, das Ergebniss jedoch diese Zeit wert ist.<\/p>\n<p>Am Besten sind die Vorlagen mittels <a href=\"https:\/\/www.franz-stadlhofer.at\/shop\/produkt\/mini-bugeleisen\/\" target=\"_blank\" rel=\"noopener\"><strong>B\u00fcgelstift<\/strong><\/a> aufs Holz zu bringen. Eine kleine Anleitung dazu ist ebenfalls im neuen Heft integriert.<\/p>\n<p>Heft 1, 3, 6, 12 und 13 &#8211; jeweils 8 Seiten<\/p>\n<p>Heft 9 &#8211; 12 Seiten<\/p>\n<\/div><div class=\"fusion-clearfix\"><\/div><\/div><\/div><\/div><\/div>\n","protected":false},"excerpt":{"rendered":"","protected":false},"featured_media":35583,"template":"","meta":[],"product_brand":[],"product_cat":[773,1188],"product_tag":[1461,991,992,1001,1002,1003],"class_list":{"0":"post-25807","1":"product","2":"type-product","3":"status-publish","4":"has-post-thumbnail","6":"product_cat-lesen-lernen","7":"product_cat-drum-herum","8":"product_tag-geschnitzt","9":"product_tag-sterne","10":"product_tag-weihnachtssterne","11":"product_tag-heft","12":"product_tag-muster","13":"product_tag-vorlagen","14":"pa_titel-heft-9-weihnachtssterne-d","15":"pa_titel-heft-12-weihnachtssterne-e","16":"pa_titel-heft-13-weihnachtssterne-f","17":"pa_titel-heft-6-weihnachtssterne-c","18":"pa_titel-heft-3-weihnachtssterne-b","19":"pa_titel-heft-1-weihnachtssterne-a","21":"first","22":"instock","23":"taxable","24":"shipping-taxable","25":"purchasable","26":"product-type-variable"},"barcode":null,"atum_controlled":true,"out_stock_date":null,"out_stock_threshold":null,"inheritable":true,"stock_on_hold":0,"sold_today":0,"sales_last_days":0,"reserved_stock":0,"customer_returns":0,"warehouse_damage":0,"lost_in_post":0,"other_logs":0,"out_stock_days":0,"lost_sales":0,"update_date":"2026-04-14T00:09:40","atum_locations":[],"atum_stock_status":"instock","restock_status":false,"low_stock_amount":"","sales_update_date":"2026-04-14T00:09:40","calc_backorders":null,"yoast_head":"<!-- This site is optimized with the Yoast SEO plugin v27.3 - https:\/\/yoast.com\/product\/yoast-seo-wordpress\/ -->\n<title>Vorlagenhefte Weihnachtssterne<\/title>\n<meta name=\"description\" content=\"In jedem Heft finden sich 15-16 kreative neue Muster f\u00fcr Ihre\u00a0Weihnachtssterne. Von einfach bis filigran ist f\u00fcr jeden Geschmack und jedes K\u00f6nnen etwas dabei.Sehr \u00fcbersichtlich sind die Vorlagen wieder sowohl als ausgefertigtes Foto als auch als Musterzeichnung zum leichten Nachmachen abgebildet.\" \/>\n<meta name=\"robots\" content=\"index, follow, max-snippet:-1, max-image-preview:large, max-video-preview:-1\" \/>\n<link rel=\"canonical\" href=\"https:\/\/www.franz-stadlhofer.at\/shop\/produkt\/vorlagenhefte-weihnachtssterne\/\" \/>\n<meta property=\"og:locale\" content=\"de_DE\" \/>\n<meta property=\"og:type\" content=\"article\" \/>\n<meta property=\"og:title\" content=\"Vorlagenhefte Weihnachtssterne\" \/>\n<meta property=\"og:description\" content=\"In jedem Heft finden sich 15-16 kreative neue Muster f\u00fcr Ihre\u00a0Weihnachtssterne. Von einfach bis filigran ist f\u00fcr jeden Geschmack und jedes K\u00f6nnen etwas dabei.Sehr \u00fcbersichtlich sind die Vorlagen wieder sowohl als ausgefertigtes Foto als auch als Musterzeichnung zum leichten Nachmachen abgebildet.\" \/>\n<meta property=\"og:url\" content=\"https:\/\/www.franz-stadlhofer.at\/shop\/produkt\/vorlagenhefte-weihnachtssterne\/\" \/>\n<meta property=\"og:site_name\" content=\"Schnitzstube Stadlhofer Shop\" \/>\n<meta property=\"article:modified_time\" content=\"2025-12-27T15:14:44+00:00\" \/>\n<meta property=\"og:image\" content=\"https:\/\/www.franz-stadlhofer.at\/shop\/wp-content\/uploads\/2021\/01\/Heft-12-und-13.jpg\" \/>\n\t<meta property=\"og:image:width\" content=\"591\" \/>\n\t<meta property=\"og:image:height\" content=\"591\" \/>\n\t<meta property=\"og:image:type\" content=\"image\/jpeg\" \/>\n<meta name=\"twitter:card\" content=\"summary_large_image\" \/>\n<meta name=\"twitter:label1\" content=\"Gesch\u00e4tzte Lesezeit\" \/>\n\t<meta name=\"twitter:data1\" content=\"1\u00a0Minute\" \/>\n<script type=\"application\/ld+json\" class=\"yoast-schema-graph\">{\"@context\":\"https:\\\/\\\/schema.org\",\"@graph\":[{\"@type\":\"WebPage\",\"@id\":\"https:\\\/\\\/www.franz-stadlhofer.at\\\/shop\\\/produkt\\\/vorlagenhefte-weihnachtssterne\\\/\",\"url\":\"https:\\\/\\\/www.franz-stadlhofer.at\\\/shop\\\/produkt\\\/vorlagenhefte-weihnachtssterne\\\/\",\"name\":\"Vorlagenhefte Weihnachtssterne\",\"isPartOf\":{\"@id\":\"https:\\\/\\\/www.franz-stadlhofer.at\\\/shop\\\/#website\"},\"primaryImageOfPage\":{\"@id\":\"https:\\\/\\\/www.franz-stadlhofer.at\\\/shop\\\/produkt\\\/vorlagenhefte-weihnachtssterne\\\/#primaryimage\"},\"image\":{\"@id\":\"https:\\\/\\\/www.franz-stadlhofer.at\\\/shop\\\/produkt\\\/vorlagenhefte-weihnachtssterne\\\/#primaryimage\"},\"thumbnailUrl\":\"https:\\\/\\\/www.franz-stadlhofer.at\\\/shop\\\/wp-content\\\/uploads\\\/2021\\\/01\\\/Heft-12-und-13.jpg\",\"datePublished\":\"2021-01-22T08:43:44+00:00\",\"dateModified\":\"2025-12-27T15:14:44+00:00\",\"description\":\"In jedem Heft finden sich 15-16 kreative neue Muster f\u00fcr Ihre\u00a0Weihnachtssterne. Von einfach bis filigran ist f\u00fcr jeden Geschmack und jedes K\u00f6nnen etwas dabei.Sehr \u00fcbersichtlich sind die Vorlagen wieder sowohl als ausgefertigtes Foto als auch als Musterzeichnung zum leichten Nachmachen abgebildet.\",\"breadcrumb\":{\"@id\":\"https:\\\/\\\/www.franz-stadlhofer.at\\\/shop\\\/produkt\\\/vorlagenhefte-weihnachtssterne\\\/#breadcrumb\"},\"inLanguage\":\"de\",\"potentialAction\":[{\"@type\":\"ReadAction\",\"target\":[\"https:\\\/\\\/www.franz-stadlhofer.at\\\/shop\\\/produkt\\\/vorlagenhefte-weihnachtssterne\\\/\"]}]},{\"@type\":\"ImageObject\",\"inLanguage\":\"de\",\"@id\":\"https:\\\/\\\/www.franz-stadlhofer.at\\\/shop\\\/produkt\\\/vorlagenhefte-weihnachtssterne\\\/#primaryimage\",\"url\":\"https:\\\/\\\/www.franz-stadlhofer.at\\\/shop\\\/wp-content\\\/uploads\\\/2021\\\/01\\\/Heft-12-und-13.jpg\",\"contentUrl\":\"https:\\\/\\\/www.franz-stadlhofer.at\\\/shop\\\/wp-content\\\/uploads\\\/2021\\\/01\\\/Heft-12-und-13.jpg\",\"width\":591,\"height\":591,\"caption\":\"Vorlagenhefte f\u00fcr geschnitzte Weihnachtssterne der Schnitzstube Stadlhofer\"},{\"@type\":\"BreadcrumbList\",\"@id\":\"https:\\\/\\\/www.franz-stadlhofer.at\\\/shop\\\/produkt\\\/vorlagenhefte-weihnachtssterne\\\/#breadcrumb\",\"itemListElement\":[{\"@type\":\"ListItem\",\"position\":1,\"name\":\"Startseite\",\"item\":\"https:\\\/\\\/www.franz-stadlhofer.at\\\/shop\\\/\"},{\"@type\":\"ListItem\",\"position\":2,\"name\":\"Produkte\",\"item\":\"https:\\\/\\\/www.franz-stadlhofer.at\\\/shop\\\/shop\\\/\"},{\"@type\":\"ListItem\",\"position\":3,\"name\":\"Vorlagenhefte &#8211; Weihnachtssterne\"}]},{\"@type\":\"WebSite\",\"@id\":\"https:\\\/\\\/www.franz-stadlhofer.at\\\/shop\\\/#website\",\"url\":\"https:\\\/\\\/www.franz-stadlhofer.at\\\/shop\\\/\",\"name\":\"Schnitzstube Stadlhofer Shop\",\"description\":\"Holzschnitzen Onlineshop\",\"publisher\":{\"@id\":\"https:\\\/\\\/www.franz-stadlhofer.at\\\/shop\\\/#organization\"},\"potentialAction\":[{\"@type\":\"SearchAction\",\"target\":{\"@type\":\"EntryPoint\",\"urlTemplate\":\"https:\\\/\\\/www.franz-stadlhofer.at\\\/shop\\\/?s={search_term_string}\"},\"query-input\":{\"@type\":\"PropertyValueSpecification\",\"valueRequired\":true,\"valueName\":\"search_term_string\"}}],\"inLanguage\":\"de\"},{\"@type\":\"Organization\",\"@id\":\"https:\\\/\\\/www.franz-stadlhofer.at\\\/shop\\\/#organization\",\"name\":\"Schnitzstube Stadlhofer Shop\",\"url\":\"https:\\\/\\\/www.franz-stadlhofer.at\\\/shop\\\/\",\"logo\":{\"@type\":\"ImageObject\",\"inLanguage\":\"de\",\"@id\":\"https:\\\/\\\/www.franz-stadlhofer.at\\\/shop\\\/#\\\/schema\\\/logo\\\/image\\\/\",\"url\":\"https:\\\/\\\/www.franz-stadlhofer.at\\\/shop\\\/wp-content\\\/uploads\\\/2019\\\/10\\\/LOGO-2-RETINA.png\",\"contentUrl\":\"https:\\\/\\\/www.franz-stadlhofer.at\\\/shop\\\/wp-content\\\/uploads\\\/2019\\\/10\\\/LOGO-2-RETINA.png\",\"width\":471,\"height\":160,\"caption\":\"Schnitzstube Stadlhofer Shop\"},\"image\":{\"@id\":\"https:\\\/\\\/www.franz-stadlhofer.at\\\/shop\\\/#\\\/schema\\\/logo\\\/image\\\/\"}}]}<\/script>\n<!-- \/ Yoast SEO plugin. -->","yoast_head_json":{"title":"Vorlagenhefte Weihnachtssterne","description":"In jedem Heft finden sich 15-16 kreative neue Muster f\u00fcr Ihre\u00a0Weihnachtssterne. Von einfach bis filigran ist f\u00fcr jeden Geschmack und jedes K\u00f6nnen etwas dabei.Sehr \u00fcbersichtlich sind die Vorlagen wieder sowohl als ausgefertigtes Foto als auch als Musterzeichnung zum leichten Nachmachen abgebildet.","robots":{"index":"index","follow":"follow","max-snippet":"max-snippet:-1","max-image-preview":"max-image-preview:large","max-video-preview":"max-video-preview:-1"},"canonical":"https:\/\/www.franz-stadlhofer.at\/shop\/produkt\/vorlagenhefte-weihnachtssterne\/","og_locale":"de_DE","og_type":"article","og_title":"Vorlagenhefte Weihnachtssterne","og_description":"In jedem Heft finden sich 15-16 kreative neue Muster f\u00fcr Ihre\u00a0Weihnachtssterne. Von einfach bis filigran ist f\u00fcr jeden Geschmack und jedes K\u00f6nnen etwas dabei.Sehr \u00fcbersichtlich sind die Vorlagen wieder sowohl als ausgefertigtes Foto als auch als Musterzeichnung zum leichten Nachmachen abgebildet.","og_url":"https:\/\/www.franz-stadlhofer.at\/shop\/produkt\/vorlagenhefte-weihnachtssterne\/","og_site_name":"Schnitzstube Stadlhofer Shop","article_modified_time":"2025-12-27T15:14:44+00:00","og_image":[{"width":591,"height":591,"url":"https:\/\/www.franz-stadlhofer.at\/shop\/wp-content\/uploads\/2021\/01\/Heft-12-und-13.jpg","type":"image\/jpeg"}],"twitter_card":"summary_large_image","twitter_misc":{"Gesch\u00e4tzte Lesezeit":"1\u00a0Minute"},"schema":{"@context":"https:\/\/schema.org","@graph":[{"@type":"WebPage","@id":"https:\/\/www.franz-stadlhofer.at\/shop\/produkt\/vorlagenhefte-weihnachtssterne\/","url":"https:\/\/www.franz-stadlhofer.at\/shop\/produkt\/vorlagenhefte-weihnachtssterne\/","name":"Vorlagenhefte Weihnachtssterne","isPartOf":{"@id":"https:\/\/www.franz-stadlhofer.at\/shop\/#website"},"primaryImageOfPage":{"@id":"https:\/\/www.franz-stadlhofer.at\/shop\/produkt\/vorlagenhefte-weihnachtssterne\/#primaryimage"},"image":{"@id":"https:\/\/www.franz-stadlhofer.at\/shop\/produkt\/vorlagenhefte-weihnachtssterne\/#primaryimage"},"thumbnailUrl":"https:\/\/www.franz-stadlhofer.at\/shop\/wp-content\/uploads\/2021\/01\/Heft-12-und-13.jpg","datePublished":"2021-01-22T08:43:44+00:00","dateModified":"2025-12-27T15:14:44+00:00","description":"In jedem Heft finden sich 15-16 kreative neue Muster f\u00fcr Ihre\u00a0Weihnachtssterne. Von einfach bis filigran ist f\u00fcr jeden Geschmack und jedes K\u00f6nnen etwas dabei.Sehr \u00fcbersichtlich sind die Vorlagen wieder sowohl als ausgefertigtes Foto als auch als Musterzeichnung zum leichten Nachmachen abgebildet.","breadcrumb":{"@id":"https:\/\/www.franz-stadlhofer.at\/shop\/produkt\/vorlagenhefte-weihnachtssterne\/#breadcrumb"},"inLanguage":"de","potentialAction":[{"@type":"ReadAction","target":["https:\/\/www.franz-stadlhofer.at\/shop\/produkt\/vorlagenhefte-weihnachtssterne\/"]}]},{"@type":"ImageObject","inLanguage":"de","@id":"https:\/\/www.franz-stadlhofer.at\/shop\/produkt\/vorlagenhefte-weihnachtssterne\/#primaryimage","url":"https:\/\/www.franz-stadlhofer.at\/shop\/wp-content\/uploads\/2021\/01\/Heft-12-und-13.jpg","contentUrl":"https:\/\/www.franz-stadlhofer.at\/shop\/wp-content\/uploads\/2021\/01\/Heft-12-und-13.jpg","width":591,"height":591,"caption":"Vorlagenhefte f\u00fcr geschnitzte Weihnachtssterne der Schnitzstube Stadlhofer"},{"@type":"BreadcrumbList","@id":"https:\/\/www.franz-stadlhofer.at\/shop\/produkt\/vorlagenhefte-weihnachtssterne\/#breadcrumb","itemListElement":[{"@type":"ListItem","position":1,"name":"Startseite","item":"https:\/\/www.franz-stadlhofer.at\/shop\/"},{"@type":"ListItem","position":2,"name":"Produkte","item":"https:\/\/www.franz-stadlhofer.at\/shop\/shop\/"},{"@type":"ListItem","position":3,"name":"Vorlagenhefte &#8211; Weihnachtssterne"}]},{"@type":"WebSite","@id":"https:\/\/www.franz-stadlhofer.at\/shop\/#website","url":"https:\/\/www.franz-stadlhofer.at\/shop\/","name":"Schnitzstube Stadlhofer Shop","description":"Holzschnitzen Onlineshop","publisher":{"@id":"https:\/\/www.franz-stadlhofer.at\/shop\/#organization"},"potentialAction":[{"@type":"SearchAction","target":{"@type":"EntryPoint","urlTemplate":"https:\/\/www.franz-stadlhofer.at\/shop\/?s={search_term_string}"},"query-input":{"@type":"PropertyValueSpecification","valueRequired":true,"valueName":"search_term_string"}}],"inLanguage":"de"},{"@type":"Organization","@id":"https:\/\/www.franz-stadlhofer.at\/shop\/#organization","name":"Schnitzstube Stadlhofer Shop","url":"https:\/\/www.franz-stadlhofer.at\/shop\/","logo":{"@type":"ImageObject","inLanguage":"de","@id":"https:\/\/www.franz-stadlhofer.at\/shop\/#\/schema\/logo\/image\/","url":"https:\/\/www.franz-stadlhofer.at\/shop\/wp-content\/uploads\/2019\/10\/LOGO-2-RETINA.png","contentUrl":"https:\/\/www.franz-stadlhofer.at\/shop\/wp-content\/uploads\/2019\/10\/LOGO-2-RETINA.png","width":471,"height":160,"caption":"Schnitzstube Stadlhofer Shop"},"image":{"@id":"https:\/\/www.franz-stadlhofer.at\/shop\/#\/schema\/logo\/image\/"}}]}},"_links":{"self":[{"href":"https:\/\/www.franz-stadlhofer.at\/shop\/wp-json\/wp\/v2\/product\/25807","targetHints":{"allow":["GET"]}}],"collection":[{"href":"https:\/\/www.franz-stadlhofer.at\/shop\/wp-json\/wp\/v2\/product"}],"about":[{"href":"https:\/\/www.franz-stadlhofer.at\/shop\/wp-json\/wp\/v2\/types\/product"}],"wp:featuredmedia":[{"embeddable":true,"href":"https:\/\/www.franz-stadlhofer.at\/shop\/wp-json\/wp\/v2\/media\/35583"}],"wp:attachment":[{"href":"https:\/\/www.franz-stadlhofer.at\/shop\/wp-json\/wp\/v2\/media?parent=25807"}],"wp:term":[{"taxonomy":"product_brand","embeddable":true,"href":"https:\/\/www.franz-stadlhofer.at\/shop\/wp-json\/wp\/v2\/product_brand?post=25807"},{"taxonomy":"product_cat","embeddable":true,"href":"https:\/\/www.franz-stadlhofer.at\/shop\/wp-json\/wp\/v2\/product_cat?post=25807"},{"taxonomy":"product_tag","embeddable":true,"href":"https:\/\/www.franz-stadlhofer.at\/shop\/wp-json\/wp\/v2\/product_tag?post=25807"}],"curies":[{"name":"wp","href":"https:\/\/api.w.org\/{rel}","templated":true}]}}