{"id":25536,"date":"2021-01-08T14:26:00","date_gmt":"2021-01-08T13:26:00","guid":{"rendered":"https:\/\/www.franz-stadlhofer.at\/shop\/?post_type=product&#038;p=25536"},"modified":"2025-04-30T12:19:52","modified_gmt":"2025-04-30T10:19:52","slug":"zeigerpaar-doppelte-tropfen","status":"publish","type":"product","link":"https:\/\/www.franz-stadlhofer.at\/shop\/produkt\/zeigerpaar-doppelte-tropfen\/","title":{"rendered":"Zeigerpaar doppelte Tropfen"},"content":{"rendered":"<div class=\"fusion-fullwidth fullwidth-box fusion-builder-row-1 fusion-flex-container nonhundred-percent-fullwidth non-hundred-percent-height-scrolling\" style=\"--awb-border-radius-top-left:0px;--awb-border-radius-top-right:0px;--awb-border-radius-bottom-right:0px;--awb-border-radius-bottom-left:0px;--awb-flex-wrap:wrap;\" ><div class=\"fusion-builder-row fusion-row fusion-flex-align-items-flex-start fusion-flex-content-wrap\" style=\"max-width:1216.8px;margin-left: calc(-4% \/ 2 );margin-right: calc(-4% \/ 2 );\"><div class=\"fusion-layout-column fusion_builder_column fusion-builder-column-0 fusion_builder_column_1_1 1_1 fusion-flex-column\" style=\"--awb-bg-size:cover;--awb-width-large:100%;--awb-margin-top-large:0px;--awb-spacing-right-large:1.92%;--awb-margin-bottom-large:0px;--awb-spacing-left-large:1.92%;--awb-width-medium:100%;--awb-spacing-right-medium:1.92%;--awb-spacing-left-medium:1.92%;--awb-width-small:100%;--awb-spacing-right-small:1.92%;--awb-spacing-left-small:1.92%;\"><div class=\"fusion-column-wrapper fusion-flex-justify-content-flex-start fusion-content-layout-column\"><div class=\"fusion-text fusion-text-1\"><p>Die angegebene L\u00e4nge bezieht sich immer auf den l\u00e4ngeren Minutenzeiger und wird von der Zeigerspitze zur Lochmitte gemessen.<\/p>\n<ul>\n<li>Material: <strong><span style=\"color: #860707;\">Aluminium<\/span><\/strong><\/li>\n<li>Farbe: <strong><span style=\"color: #860707;\">schwarz<\/span><\/strong><\/li>\n<li><span style=\"color: #860707;\"><span style=\"color: black;\">Zeigerlochma\u00dfe: <\/span><\/span><strong><span style=\"color: #860707;\">Minutenzeiger: 2,8 x 3,5 mm | Stundenzeiger: \u00d8 5,0 mm<\/span><\/strong><\/li>\n<li>geeignet f\u00fcr Quarzuhrwerke mit Euroschaft<\/li>\n<\/ul>\n<p>Minutenzeigerl\u00e4nge: 103 mm (von Lochmitte)<\/p>\n<p>Stundenzeigerl\u00e4nge:\u00a0 \u00a070 mm (von Lochmitte)<\/p>\n<\/div><\/div><\/div><\/div><\/div>\n","protected":false},"excerpt":{"rendered":"","protected":false},"featured_media":25553,"template":"","meta":[],"product_brand":[],"product_cat":[795,768,1188],"product_tag":[],"class_list":{"0":"post-25536","1":"product","2":"type-product","3":"status-publish","4":"has-post-thumbnail","6":"product_cat-zeiger","7":"product_cat-uhrenbestandteile","8":"product_cat-drum-herum","9":"pa_zeigerlange-77-mm","10":"pa_zeigerlange-87-mm","11":"pa_zeigerlange-100-mm","12":"pa_zeigerlange-110-mm","13":"pa_zeigerlange-121-mm","14":"pa_zeigerlange-135-mm","16":"first","17":"instock","18":"taxable","19":"shipping-taxable","20":"purchasable","21":"product-type-simple"},"barcode":null,"atum_controlled":true,"out_stock_date":null,"out_stock_threshold":null,"inheritable":false,"stock_on_hold":0,"sold_today":0,"sales_last_days":0,"reserved_stock":0,"customer_returns":0,"warehouse_damage":0,"lost_in_post":0,"other_logs":0,"out_stock_days":0,"lost_sales":0,"update_date":"2026-04-29T00:06:14","atum_locations":[],"atum_stock_status":"instock","restock_status":false,"low_stock_amount":"","sales_update_date":"2026-04-29T00:06:14","calc_backorders":null,"yoast_head":"<!-- This site is optimized with the Yoast SEO plugin v27.4 - https:\/\/yoast.com\/product\/yoast-seo-wordpress\/ -->\n<title>Zeigerpaar doppelte Tropfen<\/title>\n<meta name=\"description\" content=\"Die angegebene L\u00e4nge bezieht sich immer auf den l\u00e4ngeren Minutenzeiger und wird von der Zeigerspitze zur Lochmitte gemessen. Material: Aluminium Farbe: schwarz Zeigerlochma\u00dfe: Minutenzeiger: 2,8 x 3,5 mm | Stundenzeiger: \u00d8 5,0 mm geeignet f\u00fcr Quarzuhrwerke mit Euroschaft\u00a0 W\u00e4hlen Sie die L\u00e4nge am Besten so aus, dass die Spitze des Minutenzeigers maximal bis zum \u00e4u\u00dferen Durchmesser des Zahlenkreises reicht. Sollte keine passende L\u00e4nge angef\u00fchrt sein, w\u00e4hlen Sie ein l\u00e4ngeres Zeigermodell, dass Sie dann k\u00fcrzen k\u00f6nnen.\" \/>\n<meta name=\"robots\" content=\"index, follow, max-snippet:-1, max-image-preview:large, max-video-preview:-1\" \/>\n<link rel=\"canonical\" href=\"https:\/\/www.franz-stadlhofer.at\/shop\/produkt\/zeigerpaar-doppelte-tropfen\/\" \/>\n<meta property=\"og:locale\" content=\"de_DE\" \/>\n<meta property=\"og:type\" content=\"article\" \/>\n<meta property=\"og:title\" content=\"Zeigerpaar doppelte Tropfen\" \/>\n<meta property=\"og:description\" content=\"Die angegebene L\u00e4nge bezieht sich immer auf den l\u00e4ngeren Minutenzeiger und wird von der Zeigerspitze zur Lochmitte gemessen. Material: Aluminium Farbe: schwarz Zeigerlochma\u00dfe: Minutenzeiger: 2,8 x 3,5 mm | Stundenzeiger: \u00d8 5,0 mm geeignet f\u00fcr Quarzuhrwerke mit Euroschaft\u00a0 W\u00e4hlen Sie die L\u00e4nge am Besten so aus, dass die Spitze des Minutenzeigers maximal bis zum \u00e4u\u00dferen Durchmesser des Zahlenkreises reicht. Sollte keine passende L\u00e4nge angef\u00fchrt sein, w\u00e4hlen Sie ein l\u00e4ngeres Zeigermodell, dass Sie dann k\u00fcrzen k\u00f6nnen.\" \/>\n<meta property=\"og:url\" content=\"https:\/\/www.franz-stadlhofer.at\/shop\/produkt\/zeigerpaar-doppelte-tropfen\/\" \/>\n<meta property=\"og:site_name\" content=\"Schnitzstube Stadlhofer Shop\" \/>\n<meta property=\"article:modified_time\" content=\"2025-04-30T10:19:52+00:00\" \/>\n<meta property=\"og:image\" content=\"https:\/\/www.franz-stadlhofer.at\/shop\/wp-content\/uploads\/2021\/01\/UZ-6146-Zeigerpaar-Doppel-Tropfen.jpg\" \/>\n\t<meta property=\"og:image:width\" content=\"1182\" \/>\n\t<meta property=\"og:image:height\" content=\"1182\" \/>\n\t<meta property=\"og:image:type\" content=\"image\/jpeg\" \/>\n<meta name=\"twitter:card\" content=\"summary_large_image\" \/>\n<meta name=\"twitter:label1\" content=\"Gesch\u00e4tzte Lesezeit\" \/>\n\t<meta name=\"twitter:data1\" content=\"1\u00a0Minute\" \/>\n<script type=\"application\/ld+json\" class=\"yoast-schema-graph\">{\"@context\":\"https:\\\/\\\/schema.org\",\"@graph\":[{\"@type\":\"WebPage\",\"@id\":\"https:\\\/\\\/www.franz-stadlhofer.at\\\/shop\\\/produkt\\\/zeigerpaar-doppelte-tropfen\\\/\",\"url\":\"https:\\\/\\\/www.franz-stadlhofer.at\\\/shop\\\/produkt\\\/zeigerpaar-doppelte-tropfen\\\/\",\"name\":\"Zeigerpaar doppelte Tropfen\",\"isPartOf\":{\"@id\":\"https:\\\/\\\/www.franz-stadlhofer.at\\\/shop\\\/#website\"},\"primaryImageOfPage\":{\"@id\":\"https:\\\/\\\/www.franz-stadlhofer.at\\\/shop\\\/produkt\\\/zeigerpaar-doppelte-tropfen\\\/#primaryimage\"},\"image\":{\"@id\":\"https:\\\/\\\/www.franz-stadlhofer.at\\\/shop\\\/produkt\\\/zeigerpaar-doppelte-tropfen\\\/#primaryimage\"},\"thumbnailUrl\":\"https:\\\/\\\/www.franz-stadlhofer.at\\\/shop\\\/wp-content\\\/uploads\\\/2021\\\/01\\\/UZ-6146-Zeigerpaar-Doppel-Tropfen.jpg\",\"datePublished\":\"2021-01-08T13:26:00+00:00\",\"dateModified\":\"2025-04-30T10:19:52+00:00\",\"description\":\"Die angegebene L\u00e4nge bezieht sich immer auf den l\u00e4ngeren Minutenzeiger und wird von der Zeigerspitze zur Lochmitte gemessen. Material: Aluminium Farbe: schwarz Zeigerlochma\u00dfe: Minutenzeiger: 2,8 x 3,5 mm | Stundenzeiger: \u00d8 5,0 mm geeignet f\u00fcr Quarzuhrwerke mit Euroschaft\u00a0 W\u00e4hlen Sie die L\u00e4nge am Besten so aus, dass die Spitze des Minutenzeigers maximal bis zum \u00e4u\u00dferen Durchmesser des Zahlenkreises reicht. Sollte keine passende L\u00e4nge angef\u00fchrt sein, w\u00e4hlen Sie ein l\u00e4ngeres Zeigermodell, dass Sie dann k\u00fcrzen k\u00f6nnen.\",\"breadcrumb\":{\"@id\":\"https:\\\/\\\/www.franz-stadlhofer.at\\\/shop\\\/produkt\\\/zeigerpaar-doppelte-tropfen\\\/#breadcrumb\"},\"inLanguage\":\"de\",\"potentialAction\":[{\"@type\":\"ReadAction\",\"target\":[\"https:\\\/\\\/www.franz-stadlhofer.at\\\/shop\\\/produkt\\\/zeigerpaar-doppelte-tropfen\\\/\"]}]},{\"@type\":\"ImageObject\",\"inLanguage\":\"de\",\"@id\":\"https:\\\/\\\/www.franz-stadlhofer.at\\\/shop\\\/produkt\\\/zeigerpaar-doppelte-tropfen\\\/#primaryimage\",\"url\":\"https:\\\/\\\/www.franz-stadlhofer.at\\\/shop\\\/wp-content\\\/uploads\\\/2021\\\/01\\\/UZ-6146-Zeigerpaar-Doppel-Tropfen.jpg\",\"contentUrl\":\"https:\\\/\\\/www.franz-stadlhofer.at\\\/shop\\\/wp-content\\\/uploads\\\/2021\\\/01\\\/UZ-6146-Zeigerpaar-Doppel-Tropfen.jpg\",\"width\":1182,\"height\":1182,\"caption\":\"Zeigerpaar - Schnitzstube Stadlhofer\"},{\"@type\":\"BreadcrumbList\",\"@id\":\"https:\\\/\\\/www.franz-stadlhofer.at\\\/shop\\\/produkt\\\/zeigerpaar-doppelte-tropfen\\\/#breadcrumb\",\"itemListElement\":[{\"@type\":\"ListItem\",\"position\":1,\"name\":\"Startseite\",\"item\":\"https:\\\/\\\/www.franz-stadlhofer.at\\\/shop\\\/\"},{\"@type\":\"ListItem\",\"position\":2,\"name\":\"Produkte\",\"item\":\"https:\\\/\\\/www.franz-stadlhofer.at\\\/shop\\\/shop\\\/\"},{\"@type\":\"ListItem\",\"position\":3,\"name\":\"Zeigerpaar doppelte Tropfen\"}]},{\"@type\":\"WebSite\",\"@id\":\"https:\\\/\\\/www.franz-stadlhofer.at\\\/shop\\\/#website\",\"url\":\"https:\\\/\\\/www.franz-stadlhofer.at\\\/shop\\\/\",\"name\":\"Schnitzstube Stadlhofer Shop\",\"description\":\"Holzschnitzen Onlineshop\",\"publisher\":{\"@id\":\"https:\\\/\\\/www.franz-stadlhofer.at\\\/shop\\\/#organization\"},\"potentialAction\":[{\"@type\":\"SearchAction\",\"target\":{\"@type\":\"EntryPoint\",\"urlTemplate\":\"https:\\\/\\\/www.franz-stadlhofer.at\\\/shop\\\/?s={search_term_string}\"},\"query-input\":{\"@type\":\"PropertyValueSpecification\",\"valueRequired\":true,\"valueName\":\"search_term_string\"}}],\"inLanguage\":\"de\"},{\"@type\":\"Organization\",\"@id\":\"https:\\\/\\\/www.franz-stadlhofer.at\\\/shop\\\/#organization\",\"name\":\"Schnitzstube Stadlhofer Shop\",\"url\":\"https:\\\/\\\/www.franz-stadlhofer.at\\\/shop\\\/\",\"logo\":{\"@type\":\"ImageObject\",\"inLanguage\":\"de\",\"@id\":\"https:\\\/\\\/www.franz-stadlhofer.at\\\/shop\\\/#\\\/schema\\\/logo\\\/image\\\/\",\"url\":\"https:\\\/\\\/www.franz-stadlhofer.at\\\/shop\\\/wp-content\\\/uploads\\\/2019\\\/10\\\/LOGO-2-RETINA.png\",\"contentUrl\":\"https:\\\/\\\/www.franz-stadlhofer.at\\\/shop\\\/wp-content\\\/uploads\\\/2019\\\/10\\\/LOGO-2-RETINA.png\",\"width\":471,\"height\":160,\"caption\":\"Schnitzstube Stadlhofer Shop\"},\"image\":{\"@id\":\"https:\\\/\\\/www.franz-stadlhofer.at\\\/shop\\\/#\\\/schema\\\/logo\\\/image\\\/\"}}]}<\/script>\n<!-- \/ Yoast SEO plugin. -->","yoast_head_json":{"title":"Zeigerpaar doppelte Tropfen","description":"Die angegebene L\u00e4nge bezieht sich immer auf den l\u00e4ngeren Minutenzeiger und wird von der Zeigerspitze zur Lochmitte gemessen. Material: Aluminium Farbe: schwarz Zeigerlochma\u00dfe: Minutenzeiger: 2,8 x 3,5 mm | Stundenzeiger: \u00d8 5,0 mm geeignet f\u00fcr Quarzuhrwerke mit Euroschaft\u00a0 W\u00e4hlen Sie die L\u00e4nge am Besten so aus, dass die Spitze des Minutenzeigers maximal bis zum \u00e4u\u00dferen Durchmesser des Zahlenkreises reicht. Sollte keine passende L\u00e4nge angef\u00fchrt sein, w\u00e4hlen Sie ein l\u00e4ngeres Zeigermodell, dass Sie dann k\u00fcrzen k\u00f6nnen.","robots":{"index":"index","follow":"follow","max-snippet":"max-snippet:-1","max-image-preview":"max-image-preview:large","max-video-preview":"max-video-preview:-1"},"canonical":"https:\/\/www.franz-stadlhofer.at\/shop\/produkt\/zeigerpaar-doppelte-tropfen\/","og_locale":"de_DE","og_type":"article","og_title":"Zeigerpaar doppelte Tropfen","og_description":"Die angegebene L\u00e4nge bezieht sich immer auf den l\u00e4ngeren Minutenzeiger und wird von der Zeigerspitze zur Lochmitte gemessen. Material: Aluminium Farbe: schwarz Zeigerlochma\u00dfe: Minutenzeiger: 2,8 x 3,5 mm | Stundenzeiger: \u00d8 5,0 mm geeignet f\u00fcr Quarzuhrwerke mit Euroschaft\u00a0 W\u00e4hlen Sie die L\u00e4nge am Besten so aus, dass die Spitze des Minutenzeigers maximal bis zum \u00e4u\u00dferen Durchmesser des Zahlenkreises reicht. Sollte keine passende L\u00e4nge angef\u00fchrt sein, w\u00e4hlen Sie ein l\u00e4ngeres Zeigermodell, dass Sie dann k\u00fcrzen k\u00f6nnen.","og_url":"https:\/\/www.franz-stadlhofer.at\/shop\/produkt\/zeigerpaar-doppelte-tropfen\/","og_site_name":"Schnitzstube Stadlhofer Shop","article_modified_time":"2025-04-30T10:19:52+00:00","og_image":[{"width":1182,"height":1182,"url":"https:\/\/www.franz-stadlhofer.at\/shop\/wp-content\/uploads\/2021\/01\/UZ-6146-Zeigerpaar-Doppel-Tropfen.jpg","type":"image\/jpeg"}],"twitter_card":"summary_large_image","twitter_misc":{"Gesch\u00e4tzte Lesezeit":"1\u00a0Minute"},"schema":{"@context":"https:\/\/schema.org","@graph":[{"@type":"WebPage","@id":"https:\/\/www.franz-stadlhofer.at\/shop\/produkt\/zeigerpaar-doppelte-tropfen\/","url":"https:\/\/www.franz-stadlhofer.at\/shop\/produkt\/zeigerpaar-doppelte-tropfen\/","name":"Zeigerpaar doppelte Tropfen","isPartOf":{"@id":"https:\/\/www.franz-stadlhofer.at\/shop\/#website"},"primaryImageOfPage":{"@id":"https:\/\/www.franz-stadlhofer.at\/shop\/produkt\/zeigerpaar-doppelte-tropfen\/#primaryimage"},"image":{"@id":"https:\/\/www.franz-stadlhofer.at\/shop\/produkt\/zeigerpaar-doppelte-tropfen\/#primaryimage"},"thumbnailUrl":"https:\/\/www.franz-stadlhofer.at\/shop\/wp-content\/uploads\/2021\/01\/UZ-6146-Zeigerpaar-Doppel-Tropfen.jpg","datePublished":"2021-01-08T13:26:00+00:00","dateModified":"2025-04-30T10:19:52+00:00","description":"Die angegebene L\u00e4nge bezieht sich immer auf den l\u00e4ngeren Minutenzeiger und wird von der Zeigerspitze zur Lochmitte gemessen. Material: Aluminium Farbe: schwarz Zeigerlochma\u00dfe: Minutenzeiger: 2,8 x 3,5 mm | Stundenzeiger: \u00d8 5,0 mm geeignet f\u00fcr Quarzuhrwerke mit Euroschaft\u00a0 W\u00e4hlen Sie die L\u00e4nge am Besten so aus, dass die Spitze des Minutenzeigers maximal bis zum \u00e4u\u00dferen Durchmesser des Zahlenkreises reicht. Sollte keine passende L\u00e4nge angef\u00fchrt sein, w\u00e4hlen Sie ein l\u00e4ngeres Zeigermodell, dass Sie dann k\u00fcrzen k\u00f6nnen.","breadcrumb":{"@id":"https:\/\/www.franz-stadlhofer.at\/shop\/produkt\/zeigerpaar-doppelte-tropfen\/#breadcrumb"},"inLanguage":"de","potentialAction":[{"@type":"ReadAction","target":["https:\/\/www.franz-stadlhofer.at\/shop\/produkt\/zeigerpaar-doppelte-tropfen\/"]}]},{"@type":"ImageObject","inLanguage":"de","@id":"https:\/\/www.franz-stadlhofer.at\/shop\/produkt\/zeigerpaar-doppelte-tropfen\/#primaryimage","url":"https:\/\/www.franz-stadlhofer.at\/shop\/wp-content\/uploads\/2021\/01\/UZ-6146-Zeigerpaar-Doppel-Tropfen.jpg","contentUrl":"https:\/\/www.franz-stadlhofer.at\/shop\/wp-content\/uploads\/2021\/01\/UZ-6146-Zeigerpaar-Doppel-Tropfen.jpg","width":1182,"height":1182,"caption":"Zeigerpaar - Schnitzstube Stadlhofer"},{"@type":"BreadcrumbList","@id":"https:\/\/www.franz-stadlhofer.at\/shop\/produkt\/zeigerpaar-doppelte-tropfen\/#breadcrumb","itemListElement":[{"@type":"ListItem","position":1,"name":"Startseite","item":"https:\/\/www.franz-stadlhofer.at\/shop\/"},{"@type":"ListItem","position":2,"name":"Produkte","item":"https:\/\/www.franz-stadlhofer.at\/shop\/shop\/"},{"@type":"ListItem","position":3,"name":"Zeigerpaar doppelte Tropfen"}]},{"@type":"WebSite","@id":"https:\/\/www.franz-stadlhofer.at\/shop\/#website","url":"https:\/\/www.franz-stadlhofer.at\/shop\/","name":"Schnitzstube Stadlhofer Shop","description":"Holzschnitzen Onlineshop","publisher":{"@id":"https:\/\/www.franz-stadlhofer.at\/shop\/#organization"},"potentialAction":[{"@type":"SearchAction","target":{"@type":"EntryPoint","urlTemplate":"https:\/\/www.franz-stadlhofer.at\/shop\/?s={search_term_string}"},"query-input":{"@type":"PropertyValueSpecification","valueRequired":true,"valueName":"search_term_string"}}],"inLanguage":"de"},{"@type":"Organization","@id":"https:\/\/www.franz-stadlhofer.at\/shop\/#organization","name":"Schnitzstube Stadlhofer Shop","url":"https:\/\/www.franz-stadlhofer.at\/shop\/","logo":{"@type":"ImageObject","inLanguage":"de","@id":"https:\/\/www.franz-stadlhofer.at\/shop\/#\/schema\/logo\/image\/","url":"https:\/\/www.franz-stadlhofer.at\/shop\/wp-content\/uploads\/2019\/10\/LOGO-2-RETINA.png","contentUrl":"https:\/\/www.franz-stadlhofer.at\/shop\/wp-content\/uploads\/2019\/10\/LOGO-2-RETINA.png","width":471,"height":160,"caption":"Schnitzstube Stadlhofer Shop"},"image":{"@id":"https:\/\/www.franz-stadlhofer.at\/shop\/#\/schema\/logo\/image\/"}}]}},"_links":{"self":[{"href":"https:\/\/www.franz-stadlhofer.at\/shop\/wp-json\/wp\/v2\/product\/25536","targetHints":{"allow":["GET"]}}],"collection":[{"href":"https:\/\/www.franz-stadlhofer.at\/shop\/wp-json\/wp\/v2\/product"}],"about":[{"href":"https:\/\/www.franz-stadlhofer.at\/shop\/wp-json\/wp\/v2\/types\/product"}],"wp:featuredmedia":[{"embeddable":true,"href":"https:\/\/www.franz-stadlhofer.at\/shop\/wp-json\/wp\/v2\/media\/25553"}],"wp:attachment":[{"href":"https:\/\/www.franz-stadlhofer.at\/shop\/wp-json\/wp\/v2\/media?parent=25536"}],"wp:term":[{"taxonomy":"product_brand","embeddable":true,"href":"https:\/\/www.franz-stadlhofer.at\/shop\/wp-json\/wp\/v2\/product_brand?post=25536"},{"taxonomy":"product_cat","embeddable":true,"href":"https:\/\/www.franz-stadlhofer.at\/shop\/wp-json\/wp\/v2\/product_cat?post=25536"},{"taxonomy":"product_tag","embeddable":true,"href":"https:\/\/www.franz-stadlhofer.at\/shop\/wp-json\/wp\/v2\/product_tag?post=25536"}],"curies":[{"name":"wp","href":"https:\/\/api.w.org\/{rel}","templated":true}]}}