{"id":25193,"date":"2020-12-19T16:36:38","date_gmt":"2020-12-19T15:36:38","guid":{"rendered":"https:\/\/www.franz-stadlhofer.at\/shop\/?post_type=product&#038;p=25193"},"modified":"2026-03-18T17:18:26","modified_gmt":"2026-03-18T16:18:26","slug":"set-pendeluhr-mit-biskottenmuster","status":"publish","type":"product","link":"https:\/\/www.franz-stadlhofer.at\/shop\/produkt\/set-pendeluhr-mit-biskottenmuster\/","title":{"rendered":"Set Pendeluhr mit Biskottenmuster"},"content":{"rendered":"<p>Ab jetzt m\u00fcssen Sie sich nicht mehr m\u00fchsam alle Einzelteile zusammen suchen, um diese geschnitzte Uhr herzustellen.<br \/>\nIn diesem wundersch\u00f6nen Pendeluhren-Set sind bereits alle Bestandteile enthalten, die aufeinander abgestimmt sind, um die abgebildete Uhr fertigen zu k\u00f6nnen. <span style=\"color: #ff0000;\"><strong>Sie m\u00fcssen Sie &#8222;nur mehr&#8220; schnitzen und zusammen bauen<\/strong><\/span>.<\/p>\n<p><strong>Ma\u00dfe: Ziffernblatt: L = 33,5 cm, B = 28 cm<\/strong><br \/>\n<strong>R\u00fcckteil: L = 73 cm, B = 22,5 cm<\/strong><br \/>\n<strong>Seitenteil: L = 22,5 cm, B = 6 cm<\/strong><\/p>\n<table style=\"float: left;\" border=\"1\" width=\"100%\" rules=\"rows\" cellpadding=\"10\">\n<tbody>\n<tr style=\"height: 22px;\">\n<td style=\"text-align: left;\">Set Bestandteile:<\/td>\n<td style=\"text-align: left;\"><strong><a title=\"quadratischer Uhrrahmen\" href=\"https:\/\/www.franz-stadlhofer.at\/shop\/produkt\/pendeluhr\/\">Uhr Rohling<\/a><\/strong><br \/>\n<a href=\"https:\/\/www.franz-stadlhofer.at\/shop\/produkt\/quarz-pendeluhrwerk-ohne-schlag-fur-gewichtsattrappen\/\"><strong>Quarz Uhrwerk<\/strong><\/a>, <a href=\"https:\/\/www.franz-stadlhofer.at\/shop\/produkt\/pendel-scheibe\/\"><strong>Pendel<\/strong><\/a>, <strong><a href=\"https:\/\/www.franz-stadlhofer.at\/shop\/produkt\/gewichtshulsen\/\">Gewichtsh\u00fclsen<\/a><\/strong>, <a title=\"Zeiger\" href=\"https:\/\/www.franz-stadlhofer.at\/shop\/produkt\/zeigerpaar-tropfen\/\"><strong>Zeiger Tropfen<\/strong>,<\/a> <strong><a href=\"https:\/\/www.franz-stadlhofer.at\/shop\/produkt\/sekundenzeiger\/\">Sekundenzeiger<\/a><\/strong>, <strong><a href=\"https:\/\/www.franz-stadlhofer.at\/shop\/produkt\/zahlensatz-kunststoff\/\">Zahlensatz<\/a>, <a href=\"https:\/\/www.franz-stadlhofer.at\/shop\/produkt\/scharnier-einfach\/\">Scharniere<\/a>, <a href=\"https:\/\/www.franz-stadlhofer.at\/shop\/produkt\/hakenverschluss\/\">Verschlusshaken<\/a>,<a href=\"https:\/\/www.franz-stadlhofer.at\/shop\/produkt\/ziernagel\/\"> Ziern\u00e4gel<\/a><\/strong>, <a title=\"Aufh\u00e4nger\" href=\"https:\/\/www.franz-stadlhofer.at\/shop\/produkt\/aufhanger\/\" target=\"_blank\" rel=\"noopener noreferrer\"><strong>Aufh\u00e4nger<\/strong><\/a><strong>, Mustervorlage<\/strong><\/td>\n<\/tr>\n<tr style=\"height: 22px;\">\n<td style=\"text-align: left;\">Empfohlene Schnitzkenntnisse:<\/td>\n<td style=\"text-align: left;\"><strong><a href=\"https:\/\/www.franz-stadlhofer.at\/kursthema\/kerb-flach-reliefschnitzen\/\">Kerbschnitt I &#8211; III sowie Reliefschnitt I<\/a><\/strong><\/td>\n<\/tr>\n<tr style=\"height: 22px;\">\n<td style=\"text-align: left;\">Empfohlenes Werkzeug \/ Zubeh\u00f6r:<\/td>\n<td style=\"text-align: left;\"><a href=\"https:\/\/www.franz-stadlhofer.at\/shop\/produkt\/vorlagenheft-8-geschnitzte-uhren\/\" target=\"_blank\" rel=\"noopener noreferrer\"><strong>Vorlagenheft 8<\/strong><\/a><br \/>\n<a href=\"https:\/\/www.franz-stadlhofer.at\/shop\/produkt\/mini-bugeleisen\/\"><strong>Mini-B\u00fcgeleisen<\/strong><\/a> zum Aufbringen des Musters<br \/>\n<a title=\"Beiz-Set\" href=\"https:\/\/www.franz-stadlhofer.at\/shop\/produkt\/beiz-set\/\"><strong>Beiz-Set<\/strong><\/a> zur Oberfl\u00e4chenbehandlung<br \/>\n<a title=\"Uhrenschl\u00fcssel\" href=\"https:\/\/www.franz-stadlhofer.at\/shop\/produkt\/uhrenschlussel\/\" target=\"_blank\" rel=\"noopener noreferrer\"><strong>Uhrenschl\u00fcssel <\/strong><\/a>zur Uhrenmontage<br \/>\n<a title=\"Ziffernblattschablone\" href=\"https:\/\/www.franz-stadlhofer.at\/shop\/produkt\/ziffernblattschablonen\/\" target=\"_blank\" rel=\"noopener noreferrer\"><strong>Ziffernblattschablonen <\/strong><\/a>zur Ziffernmontage<\/td>\n<\/tr>\n<\/tbody>\n<\/table>\n<p><!--more--><\/p>\n<p><!--more--><\/p>\n<p>&nbsp;<\/p>\n","protected":false},"excerpt":{"rendered":"<p>Ab jetzt m\u00fcssen Sie sich nicht mehr m\u00fchsam alle Einzelteile zusammen suchen, um diese geschnitzte Uhr herzustellen. In diesem wundersch\u00f6nen Pendeluhren-Set sind bereits alle Bestandteile enthalten, die aufeinander abgestimmt sind, um die abgebildete Uhr fertigen  [&#8230;]<\/p>\n","protected":false},"featured_media":25221,"template":"","meta":[],"product_brand":[],"product_cat":[1214,1216],"product_tag":[1239,1241,1255,1256],"class_list":{"0":"post-25193","1":"product","2":"type-product","3":"status-publish","4":"has-post-thumbnail","6":"product_cat-angebote","7":"product_cat-sets-zum-schnitzen","8":"product_tag-uhr","9":"product_tag-set","10":"product_tag-pendeluhr","11":"product_tag-biskottenmuster","12":"pa_form-rechteckig-26-x-14-x-8-cm","13":"pa_form-quadratisch-125-x-125-x-85-cm","15":"first","16":"instock","17":"taxable","18":"shipping-taxable","19":"purchasable","20":"product-type-simple"},"barcode":null,"atum_controlled":true,"out_stock_date":null,"out_stock_threshold":null,"inheritable":false,"stock_on_hold":0,"sold_today":0,"sales_last_days":0,"reserved_stock":0,"customer_returns":0,"warehouse_damage":0,"lost_in_post":0,"other_logs":0,"out_stock_days":0,"lost_sales":0,"update_date":"2026-04-16T00:02:30","atum_locations":[],"atum_stock_status":"instock","restock_status":false,"low_stock_amount":"","sales_update_date":"2026-04-16T00:02:30","calc_backorders":null,"yoast_head":"<!-- This site is optimized with the Yoast SEO plugin v27.3 - https:\/\/yoast.com\/product\/yoast-seo-wordpress\/ -->\n<title>Pendeluhr mit Biskottenmuster<\/title>\n<meta name=\"description\" content=\"Ab jetzt m\u00fcssen Sie sich nicht mehr m\u00fchsam alle Einzelteile zusammen suchen, um diese geschnitzte Uhr herzustellen. In diesem Uhren Set sind bereits alle Bestandteile enthalten, die aufeinander abgestimmt sind, um die abgebildete Uhr fertigen zu k\u00f6nnen. Sie m\u00fcssen Sie &quot;nur mehr&quot; schnitzen und zusammen bauen.\" \/>\n<meta name=\"robots\" content=\"index, follow, max-snippet:-1, max-image-preview:large, max-video-preview:-1\" \/>\n<link rel=\"canonical\" href=\"https:\/\/www.franz-stadlhofer.at\/shop\/produkt\/set-pendeluhr-mit-biskottenmuster\/\" \/>\n<meta property=\"og:locale\" content=\"de_DE\" \/>\n<meta property=\"og:type\" content=\"article\" \/>\n<meta property=\"og:title\" content=\"Pendeluhr mit Biskottenmuster\" \/>\n<meta property=\"og:description\" content=\"Ab jetzt m\u00fcssen Sie sich nicht mehr m\u00fchsam alle Einzelteile zusammen suchen, um diese geschnitzte Uhr herzustellen. In diesem Uhren Set sind bereits alle Bestandteile enthalten, die aufeinander abgestimmt sind, um die abgebildete Uhr fertigen zu k\u00f6nnen. Sie m\u00fcssen Sie &quot;nur mehr&quot; schnitzen und zusammen bauen.\" \/>\n<meta property=\"og:url\" content=\"https:\/\/www.franz-stadlhofer.at\/shop\/produkt\/set-pendeluhr-mit-biskottenmuster\/\" \/>\n<meta property=\"og:site_name\" content=\"Schnitzstube Stadlhofer Shop\" \/>\n<meta property=\"article:modified_time\" content=\"2026-03-18T16:18:26+00:00\" \/>\n<meta property=\"og:image\" content=\"https:\/\/www.franz-stadlhofer.at\/shop\/wp-content\/uploads\/2020\/12\/Set-Pendeluhr-Biskottenmuster1.jpg\" \/>\n\t<meta property=\"og:image:width\" content=\"986\" \/>\n\t<meta property=\"og:image:height\" content=\"985\" \/>\n\t<meta property=\"og:image:type\" content=\"image\/jpeg\" \/>\n<meta name=\"twitter:card\" content=\"summary_large_image\" \/>\n<meta name=\"twitter:label1\" content=\"Gesch\u00e4tzte Lesezeit\" \/>\n\t<meta name=\"twitter:data1\" content=\"1\u00a0Minute\" \/>\n<script type=\"application\/ld+json\" class=\"yoast-schema-graph\">{\"@context\":\"https:\\\/\\\/schema.org\",\"@graph\":[{\"@type\":\"WebPage\",\"@id\":\"https:\\\/\\\/www.franz-stadlhofer.at\\\/shop\\\/produkt\\\/set-pendeluhr-mit-biskottenmuster\\\/\",\"url\":\"https:\\\/\\\/www.franz-stadlhofer.at\\\/shop\\\/produkt\\\/set-pendeluhr-mit-biskottenmuster\\\/\",\"name\":\"Pendeluhr mit Biskottenmuster\",\"isPartOf\":{\"@id\":\"https:\\\/\\\/www.franz-stadlhofer.at\\\/shop\\\/#website\"},\"primaryImageOfPage\":{\"@id\":\"https:\\\/\\\/www.franz-stadlhofer.at\\\/shop\\\/produkt\\\/set-pendeluhr-mit-biskottenmuster\\\/#primaryimage\"},\"image\":{\"@id\":\"https:\\\/\\\/www.franz-stadlhofer.at\\\/shop\\\/produkt\\\/set-pendeluhr-mit-biskottenmuster\\\/#primaryimage\"},\"thumbnailUrl\":\"https:\\\/\\\/www.franz-stadlhofer.at\\\/shop\\\/wp-content\\\/uploads\\\/2020\\\/12\\\/Set-Pendeluhr-Biskottenmuster1.jpg\",\"datePublished\":\"2020-12-19T15:36:38+00:00\",\"dateModified\":\"2026-03-18T16:18:26+00:00\",\"description\":\"Ab jetzt m\u00fcssen Sie sich nicht mehr m\u00fchsam alle Einzelteile zusammen suchen, um diese geschnitzte Uhr herzustellen. In diesem Uhren Set sind bereits alle Bestandteile enthalten, die aufeinander abgestimmt sind, um die abgebildete Uhr fertigen zu k\u00f6nnen. Sie m\u00fcssen Sie \\\"nur mehr\\\" schnitzen und zusammen bauen.\",\"breadcrumb\":{\"@id\":\"https:\\\/\\\/www.franz-stadlhofer.at\\\/shop\\\/produkt\\\/set-pendeluhr-mit-biskottenmuster\\\/#breadcrumb\"},\"inLanguage\":\"de\",\"potentialAction\":[{\"@type\":\"ReadAction\",\"target\":[\"https:\\\/\\\/www.franz-stadlhofer.at\\\/shop\\\/produkt\\\/set-pendeluhr-mit-biskottenmuster\\\/\"]}]},{\"@type\":\"ImageObject\",\"inLanguage\":\"de\",\"@id\":\"https:\\\/\\\/www.franz-stadlhofer.at\\\/shop\\\/produkt\\\/set-pendeluhr-mit-biskottenmuster\\\/#primaryimage\",\"url\":\"https:\\\/\\\/www.franz-stadlhofer.at\\\/shop\\\/wp-content\\\/uploads\\\/2020\\\/12\\\/Set-Pendeluhr-Biskottenmuster1.jpg\",\"contentUrl\":\"https:\\\/\\\/www.franz-stadlhofer.at\\\/shop\\\/wp-content\\\/uploads\\\/2020\\\/12\\\/Set-Pendeluhr-Biskottenmuster1.jpg\",\"width\":986,\"height\":985,\"caption\":\"Set Pendeluhr Biskottenmuster - Schnitzstube Stadlhofer\"},{\"@type\":\"BreadcrumbList\",\"@id\":\"https:\\\/\\\/www.franz-stadlhofer.at\\\/shop\\\/produkt\\\/set-pendeluhr-mit-biskottenmuster\\\/#breadcrumb\",\"itemListElement\":[{\"@type\":\"ListItem\",\"position\":1,\"name\":\"Startseite\",\"item\":\"https:\\\/\\\/www.franz-stadlhofer.at\\\/shop\\\/\"},{\"@type\":\"ListItem\",\"position\":2,\"name\":\"Produkte\",\"item\":\"https:\\\/\\\/www.franz-stadlhofer.at\\\/shop\\\/shop\\\/\"},{\"@type\":\"ListItem\",\"position\":3,\"name\":\"Set Pendeluhr mit Biskottenmuster\"}]},{\"@type\":\"WebSite\",\"@id\":\"https:\\\/\\\/www.franz-stadlhofer.at\\\/shop\\\/#website\",\"url\":\"https:\\\/\\\/www.franz-stadlhofer.at\\\/shop\\\/\",\"name\":\"Schnitzstube Stadlhofer Shop\",\"description\":\"Holzschnitzen Onlineshop\",\"publisher\":{\"@id\":\"https:\\\/\\\/www.franz-stadlhofer.at\\\/shop\\\/#organization\"},\"potentialAction\":[{\"@type\":\"SearchAction\",\"target\":{\"@type\":\"EntryPoint\",\"urlTemplate\":\"https:\\\/\\\/www.franz-stadlhofer.at\\\/shop\\\/?s={search_term_string}\"},\"query-input\":{\"@type\":\"PropertyValueSpecification\",\"valueRequired\":true,\"valueName\":\"search_term_string\"}}],\"inLanguage\":\"de\"},{\"@type\":\"Organization\",\"@id\":\"https:\\\/\\\/www.franz-stadlhofer.at\\\/shop\\\/#organization\",\"name\":\"Schnitzstube Stadlhofer Shop\",\"url\":\"https:\\\/\\\/www.franz-stadlhofer.at\\\/shop\\\/\",\"logo\":{\"@type\":\"ImageObject\",\"inLanguage\":\"de\",\"@id\":\"https:\\\/\\\/www.franz-stadlhofer.at\\\/shop\\\/#\\\/schema\\\/logo\\\/image\\\/\",\"url\":\"https:\\\/\\\/www.franz-stadlhofer.at\\\/shop\\\/wp-content\\\/uploads\\\/2019\\\/10\\\/LOGO-2-RETINA.png\",\"contentUrl\":\"https:\\\/\\\/www.franz-stadlhofer.at\\\/shop\\\/wp-content\\\/uploads\\\/2019\\\/10\\\/LOGO-2-RETINA.png\",\"width\":471,\"height\":160,\"caption\":\"Schnitzstube Stadlhofer Shop\"},\"image\":{\"@id\":\"https:\\\/\\\/www.franz-stadlhofer.at\\\/shop\\\/#\\\/schema\\\/logo\\\/image\\\/\"}}]}<\/script>\n<!-- \/ Yoast SEO plugin. -->","yoast_head_json":{"title":"Pendeluhr mit Biskottenmuster","description":"Ab jetzt m\u00fcssen Sie sich nicht mehr m\u00fchsam alle Einzelteile zusammen suchen, um diese geschnitzte Uhr herzustellen. In diesem Uhren Set sind bereits alle Bestandteile enthalten, die aufeinander abgestimmt sind, um die abgebildete Uhr fertigen zu k\u00f6nnen. Sie m\u00fcssen Sie \"nur mehr\" schnitzen und zusammen bauen.","robots":{"index":"index","follow":"follow","max-snippet":"max-snippet:-1","max-image-preview":"max-image-preview:large","max-video-preview":"max-video-preview:-1"},"canonical":"https:\/\/www.franz-stadlhofer.at\/shop\/produkt\/set-pendeluhr-mit-biskottenmuster\/","og_locale":"de_DE","og_type":"article","og_title":"Pendeluhr mit Biskottenmuster","og_description":"Ab jetzt m\u00fcssen Sie sich nicht mehr m\u00fchsam alle Einzelteile zusammen suchen, um diese geschnitzte Uhr herzustellen. In diesem Uhren Set sind bereits alle Bestandteile enthalten, die aufeinander abgestimmt sind, um die abgebildete Uhr fertigen zu k\u00f6nnen. Sie m\u00fcssen Sie \"nur mehr\" schnitzen und zusammen bauen.","og_url":"https:\/\/www.franz-stadlhofer.at\/shop\/produkt\/set-pendeluhr-mit-biskottenmuster\/","og_site_name":"Schnitzstube Stadlhofer Shop","article_modified_time":"2026-03-18T16:18:26+00:00","og_image":[{"width":986,"height":985,"url":"https:\/\/www.franz-stadlhofer.at\/shop\/wp-content\/uploads\/2020\/12\/Set-Pendeluhr-Biskottenmuster1.jpg","type":"image\/jpeg"}],"twitter_card":"summary_large_image","twitter_misc":{"Gesch\u00e4tzte Lesezeit":"1\u00a0Minute"},"schema":{"@context":"https:\/\/schema.org","@graph":[{"@type":"WebPage","@id":"https:\/\/www.franz-stadlhofer.at\/shop\/produkt\/set-pendeluhr-mit-biskottenmuster\/","url":"https:\/\/www.franz-stadlhofer.at\/shop\/produkt\/set-pendeluhr-mit-biskottenmuster\/","name":"Pendeluhr mit Biskottenmuster","isPartOf":{"@id":"https:\/\/www.franz-stadlhofer.at\/shop\/#website"},"primaryImageOfPage":{"@id":"https:\/\/www.franz-stadlhofer.at\/shop\/produkt\/set-pendeluhr-mit-biskottenmuster\/#primaryimage"},"image":{"@id":"https:\/\/www.franz-stadlhofer.at\/shop\/produkt\/set-pendeluhr-mit-biskottenmuster\/#primaryimage"},"thumbnailUrl":"https:\/\/www.franz-stadlhofer.at\/shop\/wp-content\/uploads\/2020\/12\/Set-Pendeluhr-Biskottenmuster1.jpg","datePublished":"2020-12-19T15:36:38+00:00","dateModified":"2026-03-18T16:18:26+00:00","description":"Ab jetzt m\u00fcssen Sie sich nicht mehr m\u00fchsam alle Einzelteile zusammen suchen, um diese geschnitzte Uhr herzustellen. In diesem Uhren Set sind bereits alle Bestandteile enthalten, die aufeinander abgestimmt sind, um die abgebildete Uhr fertigen zu k\u00f6nnen. Sie m\u00fcssen Sie \"nur mehr\" schnitzen und zusammen bauen.","breadcrumb":{"@id":"https:\/\/www.franz-stadlhofer.at\/shop\/produkt\/set-pendeluhr-mit-biskottenmuster\/#breadcrumb"},"inLanguage":"de","potentialAction":[{"@type":"ReadAction","target":["https:\/\/www.franz-stadlhofer.at\/shop\/produkt\/set-pendeluhr-mit-biskottenmuster\/"]}]},{"@type":"ImageObject","inLanguage":"de","@id":"https:\/\/www.franz-stadlhofer.at\/shop\/produkt\/set-pendeluhr-mit-biskottenmuster\/#primaryimage","url":"https:\/\/www.franz-stadlhofer.at\/shop\/wp-content\/uploads\/2020\/12\/Set-Pendeluhr-Biskottenmuster1.jpg","contentUrl":"https:\/\/www.franz-stadlhofer.at\/shop\/wp-content\/uploads\/2020\/12\/Set-Pendeluhr-Biskottenmuster1.jpg","width":986,"height":985,"caption":"Set Pendeluhr Biskottenmuster - Schnitzstube Stadlhofer"},{"@type":"BreadcrumbList","@id":"https:\/\/www.franz-stadlhofer.at\/shop\/produkt\/set-pendeluhr-mit-biskottenmuster\/#breadcrumb","itemListElement":[{"@type":"ListItem","position":1,"name":"Startseite","item":"https:\/\/www.franz-stadlhofer.at\/shop\/"},{"@type":"ListItem","position":2,"name":"Produkte","item":"https:\/\/www.franz-stadlhofer.at\/shop\/shop\/"},{"@type":"ListItem","position":3,"name":"Set Pendeluhr mit Biskottenmuster"}]},{"@type":"WebSite","@id":"https:\/\/www.franz-stadlhofer.at\/shop\/#website","url":"https:\/\/www.franz-stadlhofer.at\/shop\/","name":"Schnitzstube Stadlhofer Shop","description":"Holzschnitzen Onlineshop","publisher":{"@id":"https:\/\/www.franz-stadlhofer.at\/shop\/#organization"},"potentialAction":[{"@type":"SearchAction","target":{"@type":"EntryPoint","urlTemplate":"https:\/\/www.franz-stadlhofer.at\/shop\/?s={search_term_string}"},"query-input":{"@type":"PropertyValueSpecification","valueRequired":true,"valueName":"search_term_string"}}],"inLanguage":"de"},{"@type":"Organization","@id":"https:\/\/www.franz-stadlhofer.at\/shop\/#organization","name":"Schnitzstube Stadlhofer Shop","url":"https:\/\/www.franz-stadlhofer.at\/shop\/","logo":{"@type":"ImageObject","inLanguage":"de","@id":"https:\/\/www.franz-stadlhofer.at\/shop\/#\/schema\/logo\/image\/","url":"https:\/\/www.franz-stadlhofer.at\/shop\/wp-content\/uploads\/2019\/10\/LOGO-2-RETINA.png","contentUrl":"https:\/\/www.franz-stadlhofer.at\/shop\/wp-content\/uploads\/2019\/10\/LOGO-2-RETINA.png","width":471,"height":160,"caption":"Schnitzstube Stadlhofer Shop"},"image":{"@id":"https:\/\/www.franz-stadlhofer.at\/shop\/#\/schema\/logo\/image\/"}}]}},"_links":{"self":[{"href":"https:\/\/www.franz-stadlhofer.at\/shop\/wp-json\/wp\/v2\/product\/25193","targetHints":{"allow":["GET"]}}],"collection":[{"href":"https:\/\/www.franz-stadlhofer.at\/shop\/wp-json\/wp\/v2\/product"}],"about":[{"href":"https:\/\/www.franz-stadlhofer.at\/shop\/wp-json\/wp\/v2\/types\/product"}],"wp:featuredmedia":[{"embeddable":true,"href":"https:\/\/www.franz-stadlhofer.at\/shop\/wp-json\/wp\/v2\/media\/25221"}],"wp:attachment":[{"href":"https:\/\/www.franz-stadlhofer.at\/shop\/wp-json\/wp\/v2\/media?parent=25193"}],"wp:term":[{"taxonomy":"product_brand","embeddable":true,"href":"https:\/\/www.franz-stadlhofer.at\/shop\/wp-json\/wp\/v2\/product_brand?post=25193"},{"taxonomy":"product_cat","embeddable":true,"href":"https:\/\/www.franz-stadlhofer.at\/shop\/wp-json\/wp\/v2\/product_cat?post=25193"},{"taxonomy":"product_tag","embeddable":true,"href":"https:\/\/www.franz-stadlhofer.at\/shop\/wp-json\/wp\/v2\/product_tag?post=25193"}],"curies":[{"name":"wp","href":"https:\/\/api.w.org\/{rel}","templated":true}]}}