{"id":24432,"date":"2020-11-29T17:02:21","date_gmt":"2020-11-29T16:02:21","guid":{"rendered":"https:\/\/www.franz-stadlhofer.at\/shop\/?post_type=product&#038;p=24432"},"modified":"2024-04-24T20:00:33","modified_gmt":"2024-04-24T18:00:33","slug":"ersatzspitzen-elektrischer-radierer","status":"publish","type":"product","link":"https:\/\/www.franz-stadlhofer.at\/shop\/produkt\/ersatzspitzen-elektrischer-radierer\/","title":{"rendered":"Ersatzspitzen elektrischer Radierer"},"content":{"rendered":"<p data-sanitized-data-mce-fragment=\"1\"><span data-sanitized-data-mce-fragment=\"1\">Ein Ersatzradierer des batteriebetriebenen Radierstiftes, wird einfach nur in die metallische Klemme an der Spitze des Stiftes gesteckt. Somit ist er fixiert und einsatzbereit f\u00fcr sauberes, schmierfreies Radieren. <\/span><\/p>\n<p data-sanitized-data-mce-fragment=\"1\"><span data-sanitized-data-mce-fragment=\"1\">Um ein genaueres Radieren zu erm\u00f6glichen k\u00f6nnen die Radierer auch angespitzt werden.<br \/>\n<\/span><\/p>\n<p data-sanitized-data-mce-fragment=\"1\"><span data-sanitized-data-mce-fragment=\"1\">Packungungsinhalt: 30 St\u00fcck<\/span><\/p>\n<p>Farbe: wei\u00df<\/p>\n","protected":false},"excerpt":{"rendered":"<p>Ein Ersatzradierer des batteriebetriebenen Radierstiftes, wird einfach nur in die metallische Klemme an der Spitze des Stiftes gesteckt. Somit ist er fixiert und einsatzbereit f\u00fcr sauberes, schmierfreies Radieren. Um ein genaueres Radieren zu erm\u00f6glichen k\u00f6nnen  [&#8230;]<\/p>\n","protected":false},"featured_media":24433,"template":"","meta":[],"product_brand":[],"product_cat":[792,1188],"product_tag":[1209,1210,1211],"class_list":{"0":"post-24432","1":"product","2":"type-product","3":"status-publish","4":"has-post-thumbnail","6":"product_cat-zeichnen-konstruieren","7":"product_cat-drum-herum","8":"product_tag-radiergummi","9":"product_tag-radierstift","10":"product_tag-derwent","12":"first","13":"instock","14":"taxable","15":"shipping-taxable","16":"purchasable","17":"product-type-simple"},"barcode":null,"atum_controlled":true,"out_stock_date":null,"out_stock_threshold":null,"inheritable":false,"stock_on_hold":0,"sold_today":0,"sales_last_days":0,"reserved_stock":0,"customer_returns":0,"warehouse_damage":0,"lost_in_post":0,"other_logs":0,"out_stock_days":0,"lost_sales":0,"update_date":"2026-04-15T00:01:13","atum_locations":[],"atum_stock_status":"instock","restock_status":false,"low_stock_amount":2,"sales_update_date":"2026-04-15T00:01:13","calc_backorders":null,"yoast_head":"<!-- This site is optimized with the Yoast SEO plugin v27.3 - https:\/\/yoast.com\/product\/yoast-seo-wordpress\/ -->\n<title>Radiergummiersatz<\/title>\n<meta name=\"description\" content=\"Ein Ersatzradierer des batteriebetriebenen Radierstiftes, wird einfach nur in die metallische Klemme an der Spitze des Stiftes gesteckt. Somit ist er fixiert und einsatzbereit f\u00fcr sauberes, schmierfreies Radieren.Um ein genaueres Radieren zu erm\u00f6glichen k\u00f6nnen die Radierer auch angespitzt werden.\" \/>\n<meta name=\"robots\" content=\"index, follow, max-snippet:-1, max-image-preview:large, max-video-preview:-1\" \/>\n<link rel=\"canonical\" href=\"https:\/\/www.franz-stadlhofer.at\/shop\/produkt\/ersatzspitzen-elektrischer-radierer\/\" \/>\n<meta property=\"og:locale\" content=\"de_DE\" \/>\n<meta property=\"og:type\" content=\"article\" \/>\n<meta property=\"og:title\" content=\"Radiergummiersatz\" \/>\n<meta property=\"og:description\" content=\"Ein Ersatzradierer des batteriebetriebenen Radierstiftes, wird einfach nur in die metallische Klemme an der Spitze des Stiftes gesteckt. Somit ist er fixiert und einsatzbereit f\u00fcr sauberes, schmierfreies Radieren.Um ein genaueres Radieren zu erm\u00f6glichen k\u00f6nnen die Radierer auch angespitzt werden.\" \/>\n<meta property=\"og:url\" content=\"https:\/\/www.franz-stadlhofer.at\/shop\/produkt\/ersatzspitzen-elektrischer-radierer\/\" \/>\n<meta property=\"og:site_name\" content=\"Schnitzstube Stadlhofer Shop\" \/>\n<meta property=\"article:modified_time\" content=\"2024-04-24T18:00:33+00:00\" \/>\n<meta property=\"og:image\" content=\"https:\/\/www.franz-stadlhofer.at\/shop\/wp-content\/uploads\/2020\/11\/ErsatzspitzenfuerelektrischenRadierer10x10.jpg\" \/>\n\t<meta property=\"og:image:width\" content=\"1182\" \/>\n\t<meta property=\"og:image:height\" content=\"1182\" \/>\n\t<meta property=\"og:image:type\" content=\"image\/jpeg\" \/>\n<meta name=\"twitter:card\" content=\"summary_large_image\" \/>\n<meta name=\"twitter:label1\" content=\"Gesch\u00e4tzte Lesezeit\" \/>\n\t<meta name=\"twitter:data1\" content=\"1\u00a0Minute\" \/>\n<script type=\"application\/ld+json\" class=\"yoast-schema-graph\">{\"@context\":\"https:\\\/\\\/schema.org\",\"@graph\":[{\"@type\":\"WebPage\",\"@id\":\"https:\\\/\\\/www.franz-stadlhofer.at\\\/shop\\\/produkt\\\/ersatzspitzen-elektrischer-radierer\\\/\",\"url\":\"https:\\\/\\\/www.franz-stadlhofer.at\\\/shop\\\/produkt\\\/ersatzspitzen-elektrischer-radierer\\\/\",\"name\":\"Radiergummiersatz\",\"isPartOf\":{\"@id\":\"https:\\\/\\\/www.franz-stadlhofer.at\\\/shop\\\/#website\"},\"primaryImageOfPage\":{\"@id\":\"https:\\\/\\\/www.franz-stadlhofer.at\\\/shop\\\/produkt\\\/ersatzspitzen-elektrischer-radierer\\\/#primaryimage\"},\"image\":{\"@id\":\"https:\\\/\\\/www.franz-stadlhofer.at\\\/shop\\\/produkt\\\/ersatzspitzen-elektrischer-radierer\\\/#primaryimage\"},\"thumbnailUrl\":\"https:\\\/\\\/www.franz-stadlhofer.at\\\/shop\\\/wp-content\\\/uploads\\\/2020\\\/11\\\/ErsatzspitzenfuerelektrischenRadierer10x10.jpg\",\"datePublished\":\"2020-11-29T16:02:21+00:00\",\"dateModified\":\"2024-04-24T18:00:33+00:00\",\"description\":\"Ein Ersatzradierer des batteriebetriebenen Radierstiftes, wird einfach nur in die metallische Klemme an der Spitze des Stiftes gesteckt. Somit ist er fixiert und einsatzbereit f\u00fcr sauberes, schmierfreies Radieren.Um ein genaueres Radieren zu erm\u00f6glichen k\u00f6nnen die Radierer auch angespitzt werden.\",\"breadcrumb\":{\"@id\":\"https:\\\/\\\/www.franz-stadlhofer.at\\\/shop\\\/produkt\\\/ersatzspitzen-elektrischer-radierer\\\/#breadcrumb\"},\"inLanguage\":\"de\",\"potentialAction\":[{\"@type\":\"ReadAction\",\"target\":[\"https:\\\/\\\/www.franz-stadlhofer.at\\\/shop\\\/produkt\\\/ersatzspitzen-elektrischer-radierer\\\/\"]}]},{\"@type\":\"ImageObject\",\"inLanguage\":\"de\",\"@id\":\"https:\\\/\\\/www.franz-stadlhofer.at\\\/shop\\\/produkt\\\/ersatzspitzen-elektrischer-radierer\\\/#primaryimage\",\"url\":\"https:\\\/\\\/www.franz-stadlhofer.at\\\/shop\\\/wp-content\\\/uploads\\\/2020\\\/11\\\/ErsatzspitzenfuerelektrischenRadierer10x10.jpg\",\"contentUrl\":\"https:\\\/\\\/www.franz-stadlhofer.at\\\/shop\\\/wp-content\\\/uploads\\\/2020\\\/11\\\/ErsatzspitzenfuerelektrischenRadierer10x10.jpg\",\"width\":1182,\"height\":1182,\"caption\":\"Elektrischer Radierer Ersatzminen - Schnitzstube Stadlhofer\"},{\"@type\":\"BreadcrumbList\",\"@id\":\"https:\\\/\\\/www.franz-stadlhofer.at\\\/shop\\\/produkt\\\/ersatzspitzen-elektrischer-radierer\\\/#breadcrumb\",\"itemListElement\":[{\"@type\":\"ListItem\",\"position\":1,\"name\":\"Startseite\",\"item\":\"https:\\\/\\\/www.franz-stadlhofer.at\\\/shop\\\/\"},{\"@type\":\"ListItem\",\"position\":2,\"name\":\"Produkte\",\"item\":\"https:\\\/\\\/www.franz-stadlhofer.at\\\/shop\\\/shop\\\/\"},{\"@type\":\"ListItem\",\"position\":3,\"name\":\"Ersatzspitzen elektrischer Radierer\"}]},{\"@type\":\"WebSite\",\"@id\":\"https:\\\/\\\/www.franz-stadlhofer.at\\\/shop\\\/#website\",\"url\":\"https:\\\/\\\/www.franz-stadlhofer.at\\\/shop\\\/\",\"name\":\"Schnitzstube Stadlhofer Shop\",\"description\":\"Holzschnitzen Onlineshop\",\"publisher\":{\"@id\":\"https:\\\/\\\/www.franz-stadlhofer.at\\\/shop\\\/#organization\"},\"potentialAction\":[{\"@type\":\"SearchAction\",\"target\":{\"@type\":\"EntryPoint\",\"urlTemplate\":\"https:\\\/\\\/www.franz-stadlhofer.at\\\/shop\\\/?s={search_term_string}\"},\"query-input\":{\"@type\":\"PropertyValueSpecification\",\"valueRequired\":true,\"valueName\":\"search_term_string\"}}],\"inLanguage\":\"de\"},{\"@type\":\"Organization\",\"@id\":\"https:\\\/\\\/www.franz-stadlhofer.at\\\/shop\\\/#organization\",\"name\":\"Schnitzstube Stadlhofer Shop\",\"url\":\"https:\\\/\\\/www.franz-stadlhofer.at\\\/shop\\\/\",\"logo\":{\"@type\":\"ImageObject\",\"inLanguage\":\"de\",\"@id\":\"https:\\\/\\\/www.franz-stadlhofer.at\\\/shop\\\/#\\\/schema\\\/logo\\\/image\\\/\",\"url\":\"https:\\\/\\\/www.franz-stadlhofer.at\\\/shop\\\/wp-content\\\/uploads\\\/2019\\\/10\\\/LOGO-2-RETINA.png\",\"contentUrl\":\"https:\\\/\\\/www.franz-stadlhofer.at\\\/shop\\\/wp-content\\\/uploads\\\/2019\\\/10\\\/LOGO-2-RETINA.png\",\"width\":471,\"height\":160,\"caption\":\"Schnitzstube Stadlhofer Shop\"},\"image\":{\"@id\":\"https:\\\/\\\/www.franz-stadlhofer.at\\\/shop\\\/#\\\/schema\\\/logo\\\/image\\\/\"}}]}<\/script>\n<!-- \/ Yoast SEO plugin. -->","yoast_head_json":{"title":"Radiergummiersatz","description":"Ein Ersatzradierer des batteriebetriebenen Radierstiftes, wird einfach nur in die metallische Klemme an der Spitze des Stiftes gesteckt. Somit ist er fixiert und einsatzbereit f\u00fcr sauberes, schmierfreies Radieren.Um ein genaueres Radieren zu erm\u00f6glichen k\u00f6nnen die Radierer auch angespitzt werden.","robots":{"index":"index","follow":"follow","max-snippet":"max-snippet:-1","max-image-preview":"max-image-preview:large","max-video-preview":"max-video-preview:-1"},"canonical":"https:\/\/www.franz-stadlhofer.at\/shop\/produkt\/ersatzspitzen-elektrischer-radierer\/","og_locale":"de_DE","og_type":"article","og_title":"Radiergummiersatz","og_description":"Ein Ersatzradierer des batteriebetriebenen Radierstiftes, wird einfach nur in die metallische Klemme an der Spitze des Stiftes gesteckt. Somit ist er fixiert und einsatzbereit f\u00fcr sauberes, schmierfreies Radieren.Um ein genaueres Radieren zu erm\u00f6glichen k\u00f6nnen die Radierer auch angespitzt werden.","og_url":"https:\/\/www.franz-stadlhofer.at\/shop\/produkt\/ersatzspitzen-elektrischer-radierer\/","og_site_name":"Schnitzstube Stadlhofer Shop","article_modified_time":"2024-04-24T18:00:33+00:00","og_image":[{"width":1182,"height":1182,"url":"https:\/\/www.franz-stadlhofer.at\/shop\/wp-content\/uploads\/2020\/11\/ErsatzspitzenfuerelektrischenRadierer10x10.jpg","type":"image\/jpeg"}],"twitter_card":"summary_large_image","twitter_misc":{"Gesch\u00e4tzte Lesezeit":"1\u00a0Minute"},"schema":{"@context":"https:\/\/schema.org","@graph":[{"@type":"WebPage","@id":"https:\/\/www.franz-stadlhofer.at\/shop\/produkt\/ersatzspitzen-elektrischer-radierer\/","url":"https:\/\/www.franz-stadlhofer.at\/shop\/produkt\/ersatzspitzen-elektrischer-radierer\/","name":"Radiergummiersatz","isPartOf":{"@id":"https:\/\/www.franz-stadlhofer.at\/shop\/#website"},"primaryImageOfPage":{"@id":"https:\/\/www.franz-stadlhofer.at\/shop\/produkt\/ersatzspitzen-elektrischer-radierer\/#primaryimage"},"image":{"@id":"https:\/\/www.franz-stadlhofer.at\/shop\/produkt\/ersatzspitzen-elektrischer-radierer\/#primaryimage"},"thumbnailUrl":"https:\/\/www.franz-stadlhofer.at\/shop\/wp-content\/uploads\/2020\/11\/ErsatzspitzenfuerelektrischenRadierer10x10.jpg","datePublished":"2020-11-29T16:02:21+00:00","dateModified":"2024-04-24T18:00:33+00:00","description":"Ein Ersatzradierer des batteriebetriebenen Radierstiftes, wird einfach nur in die metallische Klemme an der Spitze des Stiftes gesteckt. Somit ist er fixiert und einsatzbereit f\u00fcr sauberes, schmierfreies Radieren.Um ein genaueres Radieren zu erm\u00f6glichen k\u00f6nnen die Radierer auch angespitzt werden.","breadcrumb":{"@id":"https:\/\/www.franz-stadlhofer.at\/shop\/produkt\/ersatzspitzen-elektrischer-radierer\/#breadcrumb"},"inLanguage":"de","potentialAction":[{"@type":"ReadAction","target":["https:\/\/www.franz-stadlhofer.at\/shop\/produkt\/ersatzspitzen-elektrischer-radierer\/"]}]},{"@type":"ImageObject","inLanguage":"de","@id":"https:\/\/www.franz-stadlhofer.at\/shop\/produkt\/ersatzspitzen-elektrischer-radierer\/#primaryimage","url":"https:\/\/www.franz-stadlhofer.at\/shop\/wp-content\/uploads\/2020\/11\/ErsatzspitzenfuerelektrischenRadierer10x10.jpg","contentUrl":"https:\/\/www.franz-stadlhofer.at\/shop\/wp-content\/uploads\/2020\/11\/ErsatzspitzenfuerelektrischenRadierer10x10.jpg","width":1182,"height":1182,"caption":"Elektrischer Radierer Ersatzminen - Schnitzstube Stadlhofer"},{"@type":"BreadcrumbList","@id":"https:\/\/www.franz-stadlhofer.at\/shop\/produkt\/ersatzspitzen-elektrischer-radierer\/#breadcrumb","itemListElement":[{"@type":"ListItem","position":1,"name":"Startseite","item":"https:\/\/www.franz-stadlhofer.at\/shop\/"},{"@type":"ListItem","position":2,"name":"Produkte","item":"https:\/\/www.franz-stadlhofer.at\/shop\/shop\/"},{"@type":"ListItem","position":3,"name":"Ersatzspitzen elektrischer Radierer"}]},{"@type":"WebSite","@id":"https:\/\/www.franz-stadlhofer.at\/shop\/#website","url":"https:\/\/www.franz-stadlhofer.at\/shop\/","name":"Schnitzstube Stadlhofer Shop","description":"Holzschnitzen Onlineshop","publisher":{"@id":"https:\/\/www.franz-stadlhofer.at\/shop\/#organization"},"potentialAction":[{"@type":"SearchAction","target":{"@type":"EntryPoint","urlTemplate":"https:\/\/www.franz-stadlhofer.at\/shop\/?s={search_term_string}"},"query-input":{"@type":"PropertyValueSpecification","valueRequired":true,"valueName":"search_term_string"}}],"inLanguage":"de"},{"@type":"Organization","@id":"https:\/\/www.franz-stadlhofer.at\/shop\/#organization","name":"Schnitzstube Stadlhofer Shop","url":"https:\/\/www.franz-stadlhofer.at\/shop\/","logo":{"@type":"ImageObject","inLanguage":"de","@id":"https:\/\/www.franz-stadlhofer.at\/shop\/#\/schema\/logo\/image\/","url":"https:\/\/www.franz-stadlhofer.at\/shop\/wp-content\/uploads\/2019\/10\/LOGO-2-RETINA.png","contentUrl":"https:\/\/www.franz-stadlhofer.at\/shop\/wp-content\/uploads\/2019\/10\/LOGO-2-RETINA.png","width":471,"height":160,"caption":"Schnitzstube Stadlhofer Shop"},"image":{"@id":"https:\/\/www.franz-stadlhofer.at\/shop\/#\/schema\/logo\/image\/"}}]}},"_links":{"self":[{"href":"https:\/\/www.franz-stadlhofer.at\/shop\/wp-json\/wp\/v2\/product\/24432","targetHints":{"allow":["GET"]}}],"collection":[{"href":"https:\/\/www.franz-stadlhofer.at\/shop\/wp-json\/wp\/v2\/product"}],"about":[{"href":"https:\/\/www.franz-stadlhofer.at\/shop\/wp-json\/wp\/v2\/types\/product"}],"wp:featuredmedia":[{"embeddable":true,"href":"https:\/\/www.franz-stadlhofer.at\/shop\/wp-json\/wp\/v2\/media\/24433"}],"wp:attachment":[{"href":"https:\/\/www.franz-stadlhofer.at\/shop\/wp-json\/wp\/v2\/media?parent=24432"}],"wp:term":[{"taxonomy":"product_brand","embeddable":true,"href":"https:\/\/www.franz-stadlhofer.at\/shop\/wp-json\/wp\/v2\/product_brand?post=24432"},{"taxonomy":"product_cat","embeddable":true,"href":"https:\/\/www.franz-stadlhofer.at\/shop\/wp-json\/wp\/v2\/product_cat?post=24432"},{"taxonomy":"product_tag","embeddable":true,"href":"https:\/\/www.franz-stadlhofer.at\/shop\/wp-json\/wp\/v2\/product_tag?post=24432"}],"curies":[{"name":"wp","href":"https:\/\/api.w.org\/{rel}","templated":true}]}}