{"id":22988,"date":"2020-04-17T11:50:12","date_gmt":"2020-04-17T09:50:12","guid":{"rendered":"https:\/\/www.franz-stadlhofer.at\/shop\/?post_type=product&#038;p=22988"},"modified":"2025-11-01T09:57:38","modified_gmt":"2025-11-01T08:57:38","slug":"flachpinsel-breit","status":"publish","type":"product","link":"https:\/\/www.franz-stadlhofer.at\/shop\/produkt\/flachpinsel-breit\/","title":{"rendered":"Flachpinsel breit"},"content":{"rendered":"<p>Dieser vollverklebte Flachpinsel mit Kunststoffstiel und verzinkter Zwinge zeichnet sich durch eine gute Farbaufnahme, Farbhalteverm\u00f6gen und einer geringen Quellung aus. Er ist f\u00fcr alle einfachen Arbeiten mit allen wasser- und l\u00f6semittelhaltigen Farben und Lacken geeignet.<\/p>\n<p>Wir setzen diesen Pinsel in der Oberfl\u00e4chenbehandlung f\u00fcr das Abschlie\u00dfen des Werkst\u00fccks mit Holzschutzwachs ein. Eine Verwechslung mit den Beizpinseln ist somit nicht mehr m\u00f6glich.<\/p>\n<p>Breite: 40 mm<\/p>\n","protected":false},"excerpt":{"rendered":"<p>Dieser vollverklebte Flachpinsel mit Kunststoffstiel und verzinkter Zwinge zeichnet sich durch eine gute Farbaufnahme, Farbhalteverm\u00f6gen und einer geringen Quellung aus. Er ist f\u00fcr alle einfachen Arbeiten mit allen wasser- und l\u00f6semittelhaltigen Farben und Lacken geeignet.  [&#8230;]<\/p>\n","protected":false},"featured_media":22989,"template":"","meta":[],"product_brand":[809],"product_cat":[791,1188],"product_tag":[],"class_list":{"0":"post-22988","1":"product","2":"type-product","3":"status-publish","4":"has-post-thumbnail","6":"product_brand-schuller","7":"product_cat-oberflachenbehandlung","8":"product_cat-drum-herum","10":"first","11":"instock","12":"taxable","13":"shipping-taxable","14":"purchasable","15":"product-type-simple"},"barcode":null,"atum_controlled":true,"out_stock_date":null,"out_stock_threshold":null,"inheritable":false,"stock_on_hold":0,"sold_today":0,"sales_last_days":0,"reserved_stock":0,"customer_returns":0,"warehouse_damage":0,"lost_in_post":0,"other_logs":0,"out_stock_days":0,"lost_sales":0,"update_date":"2026-05-17T00:11:10","atum_locations":[],"atum_stock_status":"instock","restock_status":false,"low_stock_amount":"","sales_update_date":"2026-05-17T00:11:10","calc_backorders":null,"yoast_head":"<!-- This site is optimized with the Yoast SEO plugin v27.5 - https:\/\/yoast.com\/product\/yoast-seo-wordpress\/ -->\n<title>Flachpinsel breit<\/title>\n<meta name=\"description\" content=\"Dieser vollverklebte Flachpinsel mit Kunststoffstiel und verzinkter Zwinge zeichnet sich durch eine gute Farbaufnahme, Farbhalteverm\u00f6gen und einer geringen Quellung aus. Er ist f\u00fcr alle einfachen Arbeiten mit allen wasser- und l\u00f6semittelhaltigen Farben und Lacken geeignet. Wir setzen diesen Pinsel in der Oberfl\u00e4chenbehandlung f\u00fcr das Abschlie\u00dfen des Werkst\u00fccks mit Holzschutzwachs ein. Eine Verwechslung mit den Beizpinseln ist somit nicht mehr m\u00f6glich. Breite: 40 mm\" \/>\n<meta name=\"robots\" content=\"index, follow, max-snippet:-1, max-image-preview:large, max-video-preview:-1\" \/>\n<link rel=\"canonical\" href=\"https:\/\/www.franz-stadlhofer.at\/shop\/produkt\/flachpinsel-breit\/\" \/>\n<meta property=\"og:locale\" content=\"de_DE\" \/>\n<meta property=\"og:type\" content=\"article\" \/>\n<meta property=\"og:title\" content=\"Flachpinsel breit\" \/>\n<meta property=\"og:description\" content=\"Dieser vollverklebte Flachpinsel mit Kunststoffstiel und verzinkter Zwinge zeichnet sich durch eine gute Farbaufnahme, Farbhalteverm\u00f6gen und einer geringen Quellung aus. Er ist f\u00fcr alle einfachen Arbeiten mit allen wasser- und l\u00f6semittelhaltigen Farben und Lacken geeignet. Wir setzen diesen Pinsel in der Oberfl\u00e4chenbehandlung f\u00fcr das Abschlie\u00dfen des Werkst\u00fccks mit Holzschutzwachs ein. Eine Verwechslung mit den Beizpinseln ist somit nicht mehr m\u00f6glich. Breite: 40 mm\" \/>\n<meta property=\"og:url\" content=\"https:\/\/www.franz-stadlhofer.at\/shop\/produkt\/flachpinsel-breit\/\" \/>\n<meta property=\"og:site_name\" content=\"Schnitzstube Stadlhofer Shop\" \/>\n<meta property=\"article:modified_time\" content=\"2025-11-01T08:57:38+00:00\" \/>\n<meta property=\"og:image\" content=\"https:\/\/www.franz-stadlhofer.at\/shop\/wp-content\/uploads\/2020\/04\/products-Flachpinsel.jpg\" \/>\n\t<meta property=\"og:image:width\" content=\"1181\" \/>\n\t<meta property=\"og:image:height\" content=\"1181\" \/>\n\t<meta property=\"og:image:type\" content=\"image\/jpeg\" \/>\n<meta name=\"twitter:card\" content=\"summary_large_image\" \/>\n<script type=\"application\/ld+json\" class=\"yoast-schema-graph\">{\"@context\":\"https:\\\/\\\/schema.org\",\"@graph\":[{\"@type\":\"WebPage\",\"@id\":\"https:\\\/\\\/www.franz-stadlhofer.at\\\/shop\\\/produkt\\\/flachpinsel-breit\\\/\",\"url\":\"https:\\\/\\\/www.franz-stadlhofer.at\\\/shop\\\/produkt\\\/flachpinsel-breit\\\/\",\"name\":\"Flachpinsel breit\",\"isPartOf\":{\"@id\":\"https:\\\/\\\/www.franz-stadlhofer.at\\\/shop\\\/#website\"},\"primaryImageOfPage\":{\"@id\":\"https:\\\/\\\/www.franz-stadlhofer.at\\\/shop\\\/produkt\\\/flachpinsel-breit\\\/#primaryimage\"},\"image\":{\"@id\":\"https:\\\/\\\/www.franz-stadlhofer.at\\\/shop\\\/produkt\\\/flachpinsel-breit\\\/#primaryimage\"},\"thumbnailUrl\":\"https:\\\/\\\/www.franz-stadlhofer.at\\\/shop\\\/wp-content\\\/uploads\\\/2020\\\/04\\\/products-Flachpinsel.jpg\",\"datePublished\":\"2020-04-17T09:50:12+00:00\",\"dateModified\":\"2025-11-01T08:57:38+00:00\",\"description\":\"Dieser vollverklebte Flachpinsel mit Kunststoffstiel und verzinkter Zwinge zeichnet sich durch eine gute Farbaufnahme, Farbhalteverm\u00f6gen und einer geringen Quellung aus. Er ist f\u00fcr alle einfachen Arbeiten mit allen wasser- und l\u00f6semittelhaltigen Farben und Lacken geeignet. Wir setzen diesen Pinsel in der Oberfl\u00e4chenbehandlung f\u00fcr das Abschlie\u00dfen des Werkst\u00fccks mit Holzschutzwachs ein. Eine Verwechslung mit den Beizpinseln ist somit nicht mehr m\u00f6glich. Breite: 40 mm\",\"breadcrumb\":{\"@id\":\"https:\\\/\\\/www.franz-stadlhofer.at\\\/shop\\\/produkt\\\/flachpinsel-breit\\\/#breadcrumb\"},\"inLanguage\":\"de\",\"potentialAction\":[{\"@type\":\"ReadAction\",\"target\":[\"https:\\\/\\\/www.franz-stadlhofer.at\\\/shop\\\/produkt\\\/flachpinsel-breit\\\/\"]}]},{\"@type\":\"ImageObject\",\"inLanguage\":\"de\",\"@id\":\"https:\\\/\\\/www.franz-stadlhofer.at\\\/shop\\\/produkt\\\/flachpinsel-breit\\\/#primaryimage\",\"url\":\"https:\\\/\\\/www.franz-stadlhofer.at\\\/shop\\\/wp-content\\\/uploads\\\/2020\\\/04\\\/products-Flachpinsel.jpg\",\"contentUrl\":\"https:\\\/\\\/www.franz-stadlhofer.at\\\/shop\\\/wp-content\\\/uploads\\\/2020\\\/04\\\/products-Flachpinsel.jpg\",\"width\":\"1181\",\"height\":\"1181\",\"caption\":\"Flachpinsel breit - Schnitzstube Stadlhofer Shop\"},{\"@type\":\"BreadcrumbList\",\"@id\":\"https:\\\/\\\/www.franz-stadlhofer.at\\\/shop\\\/produkt\\\/flachpinsel-breit\\\/#breadcrumb\",\"itemListElement\":[{\"@type\":\"ListItem\",\"position\":1,\"name\":\"Startseite\",\"item\":\"https:\\\/\\\/www.franz-stadlhofer.at\\\/shop\\\/\"},{\"@type\":\"ListItem\",\"position\":2,\"name\":\"Produkte\",\"item\":\"https:\\\/\\\/www.franz-stadlhofer.at\\\/shop\\\/shop\\\/\"},{\"@type\":\"ListItem\",\"position\":3,\"name\":\"Flachpinsel breit\"}]},{\"@type\":\"WebSite\",\"@id\":\"https:\\\/\\\/www.franz-stadlhofer.at\\\/shop\\\/#website\",\"url\":\"https:\\\/\\\/www.franz-stadlhofer.at\\\/shop\\\/\",\"name\":\"Schnitzstube Stadlhofer Shop\",\"description\":\"Holzschnitzen Onlineshop\",\"publisher\":{\"@id\":\"https:\\\/\\\/www.franz-stadlhofer.at\\\/shop\\\/#organization\"},\"potentialAction\":[{\"@type\":\"SearchAction\",\"target\":{\"@type\":\"EntryPoint\",\"urlTemplate\":\"https:\\\/\\\/www.franz-stadlhofer.at\\\/shop\\\/?s={search_term_string}\"},\"query-input\":{\"@type\":\"PropertyValueSpecification\",\"valueRequired\":true,\"valueName\":\"search_term_string\"}}],\"inLanguage\":\"de\"},{\"@type\":\"Organization\",\"@id\":\"https:\\\/\\\/www.franz-stadlhofer.at\\\/shop\\\/#organization\",\"name\":\"Schnitzstube Stadlhofer Shop\",\"url\":\"https:\\\/\\\/www.franz-stadlhofer.at\\\/shop\\\/\",\"logo\":{\"@type\":\"ImageObject\",\"inLanguage\":\"de\",\"@id\":\"https:\\\/\\\/www.franz-stadlhofer.at\\\/shop\\\/#\\\/schema\\\/logo\\\/image\\\/\",\"url\":\"https:\\\/\\\/www.franz-stadlhofer.at\\\/shop\\\/wp-content\\\/uploads\\\/2019\\\/10\\\/LOGO-2-RETINA.png\",\"contentUrl\":\"https:\\\/\\\/www.franz-stadlhofer.at\\\/shop\\\/wp-content\\\/uploads\\\/2019\\\/10\\\/LOGO-2-RETINA.png\",\"width\":471,\"height\":160,\"caption\":\"Schnitzstube Stadlhofer Shop\"},\"image\":{\"@id\":\"https:\\\/\\\/www.franz-stadlhofer.at\\\/shop\\\/#\\\/schema\\\/logo\\\/image\\\/\"}}]}<\/script>\n<!-- \/ Yoast SEO plugin. -->","yoast_head_json":{"title":"Flachpinsel breit","description":"Dieser vollverklebte Flachpinsel mit Kunststoffstiel und verzinkter Zwinge zeichnet sich durch eine gute Farbaufnahme, Farbhalteverm\u00f6gen und einer geringen Quellung aus. Er ist f\u00fcr alle einfachen Arbeiten mit allen wasser- und l\u00f6semittelhaltigen Farben und Lacken geeignet. Wir setzen diesen Pinsel in der Oberfl\u00e4chenbehandlung f\u00fcr das Abschlie\u00dfen des Werkst\u00fccks mit Holzschutzwachs ein. Eine Verwechslung mit den Beizpinseln ist somit nicht mehr m\u00f6glich. Breite: 40 mm","robots":{"index":"index","follow":"follow","max-snippet":"max-snippet:-1","max-image-preview":"max-image-preview:large","max-video-preview":"max-video-preview:-1"},"canonical":"https:\/\/www.franz-stadlhofer.at\/shop\/produkt\/flachpinsel-breit\/","og_locale":"de_DE","og_type":"article","og_title":"Flachpinsel breit","og_description":"Dieser vollverklebte Flachpinsel mit Kunststoffstiel und verzinkter Zwinge zeichnet sich durch eine gute Farbaufnahme, Farbhalteverm\u00f6gen und einer geringen Quellung aus. Er ist f\u00fcr alle einfachen Arbeiten mit allen wasser- und l\u00f6semittelhaltigen Farben und Lacken geeignet. Wir setzen diesen Pinsel in der Oberfl\u00e4chenbehandlung f\u00fcr das Abschlie\u00dfen des Werkst\u00fccks mit Holzschutzwachs ein. Eine Verwechslung mit den Beizpinseln ist somit nicht mehr m\u00f6glich. Breite: 40 mm","og_url":"https:\/\/www.franz-stadlhofer.at\/shop\/produkt\/flachpinsel-breit\/","og_site_name":"Schnitzstube Stadlhofer Shop","article_modified_time":"2025-11-01T08:57:38+00:00","og_image":[{"width":1181,"height":1181,"url":"https:\/\/www.franz-stadlhofer.at\/shop\/wp-content\/uploads\/2020\/04\/products-Flachpinsel.jpg","type":"image\/jpeg"}],"twitter_card":"summary_large_image","schema":{"@context":"https:\/\/schema.org","@graph":[{"@type":"WebPage","@id":"https:\/\/www.franz-stadlhofer.at\/shop\/produkt\/flachpinsel-breit\/","url":"https:\/\/www.franz-stadlhofer.at\/shop\/produkt\/flachpinsel-breit\/","name":"Flachpinsel breit","isPartOf":{"@id":"https:\/\/www.franz-stadlhofer.at\/shop\/#website"},"primaryImageOfPage":{"@id":"https:\/\/www.franz-stadlhofer.at\/shop\/produkt\/flachpinsel-breit\/#primaryimage"},"image":{"@id":"https:\/\/www.franz-stadlhofer.at\/shop\/produkt\/flachpinsel-breit\/#primaryimage"},"thumbnailUrl":"https:\/\/www.franz-stadlhofer.at\/shop\/wp-content\/uploads\/2020\/04\/products-Flachpinsel.jpg","datePublished":"2020-04-17T09:50:12+00:00","dateModified":"2025-11-01T08:57:38+00:00","description":"Dieser vollverklebte Flachpinsel mit Kunststoffstiel und verzinkter Zwinge zeichnet sich durch eine gute Farbaufnahme, Farbhalteverm\u00f6gen und einer geringen Quellung aus. Er ist f\u00fcr alle einfachen Arbeiten mit allen wasser- und l\u00f6semittelhaltigen Farben und Lacken geeignet. Wir setzen diesen Pinsel in der Oberfl\u00e4chenbehandlung f\u00fcr das Abschlie\u00dfen des Werkst\u00fccks mit Holzschutzwachs ein. Eine Verwechslung mit den Beizpinseln ist somit nicht mehr m\u00f6glich. Breite: 40 mm","breadcrumb":{"@id":"https:\/\/www.franz-stadlhofer.at\/shop\/produkt\/flachpinsel-breit\/#breadcrumb"},"inLanguage":"de","potentialAction":[{"@type":"ReadAction","target":["https:\/\/www.franz-stadlhofer.at\/shop\/produkt\/flachpinsel-breit\/"]}]},{"@type":"ImageObject","inLanguage":"de","@id":"https:\/\/www.franz-stadlhofer.at\/shop\/produkt\/flachpinsel-breit\/#primaryimage","url":"https:\/\/www.franz-stadlhofer.at\/shop\/wp-content\/uploads\/2020\/04\/products-Flachpinsel.jpg","contentUrl":"https:\/\/www.franz-stadlhofer.at\/shop\/wp-content\/uploads\/2020\/04\/products-Flachpinsel.jpg","width":"1181","height":"1181","caption":"Flachpinsel breit - Schnitzstube Stadlhofer Shop"},{"@type":"BreadcrumbList","@id":"https:\/\/www.franz-stadlhofer.at\/shop\/produkt\/flachpinsel-breit\/#breadcrumb","itemListElement":[{"@type":"ListItem","position":1,"name":"Startseite","item":"https:\/\/www.franz-stadlhofer.at\/shop\/"},{"@type":"ListItem","position":2,"name":"Produkte","item":"https:\/\/www.franz-stadlhofer.at\/shop\/shop\/"},{"@type":"ListItem","position":3,"name":"Flachpinsel breit"}]},{"@type":"WebSite","@id":"https:\/\/www.franz-stadlhofer.at\/shop\/#website","url":"https:\/\/www.franz-stadlhofer.at\/shop\/","name":"Schnitzstube Stadlhofer Shop","description":"Holzschnitzen Onlineshop","publisher":{"@id":"https:\/\/www.franz-stadlhofer.at\/shop\/#organization"},"potentialAction":[{"@type":"SearchAction","target":{"@type":"EntryPoint","urlTemplate":"https:\/\/www.franz-stadlhofer.at\/shop\/?s={search_term_string}"},"query-input":{"@type":"PropertyValueSpecification","valueRequired":true,"valueName":"search_term_string"}}],"inLanguage":"de"},{"@type":"Organization","@id":"https:\/\/www.franz-stadlhofer.at\/shop\/#organization","name":"Schnitzstube Stadlhofer Shop","url":"https:\/\/www.franz-stadlhofer.at\/shop\/","logo":{"@type":"ImageObject","inLanguage":"de","@id":"https:\/\/www.franz-stadlhofer.at\/shop\/#\/schema\/logo\/image\/","url":"https:\/\/www.franz-stadlhofer.at\/shop\/wp-content\/uploads\/2019\/10\/LOGO-2-RETINA.png","contentUrl":"https:\/\/www.franz-stadlhofer.at\/shop\/wp-content\/uploads\/2019\/10\/LOGO-2-RETINA.png","width":471,"height":160,"caption":"Schnitzstube Stadlhofer Shop"},"image":{"@id":"https:\/\/www.franz-stadlhofer.at\/shop\/#\/schema\/logo\/image\/"}}]}},"_links":{"self":[{"href":"https:\/\/www.franz-stadlhofer.at\/shop\/wp-json\/wp\/v2\/product\/22988","targetHints":{"allow":["GET"]}}],"collection":[{"href":"https:\/\/www.franz-stadlhofer.at\/shop\/wp-json\/wp\/v2\/product"}],"about":[{"href":"https:\/\/www.franz-stadlhofer.at\/shop\/wp-json\/wp\/v2\/types\/product"}],"wp:featuredmedia":[{"embeddable":true,"href":"https:\/\/www.franz-stadlhofer.at\/shop\/wp-json\/wp\/v2\/media\/22989"}],"wp:attachment":[{"href":"https:\/\/www.franz-stadlhofer.at\/shop\/wp-json\/wp\/v2\/media?parent=22988"}],"wp:term":[{"taxonomy":"product_brand","embeddable":true,"href":"https:\/\/www.franz-stadlhofer.at\/shop\/wp-json\/wp\/v2\/product_brand?post=22988"},{"taxonomy":"product_cat","embeddable":true,"href":"https:\/\/www.franz-stadlhofer.at\/shop\/wp-json\/wp\/v2\/product_cat?post=22988"},{"taxonomy":"product_tag","embeddable":true,"href":"https:\/\/www.franz-stadlhofer.at\/shop\/wp-json\/wp\/v2\/product_tag?post=22988"}],"curies":[{"name":"wp","href":"https:\/\/api.w.org\/{rel}","templated":true}]}}