{"id":22952,"date":"2019-04-09T14:49:28","date_gmt":"2019-04-09T12:49:28","guid":{"rendered":"https:\/\/www.franz-stadlhofer.at\/shop\/?post_type=product&#038;p=22952"},"modified":"2025-11-16T13:58:03","modified_gmt":"2025-11-16T12:58:03","slug":"sterne-set-2","status":"publish","type":"product","link":"https:\/\/www.franz-stadlhofer.at\/shop\/produkt\/sterne-set-2\/","title":{"rendered":"Sterne Set 2"},"content":{"rendered":"<p>Geh\u00f6ren Sie auch schon zu den leidenschaftlichen Sterne-Schnitzern? Dann ist dieses Set ganz ideal.<\/p>\n<p>Darin enthalten sind:<\/p>\n<ol title=\"Infos zum Punktiereisen P57\">\n<li><a title=\"Infos zu den Vorlagenheften\" href=\"https:\/\/www.franz-stadlhofer.at\/shop\/produkt\/vorlagenhefte-weihnachtssterne\/\" target=\"_blank\" rel=\"noopener\">Ein Vorlagenheft Weihnachtssterne A, B, C, D, E oder F<\/a><\/li>\n<li><a title=\"Infos zu Sternen\" href=\"https:\/\/www.franz-stadlhofer.at\/shop\/produkt\/sterne-set-1\/\">5 Sternenplatten mit je 3 neutralen Sternen<\/a><\/li>\n<\/ol>\n<p>GRATIS dazu erhalten Sie 2 unserer <strong><a title=\"Infos zu den Geschenkboxen\" href=\"https:\/\/www.franz-stadlhofer.at\/shop\/produkt\/geschenkbox\/\">edlen Geschenkboxen<\/a><\/strong> &#8211; wahlweise mit oder ohne unserem Logo &#8211; inklusive der praktischen Sammel\u00fcbersicht \u00fcber alle Sterne.<\/p>\n<p>Zum einfachen Aufbringen der Muster empfehlen wir Ihnen unseren <a title=\"Infos zum B\u00fcgelstift\" href=\"https:\/\/www.franz-stadlhofer.at\/shop\/produkt\/mini-bugeleisen\/\"><strong>B\u00fcgelstift<\/strong>. <\/a><\/p>\n","protected":false},"excerpt":{"rendered":"<p>Geh\u00f6ren Sie auch schon zu den leidenschaftlichen Sterne-Schnitzern? Dann ist dieses Set ganz ideal. Darin enthalten sind: Ein Vorlagenheft Weihnachtssterne A, B, C, D, E oder F 5 Sternenplatten mit je 3 neutralen Sternen GRATIS  [&#8230;]<\/p>\n","protected":false},"featured_media":22959,"template":"","meta":[],"product_brand":[803],"product_cat":[1216],"product_tag":[889,991,1123,1172,1173],"class_list":{"0":"post-22952","1":"product","2":"type-product","3":"status-publish","4":"has-post-thumbnail","6":"product_brand-schnitzstube-franz-stadlhofer","7":"product_cat-sets-zum-schnitzen","8":"product_tag-sternenplatte","9":"product_tag-sterne","10":"product_tag-geschenk","11":"product_tag-weihnachten","12":"product_tag-weihnachtsterne","13":"pa_geschenkboxen-ohne-logo-leer","14":"pa_geschenkboxen-mit-stadlhofer-logo","15":"pa_vorlagenheft-weihnachtssterne-e","16":"pa_vorlagenheft-weihnachtssterne-f","17":"pa_vorlagenheft-weihnachtssterne-d","18":"pa_vorlagenheft-weihnachtssterne-a","19":"pa_vorlagenheft-weihnachtssterne-b","20":"pa_vorlagenheft-weihnachtssterne-c","22":"first","23":"instock","24":"sale","25":"taxable","26":"shipping-taxable","27":"purchasable","28":"product-type-variable"},"barcode":null,"atum_controlled":true,"out_stock_date":null,"out_stock_threshold":null,"inheritable":true,"stock_on_hold":0,"sold_today":0,"sales_last_days":0,"reserved_stock":0,"customer_returns":0,"warehouse_damage":0,"lost_in_post":0,"other_logs":0,"out_stock_days":0,"lost_sales":0,"update_date":"2026-04-15T00:01:11","atum_locations":[],"atum_stock_status":"instock","restock_status":false,"low_stock_amount":"","sales_update_date":"2026-04-15T00:01:11","calc_backorders":null,"yoast_head":"<!-- This site is optimized with the Yoast SEO plugin v27.3 - https:\/\/yoast.com\/product\/yoast-seo-wordpress\/ -->\n<title>Sterne Set 2<\/title>\n<meta name=\"description\" content=\"Geh\u00f6ren Sie auch schon zu den leidenschaftlichen Sterne-Schnitzern? Dann ist dieses Set ganz ideal. Darin enthalten sind: Ein Vorlagenheft Weihnachtssterne A, B, C, D, E oder F (nach Wahl) 5 Sternenplatten mit je 3 neutralen Sternen GRATIS dazu erhalten Sie 2 unserer edlen Geschenkboxen - wahlweise mit oder ohne unserem Logo - inklusive der praktischen Sammel\u00fcbersicht \u00fcber alle Sterne. Zum einfachen Aufbringen der Muster empfehlen wir Ihnen unseren B\u00fcgelstift.\" \/>\n<meta name=\"robots\" content=\"index, follow, max-snippet:-1, max-image-preview:large, max-video-preview:-1\" \/>\n<link rel=\"canonical\" href=\"https:\/\/www.franz-stadlhofer.at\/shop\/produkt\/sterne-set-2\/\" \/>\n<meta property=\"og:locale\" content=\"de_DE\" \/>\n<meta property=\"og:type\" content=\"article\" \/>\n<meta property=\"og:title\" content=\"Sterne Set 2\" \/>\n<meta property=\"og:description\" content=\"Geh\u00f6ren Sie auch schon zu den leidenschaftlichen Sterne-Schnitzern? Dann ist dieses Set ganz ideal. Darin enthalten sind: Ein Vorlagenheft Weihnachtssterne A, B, C, D, E oder F (nach Wahl) 5 Sternenplatten mit je 3 neutralen Sternen GRATIS dazu erhalten Sie 2 unserer edlen Geschenkboxen - wahlweise mit oder ohne unserem Logo - inklusive der praktischen Sammel\u00fcbersicht \u00fcber alle Sterne. Zum einfachen Aufbringen der Muster empfehlen wir Ihnen unseren B\u00fcgelstift.\" \/>\n<meta property=\"og:url\" content=\"https:\/\/www.franz-stadlhofer.at\/shop\/produkt\/sterne-set-2\/\" \/>\n<meta property=\"og:site_name\" content=\"Schnitzstube Stadlhofer Shop\" \/>\n<meta property=\"article:modified_time\" content=\"2025-11-16T12:58:03+00:00\" \/>\n<meta property=\"og:image\" content=\"https:\/\/www.franz-stadlhofer.at\/shop\/wp-content\/uploads\/2019\/04\/products-Sternen_Set_NEU.jpg\" \/>\n\t<meta property=\"og:image:width\" content=\"945\" \/>\n\t<meta property=\"og:image:height\" content=\"945\" \/>\n\t<meta property=\"og:image:type\" content=\"image\/jpeg\" \/>\n<meta name=\"twitter:card\" content=\"summary_large_image\" \/>\n<meta name=\"twitter:label1\" content=\"Gesch\u00e4tzte Lesezeit\" \/>\n\t<meta name=\"twitter:data1\" content=\"1\u00a0Minute\" \/>\n<script type=\"application\/ld+json\" class=\"yoast-schema-graph\">{\"@context\":\"https:\\\/\\\/schema.org\",\"@graph\":[{\"@type\":\"WebPage\",\"@id\":\"https:\\\/\\\/www.franz-stadlhofer.at\\\/shop\\\/produkt\\\/sterne-set-2\\\/\",\"url\":\"https:\\\/\\\/www.franz-stadlhofer.at\\\/shop\\\/produkt\\\/sterne-set-2\\\/\",\"name\":\"Sterne Set 2\",\"isPartOf\":{\"@id\":\"https:\\\/\\\/www.franz-stadlhofer.at\\\/shop\\\/#website\"},\"primaryImageOfPage\":{\"@id\":\"https:\\\/\\\/www.franz-stadlhofer.at\\\/shop\\\/produkt\\\/sterne-set-2\\\/#primaryimage\"},\"image\":{\"@id\":\"https:\\\/\\\/www.franz-stadlhofer.at\\\/shop\\\/produkt\\\/sterne-set-2\\\/#primaryimage\"},\"thumbnailUrl\":\"https:\\\/\\\/www.franz-stadlhofer.at\\\/shop\\\/wp-content\\\/uploads\\\/2019\\\/04\\\/products-Sternen_Set_NEU.jpg\",\"datePublished\":\"2019-04-09T12:49:28+00:00\",\"dateModified\":\"2025-11-16T12:58:03+00:00\",\"description\":\"Geh\u00f6ren Sie auch schon zu den leidenschaftlichen Sterne-Schnitzern? Dann ist dieses Set ganz ideal. Darin enthalten sind: Ein Vorlagenheft Weihnachtssterne A, B, C, D, E oder F (nach Wahl) 5 Sternenplatten mit je 3 neutralen Sternen GRATIS dazu erhalten Sie 2 unserer edlen Geschenkboxen - wahlweise mit oder ohne unserem Logo - inklusive der praktischen Sammel\u00fcbersicht \u00fcber alle Sterne. Zum einfachen Aufbringen der Muster empfehlen wir Ihnen unseren B\u00fcgelstift.\",\"breadcrumb\":{\"@id\":\"https:\\\/\\\/www.franz-stadlhofer.at\\\/shop\\\/produkt\\\/sterne-set-2\\\/#breadcrumb\"},\"inLanguage\":\"de\",\"potentialAction\":[{\"@type\":\"ReadAction\",\"target\":[\"https:\\\/\\\/www.franz-stadlhofer.at\\\/shop\\\/produkt\\\/sterne-set-2\\\/\"]}]},{\"@type\":\"ImageObject\",\"inLanguage\":\"de\",\"@id\":\"https:\\\/\\\/www.franz-stadlhofer.at\\\/shop\\\/produkt\\\/sterne-set-2\\\/#primaryimage\",\"url\":\"https:\\\/\\\/www.franz-stadlhofer.at\\\/shop\\\/wp-content\\\/uploads\\\/2019\\\/04\\\/products-Sternen_Set_NEU.jpg\",\"contentUrl\":\"https:\\\/\\\/www.franz-stadlhofer.at\\\/shop\\\/wp-content\\\/uploads\\\/2019\\\/04\\\/products-Sternen_Set_NEU.jpg\",\"width\":\"945\",\"height\":\"945\",\"caption\":\"Sterne Set - Schnitzstube Stadlhofer Shop\"},{\"@type\":\"BreadcrumbList\",\"@id\":\"https:\\\/\\\/www.franz-stadlhofer.at\\\/shop\\\/produkt\\\/sterne-set-2\\\/#breadcrumb\",\"itemListElement\":[{\"@type\":\"ListItem\",\"position\":1,\"name\":\"Startseite\",\"item\":\"https:\\\/\\\/www.franz-stadlhofer.at\\\/shop\\\/\"},{\"@type\":\"ListItem\",\"position\":2,\"name\":\"Produkte\",\"item\":\"https:\\\/\\\/www.franz-stadlhofer.at\\\/shop\\\/shop\\\/\"},{\"@type\":\"ListItem\",\"position\":3,\"name\":\"Sterne Set 2\"}]},{\"@type\":\"WebSite\",\"@id\":\"https:\\\/\\\/www.franz-stadlhofer.at\\\/shop\\\/#website\",\"url\":\"https:\\\/\\\/www.franz-stadlhofer.at\\\/shop\\\/\",\"name\":\"Schnitzstube Stadlhofer Shop\",\"description\":\"Holzschnitzen Onlineshop\",\"publisher\":{\"@id\":\"https:\\\/\\\/www.franz-stadlhofer.at\\\/shop\\\/#organization\"},\"potentialAction\":[{\"@type\":\"SearchAction\",\"target\":{\"@type\":\"EntryPoint\",\"urlTemplate\":\"https:\\\/\\\/www.franz-stadlhofer.at\\\/shop\\\/?s={search_term_string}\"},\"query-input\":{\"@type\":\"PropertyValueSpecification\",\"valueRequired\":true,\"valueName\":\"search_term_string\"}}],\"inLanguage\":\"de\"},{\"@type\":\"Organization\",\"@id\":\"https:\\\/\\\/www.franz-stadlhofer.at\\\/shop\\\/#organization\",\"name\":\"Schnitzstube Stadlhofer Shop\",\"url\":\"https:\\\/\\\/www.franz-stadlhofer.at\\\/shop\\\/\",\"logo\":{\"@type\":\"ImageObject\",\"inLanguage\":\"de\",\"@id\":\"https:\\\/\\\/www.franz-stadlhofer.at\\\/shop\\\/#\\\/schema\\\/logo\\\/image\\\/\",\"url\":\"https:\\\/\\\/www.franz-stadlhofer.at\\\/shop\\\/wp-content\\\/uploads\\\/2019\\\/10\\\/LOGO-2-RETINA.png\",\"contentUrl\":\"https:\\\/\\\/www.franz-stadlhofer.at\\\/shop\\\/wp-content\\\/uploads\\\/2019\\\/10\\\/LOGO-2-RETINA.png\",\"width\":471,\"height\":160,\"caption\":\"Schnitzstube Stadlhofer Shop\"},\"image\":{\"@id\":\"https:\\\/\\\/www.franz-stadlhofer.at\\\/shop\\\/#\\\/schema\\\/logo\\\/image\\\/\"}}]}<\/script>\n<!-- \/ Yoast SEO plugin. -->","yoast_head_json":{"title":"Sterne Set 2","description":"Geh\u00f6ren Sie auch schon zu den leidenschaftlichen Sterne-Schnitzern? Dann ist dieses Set ganz ideal. Darin enthalten sind: Ein Vorlagenheft Weihnachtssterne A, B, C, D, E oder F (nach Wahl) 5 Sternenplatten mit je 3 neutralen Sternen GRATIS dazu erhalten Sie 2 unserer edlen Geschenkboxen - wahlweise mit oder ohne unserem Logo - inklusive der praktischen Sammel\u00fcbersicht \u00fcber alle Sterne. Zum einfachen Aufbringen der Muster empfehlen wir Ihnen unseren B\u00fcgelstift.","robots":{"index":"index","follow":"follow","max-snippet":"max-snippet:-1","max-image-preview":"max-image-preview:large","max-video-preview":"max-video-preview:-1"},"canonical":"https:\/\/www.franz-stadlhofer.at\/shop\/produkt\/sterne-set-2\/","og_locale":"de_DE","og_type":"article","og_title":"Sterne Set 2","og_description":"Geh\u00f6ren Sie auch schon zu den leidenschaftlichen Sterne-Schnitzern? Dann ist dieses Set ganz ideal. Darin enthalten sind: Ein Vorlagenheft Weihnachtssterne A, B, C, D, E oder F (nach Wahl) 5 Sternenplatten mit je 3 neutralen Sternen GRATIS dazu erhalten Sie 2 unserer edlen Geschenkboxen - wahlweise mit oder ohne unserem Logo - inklusive der praktischen Sammel\u00fcbersicht \u00fcber alle Sterne. Zum einfachen Aufbringen der Muster empfehlen wir Ihnen unseren B\u00fcgelstift.","og_url":"https:\/\/www.franz-stadlhofer.at\/shop\/produkt\/sterne-set-2\/","og_site_name":"Schnitzstube Stadlhofer Shop","article_modified_time":"2025-11-16T12:58:03+00:00","og_image":[{"width":945,"height":945,"url":"https:\/\/www.franz-stadlhofer.at\/shop\/wp-content\/uploads\/2019\/04\/products-Sternen_Set_NEU.jpg","type":"image\/jpeg"}],"twitter_card":"summary_large_image","twitter_misc":{"Gesch\u00e4tzte Lesezeit":"1\u00a0Minute"},"schema":{"@context":"https:\/\/schema.org","@graph":[{"@type":"WebPage","@id":"https:\/\/www.franz-stadlhofer.at\/shop\/produkt\/sterne-set-2\/","url":"https:\/\/www.franz-stadlhofer.at\/shop\/produkt\/sterne-set-2\/","name":"Sterne Set 2","isPartOf":{"@id":"https:\/\/www.franz-stadlhofer.at\/shop\/#website"},"primaryImageOfPage":{"@id":"https:\/\/www.franz-stadlhofer.at\/shop\/produkt\/sterne-set-2\/#primaryimage"},"image":{"@id":"https:\/\/www.franz-stadlhofer.at\/shop\/produkt\/sterne-set-2\/#primaryimage"},"thumbnailUrl":"https:\/\/www.franz-stadlhofer.at\/shop\/wp-content\/uploads\/2019\/04\/products-Sternen_Set_NEU.jpg","datePublished":"2019-04-09T12:49:28+00:00","dateModified":"2025-11-16T12:58:03+00:00","description":"Geh\u00f6ren Sie auch schon zu den leidenschaftlichen Sterne-Schnitzern? Dann ist dieses Set ganz ideal. Darin enthalten sind: Ein Vorlagenheft Weihnachtssterne A, B, C, D, E oder F (nach Wahl) 5 Sternenplatten mit je 3 neutralen Sternen GRATIS dazu erhalten Sie 2 unserer edlen Geschenkboxen - wahlweise mit oder ohne unserem Logo - inklusive der praktischen Sammel\u00fcbersicht \u00fcber alle Sterne. Zum einfachen Aufbringen der Muster empfehlen wir Ihnen unseren B\u00fcgelstift.","breadcrumb":{"@id":"https:\/\/www.franz-stadlhofer.at\/shop\/produkt\/sterne-set-2\/#breadcrumb"},"inLanguage":"de","potentialAction":[{"@type":"ReadAction","target":["https:\/\/www.franz-stadlhofer.at\/shop\/produkt\/sterne-set-2\/"]}]},{"@type":"ImageObject","inLanguage":"de","@id":"https:\/\/www.franz-stadlhofer.at\/shop\/produkt\/sterne-set-2\/#primaryimage","url":"https:\/\/www.franz-stadlhofer.at\/shop\/wp-content\/uploads\/2019\/04\/products-Sternen_Set_NEU.jpg","contentUrl":"https:\/\/www.franz-stadlhofer.at\/shop\/wp-content\/uploads\/2019\/04\/products-Sternen_Set_NEU.jpg","width":"945","height":"945","caption":"Sterne Set - Schnitzstube Stadlhofer Shop"},{"@type":"BreadcrumbList","@id":"https:\/\/www.franz-stadlhofer.at\/shop\/produkt\/sterne-set-2\/#breadcrumb","itemListElement":[{"@type":"ListItem","position":1,"name":"Startseite","item":"https:\/\/www.franz-stadlhofer.at\/shop\/"},{"@type":"ListItem","position":2,"name":"Produkte","item":"https:\/\/www.franz-stadlhofer.at\/shop\/shop\/"},{"@type":"ListItem","position":3,"name":"Sterne Set 2"}]},{"@type":"WebSite","@id":"https:\/\/www.franz-stadlhofer.at\/shop\/#website","url":"https:\/\/www.franz-stadlhofer.at\/shop\/","name":"Schnitzstube Stadlhofer Shop","description":"Holzschnitzen Onlineshop","publisher":{"@id":"https:\/\/www.franz-stadlhofer.at\/shop\/#organization"},"potentialAction":[{"@type":"SearchAction","target":{"@type":"EntryPoint","urlTemplate":"https:\/\/www.franz-stadlhofer.at\/shop\/?s={search_term_string}"},"query-input":{"@type":"PropertyValueSpecification","valueRequired":true,"valueName":"search_term_string"}}],"inLanguage":"de"},{"@type":"Organization","@id":"https:\/\/www.franz-stadlhofer.at\/shop\/#organization","name":"Schnitzstube Stadlhofer Shop","url":"https:\/\/www.franz-stadlhofer.at\/shop\/","logo":{"@type":"ImageObject","inLanguage":"de","@id":"https:\/\/www.franz-stadlhofer.at\/shop\/#\/schema\/logo\/image\/","url":"https:\/\/www.franz-stadlhofer.at\/shop\/wp-content\/uploads\/2019\/10\/LOGO-2-RETINA.png","contentUrl":"https:\/\/www.franz-stadlhofer.at\/shop\/wp-content\/uploads\/2019\/10\/LOGO-2-RETINA.png","width":471,"height":160,"caption":"Schnitzstube Stadlhofer Shop"},"image":{"@id":"https:\/\/www.franz-stadlhofer.at\/shop\/#\/schema\/logo\/image\/"}}]}},"_links":{"self":[{"href":"https:\/\/www.franz-stadlhofer.at\/shop\/wp-json\/wp\/v2\/product\/22952","targetHints":{"allow":["GET"]}}],"collection":[{"href":"https:\/\/www.franz-stadlhofer.at\/shop\/wp-json\/wp\/v2\/product"}],"about":[{"href":"https:\/\/www.franz-stadlhofer.at\/shop\/wp-json\/wp\/v2\/types\/product"}],"wp:featuredmedia":[{"embeddable":true,"href":"https:\/\/www.franz-stadlhofer.at\/shop\/wp-json\/wp\/v2\/media\/22959"}],"wp:attachment":[{"href":"https:\/\/www.franz-stadlhofer.at\/shop\/wp-json\/wp\/v2\/media?parent=22952"}],"wp:term":[{"taxonomy":"product_brand","embeddable":true,"href":"https:\/\/www.franz-stadlhofer.at\/shop\/wp-json\/wp\/v2\/product_brand?post=22952"},{"taxonomy":"product_cat","embeddable":true,"href":"https:\/\/www.franz-stadlhofer.at\/shop\/wp-json\/wp\/v2\/product_cat?post=22952"},{"taxonomy":"product_tag","embeddable":true,"href":"https:\/\/www.franz-stadlhofer.at\/shop\/wp-json\/wp\/v2\/product_tag?post=22952"}],"curies":[{"name":"wp","href":"https:\/\/api.w.org\/{rel}","templated":true}]}}