{"id":22847,"date":"2019-03-04T14:59:42","date_gmt":"2019-03-04T13:59:42","guid":{"rendered":"https:\/\/www.franz-stadlhofer.at\/shop\/?post_type=product&#038;p=22847"},"modified":"2024-11-26T21:00:58","modified_gmt":"2024-11-26T20:00:58","slug":"geschenkbox","status":"publish","type":"product","link":"https:\/\/www.franz-stadlhofer.at\/shop\/produkt\/geschenkbox\/","title":{"rendered":"Geschenkbox"},"content":{"rendered":"<p>Eine besondere Verpackung f\u00fcr ein besonderes Geschenk gibt es jetzt f\u00fcr Ihre kleinen Schnitzereien wie z.B.<strong> <a title=\"zu den Weihnachtssternen aus rohem Lindenholz - Schnitzstube Stadlhofer\" href=\"https:\/\/www.franz-stadlhofer.at\/shop\/produkt\/sterne\/\">Weihnachtsstern<\/a>e<\/strong>,<strong> <a title=\"zu den kleinen Kreuzanh\u00e4ngern aus rohem Lindenholz - Schnitzstube Stadlhofer\" href=\"https:\/\/www.franz-stadlhofer.at\/shop\/produkt\/kreuzanhanger\/\">kleine Kreuze<\/a><\/strong> oder <a title=\"zu den Schl\u00fcsselanh\u00e4ngern aus rohem Lindenholz - Schnitzstube Stadlhofer\" href=\"https:\/\/www.franz-stadlhofer.at\/shop\/produkt\/schlusselanhanger\/\"><strong>Schl\u00fcsselanh\u00e4nger<\/strong><\/a> &#8211; wahlweise mit oder ohne Logo.<\/p>\n<p>Zahlreiche passende Mustervorlagen zum Schnitzen finden Sie in unseren verschiedenen<strong> <a title=\"zu den Vorlagenheften Schnitzstube Stadlhofer\" href=\"https:\/\/www.franz-stadlhofer.at\/shop\/produkt\/vorlagenhefte-weihnachtssterne\/\" target=\"_blank\" rel=\"noopener\">Vorlagenheften<\/a><\/strong>.<\/p>\n<p>Eine Sammel\u00fcbersicht \u00fcber alle 46 Sterne gibt es auf Wunsch gratis dazu.<\/p>\n<p><strong>Die edle Geschenksverpackung f\u00fcr Ihre Schnitzereien!<\/strong><\/p>\n<p>Ma\u00dfe: 86 x 86 x 26 mm<\/p>\n<p>Lieferung <strong>ohne<\/strong> geschnitzten Stern.<\/p>\n","protected":false},"excerpt":{"rendered":"<p>Eine besondere Verpackung f\u00fcr ein besonderes Geschenk gibt es jetzt f\u00fcr Ihre kleinen Schnitzereien wie z.B. Weihnachtssterne, kleine Kreuze oder Schl\u00fcsselanh\u00e4nger &#8211; wahlweise mit oder ohne Logo. Zahlreiche passende Mustervorlagen zum Schnitzen finden Sie in  [&#8230;]<\/p>\n","protected":false},"featured_media":22849,"template":"","meta":[],"product_brand":[803],"product_cat":[790],"product_tag":[1086,1122,1123],"class_list":{"0":"post-22847","1":"product","2":"type-product","3":"status-publish","4":"has-post-thumbnail","6":"product_brand-schnitzstube-franz-stadlhofer","7":"product_cat-zubehor-holz","8":"product_tag-schachtel","9":"product_tag-box","10":"product_tag-geschenk","11":"pa_logo-mit-logo","12":"pa_logo-ohne-logo","13":"pa_sammelubersicht-mit-sterne-sammelubersicht","14":"pa_sammelubersicht-ohne-sterne-sammelubersicht","16":"first","17":"instock","18":"taxable","19":"shipping-taxable","20":"purchasable","21":"product-type-variable"},"barcode":null,"atum_controlled":true,"out_stock_date":null,"out_stock_threshold":null,"inheritable":true,"stock_on_hold":0,"sold_today":0,"sales_last_days":0,"reserved_stock":0,"customer_returns":0,"warehouse_damage":0,"lost_in_post":0,"other_logs":0,"out_stock_days":0,"lost_sales":0,"update_date":"2026-05-12T00:06:06","atum_locations":[],"atum_stock_status":"instock","restock_status":false,"low_stock_amount":"","sales_update_date":"2026-05-12T00:06:06","calc_backorders":null,"yoast_head":"<!-- This site is optimized with the Yoast SEO plugin v27.5 - https:\/\/yoast.com\/product\/yoast-seo-wordpress\/ -->\n<title>Geschenkbox<\/title>\n<meta name=\"description\" content=\"Eine besondere Verpackung f\u00fcr ein besonderes Geschenk gibt es jetzt f\u00fcr Ihre kleinen Schnitzereien wie z.B. Weihnachtssterne, kleine Kreuze oder Schl\u00fcsselanh\u00e4nger - wahlweise mit oder ohne Logo.Zahlreiche passende Mustervorlagen zum Schnitzen finden Sie in unseren verschiedenen Vorlagenheften.Eine Sammel\u00fcbersicht \u00fcber alle 46 Sterne gibt es auf Wunsch gratis dazu.Die edle Geschenksverpackung f\u00fcr Ihre Schnitzereien!Ma\u00dfe: 86 x 86 x 26 mmLieferung ohne geschnitzten Stern.\" \/>\n<meta name=\"robots\" content=\"index, follow, max-snippet:-1, max-image-preview:large, max-video-preview:-1\" \/>\n<link rel=\"canonical\" href=\"https:\/\/www.franz-stadlhofer.at\/shop\/produkt\/geschenkbox\/\" \/>\n<meta property=\"og:locale\" content=\"de_DE\" \/>\n<meta property=\"og:type\" content=\"article\" \/>\n<meta property=\"og:title\" content=\"Geschenkbox\" \/>\n<meta property=\"og:description\" content=\"Eine besondere Verpackung f\u00fcr ein besonderes Geschenk gibt es jetzt f\u00fcr Ihre kleinen Schnitzereien wie z.B. Weihnachtssterne, kleine Kreuze oder Schl\u00fcsselanh\u00e4nger - wahlweise mit oder ohne Logo.Zahlreiche passende Mustervorlagen zum Schnitzen finden Sie in unseren verschiedenen Vorlagenheften.Eine Sammel\u00fcbersicht \u00fcber alle 46 Sterne gibt es auf Wunsch gratis dazu.Die edle Geschenksverpackung f\u00fcr Ihre Schnitzereien!Ma\u00dfe: 86 x 86 x 26 mmLieferung ohne geschnitzten Stern.\" \/>\n<meta property=\"og:url\" content=\"https:\/\/www.franz-stadlhofer.at\/shop\/produkt\/geschenkbox\/\" \/>\n<meta property=\"og:site_name\" content=\"Schnitzstube Stadlhofer Shop\" \/>\n<meta property=\"article:modified_time\" content=\"2024-11-26T20:00:58+00:00\" \/>\n<meta property=\"og:image\" content=\"https:\/\/www.franz-stadlhofer.at\/shop\/wp-content\/uploads\/2019\/03\/products-Geschenkbox1.jpg\" \/>\n\t<meta property=\"og:image:width\" content=\"945\" \/>\n\t<meta property=\"og:image:height\" content=\"945\" \/>\n\t<meta property=\"og:image:type\" content=\"image\/jpeg\" \/>\n<meta name=\"twitter:card\" content=\"summary_large_image\" \/>\n<meta name=\"twitter:label1\" content=\"Gesch\u00e4tzte Lesezeit\" \/>\n\t<meta name=\"twitter:data1\" content=\"1\u00a0Minute\" \/>\n<script type=\"application\/ld+json\" class=\"yoast-schema-graph\">{\"@context\":\"https:\\\/\\\/schema.org\",\"@graph\":[{\"@type\":\"WebPage\",\"@id\":\"https:\\\/\\\/www.franz-stadlhofer.at\\\/shop\\\/produkt\\\/geschenkbox\\\/\",\"url\":\"https:\\\/\\\/www.franz-stadlhofer.at\\\/shop\\\/produkt\\\/geschenkbox\\\/\",\"name\":\"Geschenkbox\",\"isPartOf\":{\"@id\":\"https:\\\/\\\/www.franz-stadlhofer.at\\\/shop\\\/#website\"},\"primaryImageOfPage\":{\"@id\":\"https:\\\/\\\/www.franz-stadlhofer.at\\\/shop\\\/produkt\\\/geschenkbox\\\/#primaryimage\"},\"image\":{\"@id\":\"https:\\\/\\\/www.franz-stadlhofer.at\\\/shop\\\/produkt\\\/geschenkbox\\\/#primaryimage\"},\"thumbnailUrl\":\"https:\\\/\\\/www.franz-stadlhofer.at\\\/shop\\\/wp-content\\\/uploads\\\/2019\\\/03\\\/products-Geschenkbox1.jpg\",\"datePublished\":\"2019-03-04T13:59:42+00:00\",\"dateModified\":\"2024-11-26T20:00:58+00:00\",\"description\":\"Eine besondere Verpackung f\u00fcr ein besonderes Geschenk gibt es jetzt f\u00fcr Ihre kleinen Schnitzereien wie z.B. Weihnachtssterne, kleine Kreuze oder Schl\u00fcsselanh\u00e4nger - wahlweise mit oder ohne Logo.Zahlreiche passende Mustervorlagen zum Schnitzen finden Sie in unseren verschiedenen Vorlagenheften.Eine Sammel\u00fcbersicht \u00fcber alle 46 Sterne gibt es auf Wunsch gratis dazu.Die edle Geschenksverpackung f\u00fcr Ihre Schnitzereien!Ma\u00dfe: 86 x 86 x 26 mmLieferung ohne geschnitzten Stern.\",\"breadcrumb\":{\"@id\":\"https:\\\/\\\/www.franz-stadlhofer.at\\\/shop\\\/produkt\\\/geschenkbox\\\/#breadcrumb\"},\"inLanguage\":\"de\",\"potentialAction\":[{\"@type\":\"ReadAction\",\"target\":[\"https:\\\/\\\/www.franz-stadlhofer.at\\\/shop\\\/produkt\\\/geschenkbox\\\/\"]}]},{\"@type\":\"ImageObject\",\"inLanguage\":\"de\",\"@id\":\"https:\\\/\\\/www.franz-stadlhofer.at\\\/shop\\\/produkt\\\/geschenkbox\\\/#primaryimage\",\"url\":\"https:\\\/\\\/www.franz-stadlhofer.at\\\/shop\\\/wp-content\\\/uploads\\\/2019\\\/03\\\/products-Geschenkbox1.jpg\",\"contentUrl\":\"https:\\\/\\\/www.franz-stadlhofer.at\\\/shop\\\/wp-content\\\/uploads\\\/2019\\\/03\\\/products-Geschenkbox1.jpg\",\"width\":\"945\",\"height\":\"945\",\"caption\":\"Geschenkbox - Schnitzstube Stadlhofer Shop\"},{\"@type\":\"BreadcrumbList\",\"@id\":\"https:\\\/\\\/www.franz-stadlhofer.at\\\/shop\\\/produkt\\\/geschenkbox\\\/#breadcrumb\",\"itemListElement\":[{\"@type\":\"ListItem\",\"position\":1,\"name\":\"Startseite\",\"item\":\"https:\\\/\\\/www.franz-stadlhofer.at\\\/shop\\\/\"},{\"@type\":\"ListItem\",\"position\":2,\"name\":\"Produkte\",\"item\":\"https:\\\/\\\/www.franz-stadlhofer.at\\\/shop\\\/shop\\\/\"},{\"@type\":\"ListItem\",\"position\":3,\"name\":\"Geschenkbox\"}]},{\"@type\":\"WebSite\",\"@id\":\"https:\\\/\\\/www.franz-stadlhofer.at\\\/shop\\\/#website\",\"url\":\"https:\\\/\\\/www.franz-stadlhofer.at\\\/shop\\\/\",\"name\":\"Schnitzstube Stadlhofer Shop\",\"description\":\"Holzschnitzen Onlineshop\",\"publisher\":{\"@id\":\"https:\\\/\\\/www.franz-stadlhofer.at\\\/shop\\\/#organization\"},\"potentialAction\":[{\"@type\":\"SearchAction\",\"target\":{\"@type\":\"EntryPoint\",\"urlTemplate\":\"https:\\\/\\\/www.franz-stadlhofer.at\\\/shop\\\/?s={search_term_string}\"},\"query-input\":{\"@type\":\"PropertyValueSpecification\",\"valueRequired\":true,\"valueName\":\"search_term_string\"}}],\"inLanguage\":\"de\"},{\"@type\":\"Organization\",\"@id\":\"https:\\\/\\\/www.franz-stadlhofer.at\\\/shop\\\/#organization\",\"name\":\"Schnitzstube Stadlhofer Shop\",\"url\":\"https:\\\/\\\/www.franz-stadlhofer.at\\\/shop\\\/\",\"logo\":{\"@type\":\"ImageObject\",\"inLanguage\":\"de\",\"@id\":\"https:\\\/\\\/www.franz-stadlhofer.at\\\/shop\\\/#\\\/schema\\\/logo\\\/image\\\/\",\"url\":\"https:\\\/\\\/www.franz-stadlhofer.at\\\/shop\\\/wp-content\\\/uploads\\\/2019\\\/10\\\/LOGO-2-RETINA.png\",\"contentUrl\":\"https:\\\/\\\/www.franz-stadlhofer.at\\\/shop\\\/wp-content\\\/uploads\\\/2019\\\/10\\\/LOGO-2-RETINA.png\",\"width\":471,\"height\":160,\"caption\":\"Schnitzstube Stadlhofer Shop\"},\"image\":{\"@id\":\"https:\\\/\\\/www.franz-stadlhofer.at\\\/shop\\\/#\\\/schema\\\/logo\\\/image\\\/\"}}]}<\/script>\n<!-- \/ Yoast SEO plugin. -->","yoast_head_json":{"title":"Geschenkbox","description":"Eine besondere Verpackung f\u00fcr ein besonderes Geschenk gibt es jetzt f\u00fcr Ihre kleinen Schnitzereien wie z.B. Weihnachtssterne, kleine Kreuze oder Schl\u00fcsselanh\u00e4nger - wahlweise mit oder ohne Logo.Zahlreiche passende Mustervorlagen zum Schnitzen finden Sie in unseren verschiedenen Vorlagenheften.Eine Sammel\u00fcbersicht \u00fcber alle 46 Sterne gibt es auf Wunsch gratis dazu.Die edle Geschenksverpackung f\u00fcr Ihre Schnitzereien!Ma\u00dfe: 86 x 86 x 26 mmLieferung ohne geschnitzten Stern.","robots":{"index":"index","follow":"follow","max-snippet":"max-snippet:-1","max-image-preview":"max-image-preview:large","max-video-preview":"max-video-preview:-1"},"canonical":"https:\/\/www.franz-stadlhofer.at\/shop\/produkt\/geschenkbox\/","og_locale":"de_DE","og_type":"article","og_title":"Geschenkbox","og_description":"Eine besondere Verpackung f\u00fcr ein besonderes Geschenk gibt es jetzt f\u00fcr Ihre kleinen Schnitzereien wie z.B. Weihnachtssterne, kleine Kreuze oder Schl\u00fcsselanh\u00e4nger - wahlweise mit oder ohne Logo.Zahlreiche passende Mustervorlagen zum Schnitzen finden Sie in unseren verschiedenen Vorlagenheften.Eine Sammel\u00fcbersicht \u00fcber alle 46 Sterne gibt es auf Wunsch gratis dazu.Die edle Geschenksverpackung f\u00fcr Ihre Schnitzereien!Ma\u00dfe: 86 x 86 x 26 mmLieferung ohne geschnitzten Stern.","og_url":"https:\/\/www.franz-stadlhofer.at\/shop\/produkt\/geschenkbox\/","og_site_name":"Schnitzstube Stadlhofer Shop","article_modified_time":"2024-11-26T20:00:58+00:00","og_image":[{"width":945,"height":945,"url":"https:\/\/www.franz-stadlhofer.at\/shop\/wp-content\/uploads\/2019\/03\/products-Geschenkbox1.jpg","type":"image\/jpeg"}],"twitter_card":"summary_large_image","twitter_misc":{"Gesch\u00e4tzte Lesezeit":"1\u00a0Minute"},"schema":{"@context":"https:\/\/schema.org","@graph":[{"@type":"WebPage","@id":"https:\/\/www.franz-stadlhofer.at\/shop\/produkt\/geschenkbox\/","url":"https:\/\/www.franz-stadlhofer.at\/shop\/produkt\/geschenkbox\/","name":"Geschenkbox","isPartOf":{"@id":"https:\/\/www.franz-stadlhofer.at\/shop\/#website"},"primaryImageOfPage":{"@id":"https:\/\/www.franz-stadlhofer.at\/shop\/produkt\/geschenkbox\/#primaryimage"},"image":{"@id":"https:\/\/www.franz-stadlhofer.at\/shop\/produkt\/geschenkbox\/#primaryimage"},"thumbnailUrl":"https:\/\/www.franz-stadlhofer.at\/shop\/wp-content\/uploads\/2019\/03\/products-Geschenkbox1.jpg","datePublished":"2019-03-04T13:59:42+00:00","dateModified":"2024-11-26T20:00:58+00:00","description":"Eine besondere Verpackung f\u00fcr ein besonderes Geschenk gibt es jetzt f\u00fcr Ihre kleinen Schnitzereien wie z.B. Weihnachtssterne, kleine Kreuze oder Schl\u00fcsselanh\u00e4nger - wahlweise mit oder ohne Logo.Zahlreiche passende Mustervorlagen zum Schnitzen finden Sie in unseren verschiedenen Vorlagenheften.Eine Sammel\u00fcbersicht \u00fcber alle 46 Sterne gibt es auf Wunsch gratis dazu.Die edle Geschenksverpackung f\u00fcr Ihre Schnitzereien!Ma\u00dfe: 86 x 86 x 26 mmLieferung ohne geschnitzten Stern.","breadcrumb":{"@id":"https:\/\/www.franz-stadlhofer.at\/shop\/produkt\/geschenkbox\/#breadcrumb"},"inLanguage":"de","potentialAction":[{"@type":"ReadAction","target":["https:\/\/www.franz-stadlhofer.at\/shop\/produkt\/geschenkbox\/"]}]},{"@type":"ImageObject","inLanguage":"de","@id":"https:\/\/www.franz-stadlhofer.at\/shop\/produkt\/geschenkbox\/#primaryimage","url":"https:\/\/www.franz-stadlhofer.at\/shop\/wp-content\/uploads\/2019\/03\/products-Geschenkbox1.jpg","contentUrl":"https:\/\/www.franz-stadlhofer.at\/shop\/wp-content\/uploads\/2019\/03\/products-Geschenkbox1.jpg","width":"945","height":"945","caption":"Geschenkbox - Schnitzstube Stadlhofer Shop"},{"@type":"BreadcrumbList","@id":"https:\/\/www.franz-stadlhofer.at\/shop\/produkt\/geschenkbox\/#breadcrumb","itemListElement":[{"@type":"ListItem","position":1,"name":"Startseite","item":"https:\/\/www.franz-stadlhofer.at\/shop\/"},{"@type":"ListItem","position":2,"name":"Produkte","item":"https:\/\/www.franz-stadlhofer.at\/shop\/shop\/"},{"@type":"ListItem","position":3,"name":"Geschenkbox"}]},{"@type":"WebSite","@id":"https:\/\/www.franz-stadlhofer.at\/shop\/#website","url":"https:\/\/www.franz-stadlhofer.at\/shop\/","name":"Schnitzstube Stadlhofer Shop","description":"Holzschnitzen Onlineshop","publisher":{"@id":"https:\/\/www.franz-stadlhofer.at\/shop\/#organization"},"potentialAction":[{"@type":"SearchAction","target":{"@type":"EntryPoint","urlTemplate":"https:\/\/www.franz-stadlhofer.at\/shop\/?s={search_term_string}"},"query-input":{"@type":"PropertyValueSpecification","valueRequired":true,"valueName":"search_term_string"}}],"inLanguage":"de"},{"@type":"Organization","@id":"https:\/\/www.franz-stadlhofer.at\/shop\/#organization","name":"Schnitzstube Stadlhofer Shop","url":"https:\/\/www.franz-stadlhofer.at\/shop\/","logo":{"@type":"ImageObject","inLanguage":"de","@id":"https:\/\/www.franz-stadlhofer.at\/shop\/#\/schema\/logo\/image\/","url":"https:\/\/www.franz-stadlhofer.at\/shop\/wp-content\/uploads\/2019\/10\/LOGO-2-RETINA.png","contentUrl":"https:\/\/www.franz-stadlhofer.at\/shop\/wp-content\/uploads\/2019\/10\/LOGO-2-RETINA.png","width":471,"height":160,"caption":"Schnitzstube Stadlhofer Shop"},"image":{"@id":"https:\/\/www.franz-stadlhofer.at\/shop\/#\/schema\/logo\/image\/"}}]}},"_links":{"self":[{"href":"https:\/\/www.franz-stadlhofer.at\/shop\/wp-json\/wp\/v2\/product\/22847","targetHints":{"allow":["GET"]}}],"collection":[{"href":"https:\/\/www.franz-stadlhofer.at\/shop\/wp-json\/wp\/v2\/product"}],"about":[{"href":"https:\/\/www.franz-stadlhofer.at\/shop\/wp-json\/wp\/v2\/types\/product"}],"wp:featuredmedia":[{"embeddable":true,"href":"https:\/\/www.franz-stadlhofer.at\/shop\/wp-json\/wp\/v2\/media\/22849"}],"wp:attachment":[{"href":"https:\/\/www.franz-stadlhofer.at\/shop\/wp-json\/wp\/v2\/media?parent=22847"}],"wp:term":[{"taxonomy":"product_brand","embeddable":true,"href":"https:\/\/www.franz-stadlhofer.at\/shop\/wp-json\/wp\/v2\/product_brand?post=22847"},{"taxonomy":"product_cat","embeddable":true,"href":"https:\/\/www.franz-stadlhofer.at\/shop\/wp-json\/wp\/v2\/product_cat?post=22847"},{"taxonomy":"product_tag","embeddable":true,"href":"https:\/\/www.franz-stadlhofer.at\/shop\/wp-json\/wp\/v2\/product_tag?post=22847"}],"curies":[{"name":"wp","href":"https:\/\/api.w.org\/{rel}","templated":true}]}}