{"id":22843,"date":"2024-04-24T18:37:02","date_gmt":"2024-04-24T16:37:02","guid":{"rendered":"https:\/\/www.franz-stadlhofer.at\/shop\/?post_type=product&#038;p=22843"},"modified":"2026-02-04T11:30:01","modified_gmt":"2026-02-04T10:30:01","slug":"3er-set-schatulle-biene","status":"publish","type":"product","link":"https:\/\/www.franz-stadlhofer.at\/shop\/produkt\/3er-set-schatulle-biene\/","title":{"rendered":"3er Set Schatulle Biene"},"content":{"rendered":"<p>Sonderaktion: alle drei Gr\u00f6\u00dfen in einem Set und dazu noch ein <a title=\"Kerbschnittmesser 11\" href=\"https:\/\/www.franz-stadlhofer.at\/shop\/produkt\/kerbschnittmesser-11-detailschnitzmesser\/\"><strong>Detailkerbschnittmesser (Nr. 11)<\/strong>, <\/a>damit man gleich loslegen kann!<\/p>\n<p>Diese sechseckigen Schatullen erinnern in ihrer Form an Bienenwaben und bieten in den unterschiedlichen Gr\u00f6\u00dfen optimale Aufbewahrungsm\u00f6glichkeiten f\u00fcr nette Kleinigkeiten.<\/p>\n","protected":false},"excerpt":{"rendered":"<p>Sonderaktion: alle drei Gr\u00f6\u00dfen in einem Set und dazu noch ein Detailkerbschnittmesser (Nr. 11), damit man gleich loslegen kann! Diese sechseckigen Schatullen erinnern in ihrer Form an Bienenwaben und bieten in den unterschiedlichen Gr\u00f6\u00dfen optimale  [&#8230;]<\/p>\n","protected":false},"featured_media":22844,"template":"","meta":[],"product_brand":[803],"product_cat":[1213,1216,759,780],"product_tag":[1516,1518,1540,1603,1084,1604,1086,1122,1338,1450],"class_list":{"0":"post-22843","1":"product","2":"type-product","3":"status-publish","4":"has-post-thumbnail","6":"product_brand-schnitzstube-franz-stadlhofer","7":"product_cat-set-angebote","8":"product_cat-sets-zum-schnitzen","9":"product_cat-rohes-lindenholz","10":"product_cat-schatullen-dosen","11":"product_tag-rohes-lindenholz","12":"product_tag-beschnitzbar","13":"product_tag-klappdeckel","14":"product_tag-wabe","15":"product_tag-kassette","16":"product_tag-sechseckig","17":"product_tag-schachtel","18":"product_tag-box","19":"product_tag-schatulle","20":"product_tag-schnitzholz","22":"first","23":"instock","24":"sale","25":"taxable","26":"shipping-taxable","27":"purchasable","28":"product-type-simple"},"barcode":null,"atum_controlled":true,"out_stock_date":null,"out_stock_threshold":null,"inheritable":false,"stock_on_hold":0,"sold_today":0,"sales_last_days":0,"reserved_stock":0,"customer_returns":0,"warehouse_damage":0,"lost_in_post":0,"other_logs":0,"out_stock_days":0,"lost_sales":0,"update_date":"2026-04-29T00:06:08","atum_locations":[],"atum_stock_status":"instock","restock_status":false,"low_stock_amount":"","sales_update_date":"2026-04-29T00:06:08","calc_backorders":null,"yoast_head":"<!-- This site is optimized with the Yoast SEO plugin v27.4 - https:\/\/yoast.com\/product\/yoast-seo-wordpress\/ -->\n<title>3er Set Schatulle Biene<\/title>\n<meta name=\"description\" content=\"Sonderaktion: alle drei Gr\u00f6\u00dfen in einem Set und dazu noch ein Detailkerbschnittmesser (Nr. 11), damit man gleich loslegen kann! Diese sechseckigen Schatullen erinnern in ihrer Form an Bienenwaben und bieten in den unterschiedlichen Gr\u00f6\u00dfen optimale Aufbewahrungsm\u00f6glichkeiten f\u00fcr nette Kleinigkeiten. \u00a0\" \/>\n<meta name=\"robots\" content=\"index, follow, max-snippet:-1, max-image-preview:large, max-video-preview:-1\" \/>\n<link rel=\"canonical\" href=\"https:\/\/www.franz-stadlhofer.at\/shop\/produkt\/3er-set-schatulle-biene\/\" \/>\n<meta property=\"og:locale\" content=\"de_DE\" \/>\n<meta property=\"og:type\" content=\"article\" \/>\n<meta property=\"og:title\" content=\"3er Set Schatulle Biene\" \/>\n<meta property=\"og:description\" content=\"Sonderaktion: alle drei Gr\u00f6\u00dfen in einem Set und dazu noch ein Detailkerbschnittmesser (Nr. 11), damit man gleich loslegen kann! Diese sechseckigen Schatullen erinnern in ihrer Form an Bienenwaben und bieten in den unterschiedlichen Gr\u00f6\u00dfen optimale Aufbewahrungsm\u00f6glichkeiten f\u00fcr nette Kleinigkeiten. \u00a0\" \/>\n<meta property=\"og:url\" content=\"https:\/\/www.franz-stadlhofer.at\/shop\/produkt\/3er-set-schatulle-biene\/\" \/>\n<meta property=\"og:site_name\" content=\"Schnitzstube Stadlhofer Shop\" \/>\n<meta property=\"article:modified_time\" content=\"2026-02-04T10:30:01+00:00\" \/>\n<meta property=\"og:image\" content=\"https:\/\/www.franz-stadlhofer.at\/shop\/wp-content\/uploads\/2019\/01\/products-Bienenkassetten-Set.jpg\" \/>\n\t<meta property=\"og:image:width\" content=\"591\" \/>\n\t<meta property=\"og:image:height\" content=\"591\" \/>\n\t<meta property=\"og:image:type\" content=\"image\/jpeg\" \/>\n<meta name=\"twitter:card\" content=\"summary_large_image\" \/>\n<meta name=\"twitter:label1\" content=\"Gesch\u00e4tzte Lesezeit\" \/>\n\t<meta name=\"twitter:data1\" content=\"1\u00a0Minute\" \/>\n<script type=\"application\/ld+json\" class=\"yoast-schema-graph\">{\"@context\":\"https:\\\/\\\/schema.org\",\"@graph\":[{\"@type\":\"WebPage\",\"@id\":\"https:\\\/\\\/www.franz-stadlhofer.at\\\/shop\\\/produkt\\\/3er-set-schatulle-biene\\\/\",\"url\":\"https:\\\/\\\/www.franz-stadlhofer.at\\\/shop\\\/produkt\\\/3er-set-schatulle-biene\\\/\",\"name\":\"3er Set Schatulle Biene\",\"isPartOf\":{\"@id\":\"https:\\\/\\\/www.franz-stadlhofer.at\\\/shop\\\/#website\"},\"primaryImageOfPage\":{\"@id\":\"https:\\\/\\\/www.franz-stadlhofer.at\\\/shop\\\/produkt\\\/3er-set-schatulle-biene\\\/#primaryimage\"},\"image\":{\"@id\":\"https:\\\/\\\/www.franz-stadlhofer.at\\\/shop\\\/produkt\\\/3er-set-schatulle-biene\\\/#primaryimage\"},\"thumbnailUrl\":\"https:\\\/\\\/www.franz-stadlhofer.at\\\/shop\\\/wp-content\\\/uploads\\\/2019\\\/01\\\/products-Bienenkassetten-Set.jpg\",\"datePublished\":\"2024-04-24T16:37:02+00:00\",\"dateModified\":\"2026-02-04T10:30:01+00:00\",\"description\":\"Sonderaktion: alle drei Gr\u00f6\u00dfen in einem Set und dazu noch ein Detailkerbschnittmesser (Nr. 11), damit man gleich loslegen kann! Diese sechseckigen Schatullen erinnern in ihrer Form an Bienenwaben und bieten in den unterschiedlichen Gr\u00f6\u00dfen optimale Aufbewahrungsm\u00f6glichkeiten f\u00fcr nette Kleinigkeiten. \u00a0\",\"breadcrumb\":{\"@id\":\"https:\\\/\\\/www.franz-stadlhofer.at\\\/shop\\\/produkt\\\/3er-set-schatulle-biene\\\/#breadcrumb\"},\"inLanguage\":\"de\",\"potentialAction\":[{\"@type\":\"ReadAction\",\"target\":[\"https:\\\/\\\/www.franz-stadlhofer.at\\\/shop\\\/produkt\\\/3er-set-schatulle-biene\\\/\"]}]},{\"@type\":\"ImageObject\",\"inLanguage\":\"de\",\"@id\":\"https:\\\/\\\/www.franz-stadlhofer.at\\\/shop\\\/produkt\\\/3er-set-schatulle-biene\\\/#primaryimage\",\"url\":\"https:\\\/\\\/www.franz-stadlhofer.at\\\/shop\\\/wp-content\\\/uploads\\\/2019\\\/01\\\/products-Bienenkassetten-Set.jpg\",\"contentUrl\":\"https:\\\/\\\/www.franz-stadlhofer.at\\\/shop\\\/wp-content\\\/uploads\\\/2019\\\/01\\\/products-Bienenkassetten-Set.jpg\",\"width\":\"591\",\"height\":\"591\",\"caption\":\"3er Set Schatulle Biene Lindenholz roh - Schnitzstube Stadlhofer Shop\"},{\"@type\":\"BreadcrumbList\",\"@id\":\"https:\\\/\\\/www.franz-stadlhofer.at\\\/shop\\\/produkt\\\/3er-set-schatulle-biene\\\/#breadcrumb\",\"itemListElement\":[{\"@type\":\"ListItem\",\"position\":1,\"name\":\"Startseite\",\"item\":\"https:\\\/\\\/www.franz-stadlhofer.at\\\/shop\\\/\"},{\"@type\":\"ListItem\",\"position\":2,\"name\":\"Produkte\",\"item\":\"https:\\\/\\\/www.franz-stadlhofer.at\\\/shop\\\/shop\\\/\"},{\"@type\":\"ListItem\",\"position\":3,\"name\":\"3er Set Schatulle Biene\"}]},{\"@type\":\"WebSite\",\"@id\":\"https:\\\/\\\/www.franz-stadlhofer.at\\\/shop\\\/#website\",\"url\":\"https:\\\/\\\/www.franz-stadlhofer.at\\\/shop\\\/\",\"name\":\"Schnitzstube Stadlhofer Shop\",\"description\":\"Holzschnitzen Onlineshop\",\"publisher\":{\"@id\":\"https:\\\/\\\/www.franz-stadlhofer.at\\\/shop\\\/#organization\"},\"potentialAction\":[{\"@type\":\"SearchAction\",\"target\":{\"@type\":\"EntryPoint\",\"urlTemplate\":\"https:\\\/\\\/www.franz-stadlhofer.at\\\/shop\\\/?s={search_term_string}\"},\"query-input\":{\"@type\":\"PropertyValueSpecification\",\"valueRequired\":true,\"valueName\":\"search_term_string\"}}],\"inLanguage\":\"de\"},{\"@type\":\"Organization\",\"@id\":\"https:\\\/\\\/www.franz-stadlhofer.at\\\/shop\\\/#organization\",\"name\":\"Schnitzstube Stadlhofer Shop\",\"url\":\"https:\\\/\\\/www.franz-stadlhofer.at\\\/shop\\\/\",\"logo\":{\"@type\":\"ImageObject\",\"inLanguage\":\"de\",\"@id\":\"https:\\\/\\\/www.franz-stadlhofer.at\\\/shop\\\/#\\\/schema\\\/logo\\\/image\\\/\",\"url\":\"https:\\\/\\\/www.franz-stadlhofer.at\\\/shop\\\/wp-content\\\/uploads\\\/2019\\\/10\\\/LOGO-2-RETINA.png\",\"contentUrl\":\"https:\\\/\\\/www.franz-stadlhofer.at\\\/shop\\\/wp-content\\\/uploads\\\/2019\\\/10\\\/LOGO-2-RETINA.png\",\"width\":471,\"height\":160,\"caption\":\"Schnitzstube Stadlhofer Shop\"},\"image\":{\"@id\":\"https:\\\/\\\/www.franz-stadlhofer.at\\\/shop\\\/#\\\/schema\\\/logo\\\/image\\\/\"}}]}<\/script>\n<!-- \/ Yoast SEO plugin. -->","yoast_head_json":{"title":"3er Set Schatulle Biene","description":"Sonderaktion: alle drei Gr\u00f6\u00dfen in einem Set und dazu noch ein Detailkerbschnittmesser (Nr. 11), damit man gleich loslegen kann! Diese sechseckigen Schatullen erinnern in ihrer Form an Bienenwaben und bieten in den unterschiedlichen Gr\u00f6\u00dfen optimale Aufbewahrungsm\u00f6glichkeiten f\u00fcr nette Kleinigkeiten. \u00a0","robots":{"index":"index","follow":"follow","max-snippet":"max-snippet:-1","max-image-preview":"max-image-preview:large","max-video-preview":"max-video-preview:-1"},"canonical":"https:\/\/www.franz-stadlhofer.at\/shop\/produkt\/3er-set-schatulle-biene\/","og_locale":"de_DE","og_type":"article","og_title":"3er Set Schatulle Biene","og_description":"Sonderaktion: alle drei Gr\u00f6\u00dfen in einem Set und dazu noch ein Detailkerbschnittmesser (Nr. 11), damit man gleich loslegen kann! Diese sechseckigen Schatullen erinnern in ihrer Form an Bienenwaben und bieten in den unterschiedlichen Gr\u00f6\u00dfen optimale Aufbewahrungsm\u00f6glichkeiten f\u00fcr nette Kleinigkeiten. \u00a0","og_url":"https:\/\/www.franz-stadlhofer.at\/shop\/produkt\/3er-set-schatulle-biene\/","og_site_name":"Schnitzstube Stadlhofer Shop","article_modified_time":"2026-02-04T10:30:01+00:00","og_image":[{"width":591,"height":591,"url":"https:\/\/www.franz-stadlhofer.at\/shop\/wp-content\/uploads\/2019\/01\/products-Bienenkassetten-Set.jpg","type":"image\/jpeg"}],"twitter_card":"summary_large_image","twitter_misc":{"Gesch\u00e4tzte Lesezeit":"1\u00a0Minute"},"schema":{"@context":"https:\/\/schema.org","@graph":[{"@type":"WebPage","@id":"https:\/\/www.franz-stadlhofer.at\/shop\/produkt\/3er-set-schatulle-biene\/","url":"https:\/\/www.franz-stadlhofer.at\/shop\/produkt\/3er-set-schatulle-biene\/","name":"3er Set Schatulle Biene","isPartOf":{"@id":"https:\/\/www.franz-stadlhofer.at\/shop\/#website"},"primaryImageOfPage":{"@id":"https:\/\/www.franz-stadlhofer.at\/shop\/produkt\/3er-set-schatulle-biene\/#primaryimage"},"image":{"@id":"https:\/\/www.franz-stadlhofer.at\/shop\/produkt\/3er-set-schatulle-biene\/#primaryimage"},"thumbnailUrl":"https:\/\/www.franz-stadlhofer.at\/shop\/wp-content\/uploads\/2019\/01\/products-Bienenkassetten-Set.jpg","datePublished":"2024-04-24T16:37:02+00:00","dateModified":"2026-02-04T10:30:01+00:00","description":"Sonderaktion: alle drei Gr\u00f6\u00dfen in einem Set und dazu noch ein Detailkerbschnittmesser (Nr. 11), damit man gleich loslegen kann! Diese sechseckigen Schatullen erinnern in ihrer Form an Bienenwaben und bieten in den unterschiedlichen Gr\u00f6\u00dfen optimale Aufbewahrungsm\u00f6glichkeiten f\u00fcr nette Kleinigkeiten. \u00a0","breadcrumb":{"@id":"https:\/\/www.franz-stadlhofer.at\/shop\/produkt\/3er-set-schatulle-biene\/#breadcrumb"},"inLanguage":"de","potentialAction":[{"@type":"ReadAction","target":["https:\/\/www.franz-stadlhofer.at\/shop\/produkt\/3er-set-schatulle-biene\/"]}]},{"@type":"ImageObject","inLanguage":"de","@id":"https:\/\/www.franz-stadlhofer.at\/shop\/produkt\/3er-set-schatulle-biene\/#primaryimage","url":"https:\/\/www.franz-stadlhofer.at\/shop\/wp-content\/uploads\/2019\/01\/products-Bienenkassetten-Set.jpg","contentUrl":"https:\/\/www.franz-stadlhofer.at\/shop\/wp-content\/uploads\/2019\/01\/products-Bienenkassetten-Set.jpg","width":"591","height":"591","caption":"3er Set Schatulle Biene Lindenholz roh - Schnitzstube Stadlhofer Shop"},{"@type":"BreadcrumbList","@id":"https:\/\/www.franz-stadlhofer.at\/shop\/produkt\/3er-set-schatulle-biene\/#breadcrumb","itemListElement":[{"@type":"ListItem","position":1,"name":"Startseite","item":"https:\/\/www.franz-stadlhofer.at\/shop\/"},{"@type":"ListItem","position":2,"name":"Produkte","item":"https:\/\/www.franz-stadlhofer.at\/shop\/shop\/"},{"@type":"ListItem","position":3,"name":"3er Set Schatulle Biene"}]},{"@type":"WebSite","@id":"https:\/\/www.franz-stadlhofer.at\/shop\/#website","url":"https:\/\/www.franz-stadlhofer.at\/shop\/","name":"Schnitzstube Stadlhofer Shop","description":"Holzschnitzen Onlineshop","publisher":{"@id":"https:\/\/www.franz-stadlhofer.at\/shop\/#organization"},"potentialAction":[{"@type":"SearchAction","target":{"@type":"EntryPoint","urlTemplate":"https:\/\/www.franz-stadlhofer.at\/shop\/?s={search_term_string}"},"query-input":{"@type":"PropertyValueSpecification","valueRequired":true,"valueName":"search_term_string"}}],"inLanguage":"de"},{"@type":"Organization","@id":"https:\/\/www.franz-stadlhofer.at\/shop\/#organization","name":"Schnitzstube Stadlhofer Shop","url":"https:\/\/www.franz-stadlhofer.at\/shop\/","logo":{"@type":"ImageObject","inLanguage":"de","@id":"https:\/\/www.franz-stadlhofer.at\/shop\/#\/schema\/logo\/image\/","url":"https:\/\/www.franz-stadlhofer.at\/shop\/wp-content\/uploads\/2019\/10\/LOGO-2-RETINA.png","contentUrl":"https:\/\/www.franz-stadlhofer.at\/shop\/wp-content\/uploads\/2019\/10\/LOGO-2-RETINA.png","width":471,"height":160,"caption":"Schnitzstube Stadlhofer Shop"},"image":{"@id":"https:\/\/www.franz-stadlhofer.at\/shop\/#\/schema\/logo\/image\/"}}]}},"_links":{"self":[{"href":"https:\/\/www.franz-stadlhofer.at\/shop\/wp-json\/wp\/v2\/product\/22843","targetHints":{"allow":["GET"]}}],"collection":[{"href":"https:\/\/www.franz-stadlhofer.at\/shop\/wp-json\/wp\/v2\/product"}],"about":[{"href":"https:\/\/www.franz-stadlhofer.at\/shop\/wp-json\/wp\/v2\/types\/product"}],"wp:featuredmedia":[{"embeddable":true,"href":"https:\/\/www.franz-stadlhofer.at\/shop\/wp-json\/wp\/v2\/media\/22844"}],"wp:attachment":[{"href":"https:\/\/www.franz-stadlhofer.at\/shop\/wp-json\/wp\/v2\/media?parent=22843"}],"wp:term":[{"taxonomy":"product_brand","embeddable":true,"href":"https:\/\/www.franz-stadlhofer.at\/shop\/wp-json\/wp\/v2\/product_brand?post=22843"},{"taxonomy":"product_cat","embeddable":true,"href":"https:\/\/www.franz-stadlhofer.at\/shop\/wp-json\/wp\/v2\/product_cat?post=22843"},{"taxonomy":"product_tag","embeddable":true,"href":"https:\/\/www.franz-stadlhofer.at\/shop\/wp-json\/wp\/v2\/product_tag?post=22843"}],"curies":[{"name":"wp","href":"https:\/\/api.w.org\/{rel}","templated":true}]}}