{"id":22761,"date":"2017-12-27T15:15:35","date_gmt":"2017-12-27T15:15:35","guid":{"rendered":"https:\/\/www.franz-stadlhofer.at\/shop\/?post_type=product&#038;p=22761"},"modified":"2026-02-18T11:47:29","modified_gmt":"2026-02-18T10:47:29","slug":"schleifmaschine-t-2","status":"publish","type":"product","link":"https:\/\/www.franz-stadlhofer.at\/shop\/produkt\/schleifmaschine-t-2\/","title":{"rendered":"Schleifmaschine T-2"},"content":{"rendered":"<div class=\"fusion-fullwidth fullwidth-box fusion-builder-row-1 fusion-flex-container nonhundred-percent-fullwidth non-hundred-percent-height-scrolling\" style=\"--awb-border-radius-top-left:0px;--awb-border-radius-top-right:0px;--awb-border-radius-bottom-right:0px;--awb-border-radius-bottom-left:0px;--awb-flex-wrap:wrap;\" ><div class=\"fusion-builder-row fusion-row fusion-flex-align-items-flex-start fusion-flex-content-wrap\" style=\"max-width:1216.8px;margin-left: calc(-4% \/ 2 );margin-right: calc(-4% \/ 2 );\"><div class=\"fusion-layout-column fusion_builder_column fusion-builder-column-0 fusion_builder_column_1_1 1_1 fusion-flex-column\" style=\"--awb-bg-size:cover;--awb-width-large:100%;--awb-margin-top-large:0px;--awb-spacing-right-large:1.92%;--awb-margin-bottom-large:0px;--awb-spacing-left-large:1.92%;--awb-width-medium:100%;--awb-spacing-right-medium:1.92%;--awb-spacing-left-medium:1.92%;--awb-width-small:100%;--awb-spacing-right-small:1.92%;--awb-spacing-left-small:1.92%;\"><div class=\"fusion-column-wrapper fusion-flex-justify-content-flex-start fusion-content-layout-column\"><div class=\"fusion-text fusion-text-1\"><p><strong>K\u00fcchenchefInnen aufgepasst!<\/strong><br \/>\nJetzt wird das Messerschleifen zum Kinderspiel f\u00fcr Jede\/n.<\/p>\n<p>Tormek hat nun erstmals eine Trockenschleifmaschine speziell f\u00fcr die Anforderungen einer professionellen K\u00fcche entwickelt. Durch den Einsatz einer optimierten Diamantschleifscheibe besteht kein Risiko, dass der Stahl vergl\u00fcht. Der jeweilige Schneidwinkel ist auf der patentierten F\u00fchrung ganz leicht einzustellen.<br \/>\nIn der speziellen Kompositscheibe ist das Poliermittel bereits integriert und erleichtert das Abziehen des Schleifgrads.<\/p>\n<p>Diese Kombination erm\u00f6glicht einen ganz pr\u00e4zisen Schliff.<\/p>\n<p>&#8211; Nach Bedarf einstellbarer Schneidenwinkel.<br \/>\n&#8211; Optimierte Diamantschleifscheibe entfernt nicht mehr Stahl als notwendig.<br \/>\n&#8211; Kompositscheibe zur Schlusspolitur der Schneide.<br \/>\n&#8211; Kein Risiko des Ausgl\u00fchens des Stahles.<br \/>\n&#8211; Schnelles Schleifen.<br \/>\n&#8211; Leise laufend.<\/p>\n<p><a title=\"Datenblatt T-2\" href=\"https:\/\/www.franz-stadlhofer.at\/shop\/wp-content\/uploads\/2020\/12\/Datenblatt-T-2.pdf\"><strong>Datenblatt<\/strong><\/a><\/p>\n<p><strong><a title=\"Anwendungsfilm Englisch\" href=\"https:\/\/www.youtube.com\/embed\/AhA4uG9MUPU?ecver=2\">Tormek T-2 Anwendungsfilm (3:42 min &#8211; schwedisch)<\/a><\/strong><\/p>\n<\/div><\/div><\/div><\/div><\/div>\n","protected":false},"excerpt":{"rendered":"","protected":false},"featured_media":22763,"template":"","meta":[],"product_brand":[806],"product_cat":[785,767,758,763],"product_tag":[],"class_list":{"0":"post-22761","1":"product","2":"type-product","3":"status-publish","4":"has-post-thumbnail","6":"product_brand-tormek","7":"product_cat-maschinen-und-zubehorpakete","8":"product_cat-nass-schleifen","9":"product_cat-werkzeuge","10":"product_cat-schleifen-scharfen","12":"first","13":"instock","14":"sale","15":"taxable","16":"shipping-taxable","17":"purchasable","18":"product-type-simple"},"barcode":null,"atum_controlled":true,"out_stock_date":null,"out_stock_threshold":null,"inheritable":false,"stock_on_hold":0,"sold_today":0,"sales_last_days":0,"reserved_stock":0,"customer_returns":0,"warehouse_damage":0,"lost_in_post":0,"other_logs":0,"out_stock_days":0,"lost_sales":0,"update_date":"2026-05-05T00:05:54","atum_locations":[],"atum_stock_status":"instock","restock_status":false,"low_stock_amount":"","sales_update_date":"2026-05-05T00:05:54","calc_backorders":null,"yoast_head":"<!-- This site is optimized with the Yoast SEO plugin v27.4 - https:\/\/yoast.com\/product\/yoast-seo-wordpress\/ -->\n<title>Schleifmaschine T-2<\/title>\n<meta name=\"description\" content=\"K\u00fcchenchefInnen aufgepasst! Jetzt wird das Messerschleifen zum Kinderspiel f\u00fcr Jede\/n. Tormek hat nun erstmals eine Trockenschleifmaschine speziell f\u00fcr die Anforderungen einer professionellen K\u00fcche entwickelt. Durch den Einsatz einer optimierten Diamantschleifscheibe besteht kein Risiko, dass der Stahl vergl\u00fcht. Der jeweilige Schneidwinkel ist auf der patentierten F\u00fchrung ganz leicht einzustellen.In der speziellen Kompositscheibe ist das Poliermittel bereits integriert und erleichtert das Abziehen des Schleifgrads. Diese Kombination erm\u00f6glicht einen ganz pr\u00e4zisen Schliff. - Nach Bedarf einstellbarer Schneidenwinkel.- Optimierte Diamantschleifscheibe entfernt nicht mehr Stahl als notwendig.- Kompositscheibe zur Schlusspolitur der Schneide.- Kein Risiko des Ausgl\u00fchens des Stahles.- Schnelles Schleifen.- Leise laufend. Datenblatt \ufeffTormek T-2 Anwendungsfilm (3:42 min - schwedisch)\" \/>\n<meta name=\"robots\" content=\"index, follow, max-snippet:-1, max-image-preview:large, max-video-preview:-1\" \/>\n<link rel=\"canonical\" href=\"https:\/\/www.franz-stadlhofer.at\/shop\/produkt\/schleifmaschine-t-2\/\" \/>\n<meta property=\"og:locale\" content=\"de_DE\" \/>\n<meta property=\"og:type\" content=\"article\" \/>\n<meta property=\"og:title\" content=\"Schleifmaschine T-2\" \/>\n<meta property=\"og:description\" content=\"K\u00fcchenchefInnen aufgepasst! Jetzt wird das Messerschleifen zum Kinderspiel f\u00fcr Jede\/n. Tormek hat nun erstmals eine Trockenschleifmaschine speziell f\u00fcr die Anforderungen einer professionellen K\u00fcche entwickelt. Durch den Einsatz einer optimierten Diamantschleifscheibe besteht kein Risiko, dass der Stahl vergl\u00fcht. Der jeweilige Schneidwinkel ist auf der patentierten F\u00fchrung ganz leicht einzustellen.In der speziellen Kompositscheibe ist das Poliermittel bereits integriert und erleichtert das Abziehen des Schleifgrads. Diese Kombination erm\u00f6glicht einen ganz pr\u00e4zisen Schliff. - Nach Bedarf einstellbarer Schneidenwinkel.- Optimierte Diamantschleifscheibe entfernt nicht mehr Stahl als notwendig.- Kompositscheibe zur Schlusspolitur der Schneide.- Kein Risiko des Ausgl\u00fchens des Stahles.- Schnelles Schleifen.- Leise laufend. Datenblatt \ufeffTormek T-2 Anwendungsfilm (3:42 min - schwedisch)\" \/>\n<meta property=\"og:url\" content=\"https:\/\/www.franz-stadlhofer.at\/shop\/produkt\/schleifmaschine-t-2\/\" \/>\n<meta property=\"og:site_name\" content=\"Schnitzstube Stadlhofer Shop\" \/>\n<meta property=\"article:modified_time\" content=\"2026-02-18T10:47:29+00:00\" \/>\n<meta property=\"og:image\" content=\"https:\/\/www.franz-stadlhofer.at\/shop\/wp-content\/uploads\/2017\/12\/products-T-2.jpg\" \/>\n\t<meta property=\"og:image:width\" content=\"2000\" \/>\n\t<meta property=\"og:image:height\" content=\"1500\" \/>\n\t<meta property=\"og:image:type\" content=\"image\/jpeg\" \/>\n<meta name=\"twitter:card\" content=\"summary_large_image\" \/>\n<meta name=\"twitter:label1\" content=\"Gesch\u00e4tzte Lesezeit\" \/>\n\t<meta name=\"twitter:data1\" content=\"1\u00a0Minute\" \/>\n<script type=\"application\/ld+json\" class=\"yoast-schema-graph\">{\"@context\":\"https:\\\/\\\/schema.org\",\"@graph\":[{\"@type\":\"WebPage\",\"@id\":\"https:\\\/\\\/www.franz-stadlhofer.at\\\/shop\\\/produkt\\\/schleifmaschine-t-2\\\/\",\"url\":\"https:\\\/\\\/www.franz-stadlhofer.at\\\/shop\\\/produkt\\\/schleifmaschine-t-2\\\/\",\"name\":\"Schleifmaschine T-2\",\"isPartOf\":{\"@id\":\"https:\\\/\\\/www.franz-stadlhofer.at\\\/shop\\\/#website\"},\"primaryImageOfPage\":{\"@id\":\"https:\\\/\\\/www.franz-stadlhofer.at\\\/shop\\\/produkt\\\/schleifmaschine-t-2\\\/#primaryimage\"},\"image\":{\"@id\":\"https:\\\/\\\/www.franz-stadlhofer.at\\\/shop\\\/produkt\\\/schleifmaschine-t-2\\\/#primaryimage\"},\"thumbnailUrl\":\"https:\\\/\\\/www.franz-stadlhofer.at\\\/shop\\\/wp-content\\\/uploads\\\/2017\\\/12\\\/products-T-2.jpg\",\"datePublished\":\"2017-12-27T15:15:35+00:00\",\"dateModified\":\"2026-02-18T10:47:29+00:00\",\"description\":\"K\u00fcchenchefInnen aufgepasst! Jetzt wird das Messerschleifen zum Kinderspiel f\u00fcr Jede\\\/n. Tormek hat nun erstmals eine Trockenschleifmaschine speziell f\u00fcr die Anforderungen einer professionellen K\u00fcche entwickelt. Durch den Einsatz einer optimierten Diamantschleifscheibe besteht kein Risiko, dass der Stahl vergl\u00fcht. Der jeweilige Schneidwinkel ist auf der patentierten F\u00fchrung ganz leicht einzustellen.In der speziellen Kompositscheibe ist das Poliermittel bereits integriert und erleichtert das Abziehen des Schleifgrads. Diese Kombination erm\u00f6glicht einen ganz pr\u00e4zisen Schliff. - Nach Bedarf einstellbarer Schneidenwinkel.- Optimierte Diamantschleifscheibe entfernt nicht mehr Stahl als notwendig.- Kompositscheibe zur Schlusspolitur der Schneide.- Kein Risiko des Ausgl\u00fchens des Stahles.- Schnelles Schleifen.- Leise laufend. Datenblatt \ufeffTormek T-2 Anwendungsfilm (3:42 min - schwedisch)\",\"breadcrumb\":{\"@id\":\"https:\\\/\\\/www.franz-stadlhofer.at\\\/shop\\\/produkt\\\/schleifmaschine-t-2\\\/#breadcrumb\"},\"inLanguage\":\"de\",\"potentialAction\":[{\"@type\":\"ReadAction\",\"target\":[\"https:\\\/\\\/www.franz-stadlhofer.at\\\/shop\\\/produkt\\\/schleifmaschine-t-2\\\/\"]}]},{\"@type\":\"ImageObject\",\"inLanguage\":\"de\",\"@id\":\"https:\\\/\\\/www.franz-stadlhofer.at\\\/shop\\\/produkt\\\/schleifmaschine-t-2\\\/#primaryimage\",\"url\":\"https:\\\/\\\/www.franz-stadlhofer.at\\\/shop\\\/wp-content\\\/uploads\\\/2017\\\/12\\\/products-T-2.jpg\",\"contentUrl\":\"https:\\\/\\\/www.franz-stadlhofer.at\\\/shop\\\/wp-content\\\/uploads\\\/2017\\\/12\\\/products-T-2.jpg\",\"width\":\"2000\",\"height\":\"1500\",\"caption\":\"Tormek Schleifmaschine T-2 - Schnitzstube Stadlhofer Shop\"},{\"@type\":\"BreadcrumbList\",\"@id\":\"https:\\\/\\\/www.franz-stadlhofer.at\\\/shop\\\/produkt\\\/schleifmaschine-t-2\\\/#breadcrumb\",\"itemListElement\":[{\"@type\":\"ListItem\",\"position\":1,\"name\":\"Startseite\",\"item\":\"https:\\\/\\\/www.franz-stadlhofer.at\\\/shop\\\/\"},{\"@type\":\"ListItem\",\"position\":2,\"name\":\"Produkte\",\"item\":\"https:\\\/\\\/www.franz-stadlhofer.at\\\/shop\\\/shop\\\/\"},{\"@type\":\"ListItem\",\"position\":3,\"name\":\"Schleifmaschine T-2\"}]},{\"@type\":\"WebSite\",\"@id\":\"https:\\\/\\\/www.franz-stadlhofer.at\\\/shop\\\/#website\",\"url\":\"https:\\\/\\\/www.franz-stadlhofer.at\\\/shop\\\/\",\"name\":\"Schnitzstube Stadlhofer Shop\",\"description\":\"Holzschnitzen Onlineshop\",\"publisher\":{\"@id\":\"https:\\\/\\\/www.franz-stadlhofer.at\\\/shop\\\/#organization\"},\"potentialAction\":[{\"@type\":\"SearchAction\",\"target\":{\"@type\":\"EntryPoint\",\"urlTemplate\":\"https:\\\/\\\/www.franz-stadlhofer.at\\\/shop\\\/?s={search_term_string}\"},\"query-input\":{\"@type\":\"PropertyValueSpecification\",\"valueRequired\":true,\"valueName\":\"search_term_string\"}}],\"inLanguage\":\"de\"},{\"@type\":\"Organization\",\"@id\":\"https:\\\/\\\/www.franz-stadlhofer.at\\\/shop\\\/#organization\",\"name\":\"Schnitzstube Stadlhofer Shop\",\"url\":\"https:\\\/\\\/www.franz-stadlhofer.at\\\/shop\\\/\",\"logo\":{\"@type\":\"ImageObject\",\"inLanguage\":\"de\",\"@id\":\"https:\\\/\\\/www.franz-stadlhofer.at\\\/shop\\\/#\\\/schema\\\/logo\\\/image\\\/\",\"url\":\"https:\\\/\\\/www.franz-stadlhofer.at\\\/shop\\\/wp-content\\\/uploads\\\/2019\\\/10\\\/LOGO-2-RETINA.png\",\"contentUrl\":\"https:\\\/\\\/www.franz-stadlhofer.at\\\/shop\\\/wp-content\\\/uploads\\\/2019\\\/10\\\/LOGO-2-RETINA.png\",\"width\":471,\"height\":160,\"caption\":\"Schnitzstube Stadlhofer Shop\"},\"image\":{\"@id\":\"https:\\\/\\\/www.franz-stadlhofer.at\\\/shop\\\/#\\\/schema\\\/logo\\\/image\\\/\"}}]}<\/script>\n<!-- \/ Yoast SEO plugin. -->","yoast_head_json":{"title":"Schleifmaschine T-2","description":"K\u00fcchenchefInnen aufgepasst! Jetzt wird das Messerschleifen zum Kinderspiel f\u00fcr Jede\/n. Tormek hat nun erstmals eine Trockenschleifmaschine speziell f\u00fcr die Anforderungen einer professionellen K\u00fcche entwickelt. Durch den Einsatz einer optimierten Diamantschleifscheibe besteht kein Risiko, dass der Stahl vergl\u00fcht. Der jeweilige Schneidwinkel ist auf der patentierten F\u00fchrung ganz leicht einzustellen.In der speziellen Kompositscheibe ist das Poliermittel bereits integriert und erleichtert das Abziehen des Schleifgrads. Diese Kombination erm\u00f6glicht einen ganz pr\u00e4zisen Schliff. - Nach Bedarf einstellbarer Schneidenwinkel.- Optimierte Diamantschleifscheibe entfernt nicht mehr Stahl als notwendig.- Kompositscheibe zur Schlusspolitur der Schneide.- Kein Risiko des Ausgl\u00fchens des Stahles.- Schnelles Schleifen.- Leise laufend. Datenblatt \ufeffTormek T-2 Anwendungsfilm (3:42 min - schwedisch)","robots":{"index":"index","follow":"follow","max-snippet":"max-snippet:-1","max-image-preview":"max-image-preview:large","max-video-preview":"max-video-preview:-1"},"canonical":"https:\/\/www.franz-stadlhofer.at\/shop\/produkt\/schleifmaschine-t-2\/","og_locale":"de_DE","og_type":"article","og_title":"Schleifmaschine T-2","og_description":"K\u00fcchenchefInnen aufgepasst! Jetzt wird das Messerschleifen zum Kinderspiel f\u00fcr Jede\/n. Tormek hat nun erstmals eine Trockenschleifmaschine speziell f\u00fcr die Anforderungen einer professionellen K\u00fcche entwickelt. Durch den Einsatz einer optimierten Diamantschleifscheibe besteht kein Risiko, dass der Stahl vergl\u00fcht. Der jeweilige Schneidwinkel ist auf der patentierten F\u00fchrung ganz leicht einzustellen.In der speziellen Kompositscheibe ist das Poliermittel bereits integriert und erleichtert das Abziehen des Schleifgrads. Diese Kombination erm\u00f6glicht einen ganz pr\u00e4zisen Schliff. - Nach Bedarf einstellbarer Schneidenwinkel.- Optimierte Diamantschleifscheibe entfernt nicht mehr Stahl als notwendig.- Kompositscheibe zur Schlusspolitur der Schneide.- Kein Risiko des Ausgl\u00fchens des Stahles.- Schnelles Schleifen.- Leise laufend. Datenblatt \ufeffTormek T-2 Anwendungsfilm (3:42 min - schwedisch)","og_url":"https:\/\/www.franz-stadlhofer.at\/shop\/produkt\/schleifmaschine-t-2\/","og_site_name":"Schnitzstube Stadlhofer Shop","article_modified_time":"2026-02-18T10:47:29+00:00","og_image":[{"width":2000,"height":1500,"url":"https:\/\/www.franz-stadlhofer.at\/shop\/wp-content\/uploads\/2017\/12\/products-T-2.jpg","type":"image\/jpeg"}],"twitter_card":"summary_large_image","twitter_misc":{"Gesch\u00e4tzte Lesezeit":"1\u00a0Minute"},"schema":{"@context":"https:\/\/schema.org","@graph":[{"@type":"WebPage","@id":"https:\/\/www.franz-stadlhofer.at\/shop\/produkt\/schleifmaschine-t-2\/","url":"https:\/\/www.franz-stadlhofer.at\/shop\/produkt\/schleifmaschine-t-2\/","name":"Schleifmaschine T-2","isPartOf":{"@id":"https:\/\/www.franz-stadlhofer.at\/shop\/#website"},"primaryImageOfPage":{"@id":"https:\/\/www.franz-stadlhofer.at\/shop\/produkt\/schleifmaschine-t-2\/#primaryimage"},"image":{"@id":"https:\/\/www.franz-stadlhofer.at\/shop\/produkt\/schleifmaschine-t-2\/#primaryimage"},"thumbnailUrl":"https:\/\/www.franz-stadlhofer.at\/shop\/wp-content\/uploads\/2017\/12\/products-T-2.jpg","datePublished":"2017-12-27T15:15:35+00:00","dateModified":"2026-02-18T10:47:29+00:00","description":"K\u00fcchenchefInnen aufgepasst! Jetzt wird das Messerschleifen zum Kinderspiel f\u00fcr Jede\/n. Tormek hat nun erstmals eine Trockenschleifmaschine speziell f\u00fcr die Anforderungen einer professionellen K\u00fcche entwickelt. Durch den Einsatz einer optimierten Diamantschleifscheibe besteht kein Risiko, dass der Stahl vergl\u00fcht. Der jeweilige Schneidwinkel ist auf der patentierten F\u00fchrung ganz leicht einzustellen.In der speziellen Kompositscheibe ist das Poliermittel bereits integriert und erleichtert das Abziehen des Schleifgrads. Diese Kombination erm\u00f6glicht einen ganz pr\u00e4zisen Schliff. - Nach Bedarf einstellbarer Schneidenwinkel.- Optimierte Diamantschleifscheibe entfernt nicht mehr Stahl als notwendig.- Kompositscheibe zur Schlusspolitur der Schneide.- Kein Risiko des Ausgl\u00fchens des Stahles.- Schnelles Schleifen.- Leise laufend. Datenblatt \ufeffTormek T-2 Anwendungsfilm (3:42 min - schwedisch)","breadcrumb":{"@id":"https:\/\/www.franz-stadlhofer.at\/shop\/produkt\/schleifmaschine-t-2\/#breadcrumb"},"inLanguage":"de","potentialAction":[{"@type":"ReadAction","target":["https:\/\/www.franz-stadlhofer.at\/shop\/produkt\/schleifmaschine-t-2\/"]}]},{"@type":"ImageObject","inLanguage":"de","@id":"https:\/\/www.franz-stadlhofer.at\/shop\/produkt\/schleifmaschine-t-2\/#primaryimage","url":"https:\/\/www.franz-stadlhofer.at\/shop\/wp-content\/uploads\/2017\/12\/products-T-2.jpg","contentUrl":"https:\/\/www.franz-stadlhofer.at\/shop\/wp-content\/uploads\/2017\/12\/products-T-2.jpg","width":"2000","height":"1500","caption":"Tormek Schleifmaschine T-2 - Schnitzstube Stadlhofer Shop"},{"@type":"BreadcrumbList","@id":"https:\/\/www.franz-stadlhofer.at\/shop\/produkt\/schleifmaschine-t-2\/#breadcrumb","itemListElement":[{"@type":"ListItem","position":1,"name":"Startseite","item":"https:\/\/www.franz-stadlhofer.at\/shop\/"},{"@type":"ListItem","position":2,"name":"Produkte","item":"https:\/\/www.franz-stadlhofer.at\/shop\/shop\/"},{"@type":"ListItem","position":3,"name":"Schleifmaschine T-2"}]},{"@type":"WebSite","@id":"https:\/\/www.franz-stadlhofer.at\/shop\/#website","url":"https:\/\/www.franz-stadlhofer.at\/shop\/","name":"Schnitzstube Stadlhofer Shop","description":"Holzschnitzen Onlineshop","publisher":{"@id":"https:\/\/www.franz-stadlhofer.at\/shop\/#organization"},"potentialAction":[{"@type":"SearchAction","target":{"@type":"EntryPoint","urlTemplate":"https:\/\/www.franz-stadlhofer.at\/shop\/?s={search_term_string}"},"query-input":{"@type":"PropertyValueSpecification","valueRequired":true,"valueName":"search_term_string"}}],"inLanguage":"de"},{"@type":"Organization","@id":"https:\/\/www.franz-stadlhofer.at\/shop\/#organization","name":"Schnitzstube Stadlhofer Shop","url":"https:\/\/www.franz-stadlhofer.at\/shop\/","logo":{"@type":"ImageObject","inLanguage":"de","@id":"https:\/\/www.franz-stadlhofer.at\/shop\/#\/schema\/logo\/image\/","url":"https:\/\/www.franz-stadlhofer.at\/shop\/wp-content\/uploads\/2019\/10\/LOGO-2-RETINA.png","contentUrl":"https:\/\/www.franz-stadlhofer.at\/shop\/wp-content\/uploads\/2019\/10\/LOGO-2-RETINA.png","width":471,"height":160,"caption":"Schnitzstube Stadlhofer Shop"},"image":{"@id":"https:\/\/www.franz-stadlhofer.at\/shop\/#\/schema\/logo\/image\/"}}]}},"_links":{"self":[{"href":"https:\/\/www.franz-stadlhofer.at\/shop\/wp-json\/wp\/v2\/product\/22761","targetHints":{"allow":["GET"]}}],"collection":[{"href":"https:\/\/www.franz-stadlhofer.at\/shop\/wp-json\/wp\/v2\/product"}],"about":[{"href":"https:\/\/www.franz-stadlhofer.at\/shop\/wp-json\/wp\/v2\/types\/product"}],"wp:featuredmedia":[{"embeddable":true,"href":"https:\/\/www.franz-stadlhofer.at\/shop\/wp-json\/wp\/v2\/media\/22763"}],"wp:attachment":[{"href":"https:\/\/www.franz-stadlhofer.at\/shop\/wp-json\/wp\/v2\/media?parent=22761"}],"wp:term":[{"taxonomy":"product_brand","embeddable":true,"href":"https:\/\/www.franz-stadlhofer.at\/shop\/wp-json\/wp\/v2\/product_brand?post=22761"},{"taxonomy":"product_cat","embeddable":true,"href":"https:\/\/www.franz-stadlhofer.at\/shop\/wp-json\/wp\/v2\/product_cat?post=22761"},{"taxonomy":"product_tag","embeddable":true,"href":"https:\/\/www.franz-stadlhofer.at\/shop\/wp-json\/wp\/v2\/product_tag?post=22761"}],"curies":[{"name":"wp","href":"https:\/\/api.w.org\/{rel}","templated":true}]}}