{"id":22752,"date":"2017-12-03T14:51:04","date_gmt":"2017-12-03T13:51:04","guid":{"rendered":"https:\/\/www.franz-stadlhofer.at\/shop\/?post_type=product&#038;p=22752"},"modified":"2024-10-23T19:49:33","modified_gmt":"2024-10-23T17:49:33","slug":"modelliermasse","status":"publish","type":"product","link":"https:\/\/www.franz-stadlhofer.at\/shop\/produkt\/modelliermasse\/","title":{"rendered":"Modelliermasse"},"content":{"rendered":"<div id=\"description\" class=\"tab-pane collapse smx-productdescription smx-content content active in\" style=\"height: 268px;\">\n<p align=\"left\">Um figurales Schnitzen bestm\u00f6glich umzusetzen, wird das Objekt vorerst mit Modelliermasse geformt. Ist das Modell mit Keramiplast fertig gestellt, muss es nicht gebrannt werden, sondern trocknet an der Luft meist \u00fcber Nacht vollkommen hart durch (maximale Trocknungszeit ca. 2 \u2013 3 Tage).<\/p>\n<p align=\"left\">Folgende Eigenschaften zeichnen <strong>Keramiplast<\/strong> Modelliermasse aus:<\/p>\n<ul>\n<li>hat eine hohe Standfestigkeit<\/li>\n<li>l\u00e4sst sich s\u00e4gen, schmirgeln und schleifen<\/li>\n<li>ist mit allen handels\u00fcblichen Farben bemalbar<\/li>\n<li>enth\u00e4lt Cellulosefasern<\/li>\n<\/ul>\n<p>Farbe: terrakotta<\/p>\n<\/div>\n","protected":false},"excerpt":{"rendered":"<p>Um figurales Schnitzen bestm\u00f6glich umzusetzen, wird das Objekt vorerst mit Modelliermasse geformt. Ist das Modell mit Keramiplast fertig gestellt, muss es nicht gebrannt werden, sondern trocknet an der Luft meist \u00fcber Nacht vollkommen hart durch  [&#8230;]<\/p>\n","protected":false},"featured_media":22756,"template":"","meta":[],"product_brand":[820],"product_cat":[769,758],"product_tag":[],"class_list":{"0":"post-22752","1":"product","2":"type-product","3":"status-publish","4":"has-post-thumbnail","6":"product_brand-gerstaecker","7":"product_cat-bildhauen-modellieren","8":"product_cat-werkzeuge","9":"pa_grobe-0-5-kg","10":"pa_grobe-1-kg","11":"pa_grobe-2-5-kg","13":"first","14":"instock","15":"taxable","16":"shipping-taxable","17":"purchasable","18":"product-type-variable","19":"has-default-attributes"},"barcode":null,"atum_controlled":true,"out_stock_date":null,"out_stock_threshold":null,"inheritable":true,"stock_on_hold":0,"sold_today":0,"sales_last_days":0,"reserved_stock":0,"customer_returns":0,"warehouse_damage":0,"lost_in_post":0,"other_logs":0,"out_stock_days":0,"lost_sales":0,"update_date":"2026-05-04T00:06:13","atum_locations":[],"atum_stock_status":"instock","restock_status":false,"low_stock_amount":"","sales_update_date":"2026-05-04T00:06:13","calc_backorders":null,"yoast_head":"<!-- This site is optimized with the Yoast SEO plugin v27.4 - https:\/\/yoast.com\/product\/yoast-seo-wordpress\/ -->\n<title>Modelliermasse<\/title>\n<meta name=\"description\" content=\"Um figurales Schnitzen bestm\u00f6glich umzusetzen, wird das Objekt vorerst mit Modelliermasse geformt. Ist das Modell mit Keramiplast fertig gestellt, muss es nicht gebrannt werden, sondern trocknet an der Luft meist \u00fcber Nacht vollkommen hart durch (maximale Trocknungszeit ca. 2 \u2013 3 Tage). Folgende Eigenschaften zeichnen Keramiplast Modelliermasse aus: hat eine hohe Standfestigkeit l\u00e4sst sich s\u00e4gen, schmirgeln und schleifen ist mit allen handels\u00fcblichen Farben bemalbar enth\u00e4lt Cellulosefasern Farbe: terrakotta\" \/>\n<meta name=\"robots\" content=\"index, follow, max-snippet:-1, max-image-preview:large, max-video-preview:-1\" \/>\n<link rel=\"canonical\" href=\"https:\/\/www.franz-stadlhofer.at\/shop\/produkt\/modelliermasse\/\" \/>\n<meta property=\"og:locale\" content=\"de_DE\" \/>\n<meta property=\"og:type\" content=\"article\" \/>\n<meta property=\"og:title\" content=\"Modelliermasse\" \/>\n<meta property=\"og:description\" content=\"Um figurales Schnitzen bestm\u00f6glich umzusetzen, wird das Objekt vorerst mit Modelliermasse geformt. Ist das Modell mit Keramiplast fertig gestellt, muss es nicht gebrannt werden, sondern trocknet an der Luft meist \u00fcber Nacht vollkommen hart durch (maximale Trocknungszeit ca. 2 \u2013 3 Tage). Folgende Eigenschaften zeichnen Keramiplast Modelliermasse aus: hat eine hohe Standfestigkeit l\u00e4sst sich s\u00e4gen, schmirgeln und schleifen ist mit allen handels\u00fcblichen Farben bemalbar enth\u00e4lt Cellulosefasern Farbe: terrakotta\" \/>\n<meta property=\"og:url\" content=\"https:\/\/www.franz-stadlhofer.at\/shop\/produkt\/modelliermasse\/\" \/>\n<meta property=\"og:site_name\" content=\"Schnitzstube Stadlhofer Shop\" \/>\n<meta property=\"article:modified_time\" content=\"2024-10-23T17:49:33+00:00\" \/>\n<meta property=\"og:image\" content=\"https:\/\/www.franz-stadlhofer.at\/shop\/wp-content\/uploads\/2017\/12\/products-Modelliermasse.jpg\" \/>\n\t<meta property=\"og:image:width\" content=\"945\" \/>\n\t<meta property=\"og:image:height\" content=\"945\" \/>\n\t<meta property=\"og:image:type\" content=\"image\/jpeg\" \/>\n<meta name=\"twitter:card\" content=\"summary_large_image\" \/>\n<meta name=\"twitter:label1\" content=\"Gesch\u00e4tzte Lesezeit\" \/>\n\t<meta name=\"twitter:data1\" content=\"1\u00a0Minute\" \/>\n<script type=\"application\/ld+json\" class=\"yoast-schema-graph\">{\"@context\":\"https:\\\/\\\/schema.org\",\"@graph\":[{\"@type\":\"WebPage\",\"@id\":\"https:\\\/\\\/www.franz-stadlhofer.at\\\/shop\\\/produkt\\\/modelliermasse\\\/\",\"url\":\"https:\\\/\\\/www.franz-stadlhofer.at\\\/shop\\\/produkt\\\/modelliermasse\\\/\",\"name\":\"Modelliermasse\",\"isPartOf\":{\"@id\":\"https:\\\/\\\/www.franz-stadlhofer.at\\\/shop\\\/#website\"},\"primaryImageOfPage\":{\"@id\":\"https:\\\/\\\/www.franz-stadlhofer.at\\\/shop\\\/produkt\\\/modelliermasse\\\/#primaryimage\"},\"image\":{\"@id\":\"https:\\\/\\\/www.franz-stadlhofer.at\\\/shop\\\/produkt\\\/modelliermasse\\\/#primaryimage\"},\"thumbnailUrl\":\"https:\\\/\\\/www.franz-stadlhofer.at\\\/shop\\\/wp-content\\\/uploads\\\/2017\\\/12\\\/products-Modelliermasse.jpg\",\"datePublished\":\"2017-12-03T13:51:04+00:00\",\"dateModified\":\"2024-10-23T17:49:33+00:00\",\"description\":\"Um figurales Schnitzen bestm\u00f6glich umzusetzen, wird das Objekt vorerst mit Modelliermasse geformt. Ist das Modell mit Keramiplast fertig gestellt, muss es nicht gebrannt werden, sondern trocknet an der Luft meist \u00fcber Nacht vollkommen hart durch (maximale Trocknungszeit ca. 2 \u2013 3 Tage). Folgende Eigenschaften zeichnen Keramiplast Modelliermasse aus: hat eine hohe Standfestigkeit l\u00e4sst sich s\u00e4gen, schmirgeln und schleifen ist mit allen handels\u00fcblichen Farben bemalbar enth\u00e4lt Cellulosefasern Farbe: terrakotta\",\"breadcrumb\":{\"@id\":\"https:\\\/\\\/www.franz-stadlhofer.at\\\/shop\\\/produkt\\\/modelliermasse\\\/#breadcrumb\"},\"inLanguage\":\"de\",\"potentialAction\":[{\"@type\":\"ReadAction\",\"target\":[\"https:\\\/\\\/www.franz-stadlhofer.at\\\/shop\\\/produkt\\\/modelliermasse\\\/\"]}]},{\"@type\":\"ImageObject\",\"inLanguage\":\"de\",\"@id\":\"https:\\\/\\\/www.franz-stadlhofer.at\\\/shop\\\/produkt\\\/modelliermasse\\\/#primaryimage\",\"url\":\"https:\\\/\\\/www.franz-stadlhofer.at\\\/shop\\\/wp-content\\\/uploads\\\/2017\\\/12\\\/products-Modelliermasse.jpg\",\"contentUrl\":\"https:\\\/\\\/www.franz-stadlhofer.at\\\/shop\\\/wp-content\\\/uploads\\\/2017\\\/12\\\/products-Modelliermasse.jpg\",\"width\":\"945\",\"height\":\"945\",\"caption\":\"Modelliermasse - Schnitzstube Stadlhofer Shop\"},{\"@type\":\"BreadcrumbList\",\"@id\":\"https:\\\/\\\/www.franz-stadlhofer.at\\\/shop\\\/produkt\\\/modelliermasse\\\/#breadcrumb\",\"itemListElement\":[{\"@type\":\"ListItem\",\"position\":1,\"name\":\"Startseite\",\"item\":\"https:\\\/\\\/www.franz-stadlhofer.at\\\/shop\\\/\"},{\"@type\":\"ListItem\",\"position\":2,\"name\":\"Produkte\",\"item\":\"https:\\\/\\\/www.franz-stadlhofer.at\\\/shop\\\/shop\\\/\"},{\"@type\":\"ListItem\",\"position\":3,\"name\":\"Modelliermasse\"}]},{\"@type\":\"WebSite\",\"@id\":\"https:\\\/\\\/www.franz-stadlhofer.at\\\/shop\\\/#website\",\"url\":\"https:\\\/\\\/www.franz-stadlhofer.at\\\/shop\\\/\",\"name\":\"Schnitzstube Stadlhofer Shop\",\"description\":\"Holzschnitzen Onlineshop\",\"publisher\":{\"@id\":\"https:\\\/\\\/www.franz-stadlhofer.at\\\/shop\\\/#organization\"},\"potentialAction\":[{\"@type\":\"SearchAction\",\"target\":{\"@type\":\"EntryPoint\",\"urlTemplate\":\"https:\\\/\\\/www.franz-stadlhofer.at\\\/shop\\\/?s={search_term_string}\"},\"query-input\":{\"@type\":\"PropertyValueSpecification\",\"valueRequired\":true,\"valueName\":\"search_term_string\"}}],\"inLanguage\":\"de\"},{\"@type\":\"Organization\",\"@id\":\"https:\\\/\\\/www.franz-stadlhofer.at\\\/shop\\\/#organization\",\"name\":\"Schnitzstube Stadlhofer Shop\",\"url\":\"https:\\\/\\\/www.franz-stadlhofer.at\\\/shop\\\/\",\"logo\":{\"@type\":\"ImageObject\",\"inLanguage\":\"de\",\"@id\":\"https:\\\/\\\/www.franz-stadlhofer.at\\\/shop\\\/#\\\/schema\\\/logo\\\/image\\\/\",\"url\":\"https:\\\/\\\/www.franz-stadlhofer.at\\\/shop\\\/wp-content\\\/uploads\\\/2019\\\/10\\\/LOGO-2-RETINA.png\",\"contentUrl\":\"https:\\\/\\\/www.franz-stadlhofer.at\\\/shop\\\/wp-content\\\/uploads\\\/2019\\\/10\\\/LOGO-2-RETINA.png\",\"width\":471,\"height\":160,\"caption\":\"Schnitzstube Stadlhofer Shop\"},\"image\":{\"@id\":\"https:\\\/\\\/www.franz-stadlhofer.at\\\/shop\\\/#\\\/schema\\\/logo\\\/image\\\/\"}}]}<\/script>\n<!-- \/ Yoast SEO plugin. -->","yoast_head_json":{"title":"Modelliermasse","description":"Um figurales Schnitzen bestm\u00f6glich umzusetzen, wird das Objekt vorerst mit Modelliermasse geformt. Ist das Modell mit Keramiplast fertig gestellt, muss es nicht gebrannt werden, sondern trocknet an der Luft meist \u00fcber Nacht vollkommen hart durch (maximale Trocknungszeit ca. 2 \u2013 3 Tage). Folgende Eigenschaften zeichnen Keramiplast Modelliermasse aus: hat eine hohe Standfestigkeit l\u00e4sst sich s\u00e4gen, schmirgeln und schleifen ist mit allen handels\u00fcblichen Farben bemalbar enth\u00e4lt Cellulosefasern Farbe: terrakotta","robots":{"index":"index","follow":"follow","max-snippet":"max-snippet:-1","max-image-preview":"max-image-preview:large","max-video-preview":"max-video-preview:-1"},"canonical":"https:\/\/www.franz-stadlhofer.at\/shop\/produkt\/modelliermasse\/","og_locale":"de_DE","og_type":"article","og_title":"Modelliermasse","og_description":"Um figurales Schnitzen bestm\u00f6glich umzusetzen, wird das Objekt vorerst mit Modelliermasse geformt. Ist das Modell mit Keramiplast fertig gestellt, muss es nicht gebrannt werden, sondern trocknet an der Luft meist \u00fcber Nacht vollkommen hart durch (maximale Trocknungszeit ca. 2 \u2013 3 Tage). Folgende Eigenschaften zeichnen Keramiplast Modelliermasse aus: hat eine hohe Standfestigkeit l\u00e4sst sich s\u00e4gen, schmirgeln und schleifen ist mit allen handels\u00fcblichen Farben bemalbar enth\u00e4lt Cellulosefasern Farbe: terrakotta","og_url":"https:\/\/www.franz-stadlhofer.at\/shop\/produkt\/modelliermasse\/","og_site_name":"Schnitzstube Stadlhofer Shop","article_modified_time":"2024-10-23T17:49:33+00:00","og_image":[{"width":945,"height":945,"url":"https:\/\/www.franz-stadlhofer.at\/shop\/wp-content\/uploads\/2017\/12\/products-Modelliermasse.jpg","type":"image\/jpeg"}],"twitter_card":"summary_large_image","twitter_misc":{"Gesch\u00e4tzte Lesezeit":"1\u00a0Minute"},"schema":{"@context":"https:\/\/schema.org","@graph":[{"@type":"WebPage","@id":"https:\/\/www.franz-stadlhofer.at\/shop\/produkt\/modelliermasse\/","url":"https:\/\/www.franz-stadlhofer.at\/shop\/produkt\/modelliermasse\/","name":"Modelliermasse","isPartOf":{"@id":"https:\/\/www.franz-stadlhofer.at\/shop\/#website"},"primaryImageOfPage":{"@id":"https:\/\/www.franz-stadlhofer.at\/shop\/produkt\/modelliermasse\/#primaryimage"},"image":{"@id":"https:\/\/www.franz-stadlhofer.at\/shop\/produkt\/modelliermasse\/#primaryimage"},"thumbnailUrl":"https:\/\/www.franz-stadlhofer.at\/shop\/wp-content\/uploads\/2017\/12\/products-Modelliermasse.jpg","datePublished":"2017-12-03T13:51:04+00:00","dateModified":"2024-10-23T17:49:33+00:00","description":"Um figurales Schnitzen bestm\u00f6glich umzusetzen, wird das Objekt vorerst mit Modelliermasse geformt. Ist das Modell mit Keramiplast fertig gestellt, muss es nicht gebrannt werden, sondern trocknet an der Luft meist \u00fcber Nacht vollkommen hart durch (maximale Trocknungszeit ca. 2 \u2013 3 Tage). Folgende Eigenschaften zeichnen Keramiplast Modelliermasse aus: hat eine hohe Standfestigkeit l\u00e4sst sich s\u00e4gen, schmirgeln und schleifen ist mit allen handels\u00fcblichen Farben bemalbar enth\u00e4lt Cellulosefasern Farbe: terrakotta","breadcrumb":{"@id":"https:\/\/www.franz-stadlhofer.at\/shop\/produkt\/modelliermasse\/#breadcrumb"},"inLanguage":"de","potentialAction":[{"@type":"ReadAction","target":["https:\/\/www.franz-stadlhofer.at\/shop\/produkt\/modelliermasse\/"]}]},{"@type":"ImageObject","inLanguage":"de","@id":"https:\/\/www.franz-stadlhofer.at\/shop\/produkt\/modelliermasse\/#primaryimage","url":"https:\/\/www.franz-stadlhofer.at\/shop\/wp-content\/uploads\/2017\/12\/products-Modelliermasse.jpg","contentUrl":"https:\/\/www.franz-stadlhofer.at\/shop\/wp-content\/uploads\/2017\/12\/products-Modelliermasse.jpg","width":"945","height":"945","caption":"Modelliermasse - Schnitzstube Stadlhofer Shop"},{"@type":"BreadcrumbList","@id":"https:\/\/www.franz-stadlhofer.at\/shop\/produkt\/modelliermasse\/#breadcrumb","itemListElement":[{"@type":"ListItem","position":1,"name":"Startseite","item":"https:\/\/www.franz-stadlhofer.at\/shop\/"},{"@type":"ListItem","position":2,"name":"Produkte","item":"https:\/\/www.franz-stadlhofer.at\/shop\/shop\/"},{"@type":"ListItem","position":3,"name":"Modelliermasse"}]},{"@type":"WebSite","@id":"https:\/\/www.franz-stadlhofer.at\/shop\/#website","url":"https:\/\/www.franz-stadlhofer.at\/shop\/","name":"Schnitzstube Stadlhofer Shop","description":"Holzschnitzen Onlineshop","publisher":{"@id":"https:\/\/www.franz-stadlhofer.at\/shop\/#organization"},"potentialAction":[{"@type":"SearchAction","target":{"@type":"EntryPoint","urlTemplate":"https:\/\/www.franz-stadlhofer.at\/shop\/?s={search_term_string}"},"query-input":{"@type":"PropertyValueSpecification","valueRequired":true,"valueName":"search_term_string"}}],"inLanguage":"de"},{"@type":"Organization","@id":"https:\/\/www.franz-stadlhofer.at\/shop\/#organization","name":"Schnitzstube Stadlhofer Shop","url":"https:\/\/www.franz-stadlhofer.at\/shop\/","logo":{"@type":"ImageObject","inLanguage":"de","@id":"https:\/\/www.franz-stadlhofer.at\/shop\/#\/schema\/logo\/image\/","url":"https:\/\/www.franz-stadlhofer.at\/shop\/wp-content\/uploads\/2019\/10\/LOGO-2-RETINA.png","contentUrl":"https:\/\/www.franz-stadlhofer.at\/shop\/wp-content\/uploads\/2019\/10\/LOGO-2-RETINA.png","width":471,"height":160,"caption":"Schnitzstube Stadlhofer Shop"},"image":{"@id":"https:\/\/www.franz-stadlhofer.at\/shop\/#\/schema\/logo\/image\/"}}]}},"_links":{"self":[{"href":"https:\/\/www.franz-stadlhofer.at\/shop\/wp-json\/wp\/v2\/product\/22752","targetHints":{"allow":["GET"]}}],"collection":[{"href":"https:\/\/www.franz-stadlhofer.at\/shop\/wp-json\/wp\/v2\/product"}],"about":[{"href":"https:\/\/www.franz-stadlhofer.at\/shop\/wp-json\/wp\/v2\/types\/product"}],"wp:featuredmedia":[{"embeddable":true,"href":"https:\/\/www.franz-stadlhofer.at\/shop\/wp-json\/wp\/v2\/media\/22756"}],"wp:attachment":[{"href":"https:\/\/www.franz-stadlhofer.at\/shop\/wp-json\/wp\/v2\/media?parent=22752"}],"wp:term":[{"taxonomy":"product_brand","embeddable":true,"href":"https:\/\/www.franz-stadlhofer.at\/shop\/wp-json\/wp\/v2\/product_brand?post=22752"},{"taxonomy":"product_cat","embeddable":true,"href":"https:\/\/www.franz-stadlhofer.at\/shop\/wp-json\/wp\/v2\/product_cat?post=22752"},{"taxonomy":"product_tag","embeddable":true,"href":"https:\/\/www.franz-stadlhofer.at\/shop\/wp-json\/wp\/v2\/product_tag?post=22752"}],"curies":[{"name":"wp","href":"https:\/\/api.w.org\/{rel}","templated":true}]}}