{"id":22667,"date":"2016-11-24T16:39:18","date_gmt":"2016-11-24T16:39:18","guid":{"rendered":"https:\/\/www.franz-stadlhofer.at\/shop\/?post_type=product&#038;p=22667"},"modified":"2025-04-30T12:12:20","modified_gmt":"2025-04-30T10:12:20","slug":"zeigerpaar-verziert","status":"publish","type":"product","link":"https:\/\/www.franz-stadlhofer.at\/shop\/produkt\/zeigerpaar-verziert\/","title":{"rendered":"Zeigerpaar verziert"},"content":{"rendered":"<p>Die angegebene L\u00e4nge bezieht sich immer auf den l\u00e4ngeren Minutenzeiger und wird von der Zeigerspitze zur Lochmitte gemessen.<\/p>\n<ul>\n<li>Material: <strong><span style=\"color: #860707;\">Aluminium<\/span><\/strong><\/li>\n<li>Farbe: <strong><span style=\"color: #860707;\">schwarz<\/span><\/strong><\/li>\n<li><span style=\"color: #860707;\"><span style=\"color: black;\">Zeigerlochma\u00dfe: <\/span><\/span><strong><span style=\"color: #860707;\">Minutenzeiger: 2,8 x 3,5 mm | Stundenzeiger: \u00d8 5,0 mm<\/span><\/strong><\/li>\n<li>geeignet f\u00fcr Quarzuhrwerke mit Euroschaft<\/li>\n<\/ul>\n<p>W\u00e4hlen Sie die L\u00e4nge am Besten so aus, dass die Spitze des Minutenzeigers maximal bis zum \u00e4u\u00dferen Durchmesser des Zahlenkreises reicht. Sollte keine passende L\u00e4nge angef\u00fchrt sein, w\u00e4hlen Sie ein l\u00e4ngeres Zeigermodell, das Sie dann k\u00fcrzen k\u00f6nnen.<\/p>\n","protected":false},"excerpt":{"rendered":"<p>Die angegebene L\u00e4nge bezieht sich immer auf den l\u00e4ngeren Minutenzeiger und wird von der Zeigerspitze zur Lochmitte gemessen. Material: Aluminium Farbe: schwarz Zeigerlochma\u00dfe: Minutenzeiger: 2,8 x 3,5 mm | Stundenzeiger: \u00d8 5,0 mm geeignet f\u00fcr  [&#8230;]<\/p>\n","protected":false},"featured_media":25551,"template":"","meta":[],"product_brand":[803],"product_cat":[795,768,1188],"product_tag":[],"class_list":{"0":"post-22667","1":"product","2":"type-product","3":"status-publish","4":"has-post-thumbnail","6":"product_brand-schnitzstube-franz-stadlhofer","7":"product_cat-zeiger","8":"product_cat-uhrenbestandteile","9":"product_cat-drum-herum","10":"pa_zeigerlange-77-mm","11":"pa_zeigerlange-87-mm","12":"pa_zeigerlange-100-mm","13":"pa_zeigerlange-110-mm","14":"pa_zeigerlange-121-mm","15":"pa_zeigerlange-135-mm","17":"first","18":"instock","19":"taxable","20":"shipping-taxable","21":"purchasable","22":"product-type-variable"},"barcode":null,"atum_controlled":true,"out_stock_date":null,"out_stock_threshold":null,"inheritable":false,"stock_on_hold":0,"sold_today":0,"sales_last_days":0,"reserved_stock":0,"customer_returns":0,"warehouse_damage":0,"lost_in_post":0,"other_logs":0,"out_stock_days":0,"lost_sales":0,"update_date":"2026-04-17T00:04:33","atum_locations":[],"atum_stock_status":"instock","restock_status":false,"low_stock_amount":"","sales_update_date":"2026-04-17T00:04:33","calc_backorders":null,"yoast_head":"<!-- This site is optimized with the Yoast SEO plugin v27.3 - https:\/\/yoast.com\/product\/yoast-seo-wordpress\/ -->\n<title>Zeigerpaar verziert<\/title>\n<meta name=\"description\" content=\"Die angegebene L\u00e4nge bezieht sich immer auf den l\u00e4ngeren Minutenzeiger und wird von der Zeigerspitze zur Lochmitte gemessen. Material: Aluminium Farbe: schwarz Zeigerlochma\u00dfe: Minutenzeiger: 2,8 x 3,5 mm | Stundenzeiger: \u00d8 5,0 mm geeignet f\u00fcr Quarzuhrwerke mit Euroschaft\u00a0 W\u00e4hlen Sie die L\u00e4nge am Besten so aus, dass die Spitze des Minutenzeigers maximal bis zum \u00e4u\u00dferen Durchmesser des Zahlenkreises reicht. Sollte keine passende L\u00e4nge angef\u00fchrt sein, w\u00e4hlen Sie ein l\u00e4ngeres Zeigermodell, dass Sie dann k\u00fcrzen k\u00f6nnen.\" \/>\n<meta name=\"robots\" content=\"index, follow, max-snippet:-1, max-image-preview:large, max-video-preview:-1\" \/>\n<link rel=\"canonical\" href=\"https:\/\/www.franz-stadlhofer.at\/shop\/produkt\/zeigerpaar-verziert\/\" \/>\n<meta property=\"og:locale\" content=\"de_DE\" \/>\n<meta property=\"og:type\" content=\"article\" \/>\n<meta property=\"og:title\" content=\"Zeigerpaar verziert\" \/>\n<meta property=\"og:description\" content=\"Die angegebene L\u00e4nge bezieht sich immer auf den l\u00e4ngeren Minutenzeiger und wird von der Zeigerspitze zur Lochmitte gemessen. Material: Aluminium Farbe: schwarz Zeigerlochma\u00dfe: Minutenzeiger: 2,8 x 3,5 mm | Stundenzeiger: \u00d8 5,0 mm geeignet f\u00fcr Quarzuhrwerke mit Euroschaft\u00a0 W\u00e4hlen Sie die L\u00e4nge am Besten so aus, dass die Spitze des Minutenzeigers maximal bis zum \u00e4u\u00dferen Durchmesser des Zahlenkreises reicht. Sollte keine passende L\u00e4nge angef\u00fchrt sein, w\u00e4hlen Sie ein l\u00e4ngeres Zeigermodell, dass Sie dann k\u00fcrzen k\u00f6nnen.\" \/>\n<meta property=\"og:url\" content=\"https:\/\/www.franz-stadlhofer.at\/shop\/produkt\/zeigerpaar-verziert\/\" \/>\n<meta property=\"og:site_name\" content=\"Schnitzstube Stadlhofer Shop\" \/>\n<meta property=\"article:modified_time\" content=\"2025-04-30T10:12:20+00:00\" \/>\n<meta property=\"og:image\" content=\"https:\/\/www.franz-stadlhofer.at\/shop\/wp-content\/uploads\/2021\/01\/UZ-6115-Zeigerpaar-verziert.jpg\" \/>\n\t<meta property=\"og:image:width\" content=\"1182\" \/>\n\t<meta property=\"og:image:height\" content=\"1182\" \/>\n\t<meta property=\"og:image:type\" content=\"image\/jpeg\" \/>\n<meta name=\"twitter:card\" content=\"summary_large_image\" \/>\n<script type=\"application\/ld+json\" class=\"yoast-schema-graph\">{\"@context\":\"https:\\\/\\\/schema.org\",\"@graph\":[{\"@type\":\"WebPage\",\"@id\":\"https:\\\/\\\/www.franz-stadlhofer.at\\\/shop\\\/produkt\\\/zeigerpaar-verziert\\\/\",\"url\":\"https:\\\/\\\/www.franz-stadlhofer.at\\\/shop\\\/produkt\\\/zeigerpaar-verziert\\\/\",\"name\":\"Zeigerpaar verziert\",\"isPartOf\":{\"@id\":\"https:\\\/\\\/www.franz-stadlhofer.at\\\/shop\\\/#website\"},\"primaryImageOfPage\":{\"@id\":\"https:\\\/\\\/www.franz-stadlhofer.at\\\/shop\\\/produkt\\\/zeigerpaar-verziert\\\/#primaryimage\"},\"image\":{\"@id\":\"https:\\\/\\\/www.franz-stadlhofer.at\\\/shop\\\/produkt\\\/zeigerpaar-verziert\\\/#primaryimage\"},\"thumbnailUrl\":\"https:\\\/\\\/www.franz-stadlhofer.at\\\/shop\\\/wp-content\\\/uploads\\\/2021\\\/01\\\/UZ-6115-Zeigerpaar-verziert.jpg\",\"datePublished\":\"2016-11-24T16:39:18+00:00\",\"dateModified\":\"2025-04-30T10:12:20+00:00\",\"description\":\"Die angegebene L\u00e4nge bezieht sich immer auf den l\u00e4ngeren Minutenzeiger und wird von der Zeigerspitze zur Lochmitte gemessen. Material: Aluminium Farbe: schwarz Zeigerlochma\u00dfe: Minutenzeiger: 2,8 x 3,5 mm | Stundenzeiger: \u00d8 5,0 mm geeignet f\u00fcr Quarzuhrwerke mit Euroschaft\u00a0 W\u00e4hlen Sie die L\u00e4nge am Besten so aus, dass die Spitze des Minutenzeigers maximal bis zum \u00e4u\u00dferen Durchmesser des Zahlenkreises reicht. Sollte keine passende L\u00e4nge angef\u00fchrt sein, w\u00e4hlen Sie ein l\u00e4ngeres Zeigermodell, dass Sie dann k\u00fcrzen k\u00f6nnen.\",\"breadcrumb\":{\"@id\":\"https:\\\/\\\/www.franz-stadlhofer.at\\\/shop\\\/produkt\\\/zeigerpaar-verziert\\\/#breadcrumb\"},\"inLanguage\":\"de\",\"potentialAction\":[{\"@type\":\"ReadAction\",\"target\":[\"https:\\\/\\\/www.franz-stadlhofer.at\\\/shop\\\/produkt\\\/zeigerpaar-verziert\\\/\"]}]},{\"@type\":\"ImageObject\",\"inLanguage\":\"de\",\"@id\":\"https:\\\/\\\/www.franz-stadlhofer.at\\\/shop\\\/produkt\\\/zeigerpaar-verziert\\\/#primaryimage\",\"url\":\"https:\\\/\\\/www.franz-stadlhofer.at\\\/shop\\\/wp-content\\\/uploads\\\/2021\\\/01\\\/UZ-6115-Zeigerpaar-verziert.jpg\",\"contentUrl\":\"https:\\\/\\\/www.franz-stadlhofer.at\\\/shop\\\/wp-content\\\/uploads\\\/2021\\\/01\\\/UZ-6115-Zeigerpaar-verziert.jpg\",\"width\":1182,\"height\":1182,\"caption\":\"Zeigerpaar - Schnitzstube Stadlhofer\"},{\"@type\":\"BreadcrumbList\",\"@id\":\"https:\\\/\\\/www.franz-stadlhofer.at\\\/shop\\\/produkt\\\/zeigerpaar-verziert\\\/#breadcrumb\",\"itemListElement\":[{\"@type\":\"ListItem\",\"position\":1,\"name\":\"Startseite\",\"item\":\"https:\\\/\\\/www.franz-stadlhofer.at\\\/shop\\\/\"},{\"@type\":\"ListItem\",\"position\":2,\"name\":\"Produkte\",\"item\":\"https:\\\/\\\/www.franz-stadlhofer.at\\\/shop\\\/shop\\\/\"},{\"@type\":\"ListItem\",\"position\":3,\"name\":\"Zeigerpaar verziert\"}]},{\"@type\":\"WebSite\",\"@id\":\"https:\\\/\\\/www.franz-stadlhofer.at\\\/shop\\\/#website\",\"url\":\"https:\\\/\\\/www.franz-stadlhofer.at\\\/shop\\\/\",\"name\":\"Schnitzstube Stadlhofer Shop\",\"description\":\"Holzschnitzen Onlineshop\",\"publisher\":{\"@id\":\"https:\\\/\\\/www.franz-stadlhofer.at\\\/shop\\\/#organization\"},\"potentialAction\":[{\"@type\":\"SearchAction\",\"target\":{\"@type\":\"EntryPoint\",\"urlTemplate\":\"https:\\\/\\\/www.franz-stadlhofer.at\\\/shop\\\/?s={search_term_string}\"},\"query-input\":{\"@type\":\"PropertyValueSpecification\",\"valueRequired\":true,\"valueName\":\"search_term_string\"}}],\"inLanguage\":\"de\"},{\"@type\":\"Organization\",\"@id\":\"https:\\\/\\\/www.franz-stadlhofer.at\\\/shop\\\/#organization\",\"name\":\"Schnitzstube Stadlhofer Shop\",\"url\":\"https:\\\/\\\/www.franz-stadlhofer.at\\\/shop\\\/\",\"logo\":{\"@type\":\"ImageObject\",\"inLanguage\":\"de\",\"@id\":\"https:\\\/\\\/www.franz-stadlhofer.at\\\/shop\\\/#\\\/schema\\\/logo\\\/image\\\/\",\"url\":\"https:\\\/\\\/www.franz-stadlhofer.at\\\/shop\\\/wp-content\\\/uploads\\\/2019\\\/10\\\/LOGO-2-RETINA.png\",\"contentUrl\":\"https:\\\/\\\/www.franz-stadlhofer.at\\\/shop\\\/wp-content\\\/uploads\\\/2019\\\/10\\\/LOGO-2-RETINA.png\",\"width\":471,\"height\":160,\"caption\":\"Schnitzstube Stadlhofer Shop\"},\"image\":{\"@id\":\"https:\\\/\\\/www.franz-stadlhofer.at\\\/shop\\\/#\\\/schema\\\/logo\\\/image\\\/\"}}]}<\/script>\n<!-- \/ Yoast SEO plugin. -->","yoast_head_json":{"title":"Zeigerpaar verziert","description":"Die angegebene L\u00e4nge bezieht sich immer auf den l\u00e4ngeren Minutenzeiger und wird von der Zeigerspitze zur Lochmitte gemessen. Material: Aluminium Farbe: schwarz Zeigerlochma\u00dfe: Minutenzeiger: 2,8 x 3,5 mm | Stundenzeiger: \u00d8 5,0 mm geeignet f\u00fcr Quarzuhrwerke mit Euroschaft\u00a0 W\u00e4hlen Sie die L\u00e4nge am Besten so aus, dass die Spitze des Minutenzeigers maximal bis zum \u00e4u\u00dferen Durchmesser des Zahlenkreises reicht. Sollte keine passende L\u00e4nge angef\u00fchrt sein, w\u00e4hlen Sie ein l\u00e4ngeres Zeigermodell, dass Sie dann k\u00fcrzen k\u00f6nnen.","robots":{"index":"index","follow":"follow","max-snippet":"max-snippet:-1","max-image-preview":"max-image-preview:large","max-video-preview":"max-video-preview:-1"},"canonical":"https:\/\/www.franz-stadlhofer.at\/shop\/produkt\/zeigerpaar-verziert\/","og_locale":"de_DE","og_type":"article","og_title":"Zeigerpaar verziert","og_description":"Die angegebene L\u00e4nge bezieht sich immer auf den l\u00e4ngeren Minutenzeiger und wird von der Zeigerspitze zur Lochmitte gemessen. Material: Aluminium Farbe: schwarz Zeigerlochma\u00dfe: Minutenzeiger: 2,8 x 3,5 mm | Stundenzeiger: \u00d8 5,0 mm geeignet f\u00fcr Quarzuhrwerke mit Euroschaft\u00a0 W\u00e4hlen Sie die L\u00e4nge am Besten so aus, dass die Spitze des Minutenzeigers maximal bis zum \u00e4u\u00dferen Durchmesser des Zahlenkreises reicht. Sollte keine passende L\u00e4nge angef\u00fchrt sein, w\u00e4hlen Sie ein l\u00e4ngeres Zeigermodell, dass Sie dann k\u00fcrzen k\u00f6nnen.","og_url":"https:\/\/www.franz-stadlhofer.at\/shop\/produkt\/zeigerpaar-verziert\/","og_site_name":"Schnitzstube Stadlhofer Shop","article_modified_time":"2025-04-30T10:12:20+00:00","og_image":[{"width":1182,"height":1182,"url":"https:\/\/www.franz-stadlhofer.at\/shop\/wp-content\/uploads\/2021\/01\/UZ-6115-Zeigerpaar-verziert.jpg","type":"image\/jpeg"}],"twitter_card":"summary_large_image","schema":{"@context":"https:\/\/schema.org","@graph":[{"@type":"WebPage","@id":"https:\/\/www.franz-stadlhofer.at\/shop\/produkt\/zeigerpaar-verziert\/","url":"https:\/\/www.franz-stadlhofer.at\/shop\/produkt\/zeigerpaar-verziert\/","name":"Zeigerpaar verziert","isPartOf":{"@id":"https:\/\/www.franz-stadlhofer.at\/shop\/#website"},"primaryImageOfPage":{"@id":"https:\/\/www.franz-stadlhofer.at\/shop\/produkt\/zeigerpaar-verziert\/#primaryimage"},"image":{"@id":"https:\/\/www.franz-stadlhofer.at\/shop\/produkt\/zeigerpaar-verziert\/#primaryimage"},"thumbnailUrl":"https:\/\/www.franz-stadlhofer.at\/shop\/wp-content\/uploads\/2021\/01\/UZ-6115-Zeigerpaar-verziert.jpg","datePublished":"2016-11-24T16:39:18+00:00","dateModified":"2025-04-30T10:12:20+00:00","description":"Die angegebene L\u00e4nge bezieht sich immer auf den l\u00e4ngeren Minutenzeiger und wird von der Zeigerspitze zur Lochmitte gemessen. Material: Aluminium Farbe: schwarz Zeigerlochma\u00dfe: Minutenzeiger: 2,8 x 3,5 mm | Stundenzeiger: \u00d8 5,0 mm geeignet f\u00fcr Quarzuhrwerke mit Euroschaft\u00a0 W\u00e4hlen Sie die L\u00e4nge am Besten so aus, dass die Spitze des Minutenzeigers maximal bis zum \u00e4u\u00dferen Durchmesser des Zahlenkreises reicht. Sollte keine passende L\u00e4nge angef\u00fchrt sein, w\u00e4hlen Sie ein l\u00e4ngeres Zeigermodell, dass Sie dann k\u00fcrzen k\u00f6nnen.","breadcrumb":{"@id":"https:\/\/www.franz-stadlhofer.at\/shop\/produkt\/zeigerpaar-verziert\/#breadcrumb"},"inLanguage":"de","potentialAction":[{"@type":"ReadAction","target":["https:\/\/www.franz-stadlhofer.at\/shop\/produkt\/zeigerpaar-verziert\/"]}]},{"@type":"ImageObject","inLanguage":"de","@id":"https:\/\/www.franz-stadlhofer.at\/shop\/produkt\/zeigerpaar-verziert\/#primaryimage","url":"https:\/\/www.franz-stadlhofer.at\/shop\/wp-content\/uploads\/2021\/01\/UZ-6115-Zeigerpaar-verziert.jpg","contentUrl":"https:\/\/www.franz-stadlhofer.at\/shop\/wp-content\/uploads\/2021\/01\/UZ-6115-Zeigerpaar-verziert.jpg","width":1182,"height":1182,"caption":"Zeigerpaar - Schnitzstube Stadlhofer"},{"@type":"BreadcrumbList","@id":"https:\/\/www.franz-stadlhofer.at\/shop\/produkt\/zeigerpaar-verziert\/#breadcrumb","itemListElement":[{"@type":"ListItem","position":1,"name":"Startseite","item":"https:\/\/www.franz-stadlhofer.at\/shop\/"},{"@type":"ListItem","position":2,"name":"Produkte","item":"https:\/\/www.franz-stadlhofer.at\/shop\/shop\/"},{"@type":"ListItem","position":3,"name":"Zeigerpaar verziert"}]},{"@type":"WebSite","@id":"https:\/\/www.franz-stadlhofer.at\/shop\/#website","url":"https:\/\/www.franz-stadlhofer.at\/shop\/","name":"Schnitzstube Stadlhofer Shop","description":"Holzschnitzen Onlineshop","publisher":{"@id":"https:\/\/www.franz-stadlhofer.at\/shop\/#organization"},"potentialAction":[{"@type":"SearchAction","target":{"@type":"EntryPoint","urlTemplate":"https:\/\/www.franz-stadlhofer.at\/shop\/?s={search_term_string}"},"query-input":{"@type":"PropertyValueSpecification","valueRequired":true,"valueName":"search_term_string"}}],"inLanguage":"de"},{"@type":"Organization","@id":"https:\/\/www.franz-stadlhofer.at\/shop\/#organization","name":"Schnitzstube Stadlhofer Shop","url":"https:\/\/www.franz-stadlhofer.at\/shop\/","logo":{"@type":"ImageObject","inLanguage":"de","@id":"https:\/\/www.franz-stadlhofer.at\/shop\/#\/schema\/logo\/image\/","url":"https:\/\/www.franz-stadlhofer.at\/shop\/wp-content\/uploads\/2019\/10\/LOGO-2-RETINA.png","contentUrl":"https:\/\/www.franz-stadlhofer.at\/shop\/wp-content\/uploads\/2019\/10\/LOGO-2-RETINA.png","width":471,"height":160,"caption":"Schnitzstube Stadlhofer Shop"},"image":{"@id":"https:\/\/www.franz-stadlhofer.at\/shop\/#\/schema\/logo\/image\/"}}]}},"_links":{"self":[{"href":"https:\/\/www.franz-stadlhofer.at\/shop\/wp-json\/wp\/v2\/product\/22667","targetHints":{"allow":["GET"]}}],"collection":[{"href":"https:\/\/www.franz-stadlhofer.at\/shop\/wp-json\/wp\/v2\/product"}],"about":[{"href":"https:\/\/www.franz-stadlhofer.at\/shop\/wp-json\/wp\/v2\/types\/product"}],"wp:featuredmedia":[{"embeddable":true,"href":"https:\/\/www.franz-stadlhofer.at\/shop\/wp-json\/wp\/v2\/media\/25551"}],"wp:attachment":[{"href":"https:\/\/www.franz-stadlhofer.at\/shop\/wp-json\/wp\/v2\/media?parent=22667"}],"wp:term":[{"taxonomy":"product_brand","embeddable":true,"href":"https:\/\/www.franz-stadlhofer.at\/shop\/wp-json\/wp\/v2\/product_brand?post=22667"},{"taxonomy":"product_cat","embeddable":true,"href":"https:\/\/www.franz-stadlhofer.at\/shop\/wp-json\/wp\/v2\/product_cat?post=22667"},{"taxonomy":"product_tag","embeddable":true,"href":"https:\/\/www.franz-stadlhofer.at\/shop\/wp-json\/wp\/v2\/product_tag?post=22667"}],"curies":[{"name":"wp","href":"https:\/\/api.w.org\/{rel}","templated":true}]}}