{"id":22579,"date":"2016-01-10T12:43:28","date_gmt":"2016-01-10T12:43:28","guid":{"rendered":"https:\/\/www.franz-stadlhofer.at\/shop\/?post_type=product&#038;p=22579"},"modified":"2026-01-22T09:31:39","modified_gmt":"2026-01-22T08:31:39","slug":"edelkorund-schleifscheibe","status":"publish","type":"product","link":"https:\/\/www.franz-stadlhofer.at\/shop\/produkt\/edelkorund-schleifscheibe\/","title":{"rendered":"Edelkorund Schleifscheibe"},"content":{"rendered":"<div class=\"fusion-fullwidth fullwidth-box fusion-builder-row-1 fusion-flex-container nonhundred-percent-fullwidth non-hundred-percent-height-scrolling\" style=\"--awb-border-radius-top-left:0px;--awb-border-radius-top-right:0px;--awb-border-radius-bottom-right:0px;--awb-border-radius-bottom-left:0px;--awb-flex-wrap:wrap;\" ><div class=\"fusion-builder-row fusion-row fusion-flex-align-items-flex-start fusion-flex-content-wrap\" style=\"max-width:1216.8px;margin-left: calc(-4% \/ 2 );margin-right: calc(-4% \/ 2 );\"><div class=\"fusion-layout-column fusion_builder_column fusion-builder-column-0 fusion_builder_column_1_1 1_1 fusion-flex-column\" style=\"--awb-bg-size:cover;--awb-width-large:100%;--awb-margin-top-large:0px;--awb-spacing-right-large:1.92%;--awb-margin-bottom-large:0px;--awb-spacing-left-large:1.92%;--awb-width-medium:100%;--awb-spacing-right-medium:1.92%;--awb-spacing-left-medium:1.92%;--awb-width-small:100%;--awb-spacing-right-small:1.92%;--awb-spacing-left-small:1.92%;\"><div class=\"fusion-column-wrapper fusion-flex-justify-content-flex-start fusion-content-layout-column\"><div class=\"fusion-text fusion-text-1\"><p>Beim Trockenschleifen unserer Werkzeuge verwenden wir Edelkorund Scheiben mit der K\u00f6rnung 80.<\/p>\n<div id=\"tab-product-description\" role=\"tabpanel\">\n<p>Edelkorund ist ein weiches aber z\u00e4hes und verschlei\u00dfarmes Korn. Dies in einer harten Bindung f\u00fchrt zu einer sehr hohen Standzeit. Die Bohrung kann mit Reduzierh\u00fclsen ver\u00e4ndert werden.<\/p>\n<p><strong>Vorteile:<\/strong><br \/>\n&#8211; Formstabilit\u00e4t<br \/>\n&#8211; Hoher Abtrag<br \/>\n&#8211; Lange Standzeit<br \/>\n&#8211; Geringer Verschlei\u00df<\/p>\n<p>Ma\u00dfe: \u00d8 150 mm,<\/p>\n<p>Breite 20 mm, Bohrung 12,7 mm<br \/>\nBreite 40 mm, Bohrung 12,7 mm<\/p>\n<p>Vergessen Sie nicht, die f\u00fcr Ihre Maschine passenden <strong><a href=\"https:\/\/www.franz-stadlhofer.at\/shop\/produkt\/reduzierhuelsen\/\">Reduzierh\u00fclsen<\/a><\/strong> gleich mit zu bestellen.<\/p>\n<\/div>\n<\/div><\/div><\/div><\/div><\/div>\n","protected":false},"excerpt":{"rendered":"","protected":false},"featured_media":30344,"template":"","meta":[],"product_brand":[803],"product_cat":[766,758,763],"product_tag":[1050,1054,1055],"class_list":{"0":"post-22579","1":"product","2":"type-product","3":"status-publish","4":"has-post-thumbnail","6":"product_brand-schnitzstube-franz-stadlhofer","7":"product_cat-trocken-schleifen","8":"product_cat-werkzeuge","9":"product_cat-schleifen-scharfen","10":"product_tag-schleifen-2","11":"product_tag-edelkorund","12":"product_tag-schleifscheibe","13":"pa_breite-20-mm","14":"pa_breite-40-mm","16":"first","17":"instock","18":"taxable","19":"shipping-taxable","20":"purchasable","21":"product-type-variable"},"barcode":null,"atum_controlled":true,"out_stock_date":null,"out_stock_threshold":null,"inheritable":true,"stock_on_hold":0,"sold_today":0,"sales_last_days":0,"reserved_stock":0,"customer_returns":0,"warehouse_damage":0,"lost_in_post":0,"other_logs":0,"out_stock_days":0,"lost_sales":0,"update_date":"2026-04-19T00:06:04","atum_locations":[],"atum_stock_status":"instock","restock_status":false,"low_stock_amount":"","sales_update_date":"2026-04-19T00:06:04","calc_backorders":null,"yoast_head":"<!-- This site is optimized with the Yoast SEO plugin v27.3 - https:\/\/yoast.com\/product\/yoast-seo-wordpress\/ -->\n<title>Edelkorund Schleifscheibe<\/title>\n<meta name=\"description\" content=\"Beim Trockenschleifen unserer Werkzeuge verwenden wir Edelkorund Scheiben mit der K\u00f6rnung 80. Edelkorund ist ein weiches aber z\u00e4hes und verschlei\u00dfarmes Korn. Dies in einer harten Bindung f\u00fchrt zu einer sehr hohen Standzeit. Die Bohrung kann mit Reduzierh\u00fclsen ver\u00e4ndert werden.Vorteile:- Formstabilit\u00e4t- Hoher Abtrag- Lange Standzeit- Geringer Verschlei\u00dfMa\u00dfe: \u00d8 150 mm,Breite 20 mm, Bohrung 12,7 mmBreite 40 mm, Bohrung 12,7 mm Vergessen Sie nicht, die f\u00fcr Ihre Maschine passenden Reduzierh\u00fclsen gleich mit zu bestellen.\" \/>\n<meta name=\"robots\" content=\"index, follow, max-snippet:-1, max-image-preview:large, max-video-preview:-1\" \/>\n<link rel=\"canonical\" href=\"https:\/\/www.franz-stadlhofer.at\/shop\/produkt\/edelkorund-schleifscheibe\/\" \/>\n<meta property=\"og:locale\" content=\"de_DE\" \/>\n<meta property=\"og:type\" content=\"article\" \/>\n<meta property=\"og:title\" content=\"Edelkorund Schleifscheibe\" \/>\n<meta property=\"og:description\" content=\"Beim Trockenschleifen unserer Werkzeuge verwenden wir Edelkorund Scheiben mit der K\u00f6rnung 80. Edelkorund ist ein weiches aber z\u00e4hes und verschlei\u00dfarmes Korn. Dies in einer harten Bindung f\u00fchrt zu einer sehr hohen Standzeit. Die Bohrung kann mit Reduzierh\u00fclsen ver\u00e4ndert werden.Vorteile:- Formstabilit\u00e4t- Hoher Abtrag- Lange Standzeit- Geringer Verschlei\u00dfMa\u00dfe: \u00d8 150 mm,Breite 20 mm, Bohrung 12,7 mmBreite 40 mm, Bohrung 12,7 mm Vergessen Sie nicht, die f\u00fcr Ihre Maschine passenden Reduzierh\u00fclsen gleich mit zu bestellen.\" \/>\n<meta property=\"og:url\" content=\"https:\/\/www.franz-stadlhofer.at\/shop\/produkt\/edelkorund-schleifscheibe\/\" \/>\n<meta property=\"og:site_name\" content=\"Schnitzstube Stadlhofer Shop\" \/>\n<meta property=\"article:modified_time\" content=\"2026-01-22T08:31:39+00:00\" \/>\n<meta property=\"og:image\" content=\"https:\/\/www.franz-stadlhofer.at\/shop\/wp-content\/uploads\/2016\/01\/Edelkorundscheiben.jpg\" \/>\n\t<meta property=\"og:image:width\" content=\"945\" \/>\n\t<meta property=\"og:image:height\" content=\"945\" \/>\n\t<meta property=\"og:image:type\" content=\"image\/jpeg\" \/>\n<meta name=\"twitter:card\" content=\"summary_large_image\" \/>\n<meta name=\"twitter:label1\" content=\"Gesch\u00e4tzte Lesezeit\" \/>\n\t<meta name=\"twitter:data1\" content=\"1\u00a0Minute\" \/>\n<script type=\"application\/ld+json\" class=\"yoast-schema-graph\">{\"@context\":\"https:\\\/\\\/schema.org\",\"@graph\":[{\"@type\":\"WebPage\",\"@id\":\"https:\\\/\\\/www.franz-stadlhofer.at\\\/shop\\\/produkt\\\/edelkorund-schleifscheibe\\\/\",\"url\":\"https:\\\/\\\/www.franz-stadlhofer.at\\\/shop\\\/produkt\\\/edelkorund-schleifscheibe\\\/\",\"name\":\"Edelkorund Schleifscheibe\",\"isPartOf\":{\"@id\":\"https:\\\/\\\/www.franz-stadlhofer.at\\\/shop\\\/#website\"},\"primaryImageOfPage\":{\"@id\":\"https:\\\/\\\/www.franz-stadlhofer.at\\\/shop\\\/produkt\\\/edelkorund-schleifscheibe\\\/#primaryimage\"},\"image\":{\"@id\":\"https:\\\/\\\/www.franz-stadlhofer.at\\\/shop\\\/produkt\\\/edelkorund-schleifscheibe\\\/#primaryimage\"},\"thumbnailUrl\":\"https:\\\/\\\/www.franz-stadlhofer.at\\\/shop\\\/wp-content\\\/uploads\\\/2016\\\/01\\\/Edelkorundscheiben.jpg\",\"datePublished\":\"2016-01-10T12:43:28+00:00\",\"dateModified\":\"2026-01-22T08:31:39+00:00\",\"description\":\"Beim Trockenschleifen unserer Werkzeuge verwenden wir Edelkorund Scheiben mit der K\u00f6rnung 80. Edelkorund ist ein weiches aber z\u00e4hes und verschlei\u00dfarmes Korn. Dies in einer harten Bindung f\u00fchrt zu einer sehr hohen Standzeit. Die Bohrung kann mit Reduzierh\u00fclsen ver\u00e4ndert werden.Vorteile:- Formstabilit\u00e4t- Hoher Abtrag- Lange Standzeit- Geringer Verschlei\u00dfMa\u00dfe: \u00d8 150 mm,Breite 20 mm, Bohrung 12,7 mmBreite 40 mm, Bohrung 12,7 mm Vergessen Sie nicht, die f\u00fcr Ihre Maschine passenden Reduzierh\u00fclsen gleich mit zu bestellen.\",\"breadcrumb\":{\"@id\":\"https:\\\/\\\/www.franz-stadlhofer.at\\\/shop\\\/produkt\\\/edelkorund-schleifscheibe\\\/#breadcrumb\"},\"inLanguage\":\"de\",\"potentialAction\":[{\"@type\":\"ReadAction\",\"target\":[\"https:\\\/\\\/www.franz-stadlhofer.at\\\/shop\\\/produkt\\\/edelkorund-schleifscheibe\\\/\"]}]},{\"@type\":\"ImageObject\",\"inLanguage\":\"de\",\"@id\":\"https:\\\/\\\/www.franz-stadlhofer.at\\\/shop\\\/produkt\\\/edelkorund-schleifscheibe\\\/#primaryimage\",\"url\":\"https:\\\/\\\/www.franz-stadlhofer.at\\\/shop\\\/wp-content\\\/uploads\\\/2016\\\/01\\\/Edelkorundscheiben.jpg\",\"contentUrl\":\"https:\\\/\\\/www.franz-stadlhofer.at\\\/shop\\\/wp-content\\\/uploads\\\/2016\\\/01\\\/Edelkorundscheiben.jpg\",\"width\":945,\"height\":945},{\"@type\":\"BreadcrumbList\",\"@id\":\"https:\\\/\\\/www.franz-stadlhofer.at\\\/shop\\\/produkt\\\/edelkorund-schleifscheibe\\\/#breadcrumb\",\"itemListElement\":[{\"@type\":\"ListItem\",\"position\":1,\"name\":\"Startseite\",\"item\":\"https:\\\/\\\/www.franz-stadlhofer.at\\\/shop\\\/\"},{\"@type\":\"ListItem\",\"position\":2,\"name\":\"Produkte\",\"item\":\"https:\\\/\\\/www.franz-stadlhofer.at\\\/shop\\\/shop\\\/\"},{\"@type\":\"ListItem\",\"position\":3,\"name\":\"Edelkorund Schleifscheibe\"}]},{\"@type\":\"WebSite\",\"@id\":\"https:\\\/\\\/www.franz-stadlhofer.at\\\/shop\\\/#website\",\"url\":\"https:\\\/\\\/www.franz-stadlhofer.at\\\/shop\\\/\",\"name\":\"Schnitzstube Stadlhofer Shop\",\"description\":\"Holzschnitzen Onlineshop\",\"publisher\":{\"@id\":\"https:\\\/\\\/www.franz-stadlhofer.at\\\/shop\\\/#organization\"},\"potentialAction\":[{\"@type\":\"SearchAction\",\"target\":{\"@type\":\"EntryPoint\",\"urlTemplate\":\"https:\\\/\\\/www.franz-stadlhofer.at\\\/shop\\\/?s={search_term_string}\"},\"query-input\":{\"@type\":\"PropertyValueSpecification\",\"valueRequired\":true,\"valueName\":\"search_term_string\"}}],\"inLanguage\":\"de\"},{\"@type\":\"Organization\",\"@id\":\"https:\\\/\\\/www.franz-stadlhofer.at\\\/shop\\\/#organization\",\"name\":\"Schnitzstube Stadlhofer Shop\",\"url\":\"https:\\\/\\\/www.franz-stadlhofer.at\\\/shop\\\/\",\"logo\":{\"@type\":\"ImageObject\",\"inLanguage\":\"de\",\"@id\":\"https:\\\/\\\/www.franz-stadlhofer.at\\\/shop\\\/#\\\/schema\\\/logo\\\/image\\\/\",\"url\":\"https:\\\/\\\/www.franz-stadlhofer.at\\\/shop\\\/wp-content\\\/uploads\\\/2019\\\/10\\\/LOGO-2-RETINA.png\",\"contentUrl\":\"https:\\\/\\\/www.franz-stadlhofer.at\\\/shop\\\/wp-content\\\/uploads\\\/2019\\\/10\\\/LOGO-2-RETINA.png\",\"width\":471,\"height\":160,\"caption\":\"Schnitzstube Stadlhofer Shop\"},\"image\":{\"@id\":\"https:\\\/\\\/www.franz-stadlhofer.at\\\/shop\\\/#\\\/schema\\\/logo\\\/image\\\/\"}}]}<\/script>\n<!-- \/ Yoast SEO plugin. -->","yoast_head_json":{"title":"Edelkorund Schleifscheibe","description":"Beim Trockenschleifen unserer Werkzeuge verwenden wir Edelkorund Scheiben mit der K\u00f6rnung 80. Edelkorund ist ein weiches aber z\u00e4hes und verschlei\u00dfarmes Korn. Dies in einer harten Bindung f\u00fchrt zu einer sehr hohen Standzeit. Die Bohrung kann mit Reduzierh\u00fclsen ver\u00e4ndert werden.Vorteile:- Formstabilit\u00e4t- Hoher Abtrag- Lange Standzeit- Geringer Verschlei\u00dfMa\u00dfe: \u00d8 150 mm,Breite 20 mm, Bohrung 12,7 mmBreite 40 mm, Bohrung 12,7 mm Vergessen Sie nicht, die f\u00fcr Ihre Maschine passenden Reduzierh\u00fclsen gleich mit zu bestellen.","robots":{"index":"index","follow":"follow","max-snippet":"max-snippet:-1","max-image-preview":"max-image-preview:large","max-video-preview":"max-video-preview:-1"},"canonical":"https:\/\/www.franz-stadlhofer.at\/shop\/produkt\/edelkorund-schleifscheibe\/","og_locale":"de_DE","og_type":"article","og_title":"Edelkorund Schleifscheibe","og_description":"Beim Trockenschleifen unserer Werkzeuge verwenden wir Edelkorund Scheiben mit der K\u00f6rnung 80. Edelkorund ist ein weiches aber z\u00e4hes und verschlei\u00dfarmes Korn. Dies in einer harten Bindung f\u00fchrt zu einer sehr hohen Standzeit. Die Bohrung kann mit Reduzierh\u00fclsen ver\u00e4ndert werden.Vorteile:- Formstabilit\u00e4t- Hoher Abtrag- Lange Standzeit- Geringer Verschlei\u00dfMa\u00dfe: \u00d8 150 mm,Breite 20 mm, Bohrung 12,7 mmBreite 40 mm, Bohrung 12,7 mm Vergessen Sie nicht, die f\u00fcr Ihre Maschine passenden Reduzierh\u00fclsen gleich mit zu bestellen.","og_url":"https:\/\/www.franz-stadlhofer.at\/shop\/produkt\/edelkorund-schleifscheibe\/","og_site_name":"Schnitzstube Stadlhofer Shop","article_modified_time":"2026-01-22T08:31:39+00:00","og_image":[{"width":945,"height":945,"url":"https:\/\/www.franz-stadlhofer.at\/shop\/wp-content\/uploads\/2016\/01\/Edelkorundscheiben.jpg","type":"image\/jpeg"}],"twitter_card":"summary_large_image","twitter_misc":{"Gesch\u00e4tzte Lesezeit":"1\u00a0Minute"},"schema":{"@context":"https:\/\/schema.org","@graph":[{"@type":"WebPage","@id":"https:\/\/www.franz-stadlhofer.at\/shop\/produkt\/edelkorund-schleifscheibe\/","url":"https:\/\/www.franz-stadlhofer.at\/shop\/produkt\/edelkorund-schleifscheibe\/","name":"Edelkorund Schleifscheibe","isPartOf":{"@id":"https:\/\/www.franz-stadlhofer.at\/shop\/#website"},"primaryImageOfPage":{"@id":"https:\/\/www.franz-stadlhofer.at\/shop\/produkt\/edelkorund-schleifscheibe\/#primaryimage"},"image":{"@id":"https:\/\/www.franz-stadlhofer.at\/shop\/produkt\/edelkorund-schleifscheibe\/#primaryimage"},"thumbnailUrl":"https:\/\/www.franz-stadlhofer.at\/shop\/wp-content\/uploads\/2016\/01\/Edelkorundscheiben.jpg","datePublished":"2016-01-10T12:43:28+00:00","dateModified":"2026-01-22T08:31:39+00:00","description":"Beim Trockenschleifen unserer Werkzeuge verwenden wir Edelkorund Scheiben mit der K\u00f6rnung 80. Edelkorund ist ein weiches aber z\u00e4hes und verschlei\u00dfarmes Korn. Dies in einer harten Bindung f\u00fchrt zu einer sehr hohen Standzeit. Die Bohrung kann mit Reduzierh\u00fclsen ver\u00e4ndert werden.Vorteile:- Formstabilit\u00e4t- Hoher Abtrag- Lange Standzeit- Geringer Verschlei\u00dfMa\u00dfe: \u00d8 150 mm,Breite 20 mm, Bohrung 12,7 mmBreite 40 mm, Bohrung 12,7 mm Vergessen Sie nicht, die f\u00fcr Ihre Maschine passenden Reduzierh\u00fclsen gleich mit zu bestellen.","breadcrumb":{"@id":"https:\/\/www.franz-stadlhofer.at\/shop\/produkt\/edelkorund-schleifscheibe\/#breadcrumb"},"inLanguage":"de","potentialAction":[{"@type":"ReadAction","target":["https:\/\/www.franz-stadlhofer.at\/shop\/produkt\/edelkorund-schleifscheibe\/"]}]},{"@type":"ImageObject","inLanguage":"de","@id":"https:\/\/www.franz-stadlhofer.at\/shop\/produkt\/edelkorund-schleifscheibe\/#primaryimage","url":"https:\/\/www.franz-stadlhofer.at\/shop\/wp-content\/uploads\/2016\/01\/Edelkorundscheiben.jpg","contentUrl":"https:\/\/www.franz-stadlhofer.at\/shop\/wp-content\/uploads\/2016\/01\/Edelkorundscheiben.jpg","width":945,"height":945},{"@type":"BreadcrumbList","@id":"https:\/\/www.franz-stadlhofer.at\/shop\/produkt\/edelkorund-schleifscheibe\/#breadcrumb","itemListElement":[{"@type":"ListItem","position":1,"name":"Startseite","item":"https:\/\/www.franz-stadlhofer.at\/shop\/"},{"@type":"ListItem","position":2,"name":"Produkte","item":"https:\/\/www.franz-stadlhofer.at\/shop\/shop\/"},{"@type":"ListItem","position":3,"name":"Edelkorund Schleifscheibe"}]},{"@type":"WebSite","@id":"https:\/\/www.franz-stadlhofer.at\/shop\/#website","url":"https:\/\/www.franz-stadlhofer.at\/shop\/","name":"Schnitzstube Stadlhofer Shop","description":"Holzschnitzen Onlineshop","publisher":{"@id":"https:\/\/www.franz-stadlhofer.at\/shop\/#organization"},"potentialAction":[{"@type":"SearchAction","target":{"@type":"EntryPoint","urlTemplate":"https:\/\/www.franz-stadlhofer.at\/shop\/?s={search_term_string}"},"query-input":{"@type":"PropertyValueSpecification","valueRequired":true,"valueName":"search_term_string"}}],"inLanguage":"de"},{"@type":"Organization","@id":"https:\/\/www.franz-stadlhofer.at\/shop\/#organization","name":"Schnitzstube Stadlhofer Shop","url":"https:\/\/www.franz-stadlhofer.at\/shop\/","logo":{"@type":"ImageObject","inLanguage":"de","@id":"https:\/\/www.franz-stadlhofer.at\/shop\/#\/schema\/logo\/image\/","url":"https:\/\/www.franz-stadlhofer.at\/shop\/wp-content\/uploads\/2019\/10\/LOGO-2-RETINA.png","contentUrl":"https:\/\/www.franz-stadlhofer.at\/shop\/wp-content\/uploads\/2019\/10\/LOGO-2-RETINA.png","width":471,"height":160,"caption":"Schnitzstube Stadlhofer Shop"},"image":{"@id":"https:\/\/www.franz-stadlhofer.at\/shop\/#\/schema\/logo\/image\/"}}]}},"_links":{"self":[{"href":"https:\/\/www.franz-stadlhofer.at\/shop\/wp-json\/wp\/v2\/product\/22579","targetHints":{"allow":["GET"]}}],"collection":[{"href":"https:\/\/www.franz-stadlhofer.at\/shop\/wp-json\/wp\/v2\/product"}],"about":[{"href":"https:\/\/www.franz-stadlhofer.at\/shop\/wp-json\/wp\/v2\/types\/product"}],"wp:featuredmedia":[{"embeddable":true,"href":"https:\/\/www.franz-stadlhofer.at\/shop\/wp-json\/wp\/v2\/media\/30344"}],"wp:attachment":[{"href":"https:\/\/www.franz-stadlhofer.at\/shop\/wp-json\/wp\/v2\/media?parent=22579"}],"wp:term":[{"taxonomy":"product_brand","embeddable":true,"href":"https:\/\/www.franz-stadlhofer.at\/shop\/wp-json\/wp\/v2\/product_brand?post=22579"},{"taxonomy":"product_cat","embeddable":true,"href":"https:\/\/www.franz-stadlhofer.at\/shop\/wp-json\/wp\/v2\/product_cat?post=22579"},{"taxonomy":"product_tag","embeddable":true,"href":"https:\/\/www.franz-stadlhofer.at\/shop\/wp-json\/wp\/v2\/product_tag?post=22579"}],"curies":[{"name":"wp","href":"https:\/\/api.w.org\/{rel}","templated":true}]}}