{"id":22565,"date":"2016-01-09T11:46:08","date_gmt":"2016-01-09T11:46:08","guid":{"rendered":"https:\/\/www.franz-stadlhofer.at\/shop\/?post_type=product&#038;p=22565"},"modified":"2024-04-24T19:59:27","modified_gmt":"2024-04-24T17:59:27","slug":"led-arbeitslampe","status":"publish","type":"product","link":"https:\/\/www.franz-stadlhofer.at\/shop\/produkt\/led-arbeitslampe\/","title":{"rendered":"LED Arbeitslampe"},"content":{"rendered":"<p>Diese Lampe verbessert die Sicht beim Schleifen Ihrer Werkzeuge. Der flexible Lampenstiel erm\u00f6glicht eine exakte Posititionierung.<\/p>\n<p>Durch den magnetischen Fu\u00df h\u00e4lt sie selbst\u00e4ndig auf allen metallischen Untergr\u00fcnden &#8211; also zum Beispiel ideal auf dem Geh\u00e4use der <strong><a title=\"Zur Tormek T-7 \" href=\"https:\/\/www.franz-stadlhofer.at\/shop\/produkt\/nassschleifmaschine-t-8\/\">Nassschleifmaschine T-8<\/a><\/strong> von Tormek.<\/p>\n<p>Die Gr\u00f6\u00dfe des Punktlichts kann stufenlos verstellt werden. Betrieben wird sie mit drei Mignon Batterien, die nicht im Lieferumfang enthalten sind.<\/p>\n","protected":false},"excerpt":{"rendered":"<p>Diese Lampe verbessert die Sicht beim Schleifen Ihrer Werkzeuge. Der flexible Lampenstiel erm\u00f6glicht eine exakte Posititionierung. Durch den magnetischen Fu\u00df h\u00e4lt sie selbst\u00e4ndig auf allen metallischen Untergr\u00fcnden &#8211; also zum Beispiel ideal auf dem Geh\u00e4use  [&#8230;]<\/p>\n","protected":false},"featured_media":22566,"template":"","meta":[],"product_brand":[803],"product_cat":[756,758],"product_tag":[],"class_list":{"0":"post-22565","1":"product","2":"type-product","3":"status-publish","4":"has-post-thumbnail","6":"product_brand-schnitzstube-franz-stadlhofer","7":"product_cat-zubehor-werkzeug","8":"product_cat-werkzeuge","10":"first","11":"instock","12":"sale","13":"taxable","14":"shipping-taxable","15":"purchasable","16":"product-type-simple"},"barcode":null,"atum_controlled":true,"out_stock_date":null,"out_stock_threshold":null,"inheritable":false,"stock_on_hold":0,"sold_today":0,"sales_last_days":0,"reserved_stock":0,"customer_returns":0,"warehouse_damage":0,"lost_in_post":0,"other_logs":0,"out_stock_days":0,"lost_sales":0,"update_date":"2026-04-30T00:01:43","atum_locations":[],"atum_stock_status":"instock","restock_status":false,"low_stock_amount":"","sales_update_date":"2026-04-30T00:01:43","calc_backorders":null,"yoast_head":"<!-- This site is optimized with the Yoast SEO plugin v27.4 - https:\/\/yoast.com\/product\/yoast-seo-wordpress\/ -->\n<title>LED Arbeitslampe<\/title>\n<meta name=\"description\" content=\"Diese Lampe verbessert die Sicht beim Schleifen Ihrer Werkzeuge. Der flexible Lampenstiel erm\u00f6glicht eine exakte Posititionierung. Durch den magnetischen Fu\u00df h\u00e4lt sie selbst\u00e4ndig auf allen metallischen Untergr\u00fcnden - also zum Beispiel ideal auf dem Geh\u00e4use der Nassschleifmaschine T-7 von Tormek. Die Gr\u00f6\u00dfe des Punktlichts kann stufenlos verstellt werden. Betrieben wird sie mit drei Mignon Batterien, die nicht im Lieferumfang enthalten sind.\" \/>\n<meta name=\"robots\" content=\"index, follow, max-snippet:-1, max-image-preview:large, max-video-preview:-1\" \/>\n<link rel=\"canonical\" href=\"https:\/\/www.franz-stadlhofer.at\/shop\/produkt\/led-arbeitslampe\/\" \/>\n<meta property=\"og:locale\" content=\"de_DE\" \/>\n<meta property=\"og:type\" content=\"article\" \/>\n<meta property=\"og:title\" content=\"LED Arbeitslampe\" \/>\n<meta property=\"og:description\" content=\"Diese Lampe verbessert die Sicht beim Schleifen Ihrer Werkzeuge. Der flexible Lampenstiel erm\u00f6glicht eine exakte Posititionierung. Durch den magnetischen Fu\u00df h\u00e4lt sie selbst\u00e4ndig auf allen metallischen Untergr\u00fcnden - also zum Beispiel ideal auf dem Geh\u00e4use der Nassschleifmaschine T-7 von Tormek. Die Gr\u00f6\u00dfe des Punktlichts kann stufenlos verstellt werden. Betrieben wird sie mit drei Mignon Batterien, die nicht im Lieferumfang enthalten sind.\" \/>\n<meta property=\"og:url\" content=\"https:\/\/www.franz-stadlhofer.at\/shop\/produkt\/led-arbeitslampe\/\" \/>\n<meta property=\"og:site_name\" content=\"Schnitzstube Stadlhofer Shop\" \/>\n<meta property=\"article:modified_time\" content=\"2024-04-24T17:59:27+00:00\" \/>\n<meta property=\"og:image\" content=\"https:\/\/www.franz-stadlhofer.at\/shop\/wp-content\/uploads\/2016\/01\/products-Tormek_Lampe3.jpg\" \/>\n\t<meta property=\"og:image:width\" content=\"945\" \/>\n\t<meta property=\"og:image:height\" content=\"945\" \/>\n\t<meta property=\"og:image:type\" content=\"image\/jpeg\" \/>\n<meta name=\"twitter:card\" content=\"summary_large_image\" \/>\n<script type=\"application\/ld+json\" class=\"yoast-schema-graph\">{\"@context\":\"https:\\\/\\\/schema.org\",\"@graph\":[{\"@type\":\"WebPage\",\"@id\":\"https:\\\/\\\/www.franz-stadlhofer.at\\\/shop\\\/produkt\\\/led-arbeitslampe\\\/\",\"url\":\"https:\\\/\\\/www.franz-stadlhofer.at\\\/shop\\\/produkt\\\/led-arbeitslampe\\\/\",\"name\":\"LED Arbeitslampe\",\"isPartOf\":{\"@id\":\"https:\\\/\\\/www.franz-stadlhofer.at\\\/shop\\\/#website\"},\"primaryImageOfPage\":{\"@id\":\"https:\\\/\\\/www.franz-stadlhofer.at\\\/shop\\\/produkt\\\/led-arbeitslampe\\\/#primaryimage\"},\"image\":{\"@id\":\"https:\\\/\\\/www.franz-stadlhofer.at\\\/shop\\\/produkt\\\/led-arbeitslampe\\\/#primaryimage\"},\"thumbnailUrl\":\"https:\\\/\\\/www.franz-stadlhofer.at\\\/shop\\\/wp-content\\\/uploads\\\/2016\\\/01\\\/products-Tormek_Lampe3.jpg\",\"datePublished\":\"2016-01-09T11:46:08+00:00\",\"dateModified\":\"2024-04-24T17:59:27+00:00\",\"description\":\"Diese Lampe verbessert die Sicht beim Schleifen Ihrer Werkzeuge. Der flexible Lampenstiel erm\u00f6glicht eine exakte Posititionierung. Durch den magnetischen Fu\u00df h\u00e4lt sie selbst\u00e4ndig auf allen metallischen Untergr\u00fcnden - also zum Beispiel ideal auf dem Geh\u00e4use der Nassschleifmaschine T-7 von Tormek. Die Gr\u00f6\u00dfe des Punktlichts kann stufenlos verstellt werden. Betrieben wird sie mit drei Mignon Batterien, die nicht im Lieferumfang enthalten sind.\",\"breadcrumb\":{\"@id\":\"https:\\\/\\\/www.franz-stadlhofer.at\\\/shop\\\/produkt\\\/led-arbeitslampe\\\/#breadcrumb\"},\"inLanguage\":\"de\",\"potentialAction\":[{\"@type\":\"ReadAction\",\"target\":[\"https:\\\/\\\/www.franz-stadlhofer.at\\\/shop\\\/produkt\\\/led-arbeitslampe\\\/\"]}]},{\"@type\":\"ImageObject\",\"inLanguage\":\"de\",\"@id\":\"https:\\\/\\\/www.franz-stadlhofer.at\\\/shop\\\/produkt\\\/led-arbeitslampe\\\/#primaryimage\",\"url\":\"https:\\\/\\\/www.franz-stadlhofer.at\\\/shop\\\/wp-content\\\/uploads\\\/2016\\\/01\\\/products-Tormek_Lampe3.jpg\",\"contentUrl\":\"https:\\\/\\\/www.franz-stadlhofer.at\\\/shop\\\/wp-content\\\/uploads\\\/2016\\\/01\\\/products-Tormek_Lampe3.jpg\",\"width\":\"945\",\"height\":\"945\",\"caption\":\"LED Arbeitslampe - Schnitzstube Stadlhofer Shop\"},{\"@type\":\"BreadcrumbList\",\"@id\":\"https:\\\/\\\/www.franz-stadlhofer.at\\\/shop\\\/produkt\\\/led-arbeitslampe\\\/#breadcrumb\",\"itemListElement\":[{\"@type\":\"ListItem\",\"position\":1,\"name\":\"Startseite\",\"item\":\"https:\\\/\\\/www.franz-stadlhofer.at\\\/shop\\\/\"},{\"@type\":\"ListItem\",\"position\":2,\"name\":\"Produkte\",\"item\":\"https:\\\/\\\/www.franz-stadlhofer.at\\\/shop\\\/shop\\\/\"},{\"@type\":\"ListItem\",\"position\":3,\"name\":\"LED Arbeitslampe\"}]},{\"@type\":\"WebSite\",\"@id\":\"https:\\\/\\\/www.franz-stadlhofer.at\\\/shop\\\/#website\",\"url\":\"https:\\\/\\\/www.franz-stadlhofer.at\\\/shop\\\/\",\"name\":\"Schnitzstube Stadlhofer Shop\",\"description\":\"Holzschnitzen Onlineshop\",\"publisher\":{\"@id\":\"https:\\\/\\\/www.franz-stadlhofer.at\\\/shop\\\/#organization\"},\"potentialAction\":[{\"@type\":\"SearchAction\",\"target\":{\"@type\":\"EntryPoint\",\"urlTemplate\":\"https:\\\/\\\/www.franz-stadlhofer.at\\\/shop\\\/?s={search_term_string}\"},\"query-input\":{\"@type\":\"PropertyValueSpecification\",\"valueRequired\":true,\"valueName\":\"search_term_string\"}}],\"inLanguage\":\"de\"},{\"@type\":\"Organization\",\"@id\":\"https:\\\/\\\/www.franz-stadlhofer.at\\\/shop\\\/#organization\",\"name\":\"Schnitzstube Stadlhofer Shop\",\"url\":\"https:\\\/\\\/www.franz-stadlhofer.at\\\/shop\\\/\",\"logo\":{\"@type\":\"ImageObject\",\"inLanguage\":\"de\",\"@id\":\"https:\\\/\\\/www.franz-stadlhofer.at\\\/shop\\\/#\\\/schema\\\/logo\\\/image\\\/\",\"url\":\"https:\\\/\\\/www.franz-stadlhofer.at\\\/shop\\\/wp-content\\\/uploads\\\/2019\\\/10\\\/LOGO-2-RETINA.png\",\"contentUrl\":\"https:\\\/\\\/www.franz-stadlhofer.at\\\/shop\\\/wp-content\\\/uploads\\\/2019\\\/10\\\/LOGO-2-RETINA.png\",\"width\":471,\"height\":160,\"caption\":\"Schnitzstube Stadlhofer Shop\"},\"image\":{\"@id\":\"https:\\\/\\\/www.franz-stadlhofer.at\\\/shop\\\/#\\\/schema\\\/logo\\\/image\\\/\"}}]}<\/script>\n<!-- \/ Yoast SEO plugin. -->","yoast_head_json":{"title":"LED Arbeitslampe","description":"Diese Lampe verbessert die Sicht beim Schleifen Ihrer Werkzeuge. Der flexible Lampenstiel erm\u00f6glicht eine exakte Posititionierung. Durch den magnetischen Fu\u00df h\u00e4lt sie selbst\u00e4ndig auf allen metallischen Untergr\u00fcnden - also zum Beispiel ideal auf dem Geh\u00e4use der Nassschleifmaschine T-7 von Tormek. Die Gr\u00f6\u00dfe des Punktlichts kann stufenlos verstellt werden. Betrieben wird sie mit drei Mignon Batterien, die nicht im Lieferumfang enthalten sind.","robots":{"index":"index","follow":"follow","max-snippet":"max-snippet:-1","max-image-preview":"max-image-preview:large","max-video-preview":"max-video-preview:-1"},"canonical":"https:\/\/www.franz-stadlhofer.at\/shop\/produkt\/led-arbeitslampe\/","og_locale":"de_DE","og_type":"article","og_title":"LED Arbeitslampe","og_description":"Diese Lampe verbessert die Sicht beim Schleifen Ihrer Werkzeuge. Der flexible Lampenstiel erm\u00f6glicht eine exakte Posititionierung. Durch den magnetischen Fu\u00df h\u00e4lt sie selbst\u00e4ndig auf allen metallischen Untergr\u00fcnden - also zum Beispiel ideal auf dem Geh\u00e4use der Nassschleifmaschine T-7 von Tormek. Die Gr\u00f6\u00dfe des Punktlichts kann stufenlos verstellt werden. Betrieben wird sie mit drei Mignon Batterien, die nicht im Lieferumfang enthalten sind.","og_url":"https:\/\/www.franz-stadlhofer.at\/shop\/produkt\/led-arbeitslampe\/","og_site_name":"Schnitzstube Stadlhofer Shop","article_modified_time":"2024-04-24T17:59:27+00:00","og_image":[{"width":945,"height":945,"url":"https:\/\/www.franz-stadlhofer.at\/shop\/wp-content\/uploads\/2016\/01\/products-Tormek_Lampe3.jpg","type":"image\/jpeg"}],"twitter_card":"summary_large_image","schema":{"@context":"https:\/\/schema.org","@graph":[{"@type":"WebPage","@id":"https:\/\/www.franz-stadlhofer.at\/shop\/produkt\/led-arbeitslampe\/","url":"https:\/\/www.franz-stadlhofer.at\/shop\/produkt\/led-arbeitslampe\/","name":"LED Arbeitslampe","isPartOf":{"@id":"https:\/\/www.franz-stadlhofer.at\/shop\/#website"},"primaryImageOfPage":{"@id":"https:\/\/www.franz-stadlhofer.at\/shop\/produkt\/led-arbeitslampe\/#primaryimage"},"image":{"@id":"https:\/\/www.franz-stadlhofer.at\/shop\/produkt\/led-arbeitslampe\/#primaryimage"},"thumbnailUrl":"https:\/\/www.franz-stadlhofer.at\/shop\/wp-content\/uploads\/2016\/01\/products-Tormek_Lampe3.jpg","datePublished":"2016-01-09T11:46:08+00:00","dateModified":"2024-04-24T17:59:27+00:00","description":"Diese Lampe verbessert die Sicht beim Schleifen Ihrer Werkzeuge. Der flexible Lampenstiel erm\u00f6glicht eine exakte Posititionierung. Durch den magnetischen Fu\u00df h\u00e4lt sie selbst\u00e4ndig auf allen metallischen Untergr\u00fcnden - also zum Beispiel ideal auf dem Geh\u00e4use der Nassschleifmaschine T-7 von Tormek. Die Gr\u00f6\u00dfe des Punktlichts kann stufenlos verstellt werden. Betrieben wird sie mit drei Mignon Batterien, die nicht im Lieferumfang enthalten sind.","breadcrumb":{"@id":"https:\/\/www.franz-stadlhofer.at\/shop\/produkt\/led-arbeitslampe\/#breadcrumb"},"inLanguage":"de","potentialAction":[{"@type":"ReadAction","target":["https:\/\/www.franz-stadlhofer.at\/shop\/produkt\/led-arbeitslampe\/"]}]},{"@type":"ImageObject","inLanguage":"de","@id":"https:\/\/www.franz-stadlhofer.at\/shop\/produkt\/led-arbeitslampe\/#primaryimage","url":"https:\/\/www.franz-stadlhofer.at\/shop\/wp-content\/uploads\/2016\/01\/products-Tormek_Lampe3.jpg","contentUrl":"https:\/\/www.franz-stadlhofer.at\/shop\/wp-content\/uploads\/2016\/01\/products-Tormek_Lampe3.jpg","width":"945","height":"945","caption":"LED Arbeitslampe - Schnitzstube Stadlhofer Shop"},{"@type":"BreadcrumbList","@id":"https:\/\/www.franz-stadlhofer.at\/shop\/produkt\/led-arbeitslampe\/#breadcrumb","itemListElement":[{"@type":"ListItem","position":1,"name":"Startseite","item":"https:\/\/www.franz-stadlhofer.at\/shop\/"},{"@type":"ListItem","position":2,"name":"Produkte","item":"https:\/\/www.franz-stadlhofer.at\/shop\/shop\/"},{"@type":"ListItem","position":3,"name":"LED Arbeitslampe"}]},{"@type":"WebSite","@id":"https:\/\/www.franz-stadlhofer.at\/shop\/#website","url":"https:\/\/www.franz-stadlhofer.at\/shop\/","name":"Schnitzstube Stadlhofer Shop","description":"Holzschnitzen Onlineshop","publisher":{"@id":"https:\/\/www.franz-stadlhofer.at\/shop\/#organization"},"potentialAction":[{"@type":"SearchAction","target":{"@type":"EntryPoint","urlTemplate":"https:\/\/www.franz-stadlhofer.at\/shop\/?s={search_term_string}"},"query-input":{"@type":"PropertyValueSpecification","valueRequired":true,"valueName":"search_term_string"}}],"inLanguage":"de"},{"@type":"Organization","@id":"https:\/\/www.franz-stadlhofer.at\/shop\/#organization","name":"Schnitzstube Stadlhofer Shop","url":"https:\/\/www.franz-stadlhofer.at\/shop\/","logo":{"@type":"ImageObject","inLanguage":"de","@id":"https:\/\/www.franz-stadlhofer.at\/shop\/#\/schema\/logo\/image\/","url":"https:\/\/www.franz-stadlhofer.at\/shop\/wp-content\/uploads\/2019\/10\/LOGO-2-RETINA.png","contentUrl":"https:\/\/www.franz-stadlhofer.at\/shop\/wp-content\/uploads\/2019\/10\/LOGO-2-RETINA.png","width":471,"height":160,"caption":"Schnitzstube Stadlhofer Shop"},"image":{"@id":"https:\/\/www.franz-stadlhofer.at\/shop\/#\/schema\/logo\/image\/"}}]}},"_links":{"self":[{"href":"https:\/\/www.franz-stadlhofer.at\/shop\/wp-json\/wp\/v2\/product\/22565","targetHints":{"allow":["GET"]}}],"collection":[{"href":"https:\/\/www.franz-stadlhofer.at\/shop\/wp-json\/wp\/v2\/product"}],"about":[{"href":"https:\/\/www.franz-stadlhofer.at\/shop\/wp-json\/wp\/v2\/types\/product"}],"wp:featuredmedia":[{"embeddable":true,"href":"https:\/\/www.franz-stadlhofer.at\/shop\/wp-json\/wp\/v2\/media\/22566"}],"wp:attachment":[{"href":"https:\/\/www.franz-stadlhofer.at\/shop\/wp-json\/wp\/v2\/media?parent=22565"}],"wp:term":[{"taxonomy":"product_brand","embeddable":true,"href":"https:\/\/www.franz-stadlhofer.at\/shop\/wp-json\/wp\/v2\/product_brand?post=22565"},{"taxonomy":"product_cat","embeddable":true,"href":"https:\/\/www.franz-stadlhofer.at\/shop\/wp-json\/wp\/v2\/product_cat?post=22565"},{"taxonomy":"product_tag","embeddable":true,"href":"https:\/\/www.franz-stadlhofer.at\/shop\/wp-json\/wp\/v2\/product_tag?post=22565"}],"curies":[{"name":"wp","href":"https:\/\/api.w.org\/{rel}","templated":true}]}}