{"id":22559,"date":"2024-04-24T18:36:47","date_gmt":"2024-04-24T16:36:47","guid":{"rendered":"https:\/\/www.franz-stadlhofer.at\/shop\/?post_type=product&#038;p=22559"},"modified":"2024-06-18T17:45:49","modified_gmt":"2024-06-18T15:45:49","slug":"teelichter-set","status":"publish","type":"product","link":"https:\/\/www.franz-stadlhofer.at\/shop\/produkt\/teelichter-set\/","title":{"rendered":"Teelichter Set"},"content":{"rendered":"<p>Dieses Set besteht aus 3 Teelichtern unterschiedlicher H\u00f6he (6, 12 und 18 cm). Die vier Fl\u00e4chen dieser einfachen Teelichthalter eignen sich ganz hervorragend f\u00fcr alle m\u00f6glichen Arten von Verzierungen.<br \/>\nMit zusammenh\u00e4ngenden Mustern beschnitzt, versch\u00f6nern sie jeden Tisch und bezaubern nicht nur Ihre G\u00e4ste.<\/p>\n","protected":false},"excerpt":{"rendered":"<p>Dieses Set besteht aus 3 Teelichtern unterschiedlicher H\u00f6he (6, 12 und 18 cm). Die vier Fl\u00e4chen dieser einfachen Teelichthalter eignen sich ganz hervorragend f\u00fcr alle m\u00f6glichen Arten von Verzierungen. Mit zusammenh\u00e4ngenden Mustern beschnitzt, versch\u00f6nern sie  [&#8230;]<\/p>\n","protected":false},"featured_media":22560,"template":"","meta":[],"product_brand":[803],"product_cat":[759,781],"product_tag":[1558,1561,1450,1480,1516,1518,1551,1552,1553],"class_list":{"0":"post-22559","1":"product","2":"type-product","3":"status-publish","4":"has-post-thumbnail","6":"product_brand-schnitzstube-franz-stadlhofer","7":"product_cat-rohes-lindenholz","8":"product_cat-kerzenstander","9":"product_tag-einfach","10":"product_tag-teelichthalter","11":"product_tag-schnitzholz","12":"product_tag-eckig","13":"product_tag-rohes-lindenholz","14":"product_tag-beschnitzbar","15":"product_tag-kerzenstaender","16":"product_tag-kerzenhalter","17":"product_tag-kerzenleuchter","19":"first","20":"instock","21":"taxable","22":"shipping-taxable","23":"purchasable","24":"product-type-simple"},"barcode":null,"atum_controlled":true,"out_stock_date":null,"out_stock_threshold":null,"inheritable":false,"stock_on_hold":0,"sold_today":0,"sales_last_days":0,"reserved_stock":0,"customer_returns":0,"warehouse_damage":0,"lost_in_post":0,"other_logs":0,"out_stock_days":0,"lost_sales":0,"update_date":"2026-05-16T00:10:43","atum_locations":[],"atum_stock_status":"instock","restock_status":false,"low_stock_amount":"","sales_update_date":"2026-05-16T00:10:43","calc_backorders":null,"yoast_head":"<!-- This site is optimized with the Yoast SEO plugin v27.5 - https:\/\/yoast.com\/product\/yoast-seo-wordpress\/ -->\n<title>Teelichter Set<\/title>\n<meta name=\"description\" content=\"Dieses Set besteht aus 3 Teelichtern unterschiedlicher H\u00f6he (6, 12 und 18 cm). Die vier Fl\u00e4chen dieser einfachen Teelichthalter eignen sich ganz hervorragend f\u00fcr alle m\u00f6glichen Arten von Verzierungen.Mit zusammenh\u00e4ngenden Mustern beschnitzt, versch\u00f6nern sie jeden Tisch und bezaubern nicht nur Ihre G\u00e4ste.\" \/>\n<meta name=\"robots\" content=\"index, follow, max-snippet:-1, max-image-preview:large, max-video-preview:-1\" \/>\n<link rel=\"canonical\" href=\"https:\/\/www.franz-stadlhofer.at\/shop\/produkt\/teelichter-set\/\" \/>\n<meta property=\"og:locale\" content=\"de_DE\" \/>\n<meta property=\"og:type\" content=\"article\" \/>\n<meta property=\"og:title\" content=\"Teelichter Set\" \/>\n<meta property=\"og:description\" content=\"Dieses Set besteht aus 3 Teelichtern unterschiedlicher H\u00f6he (6, 12 und 18 cm). Die vier Fl\u00e4chen dieser einfachen Teelichthalter eignen sich ganz hervorragend f\u00fcr alle m\u00f6glichen Arten von Verzierungen.Mit zusammenh\u00e4ngenden Mustern beschnitzt, versch\u00f6nern sie jeden Tisch und bezaubern nicht nur Ihre G\u00e4ste.\" \/>\n<meta property=\"og:url\" content=\"https:\/\/www.franz-stadlhofer.at\/shop\/produkt\/teelichter-set\/\" \/>\n<meta property=\"og:site_name\" content=\"Schnitzstube Stadlhofer Shop\" \/>\n<meta property=\"article:modified_time\" content=\"2024-06-18T15:45:49+00:00\" \/>\n<meta property=\"og:image\" content=\"https:\/\/www.franz-stadlhofer.at\/shop\/wp-content\/uploads\/2016\/01\/products-Teelichter_Set.jpg\" \/>\n\t<meta property=\"og:image:width\" content=\"945\" \/>\n\t<meta property=\"og:image:height\" content=\"945\" \/>\n\t<meta property=\"og:image:type\" content=\"image\/jpeg\" \/>\n<meta name=\"twitter:card\" content=\"summary_large_image\" \/>\n<script type=\"application\/ld+json\" class=\"yoast-schema-graph\">{\"@context\":\"https:\\\/\\\/schema.org\",\"@graph\":[{\"@type\":\"WebPage\",\"@id\":\"https:\\\/\\\/www.franz-stadlhofer.at\\\/shop\\\/produkt\\\/teelichter-set\\\/\",\"url\":\"https:\\\/\\\/www.franz-stadlhofer.at\\\/shop\\\/produkt\\\/teelichter-set\\\/\",\"name\":\"Teelichter Set\",\"isPartOf\":{\"@id\":\"https:\\\/\\\/www.franz-stadlhofer.at\\\/shop\\\/#website\"},\"primaryImageOfPage\":{\"@id\":\"https:\\\/\\\/www.franz-stadlhofer.at\\\/shop\\\/produkt\\\/teelichter-set\\\/#primaryimage\"},\"image\":{\"@id\":\"https:\\\/\\\/www.franz-stadlhofer.at\\\/shop\\\/produkt\\\/teelichter-set\\\/#primaryimage\"},\"thumbnailUrl\":\"https:\\\/\\\/www.franz-stadlhofer.at\\\/shop\\\/wp-content\\\/uploads\\\/2016\\\/01\\\/products-Teelichter_Set.jpg\",\"datePublished\":\"2024-04-24T16:36:47+00:00\",\"dateModified\":\"2024-06-18T15:45:49+00:00\",\"description\":\"Dieses Set besteht aus 3 Teelichtern unterschiedlicher H\u00f6he (6, 12 und 18 cm). Die vier Fl\u00e4chen dieser einfachen Teelichthalter eignen sich ganz hervorragend f\u00fcr alle m\u00f6glichen Arten von Verzierungen.Mit zusammenh\u00e4ngenden Mustern beschnitzt, versch\u00f6nern sie jeden Tisch und bezaubern nicht nur Ihre G\u00e4ste.\",\"breadcrumb\":{\"@id\":\"https:\\\/\\\/www.franz-stadlhofer.at\\\/shop\\\/produkt\\\/teelichter-set\\\/#breadcrumb\"},\"inLanguage\":\"de\",\"potentialAction\":[{\"@type\":\"ReadAction\",\"target\":[\"https:\\\/\\\/www.franz-stadlhofer.at\\\/shop\\\/produkt\\\/teelichter-set\\\/\"]}]},{\"@type\":\"ImageObject\",\"inLanguage\":\"de\",\"@id\":\"https:\\\/\\\/www.franz-stadlhofer.at\\\/shop\\\/produkt\\\/teelichter-set\\\/#primaryimage\",\"url\":\"https:\\\/\\\/www.franz-stadlhofer.at\\\/shop\\\/wp-content\\\/uploads\\\/2016\\\/01\\\/products-Teelichter_Set.jpg\",\"contentUrl\":\"https:\\\/\\\/www.franz-stadlhofer.at\\\/shop\\\/wp-content\\\/uploads\\\/2016\\\/01\\\/products-Teelichter_Set.jpg\",\"width\":\"945\",\"height\":\"945\",\"caption\":\"Teelichter Set Lindenholz roh - Schnitzstube Stadlhofer Shop\"},{\"@type\":\"BreadcrumbList\",\"@id\":\"https:\\\/\\\/www.franz-stadlhofer.at\\\/shop\\\/produkt\\\/teelichter-set\\\/#breadcrumb\",\"itemListElement\":[{\"@type\":\"ListItem\",\"position\":1,\"name\":\"Startseite\",\"item\":\"https:\\\/\\\/www.franz-stadlhofer.at\\\/shop\\\/\"},{\"@type\":\"ListItem\",\"position\":2,\"name\":\"Produkte\",\"item\":\"https:\\\/\\\/www.franz-stadlhofer.at\\\/shop\\\/shop\\\/\"},{\"@type\":\"ListItem\",\"position\":3,\"name\":\"Teelichter Set\"}]},{\"@type\":\"WebSite\",\"@id\":\"https:\\\/\\\/www.franz-stadlhofer.at\\\/shop\\\/#website\",\"url\":\"https:\\\/\\\/www.franz-stadlhofer.at\\\/shop\\\/\",\"name\":\"Schnitzstube Stadlhofer Shop\",\"description\":\"Holzschnitzen Onlineshop\",\"publisher\":{\"@id\":\"https:\\\/\\\/www.franz-stadlhofer.at\\\/shop\\\/#organization\"},\"potentialAction\":[{\"@type\":\"SearchAction\",\"target\":{\"@type\":\"EntryPoint\",\"urlTemplate\":\"https:\\\/\\\/www.franz-stadlhofer.at\\\/shop\\\/?s={search_term_string}\"},\"query-input\":{\"@type\":\"PropertyValueSpecification\",\"valueRequired\":true,\"valueName\":\"search_term_string\"}}],\"inLanguage\":\"de\"},{\"@type\":\"Organization\",\"@id\":\"https:\\\/\\\/www.franz-stadlhofer.at\\\/shop\\\/#organization\",\"name\":\"Schnitzstube Stadlhofer Shop\",\"url\":\"https:\\\/\\\/www.franz-stadlhofer.at\\\/shop\\\/\",\"logo\":{\"@type\":\"ImageObject\",\"inLanguage\":\"de\",\"@id\":\"https:\\\/\\\/www.franz-stadlhofer.at\\\/shop\\\/#\\\/schema\\\/logo\\\/image\\\/\",\"url\":\"https:\\\/\\\/www.franz-stadlhofer.at\\\/shop\\\/wp-content\\\/uploads\\\/2019\\\/10\\\/LOGO-2-RETINA.png\",\"contentUrl\":\"https:\\\/\\\/www.franz-stadlhofer.at\\\/shop\\\/wp-content\\\/uploads\\\/2019\\\/10\\\/LOGO-2-RETINA.png\",\"width\":471,\"height\":160,\"caption\":\"Schnitzstube Stadlhofer Shop\"},\"image\":{\"@id\":\"https:\\\/\\\/www.franz-stadlhofer.at\\\/shop\\\/#\\\/schema\\\/logo\\\/image\\\/\"}}]}<\/script>\n<!-- \/ Yoast SEO plugin. -->","yoast_head_json":{"title":"Teelichter Set","description":"Dieses Set besteht aus 3 Teelichtern unterschiedlicher H\u00f6he (6, 12 und 18 cm). Die vier Fl\u00e4chen dieser einfachen Teelichthalter eignen sich ganz hervorragend f\u00fcr alle m\u00f6glichen Arten von Verzierungen.Mit zusammenh\u00e4ngenden Mustern beschnitzt, versch\u00f6nern sie jeden Tisch und bezaubern nicht nur Ihre G\u00e4ste.","robots":{"index":"index","follow":"follow","max-snippet":"max-snippet:-1","max-image-preview":"max-image-preview:large","max-video-preview":"max-video-preview:-1"},"canonical":"https:\/\/www.franz-stadlhofer.at\/shop\/produkt\/teelichter-set\/","og_locale":"de_DE","og_type":"article","og_title":"Teelichter Set","og_description":"Dieses Set besteht aus 3 Teelichtern unterschiedlicher H\u00f6he (6, 12 und 18 cm). Die vier Fl\u00e4chen dieser einfachen Teelichthalter eignen sich ganz hervorragend f\u00fcr alle m\u00f6glichen Arten von Verzierungen.Mit zusammenh\u00e4ngenden Mustern beschnitzt, versch\u00f6nern sie jeden Tisch und bezaubern nicht nur Ihre G\u00e4ste.","og_url":"https:\/\/www.franz-stadlhofer.at\/shop\/produkt\/teelichter-set\/","og_site_name":"Schnitzstube Stadlhofer Shop","article_modified_time":"2024-06-18T15:45:49+00:00","og_image":[{"width":945,"height":945,"url":"https:\/\/www.franz-stadlhofer.at\/shop\/wp-content\/uploads\/2016\/01\/products-Teelichter_Set.jpg","type":"image\/jpeg"}],"twitter_card":"summary_large_image","schema":{"@context":"https:\/\/schema.org","@graph":[{"@type":"WebPage","@id":"https:\/\/www.franz-stadlhofer.at\/shop\/produkt\/teelichter-set\/","url":"https:\/\/www.franz-stadlhofer.at\/shop\/produkt\/teelichter-set\/","name":"Teelichter Set","isPartOf":{"@id":"https:\/\/www.franz-stadlhofer.at\/shop\/#website"},"primaryImageOfPage":{"@id":"https:\/\/www.franz-stadlhofer.at\/shop\/produkt\/teelichter-set\/#primaryimage"},"image":{"@id":"https:\/\/www.franz-stadlhofer.at\/shop\/produkt\/teelichter-set\/#primaryimage"},"thumbnailUrl":"https:\/\/www.franz-stadlhofer.at\/shop\/wp-content\/uploads\/2016\/01\/products-Teelichter_Set.jpg","datePublished":"2024-04-24T16:36:47+00:00","dateModified":"2024-06-18T15:45:49+00:00","description":"Dieses Set besteht aus 3 Teelichtern unterschiedlicher H\u00f6he (6, 12 und 18 cm). Die vier Fl\u00e4chen dieser einfachen Teelichthalter eignen sich ganz hervorragend f\u00fcr alle m\u00f6glichen Arten von Verzierungen.Mit zusammenh\u00e4ngenden Mustern beschnitzt, versch\u00f6nern sie jeden Tisch und bezaubern nicht nur Ihre G\u00e4ste.","breadcrumb":{"@id":"https:\/\/www.franz-stadlhofer.at\/shop\/produkt\/teelichter-set\/#breadcrumb"},"inLanguage":"de","potentialAction":[{"@type":"ReadAction","target":["https:\/\/www.franz-stadlhofer.at\/shop\/produkt\/teelichter-set\/"]}]},{"@type":"ImageObject","inLanguage":"de","@id":"https:\/\/www.franz-stadlhofer.at\/shop\/produkt\/teelichter-set\/#primaryimage","url":"https:\/\/www.franz-stadlhofer.at\/shop\/wp-content\/uploads\/2016\/01\/products-Teelichter_Set.jpg","contentUrl":"https:\/\/www.franz-stadlhofer.at\/shop\/wp-content\/uploads\/2016\/01\/products-Teelichter_Set.jpg","width":"945","height":"945","caption":"Teelichter Set Lindenholz roh - Schnitzstube Stadlhofer Shop"},{"@type":"BreadcrumbList","@id":"https:\/\/www.franz-stadlhofer.at\/shop\/produkt\/teelichter-set\/#breadcrumb","itemListElement":[{"@type":"ListItem","position":1,"name":"Startseite","item":"https:\/\/www.franz-stadlhofer.at\/shop\/"},{"@type":"ListItem","position":2,"name":"Produkte","item":"https:\/\/www.franz-stadlhofer.at\/shop\/shop\/"},{"@type":"ListItem","position":3,"name":"Teelichter Set"}]},{"@type":"WebSite","@id":"https:\/\/www.franz-stadlhofer.at\/shop\/#website","url":"https:\/\/www.franz-stadlhofer.at\/shop\/","name":"Schnitzstube Stadlhofer Shop","description":"Holzschnitzen Onlineshop","publisher":{"@id":"https:\/\/www.franz-stadlhofer.at\/shop\/#organization"},"potentialAction":[{"@type":"SearchAction","target":{"@type":"EntryPoint","urlTemplate":"https:\/\/www.franz-stadlhofer.at\/shop\/?s={search_term_string}"},"query-input":{"@type":"PropertyValueSpecification","valueRequired":true,"valueName":"search_term_string"}}],"inLanguage":"de"},{"@type":"Organization","@id":"https:\/\/www.franz-stadlhofer.at\/shop\/#organization","name":"Schnitzstube Stadlhofer Shop","url":"https:\/\/www.franz-stadlhofer.at\/shop\/","logo":{"@type":"ImageObject","inLanguage":"de","@id":"https:\/\/www.franz-stadlhofer.at\/shop\/#\/schema\/logo\/image\/","url":"https:\/\/www.franz-stadlhofer.at\/shop\/wp-content\/uploads\/2019\/10\/LOGO-2-RETINA.png","contentUrl":"https:\/\/www.franz-stadlhofer.at\/shop\/wp-content\/uploads\/2019\/10\/LOGO-2-RETINA.png","width":471,"height":160,"caption":"Schnitzstube Stadlhofer Shop"},"image":{"@id":"https:\/\/www.franz-stadlhofer.at\/shop\/#\/schema\/logo\/image\/"}}]}},"_links":{"self":[{"href":"https:\/\/www.franz-stadlhofer.at\/shop\/wp-json\/wp\/v2\/product\/22559","targetHints":{"allow":["GET"]}}],"collection":[{"href":"https:\/\/www.franz-stadlhofer.at\/shop\/wp-json\/wp\/v2\/product"}],"about":[{"href":"https:\/\/www.franz-stadlhofer.at\/shop\/wp-json\/wp\/v2\/types\/product"}],"wp:featuredmedia":[{"embeddable":true,"href":"https:\/\/www.franz-stadlhofer.at\/shop\/wp-json\/wp\/v2\/media\/22560"}],"wp:attachment":[{"href":"https:\/\/www.franz-stadlhofer.at\/shop\/wp-json\/wp\/v2\/media?parent=22559"}],"wp:term":[{"taxonomy":"product_brand","embeddable":true,"href":"https:\/\/www.franz-stadlhofer.at\/shop\/wp-json\/wp\/v2\/product_brand?post=22559"},{"taxonomy":"product_cat","embeddable":true,"href":"https:\/\/www.franz-stadlhofer.at\/shop\/wp-json\/wp\/v2\/product_cat?post=22559"},{"taxonomy":"product_tag","embeddable":true,"href":"https:\/\/www.franz-stadlhofer.at\/shop\/wp-json\/wp\/v2\/product_tag?post=22559"}],"curies":[{"name":"wp","href":"https:\/\/api.w.org\/{rel}","templated":true}]}}