{"id":22553,"date":"2016-01-06T12:02:03","date_gmt":"2016-01-06T11:02:03","guid":{"rendered":"https:\/\/www.franz-stadlhofer.at\/shop\/?post_type=product&#038;p=22553"},"modified":"2024-04-24T19:59:26","modified_gmt":"2024-04-24T17:59:26","slug":"flachschnitt-set","status":"publish","type":"product","link":"https:\/\/www.franz-stadlhofer.at\/shop\/produkt\/flachschnitt-set\/","title":{"rendered":"Flachschnitt Set"},"content":{"rendered":"<p>Diese Werkzeuge \/ Materialien werden f\u00fcr den Kurs zum Thema <strong>Flachschnitt <\/strong>zus\u00e4tzlich ben\u00f6tigt. Auch die <strong><a title=\"Zum Zeichen-Set\" href=\"https:\/\/www.franz-stadlhofer.at\/shop\/produkt\/zeichen-set-basisausrustung\/\">Basisausr\u00fcstung<\/a><\/strong> sowie die Messer der\u00a0Grundkurse (<strong><a title=\"Zu den Set-Angeboten\" href=\"https:\/\/www.franz-stadlhofer.at\/shop\/produkt-kategorie\/angebote\/set-angebote\/sets-fuer-kurse\/\">Kerbschnitt 1-3 und Reliefschnitt 1-3<\/a><\/strong>) sollten Sie mitnehmen. So kommen Sie bestens ausger\u00fcstet in den Kurs.<\/p>\n<p>Selbstverst\u00e4ndlich k\u00f6nnen Sie auch alles erst in unserem Shop direkt vorort beim Kurs erwerben. Sie haben noch keinen Kurs gebucht? Hier finden Sie alle <a title=\"Alles \u00fcber unsere Schnitzkurse\" href=\"https:\/\/www.franz-stadlhofer.at\/schnitzkurse\/\" target=\"_blank\" rel=\"noopener noreferrer\"><strong>Infos zu Kursterminen und -orten<\/strong><\/a>.<\/p>\n<p>Beim Erwerb dieses Sets <strong>sparen Sie Geld<\/strong> gegen\u00fcber dem Einzelkauf!<\/p>\n<ol title=\"Infos zu Hohleisen\">\n<li><a title=\"Infos zur Flacheisen abgekr\u00f6pft\" href=\"https:\/\/www.franz-stadlhofer.at\/shop\/produkt\/flacheisen-abgekropft\/\"><strong>Flacheisen abgekr\u00f6pft 2a\/3 l<\/strong><\/a><\/li>\n<li><a title=\"Infos zur Flacheisen abgekr\u00f6pft\" href=\"https:\/\/www.franz-stadlhofer.at\/shop\/produkt\/flacheisen-abgekropft\/\"><strong>Flacheisen abgekr\u00f6pft 2a\/3 r<\/strong><\/a><\/li>\n<li><a title=\"Infos zur Flacheisen abgekr\u00f6pft\" href=\"https:\/\/www.franz-stadlhofer.at\/shop\/produkt\/flacheisen-abgekropft\/\"><strong>Flacheisen abgekr\u00f6pft 2a\/5<\/strong><\/a><\/li>\n<li><strong><a title=\"Infos zum Punktiereisen P57\" href=\"https:\/\/www.franz-stadlhofer.at\/shop\/produkt\/punktiereisen-p-57\/\">Punktiereisen 57, rund<\/a><\/strong><\/li>\n<li><a title=\"Infos zum Punktiereisen P61\" href=\"https:\/\/www.franz-stadlhofer.at\/shop\/produkt\/punktiereisen-p-61\/\"><strong>Punktiereisen 61, dreieckig<\/strong><\/a><\/li>\n<li><a title=\"Infos zu Brettern mit gerader Kante\" href=\"https:\/\/www.franz-stadlhofer.at\/shop\/produkt\/brett-mit-gerader-kante-22-25-mm-stark\/\"><strong>Brett mit gerader Kante 22-25 mm, 60 x 30 gro\u00df<\/strong><\/a><\/li>\n<\/ol>\n","protected":false},"excerpt":{"rendered":"<p>Diese Werkzeuge \/ Materialien werden f\u00fcr den Kurs zum Thema Flachschnitt zus\u00e4tzlich ben\u00f6tigt. Auch die Basisausr\u00fcstung sowie die Messer der\u00a0Grundkurse (Kerbschnitt 1-3 und Reliefschnitt 1-3) sollten Sie mitnehmen. So kommen Sie bestens ausger\u00fcstet in den  [&#8230;]<\/p>\n","protected":false},"featured_media":22554,"template":"","meta":[],"product_brand":[803],"product_cat":[1215],"product_tag":[1040],"class_list":{"0":"post-22553","1":"product","2":"type-product","3":"status-publish","4":"has-post-thumbnail","6":"product_brand-schnitzstube-franz-stadlhofer","7":"product_cat-sets-fuer-kurse","8":"product_tag-flachschnitt","10":"first","11":"instock","12":"sale","13":"taxable","14":"shipping-taxable","15":"purchasable","16":"product-type-simple"},"barcode":null,"atum_controlled":true,"out_stock_date":null,"out_stock_threshold":null,"inheritable":false,"stock_on_hold":0,"sold_today":0,"sales_last_days":0,"reserved_stock":0,"customer_returns":0,"warehouse_damage":0,"lost_in_post":0,"other_logs":0,"out_stock_days":0,"lost_sales":0,"update_date":"2026-04-30T00:01:43","atum_locations":[],"atum_stock_status":"instock","restock_status":false,"low_stock_amount":"","sales_update_date":"2026-04-30T00:01:43","calc_backorders":null,"yoast_head":"<!-- This site is optimized with the Yoast SEO plugin v27.4 - https:\/\/yoast.com\/product\/yoast-seo-wordpress\/ -->\n<title>Flachschnitt Set<\/title>\n<meta name=\"description\" content=\"Diese Werkzeuge \/ Materialien werden f\u00fcr den Kurs zum Thema Flachschnitt zus\u00e4tzlich ben\u00f6tigt. Auch die Basisausr\u00fcstung sowie die Messer der\u00a0Grundkurse (Kerbschnitt 1-3 und Reliefschnitt 1-3) sollten Sie mitnehmen. So kommen Sie bestens ausger\u00fcstet in den Kurs. Selbstverst\u00e4ndlich k\u00f6nnen Sie auch alles erst in unserem Shop direkt vorort beim Kurs erwerben. Sie haben noch keinen Kurs gebucht? Hier finden Sie alle Infos zu Kursterminen und -orten. Beim Erwerb dieses Sets sparen Sie Geld gegen\u00fcber dem Einzelkauf! Flacheisen abgekr\u00f6pft 2a\/3 l Flacheisen abgekr\u00f6pft 2a\/3 r Flacheisen abgekr\u00f6pft 2a\/5 Punktiereisen 57, rund Punktiereisen 61, dreieckig Brett mit gerader Kante 22-25 mm, 60 x 30 gro\u00df\" \/>\n<meta name=\"robots\" content=\"index, follow, max-snippet:-1, max-image-preview:large, max-video-preview:-1\" \/>\n<link rel=\"canonical\" href=\"https:\/\/www.franz-stadlhofer.at\/shop\/produkt\/flachschnitt-set\/\" \/>\n<meta property=\"og:locale\" content=\"de_DE\" \/>\n<meta property=\"og:type\" content=\"article\" \/>\n<meta property=\"og:title\" content=\"Flachschnitt Set\" \/>\n<meta property=\"og:description\" content=\"Diese Werkzeuge \/ Materialien werden f\u00fcr den Kurs zum Thema Flachschnitt zus\u00e4tzlich ben\u00f6tigt. Auch die Basisausr\u00fcstung sowie die Messer der\u00a0Grundkurse (Kerbschnitt 1-3 und Reliefschnitt 1-3) sollten Sie mitnehmen. So kommen Sie bestens ausger\u00fcstet in den Kurs. Selbstverst\u00e4ndlich k\u00f6nnen Sie auch alles erst in unserem Shop direkt vorort beim Kurs erwerben. Sie haben noch keinen Kurs gebucht? Hier finden Sie alle Infos zu Kursterminen und -orten. Beim Erwerb dieses Sets sparen Sie Geld gegen\u00fcber dem Einzelkauf! Flacheisen abgekr\u00f6pft 2a\/3 l Flacheisen abgekr\u00f6pft 2a\/3 r Flacheisen abgekr\u00f6pft 2a\/5 Punktiereisen 57, rund Punktiereisen 61, dreieckig Brett mit gerader Kante 22-25 mm, 60 x 30 gro\u00df\" \/>\n<meta property=\"og:url\" content=\"https:\/\/www.franz-stadlhofer.at\/shop\/produkt\/flachschnitt-set\/\" \/>\n<meta property=\"og:site_name\" content=\"Schnitzstube Stadlhofer Shop\" \/>\n<meta property=\"article:modified_time\" content=\"2024-04-24T17:59:26+00:00\" \/>\n<meta property=\"og:image\" content=\"https:\/\/www.franz-stadlhofer.at\/shop\/wp-content\/uploads\/2016\/01\/products-Flachschnitt_Set.jpg\" \/>\n\t<meta property=\"og:image:width\" content=\"945\" \/>\n\t<meta property=\"og:image:height\" content=\"945\" \/>\n\t<meta property=\"og:image:type\" content=\"image\/jpeg\" \/>\n<meta name=\"twitter:card\" content=\"summary_large_image\" \/>\n<meta name=\"twitter:label1\" content=\"Gesch\u00e4tzte Lesezeit\" \/>\n\t<meta name=\"twitter:data1\" content=\"1\u00a0Minute\" \/>\n<script type=\"application\/ld+json\" class=\"yoast-schema-graph\">{\"@context\":\"https:\\\/\\\/schema.org\",\"@graph\":[{\"@type\":\"WebPage\",\"@id\":\"https:\\\/\\\/www.franz-stadlhofer.at\\\/shop\\\/produkt\\\/flachschnitt-set\\\/\",\"url\":\"https:\\\/\\\/www.franz-stadlhofer.at\\\/shop\\\/produkt\\\/flachschnitt-set\\\/\",\"name\":\"Flachschnitt Set\",\"isPartOf\":{\"@id\":\"https:\\\/\\\/www.franz-stadlhofer.at\\\/shop\\\/#website\"},\"primaryImageOfPage\":{\"@id\":\"https:\\\/\\\/www.franz-stadlhofer.at\\\/shop\\\/produkt\\\/flachschnitt-set\\\/#primaryimage\"},\"image\":{\"@id\":\"https:\\\/\\\/www.franz-stadlhofer.at\\\/shop\\\/produkt\\\/flachschnitt-set\\\/#primaryimage\"},\"thumbnailUrl\":\"https:\\\/\\\/www.franz-stadlhofer.at\\\/shop\\\/wp-content\\\/uploads\\\/2016\\\/01\\\/products-Flachschnitt_Set.jpg\",\"datePublished\":\"2016-01-06T11:02:03+00:00\",\"dateModified\":\"2024-04-24T17:59:26+00:00\",\"description\":\"Diese Werkzeuge \\\/ Materialien werden f\u00fcr den Kurs zum Thema Flachschnitt zus\u00e4tzlich ben\u00f6tigt. Auch die Basisausr\u00fcstung sowie die Messer der\u00a0Grundkurse (Kerbschnitt 1-3 und Reliefschnitt 1-3) sollten Sie mitnehmen. So kommen Sie bestens ausger\u00fcstet in den Kurs. Selbstverst\u00e4ndlich k\u00f6nnen Sie auch alles erst in unserem Shop direkt vorort beim Kurs erwerben. Sie haben noch keinen Kurs gebucht? Hier finden Sie alle Infos zu Kursterminen und -orten. Beim Erwerb dieses Sets sparen Sie Geld gegen\u00fcber dem Einzelkauf! Flacheisen abgekr\u00f6pft 2a\\\/3 l Flacheisen abgekr\u00f6pft 2a\\\/3 r Flacheisen abgekr\u00f6pft 2a\\\/5 Punktiereisen 57, rund Punktiereisen 61, dreieckig Brett mit gerader Kante 22-25 mm, 60 x 30 gro\u00df\",\"breadcrumb\":{\"@id\":\"https:\\\/\\\/www.franz-stadlhofer.at\\\/shop\\\/produkt\\\/flachschnitt-set\\\/#breadcrumb\"},\"inLanguage\":\"de\",\"potentialAction\":[{\"@type\":\"ReadAction\",\"target\":[\"https:\\\/\\\/www.franz-stadlhofer.at\\\/shop\\\/produkt\\\/flachschnitt-set\\\/\"]}]},{\"@type\":\"ImageObject\",\"inLanguage\":\"de\",\"@id\":\"https:\\\/\\\/www.franz-stadlhofer.at\\\/shop\\\/produkt\\\/flachschnitt-set\\\/#primaryimage\",\"url\":\"https:\\\/\\\/www.franz-stadlhofer.at\\\/shop\\\/wp-content\\\/uploads\\\/2016\\\/01\\\/products-Flachschnitt_Set.jpg\",\"contentUrl\":\"https:\\\/\\\/www.franz-stadlhofer.at\\\/shop\\\/wp-content\\\/uploads\\\/2016\\\/01\\\/products-Flachschnitt_Set.jpg\",\"width\":\"945\",\"height\":\"945\",\"caption\":\"Flachschnitt Set - Schnitzstube Stadlhofer Shop\"},{\"@type\":\"BreadcrumbList\",\"@id\":\"https:\\\/\\\/www.franz-stadlhofer.at\\\/shop\\\/produkt\\\/flachschnitt-set\\\/#breadcrumb\",\"itemListElement\":[{\"@type\":\"ListItem\",\"position\":1,\"name\":\"Startseite\",\"item\":\"https:\\\/\\\/www.franz-stadlhofer.at\\\/shop\\\/\"},{\"@type\":\"ListItem\",\"position\":2,\"name\":\"Produkte\",\"item\":\"https:\\\/\\\/www.franz-stadlhofer.at\\\/shop\\\/shop\\\/\"},{\"@type\":\"ListItem\",\"position\":3,\"name\":\"Flachschnitt Set\"}]},{\"@type\":\"WebSite\",\"@id\":\"https:\\\/\\\/www.franz-stadlhofer.at\\\/shop\\\/#website\",\"url\":\"https:\\\/\\\/www.franz-stadlhofer.at\\\/shop\\\/\",\"name\":\"Schnitzstube Stadlhofer Shop\",\"description\":\"Holzschnitzen Onlineshop\",\"publisher\":{\"@id\":\"https:\\\/\\\/www.franz-stadlhofer.at\\\/shop\\\/#organization\"},\"potentialAction\":[{\"@type\":\"SearchAction\",\"target\":{\"@type\":\"EntryPoint\",\"urlTemplate\":\"https:\\\/\\\/www.franz-stadlhofer.at\\\/shop\\\/?s={search_term_string}\"},\"query-input\":{\"@type\":\"PropertyValueSpecification\",\"valueRequired\":true,\"valueName\":\"search_term_string\"}}],\"inLanguage\":\"de\"},{\"@type\":\"Organization\",\"@id\":\"https:\\\/\\\/www.franz-stadlhofer.at\\\/shop\\\/#organization\",\"name\":\"Schnitzstube Stadlhofer Shop\",\"url\":\"https:\\\/\\\/www.franz-stadlhofer.at\\\/shop\\\/\",\"logo\":{\"@type\":\"ImageObject\",\"inLanguage\":\"de\",\"@id\":\"https:\\\/\\\/www.franz-stadlhofer.at\\\/shop\\\/#\\\/schema\\\/logo\\\/image\\\/\",\"url\":\"https:\\\/\\\/www.franz-stadlhofer.at\\\/shop\\\/wp-content\\\/uploads\\\/2019\\\/10\\\/LOGO-2-RETINA.png\",\"contentUrl\":\"https:\\\/\\\/www.franz-stadlhofer.at\\\/shop\\\/wp-content\\\/uploads\\\/2019\\\/10\\\/LOGO-2-RETINA.png\",\"width\":471,\"height\":160,\"caption\":\"Schnitzstube Stadlhofer Shop\"},\"image\":{\"@id\":\"https:\\\/\\\/www.franz-stadlhofer.at\\\/shop\\\/#\\\/schema\\\/logo\\\/image\\\/\"}}]}<\/script>\n<!-- \/ Yoast SEO plugin. -->","yoast_head_json":{"title":"Flachschnitt Set","description":"Diese Werkzeuge \/ Materialien werden f\u00fcr den Kurs zum Thema Flachschnitt zus\u00e4tzlich ben\u00f6tigt. Auch die Basisausr\u00fcstung sowie die Messer der\u00a0Grundkurse (Kerbschnitt 1-3 und Reliefschnitt 1-3) sollten Sie mitnehmen. So kommen Sie bestens ausger\u00fcstet in den Kurs. Selbstverst\u00e4ndlich k\u00f6nnen Sie auch alles erst in unserem Shop direkt vorort beim Kurs erwerben. Sie haben noch keinen Kurs gebucht? Hier finden Sie alle Infos zu Kursterminen und -orten. Beim Erwerb dieses Sets sparen Sie Geld gegen\u00fcber dem Einzelkauf! Flacheisen abgekr\u00f6pft 2a\/3 l Flacheisen abgekr\u00f6pft 2a\/3 r Flacheisen abgekr\u00f6pft 2a\/5 Punktiereisen 57, rund Punktiereisen 61, dreieckig Brett mit gerader Kante 22-25 mm, 60 x 30 gro\u00df","robots":{"index":"index","follow":"follow","max-snippet":"max-snippet:-1","max-image-preview":"max-image-preview:large","max-video-preview":"max-video-preview:-1"},"canonical":"https:\/\/www.franz-stadlhofer.at\/shop\/produkt\/flachschnitt-set\/","og_locale":"de_DE","og_type":"article","og_title":"Flachschnitt Set","og_description":"Diese Werkzeuge \/ Materialien werden f\u00fcr den Kurs zum Thema Flachschnitt zus\u00e4tzlich ben\u00f6tigt. Auch die Basisausr\u00fcstung sowie die Messer der\u00a0Grundkurse (Kerbschnitt 1-3 und Reliefschnitt 1-3) sollten Sie mitnehmen. So kommen Sie bestens ausger\u00fcstet in den Kurs. Selbstverst\u00e4ndlich k\u00f6nnen Sie auch alles erst in unserem Shop direkt vorort beim Kurs erwerben. Sie haben noch keinen Kurs gebucht? Hier finden Sie alle Infos zu Kursterminen und -orten. Beim Erwerb dieses Sets sparen Sie Geld gegen\u00fcber dem Einzelkauf! Flacheisen abgekr\u00f6pft 2a\/3 l Flacheisen abgekr\u00f6pft 2a\/3 r Flacheisen abgekr\u00f6pft 2a\/5 Punktiereisen 57, rund Punktiereisen 61, dreieckig Brett mit gerader Kante 22-25 mm, 60 x 30 gro\u00df","og_url":"https:\/\/www.franz-stadlhofer.at\/shop\/produkt\/flachschnitt-set\/","og_site_name":"Schnitzstube Stadlhofer Shop","article_modified_time":"2024-04-24T17:59:26+00:00","og_image":[{"width":945,"height":945,"url":"https:\/\/www.franz-stadlhofer.at\/shop\/wp-content\/uploads\/2016\/01\/products-Flachschnitt_Set.jpg","type":"image\/jpeg"}],"twitter_card":"summary_large_image","twitter_misc":{"Gesch\u00e4tzte Lesezeit":"1\u00a0Minute"},"schema":{"@context":"https:\/\/schema.org","@graph":[{"@type":"WebPage","@id":"https:\/\/www.franz-stadlhofer.at\/shop\/produkt\/flachschnitt-set\/","url":"https:\/\/www.franz-stadlhofer.at\/shop\/produkt\/flachschnitt-set\/","name":"Flachschnitt Set","isPartOf":{"@id":"https:\/\/www.franz-stadlhofer.at\/shop\/#website"},"primaryImageOfPage":{"@id":"https:\/\/www.franz-stadlhofer.at\/shop\/produkt\/flachschnitt-set\/#primaryimage"},"image":{"@id":"https:\/\/www.franz-stadlhofer.at\/shop\/produkt\/flachschnitt-set\/#primaryimage"},"thumbnailUrl":"https:\/\/www.franz-stadlhofer.at\/shop\/wp-content\/uploads\/2016\/01\/products-Flachschnitt_Set.jpg","datePublished":"2016-01-06T11:02:03+00:00","dateModified":"2024-04-24T17:59:26+00:00","description":"Diese Werkzeuge \/ Materialien werden f\u00fcr den Kurs zum Thema Flachschnitt zus\u00e4tzlich ben\u00f6tigt. Auch die Basisausr\u00fcstung sowie die Messer der\u00a0Grundkurse (Kerbschnitt 1-3 und Reliefschnitt 1-3) sollten Sie mitnehmen. So kommen Sie bestens ausger\u00fcstet in den Kurs. Selbstverst\u00e4ndlich k\u00f6nnen Sie auch alles erst in unserem Shop direkt vorort beim Kurs erwerben. Sie haben noch keinen Kurs gebucht? Hier finden Sie alle Infos zu Kursterminen und -orten. Beim Erwerb dieses Sets sparen Sie Geld gegen\u00fcber dem Einzelkauf! Flacheisen abgekr\u00f6pft 2a\/3 l Flacheisen abgekr\u00f6pft 2a\/3 r Flacheisen abgekr\u00f6pft 2a\/5 Punktiereisen 57, rund Punktiereisen 61, dreieckig Brett mit gerader Kante 22-25 mm, 60 x 30 gro\u00df","breadcrumb":{"@id":"https:\/\/www.franz-stadlhofer.at\/shop\/produkt\/flachschnitt-set\/#breadcrumb"},"inLanguage":"de","potentialAction":[{"@type":"ReadAction","target":["https:\/\/www.franz-stadlhofer.at\/shop\/produkt\/flachschnitt-set\/"]}]},{"@type":"ImageObject","inLanguage":"de","@id":"https:\/\/www.franz-stadlhofer.at\/shop\/produkt\/flachschnitt-set\/#primaryimage","url":"https:\/\/www.franz-stadlhofer.at\/shop\/wp-content\/uploads\/2016\/01\/products-Flachschnitt_Set.jpg","contentUrl":"https:\/\/www.franz-stadlhofer.at\/shop\/wp-content\/uploads\/2016\/01\/products-Flachschnitt_Set.jpg","width":"945","height":"945","caption":"Flachschnitt Set - Schnitzstube Stadlhofer Shop"},{"@type":"BreadcrumbList","@id":"https:\/\/www.franz-stadlhofer.at\/shop\/produkt\/flachschnitt-set\/#breadcrumb","itemListElement":[{"@type":"ListItem","position":1,"name":"Startseite","item":"https:\/\/www.franz-stadlhofer.at\/shop\/"},{"@type":"ListItem","position":2,"name":"Produkte","item":"https:\/\/www.franz-stadlhofer.at\/shop\/shop\/"},{"@type":"ListItem","position":3,"name":"Flachschnitt Set"}]},{"@type":"WebSite","@id":"https:\/\/www.franz-stadlhofer.at\/shop\/#website","url":"https:\/\/www.franz-stadlhofer.at\/shop\/","name":"Schnitzstube Stadlhofer Shop","description":"Holzschnitzen Onlineshop","publisher":{"@id":"https:\/\/www.franz-stadlhofer.at\/shop\/#organization"},"potentialAction":[{"@type":"SearchAction","target":{"@type":"EntryPoint","urlTemplate":"https:\/\/www.franz-stadlhofer.at\/shop\/?s={search_term_string}"},"query-input":{"@type":"PropertyValueSpecification","valueRequired":true,"valueName":"search_term_string"}}],"inLanguage":"de"},{"@type":"Organization","@id":"https:\/\/www.franz-stadlhofer.at\/shop\/#organization","name":"Schnitzstube Stadlhofer Shop","url":"https:\/\/www.franz-stadlhofer.at\/shop\/","logo":{"@type":"ImageObject","inLanguage":"de","@id":"https:\/\/www.franz-stadlhofer.at\/shop\/#\/schema\/logo\/image\/","url":"https:\/\/www.franz-stadlhofer.at\/shop\/wp-content\/uploads\/2019\/10\/LOGO-2-RETINA.png","contentUrl":"https:\/\/www.franz-stadlhofer.at\/shop\/wp-content\/uploads\/2019\/10\/LOGO-2-RETINA.png","width":471,"height":160,"caption":"Schnitzstube Stadlhofer Shop"},"image":{"@id":"https:\/\/www.franz-stadlhofer.at\/shop\/#\/schema\/logo\/image\/"}}]}},"_links":{"self":[{"href":"https:\/\/www.franz-stadlhofer.at\/shop\/wp-json\/wp\/v2\/product\/22553","targetHints":{"allow":["GET"]}}],"collection":[{"href":"https:\/\/www.franz-stadlhofer.at\/shop\/wp-json\/wp\/v2\/product"}],"about":[{"href":"https:\/\/www.franz-stadlhofer.at\/shop\/wp-json\/wp\/v2\/types\/product"}],"wp:featuredmedia":[{"embeddable":true,"href":"https:\/\/www.franz-stadlhofer.at\/shop\/wp-json\/wp\/v2\/media\/22554"}],"wp:attachment":[{"href":"https:\/\/www.franz-stadlhofer.at\/shop\/wp-json\/wp\/v2\/media?parent=22553"}],"wp:term":[{"taxonomy":"product_brand","embeddable":true,"href":"https:\/\/www.franz-stadlhofer.at\/shop\/wp-json\/wp\/v2\/product_brand?post=22553"},{"taxonomy":"product_cat","embeddable":true,"href":"https:\/\/www.franz-stadlhofer.at\/shop\/wp-json\/wp\/v2\/product_cat?post=22553"},{"taxonomy":"product_tag","embeddable":true,"href":"https:\/\/www.franz-stadlhofer.at\/shop\/wp-json\/wp\/v2\/product_tag?post=22553"}],"curies":[{"name":"wp","href":"https:\/\/api.w.org\/{rel}","templated":true}]}}