{"id":22545,"date":"2016-01-06T11:13:04","date_gmt":"2016-01-06T10:13:04","guid":{"rendered":"https:\/\/www.franz-stadlhofer.at\/shop\/?post_type=product&#038;p=22545"},"modified":"2024-05-08T14:04:03","modified_gmt":"2024-05-08T12:04:03","slug":"kerbschnitt-3-set","status":"publish","type":"product","link":"https:\/\/www.franz-stadlhofer.at\/shop\/produkt\/kerbschnitt-3-set\/","title":{"rendered":"Kerbschnitt 3 Set"},"content":{"rendered":"<p>Diese Werkzeuge \/ Materialien werden f\u00fcr den <strong>Grundkurs Kerbschnitt 3<\/strong> ben\u00f6tigt. Auch die <strong><a title=\"Zum Zeichen-Set\" href=\"https:\/\/www.franz-stadlhofer.at\/shop\/produkt\/zeichen-set-basisausrustung\/\">Basisausr\u00fcstung<\/a><\/strong> sowie die Messer der Grundkurse <strong><a title=\"Zu den Set-Angeboten\" href=\"https:\/\/www.franz-stadlhofer.at\/shop\/produkt-kategorie\/angebote\/set-angebote\/sets-fuer-kurse\/\">Kerbschnitt 1 und 2<\/a><\/strong> sollten Sie mitnehmen. So kommen Sie bestens ausger\u00fcstet in den Kurs.<\/p>\n<p>Selbstverst\u00e4ndlich k\u00f6nnen Sie auch alles erst in unserem Shop direkt vorort beim Kurs erwerben. Sie haben noch keinen Kurs gebucht? Hier finden Sie alle <a title=\"Alles \u00fcber unsere Schnitzkurse\" href=\"https:\/\/www.franz-stadlhofer.at\/schnitzkurse\/\" target=\"_blank\" rel=\"noopener noreferrer\"><strong>Infos zu Kursterminen und -orten<\/strong><\/a>.<\/p>\n<p>Beim Erwerb dieses Sets <strong>sparen Sie Geld<\/strong> gegen\u00fcber dem Einzelkauf!<\/p>\n<ol>\n<li><strong><a title=\"Infos zur Flacheisen\" href=\"https:\/\/www.franz-stadlhofer.at\/shop\/produkt\/flacheisen\/\">Flacheisen 3\/8<\/a><\/strong><\/li>\n<li><strong><a title=\"Infos zu Flacheisen schr\u00e4g\" href=\"https:\/\/www.franz-stadlhofer.at\/shop\/produkt\/flacheisen-schrag\/\">Flacheisen schr\u00e4g 1S\/12<\/a><\/strong><\/li>\n<li><strong><a title=\"Infos zu Hohleisen\" href=\"https:\/\/www.franz-stadlhofer.at\/shop\/produkt\/hohleisen\/\">Hohleisen 11\/2<\/a><\/strong><\/li>\n<li><strong><a title=\"Infos zum Schnitzkoffer\" href=\"https:\/\/www.franz-stadlhofer.at\/shop\/produkt\/schnitzkoffer\/\">Schnitzkoffer<\/a><\/strong><\/li>\n<li><strong><a title=\"Vorlagenheft\" href=\"https:\/\/www.franz-stadlhofer.at\/shop\/produkt\/vorlagenheft-7-kerbschnitt-fuer-fortgeschrittene\/\" target=\"_blank\" rel=\"noopener\">Vorlagenheft 7<\/a><\/strong><\/li>\n<li><strong><a title=\"Infos zu Brettern mit gerader Kante\" href=\"https:\/\/www.franz-stadlhofer.at\/shop\/produkt\/brett-mit-gerader-kante-22-25-mm-stark\/\">Brett mit gerader Kante 22-25 mm, 60 x 30 gro\u00df<\/a><\/strong><\/li>\n<\/ol>\n","protected":false},"excerpt":{"rendered":"<p>Diese Werkzeuge \/ Materialien werden f\u00fcr den Grundkurs Kerbschnitt 3 ben\u00f6tigt. Auch die Basisausr\u00fcstung sowie die Messer der Grundkurse Kerbschnitt 1 und 2 sollten Sie mitnehmen. So kommen Sie bestens ausger\u00fcstet in den Kurs. Selbstverst\u00e4ndlich  [&#8230;]<\/p>\n","protected":false},"featured_media":22546,"template":"","meta":[],"product_brand":[803],"product_cat":[1215],"product_tag":[1037,1038],"class_list":{"0":"post-22545","1":"product","2":"type-product","3":"status-publish","4":"has-post-thumbnail","6":"product_brand-schnitzstube-franz-stadlhofer","7":"product_cat-sets-fuer-kurse","8":"product_tag-anfangerkurs","9":"product_tag-kerbschnitt-2","11":"first","12":"instock","13":"sale","14":"taxable","15":"shipping-taxable","16":"purchasable","17":"product-type-simple"},"barcode":null,"atum_controlled":true,"out_stock_date":null,"out_stock_threshold":null,"inheritable":false,"stock_on_hold":0,"sold_today":0,"sales_last_days":0,"reserved_stock":0,"customer_returns":0,"warehouse_damage":0,"lost_in_post":0,"other_logs":0,"out_stock_days":0,"lost_sales":0,"update_date":"2026-05-04T00:06:10","atum_locations":[],"atum_stock_status":"instock","restock_status":false,"low_stock_amount":"","sales_update_date":"2026-05-04T00:06:10","calc_backorders":null,"yoast_head":"<!-- This site is optimized with the Yoast SEO plugin v27.4 - https:\/\/yoast.com\/product\/yoast-seo-wordpress\/ -->\n<title>Kerbschnitt 3 Set<\/title>\n<meta name=\"description\" content=\"Diese Werkzeuge \/ Materialien werden f\u00fcr den Grundkurs Kerbschnitt 3 ben\u00f6tigt. Auch die Basisausr\u00fcstung sowie die Messer der Grundkurse Kerbschnitt 1 und 2 sollten Sie mitnehmen. So kommen Sie bestens ausger\u00fcstet in den Kurs. Selbstverst\u00e4ndlich k\u00f6nnen Sie auch alles erst in unserem Shop direkt vorort beim Kurs erwerben. Sie haben noch keinen Kurs gebucht? Hier finden Sie alle Infos zu Kursterminen und -orten. Beim Erwerb dieses Sets sparen Sie Geld gegen\u00fcber dem Einzelkauf! Flacheisen 3\/8 Flacheisen schr\u00e4g 1S\/12 Hohleisen 11\/2 Schnitzkoffer Vorlagenheft 7 Brett mit gerader Kante 22-25 mm, 60 x 30 gro\u00df\" \/>\n<meta name=\"robots\" content=\"index, follow, max-snippet:-1, max-image-preview:large, max-video-preview:-1\" \/>\n<link rel=\"canonical\" href=\"https:\/\/www.franz-stadlhofer.at\/shop\/produkt\/kerbschnitt-3-set\/\" \/>\n<meta property=\"og:locale\" content=\"de_DE\" \/>\n<meta property=\"og:type\" content=\"article\" \/>\n<meta property=\"og:title\" content=\"Kerbschnitt 3 Set\" \/>\n<meta property=\"og:description\" content=\"Diese Werkzeuge \/ Materialien werden f\u00fcr den Grundkurs Kerbschnitt 3 ben\u00f6tigt. Auch die Basisausr\u00fcstung sowie die Messer der Grundkurse Kerbschnitt 1 und 2 sollten Sie mitnehmen. So kommen Sie bestens ausger\u00fcstet in den Kurs. Selbstverst\u00e4ndlich k\u00f6nnen Sie auch alles erst in unserem Shop direkt vorort beim Kurs erwerben. Sie haben noch keinen Kurs gebucht? Hier finden Sie alle Infos zu Kursterminen und -orten. Beim Erwerb dieses Sets sparen Sie Geld gegen\u00fcber dem Einzelkauf! Flacheisen 3\/8 Flacheisen schr\u00e4g 1S\/12 Hohleisen 11\/2 Schnitzkoffer Vorlagenheft 7 Brett mit gerader Kante 22-25 mm, 60 x 30 gro\u00df\" \/>\n<meta property=\"og:url\" content=\"https:\/\/www.franz-stadlhofer.at\/shop\/produkt\/kerbschnitt-3-set\/\" \/>\n<meta property=\"og:site_name\" content=\"Schnitzstube Stadlhofer Shop\" \/>\n<meta property=\"article:modified_time\" content=\"2024-05-08T12:04:03+00:00\" \/>\n<meta property=\"og:image\" content=\"https:\/\/www.franz-stadlhofer.at\/shop\/wp-content\/uploads\/2020\/07\/products-Kerbschnitt3SetNEU200707.jpg\" \/>\n\t<meta property=\"og:image:width\" content=\"1182\" \/>\n\t<meta property=\"og:image:height\" content=\"1182\" \/>\n\t<meta property=\"og:image:type\" content=\"image\/jpeg\" \/>\n<meta name=\"twitter:card\" content=\"summary_large_image\" \/>\n<meta name=\"twitter:label1\" content=\"Gesch\u00e4tzte Lesezeit\" \/>\n\t<meta name=\"twitter:data1\" content=\"1\u00a0Minute\" \/>\n<script type=\"application\/ld+json\" class=\"yoast-schema-graph\">{\"@context\":\"https:\\\/\\\/schema.org\",\"@graph\":[{\"@type\":\"WebPage\",\"@id\":\"https:\\\/\\\/www.franz-stadlhofer.at\\\/shop\\\/produkt\\\/kerbschnitt-3-set\\\/\",\"url\":\"https:\\\/\\\/www.franz-stadlhofer.at\\\/shop\\\/produkt\\\/kerbschnitt-3-set\\\/\",\"name\":\"Kerbschnitt 3 Set\",\"isPartOf\":{\"@id\":\"https:\\\/\\\/www.franz-stadlhofer.at\\\/shop\\\/#website\"},\"primaryImageOfPage\":{\"@id\":\"https:\\\/\\\/www.franz-stadlhofer.at\\\/shop\\\/produkt\\\/kerbschnitt-3-set\\\/#primaryimage\"},\"image\":{\"@id\":\"https:\\\/\\\/www.franz-stadlhofer.at\\\/shop\\\/produkt\\\/kerbschnitt-3-set\\\/#primaryimage\"},\"thumbnailUrl\":\"https:\\\/\\\/www.franz-stadlhofer.at\\\/shop\\\/wp-content\\\/uploads\\\/2020\\\/07\\\/products-Kerbschnitt3SetNEU200707.jpg\",\"datePublished\":\"2016-01-06T10:13:04+00:00\",\"dateModified\":\"2024-05-08T12:04:03+00:00\",\"description\":\"Diese Werkzeuge \\\/ Materialien werden f\u00fcr den Grundkurs Kerbschnitt 3 ben\u00f6tigt. Auch die Basisausr\u00fcstung sowie die Messer der Grundkurse Kerbschnitt 1 und 2 sollten Sie mitnehmen. So kommen Sie bestens ausger\u00fcstet in den Kurs. Selbstverst\u00e4ndlich k\u00f6nnen Sie auch alles erst in unserem Shop direkt vorort beim Kurs erwerben. Sie haben noch keinen Kurs gebucht? Hier finden Sie alle Infos zu Kursterminen und -orten. Beim Erwerb dieses Sets sparen Sie Geld gegen\u00fcber dem Einzelkauf! Flacheisen 3\\\/8 Flacheisen schr\u00e4g 1S\\\/12 Hohleisen 11\\\/2 Schnitzkoffer Vorlagenheft 7 Brett mit gerader Kante 22-25 mm, 60 x 30 gro\u00df\",\"breadcrumb\":{\"@id\":\"https:\\\/\\\/www.franz-stadlhofer.at\\\/shop\\\/produkt\\\/kerbschnitt-3-set\\\/#breadcrumb\"},\"inLanguage\":\"de\",\"potentialAction\":[{\"@type\":\"ReadAction\",\"target\":[\"https:\\\/\\\/www.franz-stadlhofer.at\\\/shop\\\/produkt\\\/kerbschnitt-3-set\\\/\"]}]},{\"@type\":\"ImageObject\",\"inLanguage\":\"de\",\"@id\":\"https:\\\/\\\/www.franz-stadlhofer.at\\\/shop\\\/produkt\\\/kerbschnitt-3-set\\\/#primaryimage\",\"url\":\"https:\\\/\\\/www.franz-stadlhofer.at\\\/shop\\\/wp-content\\\/uploads\\\/2020\\\/07\\\/products-Kerbschnitt3SetNEU200707.jpg\",\"contentUrl\":\"https:\\\/\\\/www.franz-stadlhofer.at\\\/shop\\\/wp-content\\\/uploads\\\/2020\\\/07\\\/products-Kerbschnitt3SetNEU200707.jpg\",\"width\":\"1182\",\"height\":\"1182\",\"caption\":\"Kerbschnitt 3 Set - Schnitzstube Stadlhofer Shop\"},{\"@type\":\"BreadcrumbList\",\"@id\":\"https:\\\/\\\/www.franz-stadlhofer.at\\\/shop\\\/produkt\\\/kerbschnitt-3-set\\\/#breadcrumb\",\"itemListElement\":[{\"@type\":\"ListItem\",\"position\":1,\"name\":\"Startseite\",\"item\":\"https:\\\/\\\/www.franz-stadlhofer.at\\\/shop\\\/\"},{\"@type\":\"ListItem\",\"position\":2,\"name\":\"Produkte\",\"item\":\"https:\\\/\\\/www.franz-stadlhofer.at\\\/shop\\\/shop\\\/\"},{\"@type\":\"ListItem\",\"position\":3,\"name\":\"Kerbschnitt 3 Set\"}]},{\"@type\":\"WebSite\",\"@id\":\"https:\\\/\\\/www.franz-stadlhofer.at\\\/shop\\\/#website\",\"url\":\"https:\\\/\\\/www.franz-stadlhofer.at\\\/shop\\\/\",\"name\":\"Schnitzstube Stadlhofer Shop\",\"description\":\"Holzschnitzen Onlineshop\",\"publisher\":{\"@id\":\"https:\\\/\\\/www.franz-stadlhofer.at\\\/shop\\\/#organization\"},\"potentialAction\":[{\"@type\":\"SearchAction\",\"target\":{\"@type\":\"EntryPoint\",\"urlTemplate\":\"https:\\\/\\\/www.franz-stadlhofer.at\\\/shop\\\/?s={search_term_string}\"},\"query-input\":{\"@type\":\"PropertyValueSpecification\",\"valueRequired\":true,\"valueName\":\"search_term_string\"}}],\"inLanguage\":\"de\"},{\"@type\":\"Organization\",\"@id\":\"https:\\\/\\\/www.franz-stadlhofer.at\\\/shop\\\/#organization\",\"name\":\"Schnitzstube Stadlhofer Shop\",\"url\":\"https:\\\/\\\/www.franz-stadlhofer.at\\\/shop\\\/\",\"logo\":{\"@type\":\"ImageObject\",\"inLanguage\":\"de\",\"@id\":\"https:\\\/\\\/www.franz-stadlhofer.at\\\/shop\\\/#\\\/schema\\\/logo\\\/image\\\/\",\"url\":\"https:\\\/\\\/www.franz-stadlhofer.at\\\/shop\\\/wp-content\\\/uploads\\\/2019\\\/10\\\/LOGO-2-RETINA.png\",\"contentUrl\":\"https:\\\/\\\/www.franz-stadlhofer.at\\\/shop\\\/wp-content\\\/uploads\\\/2019\\\/10\\\/LOGO-2-RETINA.png\",\"width\":471,\"height\":160,\"caption\":\"Schnitzstube Stadlhofer Shop\"},\"image\":{\"@id\":\"https:\\\/\\\/www.franz-stadlhofer.at\\\/shop\\\/#\\\/schema\\\/logo\\\/image\\\/\"}}]}<\/script>\n<!-- \/ Yoast SEO plugin. -->","yoast_head_json":{"title":"Kerbschnitt 3 Set","description":"Diese Werkzeuge \/ Materialien werden f\u00fcr den Grundkurs Kerbschnitt 3 ben\u00f6tigt. Auch die Basisausr\u00fcstung sowie die Messer der Grundkurse Kerbschnitt 1 und 2 sollten Sie mitnehmen. So kommen Sie bestens ausger\u00fcstet in den Kurs. Selbstverst\u00e4ndlich k\u00f6nnen Sie auch alles erst in unserem Shop direkt vorort beim Kurs erwerben. Sie haben noch keinen Kurs gebucht? Hier finden Sie alle Infos zu Kursterminen und -orten. Beim Erwerb dieses Sets sparen Sie Geld gegen\u00fcber dem Einzelkauf! Flacheisen 3\/8 Flacheisen schr\u00e4g 1S\/12 Hohleisen 11\/2 Schnitzkoffer Vorlagenheft 7 Brett mit gerader Kante 22-25 mm, 60 x 30 gro\u00df","robots":{"index":"index","follow":"follow","max-snippet":"max-snippet:-1","max-image-preview":"max-image-preview:large","max-video-preview":"max-video-preview:-1"},"canonical":"https:\/\/www.franz-stadlhofer.at\/shop\/produkt\/kerbschnitt-3-set\/","og_locale":"de_DE","og_type":"article","og_title":"Kerbschnitt 3 Set","og_description":"Diese Werkzeuge \/ Materialien werden f\u00fcr den Grundkurs Kerbschnitt 3 ben\u00f6tigt. Auch die Basisausr\u00fcstung sowie die Messer der Grundkurse Kerbschnitt 1 und 2 sollten Sie mitnehmen. So kommen Sie bestens ausger\u00fcstet in den Kurs. Selbstverst\u00e4ndlich k\u00f6nnen Sie auch alles erst in unserem Shop direkt vorort beim Kurs erwerben. Sie haben noch keinen Kurs gebucht? Hier finden Sie alle Infos zu Kursterminen und -orten. Beim Erwerb dieses Sets sparen Sie Geld gegen\u00fcber dem Einzelkauf! Flacheisen 3\/8 Flacheisen schr\u00e4g 1S\/12 Hohleisen 11\/2 Schnitzkoffer Vorlagenheft 7 Brett mit gerader Kante 22-25 mm, 60 x 30 gro\u00df","og_url":"https:\/\/www.franz-stadlhofer.at\/shop\/produkt\/kerbschnitt-3-set\/","og_site_name":"Schnitzstube Stadlhofer Shop","article_modified_time":"2024-05-08T12:04:03+00:00","og_image":[{"width":1182,"height":1182,"url":"https:\/\/www.franz-stadlhofer.at\/shop\/wp-content\/uploads\/2020\/07\/products-Kerbschnitt3SetNEU200707.jpg","type":"image\/jpeg"}],"twitter_card":"summary_large_image","twitter_misc":{"Gesch\u00e4tzte Lesezeit":"1\u00a0Minute"},"schema":{"@context":"https:\/\/schema.org","@graph":[{"@type":"WebPage","@id":"https:\/\/www.franz-stadlhofer.at\/shop\/produkt\/kerbschnitt-3-set\/","url":"https:\/\/www.franz-stadlhofer.at\/shop\/produkt\/kerbschnitt-3-set\/","name":"Kerbschnitt 3 Set","isPartOf":{"@id":"https:\/\/www.franz-stadlhofer.at\/shop\/#website"},"primaryImageOfPage":{"@id":"https:\/\/www.franz-stadlhofer.at\/shop\/produkt\/kerbschnitt-3-set\/#primaryimage"},"image":{"@id":"https:\/\/www.franz-stadlhofer.at\/shop\/produkt\/kerbschnitt-3-set\/#primaryimage"},"thumbnailUrl":"https:\/\/www.franz-stadlhofer.at\/shop\/wp-content\/uploads\/2020\/07\/products-Kerbschnitt3SetNEU200707.jpg","datePublished":"2016-01-06T10:13:04+00:00","dateModified":"2024-05-08T12:04:03+00:00","description":"Diese Werkzeuge \/ Materialien werden f\u00fcr den Grundkurs Kerbschnitt 3 ben\u00f6tigt. Auch die Basisausr\u00fcstung sowie die Messer der Grundkurse Kerbschnitt 1 und 2 sollten Sie mitnehmen. So kommen Sie bestens ausger\u00fcstet in den Kurs. Selbstverst\u00e4ndlich k\u00f6nnen Sie auch alles erst in unserem Shop direkt vorort beim Kurs erwerben. Sie haben noch keinen Kurs gebucht? Hier finden Sie alle Infos zu Kursterminen und -orten. Beim Erwerb dieses Sets sparen Sie Geld gegen\u00fcber dem Einzelkauf! Flacheisen 3\/8 Flacheisen schr\u00e4g 1S\/12 Hohleisen 11\/2 Schnitzkoffer Vorlagenheft 7 Brett mit gerader Kante 22-25 mm, 60 x 30 gro\u00df","breadcrumb":{"@id":"https:\/\/www.franz-stadlhofer.at\/shop\/produkt\/kerbschnitt-3-set\/#breadcrumb"},"inLanguage":"de","potentialAction":[{"@type":"ReadAction","target":["https:\/\/www.franz-stadlhofer.at\/shop\/produkt\/kerbschnitt-3-set\/"]}]},{"@type":"ImageObject","inLanguage":"de","@id":"https:\/\/www.franz-stadlhofer.at\/shop\/produkt\/kerbschnitt-3-set\/#primaryimage","url":"https:\/\/www.franz-stadlhofer.at\/shop\/wp-content\/uploads\/2020\/07\/products-Kerbschnitt3SetNEU200707.jpg","contentUrl":"https:\/\/www.franz-stadlhofer.at\/shop\/wp-content\/uploads\/2020\/07\/products-Kerbschnitt3SetNEU200707.jpg","width":"1182","height":"1182","caption":"Kerbschnitt 3 Set - Schnitzstube Stadlhofer Shop"},{"@type":"BreadcrumbList","@id":"https:\/\/www.franz-stadlhofer.at\/shop\/produkt\/kerbschnitt-3-set\/#breadcrumb","itemListElement":[{"@type":"ListItem","position":1,"name":"Startseite","item":"https:\/\/www.franz-stadlhofer.at\/shop\/"},{"@type":"ListItem","position":2,"name":"Produkte","item":"https:\/\/www.franz-stadlhofer.at\/shop\/shop\/"},{"@type":"ListItem","position":3,"name":"Kerbschnitt 3 Set"}]},{"@type":"WebSite","@id":"https:\/\/www.franz-stadlhofer.at\/shop\/#website","url":"https:\/\/www.franz-stadlhofer.at\/shop\/","name":"Schnitzstube Stadlhofer Shop","description":"Holzschnitzen Onlineshop","publisher":{"@id":"https:\/\/www.franz-stadlhofer.at\/shop\/#organization"},"potentialAction":[{"@type":"SearchAction","target":{"@type":"EntryPoint","urlTemplate":"https:\/\/www.franz-stadlhofer.at\/shop\/?s={search_term_string}"},"query-input":{"@type":"PropertyValueSpecification","valueRequired":true,"valueName":"search_term_string"}}],"inLanguage":"de"},{"@type":"Organization","@id":"https:\/\/www.franz-stadlhofer.at\/shop\/#organization","name":"Schnitzstube Stadlhofer Shop","url":"https:\/\/www.franz-stadlhofer.at\/shop\/","logo":{"@type":"ImageObject","inLanguage":"de","@id":"https:\/\/www.franz-stadlhofer.at\/shop\/#\/schema\/logo\/image\/","url":"https:\/\/www.franz-stadlhofer.at\/shop\/wp-content\/uploads\/2019\/10\/LOGO-2-RETINA.png","contentUrl":"https:\/\/www.franz-stadlhofer.at\/shop\/wp-content\/uploads\/2019\/10\/LOGO-2-RETINA.png","width":471,"height":160,"caption":"Schnitzstube Stadlhofer Shop"},"image":{"@id":"https:\/\/www.franz-stadlhofer.at\/shop\/#\/schema\/logo\/image\/"}}]}},"_links":{"self":[{"href":"https:\/\/www.franz-stadlhofer.at\/shop\/wp-json\/wp\/v2\/product\/22545","targetHints":{"allow":["GET"]}}],"collection":[{"href":"https:\/\/www.franz-stadlhofer.at\/shop\/wp-json\/wp\/v2\/product"}],"about":[{"href":"https:\/\/www.franz-stadlhofer.at\/shop\/wp-json\/wp\/v2\/types\/product"}],"wp:featuredmedia":[{"embeddable":true,"href":"https:\/\/www.franz-stadlhofer.at\/shop\/wp-json\/wp\/v2\/media\/22546"}],"wp:attachment":[{"href":"https:\/\/www.franz-stadlhofer.at\/shop\/wp-json\/wp\/v2\/media?parent=22545"}],"wp:term":[{"taxonomy":"product_brand","embeddable":true,"href":"https:\/\/www.franz-stadlhofer.at\/shop\/wp-json\/wp\/v2\/product_brand?post=22545"},{"taxonomy":"product_cat","embeddable":true,"href":"https:\/\/www.franz-stadlhofer.at\/shop\/wp-json\/wp\/v2\/product_cat?post=22545"},{"taxonomy":"product_tag","embeddable":true,"href":"https:\/\/www.franz-stadlhofer.at\/shop\/wp-json\/wp\/v2\/product_tag?post=22545"}],"curies":[{"name":"wp","href":"https:\/\/api.w.org\/{rel}","templated":true}]}}