{"id":22543,"date":"2016-01-06T11:06:00","date_gmt":"2016-01-06T10:06:00","guid":{"rendered":"https:\/\/www.franz-stadlhofer.at\/shop\/?post_type=product&#038;p=22543"},"modified":"2024-04-24T19:59:25","modified_gmt":"2024-04-24T17:59:25","slug":"kerbschnitt-2-set","status":"publish","type":"product","link":"https:\/\/www.franz-stadlhofer.at\/shop\/produkt\/kerbschnitt-2-set\/","title":{"rendered":"Kerbschnitt 2 Set"},"content":{"rendered":"<p>Diese Werkzeuge \/ Materialien werden f\u00fcr den <strong>Grundkurs Kerbschnitt 2<\/strong> ben\u00f6tigt. Auch die <strong><a title=\"Zum Zeichen-Set\" href=\"https:\/\/www.franz-stadlhofer.at\/shop\/produkt\/zeichen-set-basisausrustung\/\">Basisausr\u00fcstung<\/a><\/strong> sowie die Messer des Grundkurses <strong><a title=\"Zum Kerbschnitt 1 Set\" href=\"https:\/\/www.franz-stadlhofer.at\/shop\/produkt\/kerbschnitt-1-set\/\">Kerbschnitt 1<\/a><\/strong> sollten Sie mitnehmen. So kommen Sie bestens ausger\u00fcstet in den Kurs.<\/p>\n<p>Selbstverst\u00e4ndlich k\u00f6nnen Sie auch alles erst in unserem Shop direkt vorort beim Kurs erwerben. Sie haben noch keinen Kurs gebucht? Hier finden Sie alle <a title=\"Alles \u00fcber unsere Schnitzkurse\" href=\"https:\/\/www.franz-stadlhofer.at\/schnitzkurse\/\" target=\"_blank\" rel=\"noopener noreferrer\"><strong>Infos zu Kursterminen und -orten<\/strong><\/a>.<\/p>\n<p>Beim Erwerb dieses Sets <strong>sparen Sie Geld<\/strong> gegen\u00fcber dem Einzelkauf!<\/p>\n<ol>\n<li><strong><a title=\"Infos zum Kerbschnittmesser 11\" href=\"https:\/\/www.franz-stadlhofer.at\/shop\/produkt\/kerbschnittmesser-11-detailschnitzmesser\/\">Kerbschnittmesser 11, Detailschnitzmesser<\/a><\/strong><\/li>\n<li><strong><a title=\"Infos zur Flacheisen schr\u00e4g\" href=\"https:\/\/www.franz-stadlhofer.at\/shop\/produkt\/flacheisen-schrag\/\">Flacheisen schr\u00e4g, 1S\/25<\/a><\/strong><\/li>\n<li><strong><a title=\"Infos zu Flacheisen schr\u00e4g\" href=\"https:\/\/www.franz-stadlhofer.at\/shop\/produkt\/flacheisen-schrag\/\">Flacheisen schr\u00e4g, 1S\/14, Spezialschliff<\/a><\/strong><\/li>\n<li><strong><a title=\"Infos zu Hohleisen\" href=\"https:\/\/www.franz-stadlhofer.at\/shop\/produkt\/hohleisen\/\">Hohleisen 9\/5<\/a><\/strong><\/li>\n<li><strong><a title=\"Infos zu Brettern mit gerader Kante\" href=\"https:\/\/www.franz-stadlhofer.at\/shop\/produkt\/brett-mit-gerader-kante-22-25-mm-stark\/\">Brett mit gerader Kante 22-25 mm, 60 x 30 gro\u00df<\/a><\/strong><\/li>\n<li><strong><a title=\"Infos zum Kerbschnittbuch\" href=\"https:\/\/www.franz-stadlhofer.at\/shop\/produkt\/vom-kerbschnitzen-zum-ornamentalen-reliefschnitt\/\">Vom Kerbschnitzen zum ornamentalen Reliefschnitt<\/a><\/strong><\/li>\n<\/ol>\n","protected":false},"excerpt":{"rendered":"<p>Diese Werkzeuge \/ Materialien werden f\u00fcr den Grundkurs Kerbschnitt 2 ben\u00f6tigt. Auch die Basisausr\u00fcstung sowie die Messer des Grundkurses Kerbschnitt 1 sollten Sie mitnehmen. So kommen Sie bestens ausger\u00fcstet in den Kurs. Selbstverst\u00e4ndlich k\u00f6nnen Sie  [&#8230;]<\/p>\n","protected":false},"featured_media":22544,"template":"","meta":[],"product_brand":[803],"product_cat":[1215],"product_tag":[1037,1038],"class_list":{"0":"post-22543","1":"product","2":"type-product","3":"status-publish","4":"has-post-thumbnail","6":"product_brand-schnitzstube-franz-stadlhofer","7":"product_cat-sets-fuer-kurse","8":"product_tag-anfangerkurs","9":"product_tag-kerbschnitt-2","11":"first","12":"instock","13":"sale","14":"taxable","15":"shipping-taxable","16":"purchasable","17":"product-type-simple"},"barcode":null,"atum_controlled":true,"out_stock_date":null,"out_stock_threshold":null,"inheritable":false,"stock_on_hold":0,"sold_today":0,"sales_last_days":0,"reserved_stock":0,"customer_returns":0,"warehouse_damage":0,"lost_in_post":0,"other_logs":0,"out_stock_days":0,"lost_sales":0,"update_date":"2026-05-06T00:06:45","atum_locations":[],"atum_stock_status":"instock","restock_status":false,"low_stock_amount":"","sales_update_date":"2026-05-06T00:06:45","calc_backorders":null,"yoast_head":"<!-- This site is optimized with the Yoast SEO plugin v27.4 - https:\/\/yoast.com\/product\/yoast-seo-wordpress\/ -->\n<title>Kerbschnitt 2 Set<\/title>\n<meta name=\"description\" content=\"Diese Werkzeuge \/ Materialien werden f\u00fcr den Grundkurs Kerbschnitt 2 ben\u00f6tigt. Auch die Basisausr\u00fcstung sowie die Messer des Grundkurses Kerbschnitt 1 sollten Sie mitnehmen. So kommen Sie bestens ausger\u00fcstet in den Kurs. Selbstverst\u00e4ndlich k\u00f6nnen Sie auch alles erst in unserem Shop direkt vorort beim Kurs erwerben. Sie haben noch keinen Kurs gebucht? Hier finden Sie alle Infos zu Kursterminen und -orten. Beim Erwerb dieses Sets sparen Sie Geld gegen\u00fcber dem Einzelkauf! Kerbschnittmesser 11, Detailschnitzmesser Flacheisen schr\u00e4g, 1S\/25 Flacheisen schr\u00e4g, 1S\/14, Spezialschliff Hohleisen 9\/5 Brett mit gerader Kante 22-25 mm, 60 x 30 gro\u00df Vom Kerbschnitzen zum ornamentalen Reliefschnitt\" \/>\n<meta name=\"robots\" content=\"index, follow, max-snippet:-1, max-image-preview:large, max-video-preview:-1\" \/>\n<link rel=\"canonical\" href=\"https:\/\/www.franz-stadlhofer.at\/shop\/produkt\/kerbschnitt-2-set\/\" \/>\n<meta property=\"og:locale\" content=\"de_DE\" \/>\n<meta property=\"og:type\" content=\"article\" \/>\n<meta property=\"og:title\" content=\"Kerbschnitt 2 Set\" \/>\n<meta property=\"og:description\" content=\"Diese Werkzeuge \/ Materialien werden f\u00fcr den Grundkurs Kerbschnitt 2 ben\u00f6tigt. Auch die Basisausr\u00fcstung sowie die Messer des Grundkurses Kerbschnitt 1 sollten Sie mitnehmen. So kommen Sie bestens ausger\u00fcstet in den Kurs. Selbstverst\u00e4ndlich k\u00f6nnen Sie auch alles erst in unserem Shop direkt vorort beim Kurs erwerben. Sie haben noch keinen Kurs gebucht? Hier finden Sie alle Infos zu Kursterminen und -orten. Beim Erwerb dieses Sets sparen Sie Geld gegen\u00fcber dem Einzelkauf! Kerbschnittmesser 11, Detailschnitzmesser Flacheisen schr\u00e4g, 1S\/25 Flacheisen schr\u00e4g, 1S\/14, Spezialschliff Hohleisen 9\/5 Brett mit gerader Kante 22-25 mm, 60 x 30 gro\u00df Vom Kerbschnitzen zum ornamentalen Reliefschnitt\" \/>\n<meta property=\"og:url\" content=\"https:\/\/www.franz-stadlhofer.at\/shop\/produkt\/kerbschnitt-2-set\/\" \/>\n<meta property=\"og:site_name\" content=\"Schnitzstube Stadlhofer Shop\" \/>\n<meta property=\"article:modified_time\" content=\"2024-04-24T17:59:25+00:00\" \/>\n<meta property=\"og:image\" content=\"https:\/\/www.franz-stadlhofer.at\/shop\/wp-content\/uploads\/2017\/09\/products-Kerbschnitt_2_Set_NEU.jpg\" \/>\n\t<meta property=\"og:image:width\" content=\"2400\" \/>\n\t<meta property=\"og:image:height\" content=\"2400\" \/>\n\t<meta property=\"og:image:type\" content=\"image\/jpeg\" \/>\n<meta name=\"twitter:card\" content=\"summary_large_image\" \/>\n<meta name=\"twitter:label1\" content=\"Gesch\u00e4tzte Lesezeit\" \/>\n\t<meta name=\"twitter:data1\" content=\"1\u00a0Minute\" \/>\n<script type=\"application\/ld+json\" class=\"yoast-schema-graph\">{\"@context\":\"https:\\\/\\\/schema.org\",\"@graph\":[{\"@type\":\"WebPage\",\"@id\":\"https:\\\/\\\/www.franz-stadlhofer.at\\\/shop\\\/produkt\\\/kerbschnitt-2-set\\\/\",\"url\":\"https:\\\/\\\/www.franz-stadlhofer.at\\\/shop\\\/produkt\\\/kerbschnitt-2-set\\\/\",\"name\":\"Kerbschnitt 2 Set\",\"isPartOf\":{\"@id\":\"https:\\\/\\\/www.franz-stadlhofer.at\\\/shop\\\/#website\"},\"primaryImageOfPage\":{\"@id\":\"https:\\\/\\\/www.franz-stadlhofer.at\\\/shop\\\/produkt\\\/kerbschnitt-2-set\\\/#primaryimage\"},\"image\":{\"@id\":\"https:\\\/\\\/www.franz-stadlhofer.at\\\/shop\\\/produkt\\\/kerbschnitt-2-set\\\/#primaryimage\"},\"thumbnailUrl\":\"https:\\\/\\\/www.franz-stadlhofer.at\\\/shop\\\/wp-content\\\/uploads\\\/2017\\\/09\\\/products-Kerbschnitt_2_Set_NEU.jpg\",\"datePublished\":\"2016-01-06T10:06:00+00:00\",\"dateModified\":\"2024-04-24T17:59:25+00:00\",\"description\":\"Diese Werkzeuge \\\/ Materialien werden f\u00fcr den Grundkurs Kerbschnitt 2 ben\u00f6tigt. Auch die Basisausr\u00fcstung sowie die Messer des Grundkurses Kerbschnitt 1 sollten Sie mitnehmen. So kommen Sie bestens ausger\u00fcstet in den Kurs. Selbstverst\u00e4ndlich k\u00f6nnen Sie auch alles erst in unserem Shop direkt vorort beim Kurs erwerben. Sie haben noch keinen Kurs gebucht? Hier finden Sie alle Infos zu Kursterminen und -orten. Beim Erwerb dieses Sets sparen Sie Geld gegen\u00fcber dem Einzelkauf! Kerbschnittmesser 11, Detailschnitzmesser Flacheisen schr\u00e4g, 1S\\\/25 Flacheisen schr\u00e4g, 1S\\\/14, Spezialschliff Hohleisen 9\\\/5 Brett mit gerader Kante 22-25 mm, 60 x 30 gro\u00df Vom Kerbschnitzen zum ornamentalen Reliefschnitt\",\"breadcrumb\":{\"@id\":\"https:\\\/\\\/www.franz-stadlhofer.at\\\/shop\\\/produkt\\\/kerbschnitt-2-set\\\/#breadcrumb\"},\"inLanguage\":\"de\",\"potentialAction\":[{\"@type\":\"ReadAction\",\"target\":[\"https:\\\/\\\/www.franz-stadlhofer.at\\\/shop\\\/produkt\\\/kerbschnitt-2-set\\\/\"]}]},{\"@type\":\"ImageObject\",\"inLanguage\":\"de\",\"@id\":\"https:\\\/\\\/www.franz-stadlhofer.at\\\/shop\\\/produkt\\\/kerbschnitt-2-set\\\/#primaryimage\",\"url\":\"https:\\\/\\\/www.franz-stadlhofer.at\\\/shop\\\/wp-content\\\/uploads\\\/2017\\\/09\\\/products-Kerbschnitt_2_Set_NEU.jpg\",\"contentUrl\":\"https:\\\/\\\/www.franz-stadlhofer.at\\\/shop\\\/wp-content\\\/uploads\\\/2017\\\/09\\\/products-Kerbschnitt_2_Set_NEU.jpg\",\"width\":\"2400\",\"height\":\"2400\",\"caption\":\"Kerbschnitt 2 Set - Schnitzstube Stadlhofer Shop\"},{\"@type\":\"BreadcrumbList\",\"@id\":\"https:\\\/\\\/www.franz-stadlhofer.at\\\/shop\\\/produkt\\\/kerbschnitt-2-set\\\/#breadcrumb\",\"itemListElement\":[{\"@type\":\"ListItem\",\"position\":1,\"name\":\"Startseite\",\"item\":\"https:\\\/\\\/www.franz-stadlhofer.at\\\/shop\\\/\"},{\"@type\":\"ListItem\",\"position\":2,\"name\":\"Produkte\",\"item\":\"https:\\\/\\\/www.franz-stadlhofer.at\\\/shop\\\/shop\\\/\"},{\"@type\":\"ListItem\",\"position\":3,\"name\":\"Kerbschnitt 2 Set\"}]},{\"@type\":\"WebSite\",\"@id\":\"https:\\\/\\\/www.franz-stadlhofer.at\\\/shop\\\/#website\",\"url\":\"https:\\\/\\\/www.franz-stadlhofer.at\\\/shop\\\/\",\"name\":\"Schnitzstube Stadlhofer Shop\",\"description\":\"Holzschnitzen Onlineshop\",\"publisher\":{\"@id\":\"https:\\\/\\\/www.franz-stadlhofer.at\\\/shop\\\/#organization\"},\"potentialAction\":[{\"@type\":\"SearchAction\",\"target\":{\"@type\":\"EntryPoint\",\"urlTemplate\":\"https:\\\/\\\/www.franz-stadlhofer.at\\\/shop\\\/?s={search_term_string}\"},\"query-input\":{\"@type\":\"PropertyValueSpecification\",\"valueRequired\":true,\"valueName\":\"search_term_string\"}}],\"inLanguage\":\"de\"},{\"@type\":\"Organization\",\"@id\":\"https:\\\/\\\/www.franz-stadlhofer.at\\\/shop\\\/#organization\",\"name\":\"Schnitzstube Stadlhofer Shop\",\"url\":\"https:\\\/\\\/www.franz-stadlhofer.at\\\/shop\\\/\",\"logo\":{\"@type\":\"ImageObject\",\"inLanguage\":\"de\",\"@id\":\"https:\\\/\\\/www.franz-stadlhofer.at\\\/shop\\\/#\\\/schema\\\/logo\\\/image\\\/\",\"url\":\"https:\\\/\\\/www.franz-stadlhofer.at\\\/shop\\\/wp-content\\\/uploads\\\/2019\\\/10\\\/LOGO-2-RETINA.png\",\"contentUrl\":\"https:\\\/\\\/www.franz-stadlhofer.at\\\/shop\\\/wp-content\\\/uploads\\\/2019\\\/10\\\/LOGO-2-RETINA.png\",\"width\":471,\"height\":160,\"caption\":\"Schnitzstube Stadlhofer Shop\"},\"image\":{\"@id\":\"https:\\\/\\\/www.franz-stadlhofer.at\\\/shop\\\/#\\\/schema\\\/logo\\\/image\\\/\"}}]}<\/script>\n<!-- \/ Yoast SEO plugin. -->","yoast_head_json":{"title":"Kerbschnitt 2 Set","description":"Diese Werkzeuge \/ Materialien werden f\u00fcr den Grundkurs Kerbschnitt 2 ben\u00f6tigt. Auch die Basisausr\u00fcstung sowie die Messer des Grundkurses Kerbschnitt 1 sollten Sie mitnehmen. So kommen Sie bestens ausger\u00fcstet in den Kurs. Selbstverst\u00e4ndlich k\u00f6nnen Sie auch alles erst in unserem Shop direkt vorort beim Kurs erwerben. Sie haben noch keinen Kurs gebucht? Hier finden Sie alle Infos zu Kursterminen und -orten. Beim Erwerb dieses Sets sparen Sie Geld gegen\u00fcber dem Einzelkauf! Kerbschnittmesser 11, Detailschnitzmesser Flacheisen schr\u00e4g, 1S\/25 Flacheisen schr\u00e4g, 1S\/14, Spezialschliff Hohleisen 9\/5 Brett mit gerader Kante 22-25 mm, 60 x 30 gro\u00df Vom Kerbschnitzen zum ornamentalen Reliefschnitt","robots":{"index":"index","follow":"follow","max-snippet":"max-snippet:-1","max-image-preview":"max-image-preview:large","max-video-preview":"max-video-preview:-1"},"canonical":"https:\/\/www.franz-stadlhofer.at\/shop\/produkt\/kerbschnitt-2-set\/","og_locale":"de_DE","og_type":"article","og_title":"Kerbschnitt 2 Set","og_description":"Diese Werkzeuge \/ Materialien werden f\u00fcr den Grundkurs Kerbschnitt 2 ben\u00f6tigt. Auch die Basisausr\u00fcstung sowie die Messer des Grundkurses Kerbschnitt 1 sollten Sie mitnehmen. So kommen Sie bestens ausger\u00fcstet in den Kurs. Selbstverst\u00e4ndlich k\u00f6nnen Sie auch alles erst in unserem Shop direkt vorort beim Kurs erwerben. Sie haben noch keinen Kurs gebucht? Hier finden Sie alle Infos zu Kursterminen und -orten. Beim Erwerb dieses Sets sparen Sie Geld gegen\u00fcber dem Einzelkauf! Kerbschnittmesser 11, Detailschnitzmesser Flacheisen schr\u00e4g, 1S\/25 Flacheisen schr\u00e4g, 1S\/14, Spezialschliff Hohleisen 9\/5 Brett mit gerader Kante 22-25 mm, 60 x 30 gro\u00df Vom Kerbschnitzen zum ornamentalen Reliefschnitt","og_url":"https:\/\/www.franz-stadlhofer.at\/shop\/produkt\/kerbschnitt-2-set\/","og_site_name":"Schnitzstube Stadlhofer Shop","article_modified_time":"2024-04-24T17:59:25+00:00","og_image":[{"width":2400,"height":2400,"url":"https:\/\/www.franz-stadlhofer.at\/shop\/wp-content\/uploads\/2017\/09\/products-Kerbschnitt_2_Set_NEU.jpg","type":"image\/jpeg"}],"twitter_card":"summary_large_image","twitter_misc":{"Gesch\u00e4tzte Lesezeit":"1\u00a0Minute"},"schema":{"@context":"https:\/\/schema.org","@graph":[{"@type":"WebPage","@id":"https:\/\/www.franz-stadlhofer.at\/shop\/produkt\/kerbschnitt-2-set\/","url":"https:\/\/www.franz-stadlhofer.at\/shop\/produkt\/kerbschnitt-2-set\/","name":"Kerbschnitt 2 Set","isPartOf":{"@id":"https:\/\/www.franz-stadlhofer.at\/shop\/#website"},"primaryImageOfPage":{"@id":"https:\/\/www.franz-stadlhofer.at\/shop\/produkt\/kerbschnitt-2-set\/#primaryimage"},"image":{"@id":"https:\/\/www.franz-stadlhofer.at\/shop\/produkt\/kerbschnitt-2-set\/#primaryimage"},"thumbnailUrl":"https:\/\/www.franz-stadlhofer.at\/shop\/wp-content\/uploads\/2017\/09\/products-Kerbschnitt_2_Set_NEU.jpg","datePublished":"2016-01-06T10:06:00+00:00","dateModified":"2024-04-24T17:59:25+00:00","description":"Diese Werkzeuge \/ Materialien werden f\u00fcr den Grundkurs Kerbschnitt 2 ben\u00f6tigt. Auch die Basisausr\u00fcstung sowie die Messer des Grundkurses Kerbschnitt 1 sollten Sie mitnehmen. So kommen Sie bestens ausger\u00fcstet in den Kurs. Selbstverst\u00e4ndlich k\u00f6nnen Sie auch alles erst in unserem Shop direkt vorort beim Kurs erwerben. Sie haben noch keinen Kurs gebucht? Hier finden Sie alle Infos zu Kursterminen und -orten. Beim Erwerb dieses Sets sparen Sie Geld gegen\u00fcber dem Einzelkauf! Kerbschnittmesser 11, Detailschnitzmesser Flacheisen schr\u00e4g, 1S\/25 Flacheisen schr\u00e4g, 1S\/14, Spezialschliff Hohleisen 9\/5 Brett mit gerader Kante 22-25 mm, 60 x 30 gro\u00df Vom Kerbschnitzen zum ornamentalen Reliefschnitt","breadcrumb":{"@id":"https:\/\/www.franz-stadlhofer.at\/shop\/produkt\/kerbschnitt-2-set\/#breadcrumb"},"inLanguage":"de","potentialAction":[{"@type":"ReadAction","target":["https:\/\/www.franz-stadlhofer.at\/shop\/produkt\/kerbschnitt-2-set\/"]}]},{"@type":"ImageObject","inLanguage":"de","@id":"https:\/\/www.franz-stadlhofer.at\/shop\/produkt\/kerbschnitt-2-set\/#primaryimage","url":"https:\/\/www.franz-stadlhofer.at\/shop\/wp-content\/uploads\/2017\/09\/products-Kerbschnitt_2_Set_NEU.jpg","contentUrl":"https:\/\/www.franz-stadlhofer.at\/shop\/wp-content\/uploads\/2017\/09\/products-Kerbschnitt_2_Set_NEU.jpg","width":"2400","height":"2400","caption":"Kerbschnitt 2 Set - Schnitzstube Stadlhofer Shop"},{"@type":"BreadcrumbList","@id":"https:\/\/www.franz-stadlhofer.at\/shop\/produkt\/kerbschnitt-2-set\/#breadcrumb","itemListElement":[{"@type":"ListItem","position":1,"name":"Startseite","item":"https:\/\/www.franz-stadlhofer.at\/shop\/"},{"@type":"ListItem","position":2,"name":"Produkte","item":"https:\/\/www.franz-stadlhofer.at\/shop\/shop\/"},{"@type":"ListItem","position":3,"name":"Kerbschnitt 2 Set"}]},{"@type":"WebSite","@id":"https:\/\/www.franz-stadlhofer.at\/shop\/#website","url":"https:\/\/www.franz-stadlhofer.at\/shop\/","name":"Schnitzstube Stadlhofer Shop","description":"Holzschnitzen Onlineshop","publisher":{"@id":"https:\/\/www.franz-stadlhofer.at\/shop\/#organization"},"potentialAction":[{"@type":"SearchAction","target":{"@type":"EntryPoint","urlTemplate":"https:\/\/www.franz-stadlhofer.at\/shop\/?s={search_term_string}"},"query-input":{"@type":"PropertyValueSpecification","valueRequired":true,"valueName":"search_term_string"}}],"inLanguage":"de"},{"@type":"Organization","@id":"https:\/\/www.franz-stadlhofer.at\/shop\/#organization","name":"Schnitzstube Stadlhofer Shop","url":"https:\/\/www.franz-stadlhofer.at\/shop\/","logo":{"@type":"ImageObject","inLanguage":"de","@id":"https:\/\/www.franz-stadlhofer.at\/shop\/#\/schema\/logo\/image\/","url":"https:\/\/www.franz-stadlhofer.at\/shop\/wp-content\/uploads\/2019\/10\/LOGO-2-RETINA.png","contentUrl":"https:\/\/www.franz-stadlhofer.at\/shop\/wp-content\/uploads\/2019\/10\/LOGO-2-RETINA.png","width":471,"height":160,"caption":"Schnitzstube Stadlhofer Shop"},"image":{"@id":"https:\/\/www.franz-stadlhofer.at\/shop\/#\/schema\/logo\/image\/"}}]}},"_links":{"self":[{"href":"https:\/\/www.franz-stadlhofer.at\/shop\/wp-json\/wp\/v2\/product\/22543","targetHints":{"allow":["GET"]}}],"collection":[{"href":"https:\/\/www.franz-stadlhofer.at\/shop\/wp-json\/wp\/v2\/product"}],"about":[{"href":"https:\/\/www.franz-stadlhofer.at\/shop\/wp-json\/wp\/v2\/types\/product"}],"wp:featuredmedia":[{"embeddable":true,"href":"https:\/\/www.franz-stadlhofer.at\/shop\/wp-json\/wp\/v2\/media\/22544"}],"wp:attachment":[{"href":"https:\/\/www.franz-stadlhofer.at\/shop\/wp-json\/wp\/v2\/media?parent=22543"}],"wp:term":[{"taxonomy":"product_brand","embeddable":true,"href":"https:\/\/www.franz-stadlhofer.at\/shop\/wp-json\/wp\/v2\/product_brand?post=22543"},{"taxonomy":"product_cat","embeddable":true,"href":"https:\/\/www.franz-stadlhofer.at\/shop\/wp-json\/wp\/v2\/product_cat?post=22543"},{"taxonomy":"product_tag","embeddable":true,"href":"https:\/\/www.franz-stadlhofer.at\/shop\/wp-json\/wp\/v2\/product_tag?post=22543"}],"curies":[{"name":"wp","href":"https:\/\/api.w.org\/{rel}","templated":true}]}}