{"id":22530,"date":"2024-04-24T18:36:47","date_gmt":"2024-04-24T16:36:47","guid":{"rendered":"https:\/\/www.franz-stadlhofer.at\/shop\/?post_type=product&#038;p=22530"},"modified":"2025-04-30T22:35:57","modified_gmt":"2025-04-30T20:35:57","slug":"pokal","status":"publish","type":"product","link":"https:\/\/www.franz-stadlhofer.at\/shop\/produkt\/pokal\/","title":{"rendered":"Pokal"},"content":{"rendered":"<p>Ein besonderer Preis f\u00fcr alle Sieger sind diese Holzpokale. Die Grafitteile (Farben k\u00f6nnen variieren) mit Metallringen verleihen ihnen einen edlen Touch. Mit den entsprechenden handwerklichen Verzierungen werden sie zu au\u00dfergew\u00f6hnlichen Ehrenpreisen.<\/p>\n<p>Material: Lindenholz unbehandelt (roh)<br \/>\nMa\u00dfe: H\u00f6he ~40 cm, \u00d8 Schale 29 cm<\/p>\n","protected":false},"excerpt":{"rendered":"<p>Ein besonderer Preis f\u00fcr alle Sieger sind diese Holzpokale. Die Grafitteile (Farben k\u00f6nnen variieren) mit Metallringen verleihen ihnen einen edlen Touch. Mit den entsprechenden handwerklichen Verzierungen werden sie zu au\u00dfergew\u00f6hnlichen Ehrenpreisen. Material: Lindenholz unbehandelt (roh)  [&#8230;]<\/p>\n","protected":false},"featured_media":22535,"template":"","meta":[],"product_brand":[803],"product_cat":[759,782],"product_tag":[1596,1450,1476,1480,1516,1518],"class_list":{"0":"post-22530","1":"product","2":"type-product","3":"status-publish","4":"has-post-thumbnail","6":"product_brand-schnitzstube-franz-stadlhofer","7":"product_cat-rohes-lindenholz","8":"product_cat-kleingegenstande","9":"product_tag-pokal","10":"product_tag-schnitzholz","11":"product_tag-rund","12":"product_tag-eckig","13":"product_tag-rohes-lindenholz","14":"product_tag-beschnitzbar","15":"pa_modell-rund","16":"pa_modell-eckig-2","18":"first","19":"instock","20":"taxable","21":"shipping-taxable","22":"purchasable","23":"product-type-variable"},"barcode":null,"atum_controlled":true,"out_stock_date":null,"out_stock_threshold":null,"inheritable":false,"stock_on_hold":0,"sold_today":0,"sales_last_days":0,"reserved_stock":0,"customer_returns":0,"warehouse_damage":0,"lost_in_post":0,"other_logs":0,"out_stock_days":0,"lost_sales":0,"update_date":"2026-04-29T00:06:03","atum_locations":[],"atum_stock_status":"instock","restock_status":false,"low_stock_amount":"","sales_update_date":"2026-04-29T00:06:03","calc_backorders":null,"yoast_head":"<!-- This site is optimized with the Yoast SEO plugin v27.4 - https:\/\/yoast.com\/product\/yoast-seo-wordpress\/ -->\n<title>Pokal<\/title>\n<meta name=\"description\" content=\"Ein besonderer Preis f\u00fcr alle Sieger sind diese Holzpokale. Die Grafitteile (Farben k\u00f6nnen variieren) mit Metallringen verleihen ihnen einen edlen Touch. Mit den entsprechenden handwerklichen Verzierungen werden sie zu au\u00dfergew\u00f6hnlichen Ehrenpreisen. Material: Lindenholz unbehandelt (roh)Ma\u00dfe: H\u00f6he ~40 cm, \u00d8 Schale 29 cm\" \/>\n<meta name=\"robots\" content=\"index, follow, max-snippet:-1, max-image-preview:large, max-video-preview:-1\" \/>\n<link rel=\"canonical\" href=\"https:\/\/www.franz-stadlhofer.at\/shop\/produkt\/pokal\/\" \/>\n<meta property=\"og:locale\" content=\"de_DE\" \/>\n<meta property=\"og:type\" content=\"article\" \/>\n<meta property=\"og:title\" content=\"Pokal\" \/>\n<meta property=\"og:description\" content=\"Ein besonderer Preis f\u00fcr alle Sieger sind diese Holzpokale. Die Grafitteile (Farben k\u00f6nnen variieren) mit Metallringen verleihen ihnen einen edlen Touch. Mit den entsprechenden handwerklichen Verzierungen werden sie zu au\u00dfergew\u00f6hnlichen Ehrenpreisen. Material: Lindenholz unbehandelt (roh)Ma\u00dfe: H\u00f6he ~40 cm, \u00d8 Schale 29 cm\" \/>\n<meta property=\"og:url\" content=\"https:\/\/www.franz-stadlhofer.at\/shop\/produkt\/pokal\/\" \/>\n<meta property=\"og:site_name\" content=\"Schnitzstube Stadlhofer Shop\" \/>\n<meta property=\"article:modified_time\" content=\"2025-04-30T20:35:57+00:00\" \/>\n<meta property=\"og:image\" content=\"https:\/\/www.franz-stadlhofer.at\/shop\/wp-content\/uploads\/2015\/08\/products-Pokale.jpg\" \/>\n\t<meta property=\"og:image:width\" content=\"945\" \/>\n\t<meta property=\"og:image:height\" content=\"945\" \/>\n\t<meta property=\"og:image:type\" content=\"image\/jpeg\" \/>\n<meta name=\"twitter:card\" content=\"summary_large_image\" \/>\n<script type=\"application\/ld+json\" class=\"yoast-schema-graph\">{\"@context\":\"https:\\\/\\\/schema.org\",\"@graph\":[{\"@type\":\"WebPage\",\"@id\":\"https:\\\/\\\/www.franz-stadlhofer.at\\\/shop\\\/produkt\\\/pokal\\\/\",\"url\":\"https:\\\/\\\/www.franz-stadlhofer.at\\\/shop\\\/produkt\\\/pokal\\\/\",\"name\":\"Pokal\",\"isPartOf\":{\"@id\":\"https:\\\/\\\/www.franz-stadlhofer.at\\\/shop\\\/#website\"},\"primaryImageOfPage\":{\"@id\":\"https:\\\/\\\/www.franz-stadlhofer.at\\\/shop\\\/produkt\\\/pokal\\\/#primaryimage\"},\"image\":{\"@id\":\"https:\\\/\\\/www.franz-stadlhofer.at\\\/shop\\\/produkt\\\/pokal\\\/#primaryimage\"},\"thumbnailUrl\":\"https:\\\/\\\/www.franz-stadlhofer.at\\\/shop\\\/wp-content\\\/uploads\\\/2015\\\/08\\\/products-Pokale.jpg\",\"datePublished\":\"2024-04-24T16:36:47+00:00\",\"dateModified\":\"2025-04-30T20:35:57+00:00\",\"description\":\"Ein besonderer Preis f\u00fcr alle Sieger sind diese Holzpokale. Die Grafitteile (Farben k\u00f6nnen variieren) mit Metallringen verleihen ihnen einen edlen Touch. Mit den entsprechenden handwerklichen Verzierungen werden sie zu au\u00dfergew\u00f6hnlichen Ehrenpreisen. Material: Lindenholz unbehandelt (roh)Ma\u00dfe: H\u00f6he ~40 cm, \u00d8 Schale 29 cm\",\"breadcrumb\":{\"@id\":\"https:\\\/\\\/www.franz-stadlhofer.at\\\/shop\\\/produkt\\\/pokal\\\/#breadcrumb\"},\"inLanguage\":\"de\",\"potentialAction\":[{\"@type\":\"ReadAction\",\"target\":[\"https:\\\/\\\/www.franz-stadlhofer.at\\\/shop\\\/produkt\\\/pokal\\\/\"]}]},{\"@type\":\"ImageObject\",\"inLanguage\":\"de\",\"@id\":\"https:\\\/\\\/www.franz-stadlhofer.at\\\/shop\\\/produkt\\\/pokal\\\/#primaryimage\",\"url\":\"https:\\\/\\\/www.franz-stadlhofer.at\\\/shop\\\/wp-content\\\/uploads\\\/2015\\\/08\\\/products-Pokale.jpg\",\"contentUrl\":\"https:\\\/\\\/www.franz-stadlhofer.at\\\/shop\\\/wp-content\\\/uploads\\\/2015\\\/08\\\/products-Pokale.jpg\",\"width\":\"945\",\"height\":\"945\",\"caption\":\"Pokal Lindenholz roh - Schnitzstube Stadlhofer Shop\"},{\"@type\":\"BreadcrumbList\",\"@id\":\"https:\\\/\\\/www.franz-stadlhofer.at\\\/shop\\\/produkt\\\/pokal\\\/#breadcrumb\",\"itemListElement\":[{\"@type\":\"ListItem\",\"position\":1,\"name\":\"Startseite\",\"item\":\"https:\\\/\\\/www.franz-stadlhofer.at\\\/shop\\\/\"},{\"@type\":\"ListItem\",\"position\":2,\"name\":\"Produkte\",\"item\":\"https:\\\/\\\/www.franz-stadlhofer.at\\\/shop\\\/shop\\\/\"},{\"@type\":\"ListItem\",\"position\":3,\"name\":\"Pokal\"}]},{\"@type\":\"WebSite\",\"@id\":\"https:\\\/\\\/www.franz-stadlhofer.at\\\/shop\\\/#website\",\"url\":\"https:\\\/\\\/www.franz-stadlhofer.at\\\/shop\\\/\",\"name\":\"Schnitzstube Stadlhofer Shop\",\"description\":\"Holzschnitzen Onlineshop\",\"publisher\":{\"@id\":\"https:\\\/\\\/www.franz-stadlhofer.at\\\/shop\\\/#organization\"},\"potentialAction\":[{\"@type\":\"SearchAction\",\"target\":{\"@type\":\"EntryPoint\",\"urlTemplate\":\"https:\\\/\\\/www.franz-stadlhofer.at\\\/shop\\\/?s={search_term_string}\"},\"query-input\":{\"@type\":\"PropertyValueSpecification\",\"valueRequired\":true,\"valueName\":\"search_term_string\"}}],\"inLanguage\":\"de\"},{\"@type\":\"Organization\",\"@id\":\"https:\\\/\\\/www.franz-stadlhofer.at\\\/shop\\\/#organization\",\"name\":\"Schnitzstube Stadlhofer Shop\",\"url\":\"https:\\\/\\\/www.franz-stadlhofer.at\\\/shop\\\/\",\"logo\":{\"@type\":\"ImageObject\",\"inLanguage\":\"de\",\"@id\":\"https:\\\/\\\/www.franz-stadlhofer.at\\\/shop\\\/#\\\/schema\\\/logo\\\/image\\\/\",\"url\":\"https:\\\/\\\/www.franz-stadlhofer.at\\\/shop\\\/wp-content\\\/uploads\\\/2019\\\/10\\\/LOGO-2-RETINA.png\",\"contentUrl\":\"https:\\\/\\\/www.franz-stadlhofer.at\\\/shop\\\/wp-content\\\/uploads\\\/2019\\\/10\\\/LOGO-2-RETINA.png\",\"width\":471,\"height\":160,\"caption\":\"Schnitzstube Stadlhofer Shop\"},\"image\":{\"@id\":\"https:\\\/\\\/www.franz-stadlhofer.at\\\/shop\\\/#\\\/schema\\\/logo\\\/image\\\/\"}}]}<\/script>\n<!-- \/ Yoast SEO plugin. -->","yoast_head_json":{"title":"Pokal","description":"Ein besonderer Preis f\u00fcr alle Sieger sind diese Holzpokale. Die Grafitteile (Farben k\u00f6nnen variieren) mit Metallringen verleihen ihnen einen edlen Touch. Mit den entsprechenden handwerklichen Verzierungen werden sie zu au\u00dfergew\u00f6hnlichen Ehrenpreisen. Material: Lindenholz unbehandelt (roh)Ma\u00dfe: H\u00f6he ~40 cm, \u00d8 Schale 29 cm","robots":{"index":"index","follow":"follow","max-snippet":"max-snippet:-1","max-image-preview":"max-image-preview:large","max-video-preview":"max-video-preview:-1"},"canonical":"https:\/\/www.franz-stadlhofer.at\/shop\/produkt\/pokal\/","og_locale":"de_DE","og_type":"article","og_title":"Pokal","og_description":"Ein besonderer Preis f\u00fcr alle Sieger sind diese Holzpokale. Die Grafitteile (Farben k\u00f6nnen variieren) mit Metallringen verleihen ihnen einen edlen Touch. Mit den entsprechenden handwerklichen Verzierungen werden sie zu au\u00dfergew\u00f6hnlichen Ehrenpreisen. Material: Lindenholz unbehandelt (roh)Ma\u00dfe: H\u00f6he ~40 cm, \u00d8 Schale 29 cm","og_url":"https:\/\/www.franz-stadlhofer.at\/shop\/produkt\/pokal\/","og_site_name":"Schnitzstube Stadlhofer Shop","article_modified_time":"2025-04-30T20:35:57+00:00","og_image":[{"width":945,"height":945,"url":"https:\/\/www.franz-stadlhofer.at\/shop\/wp-content\/uploads\/2015\/08\/products-Pokale.jpg","type":"image\/jpeg"}],"twitter_card":"summary_large_image","schema":{"@context":"https:\/\/schema.org","@graph":[{"@type":"WebPage","@id":"https:\/\/www.franz-stadlhofer.at\/shop\/produkt\/pokal\/","url":"https:\/\/www.franz-stadlhofer.at\/shop\/produkt\/pokal\/","name":"Pokal","isPartOf":{"@id":"https:\/\/www.franz-stadlhofer.at\/shop\/#website"},"primaryImageOfPage":{"@id":"https:\/\/www.franz-stadlhofer.at\/shop\/produkt\/pokal\/#primaryimage"},"image":{"@id":"https:\/\/www.franz-stadlhofer.at\/shop\/produkt\/pokal\/#primaryimage"},"thumbnailUrl":"https:\/\/www.franz-stadlhofer.at\/shop\/wp-content\/uploads\/2015\/08\/products-Pokale.jpg","datePublished":"2024-04-24T16:36:47+00:00","dateModified":"2025-04-30T20:35:57+00:00","description":"Ein besonderer Preis f\u00fcr alle Sieger sind diese Holzpokale. Die Grafitteile (Farben k\u00f6nnen variieren) mit Metallringen verleihen ihnen einen edlen Touch. Mit den entsprechenden handwerklichen Verzierungen werden sie zu au\u00dfergew\u00f6hnlichen Ehrenpreisen. Material: Lindenholz unbehandelt (roh)Ma\u00dfe: H\u00f6he ~40 cm, \u00d8 Schale 29 cm","breadcrumb":{"@id":"https:\/\/www.franz-stadlhofer.at\/shop\/produkt\/pokal\/#breadcrumb"},"inLanguage":"de","potentialAction":[{"@type":"ReadAction","target":["https:\/\/www.franz-stadlhofer.at\/shop\/produkt\/pokal\/"]}]},{"@type":"ImageObject","inLanguage":"de","@id":"https:\/\/www.franz-stadlhofer.at\/shop\/produkt\/pokal\/#primaryimage","url":"https:\/\/www.franz-stadlhofer.at\/shop\/wp-content\/uploads\/2015\/08\/products-Pokale.jpg","contentUrl":"https:\/\/www.franz-stadlhofer.at\/shop\/wp-content\/uploads\/2015\/08\/products-Pokale.jpg","width":"945","height":"945","caption":"Pokal Lindenholz roh - Schnitzstube Stadlhofer Shop"},{"@type":"BreadcrumbList","@id":"https:\/\/www.franz-stadlhofer.at\/shop\/produkt\/pokal\/#breadcrumb","itemListElement":[{"@type":"ListItem","position":1,"name":"Startseite","item":"https:\/\/www.franz-stadlhofer.at\/shop\/"},{"@type":"ListItem","position":2,"name":"Produkte","item":"https:\/\/www.franz-stadlhofer.at\/shop\/shop\/"},{"@type":"ListItem","position":3,"name":"Pokal"}]},{"@type":"WebSite","@id":"https:\/\/www.franz-stadlhofer.at\/shop\/#website","url":"https:\/\/www.franz-stadlhofer.at\/shop\/","name":"Schnitzstube Stadlhofer Shop","description":"Holzschnitzen Onlineshop","publisher":{"@id":"https:\/\/www.franz-stadlhofer.at\/shop\/#organization"},"potentialAction":[{"@type":"SearchAction","target":{"@type":"EntryPoint","urlTemplate":"https:\/\/www.franz-stadlhofer.at\/shop\/?s={search_term_string}"},"query-input":{"@type":"PropertyValueSpecification","valueRequired":true,"valueName":"search_term_string"}}],"inLanguage":"de"},{"@type":"Organization","@id":"https:\/\/www.franz-stadlhofer.at\/shop\/#organization","name":"Schnitzstube Stadlhofer Shop","url":"https:\/\/www.franz-stadlhofer.at\/shop\/","logo":{"@type":"ImageObject","inLanguage":"de","@id":"https:\/\/www.franz-stadlhofer.at\/shop\/#\/schema\/logo\/image\/","url":"https:\/\/www.franz-stadlhofer.at\/shop\/wp-content\/uploads\/2019\/10\/LOGO-2-RETINA.png","contentUrl":"https:\/\/www.franz-stadlhofer.at\/shop\/wp-content\/uploads\/2019\/10\/LOGO-2-RETINA.png","width":471,"height":160,"caption":"Schnitzstube Stadlhofer Shop"},"image":{"@id":"https:\/\/www.franz-stadlhofer.at\/shop\/#\/schema\/logo\/image\/"}}]}},"_links":{"self":[{"href":"https:\/\/www.franz-stadlhofer.at\/shop\/wp-json\/wp\/v2\/product\/22530","targetHints":{"allow":["GET"]}}],"collection":[{"href":"https:\/\/www.franz-stadlhofer.at\/shop\/wp-json\/wp\/v2\/product"}],"about":[{"href":"https:\/\/www.franz-stadlhofer.at\/shop\/wp-json\/wp\/v2\/types\/product"}],"wp:featuredmedia":[{"embeddable":true,"href":"https:\/\/www.franz-stadlhofer.at\/shop\/wp-json\/wp\/v2\/media\/22535"}],"wp:attachment":[{"href":"https:\/\/www.franz-stadlhofer.at\/shop\/wp-json\/wp\/v2\/media?parent=22530"}],"wp:term":[{"taxonomy":"product_brand","embeddable":true,"href":"https:\/\/www.franz-stadlhofer.at\/shop\/wp-json\/wp\/v2\/product_brand?post=22530"},{"taxonomy":"product_cat","embeddable":true,"href":"https:\/\/www.franz-stadlhofer.at\/shop\/wp-json\/wp\/v2\/product_cat?post=22530"},{"taxonomy":"product_tag","embeddable":true,"href":"https:\/\/www.franz-stadlhofer.at\/shop\/wp-json\/wp\/v2\/product_tag?post=22530"}],"curies":[{"name":"wp","href":"https:\/\/api.w.org\/{rel}","templated":true}]}}