{"id":22526,"date":"2015-08-18T22:16:41","date_gmt":"2015-08-18T22:16:41","guid":{"rendered":"https:\/\/www.franz-stadlhofer.at\/shop\/?post_type=product&#038;p=22526"},"modified":"2025-09-02T16:40:12","modified_gmt":"2025-09-02T14:40:12","slug":"flachpinsel","status":"publish","type":"product","link":"https:\/\/www.franz-stadlhofer.at\/shop\/produkt\/flachpinsel\/","title":{"rendered":"Flachpinsel"},"content":{"rendered":"<p>Das pr\u00e4zise Auftragen von (Acryl-)Farbe \/ Beize auf Ihr Werkst\u00fcck gelingt Ihnen mit diesem Pinsel besonders gut, da das Synthetik Haar schr\u00e4g angeordnet ist.<\/p>\n<p>Mit den beiden Gr\u00f6\u00dfen (8 mm bzw. 16 mm Breite) haben Sie sowohl f\u00fcr feine kleine Muster als auch f\u00fcr gr\u00f6\u00dfere Fl\u00e4che den jeweils idealen Pinsel.<\/p>\n","protected":false},"excerpt":{"rendered":"<p>Das pr\u00e4zise Auftragen von (Acryl-)Farbe \/ Beize auf Ihr Werkst\u00fcck gelingt Ihnen mit diesem Pinsel besonders gut, da das Synthetik Haar schr\u00e4g angeordnet ist. Mit den beiden Gr\u00f6\u00dfen (8 mm bzw. 16 mm Breite) haben  [&#8230;]<\/p>\n","protected":false},"featured_media":22529,"template":"","meta":[],"product_brand":[803],"product_cat":[791,1188],"product_tag":[],"class_list":{"0":"post-22526","1":"product","2":"type-product","3":"status-publish","4":"has-post-thumbnail","6":"product_brand-schnitzstube-franz-stadlhofer","7":"product_cat-oberflachenbehandlung","8":"product_cat-drum-herum","9":"pa_modell-gr-8","10":"pa_modell-gr-16","12":"first","13":"instock","14":"taxable","15":"shipping-taxable","16":"purchasable","17":"product-type-variable"},"barcode":null,"atum_controlled":true,"out_stock_date":null,"out_stock_threshold":null,"inheritable":false,"stock_on_hold":0,"sold_today":0,"sales_last_days":0,"reserved_stock":0,"customer_returns":0,"warehouse_damage":0,"lost_in_post":0,"other_logs":0,"out_stock_days":0,"lost_sales":0,"update_date":"2026-05-04T00:06:09","atum_locations":[],"atum_stock_status":"instock","restock_status":false,"low_stock_amount":"","sales_update_date":"2026-05-04T00:06:09","calc_backorders":null,"yoast_head":"<!-- This site is optimized with the Yoast SEO plugin v27.4 - https:\/\/yoast.com\/product\/yoast-seo-wordpress\/ -->\n<title>Flachpinsel<\/title>\n<meta name=\"description\" content=\"Das pr\u00e4zise Auftragen von (Acryl-)Farbe \/ Beize auf Ihr Werkst\u00fcck gelingt Ihnen mit diesem Pinsel besonders gut, da das Synthetik Haar schr\u00e4g angeordnet ist.\u00a0 Mit den beiden Gr\u00f6\u00dfen (8 mm bzw. 16 mm Breite) haben Sie sowohl f\u00fcr feine kleine Muster als auch f\u00fcr gr\u00f6\u00dfere Fl\u00e4che den jeweils idealen Pinsel.\" \/>\n<meta name=\"robots\" content=\"index, follow, max-snippet:-1, max-image-preview:large, max-video-preview:-1\" \/>\n<link rel=\"canonical\" href=\"https:\/\/www.franz-stadlhofer.at\/shop\/produkt\/flachpinsel\/\" \/>\n<meta property=\"og:locale\" content=\"de_DE\" \/>\n<meta property=\"og:type\" content=\"article\" \/>\n<meta property=\"og:title\" content=\"Flachpinsel\" \/>\n<meta property=\"og:description\" content=\"Das pr\u00e4zise Auftragen von (Acryl-)Farbe \/ Beize auf Ihr Werkst\u00fcck gelingt Ihnen mit diesem Pinsel besonders gut, da das Synthetik Haar schr\u00e4g angeordnet ist.\u00a0 Mit den beiden Gr\u00f6\u00dfen (8 mm bzw. 16 mm Breite) haben Sie sowohl f\u00fcr feine kleine Muster als auch f\u00fcr gr\u00f6\u00dfere Fl\u00e4che den jeweils idealen Pinsel.\" \/>\n<meta property=\"og:url\" content=\"https:\/\/www.franz-stadlhofer.at\/shop\/produkt\/flachpinsel\/\" \/>\n<meta property=\"og:site_name\" content=\"Schnitzstube Stadlhofer Shop\" \/>\n<meta property=\"article:modified_time\" content=\"2025-09-02T14:40:12+00:00\" \/>\n<meta property=\"og:image\" content=\"https:\/\/www.franz-stadlhofer.at\/shop\/wp-content\/uploads\/2015\/08\/products-Springerpinsel.jpg\" \/>\n\t<meta property=\"og:image:width\" content=\"945\" \/>\n\t<meta property=\"og:image:height\" content=\"945\" \/>\n\t<meta property=\"og:image:type\" content=\"image\/jpeg\" \/>\n<meta name=\"twitter:card\" content=\"summary_large_image\" \/>\n<script type=\"application\/ld+json\" class=\"yoast-schema-graph\">{\"@context\":\"https:\\\/\\\/schema.org\",\"@graph\":[{\"@type\":\"WebPage\",\"@id\":\"https:\\\/\\\/www.franz-stadlhofer.at\\\/shop\\\/produkt\\\/flachpinsel\\\/\",\"url\":\"https:\\\/\\\/www.franz-stadlhofer.at\\\/shop\\\/produkt\\\/flachpinsel\\\/\",\"name\":\"Flachpinsel\",\"isPartOf\":{\"@id\":\"https:\\\/\\\/www.franz-stadlhofer.at\\\/shop\\\/#website\"},\"primaryImageOfPage\":{\"@id\":\"https:\\\/\\\/www.franz-stadlhofer.at\\\/shop\\\/produkt\\\/flachpinsel\\\/#primaryimage\"},\"image\":{\"@id\":\"https:\\\/\\\/www.franz-stadlhofer.at\\\/shop\\\/produkt\\\/flachpinsel\\\/#primaryimage\"},\"thumbnailUrl\":\"https:\\\/\\\/www.franz-stadlhofer.at\\\/shop\\\/wp-content\\\/uploads\\\/2015\\\/08\\\/products-Springerpinsel.jpg\",\"datePublished\":\"2015-08-18T22:16:41+00:00\",\"dateModified\":\"2025-09-02T14:40:12+00:00\",\"description\":\"Das pr\u00e4zise Auftragen von (Acryl-)Farbe \\\/ Beize auf Ihr Werkst\u00fcck gelingt Ihnen mit diesem Pinsel besonders gut, da das Synthetik Haar schr\u00e4g angeordnet ist.\u00a0 Mit den beiden Gr\u00f6\u00dfen (8 mm bzw. 16 mm Breite) haben Sie sowohl f\u00fcr feine kleine Muster als auch f\u00fcr gr\u00f6\u00dfere Fl\u00e4che den jeweils idealen Pinsel.\",\"breadcrumb\":{\"@id\":\"https:\\\/\\\/www.franz-stadlhofer.at\\\/shop\\\/produkt\\\/flachpinsel\\\/#breadcrumb\"},\"inLanguage\":\"de\",\"potentialAction\":[{\"@type\":\"ReadAction\",\"target\":[\"https:\\\/\\\/www.franz-stadlhofer.at\\\/shop\\\/produkt\\\/flachpinsel\\\/\"]}]},{\"@type\":\"ImageObject\",\"inLanguage\":\"de\",\"@id\":\"https:\\\/\\\/www.franz-stadlhofer.at\\\/shop\\\/produkt\\\/flachpinsel\\\/#primaryimage\",\"url\":\"https:\\\/\\\/www.franz-stadlhofer.at\\\/shop\\\/wp-content\\\/uploads\\\/2015\\\/08\\\/products-Springerpinsel.jpg\",\"contentUrl\":\"https:\\\/\\\/www.franz-stadlhofer.at\\\/shop\\\/wp-content\\\/uploads\\\/2015\\\/08\\\/products-Springerpinsel.jpg\",\"width\":\"945\",\"height\":\"945\",\"caption\":\"Flachpinsel - Schnitzstube Stadlhofer Shop\"},{\"@type\":\"BreadcrumbList\",\"@id\":\"https:\\\/\\\/www.franz-stadlhofer.at\\\/shop\\\/produkt\\\/flachpinsel\\\/#breadcrumb\",\"itemListElement\":[{\"@type\":\"ListItem\",\"position\":1,\"name\":\"Startseite\",\"item\":\"https:\\\/\\\/www.franz-stadlhofer.at\\\/shop\\\/\"},{\"@type\":\"ListItem\",\"position\":2,\"name\":\"Produkte\",\"item\":\"https:\\\/\\\/www.franz-stadlhofer.at\\\/shop\\\/shop\\\/\"},{\"@type\":\"ListItem\",\"position\":3,\"name\":\"Flachpinsel\"}]},{\"@type\":\"WebSite\",\"@id\":\"https:\\\/\\\/www.franz-stadlhofer.at\\\/shop\\\/#website\",\"url\":\"https:\\\/\\\/www.franz-stadlhofer.at\\\/shop\\\/\",\"name\":\"Schnitzstube Stadlhofer Shop\",\"description\":\"Holzschnitzen Onlineshop\",\"publisher\":{\"@id\":\"https:\\\/\\\/www.franz-stadlhofer.at\\\/shop\\\/#organization\"},\"potentialAction\":[{\"@type\":\"SearchAction\",\"target\":{\"@type\":\"EntryPoint\",\"urlTemplate\":\"https:\\\/\\\/www.franz-stadlhofer.at\\\/shop\\\/?s={search_term_string}\"},\"query-input\":{\"@type\":\"PropertyValueSpecification\",\"valueRequired\":true,\"valueName\":\"search_term_string\"}}],\"inLanguage\":\"de\"},{\"@type\":\"Organization\",\"@id\":\"https:\\\/\\\/www.franz-stadlhofer.at\\\/shop\\\/#organization\",\"name\":\"Schnitzstube Stadlhofer Shop\",\"url\":\"https:\\\/\\\/www.franz-stadlhofer.at\\\/shop\\\/\",\"logo\":{\"@type\":\"ImageObject\",\"inLanguage\":\"de\",\"@id\":\"https:\\\/\\\/www.franz-stadlhofer.at\\\/shop\\\/#\\\/schema\\\/logo\\\/image\\\/\",\"url\":\"https:\\\/\\\/www.franz-stadlhofer.at\\\/shop\\\/wp-content\\\/uploads\\\/2019\\\/10\\\/LOGO-2-RETINA.png\",\"contentUrl\":\"https:\\\/\\\/www.franz-stadlhofer.at\\\/shop\\\/wp-content\\\/uploads\\\/2019\\\/10\\\/LOGO-2-RETINA.png\",\"width\":471,\"height\":160,\"caption\":\"Schnitzstube Stadlhofer Shop\"},\"image\":{\"@id\":\"https:\\\/\\\/www.franz-stadlhofer.at\\\/shop\\\/#\\\/schema\\\/logo\\\/image\\\/\"}}]}<\/script>\n<!-- \/ Yoast SEO plugin. -->","yoast_head_json":{"title":"Flachpinsel","description":"Das pr\u00e4zise Auftragen von (Acryl-)Farbe \/ Beize auf Ihr Werkst\u00fcck gelingt Ihnen mit diesem Pinsel besonders gut, da das Synthetik Haar schr\u00e4g angeordnet ist.\u00a0 Mit den beiden Gr\u00f6\u00dfen (8 mm bzw. 16 mm Breite) haben Sie sowohl f\u00fcr feine kleine Muster als auch f\u00fcr gr\u00f6\u00dfere Fl\u00e4che den jeweils idealen Pinsel.","robots":{"index":"index","follow":"follow","max-snippet":"max-snippet:-1","max-image-preview":"max-image-preview:large","max-video-preview":"max-video-preview:-1"},"canonical":"https:\/\/www.franz-stadlhofer.at\/shop\/produkt\/flachpinsel\/","og_locale":"de_DE","og_type":"article","og_title":"Flachpinsel","og_description":"Das pr\u00e4zise Auftragen von (Acryl-)Farbe \/ Beize auf Ihr Werkst\u00fcck gelingt Ihnen mit diesem Pinsel besonders gut, da das Synthetik Haar schr\u00e4g angeordnet ist.\u00a0 Mit den beiden Gr\u00f6\u00dfen (8 mm bzw. 16 mm Breite) haben Sie sowohl f\u00fcr feine kleine Muster als auch f\u00fcr gr\u00f6\u00dfere Fl\u00e4che den jeweils idealen Pinsel.","og_url":"https:\/\/www.franz-stadlhofer.at\/shop\/produkt\/flachpinsel\/","og_site_name":"Schnitzstube Stadlhofer Shop","article_modified_time":"2025-09-02T14:40:12+00:00","og_image":[{"width":945,"height":945,"url":"https:\/\/www.franz-stadlhofer.at\/shop\/wp-content\/uploads\/2015\/08\/products-Springerpinsel.jpg","type":"image\/jpeg"}],"twitter_card":"summary_large_image","schema":{"@context":"https:\/\/schema.org","@graph":[{"@type":"WebPage","@id":"https:\/\/www.franz-stadlhofer.at\/shop\/produkt\/flachpinsel\/","url":"https:\/\/www.franz-stadlhofer.at\/shop\/produkt\/flachpinsel\/","name":"Flachpinsel","isPartOf":{"@id":"https:\/\/www.franz-stadlhofer.at\/shop\/#website"},"primaryImageOfPage":{"@id":"https:\/\/www.franz-stadlhofer.at\/shop\/produkt\/flachpinsel\/#primaryimage"},"image":{"@id":"https:\/\/www.franz-stadlhofer.at\/shop\/produkt\/flachpinsel\/#primaryimage"},"thumbnailUrl":"https:\/\/www.franz-stadlhofer.at\/shop\/wp-content\/uploads\/2015\/08\/products-Springerpinsel.jpg","datePublished":"2015-08-18T22:16:41+00:00","dateModified":"2025-09-02T14:40:12+00:00","description":"Das pr\u00e4zise Auftragen von (Acryl-)Farbe \/ Beize auf Ihr Werkst\u00fcck gelingt Ihnen mit diesem Pinsel besonders gut, da das Synthetik Haar schr\u00e4g angeordnet ist.\u00a0 Mit den beiden Gr\u00f6\u00dfen (8 mm bzw. 16 mm Breite) haben Sie sowohl f\u00fcr feine kleine Muster als auch f\u00fcr gr\u00f6\u00dfere Fl\u00e4che den jeweils idealen Pinsel.","breadcrumb":{"@id":"https:\/\/www.franz-stadlhofer.at\/shop\/produkt\/flachpinsel\/#breadcrumb"},"inLanguage":"de","potentialAction":[{"@type":"ReadAction","target":["https:\/\/www.franz-stadlhofer.at\/shop\/produkt\/flachpinsel\/"]}]},{"@type":"ImageObject","inLanguage":"de","@id":"https:\/\/www.franz-stadlhofer.at\/shop\/produkt\/flachpinsel\/#primaryimage","url":"https:\/\/www.franz-stadlhofer.at\/shop\/wp-content\/uploads\/2015\/08\/products-Springerpinsel.jpg","contentUrl":"https:\/\/www.franz-stadlhofer.at\/shop\/wp-content\/uploads\/2015\/08\/products-Springerpinsel.jpg","width":"945","height":"945","caption":"Flachpinsel - Schnitzstube Stadlhofer Shop"},{"@type":"BreadcrumbList","@id":"https:\/\/www.franz-stadlhofer.at\/shop\/produkt\/flachpinsel\/#breadcrumb","itemListElement":[{"@type":"ListItem","position":1,"name":"Startseite","item":"https:\/\/www.franz-stadlhofer.at\/shop\/"},{"@type":"ListItem","position":2,"name":"Produkte","item":"https:\/\/www.franz-stadlhofer.at\/shop\/shop\/"},{"@type":"ListItem","position":3,"name":"Flachpinsel"}]},{"@type":"WebSite","@id":"https:\/\/www.franz-stadlhofer.at\/shop\/#website","url":"https:\/\/www.franz-stadlhofer.at\/shop\/","name":"Schnitzstube Stadlhofer Shop","description":"Holzschnitzen Onlineshop","publisher":{"@id":"https:\/\/www.franz-stadlhofer.at\/shop\/#organization"},"potentialAction":[{"@type":"SearchAction","target":{"@type":"EntryPoint","urlTemplate":"https:\/\/www.franz-stadlhofer.at\/shop\/?s={search_term_string}"},"query-input":{"@type":"PropertyValueSpecification","valueRequired":true,"valueName":"search_term_string"}}],"inLanguage":"de"},{"@type":"Organization","@id":"https:\/\/www.franz-stadlhofer.at\/shop\/#organization","name":"Schnitzstube Stadlhofer Shop","url":"https:\/\/www.franz-stadlhofer.at\/shop\/","logo":{"@type":"ImageObject","inLanguage":"de","@id":"https:\/\/www.franz-stadlhofer.at\/shop\/#\/schema\/logo\/image\/","url":"https:\/\/www.franz-stadlhofer.at\/shop\/wp-content\/uploads\/2019\/10\/LOGO-2-RETINA.png","contentUrl":"https:\/\/www.franz-stadlhofer.at\/shop\/wp-content\/uploads\/2019\/10\/LOGO-2-RETINA.png","width":471,"height":160,"caption":"Schnitzstube Stadlhofer Shop"},"image":{"@id":"https:\/\/www.franz-stadlhofer.at\/shop\/#\/schema\/logo\/image\/"}}]}},"_links":{"self":[{"href":"https:\/\/www.franz-stadlhofer.at\/shop\/wp-json\/wp\/v2\/product\/22526","targetHints":{"allow":["GET"]}}],"collection":[{"href":"https:\/\/www.franz-stadlhofer.at\/shop\/wp-json\/wp\/v2\/product"}],"about":[{"href":"https:\/\/www.franz-stadlhofer.at\/shop\/wp-json\/wp\/v2\/types\/product"}],"wp:featuredmedia":[{"embeddable":true,"href":"https:\/\/www.franz-stadlhofer.at\/shop\/wp-json\/wp\/v2\/media\/22529"}],"wp:attachment":[{"href":"https:\/\/www.franz-stadlhofer.at\/shop\/wp-json\/wp\/v2\/media?parent=22526"}],"wp:term":[{"taxonomy":"product_brand","embeddable":true,"href":"https:\/\/www.franz-stadlhofer.at\/shop\/wp-json\/wp\/v2\/product_brand?post=22526"},{"taxonomy":"product_cat","embeddable":true,"href":"https:\/\/www.franz-stadlhofer.at\/shop\/wp-json\/wp\/v2\/product_cat?post=22526"},{"taxonomy":"product_tag","embeddable":true,"href":"https:\/\/www.franz-stadlhofer.at\/shop\/wp-json\/wp\/v2\/product_tag?post=22526"}],"curies":[{"name":"wp","href":"https:\/\/api.w.org\/{rel}","templated":true}]}}