{"id":22513,"date":"2024-04-24T18:36:47","date_gmt":"2024-04-24T16:36:47","guid":{"rendered":"https:\/\/www.franz-stadlhofer.at\/shop\/?post_type=product&#038;p=22513"},"modified":"2024-04-24T23:34:23","modified_gmt":"2024-04-24T21:34:23","slug":"vase-mit-edelholzteil","status":"publish","type":"product","link":"https:\/\/www.franz-stadlhofer.at\/shop\/produkt\/vase-mit-edelholzteil\/","title":{"rendered":"Vase mit Edelholzteil"},"content":{"rendered":"<p>Diese besonderen Vasen ziert ein Edelholzteil. Dieses kann in den Varianten eckig oder rund mit Messingringen gew\u00e4hlt werden. Die Edelholzteile k\u00f6nnen in ihrer Farbe variieren.<\/p>\n<p>Vasen eignen sich besonders f\u00fcr die Verzierung mit diversen Bandmustern und schm\u00fccken jeden Tisch.<br \/>\nWenn Sie die Vasen nicht nur f\u00fcr Trockenblumen verwenden m\u00f6chten, vergessen Sie nicht, die passenden <strong><a href=\"https:\/\/www.franz-stadlhofer.at\/shop\/produkt\/vaseneinsatz\/\">Glaseprovetten<\/a><\/strong> mitzubestellen.<\/p>\n<p>Material: Lindenholz unbehandelt (roh)<\/p>\n","protected":false},"excerpt":{"rendered":"<p>Diese besonderen Vasen ziert ein Edelholzteil. Dieses kann in den Varianten eckig oder rund mit Messingringen gew\u00e4hlt werden. Die Edelholzteile k\u00f6nnen in ihrer Farbe variieren. Vasen eignen sich besonders f\u00fcr die Verzierung mit diversen Bandmustern  [&#8230;]<\/p>\n","protected":false},"featured_media":22518,"template":"","meta":[],"product_brand":[803],"product_cat":[777,759],"product_tag":[1518,1577,1595,1450,1476,1480,1499,1516],"class_list":{"0":"post-22513","1":"product","2":"type-product","3":"status-publish","4":"has-post-thumbnail","6":"product_brand-schnitzstube-franz-stadlhofer","7":"product_cat-vasen","8":"product_cat-rohes-lindenholz","9":"product_tag-beschnitzbar","10":"product_tag-mit-sockel","11":"product_tag-mit-edelholzteil","12":"product_tag-schnitzholz","13":"product_tag-rund","14":"product_tag-eckig","15":"product_tag-vase","16":"product_tag-rohes-lindenholz","17":"pa_modell-eckig-32-cm","18":"pa_modell-rund-mit-messing-30-cm","20":"first","21":"instock","22":"taxable","23":"shipping-taxable","24":"purchasable","25":"product-type-variable"},"barcode":null,"atum_controlled":true,"out_stock_date":null,"out_stock_threshold":null,"inheritable":false,"stock_on_hold":0,"sold_today":0,"sales_last_days":0,"reserved_stock":0,"customer_returns":0,"warehouse_damage":0,"lost_in_post":0,"other_logs":0,"out_stock_days":0,"lost_sales":0,"update_date":"2026-04-29T00:06:03","atum_locations":[],"atum_stock_status":"instock","restock_status":false,"low_stock_amount":"","sales_update_date":"2026-04-29T00:06:03","calc_backorders":null,"yoast_head":"<!-- This site is optimized with the Yoast SEO plugin v27.4 - https:\/\/yoast.com\/product\/yoast-seo-wordpress\/ -->\n<title>... mit Edelholzteil<\/title>\n<meta name=\"description\" content=\"Diese besonderen Vasen ziert ein Edelholzteil. Dieses kann in den Varianten eckig oder rund mit Messingringen gew\u00e4hlt werden. Die Edelholzteile k\u00f6nnen in ihrer Farbe variieren. Vasen eignen sich besonders f\u00fcr die Verzierung mit diversen Bandmustern und schm\u00fccken jeden Tisch. Wenn Sie die Vasen nicht nur f\u00fcr Trockenblumen verwenden m\u00f6chten, vergessen Sie nicht, die passenden Glaseprovetten mitzubestellen. Material: Lindenholz unbehandelt (roh)\" \/>\n<meta name=\"robots\" content=\"index, follow, max-snippet:-1, max-image-preview:large, max-video-preview:-1\" \/>\n<link rel=\"canonical\" href=\"https:\/\/www.franz-stadlhofer.at\/shop\/produkt\/vase-mit-edelholzteil\/\" \/>\n<meta property=\"og:locale\" content=\"de_DE\" \/>\n<meta property=\"og:type\" content=\"article\" \/>\n<meta property=\"og:title\" content=\"... mit Edelholzteil\" \/>\n<meta property=\"og:description\" content=\"Diese besonderen Vasen ziert ein Edelholzteil. Dieses kann in den Varianten eckig oder rund mit Messingringen gew\u00e4hlt werden. Die Edelholzteile k\u00f6nnen in ihrer Farbe variieren. Vasen eignen sich besonders f\u00fcr die Verzierung mit diversen Bandmustern und schm\u00fccken jeden Tisch. Wenn Sie die Vasen nicht nur f\u00fcr Trockenblumen verwenden m\u00f6chten, vergessen Sie nicht, die passenden Glaseprovetten mitzubestellen. Material: Lindenholz unbehandelt (roh)\" \/>\n<meta property=\"og:url\" content=\"https:\/\/www.franz-stadlhofer.at\/shop\/produkt\/vase-mit-edelholzteil\/\" \/>\n<meta property=\"og:site_name\" content=\"Schnitzstube Stadlhofer Shop\" \/>\n<meta property=\"article:modified_time\" content=\"2024-04-24T21:34:23+00:00\" \/>\n<meta property=\"og:image\" content=\"https:\/\/www.franz-stadlhofer.at\/shop\/wp-content\/uploads\/2015\/08\/products-Vase_konisch_Edelholz.jpg\" \/>\n\t<meta property=\"og:image:width\" content=\"945\" \/>\n\t<meta property=\"og:image:height\" content=\"945\" \/>\n\t<meta property=\"og:image:type\" content=\"image\/jpeg\" \/>\n<meta name=\"twitter:card\" content=\"summary_large_image\" \/>\n<script type=\"application\/ld+json\" class=\"yoast-schema-graph\">{\"@context\":\"https:\\\/\\\/schema.org\",\"@graph\":[{\"@type\":\"WebPage\",\"@id\":\"https:\\\/\\\/www.franz-stadlhofer.at\\\/shop\\\/produkt\\\/vase-mit-edelholzteil\\\/\",\"url\":\"https:\\\/\\\/www.franz-stadlhofer.at\\\/shop\\\/produkt\\\/vase-mit-edelholzteil\\\/\",\"name\":\"... mit Edelholzteil\",\"isPartOf\":{\"@id\":\"https:\\\/\\\/www.franz-stadlhofer.at\\\/shop\\\/#website\"},\"primaryImageOfPage\":{\"@id\":\"https:\\\/\\\/www.franz-stadlhofer.at\\\/shop\\\/produkt\\\/vase-mit-edelholzteil\\\/#primaryimage\"},\"image\":{\"@id\":\"https:\\\/\\\/www.franz-stadlhofer.at\\\/shop\\\/produkt\\\/vase-mit-edelholzteil\\\/#primaryimage\"},\"thumbnailUrl\":\"https:\\\/\\\/www.franz-stadlhofer.at\\\/shop\\\/wp-content\\\/uploads\\\/2015\\\/08\\\/products-Vase_konisch_Edelholz.jpg\",\"datePublished\":\"2024-04-24T16:36:47+00:00\",\"dateModified\":\"2024-04-24T21:34:23+00:00\",\"description\":\"Diese besonderen Vasen ziert ein Edelholzteil. Dieses kann in den Varianten eckig oder rund mit Messingringen gew\u00e4hlt werden. Die Edelholzteile k\u00f6nnen in ihrer Farbe variieren. Vasen eignen sich besonders f\u00fcr die Verzierung mit diversen Bandmustern und schm\u00fccken jeden Tisch. Wenn Sie die Vasen nicht nur f\u00fcr Trockenblumen verwenden m\u00f6chten, vergessen Sie nicht, die passenden Glaseprovetten mitzubestellen. Material: Lindenholz unbehandelt (roh)\",\"breadcrumb\":{\"@id\":\"https:\\\/\\\/www.franz-stadlhofer.at\\\/shop\\\/produkt\\\/vase-mit-edelholzteil\\\/#breadcrumb\"},\"inLanguage\":\"de\",\"potentialAction\":[{\"@type\":\"ReadAction\",\"target\":[\"https:\\\/\\\/www.franz-stadlhofer.at\\\/shop\\\/produkt\\\/vase-mit-edelholzteil\\\/\"]}]},{\"@type\":\"ImageObject\",\"inLanguage\":\"de\",\"@id\":\"https:\\\/\\\/www.franz-stadlhofer.at\\\/shop\\\/produkt\\\/vase-mit-edelholzteil\\\/#primaryimage\",\"url\":\"https:\\\/\\\/www.franz-stadlhofer.at\\\/shop\\\/wp-content\\\/uploads\\\/2015\\\/08\\\/products-Vase_konisch_Edelholz.jpg\",\"contentUrl\":\"https:\\\/\\\/www.franz-stadlhofer.at\\\/shop\\\/wp-content\\\/uploads\\\/2015\\\/08\\\/products-Vase_konisch_Edelholz.jpg\",\"width\":\"945\",\"height\":\"945\",\"caption\":\"Vase mit Edelholzteil Lindenholz roh - Schnitzstube Stadlhofer Shop\"},{\"@type\":\"BreadcrumbList\",\"@id\":\"https:\\\/\\\/www.franz-stadlhofer.at\\\/shop\\\/produkt\\\/vase-mit-edelholzteil\\\/#breadcrumb\",\"itemListElement\":[{\"@type\":\"ListItem\",\"position\":1,\"name\":\"Startseite\",\"item\":\"https:\\\/\\\/www.franz-stadlhofer.at\\\/shop\\\/\"},{\"@type\":\"ListItem\",\"position\":2,\"name\":\"Produkte\",\"item\":\"https:\\\/\\\/www.franz-stadlhofer.at\\\/shop\\\/shop\\\/\"},{\"@type\":\"ListItem\",\"position\":3,\"name\":\"Vase mit Edelholzteil\"}]},{\"@type\":\"WebSite\",\"@id\":\"https:\\\/\\\/www.franz-stadlhofer.at\\\/shop\\\/#website\",\"url\":\"https:\\\/\\\/www.franz-stadlhofer.at\\\/shop\\\/\",\"name\":\"Schnitzstube Stadlhofer Shop\",\"description\":\"Holzschnitzen Onlineshop\",\"publisher\":{\"@id\":\"https:\\\/\\\/www.franz-stadlhofer.at\\\/shop\\\/#organization\"},\"potentialAction\":[{\"@type\":\"SearchAction\",\"target\":{\"@type\":\"EntryPoint\",\"urlTemplate\":\"https:\\\/\\\/www.franz-stadlhofer.at\\\/shop\\\/?s={search_term_string}\"},\"query-input\":{\"@type\":\"PropertyValueSpecification\",\"valueRequired\":true,\"valueName\":\"search_term_string\"}}],\"inLanguage\":\"de\"},{\"@type\":\"Organization\",\"@id\":\"https:\\\/\\\/www.franz-stadlhofer.at\\\/shop\\\/#organization\",\"name\":\"Schnitzstube Stadlhofer Shop\",\"url\":\"https:\\\/\\\/www.franz-stadlhofer.at\\\/shop\\\/\",\"logo\":{\"@type\":\"ImageObject\",\"inLanguage\":\"de\",\"@id\":\"https:\\\/\\\/www.franz-stadlhofer.at\\\/shop\\\/#\\\/schema\\\/logo\\\/image\\\/\",\"url\":\"https:\\\/\\\/www.franz-stadlhofer.at\\\/shop\\\/wp-content\\\/uploads\\\/2019\\\/10\\\/LOGO-2-RETINA.png\",\"contentUrl\":\"https:\\\/\\\/www.franz-stadlhofer.at\\\/shop\\\/wp-content\\\/uploads\\\/2019\\\/10\\\/LOGO-2-RETINA.png\",\"width\":471,\"height\":160,\"caption\":\"Schnitzstube Stadlhofer Shop\"},\"image\":{\"@id\":\"https:\\\/\\\/www.franz-stadlhofer.at\\\/shop\\\/#\\\/schema\\\/logo\\\/image\\\/\"}}]}<\/script>\n<!-- \/ Yoast SEO plugin. -->","yoast_head_json":{"title":"... mit Edelholzteil","description":"Diese besonderen Vasen ziert ein Edelholzteil. Dieses kann in den Varianten eckig oder rund mit Messingringen gew\u00e4hlt werden. Die Edelholzteile k\u00f6nnen in ihrer Farbe variieren. Vasen eignen sich besonders f\u00fcr die Verzierung mit diversen Bandmustern und schm\u00fccken jeden Tisch. Wenn Sie die Vasen nicht nur f\u00fcr Trockenblumen verwenden m\u00f6chten, vergessen Sie nicht, die passenden Glaseprovetten mitzubestellen. Material: Lindenholz unbehandelt (roh)","robots":{"index":"index","follow":"follow","max-snippet":"max-snippet:-1","max-image-preview":"max-image-preview:large","max-video-preview":"max-video-preview:-1"},"canonical":"https:\/\/www.franz-stadlhofer.at\/shop\/produkt\/vase-mit-edelholzteil\/","og_locale":"de_DE","og_type":"article","og_title":"... mit Edelholzteil","og_description":"Diese besonderen Vasen ziert ein Edelholzteil. Dieses kann in den Varianten eckig oder rund mit Messingringen gew\u00e4hlt werden. Die Edelholzteile k\u00f6nnen in ihrer Farbe variieren. Vasen eignen sich besonders f\u00fcr die Verzierung mit diversen Bandmustern und schm\u00fccken jeden Tisch. Wenn Sie die Vasen nicht nur f\u00fcr Trockenblumen verwenden m\u00f6chten, vergessen Sie nicht, die passenden Glaseprovetten mitzubestellen. Material: Lindenholz unbehandelt (roh)","og_url":"https:\/\/www.franz-stadlhofer.at\/shop\/produkt\/vase-mit-edelholzteil\/","og_site_name":"Schnitzstube Stadlhofer Shop","article_modified_time":"2024-04-24T21:34:23+00:00","og_image":[{"width":945,"height":945,"url":"https:\/\/www.franz-stadlhofer.at\/shop\/wp-content\/uploads\/2015\/08\/products-Vase_konisch_Edelholz.jpg","type":"image\/jpeg"}],"twitter_card":"summary_large_image","schema":{"@context":"https:\/\/schema.org","@graph":[{"@type":"WebPage","@id":"https:\/\/www.franz-stadlhofer.at\/shop\/produkt\/vase-mit-edelholzteil\/","url":"https:\/\/www.franz-stadlhofer.at\/shop\/produkt\/vase-mit-edelholzteil\/","name":"... mit Edelholzteil","isPartOf":{"@id":"https:\/\/www.franz-stadlhofer.at\/shop\/#website"},"primaryImageOfPage":{"@id":"https:\/\/www.franz-stadlhofer.at\/shop\/produkt\/vase-mit-edelholzteil\/#primaryimage"},"image":{"@id":"https:\/\/www.franz-stadlhofer.at\/shop\/produkt\/vase-mit-edelholzteil\/#primaryimage"},"thumbnailUrl":"https:\/\/www.franz-stadlhofer.at\/shop\/wp-content\/uploads\/2015\/08\/products-Vase_konisch_Edelholz.jpg","datePublished":"2024-04-24T16:36:47+00:00","dateModified":"2024-04-24T21:34:23+00:00","description":"Diese besonderen Vasen ziert ein Edelholzteil. Dieses kann in den Varianten eckig oder rund mit Messingringen gew\u00e4hlt werden. Die Edelholzteile k\u00f6nnen in ihrer Farbe variieren. Vasen eignen sich besonders f\u00fcr die Verzierung mit diversen Bandmustern und schm\u00fccken jeden Tisch. Wenn Sie die Vasen nicht nur f\u00fcr Trockenblumen verwenden m\u00f6chten, vergessen Sie nicht, die passenden Glaseprovetten mitzubestellen. Material: Lindenholz unbehandelt (roh)","breadcrumb":{"@id":"https:\/\/www.franz-stadlhofer.at\/shop\/produkt\/vase-mit-edelholzteil\/#breadcrumb"},"inLanguage":"de","potentialAction":[{"@type":"ReadAction","target":["https:\/\/www.franz-stadlhofer.at\/shop\/produkt\/vase-mit-edelholzteil\/"]}]},{"@type":"ImageObject","inLanguage":"de","@id":"https:\/\/www.franz-stadlhofer.at\/shop\/produkt\/vase-mit-edelholzteil\/#primaryimage","url":"https:\/\/www.franz-stadlhofer.at\/shop\/wp-content\/uploads\/2015\/08\/products-Vase_konisch_Edelholz.jpg","contentUrl":"https:\/\/www.franz-stadlhofer.at\/shop\/wp-content\/uploads\/2015\/08\/products-Vase_konisch_Edelholz.jpg","width":"945","height":"945","caption":"Vase mit Edelholzteil Lindenholz roh - Schnitzstube Stadlhofer Shop"},{"@type":"BreadcrumbList","@id":"https:\/\/www.franz-stadlhofer.at\/shop\/produkt\/vase-mit-edelholzteil\/#breadcrumb","itemListElement":[{"@type":"ListItem","position":1,"name":"Startseite","item":"https:\/\/www.franz-stadlhofer.at\/shop\/"},{"@type":"ListItem","position":2,"name":"Produkte","item":"https:\/\/www.franz-stadlhofer.at\/shop\/shop\/"},{"@type":"ListItem","position":3,"name":"Vase mit Edelholzteil"}]},{"@type":"WebSite","@id":"https:\/\/www.franz-stadlhofer.at\/shop\/#website","url":"https:\/\/www.franz-stadlhofer.at\/shop\/","name":"Schnitzstube Stadlhofer Shop","description":"Holzschnitzen Onlineshop","publisher":{"@id":"https:\/\/www.franz-stadlhofer.at\/shop\/#organization"},"potentialAction":[{"@type":"SearchAction","target":{"@type":"EntryPoint","urlTemplate":"https:\/\/www.franz-stadlhofer.at\/shop\/?s={search_term_string}"},"query-input":{"@type":"PropertyValueSpecification","valueRequired":true,"valueName":"search_term_string"}}],"inLanguage":"de"},{"@type":"Organization","@id":"https:\/\/www.franz-stadlhofer.at\/shop\/#organization","name":"Schnitzstube Stadlhofer Shop","url":"https:\/\/www.franz-stadlhofer.at\/shop\/","logo":{"@type":"ImageObject","inLanguage":"de","@id":"https:\/\/www.franz-stadlhofer.at\/shop\/#\/schema\/logo\/image\/","url":"https:\/\/www.franz-stadlhofer.at\/shop\/wp-content\/uploads\/2019\/10\/LOGO-2-RETINA.png","contentUrl":"https:\/\/www.franz-stadlhofer.at\/shop\/wp-content\/uploads\/2019\/10\/LOGO-2-RETINA.png","width":471,"height":160,"caption":"Schnitzstube Stadlhofer Shop"},"image":{"@id":"https:\/\/www.franz-stadlhofer.at\/shop\/#\/schema\/logo\/image\/"}}]}},"_links":{"self":[{"href":"https:\/\/www.franz-stadlhofer.at\/shop\/wp-json\/wp\/v2\/product\/22513","targetHints":{"allow":["GET"]}}],"collection":[{"href":"https:\/\/www.franz-stadlhofer.at\/shop\/wp-json\/wp\/v2\/product"}],"about":[{"href":"https:\/\/www.franz-stadlhofer.at\/shop\/wp-json\/wp\/v2\/types\/product"}],"wp:featuredmedia":[{"embeddable":true,"href":"https:\/\/www.franz-stadlhofer.at\/shop\/wp-json\/wp\/v2\/media\/22518"}],"wp:attachment":[{"href":"https:\/\/www.franz-stadlhofer.at\/shop\/wp-json\/wp\/v2\/media?parent=22513"}],"wp:term":[{"taxonomy":"product_brand","embeddable":true,"href":"https:\/\/www.franz-stadlhofer.at\/shop\/wp-json\/wp\/v2\/product_brand?post=22513"},{"taxonomy":"product_cat","embeddable":true,"href":"https:\/\/www.franz-stadlhofer.at\/shop\/wp-json\/wp\/v2\/product_cat?post=22513"},{"taxonomy":"product_tag","embeddable":true,"href":"https:\/\/www.franz-stadlhofer.at\/shop\/wp-json\/wp\/v2\/product_tag?post=22513"}],"curies":[{"name":"wp","href":"https:\/\/api.w.org\/{rel}","templated":true}]}}