{"id":22503,"date":"2024-04-24T18:36:47","date_gmt":"2024-04-24T16:36:47","guid":{"rendered":"https:\/\/www.franz-stadlhofer.at\/shop\/?post_type=product&#038;p=22503"},"modified":"2024-04-24T23:34:22","modified_gmt":"2024-04-24T21:34:22","slug":"schmuckstaender","status":"publish","type":"product","link":"https:\/\/www.franz-stadlhofer.at\/shop\/produkt\/schmuckstaender\/","title":{"rendered":"Schmuckst\u00e4nder"},"content":{"rendered":"<p>Dieses sinnvolle St\u00fcck darf keiner Frau fehlen. An den Armen kann man Ketten wie Armb\u00e4nder h\u00e4ngen, und die Bodenschale bietet ausreichend Platz f\u00fcr Ringe. Nimmt man den kleinen Deckel am oberen Ende ab, bietet sich noch Raum f\u00fcr kleine Ohrringe. Mit entsprechender Verzierung ein tolles Geschenk f\u00fcr alle SchmucklieberInnen!<\/p>\n<p>Der Schmuckst\u00e4nder wird zerlegt geliefert und wird erst nach der Bearbeitung verleimt.<\/p>\n<p>Material: Lindenholz unbehandelt (roh)<br \/>\nMa\u00dfe: \u00d8 20 cm, H\u00f6he 40 cm<\/p>\n","protected":false},"excerpt":{"rendered":"<p>Dieses sinnvolle St\u00fcck darf keiner Frau fehlen. An den Armen kann man Ketten wie Armb\u00e4nder h\u00e4ngen, und die Bodenschale bietet ausreichend Platz f\u00fcr Ringe. Nimmt man den kleinen Deckel am oberen Ende ab, bietet sich  [&#8230;]<\/p>\n","protected":false},"featured_media":22504,"template":"","meta":[],"product_brand":[803],"product_cat":[759,782],"product_tag":[1450,1516,1518,1592,1593],"class_list":{"0":"post-22503","1":"product","2":"type-product","3":"status-publish","4":"has-post-thumbnail","6":"product_brand-schnitzstube-franz-stadlhofer","7":"product_cat-rohes-lindenholz","8":"product_cat-kleingegenstande","9":"product_tag-schnitzholz","10":"product_tag-rohes-lindenholz","11":"product_tag-beschnitzbar","12":"product_tag-staender","13":"product_tag-schmuckstaender","15":"first","16":"instock","17":"taxable","18":"shipping-taxable","19":"purchasable","20":"product-type-simple"},"barcode":null,"atum_controlled":true,"out_stock_date":null,"out_stock_threshold":null,"inheritable":false,"stock_on_hold":0,"sold_today":0,"sales_last_days":0,"reserved_stock":0,"customer_returns":0,"warehouse_damage":0,"lost_in_post":0,"other_logs":0,"out_stock_days":0,"lost_sales":0,"update_date":"2026-04-05T00:03:10","atum_locations":[],"atum_stock_status":"instock","restock_status":false,"low_stock_amount":"","sales_update_date":"2026-04-05T00:03:10","calc_backorders":null,"yoast_head":"<!-- This site is optimized with the Yoast SEO plugin v27.3 - https:\/\/yoast.com\/product\/yoast-seo-wordpress\/ -->\n<title>Schmuckst\u00e4nder<\/title>\n<meta name=\"description\" content=\"Dieses sinnvolle St\u00fcck darf keiner Frau fehlen. An den Armen kann man Ketten wie Armb\u00e4nder h\u00e4ngen, und die Bodenschale bietet ausreichend Platz f\u00fcr Ringe. Nimmt man den kleinen Deckel am oberen Ende ab, bietet sich noch Raum f\u00fcr kleine Ohrringe. Mit entsprechender Verzierung ein tolles Geschenk f\u00fcr alle SchmucklieberInnen! Der Schmuckst\u00e4nder wird zerlegt geliefert und wird erst nach der Bearbeitung verleimt. Material: Lindenholz unbehandelt (roh)Ma\u00dfe: \u00d8 20 cm, H\u00f6he 40 cm\" \/>\n<meta name=\"robots\" content=\"index, follow, max-snippet:-1, max-image-preview:large, max-video-preview:-1\" \/>\n<link rel=\"canonical\" href=\"https:\/\/www.franz-stadlhofer.at\/shop\/produkt\/schmuckstaender\/\" \/>\n<meta property=\"og:locale\" content=\"de_DE\" \/>\n<meta property=\"og:type\" content=\"article\" \/>\n<meta property=\"og:title\" content=\"Schmuckst\u00e4nder\" \/>\n<meta property=\"og:description\" content=\"Dieses sinnvolle St\u00fcck darf keiner Frau fehlen. An den Armen kann man Ketten wie Armb\u00e4nder h\u00e4ngen, und die Bodenschale bietet ausreichend Platz f\u00fcr Ringe. Nimmt man den kleinen Deckel am oberen Ende ab, bietet sich noch Raum f\u00fcr kleine Ohrringe. Mit entsprechender Verzierung ein tolles Geschenk f\u00fcr alle SchmucklieberInnen! Der Schmuckst\u00e4nder wird zerlegt geliefert und wird erst nach der Bearbeitung verleimt. Material: Lindenholz unbehandelt (roh)Ma\u00dfe: \u00d8 20 cm, H\u00f6he 40 cm\" \/>\n<meta property=\"og:url\" content=\"https:\/\/www.franz-stadlhofer.at\/shop\/produkt\/schmuckstaender\/\" \/>\n<meta property=\"og:site_name\" content=\"Schnitzstube Stadlhofer Shop\" \/>\n<meta property=\"article:modified_time\" content=\"2024-04-24T21:34:22+00:00\" \/>\n<meta property=\"og:image\" content=\"https:\/\/www.franz-stadlhofer.at\/shop\/wp-content\/uploads\/2015\/08\/products-Schmuckstander.jpg\" \/>\n\t<meta property=\"og:image:width\" content=\"945\" \/>\n\t<meta property=\"og:image:height\" content=\"945\" \/>\n\t<meta property=\"og:image:type\" content=\"image\/jpeg\" \/>\n<meta name=\"twitter:card\" content=\"summary_large_image\" \/>\n<script type=\"application\/ld+json\" class=\"yoast-schema-graph\">{\"@context\":\"https:\\\/\\\/schema.org\",\"@graph\":[{\"@type\":\"WebPage\",\"@id\":\"https:\\\/\\\/www.franz-stadlhofer.at\\\/shop\\\/produkt\\\/schmuckstaender\\\/\",\"url\":\"https:\\\/\\\/www.franz-stadlhofer.at\\\/shop\\\/produkt\\\/schmuckstaender\\\/\",\"name\":\"Schmuckst\u00e4nder\",\"isPartOf\":{\"@id\":\"https:\\\/\\\/www.franz-stadlhofer.at\\\/shop\\\/#website\"},\"primaryImageOfPage\":{\"@id\":\"https:\\\/\\\/www.franz-stadlhofer.at\\\/shop\\\/produkt\\\/schmuckstaender\\\/#primaryimage\"},\"image\":{\"@id\":\"https:\\\/\\\/www.franz-stadlhofer.at\\\/shop\\\/produkt\\\/schmuckstaender\\\/#primaryimage\"},\"thumbnailUrl\":\"https:\\\/\\\/www.franz-stadlhofer.at\\\/shop\\\/wp-content\\\/uploads\\\/2015\\\/08\\\/products-Schmuckstander.jpg\",\"datePublished\":\"2024-04-24T16:36:47+00:00\",\"dateModified\":\"2024-04-24T21:34:22+00:00\",\"description\":\"Dieses sinnvolle St\u00fcck darf keiner Frau fehlen. An den Armen kann man Ketten wie Armb\u00e4nder h\u00e4ngen, und die Bodenschale bietet ausreichend Platz f\u00fcr Ringe. Nimmt man den kleinen Deckel am oberen Ende ab, bietet sich noch Raum f\u00fcr kleine Ohrringe. Mit entsprechender Verzierung ein tolles Geschenk f\u00fcr alle SchmucklieberInnen! Der Schmuckst\u00e4nder wird zerlegt geliefert und wird erst nach der Bearbeitung verleimt. Material: Lindenholz unbehandelt (roh)Ma\u00dfe: \u00d8 20 cm, H\u00f6he 40 cm\",\"breadcrumb\":{\"@id\":\"https:\\\/\\\/www.franz-stadlhofer.at\\\/shop\\\/produkt\\\/schmuckstaender\\\/#breadcrumb\"},\"inLanguage\":\"de\",\"potentialAction\":[{\"@type\":\"ReadAction\",\"target\":[\"https:\\\/\\\/www.franz-stadlhofer.at\\\/shop\\\/produkt\\\/schmuckstaender\\\/\"]}]},{\"@type\":\"ImageObject\",\"inLanguage\":\"de\",\"@id\":\"https:\\\/\\\/www.franz-stadlhofer.at\\\/shop\\\/produkt\\\/schmuckstaender\\\/#primaryimage\",\"url\":\"https:\\\/\\\/www.franz-stadlhofer.at\\\/shop\\\/wp-content\\\/uploads\\\/2015\\\/08\\\/products-Schmuckstander.jpg\",\"contentUrl\":\"https:\\\/\\\/www.franz-stadlhofer.at\\\/shop\\\/wp-content\\\/uploads\\\/2015\\\/08\\\/products-Schmuckstander.jpg\",\"width\":\"945\",\"height\":\"945\",\"caption\":\"Schmuckst\u00e4nder Lindenholz roh - Schnitzstube Stadlhofer Shop\"},{\"@type\":\"BreadcrumbList\",\"@id\":\"https:\\\/\\\/www.franz-stadlhofer.at\\\/shop\\\/produkt\\\/schmuckstaender\\\/#breadcrumb\",\"itemListElement\":[{\"@type\":\"ListItem\",\"position\":1,\"name\":\"Startseite\",\"item\":\"https:\\\/\\\/www.franz-stadlhofer.at\\\/shop\\\/\"},{\"@type\":\"ListItem\",\"position\":2,\"name\":\"Produkte\",\"item\":\"https:\\\/\\\/www.franz-stadlhofer.at\\\/shop\\\/shop\\\/\"},{\"@type\":\"ListItem\",\"position\":3,\"name\":\"Schmuckst\u00e4nder\"}]},{\"@type\":\"WebSite\",\"@id\":\"https:\\\/\\\/www.franz-stadlhofer.at\\\/shop\\\/#website\",\"url\":\"https:\\\/\\\/www.franz-stadlhofer.at\\\/shop\\\/\",\"name\":\"Schnitzstube Stadlhofer Shop\",\"description\":\"Holzschnitzen Onlineshop\",\"publisher\":{\"@id\":\"https:\\\/\\\/www.franz-stadlhofer.at\\\/shop\\\/#organization\"},\"potentialAction\":[{\"@type\":\"SearchAction\",\"target\":{\"@type\":\"EntryPoint\",\"urlTemplate\":\"https:\\\/\\\/www.franz-stadlhofer.at\\\/shop\\\/?s={search_term_string}\"},\"query-input\":{\"@type\":\"PropertyValueSpecification\",\"valueRequired\":true,\"valueName\":\"search_term_string\"}}],\"inLanguage\":\"de\"},{\"@type\":\"Organization\",\"@id\":\"https:\\\/\\\/www.franz-stadlhofer.at\\\/shop\\\/#organization\",\"name\":\"Schnitzstube Stadlhofer Shop\",\"url\":\"https:\\\/\\\/www.franz-stadlhofer.at\\\/shop\\\/\",\"logo\":{\"@type\":\"ImageObject\",\"inLanguage\":\"de\",\"@id\":\"https:\\\/\\\/www.franz-stadlhofer.at\\\/shop\\\/#\\\/schema\\\/logo\\\/image\\\/\",\"url\":\"https:\\\/\\\/www.franz-stadlhofer.at\\\/shop\\\/wp-content\\\/uploads\\\/2019\\\/10\\\/LOGO-2-RETINA.png\",\"contentUrl\":\"https:\\\/\\\/www.franz-stadlhofer.at\\\/shop\\\/wp-content\\\/uploads\\\/2019\\\/10\\\/LOGO-2-RETINA.png\",\"width\":471,\"height\":160,\"caption\":\"Schnitzstube Stadlhofer Shop\"},\"image\":{\"@id\":\"https:\\\/\\\/www.franz-stadlhofer.at\\\/shop\\\/#\\\/schema\\\/logo\\\/image\\\/\"}}]}<\/script>\n<!-- \/ Yoast SEO plugin. -->","yoast_head_json":{"title":"Schmuckst\u00e4nder","description":"Dieses sinnvolle St\u00fcck darf keiner Frau fehlen. An den Armen kann man Ketten wie Armb\u00e4nder h\u00e4ngen, und die Bodenschale bietet ausreichend Platz f\u00fcr Ringe. Nimmt man den kleinen Deckel am oberen Ende ab, bietet sich noch Raum f\u00fcr kleine Ohrringe. Mit entsprechender Verzierung ein tolles Geschenk f\u00fcr alle SchmucklieberInnen! Der Schmuckst\u00e4nder wird zerlegt geliefert und wird erst nach der Bearbeitung verleimt. Material: Lindenholz unbehandelt (roh)Ma\u00dfe: \u00d8 20 cm, H\u00f6he 40 cm","robots":{"index":"index","follow":"follow","max-snippet":"max-snippet:-1","max-image-preview":"max-image-preview:large","max-video-preview":"max-video-preview:-1"},"canonical":"https:\/\/www.franz-stadlhofer.at\/shop\/produkt\/schmuckstaender\/","og_locale":"de_DE","og_type":"article","og_title":"Schmuckst\u00e4nder","og_description":"Dieses sinnvolle St\u00fcck darf keiner Frau fehlen. An den Armen kann man Ketten wie Armb\u00e4nder h\u00e4ngen, und die Bodenschale bietet ausreichend Platz f\u00fcr Ringe. Nimmt man den kleinen Deckel am oberen Ende ab, bietet sich noch Raum f\u00fcr kleine Ohrringe. Mit entsprechender Verzierung ein tolles Geschenk f\u00fcr alle SchmucklieberInnen! Der Schmuckst\u00e4nder wird zerlegt geliefert und wird erst nach der Bearbeitung verleimt. Material: Lindenholz unbehandelt (roh)Ma\u00dfe: \u00d8 20 cm, H\u00f6he 40 cm","og_url":"https:\/\/www.franz-stadlhofer.at\/shop\/produkt\/schmuckstaender\/","og_site_name":"Schnitzstube Stadlhofer Shop","article_modified_time":"2024-04-24T21:34:22+00:00","og_image":[{"width":945,"height":945,"url":"https:\/\/www.franz-stadlhofer.at\/shop\/wp-content\/uploads\/2015\/08\/products-Schmuckstander.jpg","type":"image\/jpeg"}],"twitter_card":"summary_large_image","schema":{"@context":"https:\/\/schema.org","@graph":[{"@type":"WebPage","@id":"https:\/\/www.franz-stadlhofer.at\/shop\/produkt\/schmuckstaender\/","url":"https:\/\/www.franz-stadlhofer.at\/shop\/produkt\/schmuckstaender\/","name":"Schmuckst\u00e4nder","isPartOf":{"@id":"https:\/\/www.franz-stadlhofer.at\/shop\/#website"},"primaryImageOfPage":{"@id":"https:\/\/www.franz-stadlhofer.at\/shop\/produkt\/schmuckstaender\/#primaryimage"},"image":{"@id":"https:\/\/www.franz-stadlhofer.at\/shop\/produkt\/schmuckstaender\/#primaryimage"},"thumbnailUrl":"https:\/\/www.franz-stadlhofer.at\/shop\/wp-content\/uploads\/2015\/08\/products-Schmuckstander.jpg","datePublished":"2024-04-24T16:36:47+00:00","dateModified":"2024-04-24T21:34:22+00:00","description":"Dieses sinnvolle St\u00fcck darf keiner Frau fehlen. An den Armen kann man Ketten wie Armb\u00e4nder h\u00e4ngen, und die Bodenschale bietet ausreichend Platz f\u00fcr Ringe. Nimmt man den kleinen Deckel am oberen Ende ab, bietet sich noch Raum f\u00fcr kleine Ohrringe. Mit entsprechender Verzierung ein tolles Geschenk f\u00fcr alle SchmucklieberInnen! Der Schmuckst\u00e4nder wird zerlegt geliefert und wird erst nach der Bearbeitung verleimt. Material: Lindenholz unbehandelt (roh)Ma\u00dfe: \u00d8 20 cm, H\u00f6he 40 cm","breadcrumb":{"@id":"https:\/\/www.franz-stadlhofer.at\/shop\/produkt\/schmuckstaender\/#breadcrumb"},"inLanguage":"de","potentialAction":[{"@type":"ReadAction","target":["https:\/\/www.franz-stadlhofer.at\/shop\/produkt\/schmuckstaender\/"]}]},{"@type":"ImageObject","inLanguage":"de","@id":"https:\/\/www.franz-stadlhofer.at\/shop\/produkt\/schmuckstaender\/#primaryimage","url":"https:\/\/www.franz-stadlhofer.at\/shop\/wp-content\/uploads\/2015\/08\/products-Schmuckstander.jpg","contentUrl":"https:\/\/www.franz-stadlhofer.at\/shop\/wp-content\/uploads\/2015\/08\/products-Schmuckstander.jpg","width":"945","height":"945","caption":"Schmuckst\u00e4nder Lindenholz roh - Schnitzstube Stadlhofer Shop"},{"@type":"BreadcrumbList","@id":"https:\/\/www.franz-stadlhofer.at\/shop\/produkt\/schmuckstaender\/#breadcrumb","itemListElement":[{"@type":"ListItem","position":1,"name":"Startseite","item":"https:\/\/www.franz-stadlhofer.at\/shop\/"},{"@type":"ListItem","position":2,"name":"Produkte","item":"https:\/\/www.franz-stadlhofer.at\/shop\/shop\/"},{"@type":"ListItem","position":3,"name":"Schmuckst\u00e4nder"}]},{"@type":"WebSite","@id":"https:\/\/www.franz-stadlhofer.at\/shop\/#website","url":"https:\/\/www.franz-stadlhofer.at\/shop\/","name":"Schnitzstube Stadlhofer Shop","description":"Holzschnitzen Onlineshop","publisher":{"@id":"https:\/\/www.franz-stadlhofer.at\/shop\/#organization"},"potentialAction":[{"@type":"SearchAction","target":{"@type":"EntryPoint","urlTemplate":"https:\/\/www.franz-stadlhofer.at\/shop\/?s={search_term_string}"},"query-input":{"@type":"PropertyValueSpecification","valueRequired":true,"valueName":"search_term_string"}}],"inLanguage":"de"},{"@type":"Organization","@id":"https:\/\/www.franz-stadlhofer.at\/shop\/#organization","name":"Schnitzstube Stadlhofer Shop","url":"https:\/\/www.franz-stadlhofer.at\/shop\/","logo":{"@type":"ImageObject","inLanguage":"de","@id":"https:\/\/www.franz-stadlhofer.at\/shop\/#\/schema\/logo\/image\/","url":"https:\/\/www.franz-stadlhofer.at\/shop\/wp-content\/uploads\/2019\/10\/LOGO-2-RETINA.png","contentUrl":"https:\/\/www.franz-stadlhofer.at\/shop\/wp-content\/uploads\/2019\/10\/LOGO-2-RETINA.png","width":471,"height":160,"caption":"Schnitzstube Stadlhofer Shop"},"image":{"@id":"https:\/\/www.franz-stadlhofer.at\/shop\/#\/schema\/logo\/image\/"}}]}},"_links":{"self":[{"href":"https:\/\/www.franz-stadlhofer.at\/shop\/wp-json\/wp\/v2\/product\/22503","targetHints":{"allow":["GET"]}}],"collection":[{"href":"https:\/\/www.franz-stadlhofer.at\/shop\/wp-json\/wp\/v2\/product"}],"about":[{"href":"https:\/\/www.franz-stadlhofer.at\/shop\/wp-json\/wp\/v2\/types\/product"}],"wp:featuredmedia":[{"embeddable":true,"href":"https:\/\/www.franz-stadlhofer.at\/shop\/wp-json\/wp\/v2\/media\/22504"}],"wp:attachment":[{"href":"https:\/\/www.franz-stadlhofer.at\/shop\/wp-json\/wp\/v2\/media?parent=22503"}],"wp:term":[{"taxonomy":"product_brand","embeddable":true,"href":"https:\/\/www.franz-stadlhofer.at\/shop\/wp-json\/wp\/v2\/product_brand?post=22503"},{"taxonomy":"product_cat","embeddable":true,"href":"https:\/\/www.franz-stadlhofer.at\/shop\/wp-json\/wp\/v2\/product_cat?post=22503"},{"taxonomy":"product_tag","embeddable":true,"href":"https:\/\/www.franz-stadlhofer.at\/shop\/wp-json\/wp\/v2\/product_tag?post=22503"}],"curies":[{"name":"wp","href":"https:\/\/api.w.org\/{rel}","templated":true}]}}