{"id":22469,"date":"2015-01-11T17:38:40","date_gmt":"2015-01-11T16:38:40","guid":{"rendered":"https:\/\/www.franz-stadlhofer.at\/shop\/?post_type=product&#038;p=22469"},"modified":"2025-06-03T23:02:45","modified_gmt":"2025-06-03T21:02:45","slug":"zirkel","status":"publish","type":"product","link":"https:\/\/www.franz-stadlhofer.at\/shop\/produkt\/zirkel\/","title":{"rendered":"Zirkel"},"content":{"rendered":"<p>Beim Entwerfen und Zeichnen &#8211; eine wichtige Vorarbeit des Schnitzens &#8211; erleichtert das Arbeiten mit qualitativ hochwertigen Produkten das Umsetzen der eigenen Kreativit\u00e4t.<\/p>\n<p>Dieser Schnellverstellzirkel hat eine robuste Zahnradf\u00fchrung im Zirkelkopf. Beide Schenkel sind abknickbar. Gr\u00f6sster Kreisdurchmesser ca. 390 mm. Ein Universaladapter f\u00fcr Schreibger\u00e4te sowie eine Dose mit Ersatzteilen und Minen ist inklusive.<\/p>\n","protected":false},"excerpt":{"rendered":"<p>Beim Entwerfen und Zeichnen &#8211; eine wichtige Vorarbeit des Schnitzens &#8211; erleichtert das Arbeiten mit qualitativ hochwertigen Produkten das Umsetzen der eigenen Kreativit\u00e4t. Dieser Schnellverstellzirkel hat eine robuste Zahnradf\u00fchrung im Zirkelkopf. Beide Schenkel sind abknickbar.  [&#8230;]<\/p>\n","protected":false},"featured_media":22470,"template":"","meta":[],"product_brand":[810],"product_cat":[792,1188],"product_tag":[],"class_list":{"0":"post-22469","1":"product","2":"type-product","3":"status-publish","4":"has-post-thumbnail","6":"product_brand-faber-castell","7":"product_cat-zeichnen-konstruieren","8":"product_cat-drum-herum","10":"first","11":"instock","12":"taxable","13":"shipping-taxable","14":"purchasable","15":"product-type-simple"},"barcode":null,"atum_controlled":true,"out_stock_date":null,"out_stock_threshold":null,"inheritable":false,"stock_on_hold":0,"sold_today":0,"sales_last_days":0,"reserved_stock":0,"customer_returns":0,"warehouse_damage":0,"lost_in_post":0,"other_logs":0,"out_stock_days":0,"lost_sales":0,"update_date":"2026-05-17T00:10:59","atum_locations":[],"atum_stock_status":"instock","restock_status":false,"low_stock_amount":"","sales_update_date":"2026-05-17T00:10:59","calc_backorders":null,"yoast_head":"<!-- This site is optimized with the Yoast SEO plugin v27.5 - https:\/\/yoast.com\/product\/yoast-seo-wordpress\/ -->\n<title>Zirkel<\/title>\n<meta name=\"description\" content=\"Beim Entwerfen und Zeichnen - eine wichtige Vorarbeit des Schnitzens - erleichtert das Arbeiten mit qualitativ hochwertigen Produkten das Umsetzen der eigenen Kreativit\u00e4t. Dieser Schnellverstellzirkel hat eine robuste Zahnradf\u00fchrung im Zirkelkopf. Beide Schenkel sind abknickbar. Gr\u00f6sster Kreisdurchmesser ca. 390 mm. Ein Universaladapter f\u00fcr Schreibger\u00e4te sowie eine Dose mit Ersatzteilen und Minen ist inklusive.\" \/>\n<meta name=\"robots\" content=\"index, follow, max-snippet:-1, max-image-preview:large, max-video-preview:-1\" \/>\n<link rel=\"canonical\" href=\"https:\/\/www.franz-stadlhofer.at\/shop\/produkt\/zirkel\/\" \/>\n<meta property=\"og:locale\" content=\"de_DE\" \/>\n<meta property=\"og:type\" content=\"article\" \/>\n<meta property=\"og:title\" content=\"Zirkel\" \/>\n<meta property=\"og:description\" content=\"Beim Entwerfen und Zeichnen - eine wichtige Vorarbeit des Schnitzens - erleichtert das Arbeiten mit qualitativ hochwertigen Produkten das Umsetzen der eigenen Kreativit\u00e4t. Dieser Schnellverstellzirkel hat eine robuste Zahnradf\u00fchrung im Zirkelkopf. Beide Schenkel sind abknickbar. Gr\u00f6sster Kreisdurchmesser ca. 390 mm. Ein Universaladapter f\u00fcr Schreibger\u00e4te sowie eine Dose mit Ersatzteilen und Minen ist inklusive.\" \/>\n<meta property=\"og:url\" content=\"https:\/\/www.franz-stadlhofer.at\/shop\/produkt\/zirkel\/\" \/>\n<meta property=\"og:site_name\" content=\"Schnitzstube Stadlhofer Shop\" \/>\n<meta property=\"article:modified_time\" content=\"2025-06-03T21:02:45+00:00\" \/>\n<meta property=\"og:image\" content=\"https:\/\/www.franz-stadlhofer.at\/shop\/wp-content\/uploads\/2015\/01\/products-Zirkel.jpg\" \/>\n\t<meta property=\"og:image:width\" content=\"945\" \/>\n\t<meta property=\"og:image:height\" content=\"945\" \/>\n\t<meta property=\"og:image:type\" content=\"image\/jpeg\" \/>\n<meta name=\"twitter:card\" content=\"summary_large_image\" \/>\n<script type=\"application\/ld+json\" class=\"yoast-schema-graph\">{\"@context\":\"https:\\\/\\\/schema.org\",\"@graph\":[{\"@type\":\"WebPage\",\"@id\":\"https:\\\/\\\/www.franz-stadlhofer.at\\\/shop\\\/produkt\\\/zirkel\\\/\",\"url\":\"https:\\\/\\\/www.franz-stadlhofer.at\\\/shop\\\/produkt\\\/zirkel\\\/\",\"name\":\"Zirkel\",\"isPartOf\":{\"@id\":\"https:\\\/\\\/www.franz-stadlhofer.at\\\/shop\\\/#website\"},\"primaryImageOfPage\":{\"@id\":\"https:\\\/\\\/www.franz-stadlhofer.at\\\/shop\\\/produkt\\\/zirkel\\\/#primaryimage\"},\"image\":{\"@id\":\"https:\\\/\\\/www.franz-stadlhofer.at\\\/shop\\\/produkt\\\/zirkel\\\/#primaryimage\"},\"thumbnailUrl\":\"https:\\\/\\\/www.franz-stadlhofer.at\\\/shop\\\/wp-content\\\/uploads\\\/2015\\\/01\\\/products-Zirkel.jpg\",\"datePublished\":\"2015-01-11T16:38:40+00:00\",\"dateModified\":\"2025-06-03T21:02:45+00:00\",\"description\":\"Beim Entwerfen und Zeichnen - eine wichtige Vorarbeit des Schnitzens - erleichtert das Arbeiten mit qualitativ hochwertigen Produkten das Umsetzen der eigenen Kreativit\u00e4t. Dieser Schnellverstellzirkel hat eine robuste Zahnradf\u00fchrung im Zirkelkopf. Beide Schenkel sind abknickbar. Gr\u00f6sster Kreisdurchmesser ca. 390 mm. Ein Universaladapter f\u00fcr Schreibger\u00e4te sowie eine Dose mit Ersatzteilen und Minen ist inklusive.\",\"breadcrumb\":{\"@id\":\"https:\\\/\\\/www.franz-stadlhofer.at\\\/shop\\\/produkt\\\/zirkel\\\/#breadcrumb\"},\"inLanguage\":\"de\",\"potentialAction\":[{\"@type\":\"ReadAction\",\"target\":[\"https:\\\/\\\/www.franz-stadlhofer.at\\\/shop\\\/produkt\\\/zirkel\\\/\"]}]},{\"@type\":\"ImageObject\",\"inLanguage\":\"de\",\"@id\":\"https:\\\/\\\/www.franz-stadlhofer.at\\\/shop\\\/produkt\\\/zirkel\\\/#primaryimage\",\"url\":\"https:\\\/\\\/www.franz-stadlhofer.at\\\/shop\\\/wp-content\\\/uploads\\\/2015\\\/01\\\/products-Zirkel.jpg\",\"contentUrl\":\"https:\\\/\\\/www.franz-stadlhofer.at\\\/shop\\\/wp-content\\\/uploads\\\/2015\\\/01\\\/products-Zirkel.jpg\",\"width\":\"945\",\"height\":\"945\",\"caption\":\"Zirkel - Schnitzstube Stadlhofer Shop\"},{\"@type\":\"BreadcrumbList\",\"@id\":\"https:\\\/\\\/www.franz-stadlhofer.at\\\/shop\\\/produkt\\\/zirkel\\\/#breadcrumb\",\"itemListElement\":[{\"@type\":\"ListItem\",\"position\":1,\"name\":\"Startseite\",\"item\":\"https:\\\/\\\/www.franz-stadlhofer.at\\\/shop\\\/\"},{\"@type\":\"ListItem\",\"position\":2,\"name\":\"Produkte\",\"item\":\"https:\\\/\\\/www.franz-stadlhofer.at\\\/shop\\\/shop\\\/\"},{\"@type\":\"ListItem\",\"position\":3,\"name\":\"Zirkel\"}]},{\"@type\":\"WebSite\",\"@id\":\"https:\\\/\\\/www.franz-stadlhofer.at\\\/shop\\\/#website\",\"url\":\"https:\\\/\\\/www.franz-stadlhofer.at\\\/shop\\\/\",\"name\":\"Schnitzstube Stadlhofer Shop\",\"description\":\"Holzschnitzen Onlineshop\",\"publisher\":{\"@id\":\"https:\\\/\\\/www.franz-stadlhofer.at\\\/shop\\\/#organization\"},\"potentialAction\":[{\"@type\":\"SearchAction\",\"target\":{\"@type\":\"EntryPoint\",\"urlTemplate\":\"https:\\\/\\\/www.franz-stadlhofer.at\\\/shop\\\/?s={search_term_string}\"},\"query-input\":{\"@type\":\"PropertyValueSpecification\",\"valueRequired\":true,\"valueName\":\"search_term_string\"}}],\"inLanguage\":\"de\"},{\"@type\":\"Organization\",\"@id\":\"https:\\\/\\\/www.franz-stadlhofer.at\\\/shop\\\/#organization\",\"name\":\"Schnitzstube Stadlhofer Shop\",\"url\":\"https:\\\/\\\/www.franz-stadlhofer.at\\\/shop\\\/\",\"logo\":{\"@type\":\"ImageObject\",\"inLanguage\":\"de\",\"@id\":\"https:\\\/\\\/www.franz-stadlhofer.at\\\/shop\\\/#\\\/schema\\\/logo\\\/image\\\/\",\"url\":\"https:\\\/\\\/www.franz-stadlhofer.at\\\/shop\\\/wp-content\\\/uploads\\\/2019\\\/10\\\/LOGO-2-RETINA.png\",\"contentUrl\":\"https:\\\/\\\/www.franz-stadlhofer.at\\\/shop\\\/wp-content\\\/uploads\\\/2019\\\/10\\\/LOGO-2-RETINA.png\",\"width\":471,\"height\":160,\"caption\":\"Schnitzstube Stadlhofer Shop\"},\"image\":{\"@id\":\"https:\\\/\\\/www.franz-stadlhofer.at\\\/shop\\\/#\\\/schema\\\/logo\\\/image\\\/\"}}]}<\/script>\n<!-- \/ Yoast SEO plugin. -->","yoast_head_json":{"title":"Zirkel","description":"Beim Entwerfen und Zeichnen - eine wichtige Vorarbeit des Schnitzens - erleichtert das Arbeiten mit qualitativ hochwertigen Produkten das Umsetzen der eigenen Kreativit\u00e4t. Dieser Schnellverstellzirkel hat eine robuste Zahnradf\u00fchrung im Zirkelkopf. Beide Schenkel sind abknickbar. Gr\u00f6sster Kreisdurchmesser ca. 390 mm. Ein Universaladapter f\u00fcr Schreibger\u00e4te sowie eine Dose mit Ersatzteilen und Minen ist inklusive.","robots":{"index":"index","follow":"follow","max-snippet":"max-snippet:-1","max-image-preview":"max-image-preview:large","max-video-preview":"max-video-preview:-1"},"canonical":"https:\/\/www.franz-stadlhofer.at\/shop\/produkt\/zirkel\/","og_locale":"de_DE","og_type":"article","og_title":"Zirkel","og_description":"Beim Entwerfen und Zeichnen - eine wichtige Vorarbeit des Schnitzens - erleichtert das Arbeiten mit qualitativ hochwertigen Produkten das Umsetzen der eigenen Kreativit\u00e4t. Dieser Schnellverstellzirkel hat eine robuste Zahnradf\u00fchrung im Zirkelkopf. Beide Schenkel sind abknickbar. Gr\u00f6sster Kreisdurchmesser ca. 390 mm. Ein Universaladapter f\u00fcr Schreibger\u00e4te sowie eine Dose mit Ersatzteilen und Minen ist inklusive.","og_url":"https:\/\/www.franz-stadlhofer.at\/shop\/produkt\/zirkel\/","og_site_name":"Schnitzstube Stadlhofer Shop","article_modified_time":"2025-06-03T21:02:45+00:00","og_image":[{"width":945,"height":945,"url":"https:\/\/www.franz-stadlhofer.at\/shop\/wp-content\/uploads\/2015\/01\/products-Zirkel.jpg","type":"image\/jpeg"}],"twitter_card":"summary_large_image","schema":{"@context":"https:\/\/schema.org","@graph":[{"@type":"WebPage","@id":"https:\/\/www.franz-stadlhofer.at\/shop\/produkt\/zirkel\/","url":"https:\/\/www.franz-stadlhofer.at\/shop\/produkt\/zirkel\/","name":"Zirkel","isPartOf":{"@id":"https:\/\/www.franz-stadlhofer.at\/shop\/#website"},"primaryImageOfPage":{"@id":"https:\/\/www.franz-stadlhofer.at\/shop\/produkt\/zirkel\/#primaryimage"},"image":{"@id":"https:\/\/www.franz-stadlhofer.at\/shop\/produkt\/zirkel\/#primaryimage"},"thumbnailUrl":"https:\/\/www.franz-stadlhofer.at\/shop\/wp-content\/uploads\/2015\/01\/products-Zirkel.jpg","datePublished":"2015-01-11T16:38:40+00:00","dateModified":"2025-06-03T21:02:45+00:00","description":"Beim Entwerfen und Zeichnen - eine wichtige Vorarbeit des Schnitzens - erleichtert das Arbeiten mit qualitativ hochwertigen Produkten das Umsetzen der eigenen Kreativit\u00e4t. Dieser Schnellverstellzirkel hat eine robuste Zahnradf\u00fchrung im Zirkelkopf. Beide Schenkel sind abknickbar. Gr\u00f6sster Kreisdurchmesser ca. 390 mm. Ein Universaladapter f\u00fcr Schreibger\u00e4te sowie eine Dose mit Ersatzteilen und Minen ist inklusive.","breadcrumb":{"@id":"https:\/\/www.franz-stadlhofer.at\/shop\/produkt\/zirkel\/#breadcrumb"},"inLanguage":"de","potentialAction":[{"@type":"ReadAction","target":["https:\/\/www.franz-stadlhofer.at\/shop\/produkt\/zirkel\/"]}]},{"@type":"ImageObject","inLanguage":"de","@id":"https:\/\/www.franz-stadlhofer.at\/shop\/produkt\/zirkel\/#primaryimage","url":"https:\/\/www.franz-stadlhofer.at\/shop\/wp-content\/uploads\/2015\/01\/products-Zirkel.jpg","contentUrl":"https:\/\/www.franz-stadlhofer.at\/shop\/wp-content\/uploads\/2015\/01\/products-Zirkel.jpg","width":"945","height":"945","caption":"Zirkel - Schnitzstube Stadlhofer Shop"},{"@type":"BreadcrumbList","@id":"https:\/\/www.franz-stadlhofer.at\/shop\/produkt\/zirkel\/#breadcrumb","itemListElement":[{"@type":"ListItem","position":1,"name":"Startseite","item":"https:\/\/www.franz-stadlhofer.at\/shop\/"},{"@type":"ListItem","position":2,"name":"Produkte","item":"https:\/\/www.franz-stadlhofer.at\/shop\/shop\/"},{"@type":"ListItem","position":3,"name":"Zirkel"}]},{"@type":"WebSite","@id":"https:\/\/www.franz-stadlhofer.at\/shop\/#website","url":"https:\/\/www.franz-stadlhofer.at\/shop\/","name":"Schnitzstube Stadlhofer Shop","description":"Holzschnitzen Onlineshop","publisher":{"@id":"https:\/\/www.franz-stadlhofer.at\/shop\/#organization"},"potentialAction":[{"@type":"SearchAction","target":{"@type":"EntryPoint","urlTemplate":"https:\/\/www.franz-stadlhofer.at\/shop\/?s={search_term_string}"},"query-input":{"@type":"PropertyValueSpecification","valueRequired":true,"valueName":"search_term_string"}}],"inLanguage":"de"},{"@type":"Organization","@id":"https:\/\/www.franz-stadlhofer.at\/shop\/#organization","name":"Schnitzstube Stadlhofer Shop","url":"https:\/\/www.franz-stadlhofer.at\/shop\/","logo":{"@type":"ImageObject","inLanguage":"de","@id":"https:\/\/www.franz-stadlhofer.at\/shop\/#\/schema\/logo\/image\/","url":"https:\/\/www.franz-stadlhofer.at\/shop\/wp-content\/uploads\/2019\/10\/LOGO-2-RETINA.png","contentUrl":"https:\/\/www.franz-stadlhofer.at\/shop\/wp-content\/uploads\/2019\/10\/LOGO-2-RETINA.png","width":471,"height":160,"caption":"Schnitzstube Stadlhofer Shop"},"image":{"@id":"https:\/\/www.franz-stadlhofer.at\/shop\/#\/schema\/logo\/image\/"}}]}},"_links":{"self":[{"href":"https:\/\/www.franz-stadlhofer.at\/shop\/wp-json\/wp\/v2\/product\/22469","targetHints":{"allow":["GET"]}}],"collection":[{"href":"https:\/\/www.franz-stadlhofer.at\/shop\/wp-json\/wp\/v2\/product"}],"about":[{"href":"https:\/\/www.franz-stadlhofer.at\/shop\/wp-json\/wp\/v2\/types\/product"}],"wp:featuredmedia":[{"embeddable":true,"href":"https:\/\/www.franz-stadlhofer.at\/shop\/wp-json\/wp\/v2\/media\/22470"}],"wp:attachment":[{"href":"https:\/\/www.franz-stadlhofer.at\/shop\/wp-json\/wp\/v2\/media?parent=22469"}],"wp:term":[{"taxonomy":"product_brand","embeddable":true,"href":"https:\/\/www.franz-stadlhofer.at\/shop\/wp-json\/wp\/v2\/product_brand?post=22469"},{"taxonomy":"product_cat","embeddable":true,"href":"https:\/\/www.franz-stadlhofer.at\/shop\/wp-json\/wp\/v2\/product_cat?post=22469"},{"taxonomy":"product_tag","embeddable":true,"href":"https:\/\/www.franz-stadlhofer.at\/shop\/wp-json\/wp\/v2\/product_tag?post=22469"}],"curies":[{"name":"wp","href":"https:\/\/api.w.org\/{rel}","templated":true}]}}