{"id":22466,"date":"2015-01-11T17:29:35","date_gmt":"2015-01-11T16:29:35","guid":{"rendered":"https:\/\/www.franz-stadlhofer.at\/shop\/?post_type=product&#038;p=22466"},"modified":"2025-07-01T16:53:16","modified_gmt":"2025-07-01T14:53:16","slug":"klappwinkel","status":"publish","type":"product","link":"https:\/\/www.franz-stadlhofer.at\/shop\/produkt\/klappwinkel\/","title":{"rendered":"Klappwinkel"},"content":{"rendered":"<p>Dieser Anschlagwinkel rastet in sieben verschiedene Winkelpositionen (22,5\u00b0, 45\u00b0, 67,5\u00b0, 90\u00b0, 112,5\u00b0, 135\u00b0 und 157,5\u00b0) ein und garantiert somit eine hohe Genauigkeit beim Zeichnen. Die geh\u00e4rtete Edelstahlzunge rastet spielfrei ein, zusammengeklappt findet der Winkel in jeder Werkzeugtasche Platz.<br \/>\nBeidseitige Skala. L\u00e4nge: 400 mm<br \/>\nDas Kopfst\u00fcck ist aus Aluminium gefertigt und hat einen L\u00e4nge von 18,5 cm<\/p>\n","protected":false},"excerpt":{"rendered":"<p>Dieser Anschlagwinkel rastet in sieben verschiedene Winkelpositionen (22,5\u00b0, 45\u00b0, 67,5\u00b0, 90\u00b0, 112,5\u00b0, 135\u00b0 und 157,5\u00b0) ein und garantiert somit eine hohe Genauigkeit beim Zeichnen. Die geh\u00e4rtete Edelstahlzunge rastet spielfrei ein, zusammengeklappt findet der Winkel in  [&#8230;]<\/p>\n","protected":false},"featured_media":22467,"template":"","meta":[],"product_brand":[813],"product_cat":[792,1188],"product_tag":[],"class_list":{"0":"post-22466","1":"product","2":"type-product","3":"status-publish","4":"has-post-thumbnail","6":"product_brand-nobex","7":"product_cat-zeichnen-konstruieren","8":"product_cat-drum-herum","10":"first","11":"instock","12":"taxable","13":"shipping-taxable","14":"purchasable","15":"product-type-simple"},"barcode":null,"atum_controlled":true,"out_stock_date":null,"out_stock_threshold":null,"inheritable":false,"stock_on_hold":0,"sold_today":0,"sales_last_days":0,"reserved_stock":0,"customer_returns":0,"warehouse_damage":0,"lost_in_post":0,"other_logs":0,"out_stock_days":0,"lost_sales":0,"update_date":"2026-04-08T00:05:25","atum_locations":[],"atum_stock_status":"instock","restock_status":false,"low_stock_amount":"","sales_update_date":"2026-04-08T00:05:25","calc_backorders":null,"yoast_head":"<!-- This site is optimized with the Yoast SEO plugin v27.3 - https:\/\/yoast.com\/product\/yoast-seo-wordpress\/ -->\n<title>Klappwinkel<\/title>\n<meta name=\"description\" content=\"Dieser Anschlagwinkel rastet in sieben verschiedene Winkelpositionen (22,5\u00b0, 45\u00b0, 67,5\u00b0, 90\u00b0, 112,5\u00b0, 135\u00b0 und 157,5\u00b0) ein und garantiert somit eine hohe Genauigkeit beim Zeichnen. Die geh\u00e4rtete Edelstahlzunge rastet spielfrei ein, zusammengeklappt findet der Winkel in jeder Werkzeugtasche Platz. Beidseitige Skala. L\u00e4nge: 400 mmDas Kopfst\u00fcck ist aus Aluminium gefertigt und hat einen L\u00e4nge von 18,5 cm\" \/>\n<meta name=\"robots\" content=\"index, follow, max-snippet:-1, max-image-preview:large, max-video-preview:-1\" \/>\n<link rel=\"canonical\" href=\"https:\/\/www.franz-stadlhofer.at\/shop\/produkt\/klappwinkel\/\" \/>\n<meta property=\"og:locale\" content=\"de_DE\" \/>\n<meta property=\"og:type\" content=\"article\" \/>\n<meta property=\"og:title\" content=\"Klappwinkel\" \/>\n<meta property=\"og:description\" content=\"Dieser Anschlagwinkel rastet in sieben verschiedene Winkelpositionen (22,5\u00b0, 45\u00b0, 67,5\u00b0, 90\u00b0, 112,5\u00b0, 135\u00b0 und 157,5\u00b0) ein und garantiert somit eine hohe Genauigkeit beim Zeichnen. Die geh\u00e4rtete Edelstahlzunge rastet spielfrei ein, zusammengeklappt findet der Winkel in jeder Werkzeugtasche Platz. Beidseitige Skala. L\u00e4nge: 400 mmDas Kopfst\u00fcck ist aus Aluminium gefertigt und hat einen L\u00e4nge von 18,5 cm\" \/>\n<meta property=\"og:url\" content=\"https:\/\/www.franz-stadlhofer.at\/shop\/produkt\/klappwinkel\/\" \/>\n<meta property=\"og:site_name\" content=\"Schnitzstube Stadlhofer Shop\" \/>\n<meta property=\"article:modified_time\" content=\"2025-07-01T14:53:16+00:00\" \/>\n<meta property=\"og:image\" content=\"https:\/\/www.franz-stadlhofer.at\/shop\/wp-content\/uploads\/2015\/01\/products-Nobex_Winkel.jpg\" \/>\n\t<meta property=\"og:image:width\" content=\"945\" \/>\n\t<meta property=\"og:image:height\" content=\"945\" \/>\n\t<meta property=\"og:image:type\" content=\"image\/jpeg\" \/>\n<meta name=\"twitter:card\" content=\"summary_large_image\" \/>\n<script type=\"application\/ld+json\" class=\"yoast-schema-graph\">{\"@context\":\"https:\\\/\\\/schema.org\",\"@graph\":[{\"@type\":\"WebPage\",\"@id\":\"https:\\\/\\\/www.franz-stadlhofer.at\\\/shop\\\/produkt\\\/klappwinkel\\\/\",\"url\":\"https:\\\/\\\/www.franz-stadlhofer.at\\\/shop\\\/produkt\\\/klappwinkel\\\/\",\"name\":\"Klappwinkel\",\"isPartOf\":{\"@id\":\"https:\\\/\\\/www.franz-stadlhofer.at\\\/shop\\\/#website\"},\"primaryImageOfPage\":{\"@id\":\"https:\\\/\\\/www.franz-stadlhofer.at\\\/shop\\\/produkt\\\/klappwinkel\\\/#primaryimage\"},\"image\":{\"@id\":\"https:\\\/\\\/www.franz-stadlhofer.at\\\/shop\\\/produkt\\\/klappwinkel\\\/#primaryimage\"},\"thumbnailUrl\":\"https:\\\/\\\/www.franz-stadlhofer.at\\\/shop\\\/wp-content\\\/uploads\\\/2015\\\/01\\\/products-Nobex_Winkel.jpg\",\"datePublished\":\"2015-01-11T16:29:35+00:00\",\"dateModified\":\"2025-07-01T14:53:16+00:00\",\"description\":\"Dieser Anschlagwinkel rastet in sieben verschiedene Winkelpositionen (22,5\u00b0, 45\u00b0, 67,5\u00b0, 90\u00b0, 112,5\u00b0, 135\u00b0 und 157,5\u00b0) ein und garantiert somit eine hohe Genauigkeit beim Zeichnen. Die geh\u00e4rtete Edelstahlzunge rastet spielfrei ein, zusammengeklappt findet der Winkel in jeder Werkzeugtasche Platz. Beidseitige Skala. L\u00e4nge: 400 mmDas Kopfst\u00fcck ist aus Aluminium gefertigt und hat einen L\u00e4nge von 18,5 cm\",\"breadcrumb\":{\"@id\":\"https:\\\/\\\/www.franz-stadlhofer.at\\\/shop\\\/produkt\\\/klappwinkel\\\/#breadcrumb\"},\"inLanguage\":\"de\",\"potentialAction\":[{\"@type\":\"ReadAction\",\"target\":[\"https:\\\/\\\/www.franz-stadlhofer.at\\\/shop\\\/produkt\\\/klappwinkel\\\/\"]}]},{\"@type\":\"ImageObject\",\"inLanguage\":\"de\",\"@id\":\"https:\\\/\\\/www.franz-stadlhofer.at\\\/shop\\\/produkt\\\/klappwinkel\\\/#primaryimage\",\"url\":\"https:\\\/\\\/www.franz-stadlhofer.at\\\/shop\\\/wp-content\\\/uploads\\\/2015\\\/01\\\/products-Nobex_Winkel.jpg\",\"contentUrl\":\"https:\\\/\\\/www.franz-stadlhofer.at\\\/shop\\\/wp-content\\\/uploads\\\/2015\\\/01\\\/products-Nobex_Winkel.jpg\",\"width\":\"945\",\"height\":\"945\",\"caption\":\"Klappwinkel - Schnitzstube Stadlhofer Shop\"},{\"@type\":\"BreadcrumbList\",\"@id\":\"https:\\\/\\\/www.franz-stadlhofer.at\\\/shop\\\/produkt\\\/klappwinkel\\\/#breadcrumb\",\"itemListElement\":[{\"@type\":\"ListItem\",\"position\":1,\"name\":\"Startseite\",\"item\":\"https:\\\/\\\/www.franz-stadlhofer.at\\\/shop\\\/\"},{\"@type\":\"ListItem\",\"position\":2,\"name\":\"Produkte\",\"item\":\"https:\\\/\\\/www.franz-stadlhofer.at\\\/shop\\\/shop\\\/\"},{\"@type\":\"ListItem\",\"position\":3,\"name\":\"Klappwinkel\"}]},{\"@type\":\"WebSite\",\"@id\":\"https:\\\/\\\/www.franz-stadlhofer.at\\\/shop\\\/#website\",\"url\":\"https:\\\/\\\/www.franz-stadlhofer.at\\\/shop\\\/\",\"name\":\"Schnitzstube Stadlhofer Shop\",\"description\":\"Holzschnitzen Onlineshop\",\"publisher\":{\"@id\":\"https:\\\/\\\/www.franz-stadlhofer.at\\\/shop\\\/#organization\"},\"potentialAction\":[{\"@type\":\"SearchAction\",\"target\":{\"@type\":\"EntryPoint\",\"urlTemplate\":\"https:\\\/\\\/www.franz-stadlhofer.at\\\/shop\\\/?s={search_term_string}\"},\"query-input\":{\"@type\":\"PropertyValueSpecification\",\"valueRequired\":true,\"valueName\":\"search_term_string\"}}],\"inLanguage\":\"de\"},{\"@type\":\"Organization\",\"@id\":\"https:\\\/\\\/www.franz-stadlhofer.at\\\/shop\\\/#organization\",\"name\":\"Schnitzstube Stadlhofer Shop\",\"url\":\"https:\\\/\\\/www.franz-stadlhofer.at\\\/shop\\\/\",\"logo\":{\"@type\":\"ImageObject\",\"inLanguage\":\"de\",\"@id\":\"https:\\\/\\\/www.franz-stadlhofer.at\\\/shop\\\/#\\\/schema\\\/logo\\\/image\\\/\",\"url\":\"https:\\\/\\\/www.franz-stadlhofer.at\\\/shop\\\/wp-content\\\/uploads\\\/2019\\\/10\\\/LOGO-2-RETINA.png\",\"contentUrl\":\"https:\\\/\\\/www.franz-stadlhofer.at\\\/shop\\\/wp-content\\\/uploads\\\/2019\\\/10\\\/LOGO-2-RETINA.png\",\"width\":471,\"height\":160,\"caption\":\"Schnitzstube Stadlhofer Shop\"},\"image\":{\"@id\":\"https:\\\/\\\/www.franz-stadlhofer.at\\\/shop\\\/#\\\/schema\\\/logo\\\/image\\\/\"}}]}<\/script>\n<!-- \/ Yoast SEO plugin. -->","yoast_head_json":{"title":"Klappwinkel","description":"Dieser Anschlagwinkel rastet in sieben verschiedene Winkelpositionen (22,5\u00b0, 45\u00b0, 67,5\u00b0, 90\u00b0, 112,5\u00b0, 135\u00b0 und 157,5\u00b0) ein und garantiert somit eine hohe Genauigkeit beim Zeichnen. Die geh\u00e4rtete Edelstahlzunge rastet spielfrei ein, zusammengeklappt findet der Winkel in jeder Werkzeugtasche Platz. Beidseitige Skala. L\u00e4nge: 400 mmDas Kopfst\u00fcck ist aus Aluminium gefertigt und hat einen L\u00e4nge von 18,5 cm","robots":{"index":"index","follow":"follow","max-snippet":"max-snippet:-1","max-image-preview":"max-image-preview:large","max-video-preview":"max-video-preview:-1"},"canonical":"https:\/\/www.franz-stadlhofer.at\/shop\/produkt\/klappwinkel\/","og_locale":"de_DE","og_type":"article","og_title":"Klappwinkel","og_description":"Dieser Anschlagwinkel rastet in sieben verschiedene Winkelpositionen (22,5\u00b0, 45\u00b0, 67,5\u00b0, 90\u00b0, 112,5\u00b0, 135\u00b0 und 157,5\u00b0) ein und garantiert somit eine hohe Genauigkeit beim Zeichnen. Die geh\u00e4rtete Edelstahlzunge rastet spielfrei ein, zusammengeklappt findet der Winkel in jeder Werkzeugtasche Platz. Beidseitige Skala. L\u00e4nge: 400 mmDas Kopfst\u00fcck ist aus Aluminium gefertigt und hat einen L\u00e4nge von 18,5 cm","og_url":"https:\/\/www.franz-stadlhofer.at\/shop\/produkt\/klappwinkel\/","og_site_name":"Schnitzstube Stadlhofer Shop","article_modified_time":"2025-07-01T14:53:16+00:00","og_image":[{"width":945,"height":945,"url":"https:\/\/www.franz-stadlhofer.at\/shop\/wp-content\/uploads\/2015\/01\/products-Nobex_Winkel.jpg","type":"image\/jpeg"}],"twitter_card":"summary_large_image","schema":{"@context":"https:\/\/schema.org","@graph":[{"@type":"WebPage","@id":"https:\/\/www.franz-stadlhofer.at\/shop\/produkt\/klappwinkel\/","url":"https:\/\/www.franz-stadlhofer.at\/shop\/produkt\/klappwinkel\/","name":"Klappwinkel","isPartOf":{"@id":"https:\/\/www.franz-stadlhofer.at\/shop\/#website"},"primaryImageOfPage":{"@id":"https:\/\/www.franz-stadlhofer.at\/shop\/produkt\/klappwinkel\/#primaryimage"},"image":{"@id":"https:\/\/www.franz-stadlhofer.at\/shop\/produkt\/klappwinkel\/#primaryimage"},"thumbnailUrl":"https:\/\/www.franz-stadlhofer.at\/shop\/wp-content\/uploads\/2015\/01\/products-Nobex_Winkel.jpg","datePublished":"2015-01-11T16:29:35+00:00","dateModified":"2025-07-01T14:53:16+00:00","description":"Dieser Anschlagwinkel rastet in sieben verschiedene Winkelpositionen (22,5\u00b0, 45\u00b0, 67,5\u00b0, 90\u00b0, 112,5\u00b0, 135\u00b0 und 157,5\u00b0) ein und garantiert somit eine hohe Genauigkeit beim Zeichnen. Die geh\u00e4rtete Edelstahlzunge rastet spielfrei ein, zusammengeklappt findet der Winkel in jeder Werkzeugtasche Platz. Beidseitige Skala. L\u00e4nge: 400 mmDas Kopfst\u00fcck ist aus Aluminium gefertigt und hat einen L\u00e4nge von 18,5 cm","breadcrumb":{"@id":"https:\/\/www.franz-stadlhofer.at\/shop\/produkt\/klappwinkel\/#breadcrumb"},"inLanguage":"de","potentialAction":[{"@type":"ReadAction","target":["https:\/\/www.franz-stadlhofer.at\/shop\/produkt\/klappwinkel\/"]}]},{"@type":"ImageObject","inLanguage":"de","@id":"https:\/\/www.franz-stadlhofer.at\/shop\/produkt\/klappwinkel\/#primaryimage","url":"https:\/\/www.franz-stadlhofer.at\/shop\/wp-content\/uploads\/2015\/01\/products-Nobex_Winkel.jpg","contentUrl":"https:\/\/www.franz-stadlhofer.at\/shop\/wp-content\/uploads\/2015\/01\/products-Nobex_Winkel.jpg","width":"945","height":"945","caption":"Klappwinkel - Schnitzstube Stadlhofer Shop"},{"@type":"BreadcrumbList","@id":"https:\/\/www.franz-stadlhofer.at\/shop\/produkt\/klappwinkel\/#breadcrumb","itemListElement":[{"@type":"ListItem","position":1,"name":"Startseite","item":"https:\/\/www.franz-stadlhofer.at\/shop\/"},{"@type":"ListItem","position":2,"name":"Produkte","item":"https:\/\/www.franz-stadlhofer.at\/shop\/shop\/"},{"@type":"ListItem","position":3,"name":"Klappwinkel"}]},{"@type":"WebSite","@id":"https:\/\/www.franz-stadlhofer.at\/shop\/#website","url":"https:\/\/www.franz-stadlhofer.at\/shop\/","name":"Schnitzstube Stadlhofer Shop","description":"Holzschnitzen Onlineshop","publisher":{"@id":"https:\/\/www.franz-stadlhofer.at\/shop\/#organization"},"potentialAction":[{"@type":"SearchAction","target":{"@type":"EntryPoint","urlTemplate":"https:\/\/www.franz-stadlhofer.at\/shop\/?s={search_term_string}"},"query-input":{"@type":"PropertyValueSpecification","valueRequired":true,"valueName":"search_term_string"}}],"inLanguage":"de"},{"@type":"Organization","@id":"https:\/\/www.franz-stadlhofer.at\/shop\/#organization","name":"Schnitzstube Stadlhofer Shop","url":"https:\/\/www.franz-stadlhofer.at\/shop\/","logo":{"@type":"ImageObject","inLanguage":"de","@id":"https:\/\/www.franz-stadlhofer.at\/shop\/#\/schema\/logo\/image\/","url":"https:\/\/www.franz-stadlhofer.at\/shop\/wp-content\/uploads\/2019\/10\/LOGO-2-RETINA.png","contentUrl":"https:\/\/www.franz-stadlhofer.at\/shop\/wp-content\/uploads\/2019\/10\/LOGO-2-RETINA.png","width":471,"height":160,"caption":"Schnitzstube Stadlhofer Shop"},"image":{"@id":"https:\/\/www.franz-stadlhofer.at\/shop\/#\/schema\/logo\/image\/"}}]}},"_links":{"self":[{"href":"https:\/\/www.franz-stadlhofer.at\/shop\/wp-json\/wp\/v2\/product\/22466","targetHints":{"allow":["GET"]}}],"collection":[{"href":"https:\/\/www.franz-stadlhofer.at\/shop\/wp-json\/wp\/v2\/product"}],"about":[{"href":"https:\/\/www.franz-stadlhofer.at\/shop\/wp-json\/wp\/v2\/types\/product"}],"wp:featuredmedia":[{"embeddable":true,"href":"https:\/\/www.franz-stadlhofer.at\/shop\/wp-json\/wp\/v2\/media\/22467"}],"wp:attachment":[{"href":"https:\/\/www.franz-stadlhofer.at\/shop\/wp-json\/wp\/v2\/media?parent=22466"}],"wp:term":[{"taxonomy":"product_brand","embeddable":true,"href":"https:\/\/www.franz-stadlhofer.at\/shop\/wp-json\/wp\/v2\/product_brand?post=22466"},{"taxonomy":"product_cat","embeddable":true,"href":"https:\/\/www.franz-stadlhofer.at\/shop\/wp-json\/wp\/v2\/product_cat?post=22466"},{"taxonomy":"product_tag","embeddable":true,"href":"https:\/\/www.franz-stadlhofer.at\/shop\/wp-json\/wp\/v2\/product_tag?post=22466"}],"curies":[{"name":"wp","href":"https:\/\/api.w.org\/{rel}","templated":true}]}}