{"id":22451,"date":"2015-01-11T16:22:59","date_gmt":"2015-01-11T16:22:59","guid":{"rendered":"https:\/\/www.franz-stadlhofer.at\/shop\/?post_type=product&#038;p=22451"},"modified":"2025-01-23T15:34:48","modified_gmt":"2025-01-23T14:34:48","slug":"druckbleistift","status":"publish","type":"product","link":"https:\/\/www.franz-stadlhofer.at\/shop\/produkt\/druckbleistift\/","title":{"rendered":"Druckbleistift"},"content":{"rendered":"<p>Die komfortable Gummigriffzone gew\u00e4hrleistet ein angenehmes Schreibgef\u00fchl. Die 0,7 mm Mine eignet sich f\u00fcr besonders bruchfestes Schreiben. Der Bleistift ist mit einem herausdrehbarem Radiergummi in der Endkappe ausgestattet. Die Mine l\u00e4sst sich selbstverst\u00e4ndlich komplett taschensicher versenken. Die Farben k\u00f6nnen abweichen.<\/p>\n","protected":false},"excerpt":{"rendered":"<p>Die komfortable Gummigriffzone gew\u00e4hrleistet ein angenehmes Schreibgef\u00fchl. Die 0,7 mm Mine eignet sich f\u00fcr besonders bruchfestes Schreiben. Der Bleistift ist mit einem herausdrehbarem Radiergummi in der Endkappe ausgestattet. Die Mine l\u00e4sst sich selbstverst\u00e4ndlich komplett taschensicher  [&#8230;]<\/p>\n","protected":false},"featured_media":22452,"template":"","meta":[],"product_brand":[810],"product_cat":[792,1188],"product_tag":[],"class_list":{"0":"post-22451","1":"product","2":"type-product","3":"status-publish","4":"has-post-thumbnail","6":"product_brand-faber-castell","7":"product_cat-zeichnen-konstruieren","8":"product_cat-drum-herum","10":"first","11":"instock","12":"taxable","13":"shipping-taxable","14":"purchasable","15":"product-type-simple"},"barcode":null,"atum_controlled":true,"out_stock_date":null,"out_stock_threshold":null,"inheritable":false,"stock_on_hold":0,"sold_today":0,"sales_last_days":0,"reserved_stock":0,"customer_returns":0,"warehouse_damage":0,"lost_in_post":0,"other_logs":0,"out_stock_days":0,"lost_sales":0,"update_date":"2026-05-17T00:10:59","atum_locations":[],"atum_stock_status":"instock","restock_status":false,"low_stock_amount":"","sales_update_date":"2026-05-17T00:10:59","calc_backorders":null,"yoast_head":"<!-- This site is optimized with the Yoast SEO plugin v27.5 - https:\/\/yoast.com\/product\/yoast-seo-wordpress\/ -->\n<title>Druckbleistift<\/title>\n<meta name=\"description\" content=\"Die komfortable Gummigriffzone gew\u00e4hrleistet ein angenehmes Schreibgef\u00fchl. Die 0,7 mm Mine eignet sich f\u00fcr besonders bruchfestes Schreiben. Der Bleistift ist mit einem herausdrehbarem Radiergummi in der Endkappe ausgestattet. Die Mine l\u00e4sst sich selbstverst\u00e4ndlich komplett taschensicher versenken. Die Farben k\u00f6nnen abweichen.\" \/>\n<meta name=\"robots\" content=\"index, follow, max-snippet:-1, max-image-preview:large, max-video-preview:-1\" \/>\n<link rel=\"canonical\" href=\"https:\/\/www.franz-stadlhofer.at\/shop\/produkt\/druckbleistift\/\" \/>\n<meta property=\"og:locale\" content=\"de_DE\" \/>\n<meta property=\"og:type\" content=\"article\" \/>\n<meta property=\"og:title\" content=\"Druckbleistift\" \/>\n<meta property=\"og:description\" content=\"Die komfortable Gummigriffzone gew\u00e4hrleistet ein angenehmes Schreibgef\u00fchl. Die 0,7 mm Mine eignet sich f\u00fcr besonders bruchfestes Schreiben. Der Bleistift ist mit einem herausdrehbarem Radiergummi in der Endkappe ausgestattet. Die Mine l\u00e4sst sich selbstverst\u00e4ndlich komplett taschensicher versenken. Die Farben k\u00f6nnen abweichen.\" \/>\n<meta property=\"og:url\" content=\"https:\/\/www.franz-stadlhofer.at\/shop\/produkt\/druckbleistift\/\" \/>\n<meta property=\"og:site_name\" content=\"Schnitzstube Stadlhofer Shop\" \/>\n<meta property=\"article:modified_time\" content=\"2025-01-23T14:34:48+00:00\" \/>\n<meta property=\"og:image\" content=\"https:\/\/www.franz-stadlhofer.at\/shop\/wp-content\/uploads\/2015\/01\/products-Druckbleistift_2.jpg\" \/>\n\t<meta property=\"og:image:width\" content=\"945\" \/>\n\t<meta property=\"og:image:height\" content=\"945\" \/>\n\t<meta property=\"og:image:type\" content=\"image\/jpeg\" \/>\n<meta name=\"twitter:card\" content=\"summary_large_image\" \/>\n<script type=\"application\/ld+json\" class=\"yoast-schema-graph\">{\"@context\":\"https:\\\/\\\/schema.org\",\"@graph\":[{\"@type\":\"WebPage\",\"@id\":\"https:\\\/\\\/www.franz-stadlhofer.at\\\/shop\\\/produkt\\\/druckbleistift\\\/\",\"url\":\"https:\\\/\\\/www.franz-stadlhofer.at\\\/shop\\\/produkt\\\/druckbleistift\\\/\",\"name\":\"Druckbleistift\",\"isPartOf\":{\"@id\":\"https:\\\/\\\/www.franz-stadlhofer.at\\\/shop\\\/#website\"},\"primaryImageOfPage\":{\"@id\":\"https:\\\/\\\/www.franz-stadlhofer.at\\\/shop\\\/produkt\\\/druckbleistift\\\/#primaryimage\"},\"image\":{\"@id\":\"https:\\\/\\\/www.franz-stadlhofer.at\\\/shop\\\/produkt\\\/druckbleistift\\\/#primaryimage\"},\"thumbnailUrl\":\"https:\\\/\\\/www.franz-stadlhofer.at\\\/shop\\\/wp-content\\\/uploads\\\/2015\\\/01\\\/products-Druckbleistift_2.jpg\",\"datePublished\":\"2015-01-11T16:22:59+00:00\",\"dateModified\":\"2025-01-23T14:34:48+00:00\",\"description\":\"Die komfortable Gummigriffzone gew\u00e4hrleistet ein angenehmes Schreibgef\u00fchl. Die 0,7 mm Mine eignet sich f\u00fcr besonders bruchfestes Schreiben. Der Bleistift ist mit einem herausdrehbarem Radiergummi in der Endkappe ausgestattet. Die Mine l\u00e4sst sich selbstverst\u00e4ndlich komplett taschensicher versenken. Die Farben k\u00f6nnen abweichen.\",\"breadcrumb\":{\"@id\":\"https:\\\/\\\/www.franz-stadlhofer.at\\\/shop\\\/produkt\\\/druckbleistift\\\/#breadcrumb\"},\"inLanguage\":\"de\",\"potentialAction\":[{\"@type\":\"ReadAction\",\"target\":[\"https:\\\/\\\/www.franz-stadlhofer.at\\\/shop\\\/produkt\\\/druckbleistift\\\/\"]}]},{\"@type\":\"ImageObject\",\"inLanguage\":\"de\",\"@id\":\"https:\\\/\\\/www.franz-stadlhofer.at\\\/shop\\\/produkt\\\/druckbleistift\\\/#primaryimage\",\"url\":\"https:\\\/\\\/www.franz-stadlhofer.at\\\/shop\\\/wp-content\\\/uploads\\\/2015\\\/01\\\/products-Druckbleistift_2.jpg\",\"contentUrl\":\"https:\\\/\\\/www.franz-stadlhofer.at\\\/shop\\\/wp-content\\\/uploads\\\/2015\\\/01\\\/products-Druckbleistift_2.jpg\",\"width\":\"945\",\"height\":\"945\",\"caption\":\"Druckbleistift - Schnitzstube Stadlhofer Shop\"},{\"@type\":\"BreadcrumbList\",\"@id\":\"https:\\\/\\\/www.franz-stadlhofer.at\\\/shop\\\/produkt\\\/druckbleistift\\\/#breadcrumb\",\"itemListElement\":[{\"@type\":\"ListItem\",\"position\":1,\"name\":\"Startseite\",\"item\":\"https:\\\/\\\/www.franz-stadlhofer.at\\\/shop\\\/\"},{\"@type\":\"ListItem\",\"position\":2,\"name\":\"Produkte\",\"item\":\"https:\\\/\\\/www.franz-stadlhofer.at\\\/shop\\\/shop\\\/\"},{\"@type\":\"ListItem\",\"position\":3,\"name\":\"Druckbleistift\"}]},{\"@type\":\"WebSite\",\"@id\":\"https:\\\/\\\/www.franz-stadlhofer.at\\\/shop\\\/#website\",\"url\":\"https:\\\/\\\/www.franz-stadlhofer.at\\\/shop\\\/\",\"name\":\"Schnitzstube Stadlhofer Shop\",\"description\":\"Holzschnitzen Onlineshop\",\"publisher\":{\"@id\":\"https:\\\/\\\/www.franz-stadlhofer.at\\\/shop\\\/#organization\"},\"potentialAction\":[{\"@type\":\"SearchAction\",\"target\":{\"@type\":\"EntryPoint\",\"urlTemplate\":\"https:\\\/\\\/www.franz-stadlhofer.at\\\/shop\\\/?s={search_term_string}\"},\"query-input\":{\"@type\":\"PropertyValueSpecification\",\"valueRequired\":true,\"valueName\":\"search_term_string\"}}],\"inLanguage\":\"de\"},{\"@type\":\"Organization\",\"@id\":\"https:\\\/\\\/www.franz-stadlhofer.at\\\/shop\\\/#organization\",\"name\":\"Schnitzstube Stadlhofer Shop\",\"url\":\"https:\\\/\\\/www.franz-stadlhofer.at\\\/shop\\\/\",\"logo\":{\"@type\":\"ImageObject\",\"inLanguage\":\"de\",\"@id\":\"https:\\\/\\\/www.franz-stadlhofer.at\\\/shop\\\/#\\\/schema\\\/logo\\\/image\\\/\",\"url\":\"https:\\\/\\\/www.franz-stadlhofer.at\\\/shop\\\/wp-content\\\/uploads\\\/2019\\\/10\\\/LOGO-2-RETINA.png\",\"contentUrl\":\"https:\\\/\\\/www.franz-stadlhofer.at\\\/shop\\\/wp-content\\\/uploads\\\/2019\\\/10\\\/LOGO-2-RETINA.png\",\"width\":471,\"height\":160,\"caption\":\"Schnitzstube Stadlhofer Shop\"},\"image\":{\"@id\":\"https:\\\/\\\/www.franz-stadlhofer.at\\\/shop\\\/#\\\/schema\\\/logo\\\/image\\\/\"}}]}<\/script>\n<!-- \/ Yoast SEO plugin. -->","yoast_head_json":{"title":"Druckbleistift","description":"Die komfortable Gummigriffzone gew\u00e4hrleistet ein angenehmes Schreibgef\u00fchl. Die 0,7 mm Mine eignet sich f\u00fcr besonders bruchfestes Schreiben. Der Bleistift ist mit einem herausdrehbarem Radiergummi in der Endkappe ausgestattet. Die Mine l\u00e4sst sich selbstverst\u00e4ndlich komplett taschensicher versenken. Die Farben k\u00f6nnen abweichen.","robots":{"index":"index","follow":"follow","max-snippet":"max-snippet:-1","max-image-preview":"max-image-preview:large","max-video-preview":"max-video-preview:-1"},"canonical":"https:\/\/www.franz-stadlhofer.at\/shop\/produkt\/druckbleistift\/","og_locale":"de_DE","og_type":"article","og_title":"Druckbleistift","og_description":"Die komfortable Gummigriffzone gew\u00e4hrleistet ein angenehmes Schreibgef\u00fchl. Die 0,7 mm Mine eignet sich f\u00fcr besonders bruchfestes Schreiben. Der Bleistift ist mit einem herausdrehbarem Radiergummi in der Endkappe ausgestattet. Die Mine l\u00e4sst sich selbstverst\u00e4ndlich komplett taschensicher versenken. Die Farben k\u00f6nnen abweichen.","og_url":"https:\/\/www.franz-stadlhofer.at\/shop\/produkt\/druckbleistift\/","og_site_name":"Schnitzstube Stadlhofer Shop","article_modified_time":"2025-01-23T14:34:48+00:00","og_image":[{"width":945,"height":945,"url":"https:\/\/www.franz-stadlhofer.at\/shop\/wp-content\/uploads\/2015\/01\/products-Druckbleistift_2.jpg","type":"image\/jpeg"}],"twitter_card":"summary_large_image","schema":{"@context":"https:\/\/schema.org","@graph":[{"@type":"WebPage","@id":"https:\/\/www.franz-stadlhofer.at\/shop\/produkt\/druckbleistift\/","url":"https:\/\/www.franz-stadlhofer.at\/shop\/produkt\/druckbleistift\/","name":"Druckbleistift","isPartOf":{"@id":"https:\/\/www.franz-stadlhofer.at\/shop\/#website"},"primaryImageOfPage":{"@id":"https:\/\/www.franz-stadlhofer.at\/shop\/produkt\/druckbleistift\/#primaryimage"},"image":{"@id":"https:\/\/www.franz-stadlhofer.at\/shop\/produkt\/druckbleistift\/#primaryimage"},"thumbnailUrl":"https:\/\/www.franz-stadlhofer.at\/shop\/wp-content\/uploads\/2015\/01\/products-Druckbleistift_2.jpg","datePublished":"2015-01-11T16:22:59+00:00","dateModified":"2025-01-23T14:34:48+00:00","description":"Die komfortable Gummigriffzone gew\u00e4hrleistet ein angenehmes Schreibgef\u00fchl. Die 0,7 mm Mine eignet sich f\u00fcr besonders bruchfestes Schreiben. Der Bleistift ist mit einem herausdrehbarem Radiergummi in der Endkappe ausgestattet. Die Mine l\u00e4sst sich selbstverst\u00e4ndlich komplett taschensicher versenken. Die Farben k\u00f6nnen abweichen.","breadcrumb":{"@id":"https:\/\/www.franz-stadlhofer.at\/shop\/produkt\/druckbleistift\/#breadcrumb"},"inLanguage":"de","potentialAction":[{"@type":"ReadAction","target":["https:\/\/www.franz-stadlhofer.at\/shop\/produkt\/druckbleistift\/"]}]},{"@type":"ImageObject","inLanguage":"de","@id":"https:\/\/www.franz-stadlhofer.at\/shop\/produkt\/druckbleistift\/#primaryimage","url":"https:\/\/www.franz-stadlhofer.at\/shop\/wp-content\/uploads\/2015\/01\/products-Druckbleistift_2.jpg","contentUrl":"https:\/\/www.franz-stadlhofer.at\/shop\/wp-content\/uploads\/2015\/01\/products-Druckbleistift_2.jpg","width":"945","height":"945","caption":"Druckbleistift - Schnitzstube Stadlhofer Shop"},{"@type":"BreadcrumbList","@id":"https:\/\/www.franz-stadlhofer.at\/shop\/produkt\/druckbleistift\/#breadcrumb","itemListElement":[{"@type":"ListItem","position":1,"name":"Startseite","item":"https:\/\/www.franz-stadlhofer.at\/shop\/"},{"@type":"ListItem","position":2,"name":"Produkte","item":"https:\/\/www.franz-stadlhofer.at\/shop\/shop\/"},{"@type":"ListItem","position":3,"name":"Druckbleistift"}]},{"@type":"WebSite","@id":"https:\/\/www.franz-stadlhofer.at\/shop\/#website","url":"https:\/\/www.franz-stadlhofer.at\/shop\/","name":"Schnitzstube Stadlhofer Shop","description":"Holzschnitzen Onlineshop","publisher":{"@id":"https:\/\/www.franz-stadlhofer.at\/shop\/#organization"},"potentialAction":[{"@type":"SearchAction","target":{"@type":"EntryPoint","urlTemplate":"https:\/\/www.franz-stadlhofer.at\/shop\/?s={search_term_string}"},"query-input":{"@type":"PropertyValueSpecification","valueRequired":true,"valueName":"search_term_string"}}],"inLanguage":"de"},{"@type":"Organization","@id":"https:\/\/www.franz-stadlhofer.at\/shop\/#organization","name":"Schnitzstube Stadlhofer Shop","url":"https:\/\/www.franz-stadlhofer.at\/shop\/","logo":{"@type":"ImageObject","inLanguage":"de","@id":"https:\/\/www.franz-stadlhofer.at\/shop\/#\/schema\/logo\/image\/","url":"https:\/\/www.franz-stadlhofer.at\/shop\/wp-content\/uploads\/2019\/10\/LOGO-2-RETINA.png","contentUrl":"https:\/\/www.franz-stadlhofer.at\/shop\/wp-content\/uploads\/2019\/10\/LOGO-2-RETINA.png","width":471,"height":160,"caption":"Schnitzstube Stadlhofer Shop"},"image":{"@id":"https:\/\/www.franz-stadlhofer.at\/shop\/#\/schema\/logo\/image\/"}}]}},"_links":{"self":[{"href":"https:\/\/www.franz-stadlhofer.at\/shop\/wp-json\/wp\/v2\/product\/22451","targetHints":{"allow":["GET"]}}],"collection":[{"href":"https:\/\/www.franz-stadlhofer.at\/shop\/wp-json\/wp\/v2\/product"}],"about":[{"href":"https:\/\/www.franz-stadlhofer.at\/shop\/wp-json\/wp\/v2\/types\/product"}],"wp:featuredmedia":[{"embeddable":true,"href":"https:\/\/www.franz-stadlhofer.at\/shop\/wp-json\/wp\/v2\/media\/22452"}],"wp:attachment":[{"href":"https:\/\/www.franz-stadlhofer.at\/shop\/wp-json\/wp\/v2\/media?parent=22451"}],"wp:term":[{"taxonomy":"product_brand","embeddable":true,"href":"https:\/\/www.franz-stadlhofer.at\/shop\/wp-json\/wp\/v2\/product_brand?post=22451"},{"taxonomy":"product_cat","embeddable":true,"href":"https:\/\/www.franz-stadlhofer.at\/shop\/wp-json\/wp\/v2\/product_cat?post=22451"},{"taxonomy":"product_tag","embeddable":true,"href":"https:\/\/www.franz-stadlhofer.at\/shop\/wp-json\/wp\/v2\/product_tag?post=22451"}],"curies":[{"name":"wp","href":"https:\/\/api.w.org\/{rel}","templated":true}]}}