{"id":22446,"date":"2015-01-06T14:42:11","date_gmt":"2015-01-06T13:42:11","guid":{"rendered":"https:\/\/www.franz-stadlhofer.at\/shop\/?post_type=product&#038;p=22446"},"modified":"2026-03-15T07:40:04","modified_gmt":"2026-03-15T06:40:04","slug":"rutschfeste-unterlage","status":"publish","type":"product","link":"https:\/\/www.franz-stadlhofer.at\/shop\/produkt\/rutschfeste-unterlage\/","title":{"rendered":"Rutschfeste Unterlage"},"content":{"rendered":"<p>Diese Unterlage unterst\u00fctzt nicht nur beim Schnitzen, denn sie verhindert ein leichtes Verrutschen von allen Gegenst\u00e4nden, die darauf abgestellt werden.<\/p>\n<p>Beim Schnitzen erleichtert sie das Arbeiten und verringert die Verletzungsgefahr.<\/p>\n<p>Ma\u00dfe (L x B): ca. 50 x 35 cm<br \/>\nMaterial: Kunststoff<\/p>\n","protected":false},"excerpt":{"rendered":"<p>Diese Unterlage unterst\u00fctzt nicht nur beim Schnitzen, denn sie verhindert ein leichtes Verrutschen von allen Gegenst\u00e4nden, die darauf abgestellt werden. Beim Schnitzen erleichtert sie das Arbeiten und verringert die Verletzungsgefahr. Ma\u00dfe (L x B): ca.  [&#8230;]<\/p>\n","protected":false},"featured_media":22447,"template":"","meta":[],"product_brand":[803],"product_cat":[756,758,790],"product_tag":[],"class_list":{"0":"post-22446","1":"product","2":"type-product","3":"status-publish","4":"has-post-thumbnail","6":"product_brand-schnitzstube-franz-stadlhofer","7":"product_cat-zubehor-werkzeug","8":"product_cat-werkzeuge","9":"product_cat-zubehor-holz","11":"first","12":"instock","13":"taxable","14":"shipping-taxable","15":"purchasable","16":"product-type-simple"},"barcode":null,"atum_controlled":true,"out_stock_date":null,"out_stock_threshold":null,"inheritable":false,"stock_on_hold":0,"sold_today":0,"sales_last_days":0,"reserved_stock":0,"customer_returns":0,"warehouse_damage":0,"lost_in_post":0,"other_logs":0,"out_stock_days":0,"lost_sales":0,"update_date":"2026-04-30T00:02:00","atum_locations":[],"atum_stock_status":"instock","restock_status":false,"low_stock_amount":"","sales_update_date":"2026-04-30T00:02:00","calc_backorders":null,"yoast_head":"<!-- This site is optimized with the Yoast SEO plugin v27.4 - https:\/\/yoast.com\/product\/yoast-seo-wordpress\/ -->\n<title>Rutschfeste Unterlage<\/title>\n<meta name=\"description\" content=\"Diese Unterlage unterst\u00fctzt nicht nur beim Schnitzen, denn sie verhindert ein leichtes Verrutschen von allen Gegenst\u00e4nden, die darauf abgestellt werden. Beim Schnitzen erleichtert sie das Arbeiten und verringert die Verletzungsgefahr. Ma\u00dfe (L x B): ca. 50 x 35 cmMaterial: Kunststoff\" \/>\n<meta name=\"robots\" content=\"index, follow, max-snippet:-1, max-image-preview:large, max-video-preview:-1\" \/>\n<link rel=\"canonical\" href=\"https:\/\/www.franz-stadlhofer.at\/shop\/produkt\/rutschfeste-unterlage\/\" \/>\n<meta property=\"og:locale\" content=\"de_DE\" \/>\n<meta property=\"og:type\" content=\"article\" \/>\n<meta property=\"og:title\" content=\"Rutschfeste Unterlage\" \/>\n<meta property=\"og:description\" content=\"Diese Unterlage unterst\u00fctzt nicht nur beim Schnitzen, denn sie verhindert ein leichtes Verrutschen von allen Gegenst\u00e4nden, die darauf abgestellt werden. Beim Schnitzen erleichtert sie das Arbeiten und verringert die Verletzungsgefahr. Ma\u00dfe (L x B): ca. 50 x 35 cmMaterial: Kunststoff\" \/>\n<meta property=\"og:url\" content=\"https:\/\/www.franz-stadlhofer.at\/shop\/produkt\/rutschfeste-unterlage\/\" \/>\n<meta property=\"og:site_name\" content=\"Schnitzstube Stadlhofer Shop\" \/>\n<meta property=\"article:modified_time\" content=\"2026-03-15T06:40:04+00:00\" \/>\n<meta property=\"og:image\" content=\"https:\/\/www.franz-stadlhofer.at\/shop\/wp-content\/uploads\/2015\/08\/products-rutschfeste_Unterlage.jpg\" \/>\n\t<meta property=\"og:image:width\" content=\"945\" \/>\n\t<meta property=\"og:image:height\" content=\"945\" \/>\n\t<meta property=\"og:image:type\" content=\"image\/jpeg\" \/>\n<meta name=\"twitter:card\" content=\"summary_large_image\" \/>\n<meta name=\"twitter:label1\" content=\"Gesch\u00e4tzte Lesezeit\" \/>\n\t<meta name=\"twitter:data1\" content=\"1\u00a0Minute\" \/>\n<script type=\"application\/ld+json\" class=\"yoast-schema-graph\">{\"@context\":\"https:\\\/\\\/schema.org\",\"@graph\":[{\"@type\":\"WebPage\",\"@id\":\"https:\\\/\\\/www.franz-stadlhofer.at\\\/shop\\\/produkt\\\/rutschfeste-unterlage\\\/\",\"url\":\"https:\\\/\\\/www.franz-stadlhofer.at\\\/shop\\\/produkt\\\/rutschfeste-unterlage\\\/\",\"name\":\"Rutschfeste Unterlage\",\"isPartOf\":{\"@id\":\"https:\\\/\\\/www.franz-stadlhofer.at\\\/shop\\\/#website\"},\"primaryImageOfPage\":{\"@id\":\"https:\\\/\\\/www.franz-stadlhofer.at\\\/shop\\\/produkt\\\/rutschfeste-unterlage\\\/#primaryimage\"},\"image\":{\"@id\":\"https:\\\/\\\/www.franz-stadlhofer.at\\\/shop\\\/produkt\\\/rutschfeste-unterlage\\\/#primaryimage\"},\"thumbnailUrl\":\"https:\\\/\\\/www.franz-stadlhofer.at\\\/shop\\\/wp-content\\\/uploads\\\/2015\\\/08\\\/products-rutschfeste_Unterlage.jpg\",\"datePublished\":\"2015-01-06T13:42:11+00:00\",\"dateModified\":\"2026-03-15T06:40:04+00:00\",\"description\":\"Diese Unterlage unterst\u00fctzt nicht nur beim Schnitzen, denn sie verhindert ein leichtes Verrutschen von allen Gegenst\u00e4nden, die darauf abgestellt werden. Beim Schnitzen erleichtert sie das Arbeiten und verringert die Verletzungsgefahr. Ma\u00dfe (L x B): ca. 50 x 35 cmMaterial: Kunststoff\",\"breadcrumb\":{\"@id\":\"https:\\\/\\\/www.franz-stadlhofer.at\\\/shop\\\/produkt\\\/rutschfeste-unterlage\\\/#breadcrumb\"},\"inLanguage\":\"de\",\"potentialAction\":[{\"@type\":\"ReadAction\",\"target\":[\"https:\\\/\\\/www.franz-stadlhofer.at\\\/shop\\\/produkt\\\/rutschfeste-unterlage\\\/\"]}]},{\"@type\":\"ImageObject\",\"inLanguage\":\"de\",\"@id\":\"https:\\\/\\\/www.franz-stadlhofer.at\\\/shop\\\/produkt\\\/rutschfeste-unterlage\\\/#primaryimage\",\"url\":\"https:\\\/\\\/www.franz-stadlhofer.at\\\/shop\\\/wp-content\\\/uploads\\\/2015\\\/08\\\/products-rutschfeste_Unterlage.jpg\",\"contentUrl\":\"https:\\\/\\\/www.franz-stadlhofer.at\\\/shop\\\/wp-content\\\/uploads\\\/2015\\\/08\\\/products-rutschfeste_Unterlage.jpg\",\"width\":\"945\",\"height\":\"945\",\"caption\":\"Rutschfeste Unterlage - Schnitzstube Stadlhofer Shop\"},{\"@type\":\"BreadcrumbList\",\"@id\":\"https:\\\/\\\/www.franz-stadlhofer.at\\\/shop\\\/produkt\\\/rutschfeste-unterlage\\\/#breadcrumb\",\"itemListElement\":[{\"@type\":\"ListItem\",\"position\":1,\"name\":\"Startseite\",\"item\":\"https:\\\/\\\/www.franz-stadlhofer.at\\\/shop\\\/\"},{\"@type\":\"ListItem\",\"position\":2,\"name\":\"Produkte\",\"item\":\"https:\\\/\\\/www.franz-stadlhofer.at\\\/shop\\\/shop\\\/\"},{\"@type\":\"ListItem\",\"position\":3,\"name\":\"Rutschfeste Unterlage\"}]},{\"@type\":\"WebSite\",\"@id\":\"https:\\\/\\\/www.franz-stadlhofer.at\\\/shop\\\/#website\",\"url\":\"https:\\\/\\\/www.franz-stadlhofer.at\\\/shop\\\/\",\"name\":\"Schnitzstube Stadlhofer Shop\",\"description\":\"Holzschnitzen Onlineshop\",\"publisher\":{\"@id\":\"https:\\\/\\\/www.franz-stadlhofer.at\\\/shop\\\/#organization\"},\"potentialAction\":[{\"@type\":\"SearchAction\",\"target\":{\"@type\":\"EntryPoint\",\"urlTemplate\":\"https:\\\/\\\/www.franz-stadlhofer.at\\\/shop\\\/?s={search_term_string}\"},\"query-input\":{\"@type\":\"PropertyValueSpecification\",\"valueRequired\":true,\"valueName\":\"search_term_string\"}}],\"inLanguage\":\"de\"},{\"@type\":\"Organization\",\"@id\":\"https:\\\/\\\/www.franz-stadlhofer.at\\\/shop\\\/#organization\",\"name\":\"Schnitzstube Stadlhofer Shop\",\"url\":\"https:\\\/\\\/www.franz-stadlhofer.at\\\/shop\\\/\",\"logo\":{\"@type\":\"ImageObject\",\"inLanguage\":\"de\",\"@id\":\"https:\\\/\\\/www.franz-stadlhofer.at\\\/shop\\\/#\\\/schema\\\/logo\\\/image\\\/\",\"url\":\"https:\\\/\\\/www.franz-stadlhofer.at\\\/shop\\\/wp-content\\\/uploads\\\/2019\\\/10\\\/LOGO-2-RETINA.png\",\"contentUrl\":\"https:\\\/\\\/www.franz-stadlhofer.at\\\/shop\\\/wp-content\\\/uploads\\\/2019\\\/10\\\/LOGO-2-RETINA.png\",\"width\":471,\"height\":160,\"caption\":\"Schnitzstube Stadlhofer Shop\"},\"image\":{\"@id\":\"https:\\\/\\\/www.franz-stadlhofer.at\\\/shop\\\/#\\\/schema\\\/logo\\\/image\\\/\"}}]}<\/script>\n<!-- \/ Yoast SEO plugin. -->","yoast_head_json":{"title":"Rutschfeste Unterlage","description":"Diese Unterlage unterst\u00fctzt nicht nur beim Schnitzen, denn sie verhindert ein leichtes Verrutschen von allen Gegenst\u00e4nden, die darauf abgestellt werden. Beim Schnitzen erleichtert sie das Arbeiten und verringert die Verletzungsgefahr. Ma\u00dfe (L x B): ca. 50 x 35 cmMaterial: Kunststoff","robots":{"index":"index","follow":"follow","max-snippet":"max-snippet:-1","max-image-preview":"max-image-preview:large","max-video-preview":"max-video-preview:-1"},"canonical":"https:\/\/www.franz-stadlhofer.at\/shop\/produkt\/rutschfeste-unterlage\/","og_locale":"de_DE","og_type":"article","og_title":"Rutschfeste Unterlage","og_description":"Diese Unterlage unterst\u00fctzt nicht nur beim Schnitzen, denn sie verhindert ein leichtes Verrutschen von allen Gegenst\u00e4nden, die darauf abgestellt werden. Beim Schnitzen erleichtert sie das Arbeiten und verringert die Verletzungsgefahr. Ma\u00dfe (L x B): ca. 50 x 35 cmMaterial: Kunststoff","og_url":"https:\/\/www.franz-stadlhofer.at\/shop\/produkt\/rutschfeste-unterlage\/","og_site_name":"Schnitzstube Stadlhofer Shop","article_modified_time":"2026-03-15T06:40:04+00:00","og_image":[{"width":945,"height":945,"url":"https:\/\/www.franz-stadlhofer.at\/shop\/wp-content\/uploads\/2015\/08\/products-rutschfeste_Unterlage.jpg","type":"image\/jpeg"}],"twitter_card":"summary_large_image","twitter_misc":{"Gesch\u00e4tzte Lesezeit":"1\u00a0Minute"},"schema":{"@context":"https:\/\/schema.org","@graph":[{"@type":"WebPage","@id":"https:\/\/www.franz-stadlhofer.at\/shop\/produkt\/rutschfeste-unterlage\/","url":"https:\/\/www.franz-stadlhofer.at\/shop\/produkt\/rutschfeste-unterlage\/","name":"Rutschfeste Unterlage","isPartOf":{"@id":"https:\/\/www.franz-stadlhofer.at\/shop\/#website"},"primaryImageOfPage":{"@id":"https:\/\/www.franz-stadlhofer.at\/shop\/produkt\/rutschfeste-unterlage\/#primaryimage"},"image":{"@id":"https:\/\/www.franz-stadlhofer.at\/shop\/produkt\/rutschfeste-unterlage\/#primaryimage"},"thumbnailUrl":"https:\/\/www.franz-stadlhofer.at\/shop\/wp-content\/uploads\/2015\/08\/products-rutschfeste_Unterlage.jpg","datePublished":"2015-01-06T13:42:11+00:00","dateModified":"2026-03-15T06:40:04+00:00","description":"Diese Unterlage unterst\u00fctzt nicht nur beim Schnitzen, denn sie verhindert ein leichtes Verrutschen von allen Gegenst\u00e4nden, die darauf abgestellt werden. Beim Schnitzen erleichtert sie das Arbeiten und verringert die Verletzungsgefahr. Ma\u00dfe (L x B): ca. 50 x 35 cmMaterial: Kunststoff","breadcrumb":{"@id":"https:\/\/www.franz-stadlhofer.at\/shop\/produkt\/rutschfeste-unterlage\/#breadcrumb"},"inLanguage":"de","potentialAction":[{"@type":"ReadAction","target":["https:\/\/www.franz-stadlhofer.at\/shop\/produkt\/rutschfeste-unterlage\/"]}]},{"@type":"ImageObject","inLanguage":"de","@id":"https:\/\/www.franz-stadlhofer.at\/shop\/produkt\/rutschfeste-unterlage\/#primaryimage","url":"https:\/\/www.franz-stadlhofer.at\/shop\/wp-content\/uploads\/2015\/08\/products-rutschfeste_Unterlage.jpg","contentUrl":"https:\/\/www.franz-stadlhofer.at\/shop\/wp-content\/uploads\/2015\/08\/products-rutschfeste_Unterlage.jpg","width":"945","height":"945","caption":"Rutschfeste Unterlage - Schnitzstube Stadlhofer Shop"},{"@type":"BreadcrumbList","@id":"https:\/\/www.franz-stadlhofer.at\/shop\/produkt\/rutschfeste-unterlage\/#breadcrumb","itemListElement":[{"@type":"ListItem","position":1,"name":"Startseite","item":"https:\/\/www.franz-stadlhofer.at\/shop\/"},{"@type":"ListItem","position":2,"name":"Produkte","item":"https:\/\/www.franz-stadlhofer.at\/shop\/shop\/"},{"@type":"ListItem","position":3,"name":"Rutschfeste Unterlage"}]},{"@type":"WebSite","@id":"https:\/\/www.franz-stadlhofer.at\/shop\/#website","url":"https:\/\/www.franz-stadlhofer.at\/shop\/","name":"Schnitzstube Stadlhofer Shop","description":"Holzschnitzen Onlineshop","publisher":{"@id":"https:\/\/www.franz-stadlhofer.at\/shop\/#organization"},"potentialAction":[{"@type":"SearchAction","target":{"@type":"EntryPoint","urlTemplate":"https:\/\/www.franz-stadlhofer.at\/shop\/?s={search_term_string}"},"query-input":{"@type":"PropertyValueSpecification","valueRequired":true,"valueName":"search_term_string"}}],"inLanguage":"de"},{"@type":"Organization","@id":"https:\/\/www.franz-stadlhofer.at\/shop\/#organization","name":"Schnitzstube Stadlhofer Shop","url":"https:\/\/www.franz-stadlhofer.at\/shop\/","logo":{"@type":"ImageObject","inLanguage":"de","@id":"https:\/\/www.franz-stadlhofer.at\/shop\/#\/schema\/logo\/image\/","url":"https:\/\/www.franz-stadlhofer.at\/shop\/wp-content\/uploads\/2019\/10\/LOGO-2-RETINA.png","contentUrl":"https:\/\/www.franz-stadlhofer.at\/shop\/wp-content\/uploads\/2019\/10\/LOGO-2-RETINA.png","width":471,"height":160,"caption":"Schnitzstube Stadlhofer Shop"},"image":{"@id":"https:\/\/www.franz-stadlhofer.at\/shop\/#\/schema\/logo\/image\/"}}]}},"_links":{"self":[{"href":"https:\/\/www.franz-stadlhofer.at\/shop\/wp-json\/wp\/v2\/product\/22446","targetHints":{"allow":["GET"]}}],"collection":[{"href":"https:\/\/www.franz-stadlhofer.at\/shop\/wp-json\/wp\/v2\/product"}],"about":[{"href":"https:\/\/www.franz-stadlhofer.at\/shop\/wp-json\/wp\/v2\/types\/product"}],"wp:featuredmedia":[{"embeddable":true,"href":"https:\/\/www.franz-stadlhofer.at\/shop\/wp-json\/wp\/v2\/media\/22447"}],"wp:attachment":[{"href":"https:\/\/www.franz-stadlhofer.at\/shop\/wp-json\/wp\/v2\/media?parent=22446"}],"wp:term":[{"taxonomy":"product_brand","embeddable":true,"href":"https:\/\/www.franz-stadlhofer.at\/shop\/wp-json\/wp\/v2\/product_brand?post=22446"},{"taxonomy":"product_cat","embeddable":true,"href":"https:\/\/www.franz-stadlhofer.at\/shop\/wp-json\/wp\/v2\/product_cat?post=22446"},{"taxonomy":"product_tag","embeddable":true,"href":"https:\/\/www.franz-stadlhofer.at\/shop\/wp-json\/wp\/v2\/product_tag?post=22446"}],"curies":[{"name":"wp","href":"https:\/\/api.w.org\/{rel}","templated":true}]}}