{"id":22433,"date":"2015-01-06T12:12:55","date_gmt":"2015-01-06T12:12:55","guid":{"rendered":"https:\/\/www.franz-stadlhofer.at\/shop\/?post_type=product&#038;p=22433"},"modified":"2025-12-17T14:39:15","modified_gmt":"2025-12-17T13:39:15","slug":"compact-lasur-hu-105","status":"publish","type":"product","link":"https:\/\/www.franz-stadlhofer.at\/shop\/produkt\/compact-lasur-hu-105\/","title":{"rendered":"Compact Lasur HU 105"},"content":{"rendered":"<p>Holzschutzlasur auf Basis von modifizierten Alkydharzen in Verbindung mit trocknenden, pflanzlichen Fetts\u00e4uren. Sie zeichnet sich durch enorme Eindringtiefe, schnelle Trocknung, leichte Verarbeitung sowie angenehmen, milden Geruch aus. Feinste Pigmentanteile verleihen der Holzoberfl\u00e4che eine lichtechte, transparente und gleichm\u00e4\u00dfige F\u00e4rbung. Der zus\u00e4tzliche Einsatz von NANO-UV-Absorbern bringt eine zus\u00e4tzliche Vergilbungsbest\u00e4ndigkeit bzw. Elastizit\u00e4t. Ein Abbl\u00e4ttern und Rei\u00dfen des Anstriches ist ausgeschlossen.<\/p>\n<p>F\u00fcr alle Hart- und Weichholzarten einschl. tropischer H\u00f6lzer geeignet. Vorbeugend wirksam gegen Bl\u00e4ue und Insekten<b>, <\/b>best\u00e4ndig gegen Witterungseinfl\u00fcsse.<\/p>\n<p><strong>Anwendungsgebiete:<\/strong> Holz im Freien, Holzh\u00e4user, Dach\u00fcberst\u00e4nde, Fassadenschalung, Tore, Z\u00e4une, Balkone etc. Fenster und Au\u00dfent\u00fcren, belastetes oder aussteifendes Holz im trockenen Wohnbereich, Dachst\u00fchle, Feuchtr\u00e4ume; Holz im Freien ohne st\u00e4ndigen Erd- od. Wasserkontakt.<br \/>\n<strong>NICHT geeignet f\u00fcr<\/strong> Regale, Kisten etc. zum Lagern von Lebens- oder Futtermitteln. Holz das in Bienenh\u00e4usern, Saunaanlagen und Gew\u00e4chsh\u00e4usern verbaut wird.<\/p>\n","protected":false},"excerpt":{"rendered":"<p>Holzschutzlasur auf Basis von modifizierten Alkydharzen in Verbindung mit trocknenden, pflanzlichen Fetts\u00e4uren. Sie zeichnet sich durch enorme Eindringtiefe, schnelle Trocknung, leichte Verarbeitung sowie angenehmen, milden Geruch aus. Feinste Pigmentanteile verleihen der Holzoberfl\u00e4che eine lichtechte, transparente  [&#8230;]<\/p>\n","protected":false},"featured_media":22435,"template":"","meta":[],"product_brand":[808],"product_cat":[791,1188],"product_tag":[],"class_list":{"0":"post-22433","1":"product","2":"type-product","3":"status-publish","4":"has-post-thumbnail","6":"product_brand-complex","7":"product_cat-oberflachenbehandlung","8":"product_cat-drum-herum","9":"pa_gebinde-1-liter","11":"first","12":"instock","13":"taxable","14":"shipping-taxable","15":"purchasable","16":"product-type-variable"},"barcode":null,"atum_controlled":true,"out_stock_date":null,"out_stock_threshold":null,"inheritable":true,"stock_on_hold":0,"sold_today":0,"sales_last_days":0,"reserved_stock":0,"customer_returns":0,"warehouse_damage":0,"lost_in_post":0,"other_logs":0,"out_stock_days":0,"lost_sales":0,"update_date":"2026-05-17T00:10:59","atum_locations":[],"atum_stock_status":"instock","restock_status":false,"low_stock_amount":"","sales_update_date":"2026-05-17T00:10:59","calc_backorders":null,"yoast_head":"<!-- This site is optimized with the Yoast SEO plugin v27.5 - https:\/\/yoast.com\/product\/yoast-seo-wordpress\/ -->\n<title>Compact Lasur HU 105<\/title>\n<meta name=\"description\" content=\"Holzschutzlasur auf Basis von modifizierten Alkydharzen in Verbindung mit trocknenden, pflanzlichen Fetts\u00e4uren. Sie zeichnet sich durch enorme Eindringtiefe, schnelle Trocknung, leichte Verarbeitung sowie angenehmen, milden Geruch aus. Feinste Pigmentanteile verleihen der Holzoberfl\u00e4che eine lichtechte, transparente und gleichm\u00e4\u00dfige F\u00e4rbung. Der zus\u00e4tzliche Einsatz von NANO-UV-Absorbern bringt eine zus\u00e4tzliche Vergilbungsbest\u00e4ndigkeit bzw. Elastizit\u00e4t. Ein Abbl\u00e4ttern und Rei\u00dfen des Anstriches ist ausgeschlossen. F\u00fcr alle Hart- und Weichholzarten einschl. tropischer H\u00f6lzer geeignet. Vorbeugend wirksam gegen Bl\u00e4ue und Insekten, best\u00e4ndig gegen Witterungseinfl\u00fcsse. Anwendungsgebiete: Holz im Freien, Holzh\u00e4user, Dach\u00fcberst\u00e4nde, Fassadenschalung, Tore, Z\u00e4une, Balkone etc. Fenster und Au\u00dfent\u00fcren, belastetes oder aussteifendes Holz im trockenen Wohnbereich, Dachst\u00fchle, Feuchtr\u00e4ume; Holz im Freien ohne st\u00e4ndigen Erd- od. Wasserkontakt. NICHT geeignet f\u00fcr Regale, Kisten etc. zum Lagern von Lebens- oder Futtermitteln. Holz das in Bienenh\u00e4usern, Saunaanlagen und Gew\u00e4chsh\u00e4usern verbaut wird.\" \/>\n<meta name=\"robots\" content=\"index, follow, max-snippet:-1, max-image-preview:large, max-video-preview:-1\" \/>\n<link rel=\"canonical\" href=\"https:\/\/www.franz-stadlhofer.at\/shop\/produkt\/compact-lasur-hu-105\/\" \/>\n<meta property=\"og:locale\" content=\"de_DE\" \/>\n<meta property=\"og:type\" content=\"article\" \/>\n<meta property=\"og:title\" content=\"Compact Lasur HU 105\" \/>\n<meta property=\"og:description\" content=\"Holzschutzlasur auf Basis von modifizierten Alkydharzen in Verbindung mit trocknenden, pflanzlichen Fetts\u00e4uren. Sie zeichnet sich durch enorme Eindringtiefe, schnelle Trocknung, leichte Verarbeitung sowie angenehmen, milden Geruch aus. Feinste Pigmentanteile verleihen der Holzoberfl\u00e4che eine lichtechte, transparente und gleichm\u00e4\u00dfige F\u00e4rbung. Der zus\u00e4tzliche Einsatz von NANO-UV-Absorbern bringt eine zus\u00e4tzliche Vergilbungsbest\u00e4ndigkeit bzw. Elastizit\u00e4t. Ein Abbl\u00e4ttern und Rei\u00dfen des Anstriches ist ausgeschlossen. F\u00fcr alle Hart- und Weichholzarten einschl. tropischer H\u00f6lzer geeignet. Vorbeugend wirksam gegen Bl\u00e4ue und Insekten, best\u00e4ndig gegen Witterungseinfl\u00fcsse. Anwendungsgebiete: Holz im Freien, Holzh\u00e4user, Dach\u00fcberst\u00e4nde, Fassadenschalung, Tore, Z\u00e4une, Balkone etc. Fenster und Au\u00dfent\u00fcren, belastetes oder aussteifendes Holz im trockenen Wohnbereich, Dachst\u00fchle, Feuchtr\u00e4ume; Holz im Freien ohne st\u00e4ndigen Erd- od. Wasserkontakt. NICHT geeignet f\u00fcr Regale, Kisten etc. zum Lagern von Lebens- oder Futtermitteln. Holz das in Bienenh\u00e4usern, Saunaanlagen und Gew\u00e4chsh\u00e4usern verbaut wird.\" \/>\n<meta property=\"og:url\" content=\"https:\/\/www.franz-stadlhofer.at\/shop\/produkt\/compact-lasur-hu-105\/\" \/>\n<meta property=\"og:site_name\" content=\"Schnitzstube Stadlhofer Shop\" \/>\n<meta property=\"article:modified_time\" content=\"2025-12-17T13:39:15+00:00\" \/>\n<meta property=\"og:image\" content=\"https:\/\/www.franz-stadlhofer.at\/shop\/wp-content\/uploads\/2015\/01\/products-Complex_Wachs_HU_105.jpg\" \/>\n\t<meta property=\"og:image:width\" content=\"945\" \/>\n\t<meta property=\"og:image:height\" content=\"945\" \/>\n\t<meta property=\"og:image:type\" content=\"image\/jpeg\" \/>\n<meta name=\"twitter:card\" content=\"summary_large_image\" \/>\n<meta name=\"twitter:label1\" content=\"Gesch\u00e4tzte Lesezeit\" \/>\n\t<meta name=\"twitter:data1\" content=\"1\u00a0Minute\" \/>\n<script type=\"application\/ld+json\" class=\"yoast-schema-graph\">{\"@context\":\"https:\\\/\\\/schema.org\",\"@graph\":[{\"@type\":\"WebPage\",\"@id\":\"https:\\\/\\\/www.franz-stadlhofer.at\\\/shop\\\/produkt\\\/compact-lasur-hu-105\\\/\",\"url\":\"https:\\\/\\\/www.franz-stadlhofer.at\\\/shop\\\/produkt\\\/compact-lasur-hu-105\\\/\",\"name\":\"Compact Lasur HU 105\",\"isPartOf\":{\"@id\":\"https:\\\/\\\/www.franz-stadlhofer.at\\\/shop\\\/#website\"},\"primaryImageOfPage\":{\"@id\":\"https:\\\/\\\/www.franz-stadlhofer.at\\\/shop\\\/produkt\\\/compact-lasur-hu-105\\\/#primaryimage\"},\"image\":{\"@id\":\"https:\\\/\\\/www.franz-stadlhofer.at\\\/shop\\\/produkt\\\/compact-lasur-hu-105\\\/#primaryimage\"},\"thumbnailUrl\":\"https:\\\/\\\/www.franz-stadlhofer.at\\\/shop\\\/wp-content\\\/uploads\\\/2015\\\/01\\\/products-Complex_Wachs_HU_105.jpg\",\"datePublished\":\"2015-01-06T12:12:55+00:00\",\"dateModified\":\"2025-12-17T13:39:15+00:00\",\"description\":\"Holzschutzlasur auf Basis von modifizierten Alkydharzen in Verbindung mit trocknenden, pflanzlichen Fetts\u00e4uren. Sie zeichnet sich durch enorme Eindringtiefe, schnelle Trocknung, leichte Verarbeitung sowie angenehmen, milden Geruch aus. Feinste Pigmentanteile verleihen der Holzoberfl\u00e4che eine lichtechte, transparente und gleichm\u00e4\u00dfige F\u00e4rbung. Der zus\u00e4tzliche Einsatz von NANO-UV-Absorbern bringt eine zus\u00e4tzliche Vergilbungsbest\u00e4ndigkeit bzw. Elastizit\u00e4t. Ein Abbl\u00e4ttern und Rei\u00dfen des Anstriches ist ausgeschlossen. F\u00fcr alle Hart- und Weichholzarten einschl. tropischer H\u00f6lzer geeignet. Vorbeugend wirksam gegen Bl\u00e4ue und Insekten, best\u00e4ndig gegen Witterungseinfl\u00fcsse. Anwendungsgebiete: Holz im Freien, Holzh\u00e4user, Dach\u00fcberst\u00e4nde, Fassadenschalung, Tore, Z\u00e4une, Balkone etc. Fenster und Au\u00dfent\u00fcren, belastetes oder aussteifendes Holz im trockenen Wohnbereich, Dachst\u00fchle, Feuchtr\u00e4ume; Holz im Freien ohne st\u00e4ndigen Erd- od. Wasserkontakt. NICHT geeignet f\u00fcr Regale, Kisten etc. zum Lagern von Lebens- oder Futtermitteln. Holz das in Bienenh\u00e4usern, Saunaanlagen und Gew\u00e4chsh\u00e4usern verbaut wird.\",\"breadcrumb\":{\"@id\":\"https:\\\/\\\/www.franz-stadlhofer.at\\\/shop\\\/produkt\\\/compact-lasur-hu-105\\\/#breadcrumb\"},\"inLanguage\":\"de\",\"potentialAction\":[{\"@type\":\"ReadAction\",\"target\":[\"https:\\\/\\\/www.franz-stadlhofer.at\\\/shop\\\/produkt\\\/compact-lasur-hu-105\\\/\"]}]},{\"@type\":\"ImageObject\",\"inLanguage\":\"de\",\"@id\":\"https:\\\/\\\/www.franz-stadlhofer.at\\\/shop\\\/produkt\\\/compact-lasur-hu-105\\\/#primaryimage\",\"url\":\"https:\\\/\\\/www.franz-stadlhofer.at\\\/shop\\\/wp-content\\\/uploads\\\/2015\\\/01\\\/products-Complex_Wachs_HU_105.jpg\",\"contentUrl\":\"https:\\\/\\\/www.franz-stadlhofer.at\\\/shop\\\/wp-content\\\/uploads\\\/2015\\\/01\\\/products-Complex_Wachs_HU_105.jpg\",\"width\":\"945\",\"height\":\"945\",\"caption\":\"Compact Lasur HU 105 - Schnitzstube Stadlhofer Shop\"},{\"@type\":\"BreadcrumbList\",\"@id\":\"https:\\\/\\\/www.franz-stadlhofer.at\\\/shop\\\/produkt\\\/compact-lasur-hu-105\\\/#breadcrumb\",\"itemListElement\":[{\"@type\":\"ListItem\",\"position\":1,\"name\":\"Startseite\",\"item\":\"https:\\\/\\\/www.franz-stadlhofer.at\\\/shop\\\/\"},{\"@type\":\"ListItem\",\"position\":2,\"name\":\"Produkte\",\"item\":\"https:\\\/\\\/www.franz-stadlhofer.at\\\/shop\\\/shop\\\/\"},{\"@type\":\"ListItem\",\"position\":3,\"name\":\"Compact Lasur HU 105\"}]},{\"@type\":\"WebSite\",\"@id\":\"https:\\\/\\\/www.franz-stadlhofer.at\\\/shop\\\/#website\",\"url\":\"https:\\\/\\\/www.franz-stadlhofer.at\\\/shop\\\/\",\"name\":\"Schnitzstube Stadlhofer Shop\",\"description\":\"Holzschnitzen Onlineshop\",\"publisher\":{\"@id\":\"https:\\\/\\\/www.franz-stadlhofer.at\\\/shop\\\/#organization\"},\"potentialAction\":[{\"@type\":\"SearchAction\",\"target\":{\"@type\":\"EntryPoint\",\"urlTemplate\":\"https:\\\/\\\/www.franz-stadlhofer.at\\\/shop\\\/?s={search_term_string}\"},\"query-input\":{\"@type\":\"PropertyValueSpecification\",\"valueRequired\":true,\"valueName\":\"search_term_string\"}}],\"inLanguage\":\"de\"},{\"@type\":\"Organization\",\"@id\":\"https:\\\/\\\/www.franz-stadlhofer.at\\\/shop\\\/#organization\",\"name\":\"Schnitzstube Stadlhofer Shop\",\"url\":\"https:\\\/\\\/www.franz-stadlhofer.at\\\/shop\\\/\",\"logo\":{\"@type\":\"ImageObject\",\"inLanguage\":\"de\",\"@id\":\"https:\\\/\\\/www.franz-stadlhofer.at\\\/shop\\\/#\\\/schema\\\/logo\\\/image\\\/\",\"url\":\"https:\\\/\\\/www.franz-stadlhofer.at\\\/shop\\\/wp-content\\\/uploads\\\/2019\\\/10\\\/LOGO-2-RETINA.png\",\"contentUrl\":\"https:\\\/\\\/www.franz-stadlhofer.at\\\/shop\\\/wp-content\\\/uploads\\\/2019\\\/10\\\/LOGO-2-RETINA.png\",\"width\":471,\"height\":160,\"caption\":\"Schnitzstube Stadlhofer Shop\"},\"image\":{\"@id\":\"https:\\\/\\\/www.franz-stadlhofer.at\\\/shop\\\/#\\\/schema\\\/logo\\\/image\\\/\"}}]}<\/script>\n<!-- \/ Yoast SEO plugin. -->","yoast_head_json":{"title":"Compact Lasur HU 105","description":"Holzschutzlasur auf Basis von modifizierten Alkydharzen in Verbindung mit trocknenden, pflanzlichen Fetts\u00e4uren. Sie zeichnet sich durch enorme Eindringtiefe, schnelle Trocknung, leichte Verarbeitung sowie angenehmen, milden Geruch aus. Feinste Pigmentanteile verleihen der Holzoberfl\u00e4che eine lichtechte, transparente und gleichm\u00e4\u00dfige F\u00e4rbung. Der zus\u00e4tzliche Einsatz von NANO-UV-Absorbern bringt eine zus\u00e4tzliche Vergilbungsbest\u00e4ndigkeit bzw. Elastizit\u00e4t. Ein Abbl\u00e4ttern und Rei\u00dfen des Anstriches ist ausgeschlossen. F\u00fcr alle Hart- und Weichholzarten einschl. tropischer H\u00f6lzer geeignet. Vorbeugend wirksam gegen Bl\u00e4ue und Insekten, best\u00e4ndig gegen Witterungseinfl\u00fcsse. Anwendungsgebiete: Holz im Freien, Holzh\u00e4user, Dach\u00fcberst\u00e4nde, Fassadenschalung, Tore, Z\u00e4une, Balkone etc. Fenster und Au\u00dfent\u00fcren, belastetes oder aussteifendes Holz im trockenen Wohnbereich, Dachst\u00fchle, Feuchtr\u00e4ume; Holz im Freien ohne st\u00e4ndigen Erd- od. Wasserkontakt. NICHT geeignet f\u00fcr Regale, Kisten etc. zum Lagern von Lebens- oder Futtermitteln. Holz das in Bienenh\u00e4usern, Saunaanlagen und Gew\u00e4chsh\u00e4usern verbaut wird.","robots":{"index":"index","follow":"follow","max-snippet":"max-snippet:-1","max-image-preview":"max-image-preview:large","max-video-preview":"max-video-preview:-1"},"canonical":"https:\/\/www.franz-stadlhofer.at\/shop\/produkt\/compact-lasur-hu-105\/","og_locale":"de_DE","og_type":"article","og_title":"Compact Lasur HU 105","og_description":"Holzschutzlasur auf Basis von modifizierten Alkydharzen in Verbindung mit trocknenden, pflanzlichen Fetts\u00e4uren. Sie zeichnet sich durch enorme Eindringtiefe, schnelle Trocknung, leichte Verarbeitung sowie angenehmen, milden Geruch aus. Feinste Pigmentanteile verleihen der Holzoberfl\u00e4che eine lichtechte, transparente und gleichm\u00e4\u00dfige F\u00e4rbung. Der zus\u00e4tzliche Einsatz von NANO-UV-Absorbern bringt eine zus\u00e4tzliche Vergilbungsbest\u00e4ndigkeit bzw. Elastizit\u00e4t. Ein Abbl\u00e4ttern und Rei\u00dfen des Anstriches ist ausgeschlossen. F\u00fcr alle Hart- und Weichholzarten einschl. tropischer H\u00f6lzer geeignet. Vorbeugend wirksam gegen Bl\u00e4ue und Insekten, best\u00e4ndig gegen Witterungseinfl\u00fcsse. Anwendungsgebiete: Holz im Freien, Holzh\u00e4user, Dach\u00fcberst\u00e4nde, Fassadenschalung, Tore, Z\u00e4une, Balkone etc. Fenster und Au\u00dfent\u00fcren, belastetes oder aussteifendes Holz im trockenen Wohnbereich, Dachst\u00fchle, Feuchtr\u00e4ume; Holz im Freien ohne st\u00e4ndigen Erd- od. Wasserkontakt. NICHT geeignet f\u00fcr Regale, Kisten etc. zum Lagern von Lebens- oder Futtermitteln. Holz das in Bienenh\u00e4usern, Saunaanlagen und Gew\u00e4chsh\u00e4usern verbaut wird.","og_url":"https:\/\/www.franz-stadlhofer.at\/shop\/produkt\/compact-lasur-hu-105\/","og_site_name":"Schnitzstube Stadlhofer Shop","article_modified_time":"2025-12-17T13:39:15+00:00","og_image":[{"width":945,"height":945,"url":"https:\/\/www.franz-stadlhofer.at\/shop\/wp-content\/uploads\/2015\/01\/products-Complex_Wachs_HU_105.jpg","type":"image\/jpeg"}],"twitter_card":"summary_large_image","twitter_misc":{"Gesch\u00e4tzte Lesezeit":"1\u00a0Minute"},"schema":{"@context":"https:\/\/schema.org","@graph":[{"@type":"WebPage","@id":"https:\/\/www.franz-stadlhofer.at\/shop\/produkt\/compact-lasur-hu-105\/","url":"https:\/\/www.franz-stadlhofer.at\/shop\/produkt\/compact-lasur-hu-105\/","name":"Compact Lasur HU 105","isPartOf":{"@id":"https:\/\/www.franz-stadlhofer.at\/shop\/#website"},"primaryImageOfPage":{"@id":"https:\/\/www.franz-stadlhofer.at\/shop\/produkt\/compact-lasur-hu-105\/#primaryimage"},"image":{"@id":"https:\/\/www.franz-stadlhofer.at\/shop\/produkt\/compact-lasur-hu-105\/#primaryimage"},"thumbnailUrl":"https:\/\/www.franz-stadlhofer.at\/shop\/wp-content\/uploads\/2015\/01\/products-Complex_Wachs_HU_105.jpg","datePublished":"2015-01-06T12:12:55+00:00","dateModified":"2025-12-17T13:39:15+00:00","description":"Holzschutzlasur auf Basis von modifizierten Alkydharzen in Verbindung mit trocknenden, pflanzlichen Fetts\u00e4uren. Sie zeichnet sich durch enorme Eindringtiefe, schnelle Trocknung, leichte Verarbeitung sowie angenehmen, milden Geruch aus. Feinste Pigmentanteile verleihen der Holzoberfl\u00e4che eine lichtechte, transparente und gleichm\u00e4\u00dfige F\u00e4rbung. Der zus\u00e4tzliche Einsatz von NANO-UV-Absorbern bringt eine zus\u00e4tzliche Vergilbungsbest\u00e4ndigkeit bzw. Elastizit\u00e4t. Ein Abbl\u00e4ttern und Rei\u00dfen des Anstriches ist ausgeschlossen. F\u00fcr alle Hart- und Weichholzarten einschl. tropischer H\u00f6lzer geeignet. Vorbeugend wirksam gegen Bl\u00e4ue und Insekten, best\u00e4ndig gegen Witterungseinfl\u00fcsse. Anwendungsgebiete: Holz im Freien, Holzh\u00e4user, Dach\u00fcberst\u00e4nde, Fassadenschalung, Tore, Z\u00e4une, Balkone etc. Fenster und Au\u00dfent\u00fcren, belastetes oder aussteifendes Holz im trockenen Wohnbereich, Dachst\u00fchle, Feuchtr\u00e4ume; Holz im Freien ohne st\u00e4ndigen Erd- od. Wasserkontakt. NICHT geeignet f\u00fcr Regale, Kisten etc. zum Lagern von Lebens- oder Futtermitteln. Holz das in Bienenh\u00e4usern, Saunaanlagen und Gew\u00e4chsh\u00e4usern verbaut wird.","breadcrumb":{"@id":"https:\/\/www.franz-stadlhofer.at\/shop\/produkt\/compact-lasur-hu-105\/#breadcrumb"},"inLanguage":"de","potentialAction":[{"@type":"ReadAction","target":["https:\/\/www.franz-stadlhofer.at\/shop\/produkt\/compact-lasur-hu-105\/"]}]},{"@type":"ImageObject","inLanguage":"de","@id":"https:\/\/www.franz-stadlhofer.at\/shop\/produkt\/compact-lasur-hu-105\/#primaryimage","url":"https:\/\/www.franz-stadlhofer.at\/shop\/wp-content\/uploads\/2015\/01\/products-Complex_Wachs_HU_105.jpg","contentUrl":"https:\/\/www.franz-stadlhofer.at\/shop\/wp-content\/uploads\/2015\/01\/products-Complex_Wachs_HU_105.jpg","width":"945","height":"945","caption":"Compact Lasur HU 105 - Schnitzstube Stadlhofer Shop"},{"@type":"BreadcrumbList","@id":"https:\/\/www.franz-stadlhofer.at\/shop\/produkt\/compact-lasur-hu-105\/#breadcrumb","itemListElement":[{"@type":"ListItem","position":1,"name":"Startseite","item":"https:\/\/www.franz-stadlhofer.at\/shop\/"},{"@type":"ListItem","position":2,"name":"Produkte","item":"https:\/\/www.franz-stadlhofer.at\/shop\/shop\/"},{"@type":"ListItem","position":3,"name":"Compact Lasur HU 105"}]},{"@type":"WebSite","@id":"https:\/\/www.franz-stadlhofer.at\/shop\/#website","url":"https:\/\/www.franz-stadlhofer.at\/shop\/","name":"Schnitzstube Stadlhofer Shop","description":"Holzschnitzen Onlineshop","publisher":{"@id":"https:\/\/www.franz-stadlhofer.at\/shop\/#organization"},"potentialAction":[{"@type":"SearchAction","target":{"@type":"EntryPoint","urlTemplate":"https:\/\/www.franz-stadlhofer.at\/shop\/?s={search_term_string}"},"query-input":{"@type":"PropertyValueSpecification","valueRequired":true,"valueName":"search_term_string"}}],"inLanguage":"de"},{"@type":"Organization","@id":"https:\/\/www.franz-stadlhofer.at\/shop\/#organization","name":"Schnitzstube Stadlhofer Shop","url":"https:\/\/www.franz-stadlhofer.at\/shop\/","logo":{"@type":"ImageObject","inLanguage":"de","@id":"https:\/\/www.franz-stadlhofer.at\/shop\/#\/schema\/logo\/image\/","url":"https:\/\/www.franz-stadlhofer.at\/shop\/wp-content\/uploads\/2019\/10\/LOGO-2-RETINA.png","contentUrl":"https:\/\/www.franz-stadlhofer.at\/shop\/wp-content\/uploads\/2019\/10\/LOGO-2-RETINA.png","width":471,"height":160,"caption":"Schnitzstube Stadlhofer Shop"},"image":{"@id":"https:\/\/www.franz-stadlhofer.at\/shop\/#\/schema\/logo\/image\/"}}]}},"_links":{"self":[{"href":"https:\/\/www.franz-stadlhofer.at\/shop\/wp-json\/wp\/v2\/product\/22433","targetHints":{"allow":["GET"]}}],"collection":[{"href":"https:\/\/www.franz-stadlhofer.at\/shop\/wp-json\/wp\/v2\/product"}],"about":[{"href":"https:\/\/www.franz-stadlhofer.at\/shop\/wp-json\/wp\/v2\/types\/product"}],"wp:featuredmedia":[{"embeddable":true,"href":"https:\/\/www.franz-stadlhofer.at\/shop\/wp-json\/wp\/v2\/media\/22435"}],"wp:attachment":[{"href":"https:\/\/www.franz-stadlhofer.at\/shop\/wp-json\/wp\/v2\/media?parent=22433"}],"wp:term":[{"taxonomy":"product_brand","embeddable":true,"href":"https:\/\/www.franz-stadlhofer.at\/shop\/wp-json\/wp\/v2\/product_brand?post=22433"},{"taxonomy":"product_cat","embeddable":true,"href":"https:\/\/www.franz-stadlhofer.at\/shop\/wp-json\/wp\/v2\/product_cat?post=22433"},{"taxonomy":"product_tag","embeddable":true,"href":"https:\/\/www.franz-stadlhofer.at\/shop\/wp-json\/wp\/v2\/product_tag?post=22433"}],"curies":[{"name":"wp","href":"https:\/\/api.w.org\/{rel}","templated":true}]}}