{"id":22405,"date":"2015-01-01T16:39:25","date_gmt":"2015-01-01T15:39:25","guid":{"rendered":"https:\/\/www.franz-stadlhofer.at\/shop\/?post_type=product&#038;p=22405"},"modified":"2024-04-24T19:59:04","modified_gmt":"2024-04-24T17:59:04","slug":"geschenkgutscheine","status":"publish","type":"product","link":"https:\/\/www.franz-stadlhofer.at\/shop\/produkt\/geschenkgutscheine\/","title":{"rendered":"Geschenkgutscheine"},"content":{"rendered":"<p><strong>Schenken Sie Freude mit Gutscheinen der Schnitzstube Stadlhofer!<\/strong><\/p>\n<p>Einl\u00f6sbar sind die Gutscheine f\u00fcr den gesamten Materialeinkauf sowie f\u00fcr Schnitzkurse, die direkt von der Schnitzstube Stadlhofer veranstaltet werden (in Wien, Annaberg, St. Kathrein). Erh\u00e4ltlich sind sie in 10er St\u00fcckelung. Die Gutscheine sind nicht in bar abl\u00f6sbar.<\/p>\n<p>Derzeit sind die Gutscheine noch nicht in unserem Online-Shop selbst anwendbar. Wir arbeiten daran.<\/p>\n","protected":false},"excerpt":{"rendered":"<p>Schenken Sie Freude mit Gutscheinen der Schnitzstube Stadlhofer! Einl\u00f6sbar sind die Gutscheine f\u00fcr den gesamten Materialeinkauf sowie f\u00fcr Schnitzkurse, die direkt von der Schnitzstube Stadlhofer veranstaltet werden (in Wien, Annaberg, St. Kathrein). Erh\u00e4ltlich sind sie  [&#8230;]<\/p>\n","protected":false},"featured_media":22406,"template":"","meta":[],"product_brand":[803],"product_cat":[1223,770,1188],"product_tag":[],"class_list":{"0":"post-22405","1":"product","2":"type-product","3":"status-publish","4":"has-post-thumbnail","6":"product_brand-schnitzstube-franz-stadlhofer","7":"product_cat-heiss-begehrt","8":"product_cat-gutscheine","9":"product_cat-drum-herum","11":"first","12":"instock","13":"purchasable","14":"product-type-simple"},"barcode":null,"atum_controlled":true,"out_stock_date":null,"out_stock_threshold":null,"inheritable":false,"stock_on_hold":5,"sold_today":0,"sales_last_days":0,"reserved_stock":0,"customer_returns":0,"warehouse_damage":0,"lost_in_post":0,"other_logs":0,"out_stock_days":0,"lost_sales":0,"update_date":"2026-05-17T00:11:32","atum_locations":[],"atum_stock_status":"instock","restock_status":false,"low_stock_amount":"","sales_update_date":"2026-05-17T00:11:32","calc_backorders":null,"yoast_head":"<!-- This site is optimized with the Yoast SEO plugin v27.5 - https:\/\/yoast.com\/product\/yoast-seo-wordpress\/ -->\n<title>Geschenkgutscheine<\/title>\n<meta name=\"description\" content=\"Schenken Sie Freude mit Gutscheinen der Schnitzstube Stadlhofer! Einl\u00f6sbar sind die Gutscheine f\u00fcr den gesamten Materialeinkauf sowie f\u00fcr Schnitzkurse, die direkt von der Schnitzstube Stadlhofer veranstaltet werden (in Wien und Gleisdorf). Erh\u00e4ltlich sind sie in 10er St\u00fcckelung. Die Gutscheine sind nicht in bar abl\u00f6sbar.\" \/>\n<meta name=\"robots\" content=\"index, follow, max-snippet:-1, max-image-preview:large, max-video-preview:-1\" \/>\n<link rel=\"canonical\" href=\"https:\/\/www.franz-stadlhofer.at\/shop\/produkt\/geschenkgutscheine\/\" \/>\n<meta property=\"og:locale\" content=\"de_DE\" \/>\n<meta property=\"og:type\" content=\"article\" \/>\n<meta property=\"og:title\" content=\"Geschenkgutscheine\" \/>\n<meta property=\"og:description\" content=\"Schenken Sie Freude mit Gutscheinen der Schnitzstube Stadlhofer! Einl\u00f6sbar sind die Gutscheine f\u00fcr den gesamten Materialeinkauf sowie f\u00fcr Schnitzkurse, die direkt von der Schnitzstube Stadlhofer veranstaltet werden (in Wien und Gleisdorf). Erh\u00e4ltlich sind sie in 10er St\u00fcckelung. Die Gutscheine sind nicht in bar abl\u00f6sbar.\" \/>\n<meta property=\"og:url\" content=\"https:\/\/www.franz-stadlhofer.at\/shop\/produkt\/geschenkgutscheine\/\" \/>\n<meta property=\"og:site_name\" content=\"Schnitzstube Stadlhofer Shop\" \/>\n<meta property=\"article:modified_time\" content=\"2024-04-24T17:59:04+00:00\" \/>\n<meta property=\"og:image\" content=\"https:\/\/www.franz-stadlhofer.at\/shop\/wp-content\/uploads\/2015\/01\/products-Gutscheine_Ubersicht.jpg\" \/>\n\t<meta property=\"og:image:width\" content=\"945\" \/>\n\t<meta property=\"og:image:height\" content=\"945\" \/>\n\t<meta property=\"og:image:type\" content=\"image\/jpeg\" \/>\n<meta name=\"twitter:card\" content=\"summary_large_image\" \/>\n<meta name=\"twitter:label1\" content=\"Gesch\u00e4tzte Lesezeit\" \/>\n\t<meta name=\"twitter:data1\" content=\"1\u00a0Minute\" \/>\n<script type=\"application\/ld+json\" class=\"yoast-schema-graph\">{\"@context\":\"https:\\\/\\\/schema.org\",\"@graph\":[{\"@type\":\"WebPage\",\"@id\":\"https:\\\/\\\/www.franz-stadlhofer.at\\\/shop\\\/produkt\\\/geschenkgutscheine\\\/\",\"url\":\"https:\\\/\\\/www.franz-stadlhofer.at\\\/shop\\\/produkt\\\/geschenkgutscheine\\\/\",\"name\":\"Geschenkgutscheine\",\"isPartOf\":{\"@id\":\"https:\\\/\\\/www.franz-stadlhofer.at\\\/shop\\\/#website\"},\"primaryImageOfPage\":{\"@id\":\"https:\\\/\\\/www.franz-stadlhofer.at\\\/shop\\\/produkt\\\/geschenkgutscheine\\\/#primaryimage\"},\"image\":{\"@id\":\"https:\\\/\\\/www.franz-stadlhofer.at\\\/shop\\\/produkt\\\/geschenkgutscheine\\\/#primaryimage\"},\"thumbnailUrl\":\"https:\\\/\\\/www.franz-stadlhofer.at\\\/shop\\\/wp-content\\\/uploads\\\/2015\\\/01\\\/products-Gutscheine_Ubersicht.jpg\",\"datePublished\":\"2015-01-01T15:39:25+00:00\",\"dateModified\":\"2024-04-24T17:59:04+00:00\",\"description\":\"Schenken Sie Freude mit Gutscheinen der Schnitzstube Stadlhofer! Einl\u00f6sbar sind die Gutscheine f\u00fcr den gesamten Materialeinkauf sowie f\u00fcr Schnitzkurse, die direkt von der Schnitzstube Stadlhofer veranstaltet werden (in Wien und Gleisdorf). Erh\u00e4ltlich sind sie in 10er St\u00fcckelung. Die Gutscheine sind nicht in bar abl\u00f6sbar.\",\"breadcrumb\":{\"@id\":\"https:\\\/\\\/www.franz-stadlhofer.at\\\/shop\\\/produkt\\\/geschenkgutscheine\\\/#breadcrumb\"},\"inLanguage\":\"de\",\"potentialAction\":[{\"@type\":\"ReadAction\",\"target\":[\"https:\\\/\\\/www.franz-stadlhofer.at\\\/shop\\\/produkt\\\/geschenkgutscheine\\\/\"]}]},{\"@type\":\"ImageObject\",\"inLanguage\":\"de\",\"@id\":\"https:\\\/\\\/www.franz-stadlhofer.at\\\/shop\\\/produkt\\\/geschenkgutscheine\\\/#primaryimage\",\"url\":\"https:\\\/\\\/www.franz-stadlhofer.at\\\/shop\\\/wp-content\\\/uploads\\\/2015\\\/01\\\/products-Gutscheine_Ubersicht.jpg\",\"contentUrl\":\"https:\\\/\\\/www.franz-stadlhofer.at\\\/shop\\\/wp-content\\\/uploads\\\/2015\\\/01\\\/products-Gutscheine_Ubersicht.jpg\",\"width\":\"945\",\"height\":\"945\",\"caption\":\"Geschenkgutscheine - Schnitzstube Stadlhofer Shop\"},{\"@type\":\"BreadcrumbList\",\"@id\":\"https:\\\/\\\/www.franz-stadlhofer.at\\\/shop\\\/produkt\\\/geschenkgutscheine\\\/#breadcrumb\",\"itemListElement\":[{\"@type\":\"ListItem\",\"position\":1,\"name\":\"Startseite\",\"item\":\"https:\\\/\\\/www.franz-stadlhofer.at\\\/shop\\\/\"},{\"@type\":\"ListItem\",\"position\":2,\"name\":\"Produkte\",\"item\":\"https:\\\/\\\/www.franz-stadlhofer.at\\\/shop\\\/shop\\\/\"},{\"@type\":\"ListItem\",\"position\":3,\"name\":\"Geschenkgutscheine\"}]},{\"@type\":\"WebSite\",\"@id\":\"https:\\\/\\\/www.franz-stadlhofer.at\\\/shop\\\/#website\",\"url\":\"https:\\\/\\\/www.franz-stadlhofer.at\\\/shop\\\/\",\"name\":\"Schnitzstube Stadlhofer Shop\",\"description\":\"Holzschnitzen Onlineshop\",\"publisher\":{\"@id\":\"https:\\\/\\\/www.franz-stadlhofer.at\\\/shop\\\/#organization\"},\"potentialAction\":[{\"@type\":\"SearchAction\",\"target\":{\"@type\":\"EntryPoint\",\"urlTemplate\":\"https:\\\/\\\/www.franz-stadlhofer.at\\\/shop\\\/?s={search_term_string}\"},\"query-input\":{\"@type\":\"PropertyValueSpecification\",\"valueRequired\":true,\"valueName\":\"search_term_string\"}}],\"inLanguage\":\"de\"},{\"@type\":\"Organization\",\"@id\":\"https:\\\/\\\/www.franz-stadlhofer.at\\\/shop\\\/#organization\",\"name\":\"Schnitzstube Stadlhofer Shop\",\"url\":\"https:\\\/\\\/www.franz-stadlhofer.at\\\/shop\\\/\",\"logo\":{\"@type\":\"ImageObject\",\"inLanguage\":\"de\",\"@id\":\"https:\\\/\\\/www.franz-stadlhofer.at\\\/shop\\\/#\\\/schema\\\/logo\\\/image\\\/\",\"url\":\"https:\\\/\\\/www.franz-stadlhofer.at\\\/shop\\\/wp-content\\\/uploads\\\/2019\\\/10\\\/LOGO-2-RETINA.png\",\"contentUrl\":\"https:\\\/\\\/www.franz-stadlhofer.at\\\/shop\\\/wp-content\\\/uploads\\\/2019\\\/10\\\/LOGO-2-RETINA.png\",\"width\":471,\"height\":160,\"caption\":\"Schnitzstube Stadlhofer Shop\"},\"image\":{\"@id\":\"https:\\\/\\\/www.franz-stadlhofer.at\\\/shop\\\/#\\\/schema\\\/logo\\\/image\\\/\"}}]}<\/script>\n<!-- \/ Yoast SEO plugin. -->","yoast_head_json":{"title":"Geschenkgutscheine","description":"Schenken Sie Freude mit Gutscheinen der Schnitzstube Stadlhofer! Einl\u00f6sbar sind die Gutscheine f\u00fcr den gesamten Materialeinkauf sowie f\u00fcr Schnitzkurse, die direkt von der Schnitzstube Stadlhofer veranstaltet werden (in Wien und Gleisdorf). Erh\u00e4ltlich sind sie in 10er St\u00fcckelung. Die Gutscheine sind nicht in bar abl\u00f6sbar.","robots":{"index":"index","follow":"follow","max-snippet":"max-snippet:-1","max-image-preview":"max-image-preview:large","max-video-preview":"max-video-preview:-1"},"canonical":"https:\/\/www.franz-stadlhofer.at\/shop\/produkt\/geschenkgutscheine\/","og_locale":"de_DE","og_type":"article","og_title":"Geschenkgutscheine","og_description":"Schenken Sie Freude mit Gutscheinen der Schnitzstube Stadlhofer! Einl\u00f6sbar sind die Gutscheine f\u00fcr den gesamten Materialeinkauf sowie f\u00fcr Schnitzkurse, die direkt von der Schnitzstube Stadlhofer veranstaltet werden (in Wien und Gleisdorf). Erh\u00e4ltlich sind sie in 10er St\u00fcckelung. Die Gutscheine sind nicht in bar abl\u00f6sbar.","og_url":"https:\/\/www.franz-stadlhofer.at\/shop\/produkt\/geschenkgutscheine\/","og_site_name":"Schnitzstube Stadlhofer Shop","article_modified_time":"2024-04-24T17:59:04+00:00","og_image":[{"width":945,"height":945,"url":"https:\/\/www.franz-stadlhofer.at\/shop\/wp-content\/uploads\/2015\/01\/products-Gutscheine_Ubersicht.jpg","type":"image\/jpeg"}],"twitter_card":"summary_large_image","twitter_misc":{"Gesch\u00e4tzte Lesezeit":"1\u00a0Minute"},"schema":{"@context":"https:\/\/schema.org","@graph":[{"@type":"WebPage","@id":"https:\/\/www.franz-stadlhofer.at\/shop\/produkt\/geschenkgutscheine\/","url":"https:\/\/www.franz-stadlhofer.at\/shop\/produkt\/geschenkgutscheine\/","name":"Geschenkgutscheine","isPartOf":{"@id":"https:\/\/www.franz-stadlhofer.at\/shop\/#website"},"primaryImageOfPage":{"@id":"https:\/\/www.franz-stadlhofer.at\/shop\/produkt\/geschenkgutscheine\/#primaryimage"},"image":{"@id":"https:\/\/www.franz-stadlhofer.at\/shop\/produkt\/geschenkgutscheine\/#primaryimage"},"thumbnailUrl":"https:\/\/www.franz-stadlhofer.at\/shop\/wp-content\/uploads\/2015\/01\/products-Gutscheine_Ubersicht.jpg","datePublished":"2015-01-01T15:39:25+00:00","dateModified":"2024-04-24T17:59:04+00:00","description":"Schenken Sie Freude mit Gutscheinen der Schnitzstube Stadlhofer! Einl\u00f6sbar sind die Gutscheine f\u00fcr den gesamten Materialeinkauf sowie f\u00fcr Schnitzkurse, die direkt von der Schnitzstube Stadlhofer veranstaltet werden (in Wien und Gleisdorf). Erh\u00e4ltlich sind sie in 10er St\u00fcckelung. Die Gutscheine sind nicht in bar abl\u00f6sbar.","breadcrumb":{"@id":"https:\/\/www.franz-stadlhofer.at\/shop\/produkt\/geschenkgutscheine\/#breadcrumb"},"inLanguage":"de","potentialAction":[{"@type":"ReadAction","target":["https:\/\/www.franz-stadlhofer.at\/shop\/produkt\/geschenkgutscheine\/"]}]},{"@type":"ImageObject","inLanguage":"de","@id":"https:\/\/www.franz-stadlhofer.at\/shop\/produkt\/geschenkgutscheine\/#primaryimage","url":"https:\/\/www.franz-stadlhofer.at\/shop\/wp-content\/uploads\/2015\/01\/products-Gutscheine_Ubersicht.jpg","contentUrl":"https:\/\/www.franz-stadlhofer.at\/shop\/wp-content\/uploads\/2015\/01\/products-Gutscheine_Ubersicht.jpg","width":"945","height":"945","caption":"Geschenkgutscheine - Schnitzstube Stadlhofer Shop"},{"@type":"BreadcrumbList","@id":"https:\/\/www.franz-stadlhofer.at\/shop\/produkt\/geschenkgutscheine\/#breadcrumb","itemListElement":[{"@type":"ListItem","position":1,"name":"Startseite","item":"https:\/\/www.franz-stadlhofer.at\/shop\/"},{"@type":"ListItem","position":2,"name":"Produkte","item":"https:\/\/www.franz-stadlhofer.at\/shop\/shop\/"},{"@type":"ListItem","position":3,"name":"Geschenkgutscheine"}]},{"@type":"WebSite","@id":"https:\/\/www.franz-stadlhofer.at\/shop\/#website","url":"https:\/\/www.franz-stadlhofer.at\/shop\/","name":"Schnitzstube Stadlhofer Shop","description":"Holzschnitzen Onlineshop","publisher":{"@id":"https:\/\/www.franz-stadlhofer.at\/shop\/#organization"},"potentialAction":[{"@type":"SearchAction","target":{"@type":"EntryPoint","urlTemplate":"https:\/\/www.franz-stadlhofer.at\/shop\/?s={search_term_string}"},"query-input":{"@type":"PropertyValueSpecification","valueRequired":true,"valueName":"search_term_string"}}],"inLanguage":"de"},{"@type":"Organization","@id":"https:\/\/www.franz-stadlhofer.at\/shop\/#organization","name":"Schnitzstube Stadlhofer Shop","url":"https:\/\/www.franz-stadlhofer.at\/shop\/","logo":{"@type":"ImageObject","inLanguage":"de","@id":"https:\/\/www.franz-stadlhofer.at\/shop\/#\/schema\/logo\/image\/","url":"https:\/\/www.franz-stadlhofer.at\/shop\/wp-content\/uploads\/2019\/10\/LOGO-2-RETINA.png","contentUrl":"https:\/\/www.franz-stadlhofer.at\/shop\/wp-content\/uploads\/2019\/10\/LOGO-2-RETINA.png","width":471,"height":160,"caption":"Schnitzstube Stadlhofer Shop"},"image":{"@id":"https:\/\/www.franz-stadlhofer.at\/shop\/#\/schema\/logo\/image\/"}}]}},"_links":{"self":[{"href":"https:\/\/www.franz-stadlhofer.at\/shop\/wp-json\/wp\/v2\/product\/22405","targetHints":{"allow":["GET"]}}],"collection":[{"href":"https:\/\/www.franz-stadlhofer.at\/shop\/wp-json\/wp\/v2\/product"}],"about":[{"href":"https:\/\/www.franz-stadlhofer.at\/shop\/wp-json\/wp\/v2\/types\/product"}],"wp:featuredmedia":[{"embeddable":true,"href":"https:\/\/www.franz-stadlhofer.at\/shop\/wp-json\/wp\/v2\/media\/22406"}],"wp:attachment":[{"href":"https:\/\/www.franz-stadlhofer.at\/shop\/wp-json\/wp\/v2\/media?parent=22405"}],"wp:term":[{"taxonomy":"product_brand","embeddable":true,"href":"https:\/\/www.franz-stadlhofer.at\/shop\/wp-json\/wp\/v2\/product_brand?post=22405"},{"taxonomy":"product_cat","embeddable":true,"href":"https:\/\/www.franz-stadlhofer.at\/shop\/wp-json\/wp\/v2\/product_cat?post=22405"},{"taxonomy":"product_tag","embeddable":true,"href":"https:\/\/www.franz-stadlhofer.at\/shop\/wp-json\/wp\/v2\/product_tag?post=22405"}],"curies":[{"name":"wp","href":"https:\/\/api.w.org\/{rel}","templated":true}]}}