{"id":22402,"date":"2015-01-01T13:08:30","date_gmt":"2015-01-01T13:08:30","guid":{"rendered":"https:\/\/www.franz-stadlhofer.at\/shop\/?post_type=product&#038;p=22402"},"modified":"2026-02-26T18:38:59","modified_gmt":"2026-02-26T17:38:59","slug":"schnitzkoffer","status":"publish","type":"product","link":"https:\/\/www.franz-stadlhofer.at\/shop\/produkt\/schnitzkoffer\/","title":{"rendered":"Schnitzkoffer"},"content":{"rendered":"<p>In diesem praktischen Koffer aus Kunststoff k\u00f6nnen Sie Ihre Schnitzeisen optimal aufbewahren. Die beiden Schaumstoffeinlagen sind f\u00fcr unterschiedliche Messergr\u00f6\u00dfen ausgeformt. Diese Formen geben den Messern einen optimal Halt und sch\u00fctzen die Klingen, die Eisen sind einfach zu entnehmen. Jede Einlage fasst bis zu 12 Messer. Das geringe Eigengewicht des Koffers macht auch einen l\u00e4ngeren Transport ganz einfach m\u00f6glich.<\/p>\n<p>Ma\u00dfe (L x B x H): 38 x 32 x 9 cm<\/p>\n","protected":false},"excerpt":{"rendered":"<p>In diesem praktischen Koffer aus Kunststoff k\u00f6nnen Sie Ihre Schnitzeisen optimal aufbewahren. Die beiden Schaumstoffeinlagen sind f\u00fcr unterschiedliche Messergr\u00f6\u00dfen ausgeformt. Diese Formen geben den Messern einen optimal Halt und sch\u00fctzen die Klingen, die Eisen sind  [&#8230;]<\/p>\n","protected":false},"featured_media":22403,"template":"","meta":[],"product_brand":[803],"product_cat":[756,758],"product_tag":[],"class_list":{"0":"post-22402","1":"product","2":"type-product","3":"status-publish","4":"has-post-thumbnail","6":"product_brand-schnitzstube-franz-stadlhofer","7":"product_cat-zubehor-werkzeug","8":"product_cat-werkzeuge","10":"first","11":"instock","12":"taxable","13":"shipping-taxable","14":"purchasable","15":"product-type-simple"},"barcode":null,"atum_controlled":true,"out_stock_date":null,"out_stock_threshold":null,"inheritable":false,"stock_on_hold":0,"sold_today":0,"sales_last_days":0,"reserved_stock":0,"customer_returns":0,"warehouse_damage":0,"lost_in_post":0,"other_logs":0,"out_stock_days":0,"lost_sales":0,"update_date":"2026-04-30T00:01:48","atum_locations":[],"atum_stock_status":"instock","restock_status":false,"low_stock_amount":"","sales_update_date":"2026-04-30T00:01:48","calc_backorders":null,"yoast_head":"<!-- This site is optimized with the Yoast SEO plugin v27.4 - https:\/\/yoast.com\/product\/yoast-seo-wordpress\/ -->\n<title>Schnitzkoffer<\/title>\n<meta name=\"description\" content=\"In diesem praktischen Koffer aus Kunststoff k\u00f6nnen Sie Ihre Schnitzeisen optimal aufbewahren. Die beiden Schaumstoffeinlagen sind f\u00fcr unterschiedliche Messergr\u00f6\u00dfen ausgeformt. Diese Formen geben den Messern einen optimal Halt und sch\u00fctzen die Klingen, die Eisen sind einfach zu entnehmen. Jede Einlage fasst bis zu 12 Messer. Das geringe Eigengewicht des Koffers macht auch einen l\u00e4ngeren Transport ganz einfach m\u00f6glich. Ma\u00dfe (L x B x H): 38 x 32 x 9 cm\" \/>\n<meta name=\"robots\" content=\"index, follow, max-snippet:-1, max-image-preview:large, max-video-preview:-1\" \/>\n<link rel=\"canonical\" href=\"https:\/\/www.franz-stadlhofer.at\/shop\/produkt\/schnitzkoffer\/\" \/>\n<meta property=\"og:locale\" content=\"de_DE\" \/>\n<meta property=\"og:type\" content=\"article\" \/>\n<meta property=\"og:title\" content=\"Schnitzkoffer\" \/>\n<meta property=\"og:description\" content=\"In diesem praktischen Koffer aus Kunststoff k\u00f6nnen Sie Ihre Schnitzeisen optimal aufbewahren. Die beiden Schaumstoffeinlagen sind f\u00fcr unterschiedliche Messergr\u00f6\u00dfen ausgeformt. Diese Formen geben den Messern einen optimal Halt und sch\u00fctzen die Klingen, die Eisen sind einfach zu entnehmen. Jede Einlage fasst bis zu 12 Messer. Das geringe Eigengewicht des Koffers macht auch einen l\u00e4ngeren Transport ganz einfach m\u00f6glich. Ma\u00dfe (L x B x H): 38 x 32 x 9 cm\" \/>\n<meta property=\"og:url\" content=\"https:\/\/www.franz-stadlhofer.at\/shop\/produkt\/schnitzkoffer\/\" \/>\n<meta property=\"og:site_name\" content=\"Schnitzstube Stadlhofer Shop\" \/>\n<meta property=\"article:modified_time\" content=\"2026-02-26T17:38:59+00:00\" \/>\n<meta property=\"og:image\" content=\"https:\/\/www.franz-stadlhofer.at\/shop\/wp-content\/uploads\/2015\/01\/products-Messerkoffer_offen.jpg\" \/>\n\t<meta property=\"og:image:width\" content=\"945\" \/>\n\t<meta property=\"og:image:height\" content=\"945\" \/>\n\t<meta property=\"og:image:type\" content=\"image\/jpeg\" \/>\n<meta name=\"twitter:card\" content=\"summary_large_image\" \/>\n<script type=\"application\/ld+json\" class=\"yoast-schema-graph\">{\"@context\":\"https:\\\/\\\/schema.org\",\"@graph\":[{\"@type\":\"WebPage\",\"@id\":\"https:\\\/\\\/www.franz-stadlhofer.at\\\/shop\\\/produkt\\\/schnitzkoffer\\\/\",\"url\":\"https:\\\/\\\/www.franz-stadlhofer.at\\\/shop\\\/produkt\\\/schnitzkoffer\\\/\",\"name\":\"Schnitzkoffer\",\"isPartOf\":{\"@id\":\"https:\\\/\\\/www.franz-stadlhofer.at\\\/shop\\\/#website\"},\"primaryImageOfPage\":{\"@id\":\"https:\\\/\\\/www.franz-stadlhofer.at\\\/shop\\\/produkt\\\/schnitzkoffer\\\/#primaryimage\"},\"image\":{\"@id\":\"https:\\\/\\\/www.franz-stadlhofer.at\\\/shop\\\/produkt\\\/schnitzkoffer\\\/#primaryimage\"},\"thumbnailUrl\":\"https:\\\/\\\/www.franz-stadlhofer.at\\\/shop\\\/wp-content\\\/uploads\\\/2015\\\/01\\\/products-Messerkoffer_offen.jpg\",\"datePublished\":\"2015-01-01T13:08:30+00:00\",\"dateModified\":\"2026-02-26T17:38:59+00:00\",\"description\":\"In diesem praktischen Koffer aus Kunststoff k\u00f6nnen Sie Ihre Schnitzeisen optimal aufbewahren. Die beiden Schaumstoffeinlagen sind f\u00fcr unterschiedliche Messergr\u00f6\u00dfen ausgeformt. Diese Formen geben den Messern einen optimal Halt und sch\u00fctzen die Klingen, die Eisen sind einfach zu entnehmen. Jede Einlage fasst bis zu 12 Messer. Das geringe Eigengewicht des Koffers macht auch einen l\u00e4ngeren Transport ganz einfach m\u00f6glich. Ma\u00dfe (L x B x H): 38 x 32 x 9 cm\",\"breadcrumb\":{\"@id\":\"https:\\\/\\\/www.franz-stadlhofer.at\\\/shop\\\/produkt\\\/schnitzkoffer\\\/#breadcrumb\"},\"inLanguage\":\"de\",\"potentialAction\":[{\"@type\":\"ReadAction\",\"target\":[\"https:\\\/\\\/www.franz-stadlhofer.at\\\/shop\\\/produkt\\\/schnitzkoffer\\\/\"]}]},{\"@type\":\"ImageObject\",\"inLanguage\":\"de\",\"@id\":\"https:\\\/\\\/www.franz-stadlhofer.at\\\/shop\\\/produkt\\\/schnitzkoffer\\\/#primaryimage\",\"url\":\"https:\\\/\\\/www.franz-stadlhofer.at\\\/shop\\\/wp-content\\\/uploads\\\/2015\\\/01\\\/products-Messerkoffer_offen.jpg\",\"contentUrl\":\"https:\\\/\\\/www.franz-stadlhofer.at\\\/shop\\\/wp-content\\\/uploads\\\/2015\\\/01\\\/products-Messerkoffer_offen.jpg\",\"width\":\"945\",\"height\":\"945\",\"caption\":\"Schnitzkoffer - Schnitzstube Stadlhofer Shop\"},{\"@type\":\"BreadcrumbList\",\"@id\":\"https:\\\/\\\/www.franz-stadlhofer.at\\\/shop\\\/produkt\\\/schnitzkoffer\\\/#breadcrumb\",\"itemListElement\":[{\"@type\":\"ListItem\",\"position\":1,\"name\":\"Startseite\",\"item\":\"https:\\\/\\\/www.franz-stadlhofer.at\\\/shop\\\/\"},{\"@type\":\"ListItem\",\"position\":2,\"name\":\"Produkte\",\"item\":\"https:\\\/\\\/www.franz-stadlhofer.at\\\/shop\\\/shop\\\/\"},{\"@type\":\"ListItem\",\"position\":3,\"name\":\"Schnitzkoffer\"}]},{\"@type\":\"WebSite\",\"@id\":\"https:\\\/\\\/www.franz-stadlhofer.at\\\/shop\\\/#website\",\"url\":\"https:\\\/\\\/www.franz-stadlhofer.at\\\/shop\\\/\",\"name\":\"Schnitzstube Stadlhofer Shop\",\"description\":\"Holzschnitzen Onlineshop\",\"publisher\":{\"@id\":\"https:\\\/\\\/www.franz-stadlhofer.at\\\/shop\\\/#organization\"},\"potentialAction\":[{\"@type\":\"SearchAction\",\"target\":{\"@type\":\"EntryPoint\",\"urlTemplate\":\"https:\\\/\\\/www.franz-stadlhofer.at\\\/shop\\\/?s={search_term_string}\"},\"query-input\":{\"@type\":\"PropertyValueSpecification\",\"valueRequired\":true,\"valueName\":\"search_term_string\"}}],\"inLanguage\":\"de\"},{\"@type\":\"Organization\",\"@id\":\"https:\\\/\\\/www.franz-stadlhofer.at\\\/shop\\\/#organization\",\"name\":\"Schnitzstube Stadlhofer Shop\",\"url\":\"https:\\\/\\\/www.franz-stadlhofer.at\\\/shop\\\/\",\"logo\":{\"@type\":\"ImageObject\",\"inLanguage\":\"de\",\"@id\":\"https:\\\/\\\/www.franz-stadlhofer.at\\\/shop\\\/#\\\/schema\\\/logo\\\/image\\\/\",\"url\":\"https:\\\/\\\/www.franz-stadlhofer.at\\\/shop\\\/wp-content\\\/uploads\\\/2019\\\/10\\\/LOGO-2-RETINA.png\",\"contentUrl\":\"https:\\\/\\\/www.franz-stadlhofer.at\\\/shop\\\/wp-content\\\/uploads\\\/2019\\\/10\\\/LOGO-2-RETINA.png\",\"width\":471,\"height\":160,\"caption\":\"Schnitzstube Stadlhofer Shop\"},\"image\":{\"@id\":\"https:\\\/\\\/www.franz-stadlhofer.at\\\/shop\\\/#\\\/schema\\\/logo\\\/image\\\/\"}}]}<\/script>\n<!-- \/ Yoast SEO plugin. -->","yoast_head_json":{"title":"Schnitzkoffer","description":"In diesem praktischen Koffer aus Kunststoff k\u00f6nnen Sie Ihre Schnitzeisen optimal aufbewahren. Die beiden Schaumstoffeinlagen sind f\u00fcr unterschiedliche Messergr\u00f6\u00dfen ausgeformt. Diese Formen geben den Messern einen optimal Halt und sch\u00fctzen die Klingen, die Eisen sind einfach zu entnehmen. Jede Einlage fasst bis zu 12 Messer. Das geringe Eigengewicht des Koffers macht auch einen l\u00e4ngeren Transport ganz einfach m\u00f6glich. Ma\u00dfe (L x B x H): 38 x 32 x 9 cm","robots":{"index":"index","follow":"follow","max-snippet":"max-snippet:-1","max-image-preview":"max-image-preview:large","max-video-preview":"max-video-preview:-1"},"canonical":"https:\/\/www.franz-stadlhofer.at\/shop\/produkt\/schnitzkoffer\/","og_locale":"de_DE","og_type":"article","og_title":"Schnitzkoffer","og_description":"In diesem praktischen Koffer aus Kunststoff k\u00f6nnen Sie Ihre Schnitzeisen optimal aufbewahren. Die beiden Schaumstoffeinlagen sind f\u00fcr unterschiedliche Messergr\u00f6\u00dfen ausgeformt. Diese Formen geben den Messern einen optimal Halt und sch\u00fctzen die Klingen, die Eisen sind einfach zu entnehmen. Jede Einlage fasst bis zu 12 Messer. Das geringe Eigengewicht des Koffers macht auch einen l\u00e4ngeren Transport ganz einfach m\u00f6glich. Ma\u00dfe (L x B x H): 38 x 32 x 9 cm","og_url":"https:\/\/www.franz-stadlhofer.at\/shop\/produkt\/schnitzkoffer\/","og_site_name":"Schnitzstube Stadlhofer Shop","article_modified_time":"2026-02-26T17:38:59+00:00","og_image":[{"width":945,"height":945,"url":"https:\/\/www.franz-stadlhofer.at\/shop\/wp-content\/uploads\/2015\/01\/products-Messerkoffer_offen.jpg","type":"image\/jpeg"}],"twitter_card":"summary_large_image","schema":{"@context":"https:\/\/schema.org","@graph":[{"@type":"WebPage","@id":"https:\/\/www.franz-stadlhofer.at\/shop\/produkt\/schnitzkoffer\/","url":"https:\/\/www.franz-stadlhofer.at\/shop\/produkt\/schnitzkoffer\/","name":"Schnitzkoffer","isPartOf":{"@id":"https:\/\/www.franz-stadlhofer.at\/shop\/#website"},"primaryImageOfPage":{"@id":"https:\/\/www.franz-stadlhofer.at\/shop\/produkt\/schnitzkoffer\/#primaryimage"},"image":{"@id":"https:\/\/www.franz-stadlhofer.at\/shop\/produkt\/schnitzkoffer\/#primaryimage"},"thumbnailUrl":"https:\/\/www.franz-stadlhofer.at\/shop\/wp-content\/uploads\/2015\/01\/products-Messerkoffer_offen.jpg","datePublished":"2015-01-01T13:08:30+00:00","dateModified":"2026-02-26T17:38:59+00:00","description":"In diesem praktischen Koffer aus Kunststoff k\u00f6nnen Sie Ihre Schnitzeisen optimal aufbewahren. Die beiden Schaumstoffeinlagen sind f\u00fcr unterschiedliche Messergr\u00f6\u00dfen ausgeformt. Diese Formen geben den Messern einen optimal Halt und sch\u00fctzen die Klingen, die Eisen sind einfach zu entnehmen. Jede Einlage fasst bis zu 12 Messer. Das geringe Eigengewicht des Koffers macht auch einen l\u00e4ngeren Transport ganz einfach m\u00f6glich. Ma\u00dfe (L x B x H): 38 x 32 x 9 cm","breadcrumb":{"@id":"https:\/\/www.franz-stadlhofer.at\/shop\/produkt\/schnitzkoffer\/#breadcrumb"},"inLanguage":"de","potentialAction":[{"@type":"ReadAction","target":["https:\/\/www.franz-stadlhofer.at\/shop\/produkt\/schnitzkoffer\/"]}]},{"@type":"ImageObject","inLanguage":"de","@id":"https:\/\/www.franz-stadlhofer.at\/shop\/produkt\/schnitzkoffer\/#primaryimage","url":"https:\/\/www.franz-stadlhofer.at\/shop\/wp-content\/uploads\/2015\/01\/products-Messerkoffer_offen.jpg","contentUrl":"https:\/\/www.franz-stadlhofer.at\/shop\/wp-content\/uploads\/2015\/01\/products-Messerkoffer_offen.jpg","width":"945","height":"945","caption":"Schnitzkoffer - Schnitzstube Stadlhofer Shop"},{"@type":"BreadcrumbList","@id":"https:\/\/www.franz-stadlhofer.at\/shop\/produkt\/schnitzkoffer\/#breadcrumb","itemListElement":[{"@type":"ListItem","position":1,"name":"Startseite","item":"https:\/\/www.franz-stadlhofer.at\/shop\/"},{"@type":"ListItem","position":2,"name":"Produkte","item":"https:\/\/www.franz-stadlhofer.at\/shop\/shop\/"},{"@type":"ListItem","position":3,"name":"Schnitzkoffer"}]},{"@type":"WebSite","@id":"https:\/\/www.franz-stadlhofer.at\/shop\/#website","url":"https:\/\/www.franz-stadlhofer.at\/shop\/","name":"Schnitzstube Stadlhofer Shop","description":"Holzschnitzen Onlineshop","publisher":{"@id":"https:\/\/www.franz-stadlhofer.at\/shop\/#organization"},"potentialAction":[{"@type":"SearchAction","target":{"@type":"EntryPoint","urlTemplate":"https:\/\/www.franz-stadlhofer.at\/shop\/?s={search_term_string}"},"query-input":{"@type":"PropertyValueSpecification","valueRequired":true,"valueName":"search_term_string"}}],"inLanguage":"de"},{"@type":"Organization","@id":"https:\/\/www.franz-stadlhofer.at\/shop\/#organization","name":"Schnitzstube Stadlhofer Shop","url":"https:\/\/www.franz-stadlhofer.at\/shop\/","logo":{"@type":"ImageObject","inLanguage":"de","@id":"https:\/\/www.franz-stadlhofer.at\/shop\/#\/schema\/logo\/image\/","url":"https:\/\/www.franz-stadlhofer.at\/shop\/wp-content\/uploads\/2019\/10\/LOGO-2-RETINA.png","contentUrl":"https:\/\/www.franz-stadlhofer.at\/shop\/wp-content\/uploads\/2019\/10\/LOGO-2-RETINA.png","width":471,"height":160,"caption":"Schnitzstube Stadlhofer Shop"},"image":{"@id":"https:\/\/www.franz-stadlhofer.at\/shop\/#\/schema\/logo\/image\/"}}]}},"_links":{"self":[{"href":"https:\/\/www.franz-stadlhofer.at\/shop\/wp-json\/wp\/v2\/product\/22402","targetHints":{"allow":["GET"]}}],"collection":[{"href":"https:\/\/www.franz-stadlhofer.at\/shop\/wp-json\/wp\/v2\/product"}],"about":[{"href":"https:\/\/www.franz-stadlhofer.at\/shop\/wp-json\/wp\/v2\/types\/product"}],"wp:featuredmedia":[{"embeddable":true,"href":"https:\/\/www.franz-stadlhofer.at\/shop\/wp-json\/wp\/v2\/media\/22403"}],"wp:attachment":[{"href":"https:\/\/www.franz-stadlhofer.at\/shop\/wp-json\/wp\/v2\/media?parent=22402"}],"wp:term":[{"taxonomy":"product_brand","embeddable":true,"href":"https:\/\/www.franz-stadlhofer.at\/shop\/wp-json\/wp\/v2\/product_brand?post=22402"},{"taxonomy":"product_cat","embeddable":true,"href":"https:\/\/www.franz-stadlhofer.at\/shop\/wp-json\/wp\/v2\/product_cat?post=22402"},{"taxonomy":"product_tag","embeddable":true,"href":"https:\/\/www.franz-stadlhofer.at\/shop\/wp-json\/wp\/v2\/product_tag?post=22402"}],"curies":[{"name":"wp","href":"https:\/\/api.w.org\/{rel}","templated":true}]}}