{"id":22390,"date":"2024-04-24T18:36:39","date_gmt":"2024-04-24T16:36:39","guid":{"rendered":"https:\/\/www.franz-stadlhofer.at\/shop\/?post_type=product&#038;p=22390"},"modified":"2024-04-24T23:34:22","modified_gmt":"2024-04-24T21:34:22","slug":"kreuzanhaenger","status":"publish","type":"product","link":"https:\/\/www.franz-stadlhofer.at\/shop\/produkt\/kreuzanhaenger\/","title":{"rendered":"Kreuzanh\u00e4nger"},"content":{"rendered":"<p>Diese Kreuze eignet sich besonders als Anh\u00e4nger. Sie sind auf Lindenholzplatten vorgelasert. Nach dem Beschnitzen \/ Verzieren k\u00f6nnen sie leicht herausgel\u00f6st werden. Sie sind in zwei Varianten erh\u00e4tlich: entweder 5 klassische oder 6 gleichschenkelige Kreuze pro Platte.<\/p>\n<p>Platten Ma\u00dfe (L x B x H): 50 x 85 x 0,6 cm<\/p>\n","protected":false},"excerpt":{"rendered":"<p>Diese Kreuze eignet sich besonders als Anh\u00e4nger. Sie sind auf Lindenholzplatten vorgelasert. Nach dem Beschnitzen \/ Verzieren k\u00f6nnen sie leicht herausgel\u00f6st werden. Sie sind in zwei Varianten erh\u00e4tlich: entweder 5 klassische oder 6 gleichschenkelige Kreuze  [&#8230;]<\/p>\n","protected":false},"featured_media":22395,"template":"","meta":[],"product_brand":[803],"product_cat":[759,783],"product_tag":[1450,1457,1516,1518,1588],"class_list":{"0":"post-22390","1":"product","2":"type-product","3":"status-publish","4":"has-post-thumbnail","6":"product_brand-schnitzstube-franz-stadlhofer","7":"product_cat-rohes-lindenholz","8":"product_cat-kreuze","9":"product_tag-schnitzholz","10":"product_tag-kreuz","11":"product_tag-rohes-lindenholz","12":"product_tag-beschnitzbar","13":"product_tag-kreuzanhaenger","14":"pa_modell-klassisch","15":"pa_modell-gleichschenkelig","17":"first","18":"instock","19":"taxable","20":"shipping-taxable","21":"purchasable","22":"product-type-variable"},"barcode":null,"atum_controlled":true,"out_stock_date":null,"out_stock_threshold":null,"inheritable":false,"stock_on_hold":0,"sold_today":0,"sales_last_days":0,"reserved_stock":0,"customer_returns":0,"warehouse_damage":0,"lost_in_post":0,"other_logs":0,"out_stock_days":0,"lost_sales":0,"update_date":"2026-04-05T00:03:08","atum_locations":[],"atum_stock_status":"instock","restock_status":false,"low_stock_amount":"","sales_update_date":"2026-04-05T00:03:08","calc_backorders":null,"yoast_head":"<!-- This site is optimized with the Yoast SEO plugin v27.3 - https:\/\/yoast.com\/product\/yoast-seo-wordpress\/ -->\n<title>Kreuzanh\u00e4nger<\/title>\n<meta name=\"description\" content=\"Diese Kreuze eignet sich besonders als Anh\u00e4nger. Sie sind auf Lindenholzplatten vorgelasert. Nach dem Beschnitzen \/ Verzieren k\u00f6nnen sie leicht herausgel\u00f6st werden. Sie sind in zwei Varianten erh\u00e4tlich: entweder 5 klassische oder 6 gleichschenkelige Kreuze pro Platte. Platten Ma\u00dfe (L x B x H): 50 x 85 x 0,6 cm\" \/>\n<meta name=\"robots\" content=\"index, follow, max-snippet:-1, max-image-preview:large, max-video-preview:-1\" \/>\n<link rel=\"canonical\" href=\"https:\/\/www.franz-stadlhofer.at\/shop\/produkt\/kreuzanhaenger\/\" \/>\n<meta property=\"og:locale\" content=\"de_DE\" \/>\n<meta property=\"og:type\" content=\"article\" \/>\n<meta property=\"og:title\" content=\"Kreuzanh\u00e4nger\" \/>\n<meta property=\"og:description\" content=\"Diese Kreuze eignet sich besonders als Anh\u00e4nger. Sie sind auf Lindenholzplatten vorgelasert. Nach dem Beschnitzen \/ Verzieren k\u00f6nnen sie leicht herausgel\u00f6st werden. Sie sind in zwei Varianten erh\u00e4tlich: entweder 5 klassische oder 6 gleichschenkelige Kreuze pro Platte. Platten Ma\u00dfe (L x B x H): 50 x 85 x 0,6 cm\" \/>\n<meta property=\"og:url\" content=\"https:\/\/www.franz-stadlhofer.at\/shop\/produkt\/kreuzanhaenger\/\" \/>\n<meta property=\"og:site_name\" content=\"Schnitzstube Stadlhofer Shop\" \/>\n<meta property=\"article:modified_time\" content=\"2024-04-24T21:34:22+00:00\" \/>\n<meta property=\"og:image\" content=\"https:\/\/www.franz-stadlhofer.at\/shop\/wp-content\/uploads\/2015\/01\/products-Platten_Kreuze_7fd2023b-b563-42b8-a91f-5735b0986958.jpg\" \/>\n\t<meta property=\"og:image:width\" content=\"945\" \/>\n\t<meta property=\"og:image:height\" content=\"945\" \/>\n\t<meta property=\"og:image:type\" content=\"image\/jpeg\" \/>\n<meta name=\"twitter:card\" content=\"summary_large_image\" \/>\n<script type=\"application\/ld+json\" class=\"yoast-schema-graph\">{\"@context\":\"https:\\\/\\\/schema.org\",\"@graph\":[{\"@type\":\"WebPage\",\"@id\":\"https:\\\/\\\/www.franz-stadlhofer.at\\\/shop\\\/produkt\\\/kreuzanhaenger\\\/\",\"url\":\"https:\\\/\\\/www.franz-stadlhofer.at\\\/shop\\\/produkt\\\/kreuzanhaenger\\\/\",\"name\":\"Kreuzanh\u00e4nger\",\"isPartOf\":{\"@id\":\"https:\\\/\\\/www.franz-stadlhofer.at\\\/shop\\\/#website\"},\"primaryImageOfPage\":{\"@id\":\"https:\\\/\\\/www.franz-stadlhofer.at\\\/shop\\\/produkt\\\/kreuzanhaenger\\\/#primaryimage\"},\"image\":{\"@id\":\"https:\\\/\\\/www.franz-stadlhofer.at\\\/shop\\\/produkt\\\/kreuzanhaenger\\\/#primaryimage\"},\"thumbnailUrl\":\"https:\\\/\\\/www.franz-stadlhofer.at\\\/shop\\\/wp-content\\\/uploads\\\/2015\\\/01\\\/products-Platten_Kreuze_7fd2023b-b563-42b8-a91f-5735b0986958.jpg\",\"datePublished\":\"2024-04-24T16:36:39+00:00\",\"dateModified\":\"2024-04-24T21:34:22+00:00\",\"description\":\"Diese Kreuze eignet sich besonders als Anh\u00e4nger. Sie sind auf Lindenholzplatten vorgelasert. Nach dem Beschnitzen \\\/ Verzieren k\u00f6nnen sie leicht herausgel\u00f6st werden. Sie sind in zwei Varianten erh\u00e4tlich: entweder 5 klassische oder 6 gleichschenkelige Kreuze pro Platte. Platten Ma\u00dfe (L x B x H): 50 x 85 x 0,6 cm\",\"breadcrumb\":{\"@id\":\"https:\\\/\\\/www.franz-stadlhofer.at\\\/shop\\\/produkt\\\/kreuzanhaenger\\\/#breadcrumb\"},\"inLanguage\":\"de\",\"potentialAction\":[{\"@type\":\"ReadAction\",\"target\":[\"https:\\\/\\\/www.franz-stadlhofer.at\\\/shop\\\/produkt\\\/kreuzanhaenger\\\/\"]}]},{\"@type\":\"ImageObject\",\"inLanguage\":\"de\",\"@id\":\"https:\\\/\\\/www.franz-stadlhofer.at\\\/shop\\\/produkt\\\/kreuzanhaenger\\\/#primaryimage\",\"url\":\"https:\\\/\\\/www.franz-stadlhofer.at\\\/shop\\\/wp-content\\\/uploads\\\/2015\\\/01\\\/products-Platten_Kreuze_7fd2023b-b563-42b8-a91f-5735b0986958.jpg\",\"contentUrl\":\"https:\\\/\\\/www.franz-stadlhofer.at\\\/shop\\\/wp-content\\\/uploads\\\/2015\\\/01\\\/products-Platten_Kreuze_7fd2023b-b563-42b8-a91f-5735b0986958.jpg\",\"width\":\"945\",\"height\":\"945\",\"caption\":\"Kreuzanh\u00e4nger Lindenholz roh - Schnitzstube Stadlhofer Shop\"},{\"@type\":\"BreadcrumbList\",\"@id\":\"https:\\\/\\\/www.franz-stadlhofer.at\\\/shop\\\/produkt\\\/kreuzanhaenger\\\/#breadcrumb\",\"itemListElement\":[{\"@type\":\"ListItem\",\"position\":1,\"name\":\"Startseite\",\"item\":\"https:\\\/\\\/www.franz-stadlhofer.at\\\/shop\\\/\"},{\"@type\":\"ListItem\",\"position\":2,\"name\":\"Produkte\",\"item\":\"https:\\\/\\\/www.franz-stadlhofer.at\\\/shop\\\/shop\\\/\"},{\"@type\":\"ListItem\",\"position\":3,\"name\":\"Kreuzanh\u00e4nger\"}]},{\"@type\":\"WebSite\",\"@id\":\"https:\\\/\\\/www.franz-stadlhofer.at\\\/shop\\\/#website\",\"url\":\"https:\\\/\\\/www.franz-stadlhofer.at\\\/shop\\\/\",\"name\":\"Schnitzstube Stadlhofer Shop\",\"description\":\"Holzschnitzen Onlineshop\",\"publisher\":{\"@id\":\"https:\\\/\\\/www.franz-stadlhofer.at\\\/shop\\\/#organization\"},\"potentialAction\":[{\"@type\":\"SearchAction\",\"target\":{\"@type\":\"EntryPoint\",\"urlTemplate\":\"https:\\\/\\\/www.franz-stadlhofer.at\\\/shop\\\/?s={search_term_string}\"},\"query-input\":{\"@type\":\"PropertyValueSpecification\",\"valueRequired\":true,\"valueName\":\"search_term_string\"}}],\"inLanguage\":\"de\"},{\"@type\":\"Organization\",\"@id\":\"https:\\\/\\\/www.franz-stadlhofer.at\\\/shop\\\/#organization\",\"name\":\"Schnitzstube Stadlhofer Shop\",\"url\":\"https:\\\/\\\/www.franz-stadlhofer.at\\\/shop\\\/\",\"logo\":{\"@type\":\"ImageObject\",\"inLanguage\":\"de\",\"@id\":\"https:\\\/\\\/www.franz-stadlhofer.at\\\/shop\\\/#\\\/schema\\\/logo\\\/image\\\/\",\"url\":\"https:\\\/\\\/www.franz-stadlhofer.at\\\/shop\\\/wp-content\\\/uploads\\\/2019\\\/10\\\/LOGO-2-RETINA.png\",\"contentUrl\":\"https:\\\/\\\/www.franz-stadlhofer.at\\\/shop\\\/wp-content\\\/uploads\\\/2019\\\/10\\\/LOGO-2-RETINA.png\",\"width\":471,\"height\":160,\"caption\":\"Schnitzstube Stadlhofer Shop\"},\"image\":{\"@id\":\"https:\\\/\\\/www.franz-stadlhofer.at\\\/shop\\\/#\\\/schema\\\/logo\\\/image\\\/\"}}]}<\/script>\n<!-- \/ Yoast SEO plugin. -->","yoast_head_json":{"title":"Kreuzanh\u00e4nger","description":"Diese Kreuze eignet sich besonders als Anh\u00e4nger. Sie sind auf Lindenholzplatten vorgelasert. Nach dem Beschnitzen \/ Verzieren k\u00f6nnen sie leicht herausgel\u00f6st werden. Sie sind in zwei Varianten erh\u00e4tlich: entweder 5 klassische oder 6 gleichschenkelige Kreuze pro Platte. Platten Ma\u00dfe (L x B x H): 50 x 85 x 0,6 cm","robots":{"index":"index","follow":"follow","max-snippet":"max-snippet:-1","max-image-preview":"max-image-preview:large","max-video-preview":"max-video-preview:-1"},"canonical":"https:\/\/www.franz-stadlhofer.at\/shop\/produkt\/kreuzanhaenger\/","og_locale":"de_DE","og_type":"article","og_title":"Kreuzanh\u00e4nger","og_description":"Diese Kreuze eignet sich besonders als Anh\u00e4nger. Sie sind auf Lindenholzplatten vorgelasert. Nach dem Beschnitzen \/ Verzieren k\u00f6nnen sie leicht herausgel\u00f6st werden. Sie sind in zwei Varianten erh\u00e4tlich: entweder 5 klassische oder 6 gleichschenkelige Kreuze pro Platte. Platten Ma\u00dfe (L x B x H): 50 x 85 x 0,6 cm","og_url":"https:\/\/www.franz-stadlhofer.at\/shop\/produkt\/kreuzanhaenger\/","og_site_name":"Schnitzstube Stadlhofer Shop","article_modified_time":"2024-04-24T21:34:22+00:00","og_image":[{"width":945,"height":945,"url":"https:\/\/www.franz-stadlhofer.at\/shop\/wp-content\/uploads\/2015\/01\/products-Platten_Kreuze_7fd2023b-b563-42b8-a91f-5735b0986958.jpg","type":"image\/jpeg"}],"twitter_card":"summary_large_image","schema":{"@context":"https:\/\/schema.org","@graph":[{"@type":"WebPage","@id":"https:\/\/www.franz-stadlhofer.at\/shop\/produkt\/kreuzanhaenger\/","url":"https:\/\/www.franz-stadlhofer.at\/shop\/produkt\/kreuzanhaenger\/","name":"Kreuzanh\u00e4nger","isPartOf":{"@id":"https:\/\/www.franz-stadlhofer.at\/shop\/#website"},"primaryImageOfPage":{"@id":"https:\/\/www.franz-stadlhofer.at\/shop\/produkt\/kreuzanhaenger\/#primaryimage"},"image":{"@id":"https:\/\/www.franz-stadlhofer.at\/shop\/produkt\/kreuzanhaenger\/#primaryimage"},"thumbnailUrl":"https:\/\/www.franz-stadlhofer.at\/shop\/wp-content\/uploads\/2015\/01\/products-Platten_Kreuze_7fd2023b-b563-42b8-a91f-5735b0986958.jpg","datePublished":"2024-04-24T16:36:39+00:00","dateModified":"2024-04-24T21:34:22+00:00","description":"Diese Kreuze eignet sich besonders als Anh\u00e4nger. Sie sind auf Lindenholzplatten vorgelasert. Nach dem Beschnitzen \/ Verzieren k\u00f6nnen sie leicht herausgel\u00f6st werden. Sie sind in zwei Varianten erh\u00e4tlich: entweder 5 klassische oder 6 gleichschenkelige Kreuze pro Platte. Platten Ma\u00dfe (L x B x H): 50 x 85 x 0,6 cm","breadcrumb":{"@id":"https:\/\/www.franz-stadlhofer.at\/shop\/produkt\/kreuzanhaenger\/#breadcrumb"},"inLanguage":"de","potentialAction":[{"@type":"ReadAction","target":["https:\/\/www.franz-stadlhofer.at\/shop\/produkt\/kreuzanhaenger\/"]}]},{"@type":"ImageObject","inLanguage":"de","@id":"https:\/\/www.franz-stadlhofer.at\/shop\/produkt\/kreuzanhaenger\/#primaryimage","url":"https:\/\/www.franz-stadlhofer.at\/shop\/wp-content\/uploads\/2015\/01\/products-Platten_Kreuze_7fd2023b-b563-42b8-a91f-5735b0986958.jpg","contentUrl":"https:\/\/www.franz-stadlhofer.at\/shop\/wp-content\/uploads\/2015\/01\/products-Platten_Kreuze_7fd2023b-b563-42b8-a91f-5735b0986958.jpg","width":"945","height":"945","caption":"Kreuzanh\u00e4nger Lindenholz roh - Schnitzstube Stadlhofer Shop"},{"@type":"BreadcrumbList","@id":"https:\/\/www.franz-stadlhofer.at\/shop\/produkt\/kreuzanhaenger\/#breadcrumb","itemListElement":[{"@type":"ListItem","position":1,"name":"Startseite","item":"https:\/\/www.franz-stadlhofer.at\/shop\/"},{"@type":"ListItem","position":2,"name":"Produkte","item":"https:\/\/www.franz-stadlhofer.at\/shop\/shop\/"},{"@type":"ListItem","position":3,"name":"Kreuzanh\u00e4nger"}]},{"@type":"WebSite","@id":"https:\/\/www.franz-stadlhofer.at\/shop\/#website","url":"https:\/\/www.franz-stadlhofer.at\/shop\/","name":"Schnitzstube Stadlhofer Shop","description":"Holzschnitzen Onlineshop","publisher":{"@id":"https:\/\/www.franz-stadlhofer.at\/shop\/#organization"},"potentialAction":[{"@type":"SearchAction","target":{"@type":"EntryPoint","urlTemplate":"https:\/\/www.franz-stadlhofer.at\/shop\/?s={search_term_string}"},"query-input":{"@type":"PropertyValueSpecification","valueRequired":true,"valueName":"search_term_string"}}],"inLanguage":"de"},{"@type":"Organization","@id":"https:\/\/www.franz-stadlhofer.at\/shop\/#organization","name":"Schnitzstube Stadlhofer Shop","url":"https:\/\/www.franz-stadlhofer.at\/shop\/","logo":{"@type":"ImageObject","inLanguage":"de","@id":"https:\/\/www.franz-stadlhofer.at\/shop\/#\/schema\/logo\/image\/","url":"https:\/\/www.franz-stadlhofer.at\/shop\/wp-content\/uploads\/2019\/10\/LOGO-2-RETINA.png","contentUrl":"https:\/\/www.franz-stadlhofer.at\/shop\/wp-content\/uploads\/2019\/10\/LOGO-2-RETINA.png","width":471,"height":160,"caption":"Schnitzstube Stadlhofer Shop"},"image":{"@id":"https:\/\/www.franz-stadlhofer.at\/shop\/#\/schema\/logo\/image\/"}}]}},"_links":{"self":[{"href":"https:\/\/www.franz-stadlhofer.at\/shop\/wp-json\/wp\/v2\/product\/22390","targetHints":{"allow":["GET"]}}],"collection":[{"href":"https:\/\/www.franz-stadlhofer.at\/shop\/wp-json\/wp\/v2\/product"}],"about":[{"href":"https:\/\/www.franz-stadlhofer.at\/shop\/wp-json\/wp\/v2\/types\/product"}],"wp:featuredmedia":[{"embeddable":true,"href":"https:\/\/www.franz-stadlhofer.at\/shop\/wp-json\/wp\/v2\/media\/22395"}],"wp:attachment":[{"href":"https:\/\/www.franz-stadlhofer.at\/shop\/wp-json\/wp\/v2\/media?parent=22390"}],"wp:term":[{"taxonomy":"product_brand","embeddable":true,"href":"https:\/\/www.franz-stadlhofer.at\/shop\/wp-json\/wp\/v2\/product_brand?post=22390"},{"taxonomy":"product_cat","embeddable":true,"href":"https:\/\/www.franz-stadlhofer.at\/shop\/wp-json\/wp\/v2\/product_cat?post=22390"},{"taxonomy":"product_tag","embeddable":true,"href":"https:\/\/www.franz-stadlhofer.at\/shop\/wp-json\/wp\/v2\/product_tag?post=22390"}],"curies":[{"name":"wp","href":"https:\/\/api.w.org\/{rel}","templated":true}]}}