{"id":22347,"date":"2024-04-24T18:36:32","date_gmt":"2024-04-24T16:36:32","guid":{"rendered":"https:\/\/www.franz-stadlhofer.at\/shop\/?post_type=product&#038;p=22347"},"modified":"2024-08-05T15:40:33","modified_gmt":"2024-08-05T13:40:33","slug":"vase-gerade","status":"publish","type":"product","link":"https:\/\/www.franz-stadlhofer.at\/shop\/produkt\/vase-gerade\/","title":{"rendered":"Vase gerade"},"content":{"rendered":"<p>Auf diesen geraden Vasen k\u00f6nnen sie sich z.B. mit diversen Bandmustern gleich auf vier Seiten verwirklichen.<br \/>\nWenn Sie die Vasen nicht nur f\u00fcr Trockenblumen verwenden m\u00f6chten, vergessen Sie nicht, die passenden <strong><a href=\"https:\/\/www.franz-stadlhofer.at\/shop\/produkt\/vaseneinsatz\/\">Glaseprovetten<\/a><\/strong> mitzubestellen.<\/p>\n<p>Material: Lindenholz unbehandelt (roh)<\/p>\n","protected":false},"excerpt":{"rendered":"<p>Auf diesen geraden Vasen k\u00f6nnen sie sich z.B. mit diversen Bandmustern gleich auf vier Seiten verwirklichen. Wenn Sie die Vasen nicht nur f\u00fcr Trockenblumen verwenden m\u00f6chten, vergessen Sie nicht, die passenden Glaseprovetten mitzubestellen. Material: Lindenholz  [&#8230;]<\/p>\n","protected":false},"featured_media":22352,"template":"","meta":[],"product_brand":[803],"product_cat":[777,759],"product_tag":[1516,1518,1575,1450,1480,1499],"class_list":{"0":"post-22347","1":"product","2":"type-product","3":"status-publish","4":"has-post-thumbnail","6":"product_brand-schnitzstube-franz-stadlhofer","7":"product_cat-vasen","8":"product_cat-rohes-lindenholz","9":"product_tag-rohes-lindenholz","10":"product_tag-beschnitzbar","11":"product_tag-gerade","12":"product_tag-schnitzholz","13":"product_tag-eckig","14":"product_tag-vase","15":"pa_grobe-gr-1-24-x-6-x-6-cm","16":"pa_grobe-gr-2-26-x-6-x-6-cm","17":"pa_grobe-gr-3-28-x-6-x-6-cm","18":"pa_grobe-gr-4-28-x-7-x-7-cm","20":"first","21":"instock","22":"taxable","23":"shipping-taxable","24":"purchasable","25":"product-type-variable"},"barcode":null,"atum_controlled":true,"out_stock_date":null,"out_stock_threshold":null,"inheritable":true,"stock_on_hold":0,"sold_today":0,"sales_last_days":0,"reserved_stock":0,"customer_returns":0,"warehouse_damage":0,"lost_in_post":0,"other_logs":0,"out_stock_days":0,"lost_sales":0,"update_date":"2026-05-16T00:10:39","atum_locations":[],"atum_stock_status":"instock","restock_status":false,"low_stock_amount":"","sales_update_date":"2026-05-16T00:10:39","calc_backorders":null,"yoast_head":"<!-- This site is optimized with the Yoast SEO plugin v27.5 - https:\/\/yoast.com\/product\/yoast-seo-wordpress\/ -->\n<title>... gerade<\/title>\n<meta name=\"description\" content=\"Auf diesen geraden Vasen k\u00f6nnen sie sich z.B. mit diversen Bandmustern gleich auf vier Seiten verwirklichen. Wenn Sie die Vasen nicht nur f\u00fcr Trockenblumen verwenden m\u00f6chten, vergessen Sie nicht, die passenden Glaseprovetten mitzubestellen. Material: Lindenholz unbehandelt (roh)\" \/>\n<meta name=\"robots\" content=\"index, follow, max-snippet:-1, max-image-preview:large, max-video-preview:-1\" \/>\n<link rel=\"canonical\" href=\"https:\/\/www.franz-stadlhofer.at\/shop\/produkt\/vase-gerade\/\" \/>\n<meta property=\"og:locale\" content=\"de_DE\" \/>\n<meta property=\"og:type\" content=\"article\" \/>\n<meta property=\"og:title\" content=\"... gerade\" \/>\n<meta property=\"og:description\" content=\"Auf diesen geraden Vasen k\u00f6nnen sie sich z.B. mit diversen Bandmustern gleich auf vier Seiten verwirklichen. Wenn Sie die Vasen nicht nur f\u00fcr Trockenblumen verwenden m\u00f6chten, vergessen Sie nicht, die passenden Glaseprovetten mitzubestellen. Material: Lindenholz unbehandelt (roh)\" \/>\n<meta property=\"og:url\" content=\"https:\/\/www.franz-stadlhofer.at\/shop\/produkt\/vase-gerade\/\" \/>\n<meta property=\"og:site_name\" content=\"Schnitzstube Stadlhofer Shop\" \/>\n<meta property=\"article:modified_time\" content=\"2024-08-05T13:40:33+00:00\" \/>\n<meta property=\"og:image\" content=\"https:\/\/www.franz-stadlhofer.at\/shop\/wp-content\/uploads\/2014\/11\/products-Vasen_gerade_mehrere_bunt.jpg\" \/>\n\t<meta property=\"og:image:width\" content=\"945\" \/>\n\t<meta property=\"og:image:height\" content=\"945\" \/>\n\t<meta property=\"og:image:type\" content=\"image\/jpeg\" \/>\n<meta name=\"twitter:card\" content=\"summary_large_image\" \/>\n<script type=\"application\/ld+json\" class=\"yoast-schema-graph\">{\"@context\":\"https:\\\/\\\/schema.org\",\"@graph\":[{\"@type\":\"WebPage\",\"@id\":\"https:\\\/\\\/www.franz-stadlhofer.at\\\/shop\\\/produkt\\\/vase-gerade\\\/\",\"url\":\"https:\\\/\\\/www.franz-stadlhofer.at\\\/shop\\\/produkt\\\/vase-gerade\\\/\",\"name\":\"... gerade\",\"isPartOf\":{\"@id\":\"https:\\\/\\\/www.franz-stadlhofer.at\\\/shop\\\/#website\"},\"primaryImageOfPage\":{\"@id\":\"https:\\\/\\\/www.franz-stadlhofer.at\\\/shop\\\/produkt\\\/vase-gerade\\\/#primaryimage\"},\"image\":{\"@id\":\"https:\\\/\\\/www.franz-stadlhofer.at\\\/shop\\\/produkt\\\/vase-gerade\\\/#primaryimage\"},\"thumbnailUrl\":\"https:\\\/\\\/www.franz-stadlhofer.at\\\/shop\\\/wp-content\\\/uploads\\\/2014\\\/11\\\/products-Vasen_gerade_mehrere_bunt.jpg\",\"datePublished\":\"2024-04-24T16:36:32+00:00\",\"dateModified\":\"2024-08-05T13:40:33+00:00\",\"description\":\"Auf diesen geraden Vasen k\u00f6nnen sie sich z.B. mit diversen Bandmustern gleich auf vier Seiten verwirklichen. Wenn Sie die Vasen nicht nur f\u00fcr Trockenblumen verwenden m\u00f6chten, vergessen Sie nicht, die passenden Glaseprovetten mitzubestellen. Material: Lindenholz unbehandelt (roh)\",\"breadcrumb\":{\"@id\":\"https:\\\/\\\/www.franz-stadlhofer.at\\\/shop\\\/produkt\\\/vase-gerade\\\/#breadcrumb\"},\"inLanguage\":\"de\",\"potentialAction\":[{\"@type\":\"ReadAction\",\"target\":[\"https:\\\/\\\/www.franz-stadlhofer.at\\\/shop\\\/produkt\\\/vase-gerade\\\/\"]}]},{\"@type\":\"ImageObject\",\"inLanguage\":\"de\",\"@id\":\"https:\\\/\\\/www.franz-stadlhofer.at\\\/shop\\\/produkt\\\/vase-gerade\\\/#primaryimage\",\"url\":\"https:\\\/\\\/www.franz-stadlhofer.at\\\/shop\\\/wp-content\\\/uploads\\\/2014\\\/11\\\/products-Vasen_gerade_mehrere_bunt.jpg\",\"contentUrl\":\"https:\\\/\\\/www.franz-stadlhofer.at\\\/shop\\\/wp-content\\\/uploads\\\/2014\\\/11\\\/products-Vasen_gerade_mehrere_bunt.jpg\",\"width\":\"945\",\"height\":\"945\",\"caption\":\"Vase gerade Lindenholz roh - Schnitzstube Stadlhofer Shop\"},{\"@type\":\"BreadcrumbList\",\"@id\":\"https:\\\/\\\/www.franz-stadlhofer.at\\\/shop\\\/produkt\\\/vase-gerade\\\/#breadcrumb\",\"itemListElement\":[{\"@type\":\"ListItem\",\"position\":1,\"name\":\"Startseite\",\"item\":\"https:\\\/\\\/www.franz-stadlhofer.at\\\/shop\\\/\"},{\"@type\":\"ListItem\",\"position\":2,\"name\":\"Produkte\",\"item\":\"https:\\\/\\\/www.franz-stadlhofer.at\\\/shop\\\/shop\\\/\"},{\"@type\":\"ListItem\",\"position\":3,\"name\":\"Vase gerade\"}]},{\"@type\":\"WebSite\",\"@id\":\"https:\\\/\\\/www.franz-stadlhofer.at\\\/shop\\\/#website\",\"url\":\"https:\\\/\\\/www.franz-stadlhofer.at\\\/shop\\\/\",\"name\":\"Schnitzstube Stadlhofer Shop\",\"description\":\"Holzschnitzen Onlineshop\",\"publisher\":{\"@id\":\"https:\\\/\\\/www.franz-stadlhofer.at\\\/shop\\\/#organization\"},\"potentialAction\":[{\"@type\":\"SearchAction\",\"target\":{\"@type\":\"EntryPoint\",\"urlTemplate\":\"https:\\\/\\\/www.franz-stadlhofer.at\\\/shop\\\/?s={search_term_string}\"},\"query-input\":{\"@type\":\"PropertyValueSpecification\",\"valueRequired\":true,\"valueName\":\"search_term_string\"}}],\"inLanguage\":\"de\"},{\"@type\":\"Organization\",\"@id\":\"https:\\\/\\\/www.franz-stadlhofer.at\\\/shop\\\/#organization\",\"name\":\"Schnitzstube Stadlhofer Shop\",\"url\":\"https:\\\/\\\/www.franz-stadlhofer.at\\\/shop\\\/\",\"logo\":{\"@type\":\"ImageObject\",\"inLanguage\":\"de\",\"@id\":\"https:\\\/\\\/www.franz-stadlhofer.at\\\/shop\\\/#\\\/schema\\\/logo\\\/image\\\/\",\"url\":\"https:\\\/\\\/www.franz-stadlhofer.at\\\/shop\\\/wp-content\\\/uploads\\\/2019\\\/10\\\/LOGO-2-RETINA.png\",\"contentUrl\":\"https:\\\/\\\/www.franz-stadlhofer.at\\\/shop\\\/wp-content\\\/uploads\\\/2019\\\/10\\\/LOGO-2-RETINA.png\",\"width\":471,\"height\":160,\"caption\":\"Schnitzstube Stadlhofer Shop\"},\"image\":{\"@id\":\"https:\\\/\\\/www.franz-stadlhofer.at\\\/shop\\\/#\\\/schema\\\/logo\\\/image\\\/\"}}]}<\/script>\n<!-- \/ Yoast SEO plugin. -->","yoast_head_json":{"title":"... gerade","description":"Auf diesen geraden Vasen k\u00f6nnen sie sich z.B. mit diversen Bandmustern gleich auf vier Seiten verwirklichen. Wenn Sie die Vasen nicht nur f\u00fcr Trockenblumen verwenden m\u00f6chten, vergessen Sie nicht, die passenden Glaseprovetten mitzubestellen. Material: Lindenholz unbehandelt (roh)","robots":{"index":"index","follow":"follow","max-snippet":"max-snippet:-1","max-image-preview":"max-image-preview:large","max-video-preview":"max-video-preview:-1"},"canonical":"https:\/\/www.franz-stadlhofer.at\/shop\/produkt\/vase-gerade\/","og_locale":"de_DE","og_type":"article","og_title":"... gerade","og_description":"Auf diesen geraden Vasen k\u00f6nnen sie sich z.B. mit diversen Bandmustern gleich auf vier Seiten verwirklichen. Wenn Sie die Vasen nicht nur f\u00fcr Trockenblumen verwenden m\u00f6chten, vergessen Sie nicht, die passenden Glaseprovetten mitzubestellen. Material: Lindenholz unbehandelt (roh)","og_url":"https:\/\/www.franz-stadlhofer.at\/shop\/produkt\/vase-gerade\/","og_site_name":"Schnitzstube Stadlhofer Shop","article_modified_time":"2024-08-05T13:40:33+00:00","og_image":[{"width":945,"height":945,"url":"https:\/\/www.franz-stadlhofer.at\/shop\/wp-content\/uploads\/2014\/11\/products-Vasen_gerade_mehrere_bunt.jpg","type":"image\/jpeg"}],"twitter_card":"summary_large_image","schema":{"@context":"https:\/\/schema.org","@graph":[{"@type":"WebPage","@id":"https:\/\/www.franz-stadlhofer.at\/shop\/produkt\/vase-gerade\/","url":"https:\/\/www.franz-stadlhofer.at\/shop\/produkt\/vase-gerade\/","name":"... gerade","isPartOf":{"@id":"https:\/\/www.franz-stadlhofer.at\/shop\/#website"},"primaryImageOfPage":{"@id":"https:\/\/www.franz-stadlhofer.at\/shop\/produkt\/vase-gerade\/#primaryimage"},"image":{"@id":"https:\/\/www.franz-stadlhofer.at\/shop\/produkt\/vase-gerade\/#primaryimage"},"thumbnailUrl":"https:\/\/www.franz-stadlhofer.at\/shop\/wp-content\/uploads\/2014\/11\/products-Vasen_gerade_mehrere_bunt.jpg","datePublished":"2024-04-24T16:36:32+00:00","dateModified":"2024-08-05T13:40:33+00:00","description":"Auf diesen geraden Vasen k\u00f6nnen sie sich z.B. mit diversen Bandmustern gleich auf vier Seiten verwirklichen. Wenn Sie die Vasen nicht nur f\u00fcr Trockenblumen verwenden m\u00f6chten, vergessen Sie nicht, die passenden Glaseprovetten mitzubestellen. Material: Lindenholz unbehandelt (roh)","breadcrumb":{"@id":"https:\/\/www.franz-stadlhofer.at\/shop\/produkt\/vase-gerade\/#breadcrumb"},"inLanguage":"de","potentialAction":[{"@type":"ReadAction","target":["https:\/\/www.franz-stadlhofer.at\/shop\/produkt\/vase-gerade\/"]}]},{"@type":"ImageObject","inLanguage":"de","@id":"https:\/\/www.franz-stadlhofer.at\/shop\/produkt\/vase-gerade\/#primaryimage","url":"https:\/\/www.franz-stadlhofer.at\/shop\/wp-content\/uploads\/2014\/11\/products-Vasen_gerade_mehrere_bunt.jpg","contentUrl":"https:\/\/www.franz-stadlhofer.at\/shop\/wp-content\/uploads\/2014\/11\/products-Vasen_gerade_mehrere_bunt.jpg","width":"945","height":"945","caption":"Vase gerade Lindenholz roh - Schnitzstube Stadlhofer Shop"},{"@type":"BreadcrumbList","@id":"https:\/\/www.franz-stadlhofer.at\/shop\/produkt\/vase-gerade\/#breadcrumb","itemListElement":[{"@type":"ListItem","position":1,"name":"Startseite","item":"https:\/\/www.franz-stadlhofer.at\/shop\/"},{"@type":"ListItem","position":2,"name":"Produkte","item":"https:\/\/www.franz-stadlhofer.at\/shop\/shop\/"},{"@type":"ListItem","position":3,"name":"Vase gerade"}]},{"@type":"WebSite","@id":"https:\/\/www.franz-stadlhofer.at\/shop\/#website","url":"https:\/\/www.franz-stadlhofer.at\/shop\/","name":"Schnitzstube Stadlhofer Shop","description":"Holzschnitzen Onlineshop","publisher":{"@id":"https:\/\/www.franz-stadlhofer.at\/shop\/#organization"},"potentialAction":[{"@type":"SearchAction","target":{"@type":"EntryPoint","urlTemplate":"https:\/\/www.franz-stadlhofer.at\/shop\/?s={search_term_string}"},"query-input":{"@type":"PropertyValueSpecification","valueRequired":true,"valueName":"search_term_string"}}],"inLanguage":"de"},{"@type":"Organization","@id":"https:\/\/www.franz-stadlhofer.at\/shop\/#organization","name":"Schnitzstube Stadlhofer Shop","url":"https:\/\/www.franz-stadlhofer.at\/shop\/","logo":{"@type":"ImageObject","inLanguage":"de","@id":"https:\/\/www.franz-stadlhofer.at\/shop\/#\/schema\/logo\/image\/","url":"https:\/\/www.franz-stadlhofer.at\/shop\/wp-content\/uploads\/2019\/10\/LOGO-2-RETINA.png","contentUrl":"https:\/\/www.franz-stadlhofer.at\/shop\/wp-content\/uploads\/2019\/10\/LOGO-2-RETINA.png","width":471,"height":160,"caption":"Schnitzstube Stadlhofer Shop"},"image":{"@id":"https:\/\/www.franz-stadlhofer.at\/shop\/#\/schema\/logo\/image\/"}}]}},"_links":{"self":[{"href":"https:\/\/www.franz-stadlhofer.at\/shop\/wp-json\/wp\/v2\/product\/22347","targetHints":{"allow":["GET"]}}],"collection":[{"href":"https:\/\/www.franz-stadlhofer.at\/shop\/wp-json\/wp\/v2\/product"}],"about":[{"href":"https:\/\/www.franz-stadlhofer.at\/shop\/wp-json\/wp\/v2\/types\/product"}],"wp:featuredmedia":[{"embeddable":true,"href":"https:\/\/www.franz-stadlhofer.at\/shop\/wp-json\/wp\/v2\/media\/22352"}],"wp:attachment":[{"href":"https:\/\/www.franz-stadlhofer.at\/shop\/wp-json\/wp\/v2\/media?parent=22347"}],"wp:term":[{"taxonomy":"product_brand","embeddable":true,"href":"https:\/\/www.franz-stadlhofer.at\/shop\/wp-json\/wp\/v2\/product_brand?post=22347"},{"taxonomy":"product_cat","embeddable":true,"href":"https:\/\/www.franz-stadlhofer.at\/shop\/wp-json\/wp\/v2\/product_cat?post=22347"},{"taxonomy":"product_tag","embeddable":true,"href":"https:\/\/www.franz-stadlhofer.at\/shop\/wp-json\/wp\/v2\/product_tag?post=22347"}],"curies":[{"name":"wp","href":"https:\/\/api.w.org\/{rel}","templated":true}]}}