{"id":22329,"date":"2024-04-24T18:36:32","date_gmt":"2024-04-24T16:36:32","guid":{"rendered":"https:\/\/www.franz-stadlhofer.at\/shop\/?post_type=product&#038;p=22329"},"modified":"2024-04-24T23:34:07","modified_gmt":"2024-04-24T21:34:07","slug":"uhr-quadratisch","status":"publish","type":"product","link":"https:\/\/www.franz-stadlhofer.at\/shop\/produkt\/uhr-quadratisch\/","title":{"rendered":"Uhr quadratisch"},"content":{"rendered":"<p>Dieses drei-teilige Set besteht aus einem quadratischen Au\u00dfenrahmen (35 x 35 x 2,5 cm), einer passenden F\u00fcllung (22 x 22 x 1 cm) sowie einem h\u00f6heren quadratischen Rahmen (22,5 x 22,5 x 2,5 cm) der auf der R\u00fcckseite angebracht wird, um f\u00fcr normale und speziell auch f\u00fcr Pendeluhrwerke den notwendigen Abstand zu schaffen.<\/p>\n<p>Als Variante finden Sie die selbe Uhr mit einer zus\u00e4tzlichen 0,5 cm Erh\u00f6hung, die sich besonders f\u00fcr den Reliefschnitt eignet.<\/p>\n<p>Material: Lindenholz unbehandelt (roh)<br \/>\nMa\u00dfe (L x B x H): 35 x 35 x 5 cm (bzw. 5,5 bei Relief)<\/p>\n<p>Eine Idee f\u00fcr die Gestaltung sowie passendes Zubeh\u00f6r erhalten Sie mit dem <strong><a href=\"https:\/\/www.franz-stadlhofer.at\/shop\/produkt\/uhren-set-quadratisch\/\" target=\"_blank\" rel=\"noopener\">Uhren Set quadratisch<\/a><\/strong> sowie mit dem<strong> <a href=\"https:\/\/www.franz-stadlhofer.at\/shop\/produkt\/set-ornamentikuhr-quadratisch\/\" target=\"_blank\" rel=\"noopener\">Uhren Set ornamentik quadratisch. <\/a><\/strong>Werfen Sie einen Blick hinein.<\/p>\n","protected":false},"excerpt":{"rendered":"<p>Dieses drei-teilige Set besteht aus einem quadratischen Au\u00dfenrahmen (35 x 35 x 2,5 cm), einer passenden F\u00fcllung (22 x 22 x 1 cm) sowie einem h\u00f6heren quadratischen Rahmen (22,5 x 22,5 x 2,5 cm) der  [&#8230;]<\/p>\n","protected":false},"featured_media":22331,"template":"","meta":[],"product_brand":[803],"product_cat":[778,759],"product_tag":[955,1244,1450,1516,1518],"class_list":{"0":"post-22329","1":"product","2":"type-product","3":"status-publish","4":"has-post-thumbnail","6":"product_brand-schnitzstube-franz-stadlhofer","7":"product_cat-einrichtung","8":"product_cat-rohes-lindenholz","9":"product_tag-uhren","10":"product_tag-quadratisch","11":"product_tag-schnitzholz","12":"product_tag-rohes-lindenholz","13":"product_tag-beschnitzbar","14":"pa_modell-einfach","15":"pa_modell-mit-erhohung-fur-relief","17":"first","18":"instock","19":"taxable","20":"shipping-taxable","21":"purchasable","22":"product-type-variable"},"barcode":null,"atum_controlled":true,"out_stock_date":null,"out_stock_threshold":null,"inheritable":true,"stock_on_hold":0,"sold_today":0,"sales_last_days":0,"reserved_stock":0,"customer_returns":0,"warehouse_damage":0,"lost_in_post":0,"other_logs":0,"out_stock_days":0,"lost_sales":0,"update_date":"2026-05-04T00:06:06","atum_locations":[],"atum_stock_status":"instock","restock_status":false,"low_stock_amount":"","sales_update_date":"2026-05-04T00:06:06","calc_backorders":null,"yoast_head":"<!-- This site is optimized with the Yoast SEO plugin v27.4 - https:\/\/yoast.com\/product\/yoast-seo-wordpress\/ -->\n<title>Uhr quadratisch<\/title>\n<meta name=\"description\" content=\"Dieses drei-teilige Set besteht aus einem quadratischen Au\u00dfenrahmen (35 x 35 x 2,5 cm), einer passenden F\u00fcllung (22 x 22 x 1 cm) sowie einem h\u00f6heren quadratischen Rahmen (22,5 x 22,5 x 2,5 cm) der auf der R\u00fcckseite angebracht wird, um f\u00fcr normale und speziell auch f\u00fcr Pendeluhrwerke den notwendigen Abstand zu schaffen. Als Variante finden Sie die selbe Uhr mit einer zus\u00e4tzlichen 0,5 cm Erh\u00f6hung, die sich besonders f\u00fcr den Reliefschnitt eignet. Material: Lindenholz unbehandelt (roh)Ma\u00dfe (L x B x H): 35 x 35 x 5 cm (bzw. 5,5 bei Relief)\" \/>\n<meta name=\"robots\" content=\"index, follow, max-snippet:-1, max-image-preview:large, max-video-preview:-1\" \/>\n<link rel=\"canonical\" href=\"https:\/\/www.franz-stadlhofer.at\/shop\/produkt\/uhr-quadratisch\/\" \/>\n<meta property=\"og:locale\" content=\"de_DE\" \/>\n<meta property=\"og:type\" content=\"article\" \/>\n<meta property=\"og:title\" content=\"Uhr quadratisch\" \/>\n<meta property=\"og:description\" content=\"Dieses drei-teilige Set besteht aus einem quadratischen Au\u00dfenrahmen (35 x 35 x 2,5 cm), einer passenden F\u00fcllung (22 x 22 x 1 cm) sowie einem h\u00f6heren quadratischen Rahmen (22,5 x 22,5 x 2,5 cm) der auf der R\u00fcckseite angebracht wird, um f\u00fcr normale und speziell auch f\u00fcr Pendeluhrwerke den notwendigen Abstand zu schaffen. Als Variante finden Sie die selbe Uhr mit einer zus\u00e4tzlichen 0,5 cm Erh\u00f6hung, die sich besonders f\u00fcr den Reliefschnitt eignet. Material: Lindenholz unbehandelt (roh)Ma\u00dfe (L x B x H): 35 x 35 x 5 cm (bzw. 5,5 bei Relief)\" \/>\n<meta property=\"og:url\" content=\"https:\/\/www.franz-stadlhofer.at\/shop\/produkt\/uhr-quadratisch\/\" \/>\n<meta property=\"og:site_name\" content=\"Schnitzstube Stadlhofer Shop\" \/>\n<meta property=\"article:modified_time\" content=\"2024-04-24T21:34:07+00:00\" \/>\n<meta property=\"og:image\" content=\"https:\/\/www.franz-stadlhofer.at\/shop\/wp-content\/uploads\/2015\/08\/products-Uhr_quadratisch_vorne.jpg\" \/>\n\t<meta property=\"og:image:width\" content=\"945\" \/>\n\t<meta property=\"og:image:height\" content=\"945\" \/>\n\t<meta property=\"og:image:type\" content=\"image\/jpeg\" \/>\n<meta name=\"twitter:card\" content=\"summary_large_image\" \/>\n<meta name=\"twitter:label1\" content=\"Gesch\u00e4tzte Lesezeit\" \/>\n\t<meta name=\"twitter:data1\" content=\"1\u00a0Minute\" \/>\n<script type=\"application\/ld+json\" class=\"yoast-schema-graph\">{\"@context\":\"https:\\\/\\\/schema.org\",\"@graph\":[{\"@type\":\"WebPage\",\"@id\":\"https:\\\/\\\/www.franz-stadlhofer.at\\\/shop\\\/produkt\\\/uhr-quadratisch\\\/\",\"url\":\"https:\\\/\\\/www.franz-stadlhofer.at\\\/shop\\\/produkt\\\/uhr-quadratisch\\\/\",\"name\":\"Uhr quadratisch\",\"isPartOf\":{\"@id\":\"https:\\\/\\\/www.franz-stadlhofer.at\\\/shop\\\/#website\"},\"primaryImageOfPage\":{\"@id\":\"https:\\\/\\\/www.franz-stadlhofer.at\\\/shop\\\/produkt\\\/uhr-quadratisch\\\/#primaryimage\"},\"image\":{\"@id\":\"https:\\\/\\\/www.franz-stadlhofer.at\\\/shop\\\/produkt\\\/uhr-quadratisch\\\/#primaryimage\"},\"thumbnailUrl\":\"https:\\\/\\\/www.franz-stadlhofer.at\\\/shop\\\/wp-content\\\/uploads\\\/2015\\\/08\\\/products-Uhr_quadratisch_vorne.jpg\",\"datePublished\":\"2024-04-24T16:36:32+00:00\",\"dateModified\":\"2024-04-24T21:34:07+00:00\",\"description\":\"Dieses drei-teilige Set besteht aus einem quadratischen Au\u00dfenrahmen (35 x 35 x 2,5 cm), einer passenden F\u00fcllung (22 x 22 x 1 cm) sowie einem h\u00f6heren quadratischen Rahmen (22,5 x 22,5 x 2,5 cm) der auf der R\u00fcckseite angebracht wird, um f\u00fcr normale und speziell auch f\u00fcr Pendeluhrwerke den notwendigen Abstand zu schaffen. Als Variante finden Sie die selbe Uhr mit einer zus\u00e4tzlichen 0,5 cm Erh\u00f6hung, die sich besonders f\u00fcr den Reliefschnitt eignet. Material: Lindenholz unbehandelt (roh)Ma\u00dfe (L x B x H): 35 x 35 x 5 cm (bzw. 5,5 bei Relief)\",\"breadcrumb\":{\"@id\":\"https:\\\/\\\/www.franz-stadlhofer.at\\\/shop\\\/produkt\\\/uhr-quadratisch\\\/#breadcrumb\"},\"inLanguage\":\"de\",\"potentialAction\":[{\"@type\":\"ReadAction\",\"target\":[\"https:\\\/\\\/www.franz-stadlhofer.at\\\/shop\\\/produkt\\\/uhr-quadratisch\\\/\"]}]},{\"@type\":\"ImageObject\",\"inLanguage\":\"de\",\"@id\":\"https:\\\/\\\/www.franz-stadlhofer.at\\\/shop\\\/produkt\\\/uhr-quadratisch\\\/#primaryimage\",\"url\":\"https:\\\/\\\/www.franz-stadlhofer.at\\\/shop\\\/wp-content\\\/uploads\\\/2015\\\/08\\\/products-Uhr_quadratisch_vorne.jpg\",\"contentUrl\":\"https:\\\/\\\/www.franz-stadlhofer.at\\\/shop\\\/wp-content\\\/uploads\\\/2015\\\/08\\\/products-Uhr_quadratisch_vorne.jpg\",\"width\":\"945\",\"height\":\"945\",\"caption\":\"Uhr quadratisch Lindenholz roh - Schnitzstube Stadlhofer Shop\"},{\"@type\":\"BreadcrumbList\",\"@id\":\"https:\\\/\\\/www.franz-stadlhofer.at\\\/shop\\\/produkt\\\/uhr-quadratisch\\\/#breadcrumb\",\"itemListElement\":[{\"@type\":\"ListItem\",\"position\":1,\"name\":\"Startseite\",\"item\":\"https:\\\/\\\/www.franz-stadlhofer.at\\\/shop\\\/\"},{\"@type\":\"ListItem\",\"position\":2,\"name\":\"Produkte\",\"item\":\"https:\\\/\\\/www.franz-stadlhofer.at\\\/shop\\\/shop\\\/\"},{\"@type\":\"ListItem\",\"position\":3,\"name\":\"Uhr quadratisch\"}]},{\"@type\":\"WebSite\",\"@id\":\"https:\\\/\\\/www.franz-stadlhofer.at\\\/shop\\\/#website\",\"url\":\"https:\\\/\\\/www.franz-stadlhofer.at\\\/shop\\\/\",\"name\":\"Schnitzstube Stadlhofer Shop\",\"description\":\"Holzschnitzen Onlineshop\",\"publisher\":{\"@id\":\"https:\\\/\\\/www.franz-stadlhofer.at\\\/shop\\\/#organization\"},\"potentialAction\":[{\"@type\":\"SearchAction\",\"target\":{\"@type\":\"EntryPoint\",\"urlTemplate\":\"https:\\\/\\\/www.franz-stadlhofer.at\\\/shop\\\/?s={search_term_string}\"},\"query-input\":{\"@type\":\"PropertyValueSpecification\",\"valueRequired\":true,\"valueName\":\"search_term_string\"}}],\"inLanguage\":\"de\"},{\"@type\":\"Organization\",\"@id\":\"https:\\\/\\\/www.franz-stadlhofer.at\\\/shop\\\/#organization\",\"name\":\"Schnitzstube Stadlhofer Shop\",\"url\":\"https:\\\/\\\/www.franz-stadlhofer.at\\\/shop\\\/\",\"logo\":{\"@type\":\"ImageObject\",\"inLanguage\":\"de\",\"@id\":\"https:\\\/\\\/www.franz-stadlhofer.at\\\/shop\\\/#\\\/schema\\\/logo\\\/image\\\/\",\"url\":\"https:\\\/\\\/www.franz-stadlhofer.at\\\/shop\\\/wp-content\\\/uploads\\\/2019\\\/10\\\/LOGO-2-RETINA.png\",\"contentUrl\":\"https:\\\/\\\/www.franz-stadlhofer.at\\\/shop\\\/wp-content\\\/uploads\\\/2019\\\/10\\\/LOGO-2-RETINA.png\",\"width\":471,\"height\":160,\"caption\":\"Schnitzstube Stadlhofer Shop\"},\"image\":{\"@id\":\"https:\\\/\\\/www.franz-stadlhofer.at\\\/shop\\\/#\\\/schema\\\/logo\\\/image\\\/\"}}]}<\/script>\n<!-- \/ Yoast SEO plugin. -->","yoast_head_json":{"title":"Uhr quadratisch","description":"Dieses drei-teilige Set besteht aus einem quadratischen Au\u00dfenrahmen (35 x 35 x 2,5 cm), einer passenden F\u00fcllung (22 x 22 x 1 cm) sowie einem h\u00f6heren quadratischen Rahmen (22,5 x 22,5 x 2,5 cm) der auf der R\u00fcckseite angebracht wird, um f\u00fcr normale und speziell auch f\u00fcr Pendeluhrwerke den notwendigen Abstand zu schaffen. Als Variante finden Sie die selbe Uhr mit einer zus\u00e4tzlichen 0,5 cm Erh\u00f6hung, die sich besonders f\u00fcr den Reliefschnitt eignet. Material: Lindenholz unbehandelt (roh)Ma\u00dfe (L x B x H): 35 x 35 x 5 cm (bzw. 5,5 bei Relief)","robots":{"index":"index","follow":"follow","max-snippet":"max-snippet:-1","max-image-preview":"max-image-preview:large","max-video-preview":"max-video-preview:-1"},"canonical":"https:\/\/www.franz-stadlhofer.at\/shop\/produkt\/uhr-quadratisch\/","og_locale":"de_DE","og_type":"article","og_title":"Uhr quadratisch","og_description":"Dieses drei-teilige Set besteht aus einem quadratischen Au\u00dfenrahmen (35 x 35 x 2,5 cm), einer passenden F\u00fcllung (22 x 22 x 1 cm) sowie einem h\u00f6heren quadratischen Rahmen (22,5 x 22,5 x 2,5 cm) der auf der R\u00fcckseite angebracht wird, um f\u00fcr normale und speziell auch f\u00fcr Pendeluhrwerke den notwendigen Abstand zu schaffen. Als Variante finden Sie die selbe Uhr mit einer zus\u00e4tzlichen 0,5 cm Erh\u00f6hung, die sich besonders f\u00fcr den Reliefschnitt eignet. Material: Lindenholz unbehandelt (roh)Ma\u00dfe (L x B x H): 35 x 35 x 5 cm (bzw. 5,5 bei Relief)","og_url":"https:\/\/www.franz-stadlhofer.at\/shop\/produkt\/uhr-quadratisch\/","og_site_name":"Schnitzstube Stadlhofer Shop","article_modified_time":"2024-04-24T21:34:07+00:00","og_image":[{"width":945,"height":945,"url":"https:\/\/www.franz-stadlhofer.at\/shop\/wp-content\/uploads\/2015\/08\/products-Uhr_quadratisch_vorne.jpg","type":"image\/jpeg"}],"twitter_card":"summary_large_image","twitter_misc":{"Gesch\u00e4tzte Lesezeit":"1\u00a0Minute"},"schema":{"@context":"https:\/\/schema.org","@graph":[{"@type":"WebPage","@id":"https:\/\/www.franz-stadlhofer.at\/shop\/produkt\/uhr-quadratisch\/","url":"https:\/\/www.franz-stadlhofer.at\/shop\/produkt\/uhr-quadratisch\/","name":"Uhr quadratisch","isPartOf":{"@id":"https:\/\/www.franz-stadlhofer.at\/shop\/#website"},"primaryImageOfPage":{"@id":"https:\/\/www.franz-stadlhofer.at\/shop\/produkt\/uhr-quadratisch\/#primaryimage"},"image":{"@id":"https:\/\/www.franz-stadlhofer.at\/shop\/produkt\/uhr-quadratisch\/#primaryimage"},"thumbnailUrl":"https:\/\/www.franz-stadlhofer.at\/shop\/wp-content\/uploads\/2015\/08\/products-Uhr_quadratisch_vorne.jpg","datePublished":"2024-04-24T16:36:32+00:00","dateModified":"2024-04-24T21:34:07+00:00","description":"Dieses drei-teilige Set besteht aus einem quadratischen Au\u00dfenrahmen (35 x 35 x 2,5 cm), einer passenden F\u00fcllung (22 x 22 x 1 cm) sowie einem h\u00f6heren quadratischen Rahmen (22,5 x 22,5 x 2,5 cm) der auf der R\u00fcckseite angebracht wird, um f\u00fcr normale und speziell auch f\u00fcr Pendeluhrwerke den notwendigen Abstand zu schaffen. Als Variante finden Sie die selbe Uhr mit einer zus\u00e4tzlichen 0,5 cm Erh\u00f6hung, die sich besonders f\u00fcr den Reliefschnitt eignet. Material: Lindenholz unbehandelt (roh)Ma\u00dfe (L x B x H): 35 x 35 x 5 cm (bzw. 5,5 bei Relief)","breadcrumb":{"@id":"https:\/\/www.franz-stadlhofer.at\/shop\/produkt\/uhr-quadratisch\/#breadcrumb"},"inLanguage":"de","potentialAction":[{"@type":"ReadAction","target":["https:\/\/www.franz-stadlhofer.at\/shop\/produkt\/uhr-quadratisch\/"]}]},{"@type":"ImageObject","inLanguage":"de","@id":"https:\/\/www.franz-stadlhofer.at\/shop\/produkt\/uhr-quadratisch\/#primaryimage","url":"https:\/\/www.franz-stadlhofer.at\/shop\/wp-content\/uploads\/2015\/08\/products-Uhr_quadratisch_vorne.jpg","contentUrl":"https:\/\/www.franz-stadlhofer.at\/shop\/wp-content\/uploads\/2015\/08\/products-Uhr_quadratisch_vorne.jpg","width":"945","height":"945","caption":"Uhr quadratisch Lindenholz roh - Schnitzstube Stadlhofer Shop"},{"@type":"BreadcrumbList","@id":"https:\/\/www.franz-stadlhofer.at\/shop\/produkt\/uhr-quadratisch\/#breadcrumb","itemListElement":[{"@type":"ListItem","position":1,"name":"Startseite","item":"https:\/\/www.franz-stadlhofer.at\/shop\/"},{"@type":"ListItem","position":2,"name":"Produkte","item":"https:\/\/www.franz-stadlhofer.at\/shop\/shop\/"},{"@type":"ListItem","position":3,"name":"Uhr quadratisch"}]},{"@type":"WebSite","@id":"https:\/\/www.franz-stadlhofer.at\/shop\/#website","url":"https:\/\/www.franz-stadlhofer.at\/shop\/","name":"Schnitzstube Stadlhofer Shop","description":"Holzschnitzen Onlineshop","publisher":{"@id":"https:\/\/www.franz-stadlhofer.at\/shop\/#organization"},"potentialAction":[{"@type":"SearchAction","target":{"@type":"EntryPoint","urlTemplate":"https:\/\/www.franz-stadlhofer.at\/shop\/?s={search_term_string}"},"query-input":{"@type":"PropertyValueSpecification","valueRequired":true,"valueName":"search_term_string"}}],"inLanguage":"de"},{"@type":"Organization","@id":"https:\/\/www.franz-stadlhofer.at\/shop\/#organization","name":"Schnitzstube Stadlhofer Shop","url":"https:\/\/www.franz-stadlhofer.at\/shop\/","logo":{"@type":"ImageObject","inLanguage":"de","@id":"https:\/\/www.franz-stadlhofer.at\/shop\/#\/schema\/logo\/image\/","url":"https:\/\/www.franz-stadlhofer.at\/shop\/wp-content\/uploads\/2019\/10\/LOGO-2-RETINA.png","contentUrl":"https:\/\/www.franz-stadlhofer.at\/shop\/wp-content\/uploads\/2019\/10\/LOGO-2-RETINA.png","width":471,"height":160,"caption":"Schnitzstube Stadlhofer Shop"},"image":{"@id":"https:\/\/www.franz-stadlhofer.at\/shop\/#\/schema\/logo\/image\/"}}]}},"_links":{"self":[{"href":"https:\/\/www.franz-stadlhofer.at\/shop\/wp-json\/wp\/v2\/product\/22329","targetHints":{"allow":["GET"]}}],"collection":[{"href":"https:\/\/www.franz-stadlhofer.at\/shop\/wp-json\/wp\/v2\/product"}],"about":[{"href":"https:\/\/www.franz-stadlhofer.at\/shop\/wp-json\/wp\/v2\/types\/product"}],"wp:featuredmedia":[{"embeddable":true,"href":"https:\/\/www.franz-stadlhofer.at\/shop\/wp-json\/wp\/v2\/media\/22331"}],"wp:attachment":[{"href":"https:\/\/www.franz-stadlhofer.at\/shop\/wp-json\/wp\/v2\/media?parent=22329"}],"wp:term":[{"taxonomy":"product_brand","embeddable":true,"href":"https:\/\/www.franz-stadlhofer.at\/shop\/wp-json\/wp\/v2\/product_brand?post=22329"},{"taxonomy":"product_cat","embeddable":true,"href":"https:\/\/www.franz-stadlhofer.at\/shop\/wp-json\/wp\/v2\/product_cat?post=22329"},{"taxonomy":"product_tag","embeddable":true,"href":"https:\/\/www.franz-stadlhofer.at\/shop\/wp-json\/wp\/v2\/product_tag?post=22329"}],"curies":[{"name":"wp","href":"https:\/\/api.w.org\/{rel}","templated":true}]}}