{"id":22322,"date":"2024-04-24T18:36:32","date_gmt":"2024-04-24T16:36:32","guid":{"rendered":"https:\/\/www.franz-stadlhofer.at\/shop\/?post_type=product&#038;p=22322"},"modified":"2024-10-07T18:26:04","modified_gmt":"2024-10-07T16:26:04","slug":"teelicht-mehrfach","status":"publish","type":"product","link":"https:\/\/www.franz-stadlhofer.at\/shop\/produkt\/teelicht-mehrfach\/","title":{"rendered":"Teelicht mehrfach"},"content":{"rendered":"<div class=\"fusion-fullwidth fullwidth-box fusion-builder-row-1 fusion-flex-container nonhundred-percent-fullwidth non-hundred-percent-height-scrolling\" style=\"--awb-border-radius-top-left:0px;--awb-border-radius-top-right:0px;--awb-border-radius-bottom-right:0px;--awb-border-radius-bottom-left:0px;--awb-flex-wrap:wrap;\" ><div class=\"fusion-builder-row fusion-row fusion-flex-align-items-flex-start fusion-flex-content-wrap\" style=\"max-width:1216.8px;margin-left: calc(-4% \/ 2 );margin-right: calc(-4% \/ 2 );\"><div class=\"fusion-layout-column fusion_builder_column fusion-builder-column-0 fusion_builder_column_1_1 1_1 fusion-flex-column\" style=\"--awb-bg-size:cover;--awb-width-large:100%;--awb-margin-top-large:0px;--awb-spacing-right-large:1.92%;--awb-margin-bottom-large:0px;--awb-spacing-left-large:1.92%;--awb-width-medium:100%;--awb-spacing-right-medium:1.92%;--awb-spacing-left-medium:1.92%;--awb-width-small:100%;--awb-spacing-right-small:1.92%;--awb-spacing-left-small:1.92%;\"><div class=\"fusion-column-wrapper fusion-flex-justify-content-flex-start fusion-content-layout-column\"><div class=\"fusion-text fusion-text-1\"><p>Die beiden Fl\u00e4chen dieser einfachen Teelichthalter eignet sich ganz hervorragend f\u00fcr alle m\u00f6glichen Arten der Verzierungen. Gerade bei Schnitzanf\u00e4ngern sind diese sehr beliebt, da die l\u00e4ngliche Form das \u00dcben von (mehr oder weniger) einfachen Bandmustern sehr unterst\u00fctzt und gleichzeitig ein praktischer Nutzen des Gegenstandes gegeben ist.<\/p>\n<\/div><\/div><\/div><\/div><\/div>\n","protected":false},"excerpt":{"rendered":"","protected":false},"featured_media":22325,"template":"","meta":[],"product_brand":[803],"product_cat":[759,781],"product_tag":[1552,1553,1561,1573,1450,1480,1516,1518,1551],"class_list":{"0":"post-22322","1":"product","2":"type-product","3":"status-publish","4":"has-post-thumbnail","6":"product_brand-schnitzstube-franz-stadlhofer","7":"product_cat-rohes-lindenholz","8":"product_cat-kerzenstander","9":"product_tag-kerzenhalter","10":"product_tag-kerzenleuchter","11":"product_tag-teelichthalter","12":"product_tag-mehrfach","13":"product_tag-schnitzholz","14":"product_tag-eckig","15":"product_tag-rohes-lindenholz","16":"product_tag-beschnitzbar","17":"product_tag-kerzenstaender","18":"pa_grobe-gr-1-3-kerzen-18-x-6-x-6-cm","19":"pa_grobe-gr-2-4-kerzen-24-x-6-x-6-cm","21":"first","22":"instock","23":"taxable","24":"shipping-taxable","25":"purchasable","26":"product-type-variable"},"barcode":null,"atum_controlled":true,"out_stock_date":null,"out_stock_threshold":null,"inheritable":true,"stock_on_hold":0,"sold_today":0,"sales_last_days":0,"reserved_stock":0,"customer_returns":0,"warehouse_damage":0,"lost_in_post":0,"other_logs":0,"out_stock_days":0,"lost_sales":0,"update_date":"2026-04-30T00:01:39","atum_locations":[],"atum_stock_status":"instock","restock_status":false,"low_stock_amount":"","sales_update_date":"2026-04-30T00:01:39","calc_backorders":null,"yoast_head":"<!-- This site is optimized with the Yoast SEO plugin v27.4 - https:\/\/yoast.com\/product\/yoast-seo-wordpress\/ -->\n<title>Teelicht mehrfach<\/title>\n<meta name=\"description\" content=\"Die beiden Fl\u00e4chen dieser einfachen Teelichthalter eignet sich ganz hervorragend f\u00fcr alle m\u00f6glichen Arten der Verzierungen. Gerade bei Schnitzanf\u00e4ngern sind diese sehr beliebt, da die l\u00e4ngliche Form das \u00dcben von (mehr oder weniger) einfachen Bandmustern sehr unterst\u00fctzt und gleichzeitig ein praktischer Nutzen des Gegenstandes gegeben ist.\" \/>\n<meta name=\"robots\" content=\"index, follow, max-snippet:-1, max-image-preview:large, max-video-preview:-1\" \/>\n<link rel=\"canonical\" href=\"https:\/\/www.franz-stadlhofer.at\/shop\/produkt\/teelicht-mehrfach\/\" \/>\n<meta property=\"og:locale\" content=\"de_DE\" \/>\n<meta property=\"og:type\" content=\"article\" \/>\n<meta property=\"og:title\" content=\"Teelicht mehrfach\" \/>\n<meta property=\"og:description\" content=\"Die beiden Fl\u00e4chen dieser einfachen Teelichthalter eignet sich ganz hervorragend f\u00fcr alle m\u00f6glichen Arten der Verzierungen. Gerade bei Schnitzanf\u00e4ngern sind diese sehr beliebt, da die l\u00e4ngliche Form das \u00dcben von (mehr oder weniger) einfachen Bandmustern sehr unterst\u00fctzt und gleichzeitig ein praktischer Nutzen des Gegenstandes gegeben ist.\" \/>\n<meta property=\"og:url\" content=\"https:\/\/www.franz-stadlhofer.at\/shop\/produkt\/teelicht-mehrfach\/\" \/>\n<meta property=\"og:site_name\" content=\"Schnitzstube Stadlhofer Shop\" \/>\n<meta property=\"article:modified_time\" content=\"2024-10-07T16:26:04+00:00\" \/>\n<meta property=\"og:image\" content=\"https:\/\/www.franz-stadlhofer.at\/shop\/wp-content\/uploads\/2014\/11\/products-Kerzenblock_3_und_4.jpg\" \/>\n\t<meta property=\"og:image:width\" content=\"945\" \/>\n\t<meta property=\"og:image:height\" content=\"945\" \/>\n\t<meta property=\"og:image:type\" content=\"image\/jpeg\" \/>\n<meta name=\"twitter:card\" content=\"summary_large_image\" \/>\n<meta name=\"twitter:label1\" content=\"Gesch\u00e4tzte Lesezeit\" \/>\n\t<meta name=\"twitter:data1\" content=\"1\u00a0Minute\" \/>\n<script type=\"application\/ld+json\" class=\"yoast-schema-graph\">{\"@context\":\"https:\\\/\\\/schema.org\",\"@graph\":[{\"@type\":\"WebPage\",\"@id\":\"https:\\\/\\\/www.franz-stadlhofer.at\\\/shop\\\/produkt\\\/teelicht-mehrfach\\\/\",\"url\":\"https:\\\/\\\/www.franz-stadlhofer.at\\\/shop\\\/produkt\\\/teelicht-mehrfach\\\/\",\"name\":\"Teelicht mehrfach\",\"isPartOf\":{\"@id\":\"https:\\\/\\\/www.franz-stadlhofer.at\\\/shop\\\/#website\"},\"primaryImageOfPage\":{\"@id\":\"https:\\\/\\\/www.franz-stadlhofer.at\\\/shop\\\/produkt\\\/teelicht-mehrfach\\\/#primaryimage\"},\"image\":{\"@id\":\"https:\\\/\\\/www.franz-stadlhofer.at\\\/shop\\\/produkt\\\/teelicht-mehrfach\\\/#primaryimage\"},\"thumbnailUrl\":\"https:\\\/\\\/www.franz-stadlhofer.at\\\/shop\\\/wp-content\\\/uploads\\\/2014\\\/11\\\/products-Kerzenblock_3_und_4.jpg\",\"datePublished\":\"2024-04-24T16:36:32+00:00\",\"dateModified\":\"2024-10-07T16:26:04+00:00\",\"description\":\"Die beiden Fl\u00e4chen dieser einfachen Teelichthalter eignet sich ganz hervorragend f\u00fcr alle m\u00f6glichen Arten der Verzierungen. Gerade bei Schnitzanf\u00e4ngern sind diese sehr beliebt, da die l\u00e4ngliche Form das \u00dcben von (mehr oder weniger) einfachen Bandmustern sehr unterst\u00fctzt und gleichzeitig ein praktischer Nutzen des Gegenstandes gegeben ist.\",\"breadcrumb\":{\"@id\":\"https:\\\/\\\/www.franz-stadlhofer.at\\\/shop\\\/produkt\\\/teelicht-mehrfach\\\/#breadcrumb\"},\"inLanguage\":\"de\",\"potentialAction\":[{\"@type\":\"ReadAction\",\"target\":[\"https:\\\/\\\/www.franz-stadlhofer.at\\\/shop\\\/produkt\\\/teelicht-mehrfach\\\/\"]}]},{\"@type\":\"ImageObject\",\"inLanguage\":\"de\",\"@id\":\"https:\\\/\\\/www.franz-stadlhofer.at\\\/shop\\\/produkt\\\/teelicht-mehrfach\\\/#primaryimage\",\"url\":\"https:\\\/\\\/www.franz-stadlhofer.at\\\/shop\\\/wp-content\\\/uploads\\\/2014\\\/11\\\/products-Kerzenblock_3_und_4.jpg\",\"contentUrl\":\"https:\\\/\\\/www.franz-stadlhofer.at\\\/shop\\\/wp-content\\\/uploads\\\/2014\\\/11\\\/products-Kerzenblock_3_und_4.jpg\",\"width\":\"945\",\"height\":\"945\",\"caption\":\"Teelicht mehrfach Lindenholz roh - Schnitzstube Stadlhofer Shop\"},{\"@type\":\"BreadcrumbList\",\"@id\":\"https:\\\/\\\/www.franz-stadlhofer.at\\\/shop\\\/produkt\\\/teelicht-mehrfach\\\/#breadcrumb\",\"itemListElement\":[{\"@type\":\"ListItem\",\"position\":1,\"name\":\"Startseite\",\"item\":\"https:\\\/\\\/www.franz-stadlhofer.at\\\/shop\\\/\"},{\"@type\":\"ListItem\",\"position\":2,\"name\":\"Produkte\",\"item\":\"https:\\\/\\\/www.franz-stadlhofer.at\\\/shop\\\/shop\\\/\"},{\"@type\":\"ListItem\",\"position\":3,\"name\":\"Teelicht mehrfach\"}]},{\"@type\":\"WebSite\",\"@id\":\"https:\\\/\\\/www.franz-stadlhofer.at\\\/shop\\\/#website\",\"url\":\"https:\\\/\\\/www.franz-stadlhofer.at\\\/shop\\\/\",\"name\":\"Schnitzstube Stadlhofer Shop\",\"description\":\"Holzschnitzen Onlineshop\",\"publisher\":{\"@id\":\"https:\\\/\\\/www.franz-stadlhofer.at\\\/shop\\\/#organization\"},\"potentialAction\":[{\"@type\":\"SearchAction\",\"target\":{\"@type\":\"EntryPoint\",\"urlTemplate\":\"https:\\\/\\\/www.franz-stadlhofer.at\\\/shop\\\/?s={search_term_string}\"},\"query-input\":{\"@type\":\"PropertyValueSpecification\",\"valueRequired\":true,\"valueName\":\"search_term_string\"}}],\"inLanguage\":\"de\"},{\"@type\":\"Organization\",\"@id\":\"https:\\\/\\\/www.franz-stadlhofer.at\\\/shop\\\/#organization\",\"name\":\"Schnitzstube Stadlhofer Shop\",\"url\":\"https:\\\/\\\/www.franz-stadlhofer.at\\\/shop\\\/\",\"logo\":{\"@type\":\"ImageObject\",\"inLanguage\":\"de\",\"@id\":\"https:\\\/\\\/www.franz-stadlhofer.at\\\/shop\\\/#\\\/schema\\\/logo\\\/image\\\/\",\"url\":\"https:\\\/\\\/www.franz-stadlhofer.at\\\/shop\\\/wp-content\\\/uploads\\\/2019\\\/10\\\/LOGO-2-RETINA.png\",\"contentUrl\":\"https:\\\/\\\/www.franz-stadlhofer.at\\\/shop\\\/wp-content\\\/uploads\\\/2019\\\/10\\\/LOGO-2-RETINA.png\",\"width\":471,\"height\":160,\"caption\":\"Schnitzstube Stadlhofer Shop\"},\"image\":{\"@id\":\"https:\\\/\\\/www.franz-stadlhofer.at\\\/shop\\\/#\\\/schema\\\/logo\\\/image\\\/\"}}]}<\/script>\n<!-- \/ Yoast SEO plugin. -->","yoast_head_json":{"title":"Teelicht mehrfach","description":"Die beiden Fl\u00e4chen dieser einfachen Teelichthalter eignet sich ganz hervorragend f\u00fcr alle m\u00f6glichen Arten der Verzierungen. Gerade bei Schnitzanf\u00e4ngern sind diese sehr beliebt, da die l\u00e4ngliche Form das \u00dcben von (mehr oder weniger) einfachen Bandmustern sehr unterst\u00fctzt und gleichzeitig ein praktischer Nutzen des Gegenstandes gegeben ist.","robots":{"index":"index","follow":"follow","max-snippet":"max-snippet:-1","max-image-preview":"max-image-preview:large","max-video-preview":"max-video-preview:-1"},"canonical":"https:\/\/www.franz-stadlhofer.at\/shop\/produkt\/teelicht-mehrfach\/","og_locale":"de_DE","og_type":"article","og_title":"Teelicht mehrfach","og_description":"Die beiden Fl\u00e4chen dieser einfachen Teelichthalter eignet sich ganz hervorragend f\u00fcr alle m\u00f6glichen Arten der Verzierungen. Gerade bei Schnitzanf\u00e4ngern sind diese sehr beliebt, da die l\u00e4ngliche Form das \u00dcben von (mehr oder weniger) einfachen Bandmustern sehr unterst\u00fctzt und gleichzeitig ein praktischer Nutzen des Gegenstandes gegeben ist.","og_url":"https:\/\/www.franz-stadlhofer.at\/shop\/produkt\/teelicht-mehrfach\/","og_site_name":"Schnitzstube Stadlhofer Shop","article_modified_time":"2024-10-07T16:26:04+00:00","og_image":[{"width":945,"height":945,"url":"https:\/\/www.franz-stadlhofer.at\/shop\/wp-content\/uploads\/2014\/11\/products-Kerzenblock_3_und_4.jpg","type":"image\/jpeg"}],"twitter_card":"summary_large_image","twitter_misc":{"Gesch\u00e4tzte Lesezeit":"1\u00a0Minute"},"schema":{"@context":"https:\/\/schema.org","@graph":[{"@type":"WebPage","@id":"https:\/\/www.franz-stadlhofer.at\/shop\/produkt\/teelicht-mehrfach\/","url":"https:\/\/www.franz-stadlhofer.at\/shop\/produkt\/teelicht-mehrfach\/","name":"Teelicht mehrfach","isPartOf":{"@id":"https:\/\/www.franz-stadlhofer.at\/shop\/#website"},"primaryImageOfPage":{"@id":"https:\/\/www.franz-stadlhofer.at\/shop\/produkt\/teelicht-mehrfach\/#primaryimage"},"image":{"@id":"https:\/\/www.franz-stadlhofer.at\/shop\/produkt\/teelicht-mehrfach\/#primaryimage"},"thumbnailUrl":"https:\/\/www.franz-stadlhofer.at\/shop\/wp-content\/uploads\/2014\/11\/products-Kerzenblock_3_und_4.jpg","datePublished":"2024-04-24T16:36:32+00:00","dateModified":"2024-10-07T16:26:04+00:00","description":"Die beiden Fl\u00e4chen dieser einfachen Teelichthalter eignet sich ganz hervorragend f\u00fcr alle m\u00f6glichen Arten der Verzierungen. Gerade bei Schnitzanf\u00e4ngern sind diese sehr beliebt, da die l\u00e4ngliche Form das \u00dcben von (mehr oder weniger) einfachen Bandmustern sehr unterst\u00fctzt und gleichzeitig ein praktischer Nutzen des Gegenstandes gegeben ist.","breadcrumb":{"@id":"https:\/\/www.franz-stadlhofer.at\/shop\/produkt\/teelicht-mehrfach\/#breadcrumb"},"inLanguage":"de","potentialAction":[{"@type":"ReadAction","target":["https:\/\/www.franz-stadlhofer.at\/shop\/produkt\/teelicht-mehrfach\/"]}]},{"@type":"ImageObject","inLanguage":"de","@id":"https:\/\/www.franz-stadlhofer.at\/shop\/produkt\/teelicht-mehrfach\/#primaryimage","url":"https:\/\/www.franz-stadlhofer.at\/shop\/wp-content\/uploads\/2014\/11\/products-Kerzenblock_3_und_4.jpg","contentUrl":"https:\/\/www.franz-stadlhofer.at\/shop\/wp-content\/uploads\/2014\/11\/products-Kerzenblock_3_und_4.jpg","width":"945","height":"945","caption":"Teelicht mehrfach Lindenholz roh - Schnitzstube Stadlhofer Shop"},{"@type":"BreadcrumbList","@id":"https:\/\/www.franz-stadlhofer.at\/shop\/produkt\/teelicht-mehrfach\/#breadcrumb","itemListElement":[{"@type":"ListItem","position":1,"name":"Startseite","item":"https:\/\/www.franz-stadlhofer.at\/shop\/"},{"@type":"ListItem","position":2,"name":"Produkte","item":"https:\/\/www.franz-stadlhofer.at\/shop\/shop\/"},{"@type":"ListItem","position":3,"name":"Teelicht mehrfach"}]},{"@type":"WebSite","@id":"https:\/\/www.franz-stadlhofer.at\/shop\/#website","url":"https:\/\/www.franz-stadlhofer.at\/shop\/","name":"Schnitzstube Stadlhofer Shop","description":"Holzschnitzen Onlineshop","publisher":{"@id":"https:\/\/www.franz-stadlhofer.at\/shop\/#organization"},"potentialAction":[{"@type":"SearchAction","target":{"@type":"EntryPoint","urlTemplate":"https:\/\/www.franz-stadlhofer.at\/shop\/?s={search_term_string}"},"query-input":{"@type":"PropertyValueSpecification","valueRequired":true,"valueName":"search_term_string"}}],"inLanguage":"de"},{"@type":"Organization","@id":"https:\/\/www.franz-stadlhofer.at\/shop\/#organization","name":"Schnitzstube Stadlhofer Shop","url":"https:\/\/www.franz-stadlhofer.at\/shop\/","logo":{"@type":"ImageObject","inLanguage":"de","@id":"https:\/\/www.franz-stadlhofer.at\/shop\/#\/schema\/logo\/image\/","url":"https:\/\/www.franz-stadlhofer.at\/shop\/wp-content\/uploads\/2019\/10\/LOGO-2-RETINA.png","contentUrl":"https:\/\/www.franz-stadlhofer.at\/shop\/wp-content\/uploads\/2019\/10\/LOGO-2-RETINA.png","width":471,"height":160,"caption":"Schnitzstube Stadlhofer Shop"},"image":{"@id":"https:\/\/www.franz-stadlhofer.at\/shop\/#\/schema\/logo\/image\/"}}]}},"_links":{"self":[{"href":"https:\/\/www.franz-stadlhofer.at\/shop\/wp-json\/wp\/v2\/product\/22322","targetHints":{"allow":["GET"]}}],"collection":[{"href":"https:\/\/www.franz-stadlhofer.at\/shop\/wp-json\/wp\/v2\/product"}],"about":[{"href":"https:\/\/www.franz-stadlhofer.at\/shop\/wp-json\/wp\/v2\/types\/product"}],"wp:featuredmedia":[{"embeddable":true,"href":"https:\/\/www.franz-stadlhofer.at\/shop\/wp-json\/wp\/v2\/media\/22325"}],"wp:attachment":[{"href":"https:\/\/www.franz-stadlhofer.at\/shop\/wp-json\/wp\/v2\/media?parent=22322"}],"wp:term":[{"taxonomy":"product_brand","embeddable":true,"href":"https:\/\/www.franz-stadlhofer.at\/shop\/wp-json\/wp\/v2\/product_brand?post=22322"},{"taxonomy":"product_cat","embeddable":true,"href":"https:\/\/www.franz-stadlhofer.at\/shop\/wp-json\/wp\/v2\/product_cat?post=22322"},{"taxonomy":"product_tag","embeddable":true,"href":"https:\/\/www.franz-stadlhofer.at\/shop\/wp-json\/wp\/v2\/product_tag?post=22322"}],"curies":[{"name":"wp","href":"https:\/\/api.w.org\/{rel}","templated":true}]}}