{"id":22289,"date":"2024-04-24T18:36:24","date_gmt":"2024-04-24T16:36:24","guid":{"rendered":"https:\/\/www.franz-stadlhofer.at\/shop\/?post_type=product&#038;p=22289"},"modified":"2024-04-24T23:33:57","modified_gmt":"2024-04-24T21:33:57","slug":"schluesselkasten-mit-2-tueren","status":"publish","type":"product","link":"https:\/\/www.franz-stadlhofer.at\/shop\/produkt\/schluesselkasten-mit-2-tueren\/","title":{"rendered":"Schl\u00fcsselkasten mit 2 T\u00fcren"},"content":{"rendered":"<p>Dieses n\u00fctzliche K\u00e4stchen bietet bis zu 12 Schl\u00fcsseln einen geordneten Platz.<br \/>\nDie beiden T\u00fcren sowie der Kranz k\u00f6nnen z.B. durch verschiedene Schnitzmotive versch\u00f6nt werden. Der Kasten wird zerlegt geliefert und misst nach Fertigstellung 40 x 29 x 8 cm<\/p>\n","protected":false},"excerpt":{"rendered":"<p>Dieses n\u00fctzliche K\u00e4stchen bietet bis zu 12 Schl\u00fcsseln einen geordneten Platz. Die beiden T\u00fcren sowie der Kranz k\u00f6nnen z.B. durch verschiedene Schnitzmotive versch\u00f6nt werden. Der Kasten wird zerlegt geliefert und misst nach Fertigstellung 40 x  [&#8230;]<\/p>\n","protected":false},"featured_media":22290,"template":"","meta":[],"product_brand":[803],"product_cat":[778,759],"product_tag":[1450,1516,1518,1536,1564],"class_list":{"0":"post-22289","1":"product","2":"type-product","3":"status-publish","4":"has-post-thumbnail","6":"product_brand-schnitzstube-franz-stadlhofer","7":"product_cat-einrichtung","8":"product_cat-rohes-lindenholz","9":"product_tag-schnitzholz","10":"product_tag-rohes-lindenholz","11":"product_tag-beschnitzbar","12":"product_tag-rechteckig","13":"product_tag-schluesselkasten-mit-2-tueren","15":"first","16":"instock","17":"taxable","18":"shipping-taxable","19":"purchasable","20":"product-type-simple"},"barcode":null,"atum_controlled":true,"out_stock_date":null,"out_stock_threshold":null,"inheritable":false,"stock_on_hold":0,"sold_today":0,"sales_last_days":0,"reserved_stock":0,"customer_returns":0,"warehouse_damage":0,"lost_in_post":0,"other_logs":0,"out_stock_days":0,"lost_sales":0,"update_date":"2026-04-04T00:03:06","atum_locations":[],"atum_stock_status":"instock","restock_status":false,"low_stock_amount":"","sales_update_date":"2026-04-04T00:03:06","calc_backorders":null,"yoast_head":"<!-- This site is optimized with the Yoast SEO plugin v27.3 - https:\/\/yoast.com\/product\/yoast-seo-wordpress\/ -->\n<title>Schl\u00fcsselkasten mit 2 T\u00fcren<\/title>\n<meta name=\"description\" content=\"Dieses n\u00fctzliche K\u00e4stchen bietet bis zu 12 Schl\u00fcsseln einen geordneten Platz. Die beiden T\u00fcren sowie der Kranz k\u00f6nnen z.B. durch verschiedene Schnitzmotive versch\u00f6nt werden. Der Kasten wird zerlegt geliefert und misst nach Fertigstellung 40 x 29 x 8 cm\" \/>\n<meta name=\"robots\" content=\"index, follow, max-snippet:-1, max-image-preview:large, max-video-preview:-1\" \/>\n<link rel=\"canonical\" href=\"https:\/\/www.franz-stadlhofer.at\/shop\/produkt\/schluesselkasten-mit-2-tueren\/\" \/>\n<meta property=\"og:locale\" content=\"de_DE\" \/>\n<meta property=\"og:type\" content=\"article\" \/>\n<meta property=\"og:title\" content=\"Schl\u00fcsselkasten mit 2 T\u00fcren\" \/>\n<meta property=\"og:description\" content=\"Dieses n\u00fctzliche K\u00e4stchen bietet bis zu 12 Schl\u00fcsseln einen geordneten Platz. Die beiden T\u00fcren sowie der Kranz k\u00f6nnen z.B. durch verschiedene Schnitzmotive versch\u00f6nt werden. Der Kasten wird zerlegt geliefert und misst nach Fertigstellung 40 x 29 x 8 cm\" \/>\n<meta property=\"og:url\" content=\"https:\/\/www.franz-stadlhofer.at\/shop\/produkt\/schluesselkasten-mit-2-tueren\/\" \/>\n<meta property=\"og:site_name\" content=\"Schnitzstube Stadlhofer Shop\" \/>\n<meta property=\"article:modified_time\" content=\"2024-04-24T21:33:57+00:00\" \/>\n<meta property=\"og:image\" content=\"https:\/\/www.franz-stadlhofer.at\/shop\/wp-content\/uploads\/2014\/11\/products-Schlusselkasterl_vorne.jpg\" \/>\n\t<meta property=\"og:image:width\" content=\"945\" \/>\n\t<meta property=\"og:image:height\" content=\"945\" \/>\n\t<meta property=\"og:image:type\" content=\"image\/jpeg\" \/>\n<meta name=\"twitter:card\" content=\"summary_large_image\" \/>\n<script type=\"application\/ld+json\" class=\"yoast-schema-graph\">{\"@context\":\"https:\\\/\\\/schema.org\",\"@graph\":[{\"@type\":\"WebPage\",\"@id\":\"https:\\\/\\\/www.franz-stadlhofer.at\\\/shop\\\/produkt\\\/schluesselkasten-mit-2-tueren\\\/\",\"url\":\"https:\\\/\\\/www.franz-stadlhofer.at\\\/shop\\\/produkt\\\/schluesselkasten-mit-2-tueren\\\/\",\"name\":\"Schl\u00fcsselkasten mit 2 T\u00fcren\",\"isPartOf\":{\"@id\":\"https:\\\/\\\/www.franz-stadlhofer.at\\\/shop\\\/#website\"},\"primaryImageOfPage\":{\"@id\":\"https:\\\/\\\/www.franz-stadlhofer.at\\\/shop\\\/produkt\\\/schluesselkasten-mit-2-tueren\\\/#primaryimage\"},\"image\":{\"@id\":\"https:\\\/\\\/www.franz-stadlhofer.at\\\/shop\\\/produkt\\\/schluesselkasten-mit-2-tueren\\\/#primaryimage\"},\"thumbnailUrl\":\"https:\\\/\\\/www.franz-stadlhofer.at\\\/shop\\\/wp-content\\\/uploads\\\/2014\\\/11\\\/products-Schlusselkasterl_vorne.jpg\",\"datePublished\":\"2024-04-24T16:36:24+00:00\",\"dateModified\":\"2024-04-24T21:33:57+00:00\",\"description\":\"Dieses n\u00fctzliche K\u00e4stchen bietet bis zu 12 Schl\u00fcsseln einen geordneten Platz. Die beiden T\u00fcren sowie der Kranz k\u00f6nnen z.B. durch verschiedene Schnitzmotive versch\u00f6nt werden. Der Kasten wird zerlegt geliefert und misst nach Fertigstellung 40 x 29 x 8 cm\",\"breadcrumb\":{\"@id\":\"https:\\\/\\\/www.franz-stadlhofer.at\\\/shop\\\/produkt\\\/schluesselkasten-mit-2-tueren\\\/#breadcrumb\"},\"inLanguage\":\"de\",\"potentialAction\":[{\"@type\":\"ReadAction\",\"target\":[\"https:\\\/\\\/www.franz-stadlhofer.at\\\/shop\\\/produkt\\\/schluesselkasten-mit-2-tueren\\\/\"]}]},{\"@type\":\"ImageObject\",\"inLanguage\":\"de\",\"@id\":\"https:\\\/\\\/www.franz-stadlhofer.at\\\/shop\\\/produkt\\\/schluesselkasten-mit-2-tueren\\\/#primaryimage\",\"url\":\"https:\\\/\\\/www.franz-stadlhofer.at\\\/shop\\\/wp-content\\\/uploads\\\/2014\\\/11\\\/products-Schlusselkasterl_vorne.jpg\",\"contentUrl\":\"https:\\\/\\\/www.franz-stadlhofer.at\\\/shop\\\/wp-content\\\/uploads\\\/2014\\\/11\\\/products-Schlusselkasterl_vorne.jpg\",\"width\":\"945\",\"height\":\"945\",\"caption\":\"Schl\u00fcsselkasten mit 2 T\u00fcren Lindenholz roh - Schnitzstube Stadlhofer Shop\"},{\"@type\":\"BreadcrumbList\",\"@id\":\"https:\\\/\\\/www.franz-stadlhofer.at\\\/shop\\\/produkt\\\/schluesselkasten-mit-2-tueren\\\/#breadcrumb\",\"itemListElement\":[{\"@type\":\"ListItem\",\"position\":1,\"name\":\"Startseite\",\"item\":\"https:\\\/\\\/www.franz-stadlhofer.at\\\/shop\\\/\"},{\"@type\":\"ListItem\",\"position\":2,\"name\":\"Produkte\",\"item\":\"https:\\\/\\\/www.franz-stadlhofer.at\\\/shop\\\/shop\\\/\"},{\"@type\":\"ListItem\",\"position\":3,\"name\":\"Schl\u00fcsselkasten mit 2 T\u00fcren\"}]},{\"@type\":\"WebSite\",\"@id\":\"https:\\\/\\\/www.franz-stadlhofer.at\\\/shop\\\/#website\",\"url\":\"https:\\\/\\\/www.franz-stadlhofer.at\\\/shop\\\/\",\"name\":\"Schnitzstube Stadlhofer Shop\",\"description\":\"Holzschnitzen Onlineshop\",\"publisher\":{\"@id\":\"https:\\\/\\\/www.franz-stadlhofer.at\\\/shop\\\/#organization\"},\"potentialAction\":[{\"@type\":\"SearchAction\",\"target\":{\"@type\":\"EntryPoint\",\"urlTemplate\":\"https:\\\/\\\/www.franz-stadlhofer.at\\\/shop\\\/?s={search_term_string}\"},\"query-input\":{\"@type\":\"PropertyValueSpecification\",\"valueRequired\":true,\"valueName\":\"search_term_string\"}}],\"inLanguage\":\"de\"},{\"@type\":\"Organization\",\"@id\":\"https:\\\/\\\/www.franz-stadlhofer.at\\\/shop\\\/#organization\",\"name\":\"Schnitzstube Stadlhofer Shop\",\"url\":\"https:\\\/\\\/www.franz-stadlhofer.at\\\/shop\\\/\",\"logo\":{\"@type\":\"ImageObject\",\"inLanguage\":\"de\",\"@id\":\"https:\\\/\\\/www.franz-stadlhofer.at\\\/shop\\\/#\\\/schema\\\/logo\\\/image\\\/\",\"url\":\"https:\\\/\\\/www.franz-stadlhofer.at\\\/shop\\\/wp-content\\\/uploads\\\/2019\\\/10\\\/LOGO-2-RETINA.png\",\"contentUrl\":\"https:\\\/\\\/www.franz-stadlhofer.at\\\/shop\\\/wp-content\\\/uploads\\\/2019\\\/10\\\/LOGO-2-RETINA.png\",\"width\":471,\"height\":160,\"caption\":\"Schnitzstube Stadlhofer Shop\"},\"image\":{\"@id\":\"https:\\\/\\\/www.franz-stadlhofer.at\\\/shop\\\/#\\\/schema\\\/logo\\\/image\\\/\"}}]}<\/script>\n<!-- \/ Yoast SEO plugin. -->","yoast_head_json":{"title":"Schl\u00fcsselkasten mit 2 T\u00fcren","description":"Dieses n\u00fctzliche K\u00e4stchen bietet bis zu 12 Schl\u00fcsseln einen geordneten Platz. Die beiden T\u00fcren sowie der Kranz k\u00f6nnen z.B. durch verschiedene Schnitzmotive versch\u00f6nt werden. Der Kasten wird zerlegt geliefert und misst nach Fertigstellung 40 x 29 x 8 cm","robots":{"index":"index","follow":"follow","max-snippet":"max-snippet:-1","max-image-preview":"max-image-preview:large","max-video-preview":"max-video-preview:-1"},"canonical":"https:\/\/www.franz-stadlhofer.at\/shop\/produkt\/schluesselkasten-mit-2-tueren\/","og_locale":"de_DE","og_type":"article","og_title":"Schl\u00fcsselkasten mit 2 T\u00fcren","og_description":"Dieses n\u00fctzliche K\u00e4stchen bietet bis zu 12 Schl\u00fcsseln einen geordneten Platz. Die beiden T\u00fcren sowie der Kranz k\u00f6nnen z.B. durch verschiedene Schnitzmotive versch\u00f6nt werden. Der Kasten wird zerlegt geliefert und misst nach Fertigstellung 40 x 29 x 8 cm","og_url":"https:\/\/www.franz-stadlhofer.at\/shop\/produkt\/schluesselkasten-mit-2-tueren\/","og_site_name":"Schnitzstube Stadlhofer Shop","article_modified_time":"2024-04-24T21:33:57+00:00","og_image":[{"width":945,"height":945,"url":"https:\/\/www.franz-stadlhofer.at\/shop\/wp-content\/uploads\/2014\/11\/products-Schlusselkasterl_vorne.jpg","type":"image\/jpeg"}],"twitter_card":"summary_large_image","schema":{"@context":"https:\/\/schema.org","@graph":[{"@type":"WebPage","@id":"https:\/\/www.franz-stadlhofer.at\/shop\/produkt\/schluesselkasten-mit-2-tueren\/","url":"https:\/\/www.franz-stadlhofer.at\/shop\/produkt\/schluesselkasten-mit-2-tueren\/","name":"Schl\u00fcsselkasten mit 2 T\u00fcren","isPartOf":{"@id":"https:\/\/www.franz-stadlhofer.at\/shop\/#website"},"primaryImageOfPage":{"@id":"https:\/\/www.franz-stadlhofer.at\/shop\/produkt\/schluesselkasten-mit-2-tueren\/#primaryimage"},"image":{"@id":"https:\/\/www.franz-stadlhofer.at\/shop\/produkt\/schluesselkasten-mit-2-tueren\/#primaryimage"},"thumbnailUrl":"https:\/\/www.franz-stadlhofer.at\/shop\/wp-content\/uploads\/2014\/11\/products-Schlusselkasterl_vorne.jpg","datePublished":"2024-04-24T16:36:24+00:00","dateModified":"2024-04-24T21:33:57+00:00","description":"Dieses n\u00fctzliche K\u00e4stchen bietet bis zu 12 Schl\u00fcsseln einen geordneten Platz. Die beiden T\u00fcren sowie der Kranz k\u00f6nnen z.B. durch verschiedene Schnitzmotive versch\u00f6nt werden. Der Kasten wird zerlegt geliefert und misst nach Fertigstellung 40 x 29 x 8 cm","breadcrumb":{"@id":"https:\/\/www.franz-stadlhofer.at\/shop\/produkt\/schluesselkasten-mit-2-tueren\/#breadcrumb"},"inLanguage":"de","potentialAction":[{"@type":"ReadAction","target":["https:\/\/www.franz-stadlhofer.at\/shop\/produkt\/schluesselkasten-mit-2-tueren\/"]}]},{"@type":"ImageObject","inLanguage":"de","@id":"https:\/\/www.franz-stadlhofer.at\/shop\/produkt\/schluesselkasten-mit-2-tueren\/#primaryimage","url":"https:\/\/www.franz-stadlhofer.at\/shop\/wp-content\/uploads\/2014\/11\/products-Schlusselkasterl_vorne.jpg","contentUrl":"https:\/\/www.franz-stadlhofer.at\/shop\/wp-content\/uploads\/2014\/11\/products-Schlusselkasterl_vorne.jpg","width":"945","height":"945","caption":"Schl\u00fcsselkasten mit 2 T\u00fcren Lindenholz roh - Schnitzstube Stadlhofer Shop"},{"@type":"BreadcrumbList","@id":"https:\/\/www.franz-stadlhofer.at\/shop\/produkt\/schluesselkasten-mit-2-tueren\/#breadcrumb","itemListElement":[{"@type":"ListItem","position":1,"name":"Startseite","item":"https:\/\/www.franz-stadlhofer.at\/shop\/"},{"@type":"ListItem","position":2,"name":"Produkte","item":"https:\/\/www.franz-stadlhofer.at\/shop\/shop\/"},{"@type":"ListItem","position":3,"name":"Schl\u00fcsselkasten mit 2 T\u00fcren"}]},{"@type":"WebSite","@id":"https:\/\/www.franz-stadlhofer.at\/shop\/#website","url":"https:\/\/www.franz-stadlhofer.at\/shop\/","name":"Schnitzstube Stadlhofer Shop","description":"Holzschnitzen Onlineshop","publisher":{"@id":"https:\/\/www.franz-stadlhofer.at\/shop\/#organization"},"potentialAction":[{"@type":"SearchAction","target":{"@type":"EntryPoint","urlTemplate":"https:\/\/www.franz-stadlhofer.at\/shop\/?s={search_term_string}"},"query-input":{"@type":"PropertyValueSpecification","valueRequired":true,"valueName":"search_term_string"}}],"inLanguage":"de"},{"@type":"Organization","@id":"https:\/\/www.franz-stadlhofer.at\/shop\/#organization","name":"Schnitzstube Stadlhofer Shop","url":"https:\/\/www.franz-stadlhofer.at\/shop\/","logo":{"@type":"ImageObject","inLanguage":"de","@id":"https:\/\/www.franz-stadlhofer.at\/shop\/#\/schema\/logo\/image\/","url":"https:\/\/www.franz-stadlhofer.at\/shop\/wp-content\/uploads\/2019\/10\/LOGO-2-RETINA.png","contentUrl":"https:\/\/www.franz-stadlhofer.at\/shop\/wp-content\/uploads\/2019\/10\/LOGO-2-RETINA.png","width":471,"height":160,"caption":"Schnitzstube Stadlhofer Shop"},"image":{"@id":"https:\/\/www.franz-stadlhofer.at\/shop\/#\/schema\/logo\/image\/"}}]}},"_links":{"self":[{"href":"https:\/\/www.franz-stadlhofer.at\/shop\/wp-json\/wp\/v2\/product\/22289","targetHints":{"allow":["GET"]}}],"collection":[{"href":"https:\/\/www.franz-stadlhofer.at\/shop\/wp-json\/wp\/v2\/product"}],"about":[{"href":"https:\/\/www.franz-stadlhofer.at\/shop\/wp-json\/wp\/v2\/types\/product"}],"wp:featuredmedia":[{"embeddable":true,"href":"https:\/\/www.franz-stadlhofer.at\/shop\/wp-json\/wp\/v2\/media\/22290"}],"wp:attachment":[{"href":"https:\/\/www.franz-stadlhofer.at\/shop\/wp-json\/wp\/v2\/media?parent=22289"}],"wp:term":[{"taxonomy":"product_brand","embeddable":true,"href":"https:\/\/www.franz-stadlhofer.at\/shop\/wp-json\/wp\/v2\/product_brand?post=22289"},{"taxonomy":"product_cat","embeddable":true,"href":"https:\/\/www.franz-stadlhofer.at\/shop\/wp-json\/wp\/v2\/product_cat?post=22289"},{"taxonomy":"product_tag","embeddable":true,"href":"https:\/\/www.franz-stadlhofer.at\/shop\/wp-json\/wp\/v2\/product_tag?post=22289"}],"curies":[{"name":"wp","href":"https:\/\/api.w.org\/{rel}","templated":true}]}}